{"id":123174,"date":"2022-11-17T11:28:35","date_gmt":"2022-11-17T11:28:35","guid":{"rendered":"https:\/\/genclercanta.com\/urunler\/%d8%ad%d9%82%d9%8a%d8%a8%d8%a9-%d8%b1%d9%8a%d8%a7%d8%b6%d9%8a%d8%a9-%d9%88%d8%b3%d9%81%d8%b1-gncs-1174\/"},"modified":"2022-11-17T11:28:35","modified_gmt":"2022-11-17T11:28:35","slug":"%d8%ad%d9%82%d9%8a%d8%a8%d8%a9-%d8%b1%d9%8a%d8%a7%d8%b6%d9%8a%d8%a9-%d9%88%d8%b3%d9%81%d8%b1-gncs-1174","status":"publish","type":"product","link":"https:\/\/genclercanta.com\/ar\/urunler\/%d8%ad%d9%82%d9%8a%d8%a8%d8%a9-%d8%b1%d9%8a%d8%a7%d8%b6%d9%8a%d8%a9-%d9%88%d8%b3%d9%81%d8%b1-gncs-1174\/","title":{"rendered":"\u062d\u0642\u064a\u0628\u0629 \u0631\u064a\u0627\u0636\u064a\u0629 \u0648\u0633\u0641\u0631 GNCS 1174"},"content":{"rendered":"<p>\u0627\u0644\u0631\u0645\u0632: GNCS 1174<br \/>\n\u0627\u0644\u0627\u0633\u0645: \u062d\u0642\u064a\u0628\u0629 \u0631\u064a\u0627\u0636\u064a\u0629 \u0648\u0633\u0641\u0631<br \/>\n\u0627\u0644\u062e\u0627\u0645\u0629: \u0642\u0645\u0627\u0634 \u0628\u0648\u0644\u064a\u0633\u062a\u0631<br \/>\n\u0627\u0644\u0623\u0628\u0639\u0627\u062f: 45*30*25 \u0633\u0645<br \/>\n\u0623\u0628\u0639\u0627\u062f \u0627\u0644\u0639\u0644\u0628\u0629: 55 \u00d7 40 \u00d7 40 \u0633\u0645<br \/>\n\u0639\u062f\u062f \u0627\u0644\u0642\u0637\u0639 \u0641\u064a \u0627\u0644\u0639\u0628\u0648\u0629: &#8211;<br \/>\n\u0627\u0644\u0648\u0632\u0646:<\/p>\n","protected":false},"excerpt":{"rendered":"<p>\u062d\u0642\u064a\u0628\u0629 \u0631\u064a\u0627\u0636\u064a\u0629 \u0648\u0633\u0641\u0631 GNCS 1174<\/p>\n","protected":false},"featured_media":106396,"comment_status":"open","ping_status":"closed","template":"","meta":[],"product_brand":[],"product_cat":[722],"product_tag":[925,926,927,928,775,924,787,781,769],"class_list":{"0":"post-123174","1":"product","2":"type-product","3":"status-publish","4":"has-post-thumbnail","6":"product_cat-722","7":"product_tag-925","8":"product_tag-926","9":"product_tag-927","10":"product_tag-928","11":"product_tag-775","12":"product_tag-924","13":"product_tag-787","14":"product_tag-781","15":"product_tag-769","17":"first","18":"instock","19":"shipping-taxable","20":"product-type-simple"},"yoast_head":"<!-- This site is optimized with the Yoast SEO plugin v26.3 - https:\/\/yoast.com\/wordpress\/plugins\/seo\/ -->\n<title>\u062d\u0642\u064a\u0628\u0629 \u0631\u064a\u0627\u0636\u064a\u0629 \u0648\u0633\u0641\u0631 GNCS 1174 - Promosyon \u00c7anta imalat\u0131, \u00dcretimi, \u00c7anta imalat\u00e7\u0131s\u0131 \u00dcreticisi istanbul<\/title>\n<meta name=\"description\" content=\"\u062d\u0642\u064a\u0628\u0629 \u0631\u064a\u0627\u0636\u064a\u0629 \u0648\u0633\u0641\u0631 GNCS 1174\" \/>\n<meta name=\"robots\" content=\"index, follow, max-snippet:-1, max-image-preview:large, max-video-preview:-1\" \/>\n<link rel=\"canonical\" href=\"https:\/\/genclercanta.com\/ar\/urunler\/%d8%ad%d9%82%d9%8a%d8%a8%d8%a9-%d8%b1%d9%8a%d8%a7%d8%b6%d9%8a%d8%a9-%d9%88%d8%b3%d9%81%d8%b1-gncs-1174\/\" \/>\n<meta property=\"og:locale\" content=\"ar_AR\" \/>\n<meta property=\"og:type\" content=\"article\" \/>\n<meta property=\"og:title\" content=\"\u062d\u0642\u064a\u0628\u0629 \u0631\u064a\u0627\u0636\u064a\u0629 \u0648\u0633\u0641\u0631 GNCS 1174 - Promosyon \u00c7anta imalat\u0131, \u00dcretimi, \u00c7anta imalat\u00e7\u0131s\u0131 \u00dcreticisi istanbul\" \/>\n<meta property=\"og:description\" content=\"\u062d\u0642\u064a\u0628\u0629 \u0631\u064a\u0627\u0636\u064a\u0629 \u0648\u0633\u0641\u0631 GNCS 1174\" \/>\n<meta property=\"og:url\" content=\"https:\/\/genclercanta.com\/ar\/urunler\/%d8%ad%d9%82%d9%8a%d8%a8%d8%a9-%d8%b1%d9%8a%d8%a7%d8%b6%d9%8a%d8%a9-%d9%88%d8%b3%d9%81%d8%b1-gncs-1174\/\" \/>\n<meta property=\"og:site_name\" content=\"Promosyon \u00c7anta imalat\u0131, \u00dcretimi, \u00c7anta imalat\u00e7\u0131s\u0131 \u00dcreticisi istanbul\" \/>\n<meta property=\"article:publisher\" content=\"https:\/\/www.facebook.com\/GenclerCantacom\/\" \/>\n<meta property=\"og:image\" content=\"https:\/\/genclercanta.com\/wp-content\/uploads\/2022\/11\/new.jpg\" \/>\n\t<meta property=\"og:image:width\" content=\"600\" \/>\n\t<meta property=\"og:image:height\" content=\"500\" \/>\n\t<meta property=\"og:image:type\" content=\"image\/jpeg\" \/>\n<script type=\"application\/ld+json\" class=\"yoast-schema-graph\">{\"@context\":\"https:\/\/schema.org\",\"@graph\":[{\"@type\":\"WebPage\",\"@id\":\"https:\/\/genclercanta.com\/ar\/urunler\/%d8%ad%d9%82%d9%8a%d8%a8%d8%a9-%d8%b1%d9%8a%d8%a7%d8%b6%d9%8a%d8%a9-%d9%88%d8%b3%d9%81%d8%b1-gncs-1174\/\",\"url\":\"https:\/\/genclercanta.com\/ar\/urunler\/%d8%ad%d9%82%d9%8a%d8%a8%d8%a9-%d8%b1%d9%8a%d8%a7%d8%b6%d9%8a%d8%a9-%d9%88%d8%b3%d9%81%d8%b1-gncs-1174\/\",\"name\":\"\u062d\u0642\u064a\u0628\u0629 \u0631\u064a\u0627\u0636\u064a\u0629 \u0648\u0633\u0641\u0631 GNCS 1174 - Promosyon \u00c7anta imalat\u0131, \u00dcretimi, \u00c7anta imalat\u00e7\u0131s\u0131 \u00dcreticisi istanbul\",\"isPartOf\":{\"@id\":\"https:\/\/genclercanta.com\/ar\/#website\"},\"primaryImageOfPage\":{\"@id\":\"https:\/\/genclercanta.com\/ar\/urunler\/%d8%ad%d9%82%d9%8a%d8%a8%d8%a9-%d8%b1%d9%8a%d8%a7%d8%b6%d9%8a%d8%a9-%d9%88%d8%b3%d9%81%d8%b1-gncs-1174\/#primaryimage\"},\"image\":{\"@id\":\"https:\/\/genclercanta.com\/ar\/urunler\/%d8%ad%d9%82%d9%8a%d8%a8%d8%a9-%d8%b1%d9%8a%d8%a7%d8%b6%d9%8a%d8%a9-%d9%88%d8%b3%d9%81%d8%b1-gncs-1174\/#primaryimage\"},\"thumbnailUrl\":\"https:\/\/genclercanta.com\/wp-content\/uploads\/2022\/11\/new.jpg\",\"datePublished\":\"2022-11-17T11:28:35+00:00\",\"description\":\"\u062d\u0642\u064a\u0628\u0629 \u0631\u064a\u0627\u0636\u064a\u0629 \u0648\u0633\u0641\u0631 GNCS 1174\",\"breadcrumb\":{\"@id\":\"https:\/\/genclercanta.com\/ar\/urunler\/%d8%ad%d9%82%d9%8a%d8%a8%d8%a9-%d8%b1%d9%8a%d8%a7%d8%b6%d9%8a%d8%a9-%d9%88%d8%b3%d9%81%d8%b1-gncs-1174\/#breadcrumb\"},\"inLanguage\":\"ar\",\"potentialAction\":[{\"@type\":\"ReadAction\",\"target\":[\"https:\/\/genclercanta.com\/ar\/urunler\/%d8%ad%d9%82%d9%8a%d8%a8%d8%a9-%d8%b1%d9%8a%d8%a7%d8%b6%d9%8a%d8%a9-%d9%88%d8%b3%d9%81%d8%b1-gncs-1174\/\"]}]},{\"@type\":\"ImageObject\",\"inLanguage\":\"ar\",\"@id\":\"https:\/\/genclercanta.com\/ar\/urunler\/%d8%ad%d9%82%d9%8a%d8%a8%d8%a9-%d8%b1%d9%8a%d8%a7%d8%b6%d9%8a%d8%a9-%d9%88%d8%b3%d9%81%d8%b1-gncs-1174\/#primaryimage\",\"url\":\"https:\/\/genclercanta.com\/wp-content\/uploads\/2022\/11\/new.jpg\",\"contentUrl\":\"https:\/\/genclercanta.com\/wp-content\/uploads\/2022\/11\/new.jpg\",\"width\":600,\"height\":500,\"caption\":\"TOPTAN SPOR SIRT SEYAHAT \u00c7ANTASI MODELLER\u0130 \u0130STANBUL\"},{\"@type\":\"BreadcrumbList\",\"@id\":\"https:\/\/genclercanta.com\/ar\/urunler\/%d8%ad%d9%82%d9%8a%d8%a8%d8%a9-%d8%b1%d9%8a%d8%a7%d8%b6%d9%8a%d8%a9-%d9%88%d8%b3%d9%81%d8%b1-gncs-1174\/#breadcrumb\",\"itemListElement\":[{\"@type\":\"ListItem\",\"position\":1,\"name\":\"Ana sayfa\",\"item\":\"https:\/\/genclercanta.com\/ar\/%d8%a7%d9%84%d8%b5%d9%81%d8%ad%d8%a9-%d8%a7%d9%84%d8%b1%d8%a6%d9%8a%d8%b3%d9%8a%d8%a9\/\"},{\"@type\":\"ListItem\",\"position\":2,\"name\":\"\u0627\u0644\u0645\u062a\u062c\u0631\",\"item\":\"https:\/\/genclercanta.com\/ar\/%d8%a7%d9%84%d9%85%d8%aa%d8%ac%d8%b1\/\"},{\"@type\":\"ListItem\",\"position\":3,\"name\":\"\u062d\u0642\u064a\u0628\u0629 \u0631\u064a\u0627\u0636\u064a\u0629 \u0648\u0633\u0641\u0631 GNCS 1174\"}]},{\"@type\":\"WebSite\",\"@id\":\"https:\/\/genclercanta.com\/ar\/#website\",\"url\":\"https:\/\/genclercanta.com\/ar\/\",\"name\":\"Promosyon \u00c7anta imalat\u0131, \u00dcretimi, \u00c7anta imalat\u00e7\u0131s\u0131 \u00dcreticisi istanbul\",\"description\":\"T\u00fcrkiyenin Toptan, Promosyon \u00c7anta \u0130malat\u00e7\u0131s\u0131\",\"publisher\":{\"@id\":\"https:\/\/genclercanta.com\/ar\/#organization\"},\"alternateName\":\"Gen\u00e7ler \u00c7anta\",\"potentialAction\":[{\"@type\":\"SearchAction\",\"target\":{\"@type\":\"EntryPoint\",\"urlTemplate\":\"https:\/\/genclercanta.com\/ar\/?s={search_term_string}\"},\"query-input\":{\"@type\":\"PropertyValueSpecification\",\"valueRequired\":true,\"valueName\":\"search_term_string\"}}],\"inLanguage\":\"ar\"},{\"@type\":\"Organization\",\"@id\":\"https:\/\/genclercanta.com\/ar\/#organization\",\"name\":\"Promosyon \u00c7anta imalat\u0131, \u00dcretimi, \u00c7anta imalat\u00e7\u0131s\u0131 \u00dcreticisi istanbul\",\"alternateName\":\"Gen\u00e7ler \u00c7anta\",\"url\":\"https:\/\/genclercanta.com\/ar\/\",\"logo\":{\"@type\":\"ImageObject\",\"inLanguage\":\"ar\",\"@id\":\"https:\/\/genclercanta.com\/ar\/#\/schema\/logo\/image\/\",\"url\":\"https:\/\/genclercanta.com\/wp-content\/uploads\/2020\/10\/gencler-canta-logo.jpg\",\"contentUrl\":\"https:\/\/genclercanta.com\/wp-content\/uploads\/2020\/10\/gencler-canta-logo.jpg\",\"width\":600,\"height\":133,\"caption\":\"Promosyon \u00c7anta imalat\u0131, \u00dcretimi, \u00c7anta imalat\u00e7\u0131s\u0131 \u00dcreticisi istanbul\"},\"image\":{\"@id\":\"https:\/\/genclercanta.com\/ar\/#\/schema\/logo\/image\/\"},\"sameAs\":[\"https:\/\/www.facebook.com\/GenclerCantacom\/\",\"https:\/\/www.instagram.com\/genclercanta\/\"]}]}<\/script>\n<!-- \/ Yoast SEO plugin. -->","yoast_head_json":{"title":"\u062d\u0642\u064a\u0628\u0629 \u0631\u064a\u0627\u0636\u064a\u0629 \u0648\u0633\u0641\u0631 GNCS 1174 - Promosyon \u00c7anta imalat\u0131, \u00dcretimi, \u00c7anta imalat\u00e7\u0131s\u0131 \u00dcreticisi istanbul","description":"\u062d\u0642\u064a\u0628\u0629 \u0631\u064a\u0627\u0636\u064a\u0629 \u0648\u0633\u0641\u0631 GNCS 1174","robots":{"index":"index","follow":"follow","max-snippet":"max-snippet:-1","max-image-preview":"max-image-preview:large","max-video-preview":"max-video-preview:-1"},"canonical":"https:\/\/genclercanta.com\/ar\/urunler\/%d8%ad%d9%82%d9%8a%d8%a8%d8%a9-%d8%b1%d9%8a%d8%a7%d8%b6%d9%8a%d8%a9-%d9%88%d8%b3%d9%81%d8%b1-gncs-1174\/","og_locale":"ar_AR","og_type":"article","og_title":"\u062d\u0642\u064a\u0628\u0629 \u0631\u064a\u0627\u0636\u064a\u0629 \u0648\u0633\u0641\u0631 GNCS 1174 - Promosyon \u00c7anta imalat\u0131, \u00dcretimi, \u00c7anta imalat\u00e7\u0131s\u0131 \u00dcreticisi istanbul","og_description":"\u062d\u0642\u064a\u0628\u0629 \u0631\u064a\u0627\u0636\u064a\u0629 \u0648\u0633\u0641\u0631 GNCS 1174","og_url":"https:\/\/genclercanta.com\/ar\/urunler\/%d8%ad%d9%82%d9%8a%d8%a8%d8%a9-%d8%b1%d9%8a%d8%a7%d8%b6%d9%8a%d8%a9-%d9%88%d8%b3%d9%81%d8%b1-gncs-1174\/","og_site_name":"Promosyon \u00c7anta imalat\u0131, \u00dcretimi, \u00c7anta imalat\u00e7\u0131s\u0131 \u00dcreticisi istanbul","article_publisher":"https:\/\/www.facebook.com\/GenclerCantacom\/","og_image":[{"width":600,"height":500,"url":"https:\/\/genclercanta.com\/wp-content\/uploads\/2022\/11\/new.jpg","type":"image\/jpeg"}],"schema":{"@context":"https:\/\/schema.org","@graph":[{"@type":"WebPage","@id":"https:\/\/genclercanta.com\/ar\/urunler\/%d8%ad%d9%82%d9%8a%d8%a8%d8%a9-%d8%b1%d9%8a%d8%a7%d8%b6%d9%8a%d8%a9-%d9%88%d8%b3%d9%81%d8%b1-gncs-1174\/","url":"https:\/\/genclercanta.com\/ar\/urunler\/%d8%ad%d9%82%d9%8a%d8%a8%d8%a9-%d8%b1%d9%8a%d8%a7%d8%b6%d9%8a%d8%a9-%d9%88%d8%b3%d9%81%d8%b1-gncs-1174\/","name":"\u062d\u0642\u064a\u0628\u0629 \u0631\u064a\u0627\u0636\u064a\u0629 \u0648\u0633\u0641\u0631 GNCS 1174 - Promosyon \u00c7anta imalat\u0131, \u00dcretimi, \u00c7anta imalat\u00e7\u0131s\u0131 \u00dcreticisi istanbul","isPartOf":{"@id":"https:\/\/genclercanta.com\/ar\/#website"},"primaryImageOfPage":{"@id":"https:\/\/genclercanta.com\/ar\/urunler\/%d8%ad%d9%82%d9%8a%d8%a8%d8%a9-%d8%b1%d9%8a%d8%a7%d8%b6%d9%8a%d8%a9-%d9%88%d8%b3%d9%81%d8%b1-gncs-1174\/#primaryimage"},"image":{"@id":"https:\/\/genclercanta.com\/ar\/urunler\/%d8%ad%d9%82%d9%8a%d8%a8%d8%a9-%d8%b1%d9%8a%d8%a7%d8%b6%d9%8a%d8%a9-%d9%88%d8%b3%d9%81%d8%b1-gncs-1174\/#primaryimage"},"thumbnailUrl":"https:\/\/genclercanta.com\/wp-content\/uploads\/2022\/11\/new.jpg","datePublished":"2022-11-17T11:28:35+00:00","description":"\u062d\u0642\u064a\u0628\u0629 \u0631\u064a\u0627\u0636\u064a\u0629 \u0648\u0633\u0641\u0631 GNCS 1174","breadcrumb":{"@id":"https:\/\/genclercanta.com\/ar\/urunler\/%d8%ad%d9%82%d9%8a%d8%a8%d8%a9-%d8%b1%d9%8a%d8%a7%d8%b6%d9%8a%d8%a9-%d9%88%d8%b3%d9%81%d8%b1-gncs-1174\/#breadcrumb"},"inLanguage":"ar","potentialAction":[{"@type":"ReadAction","target":["https:\/\/genclercanta.com\/ar\/urunler\/%d8%ad%d9%82%d9%8a%d8%a8%d8%a9-%d8%b1%d9%8a%d8%a7%d8%b6%d9%8a%d8%a9-%d9%88%d8%b3%d9%81%d8%b1-gncs-1174\/"]}]},{"@type":"ImageObject","inLanguage":"ar","@id":"https:\/\/genclercanta.com\/ar\/urunler\/%d8%ad%d9%82%d9%8a%d8%a8%d8%a9-%d8%b1%d9%8a%d8%a7%d8%b6%d9%8a%d8%a9-%d9%88%d8%b3%d9%81%d8%b1-gncs-1174\/#primaryimage","url":"https:\/\/genclercanta.com\/wp-content\/uploads\/2022\/11\/new.jpg","contentUrl":"https:\/\/genclercanta.com\/wp-content\/uploads\/2022\/11\/new.jpg","width":600,"height":500,"caption":"TOPTAN SPOR SIRT SEYAHAT \u00c7ANTASI MODELLER\u0130 \u0130STANBUL"},{"@type":"BreadcrumbList","@id":"https:\/\/genclercanta.com\/ar\/urunler\/%d8%ad%d9%82%d9%8a%d8%a8%d8%a9-%d8%b1%d9%8a%d8%a7%d8%b6%d9%8a%d8%a9-%d9%88%d8%b3%d9%81%d8%b1-gncs-1174\/#breadcrumb","itemListElement":[{"@type":"ListItem","position":1,"name":"Ana sayfa","item":"https:\/\/genclercanta.com\/ar\/%d8%a7%d9%84%d8%b5%d9%81%d8%ad%d8%a9-%d8%a7%d9%84%d8%b1%d8%a6%d9%8a%d8%b3%d9%8a%d8%a9\/"},{"@type":"ListItem","position":2,"name":"\u0627\u0644\u0645\u062a\u062c\u0631","item":"https:\/\/genclercanta.com\/ar\/%d8%a7%d9%84%d9%85%d8%aa%d8%ac%d8%b1\/"},{"@type":"ListItem","position":3,"name":"\u062d\u0642\u064a\u0628\u0629 \u0631\u064a\u0627\u0636\u064a\u0629 \u0648\u0633\u0641\u0631 GNCS 1174"}]},{"@type":"WebSite","@id":"https:\/\/genclercanta.com\/ar\/#website","url":"https:\/\/genclercanta.com\/ar\/","name":"Promosyon \u00c7anta imalat\u0131, \u00dcretimi, \u00c7anta imalat\u00e7\u0131s\u0131 \u00dcreticisi istanbul","description":"T\u00fcrkiyenin Toptan, Promosyon \u00c7anta \u0130malat\u00e7\u0131s\u0131","publisher":{"@id":"https:\/\/genclercanta.com\/ar\/#organization"},"alternateName":"Gen\u00e7ler \u00c7anta","potentialAction":[{"@type":"SearchAction","target":{"@type":"EntryPoint","urlTemplate":"https:\/\/genclercanta.com\/ar\/?s={search_term_string}"},"query-input":{"@type":"PropertyValueSpecification","valueRequired":true,"valueName":"search_term_string"}}],"inLanguage":"ar"},{"@type":"Organization","@id":"https:\/\/genclercanta.com\/ar\/#organization","name":"Promosyon \u00c7anta imalat\u0131, \u00dcretimi, \u00c7anta imalat\u00e7\u0131s\u0131 \u00dcreticisi istanbul","alternateName":"Gen\u00e7ler \u00c7anta","url":"https:\/\/genclercanta.com\/ar\/","logo":{"@type":"ImageObject","inLanguage":"ar","@id":"https:\/\/genclercanta.com\/ar\/#\/schema\/logo\/image\/","url":"https:\/\/genclercanta.com\/wp-content\/uploads\/2020\/10\/gencler-canta-logo.jpg","contentUrl":"https:\/\/genclercanta.com\/wp-content\/uploads\/2020\/10\/gencler-canta-logo.jpg","width":600,"height":133,"caption":"Promosyon \u00c7anta imalat\u0131, \u00dcretimi, \u00c7anta imalat\u00e7\u0131s\u0131 \u00dcreticisi istanbul"},"image":{"@id":"https:\/\/genclercanta.com\/ar\/#\/schema\/logo\/image\/"},"sameAs":["https:\/\/www.facebook.com\/GenclerCantacom\/","https:\/\/www.instagram.com\/genclercanta\/"]}]}},"_links":{"self":[{"href":"https:\/\/genclercanta.com\/ar\/wp-json\/wp\/v2\/product\/123174","targetHints":{"allow":["GET"]}}],"collection":[{"href":"https:\/\/genclercanta.com\/ar\/wp-json\/wp\/v2\/product"}],"about":[{"href":"https:\/\/genclercanta.com\/ar\/wp-json\/wp\/v2\/types\/product"}],"replies":[{"embeddable":true,"href":"https:\/\/genclercanta.com\/ar\/wp-json\/wp\/v2\/comments?post=123174"}],"wp:featuredmedia":[{"embeddable":true,"href":"https:\/\/genclercanta.com\/ar\/wp-json\/wp\/v2\/media\/106396"}],"wp:attachment":[{"href":"https:\/\/genclercanta.com\/ar\/wp-json\/wp\/v2\/media?parent=123174"}],"wp:term":[{"taxonomy":"product_brand","embeddable":true,"href":"https:\/\/genclercanta.com\/ar\/wp-json\/wp\/v2\/product_brand?post=123174"},{"taxonomy":"product_cat","embeddable":true,"href":"https:\/\/genclercanta.com\/ar\/wp-json\/wp\/v2\/product_cat?post=123174"},{"taxonomy":"product_tag","embeddable":true,"href":"https:\/\/genclercanta.com\/ar\/wp-json\/wp\/v2\/product_tag?post=123174"}],"curies":[{"name":"wp","href":"https:\/\/api.w.org\/{rel}","templated":true}]}}