{"id":123518,"date":"2021-06-11T13:26:52","date_gmt":"2021-06-11T13:26:52","guid":{"rendered":"https:\/\/genclercanta.com\/urunler\/%d8%b3%d8%a7%d8%b9%d9%8a-%d8%a7%d9%84%d8%a8%d8%b1%d9%8a%d8%af-%d9%88%d8%ad%d9%82%d8%a7%d8%a6%d8%a8-%d8%a7%d9%84%d9%8a%d8%af-gncv-808\/"},"modified":"2021-06-11T13:26:52","modified_gmt":"2021-06-11T13:26:52","slug":"%d8%b3%d8%a7%d8%b9%d9%8a-%d8%a7%d9%84%d8%a8%d8%b1%d9%8a%d8%af-%d9%88%d8%ad%d9%82%d8%a7%d8%a6%d8%a8-%d8%a7%d9%84%d9%8a%d8%af-gncv-808","status":"publish","type":"product","link":"https:\/\/genclercanta.com\/ar\/urunler\/%d8%b3%d8%a7%d8%b9%d9%8a-%d8%a7%d9%84%d8%a8%d8%b1%d9%8a%d8%af-%d9%88%d8%ad%d9%82%d8%a7%d8%a6%d8%a8-%d8%a7%d9%84%d9%8a%d8%af-gncv-808\/","title":{"rendered":"\u0633\u0627\u0639\u064a \u0627\u0644\u0628\u0631\u064a\u062f \u0648\u062d\u0642\u0627\u0626\u0628 \u0627\u0644\u064a\u062f GNCV 808"},"content":{"rendered":"<p>\u0627\u0644\u0631\u0645\u0632: GNCV 808<br \/>\n\u0627\u0644\u0627\u0633\u0645: \u062d\u0642\u064a\u0628\u0629 \u0633\u0627\u0639\u064a<br \/>\n\u0627\u0644\u062e\u0627\u0645\u0629: \u0642\u0645\u0627\u0634 \u0628\u0627\u0631\u0627\u0634\u0648\u062a<br \/>\n\u0627\u0644\u0623\u0628\u0639\u0627\u062f: \u0663\u0667\u00d7\u0661\u0662\u00d7\u0663\u0663 \u0633\u0645<br \/>\n\u062d\u062c\u0645 \u0627\u0644\u0639\u0628\u0648\u0629: \u0665\u0660\u00d7\u0664\u0660\u00d7\u0664\u0660 \u0633\u0645<br \/>\n\u0639\u062f\u062f \u0627\u0644\u0642\u0637\u0639: \u0642\u0637\u0639\u0629<br \/>\n\u0627\u0644\u0648\u0632\u0646: \u0661\u0660\u0660\u0660 \u063a\u0631\u0627\u0645<\/p>\n","protected":false},"excerpt":{"rendered":"<p>\u0633\u0627\u0639\u064a \u0627\u0644\u0628\u0631\u064a\u062f \u0648\u062d\u0642\u0627\u0626\u0628 \u0627\u0644\u064a\u062f GNCV 808<\/p>\n","protected":false},"featured_media":101114,"comment_status":"open","ping_status":"closed","template":"","meta":[],"product_brand":[],"product_cat":[704],"product_tag":[822,819,818,820,821,824,823],"class_list":{"0":"post-123518","1":"product","2":"type-product","3":"status-publish","4":"has-post-thumbnail","6":"product_cat-704","7":"product_tag-822","8":"product_tag-819","9":"product_tag-818","10":"product_tag-820","11":"product_tag-821","12":"product_tag-824","13":"product_tag-823","15":"first","16":"instock","17":"sold-individually","18":"shipping-taxable","19":"product-type-simple"},"yoast_head":"<!-- This site is optimized with the Yoast SEO plugin v26.3 - https:\/\/yoast.com\/wordpress\/plugins\/seo\/ -->\n<title>\u0633\u0627\u0639\u064a \u0627\u0644\u0628\u0631\u064a\u062f \u0648\u062d\u0642\u0627\u0626\u0628 \u0627\u0644\u064a\u062f GNCV 808 - Promosyon \u00c7anta imalat\u0131, \u00dcretimi, \u00c7anta imalat\u00e7\u0131s\u0131 \u00dcreticisi istanbul<\/title>\n<meta name=\"description\" content=\"\u0633\u0627\u0639\u064a \u0627\u0644\u0628\u0631\u064a\u062f \u0648\u062d\u0642\u0627\u0626\u0628 \u0627\u0644\u064a\u062f GNCV 808\" \/>\n<meta name=\"robots\" content=\"index, follow, max-snippet:-1, max-image-preview:large, max-video-preview:-1\" \/>\n<link rel=\"canonical\" href=\"https:\/\/genclercanta.com\/ar\/urunler\/%d8%b3%d8%a7%d8%b9%d9%8a-%d8%a7%d9%84%d8%a8%d8%b1%d9%8a%d8%af-%d9%88%d8%ad%d9%82%d8%a7%d8%a6%d8%a8-%d8%a7%d9%84%d9%8a%d8%af-gncv-808\/\" \/>\n<meta property=\"og:locale\" content=\"ar_AR\" \/>\n<meta property=\"og:type\" content=\"article\" \/>\n<meta property=\"og:title\" content=\"\u0633\u0627\u0639\u064a \u0627\u0644\u0628\u0631\u064a\u062f \u0648\u062d\u0642\u0627\u0626\u0628 \u0627\u0644\u064a\u062f GNCV 808 - Promosyon \u00c7anta imalat\u0131, \u00dcretimi, \u00c7anta imalat\u00e7\u0131s\u0131 \u00dcreticisi istanbul\" \/>\n<meta property=\"og:description\" content=\"\u0633\u0627\u0639\u064a \u0627\u0644\u0628\u0631\u064a\u062f \u0648\u062d\u0642\u0627\u0626\u0628 \u0627\u0644\u064a\u062f GNCV 808\" \/>\n<meta property=\"og:url\" content=\"https:\/\/genclercanta.com\/ar\/urunler\/%d8%b3%d8%a7%d8%b9%d9%8a-%d8%a7%d9%84%d8%a8%d8%b1%d9%8a%d8%af-%d9%88%d8%ad%d9%82%d8%a7%d8%a6%d8%a8-%d8%a7%d9%84%d9%8a%d8%af-gncv-808\/\" \/>\n<meta property=\"og:site_name\" content=\"Promosyon \u00c7anta imalat\u0131, \u00dcretimi, \u00c7anta imalat\u00e7\u0131s\u0131 \u00dcreticisi istanbul\" \/>\n<meta property=\"article:publisher\" content=\"https:\/\/www.facebook.com\/GenclerCantacom\/\" \/>\n<meta property=\"og:image\" content=\"https:\/\/genclercanta.com\/wp-content\/uploads\/2021\/06\/YENI.jpg\" \/>\n\t<meta property=\"og:image:width\" content=\"600\" \/>\n\t<meta property=\"og:image:height\" content=\"450\" \/>\n\t<meta property=\"og:image:type\" content=\"image\/jpeg\" \/>\n<script type=\"application\/ld+json\" class=\"yoast-schema-graph\">{\"@context\":\"https:\/\/schema.org\",\"@graph\":[{\"@type\":\"WebPage\",\"@id\":\"https:\/\/genclercanta.com\/ar\/urunler\/%d8%b3%d8%a7%d8%b9%d9%8a-%d8%a7%d9%84%d8%a8%d8%b1%d9%8a%d8%af-%d9%88%d8%ad%d9%82%d8%a7%d8%a6%d8%a8-%d8%a7%d9%84%d9%8a%d8%af-gncv-808\/\",\"url\":\"https:\/\/genclercanta.com\/ar\/urunler\/%d8%b3%d8%a7%d8%b9%d9%8a-%d8%a7%d9%84%d8%a8%d8%b1%d9%8a%d8%af-%d9%88%d8%ad%d9%82%d8%a7%d8%a6%d8%a8-%d8%a7%d9%84%d9%8a%d8%af-gncv-808\/\",\"name\":\"\u0633\u0627\u0639\u064a \u0627\u0644\u0628\u0631\u064a\u062f \u0648\u062d\u0642\u0627\u0626\u0628 \u0627\u0644\u064a\u062f GNCV 808 - Promosyon \u00c7anta imalat\u0131, \u00dcretimi, \u00c7anta imalat\u00e7\u0131s\u0131 \u00dcreticisi istanbul\",\"isPartOf\":{\"@id\":\"https:\/\/genclercanta.com\/ar\/#website\"},\"primaryImageOfPage\":{\"@id\":\"https:\/\/genclercanta.com\/ar\/urunler\/%d8%b3%d8%a7%d8%b9%d9%8a-%d8%a7%d9%84%d8%a8%d8%b1%d9%8a%d8%af-%d9%88%d8%ad%d9%82%d8%a7%d8%a6%d8%a8-%d8%a7%d9%84%d9%8a%d8%af-gncv-808\/#primaryimage\"},\"image\":{\"@id\":\"https:\/\/genclercanta.com\/ar\/urunler\/%d8%b3%d8%a7%d8%b9%d9%8a-%d8%a7%d9%84%d8%a8%d8%b1%d9%8a%d8%af-%d9%88%d8%ad%d9%82%d8%a7%d8%a6%d8%a8-%d8%a7%d9%84%d9%8a%d8%af-gncv-808\/#primaryimage\"},\"thumbnailUrl\":\"https:\/\/genclercanta.com\/wp-content\/uploads\/2021\/06\/YENI.jpg\",\"datePublished\":\"2021-06-11T13:26:52+00:00\",\"description\":\"\u0633\u0627\u0639\u064a \u0627\u0644\u0628\u0631\u064a\u062f \u0648\u062d\u0642\u0627\u0626\u0628 \u0627\u0644\u064a\u062f GNCV 808\",\"breadcrumb\":{\"@id\":\"https:\/\/genclercanta.com\/ar\/urunler\/%d8%b3%d8%a7%d8%b9%d9%8a-%d8%a7%d9%84%d8%a8%d8%b1%d9%8a%d8%af-%d9%88%d8%ad%d9%82%d8%a7%d8%a6%d8%a8-%d8%a7%d9%84%d9%8a%d8%af-gncv-808\/#breadcrumb\"},\"inLanguage\":\"ar\",\"potentialAction\":[{\"@type\":\"ReadAction\",\"target\":[\"https:\/\/genclercanta.com\/ar\/urunler\/%d8%b3%d8%a7%d8%b9%d9%8a-%d8%a7%d9%84%d8%a8%d8%b1%d9%8a%d8%af-%d9%88%d8%ad%d9%82%d8%a7%d8%a6%d8%a8-%d8%a7%d9%84%d9%8a%d8%af-gncv-808\/\"]}]},{\"@type\":\"ImageObject\",\"inLanguage\":\"ar\",\"@id\":\"https:\/\/genclercanta.com\/ar\/urunler\/%d8%b3%d8%a7%d8%b9%d9%8a-%d8%a7%d9%84%d8%a8%d8%b1%d9%8a%d8%af-%d9%88%d8%ad%d9%82%d8%a7%d8%a6%d8%a8-%d8%a7%d9%84%d9%8a%d8%af-gncv-808\/#primaryimage\",\"url\":\"https:\/\/genclercanta.com\/wp-content\/uploads\/2021\/06\/YENI.jpg\",\"contentUrl\":\"https:\/\/genclercanta.com\/wp-content\/uploads\/2021\/06\/YENI.jpg\",\"width\":600,\"height\":450,\"caption\":\"toptan postac\u0131 ve el \u00e7antas\u0131\"},{\"@type\":\"BreadcrumbList\",\"@id\":\"https:\/\/genclercanta.com\/ar\/urunler\/%d8%b3%d8%a7%d8%b9%d9%8a-%d8%a7%d9%84%d8%a8%d8%b1%d9%8a%d8%af-%d9%88%d8%ad%d9%82%d8%a7%d8%a6%d8%a8-%d8%a7%d9%84%d9%8a%d8%af-gncv-808\/#breadcrumb\",\"itemListElement\":[{\"@type\":\"ListItem\",\"position\":1,\"name\":\"Ana sayfa\",\"item\":\"https:\/\/genclercanta.com\/ar\/%d8%a7%d9%84%d8%b5%d9%81%d8%ad%d8%a9-%d8%a7%d9%84%d8%b1%d8%a6%d9%8a%d8%b3%d9%8a%d8%a9\/\"},{\"@type\":\"ListItem\",\"position\":2,\"name\":\"\u0627\u0644\u0645\u062a\u062c\u0631\",\"item\":\"https:\/\/genclercanta.com\/ar\/%d8%a7%d9%84%d9%85%d8%aa%d8%ac%d8%b1\/\"},{\"@type\":\"ListItem\",\"position\":3,\"name\":\"\u0633\u0627\u0639\u064a \u0627\u0644\u0628\u0631\u064a\u062f \u0648\u062d\u0642\u0627\u0626\u0628 \u0627\u0644\u064a\u062f GNCV 808\"}]},{\"@type\":\"WebSite\",\"@id\":\"https:\/\/genclercanta.com\/ar\/#website\",\"url\":\"https:\/\/genclercanta.com\/ar\/\",\"name\":\"Promosyon \u00c7anta imalat\u0131, \u00dcretimi, \u00c7anta imalat\u00e7\u0131s\u0131 \u00dcreticisi istanbul\",\"description\":\"T\u00fcrkiyenin Toptan, Promosyon \u00c7anta \u0130malat\u00e7\u0131s\u0131\",\"publisher\":{\"@id\":\"https:\/\/genclercanta.com\/ar\/#organization\"},\"alternateName\":\"Gen\u00e7ler \u00c7anta\",\"potentialAction\":[{\"@type\":\"SearchAction\",\"target\":{\"@type\":\"EntryPoint\",\"urlTemplate\":\"https:\/\/genclercanta.com\/ar\/?s={search_term_string}\"},\"query-input\":{\"@type\":\"PropertyValueSpecification\",\"valueRequired\":true,\"valueName\":\"search_term_string\"}}],\"inLanguage\":\"ar\"},{\"@type\":\"Organization\",\"@id\":\"https:\/\/genclercanta.com\/ar\/#organization\",\"name\":\"Promosyon \u00c7anta imalat\u0131, \u00dcretimi, \u00c7anta imalat\u00e7\u0131s\u0131 \u00dcreticisi istanbul\",\"alternateName\":\"Gen\u00e7ler \u00c7anta\",\"url\":\"https:\/\/genclercanta.com\/ar\/\",\"logo\":{\"@type\":\"ImageObject\",\"inLanguage\":\"ar\",\"@id\":\"https:\/\/genclercanta.com\/ar\/#\/schema\/logo\/image\/\",\"url\":\"https:\/\/genclercanta.com\/wp-content\/uploads\/2020\/10\/gencler-canta-logo.jpg\",\"contentUrl\":\"https:\/\/genclercanta.com\/wp-content\/uploads\/2020\/10\/gencler-canta-logo.jpg\",\"width\":600,\"height\":133,\"caption\":\"Promosyon \u00c7anta imalat\u0131, \u00dcretimi, \u00c7anta imalat\u00e7\u0131s\u0131 \u00dcreticisi istanbul\"},\"image\":{\"@id\":\"https:\/\/genclercanta.com\/ar\/#\/schema\/logo\/image\/\"},\"sameAs\":[\"https:\/\/www.facebook.com\/GenclerCantacom\/\",\"https:\/\/www.instagram.com\/genclercanta\/\"]}]}<\/script>\n<!-- \/ Yoast SEO plugin. -->","yoast_head_json":{"title":"\u0633\u0627\u0639\u064a \u0627\u0644\u0628\u0631\u064a\u062f \u0648\u062d\u0642\u0627\u0626\u0628 \u0627\u0644\u064a\u062f GNCV 808 - Promosyon \u00c7anta imalat\u0131, \u00dcretimi, \u00c7anta imalat\u00e7\u0131s\u0131 \u00dcreticisi istanbul","description":"\u0633\u0627\u0639\u064a \u0627\u0644\u0628\u0631\u064a\u062f \u0648\u062d\u0642\u0627\u0626\u0628 \u0627\u0644\u064a\u062f GNCV 808","robots":{"index":"index","follow":"follow","max-snippet":"max-snippet:-1","max-image-preview":"max-image-preview:large","max-video-preview":"max-video-preview:-1"},"canonical":"https:\/\/genclercanta.com\/ar\/urunler\/%d8%b3%d8%a7%d8%b9%d9%8a-%d8%a7%d9%84%d8%a8%d8%b1%d9%8a%d8%af-%d9%88%d8%ad%d9%82%d8%a7%d8%a6%d8%a8-%d8%a7%d9%84%d9%8a%d8%af-gncv-808\/","og_locale":"ar_AR","og_type":"article","og_title":"\u0633\u0627\u0639\u064a \u0627\u0644\u0628\u0631\u064a\u062f \u0648\u062d\u0642\u0627\u0626\u0628 \u0627\u0644\u064a\u062f GNCV 808 - Promosyon \u00c7anta imalat\u0131, \u00dcretimi, \u00c7anta imalat\u00e7\u0131s\u0131 \u00dcreticisi istanbul","og_description":"\u0633\u0627\u0639\u064a \u0627\u0644\u0628\u0631\u064a\u062f \u0648\u062d\u0642\u0627\u0626\u0628 \u0627\u0644\u064a\u062f GNCV 808","og_url":"https:\/\/genclercanta.com\/ar\/urunler\/%d8%b3%d8%a7%d8%b9%d9%8a-%d8%a7%d9%84%d8%a8%d8%b1%d9%8a%d8%af-%d9%88%d8%ad%d9%82%d8%a7%d8%a6%d8%a8-%d8%a7%d9%84%d9%8a%d8%af-gncv-808\/","og_site_name":"Promosyon \u00c7anta imalat\u0131, \u00dcretimi, \u00c7anta imalat\u00e7\u0131s\u0131 \u00dcreticisi istanbul","article_publisher":"https:\/\/www.facebook.com\/GenclerCantacom\/","og_image":[{"width":600,"height":450,"url":"https:\/\/genclercanta.com\/wp-content\/uploads\/2021\/06\/YENI.jpg","type":"image\/jpeg"}],"schema":{"@context":"https:\/\/schema.org","@graph":[{"@type":"WebPage","@id":"https:\/\/genclercanta.com\/ar\/urunler\/%d8%b3%d8%a7%d8%b9%d9%8a-%d8%a7%d9%84%d8%a8%d8%b1%d9%8a%d8%af-%d9%88%d8%ad%d9%82%d8%a7%d8%a6%d8%a8-%d8%a7%d9%84%d9%8a%d8%af-gncv-808\/","url":"https:\/\/genclercanta.com\/ar\/urunler\/%d8%b3%d8%a7%d8%b9%d9%8a-%d8%a7%d9%84%d8%a8%d8%b1%d9%8a%d8%af-%d9%88%d8%ad%d9%82%d8%a7%d8%a6%d8%a8-%d8%a7%d9%84%d9%8a%d8%af-gncv-808\/","name":"\u0633\u0627\u0639\u064a \u0627\u0644\u0628\u0631\u064a\u062f \u0648\u062d\u0642\u0627\u0626\u0628 \u0627\u0644\u064a\u062f GNCV 808 - Promosyon \u00c7anta imalat\u0131, \u00dcretimi, \u00c7anta imalat\u00e7\u0131s\u0131 \u00dcreticisi istanbul","isPartOf":{"@id":"https:\/\/genclercanta.com\/ar\/#website"},"primaryImageOfPage":{"@id":"https:\/\/genclercanta.com\/ar\/urunler\/%d8%b3%d8%a7%d8%b9%d9%8a-%d8%a7%d9%84%d8%a8%d8%b1%d9%8a%d8%af-%d9%88%d8%ad%d9%82%d8%a7%d8%a6%d8%a8-%d8%a7%d9%84%d9%8a%d8%af-gncv-808\/#primaryimage"},"image":{"@id":"https:\/\/genclercanta.com\/ar\/urunler\/%d8%b3%d8%a7%d8%b9%d9%8a-%d8%a7%d9%84%d8%a8%d8%b1%d9%8a%d8%af-%d9%88%d8%ad%d9%82%d8%a7%d8%a6%d8%a8-%d8%a7%d9%84%d9%8a%d8%af-gncv-808\/#primaryimage"},"thumbnailUrl":"https:\/\/genclercanta.com\/wp-content\/uploads\/2021\/06\/YENI.jpg","datePublished":"2021-06-11T13:26:52+00:00","description":"\u0633\u0627\u0639\u064a \u0627\u0644\u0628\u0631\u064a\u062f \u0648\u062d\u0642\u0627\u0626\u0628 \u0627\u0644\u064a\u062f GNCV 808","breadcrumb":{"@id":"https:\/\/genclercanta.com\/ar\/urunler\/%d8%b3%d8%a7%d8%b9%d9%8a-%d8%a7%d9%84%d8%a8%d8%b1%d9%8a%d8%af-%d9%88%d8%ad%d9%82%d8%a7%d8%a6%d8%a8-%d8%a7%d9%84%d9%8a%d8%af-gncv-808\/#breadcrumb"},"inLanguage":"ar","potentialAction":[{"@type":"ReadAction","target":["https:\/\/genclercanta.com\/ar\/urunler\/%d8%b3%d8%a7%d8%b9%d9%8a-%d8%a7%d9%84%d8%a8%d8%b1%d9%8a%d8%af-%d9%88%d8%ad%d9%82%d8%a7%d8%a6%d8%a8-%d8%a7%d9%84%d9%8a%d8%af-gncv-808\/"]}]},{"@type":"ImageObject","inLanguage":"ar","@id":"https:\/\/genclercanta.com\/ar\/urunler\/%d8%b3%d8%a7%d8%b9%d9%8a-%d8%a7%d9%84%d8%a8%d8%b1%d9%8a%d8%af-%d9%88%d8%ad%d9%82%d8%a7%d8%a6%d8%a8-%d8%a7%d9%84%d9%8a%d8%af-gncv-808\/#primaryimage","url":"https:\/\/genclercanta.com\/wp-content\/uploads\/2021\/06\/YENI.jpg","contentUrl":"https:\/\/genclercanta.com\/wp-content\/uploads\/2021\/06\/YENI.jpg","width":600,"height":450,"caption":"toptan postac\u0131 ve el \u00e7antas\u0131"},{"@type":"BreadcrumbList","@id":"https:\/\/genclercanta.com\/ar\/urunler\/%d8%b3%d8%a7%d8%b9%d9%8a-%d8%a7%d9%84%d8%a8%d8%b1%d9%8a%d8%af-%d9%88%d8%ad%d9%82%d8%a7%d8%a6%d8%a8-%d8%a7%d9%84%d9%8a%d8%af-gncv-808\/#breadcrumb","itemListElement":[{"@type":"ListItem","position":1,"name":"Ana sayfa","item":"https:\/\/genclercanta.com\/ar\/%d8%a7%d9%84%d8%b5%d9%81%d8%ad%d8%a9-%d8%a7%d9%84%d8%b1%d8%a6%d9%8a%d8%b3%d9%8a%d8%a9\/"},{"@type":"ListItem","position":2,"name":"\u0627\u0644\u0645\u062a\u062c\u0631","item":"https:\/\/genclercanta.com\/ar\/%d8%a7%d9%84%d9%85%d8%aa%d8%ac%d8%b1\/"},{"@type":"ListItem","position":3,"name":"\u0633\u0627\u0639\u064a \u0627\u0644\u0628\u0631\u064a\u062f \u0648\u062d\u0642\u0627\u0626\u0628 \u0627\u0644\u064a\u062f GNCV 808"}]},{"@type":"WebSite","@id":"https:\/\/genclercanta.com\/ar\/#website","url":"https:\/\/genclercanta.com\/ar\/","name":"Promosyon \u00c7anta imalat\u0131, \u00dcretimi, \u00c7anta imalat\u00e7\u0131s\u0131 \u00dcreticisi istanbul","description":"T\u00fcrkiyenin Toptan, Promosyon \u00c7anta \u0130malat\u00e7\u0131s\u0131","publisher":{"@id":"https:\/\/genclercanta.com\/ar\/#organization"},"alternateName":"Gen\u00e7ler \u00c7anta","potentialAction":[{"@type":"SearchAction","target":{"@type":"EntryPoint","urlTemplate":"https:\/\/genclercanta.com\/ar\/?s={search_term_string}"},"query-input":{"@type":"PropertyValueSpecification","valueRequired":true,"valueName":"search_term_string"}}],"inLanguage":"ar"},{"@type":"Organization","@id":"https:\/\/genclercanta.com\/ar\/#organization","name":"Promosyon \u00c7anta imalat\u0131, \u00dcretimi, \u00c7anta imalat\u00e7\u0131s\u0131 \u00dcreticisi istanbul","alternateName":"Gen\u00e7ler \u00c7anta","url":"https:\/\/genclercanta.com\/ar\/","logo":{"@type":"ImageObject","inLanguage":"ar","@id":"https:\/\/genclercanta.com\/ar\/#\/schema\/logo\/image\/","url":"https:\/\/genclercanta.com\/wp-content\/uploads\/2020\/10\/gencler-canta-logo.jpg","contentUrl":"https:\/\/genclercanta.com\/wp-content\/uploads\/2020\/10\/gencler-canta-logo.jpg","width":600,"height":133,"caption":"Promosyon \u00c7anta imalat\u0131, \u00dcretimi, \u00c7anta imalat\u00e7\u0131s\u0131 \u00dcreticisi istanbul"},"image":{"@id":"https:\/\/genclercanta.com\/ar\/#\/schema\/logo\/image\/"},"sameAs":["https:\/\/www.facebook.com\/GenclerCantacom\/","https:\/\/www.instagram.com\/genclercanta\/"]}]}},"_links":{"self":[{"href":"https:\/\/genclercanta.com\/ar\/wp-json\/wp\/v2\/product\/123518","targetHints":{"allow":["GET"]}}],"collection":[{"href":"https:\/\/genclercanta.com\/ar\/wp-json\/wp\/v2\/product"}],"about":[{"href":"https:\/\/genclercanta.com\/ar\/wp-json\/wp\/v2\/types\/product"}],"replies":[{"embeddable":true,"href":"https:\/\/genclercanta.com\/ar\/wp-json\/wp\/v2\/comments?post=123518"}],"wp:featuredmedia":[{"embeddable":true,"href":"https:\/\/genclercanta.com\/ar\/wp-json\/wp\/v2\/media\/101114"}],"wp:attachment":[{"href":"https:\/\/genclercanta.com\/ar\/wp-json\/wp\/v2\/media?parent=123518"}],"wp:term":[{"taxonomy":"product_brand","embeddable":true,"href":"https:\/\/genclercanta.com\/ar\/wp-json\/wp\/v2\/product_brand?post=123518"},{"taxonomy":"product_cat","embeddable":true,"href":"https:\/\/genclercanta.com\/ar\/wp-json\/wp\/v2\/product_cat?post=123518"},{"taxonomy":"product_tag","embeddable":true,"href":"https:\/\/genclercanta.com\/ar\/wp-json\/wp\/v2\/product_tag?post=123518"}],"curies":[{"name":"wp","href":"https:\/\/api.w.org\/{rel}","templated":true}]}}