{"id":123530,"date":"2021-05-31T14:36:47","date_gmt":"2021-05-31T14:36:47","guid":{"rendered":"https:\/\/genclercanta.com\/urunler\/mochila-negra-fudela-hose\/"},"modified":"2021-05-31T14:36:47","modified_gmt":"2021-05-31T14:36:47","slug":"mochila-negra-fudela-hose","status":"publish","type":"product","link":"https:\/\/genclercanta.com\/ar\/urunler\/mochila-negra-fudela-hose\/","title":{"rendered":"Mochila negra Fudela Hose"},"content":{"rendered":"<p>Resistente y duradera. Apertura con banda magn\u00e9tica. Expansi\u00f3n flexible. L\u00edneas elegantes, robustas y sencillas. Dise\u00f1o de estilo retro, temperamento estable, cl\u00e1sico y elegante, vers\u00e1til y pr\u00e1ctico. Ideal para desplazamientos diarios, ocio de fin de semana y excursiones. La lona de la mochila est\u00e1 hecha de 10 hilos de poli\u00e9ster y algod\u00f3n m\u00e1s gruesos y resistentes, tejidos de forma uniforme y densa. El coeficiente de resistencia a la abrasi\u00f3n aumenta linealmente, lo que la hace m\u00e1s duradera. El dise\u00f1o ergon\u00f3mico de la correa para el hombro equilibra el peso de la mochila, reduciendo eficazmente la presi\u00f3n sobre los hombros y facilitando su transporte. El interior transpirable de Airtex te da un aire fresco. La mochila cuenta con m\u00faltiples bolsillos con compartimentos que se pueden clasificar de forma flexible. Cada bolsillo est\u00e1 equipado con protecci\u00f3n profesional de algod\u00f3n antichoque, e incluye bolsillos protectores especiales. En el interior, hay una bolsa de franela para proteger tus gafas de sol y otros art\u00edculos.<br \/>\nNombre del producto: Mochila informal Hose<br \/>\nDimensiones del producto: 39 x 31 x 15<br \/>\nMaterial de la tela: Lona, poli\u00e9ster<br \/>\nMaterial del forro: poli\u00e9ster<\/p>\n","protected":false},"excerpt":{"rendered":"<p>Mochila negra Fudela Hose<\/p>\n","protected":false},"featured_media":100920,"comment_status":"open","ping_status":"closed","template":"","meta":[],"product_brand":[],"product_cat":[363,489],"product_tag":[822,819,818,820,821,824,823],"class_list":{"0":"post-123530","1":"product","2":"type-product","3":"status-publish","4":"has-post-thumbnail","6":"product_cat-fudela-ar","7":"product_cat-hose-ar","8":"product_tag-822","9":"product_tag-819","10":"product_tag-818","11":"product_tag-820","12":"product_tag-821","13":"product_tag-824","14":"product_tag-823","16":"first","17":"instock","18":"sold-individually","19":"shipping-taxable","20":"product-type-simple"},"yoast_head":"<!-- This site is optimized with the Yoast SEO plugin v26.3 - https:\/\/yoast.com\/wordpress\/plugins\/seo\/ -->\n<title>Mochila negra Fudela Hose - Promosyon \u00c7anta imalat\u0131, \u00dcretimi, \u00c7anta imalat\u00e7\u0131s\u0131 \u00dcreticisi istanbul<\/title>\n<meta name=\"description\" content=\"Mochila negra Fudela Hose\" \/>\n<meta name=\"robots\" content=\"index, follow, max-snippet:-1, max-image-preview:large, max-video-preview:-1\" \/>\n<link rel=\"canonical\" href=\"https:\/\/genclercanta.com\/ar\/urunler\/mochila-negra-fudela-hose\/\" \/>\n<meta property=\"og:locale\" content=\"ar_AR\" \/>\n<meta property=\"og:type\" content=\"article\" \/>\n<meta property=\"og:title\" content=\"Mochila negra Fudela Hose - Promosyon \u00c7anta imalat\u0131, \u00dcretimi, \u00c7anta imalat\u00e7\u0131s\u0131 \u00dcreticisi istanbul\" \/>\n<meta property=\"og:description\" content=\"Mochila negra Fudela Hose\" \/>\n<meta property=\"og:url\" content=\"https:\/\/genclercanta.com\/ar\/urunler\/mochila-negra-fudela-hose\/\" \/>\n<meta property=\"og:site_name\" content=\"Promosyon \u00c7anta imalat\u0131, \u00dcretimi, \u00c7anta imalat\u00e7\u0131s\u0131 \u00dcreticisi istanbul\" \/>\n<meta property=\"article:publisher\" content=\"https:\/\/www.facebook.com\/GenclerCantacom\/\" \/>\n<meta property=\"og:image\" content=\"https:\/\/genclercanta.com\/wp-content\/uploads\/2021\/05\/11-3.jpg\" \/>\n\t<meta property=\"og:image:width\" content=\"600\" \/>\n\t<meta property=\"og:image:height\" content=\"500\" \/>\n\t<meta property=\"og:image:type\" content=\"image\/jpeg\" \/>\n<meta name=\"twitter:label1\" content=\"\u0648\u0642\u062a \u0627\u0644\u0642\u0631\u0627\u0621\u0629 \u0627\u0644\u0645\u064f\u0642\u062f\u0651\u0631\" \/>\n\t<meta name=\"twitter:data1\" content=\"1 \u062f\u0642\u064a\u0642\u0629\" \/>\n<script type=\"application\/ld+json\" class=\"yoast-schema-graph\">{\"@context\":\"https:\/\/schema.org\",\"@graph\":[{\"@type\":\"WebPage\",\"@id\":\"https:\/\/genclercanta.com\/ar\/urunler\/mochila-negra-fudela-hose\/\",\"url\":\"https:\/\/genclercanta.com\/ar\/urunler\/mochila-negra-fudela-hose\/\",\"name\":\"Mochila negra Fudela Hose - Promosyon \u00c7anta imalat\u0131, \u00dcretimi, \u00c7anta imalat\u00e7\u0131s\u0131 \u00dcreticisi istanbul\",\"isPartOf\":{\"@id\":\"https:\/\/genclercanta.com\/ar\/#website\"},\"primaryImageOfPage\":{\"@id\":\"https:\/\/genclercanta.com\/ar\/urunler\/mochila-negra-fudela-hose\/#primaryimage\"},\"image\":{\"@id\":\"https:\/\/genclercanta.com\/ar\/urunler\/mochila-negra-fudela-hose\/#primaryimage\"},\"thumbnailUrl\":\"https:\/\/genclercanta.com\/wp-content\/uploads\/2021\/05\/11-3.jpg\",\"datePublished\":\"2021-05-31T14:36:47+00:00\",\"description\":\"Mochila negra Fudela Hose\",\"breadcrumb\":{\"@id\":\"https:\/\/genclercanta.com\/ar\/urunler\/mochila-negra-fudela-hose\/#breadcrumb\"},\"inLanguage\":\"ar\",\"potentialAction\":[{\"@type\":\"ReadAction\",\"target\":[\"https:\/\/genclercanta.com\/ar\/urunler\/mochila-negra-fudela-hose\/\"]}]},{\"@type\":\"ImageObject\",\"inLanguage\":\"ar\",\"@id\":\"https:\/\/genclercanta.com\/ar\/urunler\/mochila-negra-fudela-hose\/#primaryimage\",\"url\":\"https:\/\/genclercanta.com\/wp-content\/uploads\/2021\/05\/11-3.jpg\",\"contentUrl\":\"https:\/\/genclercanta.com\/wp-content\/uploads\/2021\/05\/11-3.jpg\",\"width\":600,\"height\":500,\"caption\":\"toptan s\u0131rt \u00e7anta\"},{\"@type\":\"BreadcrumbList\",\"@id\":\"https:\/\/genclercanta.com\/ar\/urunler\/mochila-negra-fudela-hose\/#breadcrumb\",\"itemListElement\":[{\"@type\":\"ListItem\",\"position\":1,\"name\":\"Ana sayfa\",\"item\":\"https:\/\/genclercanta.com\/ar\/%d8%a7%d9%84%d8%b5%d9%81%d8%ad%d8%a9-%d8%a7%d9%84%d8%b1%d8%a6%d9%8a%d8%b3%d9%8a%d8%a9\/\"},{\"@type\":\"ListItem\",\"position\":2,\"name\":\"\u0627\u0644\u0645\u062a\u062c\u0631\",\"item\":\"https:\/\/genclercanta.com\/ar\/%d8%a7%d9%84%d9%85%d8%aa%d8%ac%d8%b1\/\"},{\"@type\":\"ListItem\",\"position\":3,\"name\":\"Mochila negra Fudela Hose\"}]},{\"@type\":\"WebSite\",\"@id\":\"https:\/\/genclercanta.com\/ar\/#website\",\"url\":\"https:\/\/genclercanta.com\/ar\/\",\"name\":\"Promosyon \u00c7anta imalat\u0131, \u00dcretimi, \u00c7anta imalat\u00e7\u0131s\u0131 \u00dcreticisi istanbul\",\"description\":\"T\u00fcrkiyenin Toptan, Promosyon \u00c7anta \u0130malat\u00e7\u0131s\u0131\",\"publisher\":{\"@id\":\"https:\/\/genclercanta.com\/ar\/#organization\"},\"alternateName\":\"Gen\u00e7ler \u00c7anta\",\"potentialAction\":[{\"@type\":\"SearchAction\",\"target\":{\"@type\":\"EntryPoint\",\"urlTemplate\":\"https:\/\/genclercanta.com\/ar\/?s={search_term_string}\"},\"query-input\":{\"@type\":\"PropertyValueSpecification\",\"valueRequired\":true,\"valueName\":\"search_term_string\"}}],\"inLanguage\":\"ar\"},{\"@type\":\"Organization\",\"@id\":\"https:\/\/genclercanta.com\/ar\/#organization\",\"name\":\"Promosyon \u00c7anta imalat\u0131, \u00dcretimi, \u00c7anta imalat\u00e7\u0131s\u0131 \u00dcreticisi istanbul\",\"alternateName\":\"Gen\u00e7ler \u00c7anta\",\"url\":\"https:\/\/genclercanta.com\/ar\/\",\"logo\":{\"@type\":\"ImageObject\",\"inLanguage\":\"ar\",\"@id\":\"https:\/\/genclercanta.com\/ar\/#\/schema\/logo\/image\/\",\"url\":\"https:\/\/genclercanta.com\/wp-content\/uploads\/2020\/10\/gencler-canta-logo.jpg\",\"contentUrl\":\"https:\/\/genclercanta.com\/wp-content\/uploads\/2020\/10\/gencler-canta-logo.jpg\",\"width\":600,\"height\":133,\"caption\":\"Promosyon \u00c7anta imalat\u0131, \u00dcretimi, \u00c7anta imalat\u00e7\u0131s\u0131 \u00dcreticisi istanbul\"},\"image\":{\"@id\":\"https:\/\/genclercanta.com\/ar\/#\/schema\/logo\/image\/\"},\"sameAs\":[\"https:\/\/www.facebook.com\/GenclerCantacom\/\",\"https:\/\/www.instagram.com\/genclercanta\/\"]}]}<\/script>\n<!-- \/ Yoast SEO plugin. -->","yoast_head_json":{"title":"Mochila negra Fudela Hose - Promosyon \u00c7anta imalat\u0131, \u00dcretimi, \u00c7anta imalat\u00e7\u0131s\u0131 \u00dcreticisi istanbul","description":"Mochila negra Fudela Hose","robots":{"index":"index","follow":"follow","max-snippet":"max-snippet:-1","max-image-preview":"max-image-preview:large","max-video-preview":"max-video-preview:-1"},"canonical":"https:\/\/genclercanta.com\/ar\/urunler\/mochila-negra-fudela-hose\/","og_locale":"ar_AR","og_type":"article","og_title":"Mochila negra Fudela Hose - Promosyon \u00c7anta imalat\u0131, \u00dcretimi, \u00c7anta imalat\u00e7\u0131s\u0131 \u00dcreticisi istanbul","og_description":"Mochila negra Fudela Hose","og_url":"https:\/\/genclercanta.com\/ar\/urunler\/mochila-negra-fudela-hose\/","og_site_name":"Promosyon \u00c7anta imalat\u0131, \u00dcretimi, \u00c7anta imalat\u00e7\u0131s\u0131 \u00dcreticisi istanbul","article_publisher":"https:\/\/www.facebook.com\/GenclerCantacom\/","og_image":[{"width":600,"height":500,"url":"https:\/\/genclercanta.com\/wp-content\/uploads\/2021\/05\/11-3.jpg","type":"image\/jpeg"}],"twitter_misc":{"\u0648\u0642\u062a \u0627\u0644\u0642\u0631\u0627\u0621\u0629 \u0627\u0644\u0645\u064f\u0642\u062f\u0651\u0631":"1 \u062f\u0642\u064a\u0642\u0629"},"schema":{"@context":"https:\/\/schema.org","@graph":[{"@type":"WebPage","@id":"https:\/\/genclercanta.com\/ar\/urunler\/mochila-negra-fudela-hose\/","url":"https:\/\/genclercanta.com\/ar\/urunler\/mochila-negra-fudela-hose\/","name":"Mochila negra Fudela Hose - Promosyon \u00c7anta imalat\u0131, \u00dcretimi, \u00c7anta imalat\u00e7\u0131s\u0131 \u00dcreticisi istanbul","isPartOf":{"@id":"https:\/\/genclercanta.com\/ar\/#website"},"primaryImageOfPage":{"@id":"https:\/\/genclercanta.com\/ar\/urunler\/mochila-negra-fudela-hose\/#primaryimage"},"image":{"@id":"https:\/\/genclercanta.com\/ar\/urunler\/mochila-negra-fudela-hose\/#primaryimage"},"thumbnailUrl":"https:\/\/genclercanta.com\/wp-content\/uploads\/2021\/05\/11-3.jpg","datePublished":"2021-05-31T14:36:47+00:00","description":"Mochila negra Fudela Hose","breadcrumb":{"@id":"https:\/\/genclercanta.com\/ar\/urunler\/mochila-negra-fudela-hose\/#breadcrumb"},"inLanguage":"ar","potentialAction":[{"@type":"ReadAction","target":["https:\/\/genclercanta.com\/ar\/urunler\/mochila-negra-fudela-hose\/"]}]},{"@type":"ImageObject","inLanguage":"ar","@id":"https:\/\/genclercanta.com\/ar\/urunler\/mochila-negra-fudela-hose\/#primaryimage","url":"https:\/\/genclercanta.com\/wp-content\/uploads\/2021\/05\/11-3.jpg","contentUrl":"https:\/\/genclercanta.com\/wp-content\/uploads\/2021\/05\/11-3.jpg","width":600,"height":500,"caption":"toptan s\u0131rt \u00e7anta"},{"@type":"BreadcrumbList","@id":"https:\/\/genclercanta.com\/ar\/urunler\/mochila-negra-fudela-hose\/#breadcrumb","itemListElement":[{"@type":"ListItem","position":1,"name":"Ana sayfa","item":"https:\/\/genclercanta.com\/ar\/%d8%a7%d9%84%d8%b5%d9%81%d8%ad%d8%a9-%d8%a7%d9%84%d8%b1%d8%a6%d9%8a%d8%b3%d9%8a%d8%a9\/"},{"@type":"ListItem","position":2,"name":"\u0627\u0644\u0645\u062a\u062c\u0631","item":"https:\/\/genclercanta.com\/ar\/%d8%a7%d9%84%d9%85%d8%aa%d8%ac%d8%b1\/"},{"@type":"ListItem","position":3,"name":"Mochila negra Fudela Hose"}]},{"@type":"WebSite","@id":"https:\/\/genclercanta.com\/ar\/#website","url":"https:\/\/genclercanta.com\/ar\/","name":"Promosyon \u00c7anta imalat\u0131, \u00dcretimi, \u00c7anta imalat\u00e7\u0131s\u0131 \u00dcreticisi istanbul","description":"T\u00fcrkiyenin Toptan, Promosyon \u00c7anta \u0130malat\u00e7\u0131s\u0131","publisher":{"@id":"https:\/\/genclercanta.com\/ar\/#organization"},"alternateName":"Gen\u00e7ler \u00c7anta","potentialAction":[{"@type":"SearchAction","target":{"@type":"EntryPoint","urlTemplate":"https:\/\/genclercanta.com\/ar\/?s={search_term_string}"},"query-input":{"@type":"PropertyValueSpecification","valueRequired":true,"valueName":"search_term_string"}}],"inLanguage":"ar"},{"@type":"Organization","@id":"https:\/\/genclercanta.com\/ar\/#organization","name":"Promosyon \u00c7anta imalat\u0131, \u00dcretimi, \u00c7anta imalat\u00e7\u0131s\u0131 \u00dcreticisi istanbul","alternateName":"Gen\u00e7ler \u00c7anta","url":"https:\/\/genclercanta.com\/ar\/","logo":{"@type":"ImageObject","inLanguage":"ar","@id":"https:\/\/genclercanta.com\/ar\/#\/schema\/logo\/image\/","url":"https:\/\/genclercanta.com\/wp-content\/uploads\/2020\/10\/gencler-canta-logo.jpg","contentUrl":"https:\/\/genclercanta.com\/wp-content\/uploads\/2020\/10\/gencler-canta-logo.jpg","width":600,"height":133,"caption":"Promosyon \u00c7anta imalat\u0131, \u00dcretimi, \u00c7anta imalat\u00e7\u0131s\u0131 \u00dcreticisi istanbul"},"image":{"@id":"https:\/\/genclercanta.com\/ar\/#\/schema\/logo\/image\/"},"sameAs":["https:\/\/www.facebook.com\/GenclerCantacom\/","https:\/\/www.instagram.com\/genclercanta\/"]}]}},"_links":{"self":[{"href":"https:\/\/genclercanta.com\/ar\/wp-json\/wp\/v2\/product\/123530","targetHints":{"allow":["GET"]}}],"collection":[{"href":"https:\/\/genclercanta.com\/ar\/wp-json\/wp\/v2\/product"}],"about":[{"href":"https:\/\/genclercanta.com\/ar\/wp-json\/wp\/v2\/types\/product"}],"replies":[{"embeddable":true,"href":"https:\/\/genclercanta.com\/ar\/wp-json\/wp\/v2\/comments?post=123530"}],"wp:featuredmedia":[{"embeddable":true,"href":"https:\/\/genclercanta.com\/ar\/wp-json\/wp\/v2\/media\/100920"}],"wp:attachment":[{"href":"https:\/\/genclercanta.com\/ar\/wp-json\/wp\/v2\/media?parent=123530"}],"wp:term":[{"taxonomy":"product_brand","embeddable":true,"href":"https:\/\/genclercanta.com\/ar\/wp-json\/wp\/v2\/product_brand?post=123530"},{"taxonomy":"product_cat","embeddable":true,"href":"https:\/\/genclercanta.com\/ar\/wp-json\/wp\/v2\/product_cat?post=123530"},{"taxonomy":"product_tag","embeddable":true,"href":"https:\/\/genclercanta.com\/ar\/wp-json\/wp\/v2\/product_tag?post=123530"}],"curies":[{"name":"wp","href":"https:\/\/api.w.org\/{rel}","templated":true}]}}