{"id":123602,"date":"2021-03-29T09:35:27","date_gmt":"2021-03-29T09:35:27","guid":{"rendered":"https:\/\/genclercanta.com\/urunler\/%d8%ad%d9%82%d9%8a%d8%a8%d8%a9-%d9%83%d8%aa%d9%81-%d9%81%d9%88%d8%af%d9%8a%d9%84%d8%a7-%d9%83%d8%b1%d9%88%d8%b3-%d8%a8%d9%88%d8%af%d9%8a-%d9%84%d9%84%d8%a7%d8%b3%d8%aa%d8%ae%d8%af%d8%a7%d9%85-%d8%a7-3\/"},"modified":"2021-03-29T09:35:27","modified_gmt":"2021-03-29T09:35:27","slug":"%d8%ad%d9%82%d9%8a%d8%a8%d8%a9-%d9%83%d8%aa%d9%81-%d9%81%d9%88%d8%af%d9%8a%d9%84%d8%a7-%d9%83%d8%b1%d9%88%d8%b3-%d8%a8%d9%88%d8%af%d9%8a-%d9%84%d9%84%d8%a7%d8%b3%d8%aa%d8%ae%d8%af%d8%a7%d9%85-%d8%a7-3","status":"publish","type":"product","link":"https:\/\/genclercanta.com\/ar\/urunler\/%d8%ad%d9%82%d9%8a%d8%a8%d8%a9-%d9%83%d8%aa%d9%81-%d9%81%d9%88%d8%af%d9%8a%d9%84%d8%a7-%d9%83%d8%b1%d9%88%d8%b3-%d8%a8%d9%88%d8%af%d9%8a-%d9%84%d9%84%d8%a7%d8%b3%d8%aa%d8%ae%d8%af%d8%a7%d9%85-%d8%a7-3\/","title":{"rendered":"\u062d\u0642\u064a\u0628\u0629 \u0643\u062a\u0641 \u0641\u0648\u062f\u064a\u0644\u0627 \u0643\u0631\u0648\u0633 \u0628\u0648\u062f\u064a \u0644\u0644\u0627\u0633\u062a\u062e\u062f\u0627\u0645 \u0627\u0644\u064a\u0648\u0645\u064a \u0627\u0644\u0639\u0627\u062f\u064a \u0628\u0646\u0642\u0634\u0629 \u062d\u0645\u0631\u0627\u0621"},"content":{"rendered":"<p>\u2022 \u0627\u0644\u0639\u0631\u0636\u060c \u0627\u0644\u0637\u0648\u0644\u060c \u0627\u0644\u0639\u0645\u0642: \u0662\u0664\u00d7\u0661\u0668\u00d7\u0666 \u0633\u0645<br \/>\n\u2022 \u0645\u0635\u0646\u0648\u0639\u0629 \u0645\u0646 \u0642\u0645\u0627\u0634 \u0645\u0642\u0627\u0648\u0645 \u0644\u0644\u0645\u0627\u0621.<br \/>\n\u2022 \u0645\u0648\u062f\u064a\u0644\u0646\u0627 \u064a\u062d\u062a\u0648\u064a \u0639\u0644\u0649 \u062d\u062c\u0631\u062a\u064a\u0646.<br \/>\n\u2022 \u0627\u0644\u062c\u0632\u0621 \u0627\u0644\u062f\u0627\u062e\u0644\u064a \u0645\u0628\u0637\u0646 \u0628\u0627\u0644\u0643\u0627\u0645\u0644\u060c \u0648\u064a\u062a\u0643\u0648\u0646 \u0645\u0646 \u062d\u062c\u0631\u0629 \u0631\u0626\u064a\u0633\u064a\u0629 \u0648\u062d\u062c\u0631\u0629 \u0623\u0645\u0627\u0645\u064a\u0629.<br \/>\n\u2022 \u0645\u0642\u0627\u0648\u0645\u0629 \u0644\u0644\u0643\u0633\u0631 \u0648\u0627\u0644\u0627\u0644\u062a\u0648\u0627\u0621 \u0641\u064a \u062d\u0627\u0644 \u0627\u0644\u062a\u0639\u0631\u0636 \u0644\u0623\u064a \u0635\u062f\u0645\u0629.<br \/>\n\u2022 \u062d\u0632\u0627\u0645 \u0643\u062a\u0641 \u0642\u0627\u0628\u0644 \u0644\u0644\u062a\u0639\u062f\u064a\u0644 \u0644\u0631\u0627\u062d\u0629 \u0627\u0644\u0627\u0633\u062a\u062e\u062f\u0627\u0645 \u0639\u0644\u0649 \u0627\u0644\u0643\u062a\u0641.<br \/>\n\u2022 \u0642\u0645\u0627\u0634 \u0633\u0647\u0644 \u0627\u0644\u062a\u0646\u0638\u064a\u0641.<br \/>\n\u2022 \u0645\u0635\u0646\u0648\u0639\u0629 \u0645\u0646 \u0642\u0645\u0627\u0634 \u062e\u0627\u0635 \u062e\u0627\u0644\u064d \u0645\u0646 \u0627\u0644\u0645\u0648\u0627\u062f \u0627\u0644\u0645\u0633\u0631\u0637\u0646\u0629 \u0645\u062b\u0644 \u0627\u0644\u0641\u062b\u0627\u0644\u0627\u062a\u060c \u0648\u0645\u0646\u0627\u0633\u0628 \u0644\u0635\u062d\u0629 \u0627\u0644\u0625\u0646\u0633\u0627\u0646.<\/p>\n","protected":false},"excerpt":{"rendered":"<p>\u062d\u0642\u064a\u0628\u0629 \u0643\u062a\u0641 \u0641\u0648\u062f\u064a\u0644\u0627 \u0643\u0631\u0648\u0633 \u0628\u0648\u062f\u064a \u0644\u0644\u0627\u0633\u062a\u062e\u062f\u0627\u0645 \u0627\u0644\u064a\u0648\u0645\u064a \u0627\u0644\u0639\u0627\u062f\u064a \u0628\u0646\u0642\u0634\u0629 \u062d\u0645\u0631\u0627\u0621<\/p>\n","protected":false},"featured_media":99067,"comment_status":"closed","ping_status":"closed","template":"","meta":[],"product_brand":[],"product_cat":[398],"product_tag":[966,971,821,970,969,968,890,889,888,967],"class_list":{"0":"post-123602","1":"product","2":"type-product","3":"status-publish","4":"has-post-thumbnail","6":"product_cat-calista-ar","7":"product_tag-966","8":"product_tag---ar","9":"product_tag-821","10":"product_tag----ar","11":"product_tag-969","12":"product_tag-968","13":"product_tag-890","14":"product_tag-889","15":"product_tag-888","16":"product_tag-967","18":"first","19":"instock","20":"shipping-taxable","21":"purchasable","22":"product-type-simple"},"yoast_head":"<!-- This site is optimized with the Yoast SEO plugin v26.3 - https:\/\/yoast.com\/wordpress\/plugins\/seo\/ -->\n<title>\u062d\u0642\u064a\u0628\u0629 \u0643\u062a\u0641 \u0641\u0648\u062f\u064a\u0644\u0627 \u0643\u0631\u0648\u0633 \u0628\u0648\u062f\u064a \u0644\u0644\u0627\u0633\u062a\u062e\u062f\u0627\u0645 \u0627\u0644\u064a\u0648\u0645\u064a \u0627\u0644\u0639\u0627\u062f\u064a \u0628\u0646\u0642\u0634\u0629 \u062d\u0645\u0631\u0627\u0621 - Promosyon \u00c7anta imalat\u0131, \u00dcretimi, \u00c7anta imalat\u00e7\u0131s\u0131 \u00dcreticisi istanbul<\/title>\n<meta name=\"description\" content=\"\u062d\u0642\u064a\u0628\u0629 \u0643\u062a\u0641 \u0641\u0648\u062f\u064a\u0644\u0627 \u0643\u0631\u0648\u0633 \u0628\u0648\u062f\u064a \u0644\u0644\u0627\u0633\u062a\u062e\u062f\u0627\u0645 \u0627\u0644\u064a\u0648\u0645\u064a \u0627\u0644\u0639\u0627\u062f\u064a \u0628\u0646\u0642\u0634\u0629 \u062d\u0645\u0631\u0627\u0621\" \/>\n<meta name=\"robots\" content=\"index, follow, max-snippet:-1, max-image-preview:large, max-video-preview:-1\" \/>\n<link rel=\"canonical\" href=\"https:\/\/genclercanta.com\/ar\/urunler\/%d8%ad%d9%82%d9%8a%d8%a8%d8%a9-%d9%83%d8%aa%d9%81-%d9%81%d9%88%d8%af%d9%8a%d9%84%d8%a7-%d9%83%d8%b1%d9%88%d8%b3-%d8%a8%d9%88%d8%af%d9%8a-%d9%84%d9%84%d8%a7%d8%b3%d8%aa%d8%ae%d8%af%d8%a7%d9%85-%d8%a7-3\/\" \/>\n<meta property=\"og:locale\" content=\"ar_AR\" \/>\n<meta property=\"og:type\" content=\"article\" \/>\n<meta property=\"og:title\" content=\"\u062d\u0642\u064a\u0628\u0629 \u0643\u062a\u0641 \u0641\u0648\u062f\u064a\u0644\u0627 \u0643\u0631\u0648\u0633 \u0628\u0648\u062f\u064a \u0644\u0644\u0627\u0633\u062a\u062e\u062f\u0627\u0645 \u0627\u0644\u064a\u0648\u0645\u064a \u0627\u0644\u0639\u0627\u062f\u064a \u0628\u0646\u0642\u0634\u0629 \u062d\u0645\u0631\u0627\u0621 - Promosyon \u00c7anta imalat\u0131, \u00dcretimi, \u00c7anta imalat\u00e7\u0131s\u0131 \u00dcreticisi istanbul\" \/>\n<meta property=\"og:description\" content=\"\u062d\u0642\u064a\u0628\u0629 \u0643\u062a\u0641 \u0641\u0648\u062f\u064a\u0644\u0627 \u0643\u0631\u0648\u0633 \u0628\u0648\u062f\u064a \u0644\u0644\u0627\u0633\u062a\u062e\u062f\u0627\u0645 \u0627\u0644\u064a\u0648\u0645\u064a \u0627\u0644\u0639\u0627\u062f\u064a \u0628\u0646\u0642\u0634\u0629 \u062d\u0645\u0631\u0627\u0621\" \/>\n<meta property=\"og:url\" content=\"https:\/\/genclercanta.com\/ar\/urunler\/%d8%ad%d9%82%d9%8a%d8%a8%d8%a9-%d9%83%d8%aa%d9%81-%d9%81%d9%88%d8%af%d9%8a%d9%84%d8%a7-%d9%83%d8%b1%d9%88%d8%b3-%d8%a8%d9%88%d8%af%d9%8a-%d9%84%d9%84%d8%a7%d8%b3%d8%aa%d8%ae%d8%af%d8%a7%d9%85-%d8%a7-3\/\" \/>\n<meta property=\"og:site_name\" content=\"Promosyon \u00c7anta imalat\u0131, \u00dcretimi, \u00c7anta imalat\u00e7\u0131s\u0131 \u00dcreticisi istanbul\" \/>\n<meta property=\"article:publisher\" content=\"https:\/\/www.facebook.com\/GenclerCantacom\/\" \/>\n<meta property=\"og:image\" content=\"https:\/\/genclercanta.com\/wp-content\/uploads\/2021\/03\/Layer-41.jpg\" \/>\n\t<meta property=\"og:image:width\" content=\"1500\" \/>\n\t<meta property=\"og:image:height\" content=\"1250\" \/>\n\t<meta property=\"og:image:type\" content=\"image\/jpeg\" \/>\n<script type=\"application\/ld+json\" class=\"yoast-schema-graph\">{\"@context\":\"https:\/\/schema.org\",\"@graph\":[{\"@type\":\"WebPage\",\"@id\":\"https:\/\/genclercanta.com\/ar\/urunler\/%d8%ad%d9%82%d9%8a%d8%a8%d8%a9-%d9%83%d8%aa%d9%81-%d9%81%d9%88%d8%af%d9%8a%d9%84%d8%a7-%d9%83%d8%b1%d9%88%d8%b3-%d8%a8%d9%88%d8%af%d9%8a-%d9%84%d9%84%d8%a7%d8%b3%d8%aa%d8%ae%d8%af%d8%a7%d9%85-%d8%a7-3\/\",\"url\":\"https:\/\/genclercanta.com\/ar\/urunler\/%d8%ad%d9%82%d9%8a%d8%a8%d8%a9-%d9%83%d8%aa%d9%81-%d9%81%d9%88%d8%af%d9%8a%d9%84%d8%a7-%d9%83%d8%b1%d9%88%d8%b3-%d8%a8%d9%88%d8%af%d9%8a-%d9%84%d9%84%d8%a7%d8%b3%d8%aa%d8%ae%d8%af%d8%a7%d9%85-%d8%a7-3\/\",\"name\":\"\u062d\u0642\u064a\u0628\u0629 \u0643\u062a\u0641 \u0641\u0648\u062f\u064a\u0644\u0627 \u0643\u0631\u0648\u0633 \u0628\u0648\u062f\u064a \u0644\u0644\u0627\u0633\u062a\u062e\u062f\u0627\u0645 \u0627\u0644\u064a\u0648\u0645\u064a \u0627\u0644\u0639\u0627\u062f\u064a \u0628\u0646\u0642\u0634\u0629 \u062d\u0645\u0631\u0627\u0621 - Promosyon \u00c7anta imalat\u0131, \u00dcretimi, \u00c7anta imalat\u00e7\u0131s\u0131 \u00dcreticisi istanbul\",\"isPartOf\":{\"@id\":\"https:\/\/genclercanta.com\/ar\/#website\"},\"primaryImageOfPage\":{\"@id\":\"https:\/\/genclercanta.com\/ar\/urunler\/%d8%ad%d9%82%d9%8a%d8%a8%d8%a9-%d9%83%d8%aa%d9%81-%d9%81%d9%88%d8%af%d9%8a%d9%84%d8%a7-%d9%83%d8%b1%d9%88%d8%b3-%d8%a8%d9%88%d8%af%d9%8a-%d9%84%d9%84%d8%a7%d8%b3%d8%aa%d8%ae%d8%af%d8%a7%d9%85-%d8%a7-3\/#primaryimage\"},\"image\":{\"@id\":\"https:\/\/genclercanta.com\/ar\/urunler\/%d8%ad%d9%82%d9%8a%d8%a8%d8%a9-%d9%83%d8%aa%d9%81-%d9%81%d9%88%d8%af%d9%8a%d9%84%d8%a7-%d9%83%d8%b1%d9%88%d8%b3-%d8%a8%d9%88%d8%af%d9%8a-%d9%84%d9%84%d8%a7%d8%b3%d8%aa%d8%ae%d8%af%d8%a7%d9%85-%d8%a7-3\/#primaryimage\"},\"thumbnailUrl\":\"https:\/\/genclercanta.com\/wp-content\/uploads\/2021\/03\/Layer-41.jpg\",\"datePublished\":\"2021-03-29T09:35:27+00:00\",\"description\":\"\u062d\u0642\u064a\u0628\u0629 \u0643\u062a\u0641 \u0641\u0648\u062f\u064a\u0644\u0627 \u0643\u0631\u0648\u0633 \u0628\u0648\u062f\u064a \u0644\u0644\u0627\u0633\u062a\u062e\u062f\u0627\u0645 \u0627\u0644\u064a\u0648\u0645\u064a \u0627\u0644\u0639\u0627\u062f\u064a \u0628\u0646\u0642\u0634\u0629 \u062d\u0645\u0631\u0627\u0621\",\"breadcrumb\":{\"@id\":\"https:\/\/genclercanta.com\/ar\/urunler\/%d8%ad%d9%82%d9%8a%d8%a8%d8%a9-%d9%83%d8%aa%d9%81-%d9%81%d9%88%d8%af%d9%8a%d9%84%d8%a7-%d9%83%d8%b1%d9%88%d8%b3-%d8%a8%d9%88%d8%af%d9%8a-%d9%84%d9%84%d8%a7%d8%b3%d8%aa%d8%ae%d8%af%d8%a7%d9%85-%d8%a7-3\/#breadcrumb\"},\"inLanguage\":\"ar\",\"potentialAction\":[{\"@type\":\"ReadAction\",\"target\":[\"https:\/\/genclercanta.com\/ar\/urunler\/%d8%ad%d9%82%d9%8a%d8%a8%d8%a9-%d9%83%d8%aa%d9%81-%d9%81%d9%88%d8%af%d9%8a%d9%84%d8%a7-%d9%83%d8%b1%d9%88%d8%b3-%d8%a8%d9%88%d8%af%d9%8a-%d9%84%d9%84%d8%a7%d8%b3%d8%aa%d8%ae%d8%af%d8%a7%d9%85-%d8%a7-3\/\"]}]},{\"@type\":\"ImageObject\",\"inLanguage\":\"ar\",\"@id\":\"https:\/\/genclercanta.com\/ar\/urunler\/%d8%ad%d9%82%d9%8a%d8%a8%d8%a9-%d9%83%d8%aa%d9%81-%d9%81%d9%88%d8%af%d9%8a%d9%84%d8%a7-%d9%83%d8%b1%d9%88%d8%b3-%d8%a8%d9%88%d8%af%d9%8a-%d9%84%d9%84%d8%a7%d8%b3%d8%aa%d8%ae%d8%af%d8%a7%d9%85-%d8%a7-3\/#primaryimage\",\"url\":\"https:\/\/genclercanta.com\/wp-content\/uploads\/2021\/03\/Layer-41.jpg\",\"contentUrl\":\"https:\/\/genclercanta.com\/wp-content\/uploads\/2021\/03\/Layer-41.jpg\",\"width\":1500,\"height\":1250,\"caption\":\"Fudela \u00c7apraz Ask\u0131l\u0131 Rahat G\u00fcnl\u00fck Kullan\u0131m Omuz \u00c7antas\u0131 K\u0131rm\u0131z\u0131 Desenli\"},{\"@type\":\"BreadcrumbList\",\"@id\":\"https:\/\/genclercanta.com\/ar\/urunler\/%d8%ad%d9%82%d9%8a%d8%a8%d8%a9-%d9%83%d8%aa%d9%81-%d9%81%d9%88%d8%af%d9%8a%d9%84%d8%a7-%d9%83%d8%b1%d9%88%d8%b3-%d8%a8%d9%88%d8%af%d9%8a-%d9%84%d9%84%d8%a7%d8%b3%d8%aa%d8%ae%d8%af%d8%a7%d9%85-%d8%a7-3\/#breadcrumb\",\"itemListElement\":[{\"@type\":\"ListItem\",\"position\":1,\"name\":\"Ana sayfa\",\"item\":\"https:\/\/genclercanta.com\/ar\/%d8%a7%d9%84%d8%b5%d9%81%d8%ad%d8%a9-%d8%a7%d9%84%d8%b1%d8%a6%d9%8a%d8%b3%d9%8a%d8%a9\/\"},{\"@type\":\"ListItem\",\"position\":2,\"name\":\"\u0627\u0644\u0645\u062a\u062c\u0631\",\"item\":\"https:\/\/genclercanta.com\/ar\/%d8%a7%d9%84%d9%85%d8%aa%d8%ac%d8%b1\/\"},{\"@type\":\"ListItem\",\"position\":3,\"name\":\"\u062d\u0642\u064a\u0628\u0629 \u0643\u062a\u0641 \u0641\u0648\u062f\u064a\u0644\u0627 \u0643\u0631\u0648\u0633 \u0628\u0648\u062f\u064a \u0644\u0644\u0627\u0633\u062a\u062e\u062f\u0627\u0645 \u0627\u0644\u064a\u0648\u0645\u064a \u0627\u0644\u0639\u0627\u062f\u064a \u0628\u0646\u0642\u0634\u0629 \u062d\u0645\u0631\u0627\u0621\"}]},{\"@type\":\"WebSite\",\"@id\":\"https:\/\/genclercanta.com\/ar\/#website\",\"url\":\"https:\/\/genclercanta.com\/ar\/\",\"name\":\"Promosyon \u00c7anta imalat\u0131, \u00dcretimi, \u00c7anta imalat\u00e7\u0131s\u0131 \u00dcreticisi istanbul\",\"description\":\"T\u00fcrkiyenin Toptan, Promosyon \u00c7anta \u0130malat\u00e7\u0131s\u0131\",\"publisher\":{\"@id\":\"https:\/\/genclercanta.com\/ar\/#organization\"},\"alternateName\":\"Gen\u00e7ler \u00c7anta\",\"potentialAction\":[{\"@type\":\"SearchAction\",\"target\":{\"@type\":\"EntryPoint\",\"urlTemplate\":\"https:\/\/genclercanta.com\/ar\/?s={search_term_string}\"},\"query-input\":{\"@type\":\"PropertyValueSpecification\",\"valueRequired\":true,\"valueName\":\"search_term_string\"}}],\"inLanguage\":\"ar\"},{\"@type\":\"Organization\",\"@id\":\"https:\/\/genclercanta.com\/ar\/#organization\",\"name\":\"Promosyon \u00c7anta imalat\u0131, \u00dcretimi, \u00c7anta imalat\u00e7\u0131s\u0131 \u00dcreticisi istanbul\",\"alternateName\":\"Gen\u00e7ler \u00c7anta\",\"url\":\"https:\/\/genclercanta.com\/ar\/\",\"logo\":{\"@type\":\"ImageObject\",\"inLanguage\":\"ar\",\"@id\":\"https:\/\/genclercanta.com\/ar\/#\/schema\/logo\/image\/\",\"url\":\"https:\/\/genclercanta.com\/wp-content\/uploads\/2020\/10\/gencler-canta-logo.jpg\",\"contentUrl\":\"https:\/\/genclercanta.com\/wp-content\/uploads\/2020\/10\/gencler-canta-logo.jpg\",\"width\":600,\"height\":133,\"caption\":\"Promosyon \u00c7anta imalat\u0131, \u00dcretimi, \u00c7anta imalat\u00e7\u0131s\u0131 \u00dcreticisi istanbul\"},\"image\":{\"@id\":\"https:\/\/genclercanta.com\/ar\/#\/schema\/logo\/image\/\"},\"sameAs\":[\"https:\/\/www.facebook.com\/GenclerCantacom\/\",\"https:\/\/www.instagram.com\/genclercanta\/\"]}]}<\/script>\n<!-- \/ Yoast SEO plugin. -->","yoast_head_json":{"title":"\u062d\u0642\u064a\u0628\u0629 \u0643\u062a\u0641 \u0641\u0648\u062f\u064a\u0644\u0627 \u0643\u0631\u0648\u0633 \u0628\u0648\u062f\u064a \u0644\u0644\u0627\u0633\u062a\u062e\u062f\u0627\u0645 \u0627\u0644\u064a\u0648\u0645\u064a \u0627\u0644\u0639\u0627\u062f\u064a \u0628\u0646\u0642\u0634\u0629 \u062d\u0645\u0631\u0627\u0621 - Promosyon \u00c7anta imalat\u0131, \u00dcretimi, \u00c7anta imalat\u00e7\u0131s\u0131 \u00dcreticisi istanbul","description":"\u062d\u0642\u064a\u0628\u0629 \u0643\u062a\u0641 \u0641\u0648\u062f\u064a\u0644\u0627 \u0643\u0631\u0648\u0633 \u0628\u0648\u062f\u064a \u0644\u0644\u0627\u0633\u062a\u062e\u062f\u0627\u0645 \u0627\u0644\u064a\u0648\u0645\u064a \u0627\u0644\u0639\u0627\u062f\u064a \u0628\u0646\u0642\u0634\u0629 \u062d\u0645\u0631\u0627\u0621","robots":{"index":"index","follow":"follow","max-snippet":"max-snippet:-1","max-image-preview":"max-image-preview:large","max-video-preview":"max-video-preview:-1"},"canonical":"https:\/\/genclercanta.com\/ar\/urunler\/%d8%ad%d9%82%d9%8a%d8%a8%d8%a9-%d9%83%d8%aa%d9%81-%d9%81%d9%88%d8%af%d9%8a%d9%84%d8%a7-%d9%83%d8%b1%d9%88%d8%b3-%d8%a8%d9%88%d8%af%d9%8a-%d9%84%d9%84%d8%a7%d8%b3%d8%aa%d8%ae%d8%af%d8%a7%d9%85-%d8%a7-3\/","og_locale":"ar_AR","og_type":"article","og_title":"\u062d\u0642\u064a\u0628\u0629 \u0643\u062a\u0641 \u0641\u0648\u062f\u064a\u0644\u0627 \u0643\u0631\u0648\u0633 \u0628\u0648\u062f\u064a \u0644\u0644\u0627\u0633\u062a\u062e\u062f\u0627\u0645 \u0627\u0644\u064a\u0648\u0645\u064a \u0627\u0644\u0639\u0627\u062f\u064a \u0628\u0646\u0642\u0634\u0629 \u062d\u0645\u0631\u0627\u0621 - Promosyon \u00c7anta imalat\u0131, \u00dcretimi, \u00c7anta imalat\u00e7\u0131s\u0131 \u00dcreticisi istanbul","og_description":"\u062d\u0642\u064a\u0628\u0629 \u0643\u062a\u0641 \u0641\u0648\u062f\u064a\u0644\u0627 \u0643\u0631\u0648\u0633 \u0628\u0648\u062f\u064a \u0644\u0644\u0627\u0633\u062a\u062e\u062f\u0627\u0645 \u0627\u0644\u064a\u0648\u0645\u064a \u0627\u0644\u0639\u0627\u062f\u064a \u0628\u0646\u0642\u0634\u0629 \u062d\u0645\u0631\u0627\u0621","og_url":"https:\/\/genclercanta.com\/ar\/urunler\/%d8%ad%d9%82%d9%8a%d8%a8%d8%a9-%d9%83%d8%aa%d9%81-%d9%81%d9%88%d8%af%d9%8a%d9%84%d8%a7-%d9%83%d8%b1%d9%88%d8%b3-%d8%a8%d9%88%d8%af%d9%8a-%d9%84%d9%84%d8%a7%d8%b3%d8%aa%d8%ae%d8%af%d8%a7%d9%85-%d8%a7-3\/","og_site_name":"Promosyon \u00c7anta imalat\u0131, \u00dcretimi, \u00c7anta imalat\u00e7\u0131s\u0131 \u00dcreticisi istanbul","article_publisher":"https:\/\/www.facebook.com\/GenclerCantacom\/","og_image":[{"width":1500,"height":1250,"url":"https:\/\/genclercanta.com\/wp-content\/uploads\/2021\/03\/Layer-41.jpg","type":"image\/jpeg"}],"schema":{"@context":"https:\/\/schema.org","@graph":[{"@type":"WebPage","@id":"https:\/\/genclercanta.com\/ar\/urunler\/%d8%ad%d9%82%d9%8a%d8%a8%d8%a9-%d9%83%d8%aa%d9%81-%d9%81%d9%88%d8%af%d9%8a%d9%84%d8%a7-%d9%83%d8%b1%d9%88%d8%b3-%d8%a8%d9%88%d8%af%d9%8a-%d9%84%d9%84%d8%a7%d8%b3%d8%aa%d8%ae%d8%af%d8%a7%d9%85-%d8%a7-3\/","url":"https:\/\/genclercanta.com\/ar\/urunler\/%d8%ad%d9%82%d9%8a%d8%a8%d8%a9-%d9%83%d8%aa%d9%81-%d9%81%d9%88%d8%af%d9%8a%d9%84%d8%a7-%d9%83%d8%b1%d9%88%d8%b3-%d8%a8%d9%88%d8%af%d9%8a-%d9%84%d9%84%d8%a7%d8%b3%d8%aa%d8%ae%d8%af%d8%a7%d9%85-%d8%a7-3\/","name":"\u062d\u0642\u064a\u0628\u0629 \u0643\u062a\u0641 \u0641\u0648\u062f\u064a\u0644\u0627 \u0643\u0631\u0648\u0633 \u0628\u0648\u062f\u064a \u0644\u0644\u0627\u0633\u062a\u062e\u062f\u0627\u0645 \u0627\u0644\u064a\u0648\u0645\u064a \u0627\u0644\u0639\u0627\u062f\u064a \u0628\u0646\u0642\u0634\u0629 \u062d\u0645\u0631\u0627\u0621 - Promosyon \u00c7anta imalat\u0131, \u00dcretimi, \u00c7anta imalat\u00e7\u0131s\u0131 \u00dcreticisi istanbul","isPartOf":{"@id":"https:\/\/genclercanta.com\/ar\/#website"},"primaryImageOfPage":{"@id":"https:\/\/genclercanta.com\/ar\/urunler\/%d8%ad%d9%82%d9%8a%d8%a8%d8%a9-%d9%83%d8%aa%d9%81-%d9%81%d9%88%d8%af%d9%8a%d9%84%d8%a7-%d9%83%d8%b1%d9%88%d8%b3-%d8%a8%d9%88%d8%af%d9%8a-%d9%84%d9%84%d8%a7%d8%b3%d8%aa%d8%ae%d8%af%d8%a7%d9%85-%d8%a7-3\/#primaryimage"},"image":{"@id":"https:\/\/genclercanta.com\/ar\/urunler\/%d8%ad%d9%82%d9%8a%d8%a8%d8%a9-%d9%83%d8%aa%d9%81-%d9%81%d9%88%d8%af%d9%8a%d9%84%d8%a7-%d9%83%d8%b1%d9%88%d8%b3-%d8%a8%d9%88%d8%af%d9%8a-%d9%84%d9%84%d8%a7%d8%b3%d8%aa%d8%ae%d8%af%d8%a7%d9%85-%d8%a7-3\/#primaryimage"},"thumbnailUrl":"https:\/\/genclercanta.com\/wp-content\/uploads\/2021\/03\/Layer-41.jpg","datePublished":"2021-03-29T09:35:27+00:00","description":"\u062d\u0642\u064a\u0628\u0629 \u0643\u062a\u0641 \u0641\u0648\u062f\u064a\u0644\u0627 \u0643\u0631\u0648\u0633 \u0628\u0648\u062f\u064a \u0644\u0644\u0627\u0633\u062a\u062e\u062f\u0627\u0645 \u0627\u0644\u064a\u0648\u0645\u064a \u0627\u0644\u0639\u0627\u062f\u064a \u0628\u0646\u0642\u0634\u0629 \u062d\u0645\u0631\u0627\u0621","breadcrumb":{"@id":"https:\/\/genclercanta.com\/ar\/urunler\/%d8%ad%d9%82%d9%8a%d8%a8%d8%a9-%d9%83%d8%aa%d9%81-%d9%81%d9%88%d8%af%d9%8a%d9%84%d8%a7-%d9%83%d8%b1%d9%88%d8%b3-%d8%a8%d9%88%d8%af%d9%8a-%d9%84%d9%84%d8%a7%d8%b3%d8%aa%d8%ae%d8%af%d8%a7%d9%85-%d8%a7-3\/#breadcrumb"},"inLanguage":"ar","potentialAction":[{"@type":"ReadAction","target":["https:\/\/genclercanta.com\/ar\/urunler\/%d8%ad%d9%82%d9%8a%d8%a8%d8%a9-%d9%83%d8%aa%d9%81-%d9%81%d9%88%d8%af%d9%8a%d9%84%d8%a7-%d9%83%d8%b1%d9%88%d8%b3-%d8%a8%d9%88%d8%af%d9%8a-%d9%84%d9%84%d8%a7%d8%b3%d8%aa%d8%ae%d8%af%d8%a7%d9%85-%d8%a7-3\/"]}]},{"@type":"ImageObject","inLanguage":"ar","@id":"https:\/\/genclercanta.com\/ar\/urunler\/%d8%ad%d9%82%d9%8a%d8%a8%d8%a9-%d9%83%d8%aa%d9%81-%d9%81%d9%88%d8%af%d9%8a%d9%84%d8%a7-%d9%83%d8%b1%d9%88%d8%b3-%d8%a8%d9%88%d8%af%d9%8a-%d9%84%d9%84%d8%a7%d8%b3%d8%aa%d8%ae%d8%af%d8%a7%d9%85-%d8%a7-3\/#primaryimage","url":"https:\/\/genclercanta.com\/wp-content\/uploads\/2021\/03\/Layer-41.jpg","contentUrl":"https:\/\/genclercanta.com\/wp-content\/uploads\/2021\/03\/Layer-41.jpg","width":1500,"height":1250,"caption":"Fudela \u00c7apraz Ask\u0131l\u0131 Rahat G\u00fcnl\u00fck Kullan\u0131m Omuz \u00c7antas\u0131 K\u0131rm\u0131z\u0131 Desenli"},{"@type":"BreadcrumbList","@id":"https:\/\/genclercanta.com\/ar\/urunler\/%d8%ad%d9%82%d9%8a%d8%a8%d8%a9-%d9%83%d8%aa%d9%81-%d9%81%d9%88%d8%af%d9%8a%d9%84%d8%a7-%d9%83%d8%b1%d9%88%d8%b3-%d8%a8%d9%88%d8%af%d9%8a-%d9%84%d9%84%d8%a7%d8%b3%d8%aa%d8%ae%d8%af%d8%a7%d9%85-%d8%a7-3\/#breadcrumb","itemListElement":[{"@type":"ListItem","position":1,"name":"Ana sayfa","item":"https:\/\/genclercanta.com\/ar\/%d8%a7%d9%84%d8%b5%d9%81%d8%ad%d8%a9-%d8%a7%d9%84%d8%b1%d8%a6%d9%8a%d8%b3%d9%8a%d8%a9\/"},{"@type":"ListItem","position":2,"name":"\u0627\u0644\u0645\u062a\u062c\u0631","item":"https:\/\/genclercanta.com\/ar\/%d8%a7%d9%84%d9%85%d8%aa%d8%ac%d8%b1\/"},{"@type":"ListItem","position":3,"name":"\u062d\u0642\u064a\u0628\u0629 \u0643\u062a\u0641 \u0641\u0648\u062f\u064a\u0644\u0627 \u0643\u0631\u0648\u0633 \u0628\u0648\u062f\u064a \u0644\u0644\u0627\u0633\u062a\u062e\u062f\u0627\u0645 \u0627\u0644\u064a\u0648\u0645\u064a \u0627\u0644\u0639\u0627\u062f\u064a \u0628\u0646\u0642\u0634\u0629 \u062d\u0645\u0631\u0627\u0621"}]},{"@type":"WebSite","@id":"https:\/\/genclercanta.com\/ar\/#website","url":"https:\/\/genclercanta.com\/ar\/","name":"Promosyon \u00c7anta imalat\u0131, \u00dcretimi, \u00c7anta imalat\u00e7\u0131s\u0131 \u00dcreticisi istanbul","description":"T\u00fcrkiyenin Toptan, Promosyon \u00c7anta \u0130malat\u00e7\u0131s\u0131","publisher":{"@id":"https:\/\/genclercanta.com\/ar\/#organization"},"alternateName":"Gen\u00e7ler \u00c7anta","potentialAction":[{"@type":"SearchAction","target":{"@type":"EntryPoint","urlTemplate":"https:\/\/genclercanta.com\/ar\/?s={search_term_string}"},"query-input":{"@type":"PropertyValueSpecification","valueRequired":true,"valueName":"search_term_string"}}],"inLanguage":"ar"},{"@type":"Organization","@id":"https:\/\/genclercanta.com\/ar\/#organization","name":"Promosyon \u00c7anta imalat\u0131, \u00dcretimi, \u00c7anta imalat\u00e7\u0131s\u0131 \u00dcreticisi istanbul","alternateName":"Gen\u00e7ler \u00c7anta","url":"https:\/\/genclercanta.com\/ar\/","logo":{"@type":"ImageObject","inLanguage":"ar","@id":"https:\/\/genclercanta.com\/ar\/#\/schema\/logo\/image\/","url":"https:\/\/genclercanta.com\/wp-content\/uploads\/2020\/10\/gencler-canta-logo.jpg","contentUrl":"https:\/\/genclercanta.com\/wp-content\/uploads\/2020\/10\/gencler-canta-logo.jpg","width":600,"height":133,"caption":"Promosyon \u00c7anta imalat\u0131, \u00dcretimi, \u00c7anta imalat\u00e7\u0131s\u0131 \u00dcreticisi istanbul"},"image":{"@id":"https:\/\/genclercanta.com\/ar\/#\/schema\/logo\/image\/"},"sameAs":["https:\/\/www.facebook.com\/GenclerCantacom\/","https:\/\/www.instagram.com\/genclercanta\/"]}]}},"_links":{"self":[{"href":"https:\/\/genclercanta.com\/ar\/wp-json\/wp\/v2\/product\/123602","targetHints":{"allow":["GET"]}}],"collection":[{"href":"https:\/\/genclercanta.com\/ar\/wp-json\/wp\/v2\/product"}],"about":[{"href":"https:\/\/genclercanta.com\/ar\/wp-json\/wp\/v2\/types\/product"}],"replies":[{"embeddable":true,"href":"https:\/\/genclercanta.com\/ar\/wp-json\/wp\/v2\/comments?post=123602"}],"wp:featuredmedia":[{"embeddable":true,"href":"https:\/\/genclercanta.com\/ar\/wp-json\/wp\/v2\/media\/99067"}],"wp:attachment":[{"href":"https:\/\/genclercanta.com\/ar\/wp-json\/wp\/v2\/media?parent=123602"}],"wp:term":[{"taxonomy":"product_brand","embeddable":true,"href":"https:\/\/genclercanta.com\/ar\/wp-json\/wp\/v2\/product_brand?post=123602"},{"taxonomy":"product_cat","embeddable":true,"href":"https:\/\/genclercanta.com\/ar\/wp-json\/wp\/v2\/product_cat?post=123602"},{"taxonomy":"product_tag","embeddable":true,"href":"https:\/\/genclercanta.com\/ar\/wp-json\/wp\/v2\/product_tag?post=123602"}],"curies":[{"name":"wp","href":"https:\/\/api.w.org\/{rel}","templated":true}]}}