{"id":123705,"date":"2020-12-03T12:11:24","date_gmt":"2020-12-03T12:11:24","guid":{"rendered":"https:\/\/genclercanta.com\/urunler\/school-bag-gncu-1318\/"},"modified":"2020-12-03T12:11:24","modified_gmt":"2020-12-03T12:11:24","slug":"school-bag-gncu-1318","status":"publish","type":"product","link":"https:\/\/genclercanta.com\/ar\/urunler\/school-bag-gncu-1318\/","title":{"rendered":"School Bag GNCU 1318"},"content":{"rendered":"<p>Code: GNCU 1318<br \/>\nWidth, Length, Depth: 45x30x15 cm<br \/>\nMade of waterproof fabric.<br \/>\nOur model has three compartments.<br \/>\nThe interior is fully lined. There is one main compartment and two side water bottle compartments.<br \/>\nIt has a padded back cover. \u2022 It is resistant to breaking and twisting in the event of any impact.<br \/>\nThe adjustable shoulder strap allows you to use it as a single or double sling.<br \/>\nIts easy-to-clean fabric makes it easy to clean.<br \/>\nIt is made of a special fabric that does not contain carcinogenic substances such as phthalates and is suitable for human health.<\/p>\n","protected":false},"excerpt":{"rendered":"<p>School Bag GNCU 1318<\/p>\n","protected":false},"featured_media":89698,"comment_status":"open","ping_status":"closed","template":"","meta":[],"product_brand":[],"product_cat":[692],"product_tag":[819,818,966,820,971,824,968,967],"class_list":{"0":"post-123705","1":"product","2":"type-product","3":"status-publish","4":"has-post-thumbnail","6":"product_cat-692","7":"product_tag-819","8":"product_tag-818","9":"product_tag-966","10":"product_tag-820","11":"product_tag---ar","12":"product_tag-824","13":"product_tag-968","14":"product_tag-967","16":"first","17":"instock","18":"shipping-taxable","19":"product-type-simple"},"yoast_head":"<!-- This site is optimized with the Yoast SEO plugin v26.3 - https:\/\/yoast.com\/wordpress\/plugins\/seo\/ -->\n<title>School Bag GNCU 1318 - Promosyon \u00c7anta imalat\u0131, \u00dcretimi, \u00c7anta imalat\u00e7\u0131s\u0131 \u00dcreticisi istanbul<\/title>\n<meta name=\"description\" content=\"School Bag GNCU 1318\" \/>\n<meta name=\"robots\" content=\"index, follow, max-snippet:-1, max-image-preview:large, max-video-preview:-1\" \/>\n<link rel=\"canonical\" href=\"https:\/\/genclercanta.com\/ar\/urunler\/school-bag-gncu-1318\/\" \/>\n<meta property=\"og:locale\" content=\"ar_AR\" \/>\n<meta property=\"og:type\" content=\"article\" \/>\n<meta property=\"og:title\" content=\"School Bag GNCU 1318 - Promosyon \u00c7anta imalat\u0131, \u00dcretimi, \u00c7anta imalat\u00e7\u0131s\u0131 \u00dcreticisi istanbul\" \/>\n<meta property=\"og:description\" content=\"School Bag GNCU 1318\" \/>\n<meta property=\"og:url\" content=\"https:\/\/genclercanta.com\/ar\/urunler\/school-bag-gncu-1318\/\" \/>\n<meta property=\"og:site_name\" content=\"Promosyon \u00c7anta imalat\u0131, \u00dcretimi, \u00c7anta imalat\u00e7\u0131s\u0131 \u00dcreticisi istanbul\" \/>\n<meta property=\"article:publisher\" content=\"https:\/\/www.facebook.com\/GenclerCantacom\/\" \/>\n<meta property=\"og:image\" content=\"https:\/\/genclercanta.com\/wp-content\/uploads\/2020\/12\/1-23.jpg\" \/>\n\t<meta property=\"og:image:width\" content=\"800\" \/>\n\t<meta property=\"og:image:height\" content=\"600\" \/>\n\t<meta property=\"og:image:type\" content=\"image\/jpeg\" \/>\n<script type=\"application\/ld+json\" class=\"yoast-schema-graph\">{\"@context\":\"https:\/\/schema.org\",\"@graph\":[{\"@type\":\"WebPage\",\"@id\":\"https:\/\/genclercanta.com\/ar\/urunler\/school-bag-gncu-1318\/\",\"url\":\"https:\/\/genclercanta.com\/ar\/urunler\/school-bag-gncu-1318\/\",\"name\":\"School Bag GNCU 1318 - Promosyon \u00c7anta imalat\u0131, \u00dcretimi, \u00c7anta imalat\u00e7\u0131s\u0131 \u00dcreticisi istanbul\",\"isPartOf\":{\"@id\":\"https:\/\/genclercanta.com\/ar\/#website\"},\"primaryImageOfPage\":{\"@id\":\"https:\/\/genclercanta.com\/ar\/urunler\/school-bag-gncu-1318\/#primaryimage\"},\"image\":{\"@id\":\"https:\/\/genclercanta.com\/ar\/urunler\/school-bag-gncu-1318\/#primaryimage\"},\"thumbnailUrl\":\"https:\/\/genclercanta.com\/wp-content\/uploads\/2020\/12\/1-23.jpg\",\"datePublished\":\"2020-12-03T12:11:24+00:00\",\"description\":\"School Bag GNCU 1318\",\"breadcrumb\":{\"@id\":\"https:\/\/genclercanta.com\/ar\/urunler\/school-bag-gncu-1318\/#breadcrumb\"},\"inLanguage\":\"ar\",\"potentialAction\":[{\"@type\":\"ReadAction\",\"target\":[\"https:\/\/genclercanta.com\/ar\/urunler\/school-bag-gncu-1318\/\"]}]},{\"@type\":\"ImageObject\",\"inLanguage\":\"ar\",\"@id\":\"https:\/\/genclercanta.com\/ar\/urunler\/school-bag-gncu-1318\/#primaryimage\",\"url\":\"https:\/\/genclercanta.com\/wp-content\/uploads\/2020\/12\/1-23.jpg\",\"contentUrl\":\"https:\/\/genclercanta.com\/wp-content\/uploads\/2020\/12\/1-23.jpg\",\"width\":800,\"height\":600,\"caption\":\"Toptan Tasar\u0131m S\u0131rt Okul \u00c7antas\u0131\"},{\"@type\":\"BreadcrumbList\",\"@id\":\"https:\/\/genclercanta.com\/ar\/urunler\/school-bag-gncu-1318\/#breadcrumb\",\"itemListElement\":[{\"@type\":\"ListItem\",\"position\":1,\"name\":\"Ana sayfa\",\"item\":\"https:\/\/genclercanta.com\/ar\/%d8%a7%d9%84%d8%b5%d9%81%d8%ad%d8%a9-%d8%a7%d9%84%d8%b1%d8%a6%d9%8a%d8%b3%d9%8a%d8%a9\/\"},{\"@type\":\"ListItem\",\"position\":2,\"name\":\"\u0627\u0644\u0645\u062a\u062c\u0631\",\"item\":\"https:\/\/genclercanta.com\/ar\/%d8%a7%d9%84%d9%85%d8%aa%d8%ac%d8%b1\/\"},{\"@type\":\"ListItem\",\"position\":3,\"name\":\"School Bag GNCU 1318\"}]},{\"@type\":\"WebSite\",\"@id\":\"https:\/\/genclercanta.com\/ar\/#website\",\"url\":\"https:\/\/genclercanta.com\/ar\/\",\"name\":\"Promosyon \u00c7anta imalat\u0131, \u00dcretimi, \u00c7anta imalat\u00e7\u0131s\u0131 \u00dcreticisi istanbul\",\"description\":\"T\u00fcrkiyenin Toptan, Promosyon \u00c7anta \u0130malat\u00e7\u0131s\u0131\",\"publisher\":{\"@id\":\"https:\/\/genclercanta.com\/ar\/#organization\"},\"alternateName\":\"Gen\u00e7ler \u00c7anta\",\"potentialAction\":[{\"@type\":\"SearchAction\",\"target\":{\"@type\":\"EntryPoint\",\"urlTemplate\":\"https:\/\/genclercanta.com\/ar\/?s={search_term_string}\"},\"query-input\":{\"@type\":\"PropertyValueSpecification\",\"valueRequired\":true,\"valueName\":\"search_term_string\"}}],\"inLanguage\":\"ar\"},{\"@type\":\"Organization\",\"@id\":\"https:\/\/genclercanta.com\/ar\/#organization\",\"name\":\"Promosyon \u00c7anta imalat\u0131, \u00dcretimi, \u00c7anta imalat\u00e7\u0131s\u0131 \u00dcreticisi istanbul\",\"alternateName\":\"Gen\u00e7ler \u00c7anta\",\"url\":\"https:\/\/genclercanta.com\/ar\/\",\"logo\":{\"@type\":\"ImageObject\",\"inLanguage\":\"ar\",\"@id\":\"https:\/\/genclercanta.com\/ar\/#\/schema\/logo\/image\/\",\"url\":\"https:\/\/genclercanta.com\/wp-content\/uploads\/2020\/10\/gencler-canta-logo.jpg\",\"contentUrl\":\"https:\/\/genclercanta.com\/wp-content\/uploads\/2020\/10\/gencler-canta-logo.jpg\",\"width\":600,\"height\":133,\"caption\":\"Promosyon \u00c7anta imalat\u0131, \u00dcretimi, \u00c7anta imalat\u00e7\u0131s\u0131 \u00dcreticisi istanbul\"},\"image\":{\"@id\":\"https:\/\/genclercanta.com\/ar\/#\/schema\/logo\/image\/\"},\"sameAs\":[\"https:\/\/www.facebook.com\/GenclerCantacom\/\",\"https:\/\/www.instagram.com\/genclercanta\/\"]}]}<\/script>\n<!-- \/ Yoast SEO plugin. -->","yoast_head_json":{"title":"School Bag GNCU 1318 - Promosyon \u00c7anta imalat\u0131, \u00dcretimi, \u00c7anta imalat\u00e7\u0131s\u0131 \u00dcreticisi istanbul","description":"School Bag GNCU 1318","robots":{"index":"index","follow":"follow","max-snippet":"max-snippet:-1","max-image-preview":"max-image-preview:large","max-video-preview":"max-video-preview:-1"},"canonical":"https:\/\/genclercanta.com\/ar\/urunler\/school-bag-gncu-1318\/","og_locale":"ar_AR","og_type":"article","og_title":"School Bag GNCU 1318 - Promosyon \u00c7anta imalat\u0131, \u00dcretimi, \u00c7anta imalat\u00e7\u0131s\u0131 \u00dcreticisi istanbul","og_description":"School Bag GNCU 1318","og_url":"https:\/\/genclercanta.com\/ar\/urunler\/school-bag-gncu-1318\/","og_site_name":"Promosyon \u00c7anta imalat\u0131, \u00dcretimi, \u00c7anta imalat\u00e7\u0131s\u0131 \u00dcreticisi istanbul","article_publisher":"https:\/\/www.facebook.com\/GenclerCantacom\/","og_image":[{"width":800,"height":600,"url":"https:\/\/genclercanta.com\/wp-content\/uploads\/2020\/12\/1-23.jpg","type":"image\/jpeg"}],"schema":{"@context":"https:\/\/schema.org","@graph":[{"@type":"WebPage","@id":"https:\/\/genclercanta.com\/ar\/urunler\/school-bag-gncu-1318\/","url":"https:\/\/genclercanta.com\/ar\/urunler\/school-bag-gncu-1318\/","name":"School Bag GNCU 1318 - Promosyon \u00c7anta imalat\u0131, \u00dcretimi, \u00c7anta imalat\u00e7\u0131s\u0131 \u00dcreticisi istanbul","isPartOf":{"@id":"https:\/\/genclercanta.com\/ar\/#website"},"primaryImageOfPage":{"@id":"https:\/\/genclercanta.com\/ar\/urunler\/school-bag-gncu-1318\/#primaryimage"},"image":{"@id":"https:\/\/genclercanta.com\/ar\/urunler\/school-bag-gncu-1318\/#primaryimage"},"thumbnailUrl":"https:\/\/genclercanta.com\/wp-content\/uploads\/2020\/12\/1-23.jpg","datePublished":"2020-12-03T12:11:24+00:00","description":"School Bag GNCU 1318","breadcrumb":{"@id":"https:\/\/genclercanta.com\/ar\/urunler\/school-bag-gncu-1318\/#breadcrumb"},"inLanguage":"ar","potentialAction":[{"@type":"ReadAction","target":["https:\/\/genclercanta.com\/ar\/urunler\/school-bag-gncu-1318\/"]}]},{"@type":"ImageObject","inLanguage":"ar","@id":"https:\/\/genclercanta.com\/ar\/urunler\/school-bag-gncu-1318\/#primaryimage","url":"https:\/\/genclercanta.com\/wp-content\/uploads\/2020\/12\/1-23.jpg","contentUrl":"https:\/\/genclercanta.com\/wp-content\/uploads\/2020\/12\/1-23.jpg","width":800,"height":600,"caption":"Toptan Tasar\u0131m S\u0131rt Okul \u00c7antas\u0131"},{"@type":"BreadcrumbList","@id":"https:\/\/genclercanta.com\/ar\/urunler\/school-bag-gncu-1318\/#breadcrumb","itemListElement":[{"@type":"ListItem","position":1,"name":"Ana sayfa","item":"https:\/\/genclercanta.com\/ar\/%d8%a7%d9%84%d8%b5%d9%81%d8%ad%d8%a9-%d8%a7%d9%84%d8%b1%d8%a6%d9%8a%d8%b3%d9%8a%d8%a9\/"},{"@type":"ListItem","position":2,"name":"\u0627\u0644\u0645\u062a\u062c\u0631","item":"https:\/\/genclercanta.com\/ar\/%d8%a7%d9%84%d9%85%d8%aa%d8%ac%d8%b1\/"},{"@type":"ListItem","position":3,"name":"School Bag GNCU 1318"}]},{"@type":"WebSite","@id":"https:\/\/genclercanta.com\/ar\/#website","url":"https:\/\/genclercanta.com\/ar\/","name":"Promosyon \u00c7anta imalat\u0131, \u00dcretimi, \u00c7anta imalat\u00e7\u0131s\u0131 \u00dcreticisi istanbul","description":"T\u00fcrkiyenin Toptan, Promosyon \u00c7anta \u0130malat\u00e7\u0131s\u0131","publisher":{"@id":"https:\/\/genclercanta.com\/ar\/#organization"},"alternateName":"Gen\u00e7ler \u00c7anta","potentialAction":[{"@type":"SearchAction","target":{"@type":"EntryPoint","urlTemplate":"https:\/\/genclercanta.com\/ar\/?s={search_term_string}"},"query-input":{"@type":"PropertyValueSpecification","valueRequired":true,"valueName":"search_term_string"}}],"inLanguage":"ar"},{"@type":"Organization","@id":"https:\/\/genclercanta.com\/ar\/#organization","name":"Promosyon \u00c7anta imalat\u0131, \u00dcretimi, \u00c7anta imalat\u00e7\u0131s\u0131 \u00dcreticisi istanbul","alternateName":"Gen\u00e7ler \u00c7anta","url":"https:\/\/genclercanta.com\/ar\/","logo":{"@type":"ImageObject","inLanguage":"ar","@id":"https:\/\/genclercanta.com\/ar\/#\/schema\/logo\/image\/","url":"https:\/\/genclercanta.com\/wp-content\/uploads\/2020\/10\/gencler-canta-logo.jpg","contentUrl":"https:\/\/genclercanta.com\/wp-content\/uploads\/2020\/10\/gencler-canta-logo.jpg","width":600,"height":133,"caption":"Promosyon \u00c7anta imalat\u0131, \u00dcretimi, \u00c7anta imalat\u00e7\u0131s\u0131 \u00dcreticisi istanbul"},"image":{"@id":"https:\/\/genclercanta.com\/ar\/#\/schema\/logo\/image\/"},"sameAs":["https:\/\/www.facebook.com\/GenclerCantacom\/","https:\/\/www.instagram.com\/genclercanta\/"]}]}},"_links":{"self":[{"href":"https:\/\/genclercanta.com\/ar\/wp-json\/wp\/v2\/product\/123705","targetHints":{"allow":["GET"]}}],"collection":[{"href":"https:\/\/genclercanta.com\/ar\/wp-json\/wp\/v2\/product"}],"about":[{"href":"https:\/\/genclercanta.com\/ar\/wp-json\/wp\/v2\/types\/product"}],"replies":[{"embeddable":true,"href":"https:\/\/genclercanta.com\/ar\/wp-json\/wp\/v2\/comments?post=123705"}],"wp:featuredmedia":[{"embeddable":true,"href":"https:\/\/genclercanta.com\/ar\/wp-json\/wp\/v2\/media\/89698"}],"wp:attachment":[{"href":"https:\/\/genclercanta.com\/ar\/wp-json\/wp\/v2\/media?parent=123705"}],"wp:term":[{"taxonomy":"product_brand","embeddable":true,"href":"https:\/\/genclercanta.com\/ar\/wp-json\/wp\/v2\/product_brand?post=123705"},{"taxonomy":"product_cat","embeddable":true,"href":"https:\/\/genclercanta.com\/ar\/wp-json\/wp\/v2\/product_cat?post=123705"},{"taxonomy":"product_tag","embeddable":true,"href":"https:\/\/genclercanta.com\/ar\/wp-json\/wp\/v2\/product_tag?post=123705"}],"curies":[{"name":"wp","href":"https:\/\/api.w.org\/{rel}","templated":true}]}}