{"id":123711,"date":"2020-12-03T11:58:44","date_gmt":"2020-12-03T11:58:44","guid":{"rendered":"https:\/\/genclercanta.com\/urunler\/%d8%ad%d9%82%d9%8a%d8%a8%d8%a9-%d9%85%d8%af%d8%b1%d8%b3%d9%8a%d8%a9-gncu-1317\/"},"modified":"2020-12-03T11:58:44","modified_gmt":"2020-12-03T11:58:44","slug":"%d8%ad%d9%82%d9%8a%d8%a8%d8%a9-%d9%85%d8%af%d8%b1%d8%b3%d9%8a%d8%a9-gncu-1317","status":"publish","type":"product","link":"https:\/\/genclercanta.com\/ar\/urunler\/%d8%ad%d9%82%d9%8a%d8%a8%d8%a9-%d9%85%d8%af%d8%b1%d8%b3%d9%8a%d8%a9-gncu-1317\/","title":{"rendered":"\u062d\u0642\u064a\u0628\u0629 \u0645\u062f\u0631\u0633\u064a\u0629 GNCU 1317"},"content":{"rendered":"<p>\u0627\u0644\u0631\u0645\u0632: GNCU 1317<br \/>\n\u0627\u0644\u0639\u0631\u0636\u060c \u0627\u0644\u0637\u0648\u0644\u060c \u0627\u0644\u0639\u0645\u0642: 47\u00d730\u00d715 \u0633\u0645.<br \/>\n\u0645\u0635\u0646\u0648\u0639\u0629 \u0645\u0646 \u0642\u0645\u0627\u0634 \u0645\u0642\u0627\u0648\u0645 \u0644\u0644\u0645\u0627\u0621.<br \/>\n\u0645\u0648\u062f\u064a\u0644\u0627\u062a\u0646\u0627 \u0628\u062b\u0644\u0627\u062b\u0629 \u062c\u064a\u0648\u0628.<br \/>\n\u0627\u0644\u062c\u0632\u0621 \u0627\u0644\u062f\u0627\u062e\u0644\u064a \u0645\u0628\u0637\u0646 \u0628\u0627\u0644\u0643\u0627\u0645\u0644. \u062a\u062d\u062a\u0648\u064a \u0639\u0644\u0649 \u062c\u064a\u0628 \u0631\u0626\u064a\u0633\u064a \u0648\u062c\u064a\u0628\u064a\u0646 \u062c\u0627\u0646\u0628\u064a\u064a\u0646 \u0644\u0632\u062c\u0627\u062c\u0629 \u0627\u0644\u0645\u0627\u0621.<\/p>\n","protected":false},"excerpt":{"rendered":"<p>\u062d\u0642\u064a\u0628\u0629 \u0645\u062f\u0631\u0633\u064a\u0629 GNCU 1317<\/p>\n","protected":false},"featured_media":89584,"comment_status":"open","ping_status":"closed","template":"","meta":[],"product_brand":[],"product_cat":[692],"product_tag":[819,818,966,820,971,824,968,967],"class_list":{"0":"post-123711","1":"product","2":"type-product","3":"status-publish","4":"has-post-thumbnail","6":"product_cat-692","7":"product_tag-819","8":"product_tag-818","9":"product_tag-966","10":"product_tag-820","11":"product_tag---ar","12":"product_tag-824","13":"product_tag-968","14":"product_tag-967","16":"first","17":"instock","18":"shipping-taxable","19":"product-type-simple"},"yoast_head":"<!-- This site is optimized with the Yoast SEO plugin v26.3 - https:\/\/yoast.com\/wordpress\/plugins\/seo\/ -->\n<title>\u062d\u0642\u064a\u0628\u0629 \u0645\u062f\u0631\u0633\u064a\u0629 GNCU 1317 - Promosyon \u00c7anta imalat\u0131, \u00dcretimi, \u00c7anta imalat\u00e7\u0131s\u0131 \u00dcreticisi istanbul<\/title>\n<meta name=\"description\" content=\"\u062d\u0642\u064a\u0628\u0629 \u0645\u062f\u0631\u0633\u064a\u0629 GNCU 1317\" \/>\n<meta name=\"robots\" content=\"index, follow, max-snippet:-1, max-image-preview:large, max-video-preview:-1\" \/>\n<link rel=\"canonical\" href=\"https:\/\/genclercanta.com\/ar\/urunler\/%d8%ad%d9%82%d9%8a%d8%a8%d8%a9-%d9%85%d8%af%d8%b1%d8%b3%d9%8a%d8%a9-gncu-1317\/\" \/>\n<meta property=\"og:locale\" content=\"ar_AR\" \/>\n<meta property=\"og:type\" content=\"article\" \/>\n<meta property=\"og:title\" content=\"\u062d\u0642\u064a\u0628\u0629 \u0645\u062f\u0631\u0633\u064a\u0629 GNCU 1317 - Promosyon \u00c7anta imalat\u0131, \u00dcretimi, \u00c7anta imalat\u00e7\u0131s\u0131 \u00dcreticisi istanbul\" \/>\n<meta property=\"og:description\" content=\"\u062d\u0642\u064a\u0628\u0629 \u0645\u062f\u0631\u0633\u064a\u0629 GNCU 1317\" \/>\n<meta property=\"og:url\" content=\"https:\/\/genclercanta.com\/ar\/urunler\/%d8%ad%d9%82%d9%8a%d8%a8%d8%a9-%d9%85%d8%af%d8%b1%d8%b3%d9%8a%d8%a9-gncu-1317\/\" \/>\n<meta property=\"og:site_name\" content=\"Promosyon \u00c7anta imalat\u0131, \u00dcretimi, \u00c7anta imalat\u00e7\u0131s\u0131 \u00dcreticisi istanbul\" \/>\n<meta property=\"article:publisher\" content=\"https:\/\/www.facebook.com\/GenclerCantacom\/\" \/>\n<meta property=\"og:image\" content=\"https:\/\/genclercanta.com\/wp-content\/uploads\/2020\/12\/1-22.jpg\" \/>\n\t<meta property=\"og:image:width\" content=\"800\" \/>\n\t<meta property=\"og:image:height\" content=\"600\" \/>\n\t<meta property=\"og:image:type\" content=\"image\/jpeg\" \/>\n<script type=\"application\/ld+json\" class=\"yoast-schema-graph\">{\"@context\":\"https:\/\/schema.org\",\"@graph\":[{\"@type\":\"WebPage\",\"@id\":\"https:\/\/genclercanta.com\/ar\/urunler\/%d8%ad%d9%82%d9%8a%d8%a8%d8%a9-%d9%85%d8%af%d8%b1%d8%b3%d9%8a%d8%a9-gncu-1317\/\",\"url\":\"https:\/\/genclercanta.com\/ar\/urunler\/%d8%ad%d9%82%d9%8a%d8%a8%d8%a9-%d9%85%d8%af%d8%b1%d8%b3%d9%8a%d8%a9-gncu-1317\/\",\"name\":\"\u062d\u0642\u064a\u0628\u0629 \u0645\u062f\u0631\u0633\u064a\u0629 GNCU 1317 - Promosyon \u00c7anta imalat\u0131, \u00dcretimi, \u00c7anta imalat\u00e7\u0131s\u0131 \u00dcreticisi istanbul\",\"isPartOf\":{\"@id\":\"https:\/\/genclercanta.com\/ar\/#website\"},\"primaryImageOfPage\":{\"@id\":\"https:\/\/genclercanta.com\/ar\/urunler\/%d8%ad%d9%82%d9%8a%d8%a8%d8%a9-%d9%85%d8%af%d8%b1%d8%b3%d9%8a%d8%a9-gncu-1317\/#primaryimage\"},\"image\":{\"@id\":\"https:\/\/genclercanta.com\/ar\/urunler\/%d8%ad%d9%82%d9%8a%d8%a8%d8%a9-%d9%85%d8%af%d8%b1%d8%b3%d9%8a%d8%a9-gncu-1317\/#primaryimage\"},\"thumbnailUrl\":\"https:\/\/genclercanta.com\/wp-content\/uploads\/2020\/12\/1-22.jpg\",\"datePublished\":\"2020-12-03T11:58:44+00:00\",\"description\":\"\u062d\u0642\u064a\u0628\u0629 \u0645\u062f\u0631\u0633\u064a\u0629 GNCU 1317\",\"breadcrumb\":{\"@id\":\"https:\/\/genclercanta.com\/ar\/urunler\/%d8%ad%d9%82%d9%8a%d8%a8%d8%a9-%d9%85%d8%af%d8%b1%d8%b3%d9%8a%d8%a9-gncu-1317\/#breadcrumb\"},\"inLanguage\":\"ar\",\"potentialAction\":[{\"@type\":\"ReadAction\",\"target\":[\"https:\/\/genclercanta.com\/ar\/urunler\/%d8%ad%d9%82%d9%8a%d8%a8%d8%a9-%d9%85%d8%af%d8%b1%d8%b3%d9%8a%d8%a9-gncu-1317\/\"]}]},{\"@type\":\"ImageObject\",\"inLanguage\":\"ar\",\"@id\":\"https:\/\/genclercanta.com\/ar\/urunler\/%d8%ad%d9%82%d9%8a%d8%a8%d8%a9-%d9%85%d8%af%d8%b1%d8%b3%d9%8a%d8%a9-gncu-1317\/#primaryimage\",\"url\":\"https:\/\/genclercanta.com\/wp-content\/uploads\/2020\/12\/1-22.jpg\",\"contentUrl\":\"https:\/\/genclercanta.com\/wp-content\/uploads\/2020\/12\/1-22.jpg\",\"width\":800,\"height\":600,\"caption\":\"Toptan Tasar\u0131m S\u0131rt Okul \u00c7antas\u0131\"},{\"@type\":\"BreadcrumbList\",\"@id\":\"https:\/\/genclercanta.com\/ar\/urunler\/%d8%ad%d9%82%d9%8a%d8%a8%d8%a9-%d9%85%d8%af%d8%b1%d8%b3%d9%8a%d8%a9-gncu-1317\/#breadcrumb\",\"itemListElement\":[{\"@type\":\"ListItem\",\"position\":1,\"name\":\"Ana sayfa\",\"item\":\"https:\/\/genclercanta.com\/ar\/%d8%a7%d9%84%d8%b5%d9%81%d8%ad%d8%a9-%d8%a7%d9%84%d8%b1%d8%a6%d9%8a%d8%b3%d9%8a%d8%a9\/\"},{\"@type\":\"ListItem\",\"position\":2,\"name\":\"\u0627\u0644\u0645\u062a\u062c\u0631\",\"item\":\"https:\/\/genclercanta.com\/ar\/%d8%a7%d9%84%d9%85%d8%aa%d8%ac%d8%b1\/\"},{\"@type\":\"ListItem\",\"position\":3,\"name\":\"\u062d\u0642\u064a\u0628\u0629 \u0645\u062f\u0631\u0633\u064a\u0629 GNCU 1317\"}]},{\"@type\":\"WebSite\",\"@id\":\"https:\/\/genclercanta.com\/ar\/#website\",\"url\":\"https:\/\/genclercanta.com\/ar\/\",\"name\":\"Promosyon \u00c7anta imalat\u0131, \u00dcretimi, \u00c7anta imalat\u00e7\u0131s\u0131 \u00dcreticisi istanbul\",\"description\":\"T\u00fcrkiyenin Toptan, Promosyon \u00c7anta \u0130malat\u00e7\u0131s\u0131\",\"publisher\":{\"@id\":\"https:\/\/genclercanta.com\/ar\/#organization\"},\"alternateName\":\"Gen\u00e7ler \u00c7anta\",\"potentialAction\":[{\"@type\":\"SearchAction\",\"target\":{\"@type\":\"EntryPoint\",\"urlTemplate\":\"https:\/\/genclercanta.com\/ar\/?s={search_term_string}\"},\"query-input\":{\"@type\":\"PropertyValueSpecification\",\"valueRequired\":true,\"valueName\":\"search_term_string\"}}],\"inLanguage\":\"ar\"},{\"@type\":\"Organization\",\"@id\":\"https:\/\/genclercanta.com\/ar\/#organization\",\"name\":\"Promosyon \u00c7anta imalat\u0131, \u00dcretimi, \u00c7anta imalat\u00e7\u0131s\u0131 \u00dcreticisi istanbul\",\"alternateName\":\"Gen\u00e7ler \u00c7anta\",\"url\":\"https:\/\/genclercanta.com\/ar\/\",\"logo\":{\"@type\":\"ImageObject\",\"inLanguage\":\"ar\",\"@id\":\"https:\/\/genclercanta.com\/ar\/#\/schema\/logo\/image\/\",\"url\":\"https:\/\/genclercanta.com\/wp-content\/uploads\/2020\/10\/gencler-canta-logo.jpg\",\"contentUrl\":\"https:\/\/genclercanta.com\/wp-content\/uploads\/2020\/10\/gencler-canta-logo.jpg\",\"width\":600,\"height\":133,\"caption\":\"Promosyon \u00c7anta imalat\u0131, \u00dcretimi, \u00c7anta imalat\u00e7\u0131s\u0131 \u00dcreticisi istanbul\"},\"image\":{\"@id\":\"https:\/\/genclercanta.com\/ar\/#\/schema\/logo\/image\/\"},\"sameAs\":[\"https:\/\/www.facebook.com\/GenclerCantacom\/\",\"https:\/\/www.instagram.com\/genclercanta\/\"]}]}<\/script>\n<!-- \/ Yoast SEO plugin. -->","yoast_head_json":{"title":"\u062d\u0642\u064a\u0628\u0629 \u0645\u062f\u0631\u0633\u064a\u0629 GNCU 1317 - Promosyon \u00c7anta imalat\u0131, \u00dcretimi, \u00c7anta imalat\u00e7\u0131s\u0131 \u00dcreticisi istanbul","description":"\u062d\u0642\u064a\u0628\u0629 \u0645\u062f\u0631\u0633\u064a\u0629 GNCU 1317","robots":{"index":"index","follow":"follow","max-snippet":"max-snippet:-1","max-image-preview":"max-image-preview:large","max-video-preview":"max-video-preview:-1"},"canonical":"https:\/\/genclercanta.com\/ar\/urunler\/%d8%ad%d9%82%d9%8a%d8%a8%d8%a9-%d9%85%d8%af%d8%b1%d8%b3%d9%8a%d8%a9-gncu-1317\/","og_locale":"ar_AR","og_type":"article","og_title":"\u062d\u0642\u064a\u0628\u0629 \u0645\u062f\u0631\u0633\u064a\u0629 GNCU 1317 - Promosyon \u00c7anta imalat\u0131, \u00dcretimi, \u00c7anta imalat\u00e7\u0131s\u0131 \u00dcreticisi istanbul","og_description":"\u062d\u0642\u064a\u0628\u0629 \u0645\u062f\u0631\u0633\u064a\u0629 GNCU 1317","og_url":"https:\/\/genclercanta.com\/ar\/urunler\/%d8%ad%d9%82%d9%8a%d8%a8%d8%a9-%d9%85%d8%af%d8%b1%d8%b3%d9%8a%d8%a9-gncu-1317\/","og_site_name":"Promosyon \u00c7anta imalat\u0131, \u00dcretimi, \u00c7anta imalat\u00e7\u0131s\u0131 \u00dcreticisi istanbul","article_publisher":"https:\/\/www.facebook.com\/GenclerCantacom\/","og_image":[{"width":800,"height":600,"url":"https:\/\/genclercanta.com\/wp-content\/uploads\/2020\/12\/1-22.jpg","type":"image\/jpeg"}],"schema":{"@context":"https:\/\/schema.org","@graph":[{"@type":"WebPage","@id":"https:\/\/genclercanta.com\/ar\/urunler\/%d8%ad%d9%82%d9%8a%d8%a8%d8%a9-%d9%85%d8%af%d8%b1%d8%b3%d9%8a%d8%a9-gncu-1317\/","url":"https:\/\/genclercanta.com\/ar\/urunler\/%d8%ad%d9%82%d9%8a%d8%a8%d8%a9-%d9%85%d8%af%d8%b1%d8%b3%d9%8a%d8%a9-gncu-1317\/","name":"\u062d\u0642\u064a\u0628\u0629 \u0645\u062f\u0631\u0633\u064a\u0629 GNCU 1317 - Promosyon \u00c7anta imalat\u0131, \u00dcretimi, \u00c7anta imalat\u00e7\u0131s\u0131 \u00dcreticisi istanbul","isPartOf":{"@id":"https:\/\/genclercanta.com\/ar\/#website"},"primaryImageOfPage":{"@id":"https:\/\/genclercanta.com\/ar\/urunler\/%d8%ad%d9%82%d9%8a%d8%a8%d8%a9-%d9%85%d8%af%d8%b1%d8%b3%d9%8a%d8%a9-gncu-1317\/#primaryimage"},"image":{"@id":"https:\/\/genclercanta.com\/ar\/urunler\/%d8%ad%d9%82%d9%8a%d8%a8%d8%a9-%d9%85%d8%af%d8%b1%d8%b3%d9%8a%d8%a9-gncu-1317\/#primaryimage"},"thumbnailUrl":"https:\/\/genclercanta.com\/wp-content\/uploads\/2020\/12\/1-22.jpg","datePublished":"2020-12-03T11:58:44+00:00","description":"\u062d\u0642\u064a\u0628\u0629 \u0645\u062f\u0631\u0633\u064a\u0629 GNCU 1317","breadcrumb":{"@id":"https:\/\/genclercanta.com\/ar\/urunler\/%d8%ad%d9%82%d9%8a%d8%a8%d8%a9-%d9%85%d8%af%d8%b1%d8%b3%d9%8a%d8%a9-gncu-1317\/#breadcrumb"},"inLanguage":"ar","potentialAction":[{"@type":"ReadAction","target":["https:\/\/genclercanta.com\/ar\/urunler\/%d8%ad%d9%82%d9%8a%d8%a8%d8%a9-%d9%85%d8%af%d8%b1%d8%b3%d9%8a%d8%a9-gncu-1317\/"]}]},{"@type":"ImageObject","inLanguage":"ar","@id":"https:\/\/genclercanta.com\/ar\/urunler\/%d8%ad%d9%82%d9%8a%d8%a8%d8%a9-%d9%85%d8%af%d8%b1%d8%b3%d9%8a%d8%a9-gncu-1317\/#primaryimage","url":"https:\/\/genclercanta.com\/wp-content\/uploads\/2020\/12\/1-22.jpg","contentUrl":"https:\/\/genclercanta.com\/wp-content\/uploads\/2020\/12\/1-22.jpg","width":800,"height":600,"caption":"Toptan Tasar\u0131m S\u0131rt Okul \u00c7antas\u0131"},{"@type":"BreadcrumbList","@id":"https:\/\/genclercanta.com\/ar\/urunler\/%d8%ad%d9%82%d9%8a%d8%a8%d8%a9-%d9%85%d8%af%d8%b1%d8%b3%d9%8a%d8%a9-gncu-1317\/#breadcrumb","itemListElement":[{"@type":"ListItem","position":1,"name":"Ana sayfa","item":"https:\/\/genclercanta.com\/ar\/%d8%a7%d9%84%d8%b5%d9%81%d8%ad%d8%a9-%d8%a7%d9%84%d8%b1%d8%a6%d9%8a%d8%b3%d9%8a%d8%a9\/"},{"@type":"ListItem","position":2,"name":"\u0627\u0644\u0645\u062a\u062c\u0631","item":"https:\/\/genclercanta.com\/ar\/%d8%a7%d9%84%d9%85%d8%aa%d8%ac%d8%b1\/"},{"@type":"ListItem","position":3,"name":"\u062d\u0642\u064a\u0628\u0629 \u0645\u062f\u0631\u0633\u064a\u0629 GNCU 1317"}]},{"@type":"WebSite","@id":"https:\/\/genclercanta.com\/ar\/#website","url":"https:\/\/genclercanta.com\/ar\/","name":"Promosyon \u00c7anta imalat\u0131, \u00dcretimi, \u00c7anta imalat\u00e7\u0131s\u0131 \u00dcreticisi istanbul","description":"T\u00fcrkiyenin Toptan, Promosyon \u00c7anta \u0130malat\u00e7\u0131s\u0131","publisher":{"@id":"https:\/\/genclercanta.com\/ar\/#organization"},"alternateName":"Gen\u00e7ler \u00c7anta","potentialAction":[{"@type":"SearchAction","target":{"@type":"EntryPoint","urlTemplate":"https:\/\/genclercanta.com\/ar\/?s={search_term_string}"},"query-input":{"@type":"PropertyValueSpecification","valueRequired":true,"valueName":"search_term_string"}}],"inLanguage":"ar"},{"@type":"Organization","@id":"https:\/\/genclercanta.com\/ar\/#organization","name":"Promosyon \u00c7anta imalat\u0131, \u00dcretimi, \u00c7anta imalat\u00e7\u0131s\u0131 \u00dcreticisi istanbul","alternateName":"Gen\u00e7ler \u00c7anta","url":"https:\/\/genclercanta.com\/ar\/","logo":{"@type":"ImageObject","inLanguage":"ar","@id":"https:\/\/genclercanta.com\/ar\/#\/schema\/logo\/image\/","url":"https:\/\/genclercanta.com\/wp-content\/uploads\/2020\/10\/gencler-canta-logo.jpg","contentUrl":"https:\/\/genclercanta.com\/wp-content\/uploads\/2020\/10\/gencler-canta-logo.jpg","width":600,"height":133,"caption":"Promosyon \u00c7anta imalat\u0131, \u00dcretimi, \u00c7anta imalat\u00e7\u0131s\u0131 \u00dcreticisi istanbul"},"image":{"@id":"https:\/\/genclercanta.com\/ar\/#\/schema\/logo\/image\/"},"sameAs":["https:\/\/www.facebook.com\/GenclerCantacom\/","https:\/\/www.instagram.com\/genclercanta\/"]}]}},"_links":{"self":[{"href":"https:\/\/genclercanta.com\/ar\/wp-json\/wp\/v2\/product\/123711","targetHints":{"allow":["GET"]}}],"collection":[{"href":"https:\/\/genclercanta.com\/ar\/wp-json\/wp\/v2\/product"}],"about":[{"href":"https:\/\/genclercanta.com\/ar\/wp-json\/wp\/v2\/types\/product"}],"replies":[{"embeddable":true,"href":"https:\/\/genclercanta.com\/ar\/wp-json\/wp\/v2\/comments?post=123711"}],"wp:featuredmedia":[{"embeddable":true,"href":"https:\/\/genclercanta.com\/ar\/wp-json\/wp\/v2\/media\/89584"}],"wp:attachment":[{"href":"https:\/\/genclercanta.com\/ar\/wp-json\/wp\/v2\/media?parent=123711"}],"wp:term":[{"taxonomy":"product_brand","embeddable":true,"href":"https:\/\/genclercanta.com\/ar\/wp-json\/wp\/v2\/product_brand?post=123711"},{"taxonomy":"product_cat","embeddable":true,"href":"https:\/\/genclercanta.com\/ar\/wp-json\/wp\/v2\/product_cat?post=123711"},{"taxonomy":"product_tag","embeddable":true,"href":"https:\/\/genclercanta.com\/ar\/wp-json\/wp\/v2\/product_tag?post=123711"}],"curies":[{"name":"wp","href":"https:\/\/api.w.org\/{rel}","templated":true}]}}