{"id":126241,"date":"2020-10-20T22:02:53","date_gmt":"2020-10-20T22:02:53","guid":{"rendered":"https:\/\/genclercanta.com\/urunler\/%d8%ad%d9%82%d9%8a%d8%a8%d8%a9-%d8%b8%d9%87%d8%b1-%d8%b2%d8%b1%d9%82%d8%a7%d8%a1-%d8%af%d8%a7%d9%83%d9%86%d8%a9-%d9%85%d9%86-tky\/"},"modified":"2020-10-20T22:02:53","modified_gmt":"2020-10-20T22:02:53","slug":"%d8%ad%d9%82%d9%8a%d8%a8%d8%a9-%d8%b8%d9%87%d8%b1-%d8%b2%d8%b1%d9%82%d8%a7%d8%a1-%d8%af%d8%a7%d9%83%d9%86%d8%a9-%d9%85%d9%86-tky","status":"publish","type":"product","link":"https:\/\/genclercanta.com\/ar\/urunler\/%d8%ad%d9%82%d9%8a%d8%a8%d8%a9-%d8%b8%d9%87%d8%b1-%d8%b2%d8%b1%d9%82%d8%a7%d8%a1-%d8%af%d8%a7%d9%83%d9%86%d8%a9-%d9%85%d9%86-tky\/","title":{"rendered":"\u062d\u0642\u064a\u0628\u0629 \u0638\u0647\u0631 \u0632\u0631\u0642\u0627\u0621 \u062f\u0627\u0643\u0646\u0629 \u0645\u0646 TKY"},"content":{"rendered":"","protected":false},"excerpt":{"rendered":"<p>\u062d\u0642\u064a\u0628\u0629 \u0638\u0647\u0631 \u0632\u0631\u0642\u0627\u0621 \u062f\u0627\u0643\u0646\u0629 \u0645\u0646 TKY<\/p>\n","protected":false},"featured_media":60954,"comment_status":"closed","ping_status":"closed","template":"","meta":[],"product_brand":[],"product_cat":[803],"product_tag":[966,821,971,969,970,968,890,889,888,967],"class_list":{"0":"post-126241","1":"product","2":"type-product","3":"status-publish","4":"has-post-thumbnail","6":"product_cat-803","7":"product_tag-966","8":"product_tag-821","9":"product_tag---ar","10":"product_tag-969","11":"product_tag----ar","12":"product_tag-968","13":"product_tag-890","14":"product_tag-889","15":"product_tag-888","16":"product_tag-967","18":"first","19":"instock","20":"shipping-taxable","21":"purchasable","22":"product-type-simple"},"yoast_head":"<!-- This site is optimized with the Yoast SEO plugin v26.3 - https:\/\/yoast.com\/wordpress\/plugins\/seo\/ -->\n<title>\u062d\u0642\u064a\u0628\u0629 \u0638\u0647\u0631 \u0632\u0631\u0642\u0627\u0621 \u062f\u0627\u0643\u0646\u0629 \u0645\u0646 TKY - Promosyon \u00c7anta imalat\u0131, \u00dcretimi, \u00c7anta imalat\u00e7\u0131s\u0131 \u00dcreticisi istanbul<\/title>\n<meta name=\"description\" content=\"\u062d\u0642\u064a\u0628\u0629 \u0638\u0647\u0631 \u0632\u0631\u0642\u0627\u0621 \u062f\u0627\u0643\u0646\u0629 \u0645\u0646 TKY\" \/>\n<meta name=\"robots\" content=\"index, follow, max-snippet:-1, max-image-preview:large, max-video-preview:-1\" \/>\n<link rel=\"canonical\" href=\"https:\/\/genclercanta.com\/ar\/urunler\/%d8%ad%d9%82%d9%8a%d8%a8%d8%a9-%d8%b8%d9%87%d8%b1-%d8%b2%d8%b1%d9%82%d8%a7%d8%a1-%d8%af%d8%a7%d9%83%d9%86%d8%a9-%d9%85%d9%86-tky\/\" \/>\n<meta property=\"og:locale\" content=\"ar_AR\" \/>\n<meta property=\"og:type\" content=\"article\" \/>\n<meta property=\"og:title\" content=\"\u062d\u0642\u064a\u0628\u0629 \u0638\u0647\u0631 \u0632\u0631\u0642\u0627\u0621 \u062f\u0627\u0643\u0646\u0629 \u0645\u0646 TKY - Promosyon \u00c7anta imalat\u0131, \u00dcretimi, \u00c7anta imalat\u00e7\u0131s\u0131 \u00dcreticisi istanbul\" \/>\n<meta property=\"og:description\" content=\"\u062d\u0642\u064a\u0628\u0629 \u0638\u0647\u0631 \u0632\u0631\u0642\u0627\u0621 \u062f\u0627\u0643\u0646\u0629 \u0645\u0646 TKY\" \/>\n<meta property=\"og:url\" content=\"https:\/\/genclercanta.com\/ar\/urunler\/%d8%ad%d9%82%d9%8a%d8%a8%d8%a9-%d8%b8%d9%87%d8%b1-%d8%b2%d8%b1%d9%82%d8%a7%d8%a1-%d8%af%d8%a7%d9%83%d9%86%d8%a9-%d9%85%d9%86-tky\/\" \/>\n<meta property=\"og:site_name\" content=\"Promosyon \u00c7anta imalat\u0131, \u00dcretimi, \u00c7anta imalat\u00e7\u0131s\u0131 \u00dcreticisi istanbul\" \/>\n<meta property=\"article:publisher\" content=\"https:\/\/www.facebook.com\/GenclerCantacom\/\" \/>\n<meta property=\"og:image\" content=\"https:\/\/genclercanta.com\/wp-content\/uploads\/2020\/10\/33344491-2.jpg\" \/>\n\t<meta property=\"og:image:width\" content=\"800\" \/>\n\t<meta property=\"og:image:height\" content=\"600\" \/>\n\t<meta property=\"og:image:type\" content=\"image\/jpeg\" \/>\n<script type=\"application\/ld+json\" class=\"yoast-schema-graph\">{\"@context\":\"https:\/\/schema.org\",\"@graph\":[{\"@type\":\"WebPage\",\"@id\":\"https:\/\/genclercanta.com\/ar\/urunler\/%d8%ad%d9%82%d9%8a%d8%a8%d8%a9-%d8%b8%d9%87%d8%b1-%d8%b2%d8%b1%d9%82%d8%a7%d8%a1-%d8%af%d8%a7%d9%83%d9%86%d8%a9-%d9%85%d9%86-tky\/\",\"url\":\"https:\/\/genclercanta.com\/ar\/urunler\/%d8%ad%d9%82%d9%8a%d8%a8%d8%a9-%d8%b8%d9%87%d8%b1-%d8%b2%d8%b1%d9%82%d8%a7%d8%a1-%d8%af%d8%a7%d9%83%d9%86%d8%a9-%d9%85%d9%86-tky\/\",\"name\":\"\u062d\u0642\u064a\u0628\u0629 \u0638\u0647\u0631 \u0632\u0631\u0642\u0627\u0621 \u062f\u0627\u0643\u0646\u0629 \u0645\u0646 TKY - Promosyon \u00c7anta imalat\u0131, \u00dcretimi, \u00c7anta imalat\u00e7\u0131s\u0131 \u00dcreticisi istanbul\",\"isPartOf\":{\"@id\":\"https:\/\/genclercanta.com\/ar\/#website\"},\"primaryImageOfPage\":{\"@id\":\"https:\/\/genclercanta.com\/ar\/urunler\/%d8%ad%d9%82%d9%8a%d8%a8%d8%a9-%d8%b8%d9%87%d8%b1-%d8%b2%d8%b1%d9%82%d8%a7%d8%a1-%d8%af%d8%a7%d9%83%d9%86%d8%a9-%d9%85%d9%86-tky\/#primaryimage\"},\"image\":{\"@id\":\"https:\/\/genclercanta.com\/ar\/urunler\/%d8%ad%d9%82%d9%8a%d8%a8%d8%a9-%d8%b8%d9%87%d8%b1-%d8%b2%d8%b1%d9%82%d8%a7%d8%a1-%d8%af%d8%a7%d9%83%d9%86%d8%a9-%d9%85%d9%86-tky\/#primaryimage\"},\"thumbnailUrl\":\"https:\/\/genclercanta.com\/wp-content\/uploads\/2020\/10\/33344491-2.jpg\",\"datePublished\":\"2020-10-20T22:02:53+00:00\",\"description\":\"\u062d\u0642\u064a\u0628\u0629 \u0638\u0647\u0631 \u0632\u0631\u0642\u0627\u0621 \u062f\u0627\u0643\u0646\u0629 \u0645\u0646 TKY\",\"breadcrumb\":{\"@id\":\"https:\/\/genclercanta.com\/ar\/urunler\/%d8%ad%d9%82%d9%8a%d8%a8%d8%a9-%d8%b8%d9%87%d8%b1-%d8%b2%d8%b1%d9%82%d8%a7%d8%a1-%d8%af%d8%a7%d9%83%d9%86%d8%a9-%d9%85%d9%86-tky\/#breadcrumb\"},\"inLanguage\":\"ar\",\"potentialAction\":[{\"@type\":\"ReadAction\",\"target\":[\"https:\/\/genclercanta.com\/ar\/urunler\/%d8%ad%d9%82%d9%8a%d8%a8%d8%a9-%d8%b8%d9%87%d8%b1-%d8%b2%d8%b1%d9%82%d8%a7%d8%a1-%d8%af%d8%a7%d9%83%d9%86%d8%a9-%d9%85%d9%86-tky\/\"]}]},{\"@type\":\"ImageObject\",\"inLanguage\":\"ar\",\"@id\":\"https:\/\/genclercanta.com\/ar\/urunler\/%d8%ad%d9%82%d9%8a%d8%a8%d8%a9-%d8%b8%d9%87%d8%b1-%d8%b2%d8%b1%d9%82%d8%a7%d8%a1-%d8%af%d8%a7%d9%83%d9%86%d8%a9-%d9%85%d9%86-tky\/#primaryimage\",\"url\":\"https:\/\/genclercanta.com\/wp-content\/uploads\/2020\/10\/33344491-2.jpg\",\"contentUrl\":\"https:\/\/genclercanta.com\/wp-content\/uploads\/2020\/10\/33344491-2.jpg\",\"width\":800,\"height\":600},{\"@type\":\"BreadcrumbList\",\"@id\":\"https:\/\/genclercanta.com\/ar\/urunler\/%d8%ad%d9%82%d9%8a%d8%a8%d8%a9-%d8%b8%d9%87%d8%b1-%d8%b2%d8%b1%d9%82%d8%a7%d8%a1-%d8%af%d8%a7%d9%83%d9%86%d8%a9-%d9%85%d9%86-tky\/#breadcrumb\",\"itemListElement\":[{\"@type\":\"ListItem\",\"position\":1,\"name\":\"Ana sayfa\",\"item\":\"https:\/\/genclercanta.com\/ar\/%d8%a7%d9%84%d8%b5%d9%81%d8%ad%d8%a9-%d8%a7%d9%84%d8%b1%d8%a6%d9%8a%d8%b3%d9%8a%d8%a9\/\"},{\"@type\":\"ListItem\",\"position\":2,\"name\":\"\u0627\u0644\u0645\u062a\u062c\u0631\",\"item\":\"https:\/\/genclercanta.com\/ar\/%d8%a7%d9%84%d9%85%d8%aa%d8%ac%d8%b1\/\"},{\"@type\":\"ListItem\",\"position\":3,\"name\":\"\u062d\u0642\u064a\u0628\u0629 \u0638\u0647\u0631 \u0632\u0631\u0642\u0627\u0621 \u062f\u0627\u0643\u0646\u0629 \u0645\u0646 TKY\"}]},{\"@type\":\"WebSite\",\"@id\":\"https:\/\/genclercanta.com\/ar\/#website\",\"url\":\"https:\/\/genclercanta.com\/ar\/\",\"name\":\"Promosyon \u00c7anta imalat\u0131, \u00dcretimi, \u00c7anta imalat\u00e7\u0131s\u0131 \u00dcreticisi istanbul\",\"description\":\"T\u00fcrkiyenin Toptan, Promosyon \u00c7anta \u0130malat\u00e7\u0131s\u0131\",\"publisher\":{\"@id\":\"https:\/\/genclercanta.com\/ar\/#organization\"},\"alternateName\":\"Gen\u00e7ler \u00c7anta\",\"potentialAction\":[{\"@type\":\"SearchAction\",\"target\":{\"@type\":\"EntryPoint\",\"urlTemplate\":\"https:\/\/genclercanta.com\/ar\/?s={search_term_string}\"},\"query-input\":{\"@type\":\"PropertyValueSpecification\",\"valueRequired\":true,\"valueName\":\"search_term_string\"}}],\"inLanguage\":\"ar\"},{\"@type\":\"Organization\",\"@id\":\"https:\/\/genclercanta.com\/ar\/#organization\",\"name\":\"Promosyon \u00c7anta imalat\u0131, \u00dcretimi, \u00c7anta imalat\u00e7\u0131s\u0131 \u00dcreticisi istanbul\",\"alternateName\":\"Gen\u00e7ler \u00c7anta\",\"url\":\"https:\/\/genclercanta.com\/ar\/\",\"logo\":{\"@type\":\"ImageObject\",\"inLanguage\":\"ar\",\"@id\":\"https:\/\/genclercanta.com\/ar\/#\/schema\/logo\/image\/\",\"url\":\"https:\/\/genclercanta.com\/wp-content\/uploads\/2020\/10\/gencler-canta-logo.jpg\",\"contentUrl\":\"https:\/\/genclercanta.com\/wp-content\/uploads\/2020\/10\/gencler-canta-logo.jpg\",\"width\":600,\"height\":133,\"caption\":\"Promosyon \u00c7anta imalat\u0131, \u00dcretimi, \u00c7anta imalat\u00e7\u0131s\u0131 \u00dcreticisi istanbul\"},\"image\":{\"@id\":\"https:\/\/genclercanta.com\/ar\/#\/schema\/logo\/image\/\"},\"sameAs\":[\"https:\/\/www.facebook.com\/GenclerCantacom\/\",\"https:\/\/www.instagram.com\/genclercanta\/\"]}]}<\/script>\n<!-- \/ Yoast SEO plugin. -->","yoast_head_json":{"title":"\u062d\u0642\u064a\u0628\u0629 \u0638\u0647\u0631 \u0632\u0631\u0642\u0627\u0621 \u062f\u0627\u0643\u0646\u0629 \u0645\u0646 TKY - Promosyon \u00c7anta imalat\u0131, \u00dcretimi, \u00c7anta imalat\u00e7\u0131s\u0131 \u00dcreticisi istanbul","description":"\u062d\u0642\u064a\u0628\u0629 \u0638\u0647\u0631 \u0632\u0631\u0642\u0627\u0621 \u062f\u0627\u0643\u0646\u0629 \u0645\u0646 TKY","robots":{"index":"index","follow":"follow","max-snippet":"max-snippet:-1","max-image-preview":"max-image-preview:large","max-video-preview":"max-video-preview:-1"},"canonical":"https:\/\/genclercanta.com\/ar\/urunler\/%d8%ad%d9%82%d9%8a%d8%a8%d8%a9-%d8%b8%d9%87%d8%b1-%d8%b2%d8%b1%d9%82%d8%a7%d8%a1-%d8%af%d8%a7%d9%83%d9%86%d8%a9-%d9%85%d9%86-tky\/","og_locale":"ar_AR","og_type":"article","og_title":"\u062d\u0642\u064a\u0628\u0629 \u0638\u0647\u0631 \u0632\u0631\u0642\u0627\u0621 \u062f\u0627\u0643\u0646\u0629 \u0645\u0646 TKY - Promosyon \u00c7anta imalat\u0131, \u00dcretimi, \u00c7anta imalat\u00e7\u0131s\u0131 \u00dcreticisi istanbul","og_description":"\u062d\u0642\u064a\u0628\u0629 \u0638\u0647\u0631 \u0632\u0631\u0642\u0627\u0621 \u062f\u0627\u0643\u0646\u0629 \u0645\u0646 TKY","og_url":"https:\/\/genclercanta.com\/ar\/urunler\/%d8%ad%d9%82%d9%8a%d8%a8%d8%a9-%d8%b8%d9%87%d8%b1-%d8%b2%d8%b1%d9%82%d8%a7%d8%a1-%d8%af%d8%a7%d9%83%d9%86%d8%a9-%d9%85%d9%86-tky\/","og_site_name":"Promosyon \u00c7anta imalat\u0131, \u00dcretimi, \u00c7anta imalat\u00e7\u0131s\u0131 \u00dcreticisi istanbul","article_publisher":"https:\/\/www.facebook.com\/GenclerCantacom\/","og_image":[{"width":800,"height":600,"url":"https:\/\/genclercanta.com\/wp-content\/uploads\/2020\/10\/33344491-2.jpg","type":"image\/jpeg"}],"schema":{"@context":"https:\/\/schema.org","@graph":[{"@type":"WebPage","@id":"https:\/\/genclercanta.com\/ar\/urunler\/%d8%ad%d9%82%d9%8a%d8%a8%d8%a9-%d8%b8%d9%87%d8%b1-%d8%b2%d8%b1%d9%82%d8%a7%d8%a1-%d8%af%d8%a7%d9%83%d9%86%d8%a9-%d9%85%d9%86-tky\/","url":"https:\/\/genclercanta.com\/ar\/urunler\/%d8%ad%d9%82%d9%8a%d8%a8%d8%a9-%d8%b8%d9%87%d8%b1-%d8%b2%d8%b1%d9%82%d8%a7%d8%a1-%d8%af%d8%a7%d9%83%d9%86%d8%a9-%d9%85%d9%86-tky\/","name":"\u062d\u0642\u064a\u0628\u0629 \u0638\u0647\u0631 \u0632\u0631\u0642\u0627\u0621 \u062f\u0627\u0643\u0646\u0629 \u0645\u0646 TKY - Promosyon \u00c7anta imalat\u0131, \u00dcretimi, \u00c7anta imalat\u00e7\u0131s\u0131 \u00dcreticisi istanbul","isPartOf":{"@id":"https:\/\/genclercanta.com\/ar\/#website"},"primaryImageOfPage":{"@id":"https:\/\/genclercanta.com\/ar\/urunler\/%d8%ad%d9%82%d9%8a%d8%a8%d8%a9-%d8%b8%d9%87%d8%b1-%d8%b2%d8%b1%d9%82%d8%a7%d8%a1-%d8%af%d8%a7%d9%83%d9%86%d8%a9-%d9%85%d9%86-tky\/#primaryimage"},"image":{"@id":"https:\/\/genclercanta.com\/ar\/urunler\/%d8%ad%d9%82%d9%8a%d8%a8%d8%a9-%d8%b8%d9%87%d8%b1-%d8%b2%d8%b1%d9%82%d8%a7%d8%a1-%d8%af%d8%a7%d9%83%d9%86%d8%a9-%d9%85%d9%86-tky\/#primaryimage"},"thumbnailUrl":"https:\/\/genclercanta.com\/wp-content\/uploads\/2020\/10\/33344491-2.jpg","datePublished":"2020-10-20T22:02:53+00:00","description":"\u062d\u0642\u064a\u0628\u0629 \u0638\u0647\u0631 \u0632\u0631\u0642\u0627\u0621 \u062f\u0627\u0643\u0646\u0629 \u0645\u0646 TKY","breadcrumb":{"@id":"https:\/\/genclercanta.com\/ar\/urunler\/%d8%ad%d9%82%d9%8a%d8%a8%d8%a9-%d8%b8%d9%87%d8%b1-%d8%b2%d8%b1%d9%82%d8%a7%d8%a1-%d8%af%d8%a7%d9%83%d9%86%d8%a9-%d9%85%d9%86-tky\/#breadcrumb"},"inLanguage":"ar","potentialAction":[{"@type":"ReadAction","target":["https:\/\/genclercanta.com\/ar\/urunler\/%d8%ad%d9%82%d9%8a%d8%a8%d8%a9-%d8%b8%d9%87%d8%b1-%d8%b2%d8%b1%d9%82%d8%a7%d8%a1-%d8%af%d8%a7%d9%83%d9%86%d8%a9-%d9%85%d9%86-tky\/"]}]},{"@type":"ImageObject","inLanguage":"ar","@id":"https:\/\/genclercanta.com\/ar\/urunler\/%d8%ad%d9%82%d9%8a%d8%a8%d8%a9-%d8%b8%d9%87%d8%b1-%d8%b2%d8%b1%d9%82%d8%a7%d8%a1-%d8%af%d8%a7%d9%83%d9%86%d8%a9-%d9%85%d9%86-tky\/#primaryimage","url":"https:\/\/genclercanta.com\/wp-content\/uploads\/2020\/10\/33344491-2.jpg","contentUrl":"https:\/\/genclercanta.com\/wp-content\/uploads\/2020\/10\/33344491-2.jpg","width":800,"height":600},{"@type":"BreadcrumbList","@id":"https:\/\/genclercanta.com\/ar\/urunler\/%d8%ad%d9%82%d9%8a%d8%a8%d8%a9-%d8%b8%d9%87%d8%b1-%d8%b2%d8%b1%d9%82%d8%a7%d8%a1-%d8%af%d8%a7%d9%83%d9%86%d8%a9-%d9%85%d9%86-tky\/#breadcrumb","itemListElement":[{"@type":"ListItem","position":1,"name":"Ana sayfa","item":"https:\/\/genclercanta.com\/ar\/%d8%a7%d9%84%d8%b5%d9%81%d8%ad%d8%a9-%d8%a7%d9%84%d8%b1%d8%a6%d9%8a%d8%b3%d9%8a%d8%a9\/"},{"@type":"ListItem","position":2,"name":"\u0627\u0644\u0645\u062a\u062c\u0631","item":"https:\/\/genclercanta.com\/ar\/%d8%a7%d9%84%d9%85%d8%aa%d8%ac%d8%b1\/"},{"@type":"ListItem","position":3,"name":"\u062d\u0642\u064a\u0628\u0629 \u0638\u0647\u0631 \u0632\u0631\u0642\u0627\u0621 \u062f\u0627\u0643\u0646\u0629 \u0645\u0646 TKY"}]},{"@type":"WebSite","@id":"https:\/\/genclercanta.com\/ar\/#website","url":"https:\/\/genclercanta.com\/ar\/","name":"Promosyon \u00c7anta imalat\u0131, \u00dcretimi, \u00c7anta imalat\u00e7\u0131s\u0131 \u00dcreticisi istanbul","description":"T\u00fcrkiyenin Toptan, Promosyon \u00c7anta \u0130malat\u00e7\u0131s\u0131","publisher":{"@id":"https:\/\/genclercanta.com\/ar\/#organization"},"alternateName":"Gen\u00e7ler \u00c7anta","potentialAction":[{"@type":"SearchAction","target":{"@type":"EntryPoint","urlTemplate":"https:\/\/genclercanta.com\/ar\/?s={search_term_string}"},"query-input":{"@type":"PropertyValueSpecification","valueRequired":true,"valueName":"search_term_string"}}],"inLanguage":"ar"},{"@type":"Organization","@id":"https:\/\/genclercanta.com\/ar\/#organization","name":"Promosyon \u00c7anta imalat\u0131, \u00dcretimi, \u00c7anta imalat\u00e7\u0131s\u0131 \u00dcreticisi istanbul","alternateName":"Gen\u00e7ler \u00c7anta","url":"https:\/\/genclercanta.com\/ar\/","logo":{"@type":"ImageObject","inLanguage":"ar","@id":"https:\/\/genclercanta.com\/ar\/#\/schema\/logo\/image\/","url":"https:\/\/genclercanta.com\/wp-content\/uploads\/2020\/10\/gencler-canta-logo.jpg","contentUrl":"https:\/\/genclercanta.com\/wp-content\/uploads\/2020\/10\/gencler-canta-logo.jpg","width":600,"height":133,"caption":"Promosyon \u00c7anta imalat\u0131, \u00dcretimi, \u00c7anta imalat\u00e7\u0131s\u0131 \u00dcreticisi istanbul"},"image":{"@id":"https:\/\/genclercanta.com\/ar\/#\/schema\/logo\/image\/"},"sameAs":["https:\/\/www.facebook.com\/GenclerCantacom\/","https:\/\/www.instagram.com\/genclercanta\/"]}]}},"_links":{"self":[{"href":"https:\/\/genclercanta.com\/ar\/wp-json\/wp\/v2\/product\/126241","targetHints":{"allow":["GET"]}}],"collection":[{"href":"https:\/\/genclercanta.com\/ar\/wp-json\/wp\/v2\/product"}],"about":[{"href":"https:\/\/genclercanta.com\/ar\/wp-json\/wp\/v2\/types\/product"}],"replies":[{"embeddable":true,"href":"https:\/\/genclercanta.com\/ar\/wp-json\/wp\/v2\/comments?post=126241"}],"wp:featuredmedia":[{"embeddable":true,"href":"https:\/\/genclercanta.com\/ar\/wp-json\/wp\/v2\/media\/60954"}],"wp:attachment":[{"href":"https:\/\/genclercanta.com\/ar\/wp-json\/wp\/v2\/media?parent=126241"}],"wp:term":[{"taxonomy":"product_brand","embeddable":true,"href":"https:\/\/genclercanta.com\/ar\/wp-json\/wp\/v2\/product_brand?post=126241"},{"taxonomy":"product_cat","embeddable":true,"href":"https:\/\/genclercanta.com\/ar\/wp-json\/wp\/v2\/product_cat?post=126241"},{"taxonomy":"product_tag","embeddable":true,"href":"https:\/\/genclercanta.com\/ar\/wp-json\/wp\/v2\/product_tag?post=126241"}],"curies":[{"name":"wp","href":"https:\/\/api.w.org\/{rel}","templated":true}]}}