{"id":127037,"date":"2020-10-20T21:50:09","date_gmt":"2020-10-20T21:50:09","guid":{"rendered":"https:\/\/genclercanta.com\/urunler\/%d8%ad%d9%82%d9%8a%d8%a8%d8%a9-%d8%b8%d9%87%d8%b1-%d8%b1%d9%85%d8%a7%d8%af%d9%8a%d8%a9-%d9%85%d9%86-%d8%a8%d9%8a-%d9%83%d9%8a%d9%87-%d8%a5%d8%b3\/"},"modified":"2020-10-20T21:50:09","modified_gmt":"2020-10-20T21:50:09","slug":"%d8%ad%d9%82%d9%8a%d8%a8%d8%a9-%d8%b8%d9%87%d8%b1-%d8%b1%d9%85%d8%a7%d8%af%d9%8a%d8%a9-%d9%85%d9%86-%d8%a8%d9%8a-%d9%83%d9%8a%d9%87-%d8%a5%d8%b3","status":"publish","type":"product","link":"https:\/\/genclercanta.com\/ar\/urunler\/%d8%ad%d9%82%d9%8a%d8%a8%d8%a9-%d8%b8%d9%87%d8%b1-%d8%b1%d9%85%d8%a7%d8%af%d9%8a%d8%a9-%d9%85%d9%86-%d8%a8%d9%8a-%d9%83%d9%8a%d9%87-%d8%a5%d8%b3\/","title":{"rendered":"\u062d\u0642\u064a\u0628\u0629 \u0638\u0647\u0631 \u0631\u0645\u0627\u062f\u064a\u0629 \u0645\u0646 \u0628\u064a \u0643\u064a\u0647 \u0625\u0633"},"content":{"rendered":"<p>\u0628\u0641\u0636\u0644 \u062a\u0635\u0645\u064a\u0645\u0647\u0627 \u0627\u0644\u0645\u0628\u062a\u0643\u0631 \u0630\u064a \u0627\u0644\u063a\u0637\u0627\u0621 \u0627\u0644\u0642\u0627\u0628\u0644 \u0644\u0644\u0637\u064a\u060c \u062a\u064f\u0639\u062f\u0651 \u062d\u0642\u064a\u0628\u0629 \u0646\u0648\u0631\u062b \u0645\u062b\u0627\u0644\u064b\u0627 \u0631\u0627\u0626\u0639\u064b\u0627 \u0639\u0644\u0649 \u0627\u0644\u062a\u0635\u0645\u064a\u0645 \u0627\u0644\u0639\u0635\u0631\u064a \u0627\u0644\u0645\u0645\u0632\u0648\u062c \u0628\u0627\u0644\u0623\u0633\u0644\u0648\u0628 \u0627\u0644\u0631\u064a\u0627\u0636\u064a.<\/p>\n<p>\u0627\u0644\u0645\u064a\u0632\u0627\u062a \u0627\u0644\u062e\u0627\u0631\u062c\u064a\u0629:<\/p>\n<p>&#8211; \u0642\u0645\u0627\u0634 \u0628\u0648\u0644\u064a\u0633\u062a\u0631 \u0645\u062a\u064a\u0646 \u0645\u0628\u0637\u0646<br \/>\n&#8211; \u062a\u0635\u0645\u064a\u0645 \u0645\u0628\u062a\u0643\u0631 \u0630\u0648 \u063a\u0637\u0627\u0621 \u0642\u0627\u0628\u0644 \u0644\u0644\u0637\u064a \u0645\u0639 \u0645\u0634\u0627\u0628\u0643 \u062a\u062b\u0628\u064a\u062a<br \/>\n&#8211; \u0623\u062d\u0632\u0645\u0629 \u0638\u0647\u0631 \u0645\u0639\u0632\u0632\u0629 \u0648\u0642\u0627\u0628\u0644\u0629 \u0644\u0644\u062a\u0639\u062f\u064a\u0644<br \/>\n&#8211; \u062d\u0634\u0648\u0629 \u0638\u0647\u0631 \u0625\u0636\u0627\u0641\u064a\u0629<br \/>\n&#8211; \u062c\u064a\u0628 \u0623\u0645\u0627\u0645\u064a \u0622\u0645\u0646 \u0628\u0633\u062d\u0627\u0628<br \/>\n&#8211; \u062c\u064a\u0628 \u062c\u0627\u0646\u0628\u064a \u0645\u062e\u0641\u064a \u0628\u0633\u062d\u0627\u0628 \u0645\u0639 \u062c\u064a\u0628 \u062f\u0627\u062e\u0644\u064a<br \/>\n&#8211; \u0645\u0632\u0648\u062f\u0629 \u0628\u0645\u0642\u0627\u0628\u0636 \u062d\u0645\u0644<\/p>\n<p>\u0627\u0644\u0645\u064a\u0632\u0627\u062a \u0627\u0644\u062f\u0627\u062e\u0644\u064a\u0629:<\/p>\n<p>&#8211; \u0633\u0639\u0629 15 \u0644\u062a\u0631\u064b\u0627\u060c \u0633\u0647\u0644\u0629 \u0627\u0644\u0648\u0635\u0648\u0644<br \/>\n&#8211; \u062d\u062c\u0631\u0629 \u062f\u0627\u062e\u0644\u064a\u0629 \u0644\u0644\u0643\u0645\u0628\u064a\u0648\u062a\u0631 \u0627\u0644\u0645\u062d\u0645\u0648\u0644\/\u0627\u0644\u0643\u062a\u0628<br \/>\n&#8211; \u0628\u0637\u0627\u0646\u0629 \u062f\u0627\u062e\u0644\u064a\u0629 \u062a\u062d\u0645\u0644 \u0639\u0644\u0627\u0645\u0629 \u0641\u0648\u062f\u064a\u0644\u0627 \u0627\u0644\u062a\u062c\u0627\u0631\u064a\u0629<\/p>\n<p>\u0627\u0644\u0623\u0628\u0639\u0627\u062f: 46 \u00d7 26 \u00d7 12 \u0633\u0645<\/p>\n","protected":false},"excerpt":{"rendered":"<p>\u062d\u0642\u064a\u0628\u0629 \u0638\u0647\u0631 \u0631\u0645\u0627\u062f\u064a\u0629 \u0645\u0646 \u0628\u064a \u0643\u064a\u0647 \u0625\u0633<\/p>\n","protected":false},"featured_media":53628,"comment_status":"closed","ping_status":"closed","template":"","meta":[],"product_brand":[],"product_cat":[389],"product_tag":[821,969,970,968],"class_list":{"0":"post-127037","1":"product","2":"type-product","3":"status-publish","4":"has-post-thumbnail","6":"product_cat-bks-ar","7":"product_tag-821","8":"product_tag-969","9":"product_tag----ar","10":"product_tag-968","12":"first","13":"instock","14":"shipping-taxable","15":"purchasable","16":"product-type-simple"},"yoast_head":"<!-- This site is optimized with the Yoast SEO plugin v26.3 - https:\/\/yoast.com\/wordpress\/plugins\/seo\/ -->\n<title>\u062d\u0642\u064a\u0628\u0629 \u0638\u0647\u0631 \u0631\u0645\u0627\u062f\u064a\u0629 \u0645\u0646 \u0628\u064a \u0643\u064a\u0647 \u0625\u0633 - Promosyon \u00c7anta imalat\u0131, \u00dcretimi, \u00c7anta imalat\u00e7\u0131s\u0131 \u00dcreticisi istanbul<\/title>\n<meta name=\"description\" content=\"\u062d\u0642\u064a\u0628\u0629 \u0638\u0647\u0631 \u0631\u0645\u0627\u062f\u064a\u0629 \u0645\u0646 \u0628\u064a \u0643\u064a\u0647 \u0625\u0633\" \/>\n<meta name=\"robots\" content=\"index, follow, max-snippet:-1, max-image-preview:large, max-video-preview:-1\" \/>\n<link rel=\"canonical\" href=\"https:\/\/genclercanta.com\/ar\/urunler\/%d8%ad%d9%82%d9%8a%d8%a8%d8%a9-%d8%b8%d9%87%d8%b1-%d8%b1%d9%85%d8%a7%d8%af%d9%8a%d8%a9-%d9%85%d9%86-%d8%a8%d9%8a-%d9%83%d9%8a%d9%87-%d8%a5%d8%b3\/\" \/>\n<meta property=\"og:locale\" content=\"ar_AR\" \/>\n<meta property=\"og:type\" content=\"article\" \/>\n<meta property=\"og:title\" content=\"\u062d\u0642\u064a\u0628\u0629 \u0638\u0647\u0631 \u0631\u0645\u0627\u062f\u064a\u0629 \u0645\u0646 \u0628\u064a \u0643\u064a\u0647 \u0625\u0633 - Promosyon \u00c7anta imalat\u0131, \u00dcretimi, \u00c7anta imalat\u00e7\u0131s\u0131 \u00dcreticisi istanbul\" \/>\n<meta property=\"og:description\" content=\"\u062d\u0642\u064a\u0628\u0629 \u0638\u0647\u0631 \u0631\u0645\u0627\u062f\u064a\u0629 \u0645\u0646 \u0628\u064a \u0643\u064a\u0647 \u0625\u0633\" \/>\n<meta property=\"og:url\" content=\"https:\/\/genclercanta.com\/ar\/urunler\/%d8%ad%d9%82%d9%8a%d8%a8%d8%a9-%d8%b8%d9%87%d8%b1-%d8%b1%d9%85%d8%a7%d8%af%d9%8a%d8%a9-%d9%85%d9%86-%d8%a8%d9%8a-%d9%83%d9%8a%d9%87-%d8%a5%d8%b3\/\" \/>\n<meta property=\"og:site_name\" content=\"Promosyon \u00c7anta imalat\u0131, \u00dcretimi, \u00c7anta imalat\u00e7\u0131s\u0131 \u00dcreticisi istanbul\" \/>\n<meta property=\"article:publisher\" content=\"https:\/\/www.facebook.com\/GenclerCantacom\/\" \/>\n<meta property=\"og:image\" content=\"https:\/\/genclercanta.com\/wp-content\/uploads\/2020\/10\/BKS-04-5.jpg\" \/>\n\t<meta property=\"og:image:width\" content=\"1200\" \/>\n\t<meta property=\"og:image:height\" content=\"900\" \/>\n\t<meta property=\"og:image:type\" content=\"image\/jpeg\" \/>\n<script type=\"application\/ld+json\" class=\"yoast-schema-graph\">{\"@context\":\"https:\/\/schema.org\",\"@graph\":[{\"@type\":\"WebPage\",\"@id\":\"https:\/\/genclercanta.com\/ar\/urunler\/%d8%ad%d9%82%d9%8a%d8%a8%d8%a9-%d8%b8%d9%87%d8%b1-%d8%b1%d9%85%d8%a7%d8%af%d9%8a%d8%a9-%d9%85%d9%86-%d8%a8%d9%8a-%d9%83%d9%8a%d9%87-%d8%a5%d8%b3\/\",\"url\":\"https:\/\/genclercanta.com\/ar\/urunler\/%d8%ad%d9%82%d9%8a%d8%a8%d8%a9-%d8%b8%d9%87%d8%b1-%d8%b1%d9%85%d8%a7%d8%af%d9%8a%d8%a9-%d9%85%d9%86-%d8%a8%d9%8a-%d9%83%d9%8a%d9%87-%d8%a5%d8%b3\/\",\"name\":\"\u062d\u0642\u064a\u0628\u0629 \u0638\u0647\u0631 \u0631\u0645\u0627\u062f\u064a\u0629 \u0645\u0646 \u0628\u064a \u0643\u064a\u0647 \u0625\u0633 - Promosyon \u00c7anta imalat\u0131, \u00dcretimi, \u00c7anta imalat\u00e7\u0131s\u0131 \u00dcreticisi istanbul\",\"isPartOf\":{\"@id\":\"https:\/\/genclercanta.com\/ar\/#website\"},\"primaryImageOfPage\":{\"@id\":\"https:\/\/genclercanta.com\/ar\/urunler\/%d8%ad%d9%82%d9%8a%d8%a8%d8%a9-%d8%b8%d9%87%d8%b1-%d8%b1%d9%85%d8%a7%d8%af%d9%8a%d8%a9-%d9%85%d9%86-%d8%a8%d9%8a-%d9%83%d9%8a%d9%87-%d8%a5%d8%b3\/#primaryimage\"},\"image\":{\"@id\":\"https:\/\/genclercanta.com\/ar\/urunler\/%d8%ad%d9%82%d9%8a%d8%a8%d8%a9-%d8%b8%d9%87%d8%b1-%d8%b1%d9%85%d8%a7%d8%af%d9%8a%d8%a9-%d9%85%d9%86-%d8%a8%d9%8a-%d9%83%d9%8a%d9%87-%d8%a5%d8%b3\/#primaryimage\"},\"thumbnailUrl\":\"https:\/\/genclercanta.com\/wp-content\/uploads\/2020\/10\/BKS-04-5.jpg\",\"datePublished\":\"2020-10-20T21:50:09+00:00\",\"description\":\"\u062d\u0642\u064a\u0628\u0629 \u0638\u0647\u0631 \u0631\u0645\u0627\u062f\u064a\u0629 \u0645\u0646 \u0628\u064a \u0643\u064a\u0647 \u0625\u0633\",\"breadcrumb\":{\"@id\":\"https:\/\/genclercanta.com\/ar\/urunler\/%d8%ad%d9%82%d9%8a%d8%a8%d8%a9-%d8%b8%d9%87%d8%b1-%d8%b1%d9%85%d8%a7%d8%af%d9%8a%d8%a9-%d9%85%d9%86-%d8%a8%d9%8a-%d9%83%d9%8a%d9%87-%d8%a5%d8%b3\/#breadcrumb\"},\"inLanguage\":\"ar\",\"potentialAction\":[{\"@type\":\"ReadAction\",\"target\":[\"https:\/\/genclercanta.com\/ar\/urunler\/%d8%ad%d9%82%d9%8a%d8%a8%d8%a9-%d8%b8%d9%87%d8%b1-%d8%b1%d9%85%d8%a7%d8%af%d9%8a%d8%a9-%d9%85%d9%86-%d8%a8%d9%8a-%d9%83%d9%8a%d9%87-%d8%a5%d8%b3\/\"]}]},{\"@type\":\"ImageObject\",\"inLanguage\":\"ar\",\"@id\":\"https:\/\/genclercanta.com\/ar\/urunler\/%d8%ad%d9%82%d9%8a%d8%a8%d8%a9-%d8%b8%d9%87%d8%b1-%d8%b1%d9%85%d8%a7%d8%af%d9%8a%d8%a9-%d9%85%d9%86-%d8%a8%d9%8a-%d9%83%d9%8a%d9%87-%d8%a5%d8%b3\/#primaryimage\",\"url\":\"https:\/\/genclercanta.com\/wp-content\/uploads\/2020\/10\/BKS-04-5.jpg\",\"contentUrl\":\"https:\/\/genclercanta.com\/wp-content\/uploads\/2020\/10\/BKS-04-5.jpg\",\"width\":1200,\"height\":900},{\"@type\":\"BreadcrumbList\",\"@id\":\"https:\/\/genclercanta.com\/ar\/urunler\/%d8%ad%d9%82%d9%8a%d8%a8%d8%a9-%d8%b8%d9%87%d8%b1-%d8%b1%d9%85%d8%a7%d8%af%d9%8a%d8%a9-%d9%85%d9%86-%d8%a8%d9%8a-%d9%83%d9%8a%d9%87-%d8%a5%d8%b3\/#breadcrumb\",\"itemListElement\":[{\"@type\":\"ListItem\",\"position\":1,\"name\":\"Ana sayfa\",\"item\":\"https:\/\/genclercanta.com\/ar\/%d8%a7%d9%84%d8%b5%d9%81%d8%ad%d8%a9-%d8%a7%d9%84%d8%b1%d8%a6%d9%8a%d8%b3%d9%8a%d8%a9\/\"},{\"@type\":\"ListItem\",\"position\":2,\"name\":\"\u0627\u0644\u0645\u062a\u062c\u0631\",\"item\":\"https:\/\/genclercanta.com\/ar\/%d8%a7%d9%84%d9%85%d8%aa%d8%ac%d8%b1\/\"},{\"@type\":\"ListItem\",\"position\":3,\"name\":\"\u062d\u0642\u064a\u0628\u0629 \u0638\u0647\u0631 \u0631\u0645\u0627\u062f\u064a\u0629 \u0645\u0646 \u0628\u064a \u0643\u064a\u0647 \u0625\u0633\"}]},{\"@type\":\"WebSite\",\"@id\":\"https:\/\/genclercanta.com\/ar\/#website\",\"url\":\"https:\/\/genclercanta.com\/ar\/\",\"name\":\"Promosyon \u00c7anta imalat\u0131, \u00dcretimi, \u00c7anta imalat\u00e7\u0131s\u0131 \u00dcreticisi istanbul\",\"description\":\"T\u00fcrkiyenin Toptan, Promosyon \u00c7anta \u0130malat\u00e7\u0131s\u0131\",\"publisher\":{\"@id\":\"https:\/\/genclercanta.com\/ar\/#organization\"},\"alternateName\":\"Gen\u00e7ler \u00c7anta\",\"potentialAction\":[{\"@type\":\"SearchAction\",\"target\":{\"@type\":\"EntryPoint\",\"urlTemplate\":\"https:\/\/genclercanta.com\/ar\/?s={search_term_string}\"},\"query-input\":{\"@type\":\"PropertyValueSpecification\",\"valueRequired\":true,\"valueName\":\"search_term_string\"}}],\"inLanguage\":\"ar\"},{\"@type\":\"Organization\",\"@id\":\"https:\/\/genclercanta.com\/ar\/#organization\",\"name\":\"Promosyon \u00c7anta imalat\u0131, \u00dcretimi, \u00c7anta imalat\u00e7\u0131s\u0131 \u00dcreticisi istanbul\",\"alternateName\":\"Gen\u00e7ler \u00c7anta\",\"url\":\"https:\/\/genclercanta.com\/ar\/\",\"logo\":{\"@type\":\"ImageObject\",\"inLanguage\":\"ar\",\"@id\":\"https:\/\/genclercanta.com\/ar\/#\/schema\/logo\/image\/\",\"url\":\"https:\/\/genclercanta.com\/wp-content\/uploads\/2020\/10\/gencler-canta-logo.jpg\",\"contentUrl\":\"https:\/\/genclercanta.com\/wp-content\/uploads\/2020\/10\/gencler-canta-logo.jpg\",\"width\":600,\"height\":133,\"caption\":\"Promosyon \u00c7anta imalat\u0131, \u00dcretimi, \u00c7anta imalat\u00e7\u0131s\u0131 \u00dcreticisi istanbul\"},\"image\":{\"@id\":\"https:\/\/genclercanta.com\/ar\/#\/schema\/logo\/image\/\"},\"sameAs\":[\"https:\/\/www.facebook.com\/GenclerCantacom\/\",\"https:\/\/www.instagram.com\/genclercanta\/\"]}]}<\/script>\n<!-- \/ Yoast SEO plugin. -->","yoast_head_json":{"title":"\u062d\u0642\u064a\u0628\u0629 \u0638\u0647\u0631 \u0631\u0645\u0627\u062f\u064a\u0629 \u0645\u0646 \u0628\u064a \u0643\u064a\u0647 \u0625\u0633 - Promosyon \u00c7anta imalat\u0131, \u00dcretimi, \u00c7anta imalat\u00e7\u0131s\u0131 \u00dcreticisi istanbul","description":"\u062d\u0642\u064a\u0628\u0629 \u0638\u0647\u0631 \u0631\u0645\u0627\u062f\u064a\u0629 \u0645\u0646 \u0628\u064a \u0643\u064a\u0647 \u0625\u0633","robots":{"index":"index","follow":"follow","max-snippet":"max-snippet:-1","max-image-preview":"max-image-preview:large","max-video-preview":"max-video-preview:-1"},"canonical":"https:\/\/genclercanta.com\/ar\/urunler\/%d8%ad%d9%82%d9%8a%d8%a8%d8%a9-%d8%b8%d9%87%d8%b1-%d8%b1%d9%85%d8%a7%d8%af%d9%8a%d8%a9-%d9%85%d9%86-%d8%a8%d9%8a-%d9%83%d9%8a%d9%87-%d8%a5%d8%b3\/","og_locale":"ar_AR","og_type":"article","og_title":"\u062d\u0642\u064a\u0628\u0629 \u0638\u0647\u0631 \u0631\u0645\u0627\u062f\u064a\u0629 \u0645\u0646 \u0628\u064a \u0643\u064a\u0647 \u0625\u0633 - Promosyon \u00c7anta imalat\u0131, \u00dcretimi, \u00c7anta imalat\u00e7\u0131s\u0131 \u00dcreticisi istanbul","og_description":"\u062d\u0642\u064a\u0628\u0629 \u0638\u0647\u0631 \u0631\u0645\u0627\u062f\u064a\u0629 \u0645\u0646 \u0628\u064a \u0643\u064a\u0647 \u0625\u0633","og_url":"https:\/\/genclercanta.com\/ar\/urunler\/%d8%ad%d9%82%d9%8a%d8%a8%d8%a9-%d8%b8%d9%87%d8%b1-%d8%b1%d9%85%d8%a7%d8%af%d9%8a%d8%a9-%d9%85%d9%86-%d8%a8%d9%8a-%d9%83%d9%8a%d9%87-%d8%a5%d8%b3\/","og_site_name":"Promosyon \u00c7anta imalat\u0131, \u00dcretimi, \u00c7anta imalat\u00e7\u0131s\u0131 \u00dcreticisi istanbul","article_publisher":"https:\/\/www.facebook.com\/GenclerCantacom\/","og_image":[{"width":1200,"height":900,"url":"https:\/\/genclercanta.com\/wp-content\/uploads\/2020\/10\/BKS-04-5.jpg","type":"image\/jpeg"}],"schema":{"@context":"https:\/\/schema.org","@graph":[{"@type":"WebPage","@id":"https:\/\/genclercanta.com\/ar\/urunler\/%d8%ad%d9%82%d9%8a%d8%a8%d8%a9-%d8%b8%d9%87%d8%b1-%d8%b1%d9%85%d8%a7%d8%af%d9%8a%d8%a9-%d9%85%d9%86-%d8%a8%d9%8a-%d9%83%d9%8a%d9%87-%d8%a5%d8%b3\/","url":"https:\/\/genclercanta.com\/ar\/urunler\/%d8%ad%d9%82%d9%8a%d8%a8%d8%a9-%d8%b8%d9%87%d8%b1-%d8%b1%d9%85%d8%a7%d8%af%d9%8a%d8%a9-%d9%85%d9%86-%d8%a8%d9%8a-%d9%83%d9%8a%d9%87-%d8%a5%d8%b3\/","name":"\u062d\u0642\u064a\u0628\u0629 \u0638\u0647\u0631 \u0631\u0645\u0627\u062f\u064a\u0629 \u0645\u0646 \u0628\u064a \u0643\u064a\u0647 \u0625\u0633 - Promosyon \u00c7anta imalat\u0131, \u00dcretimi, \u00c7anta imalat\u00e7\u0131s\u0131 \u00dcreticisi istanbul","isPartOf":{"@id":"https:\/\/genclercanta.com\/ar\/#website"},"primaryImageOfPage":{"@id":"https:\/\/genclercanta.com\/ar\/urunler\/%d8%ad%d9%82%d9%8a%d8%a8%d8%a9-%d8%b8%d9%87%d8%b1-%d8%b1%d9%85%d8%a7%d8%af%d9%8a%d8%a9-%d9%85%d9%86-%d8%a8%d9%8a-%d9%83%d9%8a%d9%87-%d8%a5%d8%b3\/#primaryimage"},"image":{"@id":"https:\/\/genclercanta.com\/ar\/urunler\/%d8%ad%d9%82%d9%8a%d8%a8%d8%a9-%d8%b8%d9%87%d8%b1-%d8%b1%d9%85%d8%a7%d8%af%d9%8a%d8%a9-%d9%85%d9%86-%d8%a8%d9%8a-%d9%83%d9%8a%d9%87-%d8%a5%d8%b3\/#primaryimage"},"thumbnailUrl":"https:\/\/genclercanta.com\/wp-content\/uploads\/2020\/10\/BKS-04-5.jpg","datePublished":"2020-10-20T21:50:09+00:00","description":"\u062d\u0642\u064a\u0628\u0629 \u0638\u0647\u0631 \u0631\u0645\u0627\u062f\u064a\u0629 \u0645\u0646 \u0628\u064a \u0643\u064a\u0647 \u0625\u0633","breadcrumb":{"@id":"https:\/\/genclercanta.com\/ar\/urunler\/%d8%ad%d9%82%d9%8a%d8%a8%d8%a9-%d8%b8%d9%87%d8%b1-%d8%b1%d9%85%d8%a7%d8%af%d9%8a%d8%a9-%d9%85%d9%86-%d8%a8%d9%8a-%d9%83%d9%8a%d9%87-%d8%a5%d8%b3\/#breadcrumb"},"inLanguage":"ar","potentialAction":[{"@type":"ReadAction","target":["https:\/\/genclercanta.com\/ar\/urunler\/%d8%ad%d9%82%d9%8a%d8%a8%d8%a9-%d8%b8%d9%87%d8%b1-%d8%b1%d9%85%d8%a7%d8%af%d9%8a%d8%a9-%d9%85%d9%86-%d8%a8%d9%8a-%d9%83%d9%8a%d9%87-%d8%a5%d8%b3\/"]}]},{"@type":"ImageObject","inLanguage":"ar","@id":"https:\/\/genclercanta.com\/ar\/urunler\/%d8%ad%d9%82%d9%8a%d8%a8%d8%a9-%d8%b8%d9%87%d8%b1-%d8%b1%d9%85%d8%a7%d8%af%d9%8a%d8%a9-%d9%85%d9%86-%d8%a8%d9%8a-%d9%83%d9%8a%d9%87-%d8%a5%d8%b3\/#primaryimage","url":"https:\/\/genclercanta.com\/wp-content\/uploads\/2020\/10\/BKS-04-5.jpg","contentUrl":"https:\/\/genclercanta.com\/wp-content\/uploads\/2020\/10\/BKS-04-5.jpg","width":1200,"height":900},{"@type":"BreadcrumbList","@id":"https:\/\/genclercanta.com\/ar\/urunler\/%d8%ad%d9%82%d9%8a%d8%a8%d8%a9-%d8%b8%d9%87%d8%b1-%d8%b1%d9%85%d8%a7%d8%af%d9%8a%d8%a9-%d9%85%d9%86-%d8%a8%d9%8a-%d9%83%d9%8a%d9%87-%d8%a5%d8%b3\/#breadcrumb","itemListElement":[{"@type":"ListItem","position":1,"name":"Ana sayfa","item":"https:\/\/genclercanta.com\/ar\/%d8%a7%d9%84%d8%b5%d9%81%d8%ad%d8%a9-%d8%a7%d9%84%d8%b1%d8%a6%d9%8a%d8%b3%d9%8a%d8%a9\/"},{"@type":"ListItem","position":2,"name":"\u0627\u0644\u0645\u062a\u062c\u0631","item":"https:\/\/genclercanta.com\/ar\/%d8%a7%d9%84%d9%85%d8%aa%d8%ac%d8%b1\/"},{"@type":"ListItem","position":3,"name":"\u062d\u0642\u064a\u0628\u0629 \u0638\u0647\u0631 \u0631\u0645\u0627\u062f\u064a\u0629 \u0645\u0646 \u0628\u064a \u0643\u064a\u0647 \u0625\u0633"}]},{"@type":"WebSite","@id":"https:\/\/genclercanta.com\/ar\/#website","url":"https:\/\/genclercanta.com\/ar\/","name":"Promosyon \u00c7anta imalat\u0131, \u00dcretimi, \u00c7anta imalat\u00e7\u0131s\u0131 \u00dcreticisi istanbul","description":"T\u00fcrkiyenin Toptan, Promosyon \u00c7anta \u0130malat\u00e7\u0131s\u0131","publisher":{"@id":"https:\/\/genclercanta.com\/ar\/#organization"},"alternateName":"Gen\u00e7ler \u00c7anta","potentialAction":[{"@type":"SearchAction","target":{"@type":"EntryPoint","urlTemplate":"https:\/\/genclercanta.com\/ar\/?s={search_term_string}"},"query-input":{"@type":"PropertyValueSpecification","valueRequired":true,"valueName":"search_term_string"}}],"inLanguage":"ar"},{"@type":"Organization","@id":"https:\/\/genclercanta.com\/ar\/#organization","name":"Promosyon \u00c7anta imalat\u0131, \u00dcretimi, \u00c7anta imalat\u00e7\u0131s\u0131 \u00dcreticisi istanbul","alternateName":"Gen\u00e7ler \u00c7anta","url":"https:\/\/genclercanta.com\/ar\/","logo":{"@type":"ImageObject","inLanguage":"ar","@id":"https:\/\/genclercanta.com\/ar\/#\/schema\/logo\/image\/","url":"https:\/\/genclercanta.com\/wp-content\/uploads\/2020\/10\/gencler-canta-logo.jpg","contentUrl":"https:\/\/genclercanta.com\/wp-content\/uploads\/2020\/10\/gencler-canta-logo.jpg","width":600,"height":133,"caption":"Promosyon \u00c7anta imalat\u0131, \u00dcretimi, \u00c7anta imalat\u00e7\u0131s\u0131 \u00dcreticisi istanbul"},"image":{"@id":"https:\/\/genclercanta.com\/ar\/#\/schema\/logo\/image\/"},"sameAs":["https:\/\/www.facebook.com\/GenclerCantacom\/","https:\/\/www.instagram.com\/genclercanta\/"]}]}},"_links":{"self":[{"href":"https:\/\/genclercanta.com\/ar\/wp-json\/wp\/v2\/product\/127037","targetHints":{"allow":["GET"]}}],"collection":[{"href":"https:\/\/genclercanta.com\/ar\/wp-json\/wp\/v2\/product"}],"about":[{"href":"https:\/\/genclercanta.com\/ar\/wp-json\/wp\/v2\/types\/product"}],"replies":[{"embeddable":true,"href":"https:\/\/genclercanta.com\/ar\/wp-json\/wp\/v2\/comments?post=127037"}],"wp:featuredmedia":[{"embeddable":true,"href":"https:\/\/genclercanta.com\/ar\/wp-json\/wp\/v2\/media\/53628"}],"wp:attachment":[{"href":"https:\/\/genclercanta.com\/ar\/wp-json\/wp\/v2\/media?parent=127037"}],"wp:term":[{"taxonomy":"product_brand","embeddable":true,"href":"https:\/\/genclercanta.com\/ar\/wp-json\/wp\/v2\/product_brand?post=127037"},{"taxonomy":"product_cat","embeddable":true,"href":"https:\/\/genclercanta.com\/ar\/wp-json\/wp\/v2\/product_cat?post=127037"},{"taxonomy":"product_tag","embeddable":true,"href":"https:\/\/genclercanta.com\/ar\/wp-json\/wp\/v2\/product_tag?post=127037"}],"curies":[{"name":"wp","href":"https:\/\/api.w.org\/{rel}","templated":true}]}}