{"id":7090,"date":"2020-10-02T18:27:48","date_gmt":"2020-10-02T18:27:48","guid":{"rendered":"http:\/\/genclercanta.com\/product\/import-placeholder-for-6271\/"},"modified":"2020-10-02T18:29:06","modified_gmt":"2020-10-02T18:29:06","slug":"ozel-tasarimlar-gnco-3001","status":"publish","type":"product","link":"https:\/\/genclercanta.com\/ar\/urunler\/ozel-tasarimlar-gnco-3001\/","title":{"rendered":"\u00d6ZEL TASARIMLAR GNC\u00d6 3001"},"content":{"rendered":"<p>Kod : GNC\u00d6 3001<br \/>\n\u0130sim : Voleybol Topu \u00c7antas\u0131<br \/>\nMalzeme : 420 D \u0130mperteks Kuma\u015f<br \/>\n\u00d6l\u00e7\u00fc : 33X103X21<br \/>\nKoli \u00d6l\u00e7\u00fcs\u00fc :<br \/>\nKoli Adedi :<br \/>\nadet A\u011f\u0131rl\u0131k : gr.<\/p>\n","protected":false},"excerpt":{"rendered":"<p>\u00d6ZEL TASARIMLAR GNC\u00d6 3001<\/p>\n","protected":false},"featured_media":7174,"comment_status":"open","ping_status":"closed","template":"","meta":[],"product_brand":[],"product_cat":[132],"product_tag":[94,95,96,97,98,99,100],"class_list":{"0":"post-7090","1":"product","2":"type-product","3":"status-publish","4":"has-post-thumbnail","6":"product_cat-ozel-tasarimlar","7":"product_tag-cantaimalati","8":"product_tag-cantauretimi","9":"product_tag-promosyoncanta","10":"product_tag-sirt-cantasi","11":"product_tag-sirtcantacesitleri","12":"product_tag-sirtcantamodelleri","13":"product_tag-toptan-sirt-cantasi","15":"first","16":"instock","17":"sold-individually","18":"shipping-taxable","19":"product-type-simple"},"yoast_head":"<!-- This site is optimized with the Yoast SEO plugin v26.3 - https:\/\/yoast.com\/wordpress\/plugins\/seo\/ -->\n<title>\u00d6ZEL TASARIMLAR GNC\u00d6 3001 - Promosyon \u00c7anta imalat\u0131, \u00dcretimi, \u00c7anta imalat\u00e7\u0131s\u0131 \u00dcreticisi istanbul<\/title>\n<meta name=\"description\" content=\"\u00d6ZEL TASARIMLAR GNC\u00d6 3001\" \/>\n<meta name=\"robots\" content=\"index, follow, max-snippet:-1, max-image-preview:large, max-video-preview:-1\" \/>\n<link rel=\"canonical\" href=\"https:\/\/genclercanta.com\/ar\/urunler\/ozel-tasarimlar-gnco-3001\/\" \/>\n<meta property=\"og:locale\" content=\"ar_AR\" \/>\n<meta property=\"og:type\" content=\"article\" \/>\n<meta property=\"og:title\" content=\"\u00d6ZEL TASARIMLAR GNC\u00d6 3001 - Promosyon \u00c7anta imalat\u0131, \u00dcretimi, \u00c7anta imalat\u00e7\u0131s\u0131 \u00dcreticisi istanbul\" \/>\n<meta property=\"og:description\" content=\"\u00d6ZEL TASARIMLAR GNC\u00d6 3001\" \/>\n<meta property=\"og:url\" content=\"https:\/\/genclercanta.com\/ar\/urunler\/ozel-tasarimlar-gnco-3001\/\" \/>\n<meta property=\"og:site_name\" content=\"Promosyon \u00c7anta imalat\u0131, \u00dcretimi, \u00c7anta imalat\u00e7\u0131s\u0131 \u00dcreticisi istanbul\" \/>\n<meta property=\"article:publisher\" content=\"https:\/\/www.facebook.com\/GenclerCantacom\/\" \/>\n<meta property=\"article:modified_time\" content=\"2020-10-02T18:29:06+00:00\" \/>\n<meta property=\"og:image\" content=\"https:\/\/genclercanta.com\/wp-content\/uploads\/2020\/10\/GNCO-3001.jpg?v=1613019613\" \/>\n\t<meta property=\"og:image:width\" content=\"640\" \/>\n\t<meta property=\"og:image:height\" content=\"491\" \/>\n\t<meta property=\"og:image:type\" content=\"image\/jpeg\" \/>\n<script type=\"application\/ld+json\" class=\"yoast-schema-graph\">{\"@context\":\"https:\/\/schema.org\",\"@graph\":[{\"@type\":\"WebPage\",\"@id\":\"https:\/\/genclercanta.com\/ar\/urunler\/ozel-tasarimlar-gnco-3001\/\",\"url\":\"https:\/\/genclercanta.com\/ar\/urunler\/ozel-tasarimlar-gnco-3001\/\",\"name\":\"\u00d6ZEL TASARIMLAR GNC\u00d6 3001 - Promosyon \u00c7anta imalat\u0131, \u00dcretimi, \u00c7anta imalat\u00e7\u0131s\u0131 \u00dcreticisi istanbul\",\"isPartOf\":{\"@id\":\"https:\/\/genclercanta.com\/ar\/#website\"},\"primaryImageOfPage\":{\"@id\":\"https:\/\/genclercanta.com\/ar\/urunler\/ozel-tasarimlar-gnco-3001\/#primaryimage\"},\"image\":{\"@id\":\"https:\/\/genclercanta.com\/ar\/urunler\/ozel-tasarimlar-gnco-3001\/#primaryimage\"},\"thumbnailUrl\":\"https:\/\/genclercanta.com\/wp-content\/uploads\/2020\/10\/GNCO-3001.jpg?v=1613019613\",\"datePublished\":\"2020-10-02T18:27:48+00:00\",\"dateModified\":\"2020-10-02T18:29:06+00:00\",\"description\":\"\u00d6ZEL TASARIMLAR GNC\u00d6 3001\",\"breadcrumb\":{\"@id\":\"https:\/\/genclercanta.com\/ar\/urunler\/ozel-tasarimlar-gnco-3001\/#breadcrumb\"},\"inLanguage\":\"ar\",\"potentialAction\":[{\"@type\":\"ReadAction\",\"target\":[\"https:\/\/genclercanta.com\/ar\/urunler\/ozel-tasarimlar-gnco-3001\/\"]}]},{\"@type\":\"ImageObject\",\"inLanguage\":\"ar\",\"@id\":\"https:\/\/genclercanta.com\/ar\/urunler\/ozel-tasarimlar-gnco-3001\/#primaryimage\",\"url\":\"https:\/\/genclercanta.com\/wp-content\/uploads\/2020\/10\/GNCO-3001.jpg?v=1613019613\",\"contentUrl\":\"https:\/\/genclercanta.com\/wp-content\/uploads\/2020\/10\/GNCO-3001.jpg?v=1613019613\",\"width\":640,\"height\":491},{\"@type\":\"BreadcrumbList\",\"@id\":\"https:\/\/genclercanta.com\/ar\/urunler\/ozel-tasarimlar-gnco-3001\/#breadcrumb\",\"itemListElement\":[{\"@type\":\"ListItem\",\"position\":1,\"name\":\"Ana sayfa\",\"item\":\"https:\/\/genclercanta.com\/ar\/%d8%a7%d9%84%d8%b5%d9%81%d8%ad%d8%a9-%d8%a7%d9%84%d8%b1%d8%a6%d9%8a%d8%b3%d9%8a%d8%a9\/\"},{\"@type\":\"ListItem\",\"position\":2,\"name\":\"\u0627\u0644\u0645\u062a\u062c\u0631\",\"item\":\"https:\/\/genclercanta.com\/ar\/%d8%a7%d9%84%d9%85%d8%aa%d8%ac%d8%b1\/\"},{\"@type\":\"ListItem\",\"position\":3,\"name\":\"\u00d6ZEL TASARIMLAR GNC\u00d6 3001\"}]},{\"@type\":\"WebSite\",\"@id\":\"https:\/\/genclercanta.com\/ar\/#website\",\"url\":\"https:\/\/genclercanta.com\/ar\/\",\"name\":\"Promosyon \u00c7anta imalat\u0131, \u00dcretimi, \u00c7anta imalat\u00e7\u0131s\u0131 \u00dcreticisi istanbul\",\"description\":\"T\u00fcrkiyenin Toptan, Promosyon \u00c7anta \u0130malat\u00e7\u0131s\u0131\",\"publisher\":{\"@id\":\"https:\/\/genclercanta.com\/ar\/#organization\"},\"alternateName\":\"Gen\u00e7ler \u00c7anta\",\"potentialAction\":[{\"@type\":\"SearchAction\",\"target\":{\"@type\":\"EntryPoint\",\"urlTemplate\":\"https:\/\/genclercanta.com\/ar\/?s={search_term_string}\"},\"query-input\":{\"@type\":\"PropertyValueSpecification\",\"valueRequired\":true,\"valueName\":\"search_term_string\"}}],\"inLanguage\":\"ar\"},{\"@type\":\"Organization\",\"@id\":\"https:\/\/genclercanta.com\/ar\/#organization\",\"name\":\"Promosyon \u00c7anta imalat\u0131, \u00dcretimi, \u00c7anta imalat\u00e7\u0131s\u0131 \u00dcreticisi istanbul\",\"alternateName\":\"Gen\u00e7ler \u00c7anta\",\"url\":\"https:\/\/genclercanta.com\/ar\/\",\"logo\":{\"@type\":\"ImageObject\",\"inLanguage\":\"ar\",\"@id\":\"https:\/\/genclercanta.com\/ar\/#\/schema\/logo\/image\/\",\"url\":\"https:\/\/genclercanta.com\/wp-content\/uploads\/2020\/10\/gencler-canta-logo.jpg\",\"contentUrl\":\"https:\/\/genclercanta.com\/wp-content\/uploads\/2020\/10\/gencler-canta-logo.jpg\",\"width\":600,\"height\":133,\"caption\":\"Promosyon \u00c7anta imalat\u0131, \u00dcretimi, \u00c7anta imalat\u00e7\u0131s\u0131 \u00dcreticisi istanbul\"},\"image\":{\"@id\":\"https:\/\/genclercanta.com\/ar\/#\/schema\/logo\/image\/\"},\"sameAs\":[\"https:\/\/www.facebook.com\/GenclerCantacom\/\",\"https:\/\/www.instagram.com\/genclercanta\/\"]}]}<\/script>\n<!-- \/ Yoast SEO plugin. -->","yoast_head_json":{"title":"\u00d6ZEL TASARIMLAR GNC\u00d6 3001 - Promosyon \u00c7anta imalat\u0131, \u00dcretimi, \u00c7anta imalat\u00e7\u0131s\u0131 \u00dcreticisi istanbul","description":"\u00d6ZEL TASARIMLAR GNC\u00d6 3001","robots":{"index":"index","follow":"follow","max-snippet":"max-snippet:-1","max-image-preview":"max-image-preview:large","max-video-preview":"max-video-preview:-1"},"canonical":"https:\/\/genclercanta.com\/ar\/urunler\/ozel-tasarimlar-gnco-3001\/","og_locale":"ar_AR","og_type":"article","og_title":"\u00d6ZEL TASARIMLAR GNC\u00d6 3001 - Promosyon \u00c7anta imalat\u0131, \u00dcretimi, \u00c7anta imalat\u00e7\u0131s\u0131 \u00dcreticisi istanbul","og_description":"\u00d6ZEL TASARIMLAR GNC\u00d6 3001","og_url":"https:\/\/genclercanta.com\/ar\/urunler\/ozel-tasarimlar-gnco-3001\/","og_site_name":"Promosyon \u00c7anta imalat\u0131, \u00dcretimi, \u00c7anta imalat\u00e7\u0131s\u0131 \u00dcreticisi istanbul","article_publisher":"https:\/\/www.facebook.com\/GenclerCantacom\/","article_modified_time":"2020-10-02T18:29:06+00:00","og_image":[{"width":640,"height":491,"url":"https:\/\/genclercanta.com\/wp-content\/uploads\/2020\/10\/GNCO-3001.jpg?v=1613019613","type":"image\/jpeg"}],"schema":{"@context":"https:\/\/schema.org","@graph":[{"@type":"WebPage","@id":"https:\/\/genclercanta.com\/ar\/urunler\/ozel-tasarimlar-gnco-3001\/","url":"https:\/\/genclercanta.com\/ar\/urunler\/ozel-tasarimlar-gnco-3001\/","name":"\u00d6ZEL TASARIMLAR GNC\u00d6 3001 - Promosyon \u00c7anta imalat\u0131, \u00dcretimi, \u00c7anta imalat\u00e7\u0131s\u0131 \u00dcreticisi istanbul","isPartOf":{"@id":"https:\/\/genclercanta.com\/ar\/#website"},"primaryImageOfPage":{"@id":"https:\/\/genclercanta.com\/ar\/urunler\/ozel-tasarimlar-gnco-3001\/#primaryimage"},"image":{"@id":"https:\/\/genclercanta.com\/ar\/urunler\/ozel-tasarimlar-gnco-3001\/#primaryimage"},"thumbnailUrl":"https:\/\/genclercanta.com\/wp-content\/uploads\/2020\/10\/GNCO-3001.jpg?v=1613019613","datePublished":"2020-10-02T18:27:48+00:00","dateModified":"2020-10-02T18:29:06+00:00","description":"\u00d6ZEL TASARIMLAR GNC\u00d6 3001","breadcrumb":{"@id":"https:\/\/genclercanta.com\/ar\/urunler\/ozel-tasarimlar-gnco-3001\/#breadcrumb"},"inLanguage":"ar","potentialAction":[{"@type":"ReadAction","target":["https:\/\/genclercanta.com\/ar\/urunler\/ozel-tasarimlar-gnco-3001\/"]}]},{"@type":"ImageObject","inLanguage":"ar","@id":"https:\/\/genclercanta.com\/ar\/urunler\/ozel-tasarimlar-gnco-3001\/#primaryimage","url":"https:\/\/genclercanta.com\/wp-content\/uploads\/2020\/10\/GNCO-3001.jpg?v=1613019613","contentUrl":"https:\/\/genclercanta.com\/wp-content\/uploads\/2020\/10\/GNCO-3001.jpg?v=1613019613","width":640,"height":491},{"@type":"BreadcrumbList","@id":"https:\/\/genclercanta.com\/ar\/urunler\/ozel-tasarimlar-gnco-3001\/#breadcrumb","itemListElement":[{"@type":"ListItem","position":1,"name":"Ana sayfa","item":"https:\/\/genclercanta.com\/ar\/%d8%a7%d9%84%d8%b5%d9%81%d8%ad%d8%a9-%d8%a7%d9%84%d8%b1%d8%a6%d9%8a%d8%b3%d9%8a%d8%a9\/"},{"@type":"ListItem","position":2,"name":"\u0627\u0644\u0645\u062a\u062c\u0631","item":"https:\/\/genclercanta.com\/ar\/%d8%a7%d9%84%d9%85%d8%aa%d8%ac%d8%b1\/"},{"@type":"ListItem","position":3,"name":"\u00d6ZEL TASARIMLAR GNC\u00d6 3001"}]},{"@type":"WebSite","@id":"https:\/\/genclercanta.com\/ar\/#website","url":"https:\/\/genclercanta.com\/ar\/","name":"Promosyon \u00c7anta imalat\u0131, \u00dcretimi, \u00c7anta imalat\u00e7\u0131s\u0131 \u00dcreticisi istanbul","description":"T\u00fcrkiyenin Toptan, Promosyon \u00c7anta \u0130malat\u00e7\u0131s\u0131","publisher":{"@id":"https:\/\/genclercanta.com\/ar\/#organization"},"alternateName":"Gen\u00e7ler \u00c7anta","potentialAction":[{"@type":"SearchAction","target":{"@type":"EntryPoint","urlTemplate":"https:\/\/genclercanta.com\/ar\/?s={search_term_string}"},"query-input":{"@type":"PropertyValueSpecification","valueRequired":true,"valueName":"search_term_string"}}],"inLanguage":"ar"},{"@type":"Organization","@id":"https:\/\/genclercanta.com\/ar\/#organization","name":"Promosyon \u00c7anta imalat\u0131, \u00dcretimi, \u00c7anta imalat\u00e7\u0131s\u0131 \u00dcreticisi istanbul","alternateName":"Gen\u00e7ler \u00c7anta","url":"https:\/\/genclercanta.com\/ar\/","logo":{"@type":"ImageObject","inLanguage":"ar","@id":"https:\/\/genclercanta.com\/ar\/#\/schema\/logo\/image\/","url":"https:\/\/genclercanta.com\/wp-content\/uploads\/2020\/10\/gencler-canta-logo.jpg","contentUrl":"https:\/\/genclercanta.com\/wp-content\/uploads\/2020\/10\/gencler-canta-logo.jpg","width":600,"height":133,"caption":"Promosyon \u00c7anta imalat\u0131, \u00dcretimi, \u00c7anta imalat\u00e7\u0131s\u0131 \u00dcreticisi istanbul"},"image":{"@id":"https:\/\/genclercanta.com\/ar\/#\/schema\/logo\/image\/"},"sameAs":["https:\/\/www.facebook.com\/GenclerCantacom\/","https:\/\/www.instagram.com\/genclercanta\/"]}]}},"_links":{"self":[{"href":"https:\/\/genclercanta.com\/ar\/wp-json\/wp\/v2\/product\/7090","targetHints":{"allow":["GET"]}}],"collection":[{"href":"https:\/\/genclercanta.com\/ar\/wp-json\/wp\/v2\/product"}],"about":[{"href":"https:\/\/genclercanta.com\/ar\/wp-json\/wp\/v2\/types\/product"}],"replies":[{"embeddable":true,"href":"https:\/\/genclercanta.com\/ar\/wp-json\/wp\/v2\/comments?post=7090"}],"wp:featuredmedia":[{"embeddable":true,"href":"https:\/\/genclercanta.com\/ar\/wp-json\/wp\/v2\/media\/7174"}],"wp:attachment":[{"href":"https:\/\/genclercanta.com\/ar\/wp-json\/wp\/v2\/media?parent=7090"}],"wp:term":[{"taxonomy":"product_brand","embeddable":true,"href":"https:\/\/genclercanta.com\/ar\/wp-json\/wp\/v2\/product_brand?post=7090"},{"taxonomy":"product_cat","embeddable":true,"href":"https:\/\/genclercanta.com\/ar\/wp-json\/wp\/v2\/product_cat?post=7090"},{"taxonomy":"product_tag","embeddable":true,"href":"https:\/\/genclercanta.com\/ar\/wp-json\/wp\/v2\/product_tag?post=7090"}],"curies":[{"name":"wp","href":"https:\/\/api.w.org\/{rel}","templated":true}]}}