{"id":122047,"date":"2025-08-13T09:51:34","date_gmt":"2025-08-13T09:51:34","guid":{"rendered":"https:\/\/genclercanta.com\/urunler\/sonderausfuehrungen-gncoe-3022\/"},"modified":"2025-08-13T09:51:34","modified_gmt":"2025-08-13T09:51:34","slug":"sonderausfuehrungen-gncoe-3022","status":"publish","type":"product","link":"https:\/\/genclercanta.com\/de\/urunler\/sonderausfuehrungen-gncoe-3022\/","title":{"rendered":"SONDERAUSF\u00dcHRUNGEN GNC\u00d6 3022"},"content":{"rendered":"<pre id=\"tw-target-text\" class=\"tw-data-text tw-text-large tw-ta\" dir=\"ltr\" data-placeholder=\"\u00c7eviri\" data-ved=\"2ahUKEwjdtJ6K-KWPAxWhLRAIHeoNL04Q3ewLegQIChAV\" aria-label=\"\u00c7evrilmi\u015f metin: Code: GNC\u00d6 3022\r\nName: Stoffbeutel\r\nMaterial: Oxford-Gewebe\r\nMa\u00dfe: 23 x 21 x 2 cm\r\nVerpackungsgr\u00f6\u00dfe: 50 x 40 x 40\r\nGewicht: 1000 Gramm\"><span class=\"Y2IQFc\" lang=\"de\">Code: GNC\u00d6 3022\r\nName: Stoffbeutel\r\nMaterial: Oxford-Gewebe\r\nMa\u00dfe: 23 x 21 x 2 cm\r\nVerpackungsgr\u00f6\u00dfe: 50 x 40 x 40\r\nGewicht: 1000 Gramm<\/span><\/pre>\n","protected":false},"excerpt":{"rendered":"<pre id=\"tw-target-text\" class=\"tw-data-text tw-text-large tw-ta\" dir=\"ltr\" data-placeholder=\"\u00c7eviri\" data-ved=\"2ahUKEwjdtJ6K-KWPAxWhLRAIHeoNL04Q3ewLegQIChAV\" aria-label=\"\u00c7evrilmi\u015f metin: SONDERAUSF\u00dcHRUNGEN GNC\u00d6 3022\"><span class=\"Y2IQFc\" lang=\"de\">SONDERAUSF\u00dcHRUNGEN GNC\u00d6 3022<\/span><\/pre>\n","protected":false},"featured_media":120871,"comment_status":"open","ping_status":"closed","template":"","meta":[],"product_brand":[],"product_cat":[737],"product_tag":[840,837,839,838,834,835,836],"class_list":{"0":"post-122047","1":"product","2":"type-product","3":"status-publish","4":"has-post-thumbnail","6":"product_cat-sonderanfertigungen","7":"product_tag-groshandel-rucksack","8":"product_tag-rucksack","9":"product_tag-rucksackmodelle","10":"product_tag-rucksacktypen","11":"product_tag-taschenherstellung","12":"product_tag-taschenproduktion","13":"product_tag-werbetasche","15":"first","16":"instock","17":"sold-individually","18":"shipping-taxable","19":"product-type-simple"},"yoast_head":"<!-- This site is optimized with the Yoast SEO plugin v26.3 - https:\/\/yoast.com\/wordpress\/plugins\/seo\/ -->\n<title>SONDERAUSF\u00dcHRUNGEN GNC\u00d6 3022 - Promosyon \u00c7anta imalat\u0131, \u00dcretimi, \u00c7anta imalat\u00e7\u0131s\u0131 \u00dcreticisi istanbul<\/title>\n<meta name=\"description\" content=\"SONDERAUSF\u00dcHRUNGEN GNC\u00d6 3022\" \/>\n<meta name=\"robots\" content=\"index, follow, max-snippet:-1, max-image-preview:large, max-video-preview:-1\" \/>\n<link rel=\"canonical\" href=\"https:\/\/genclercanta.com\/de\/urunler\/sonderausfuehrungen-gncoe-3022\/\" \/>\n<meta property=\"og:locale\" content=\"de_DE\" \/>\n<meta property=\"og:type\" content=\"article\" \/>\n<meta property=\"og:title\" content=\"SONDERAUSF\u00dcHRUNGEN GNC\u00d6 3022 - Promosyon \u00c7anta imalat\u0131, \u00dcretimi, \u00c7anta imalat\u00e7\u0131s\u0131 \u00dcreticisi istanbul\" \/>\n<meta property=\"og:description\" content=\"SONDERAUSF\u00dcHRUNGEN GNC\u00d6 3022\" \/>\n<meta property=\"og:url\" content=\"https:\/\/genclercanta.com\/de\/urunler\/sonderausfuehrungen-gncoe-3022\/\" \/>\n<meta property=\"og:site_name\" content=\"Promosyon \u00c7anta imalat\u0131, \u00dcretimi, \u00c7anta imalat\u00e7\u0131s\u0131 \u00dcreticisi istanbul\" \/>\n<meta property=\"article:publisher\" content=\"https:\/\/www.facebook.com\/GenclerCantacom\/\" \/>\n<meta property=\"og:image\" content=\"https:\/\/genclercanta.com\/wp-content\/uploads\/2025\/08\/KREA5701.jpg\" \/>\n\t<meta property=\"og:image:width\" content=\"1600\" \/>\n\t<meta property=\"og:image:height\" content=\"1200\" \/>\n\t<meta property=\"og:image:type\" content=\"image\/jpeg\" \/>\n<script type=\"application\/ld+json\" class=\"yoast-schema-graph\">{\"@context\":\"https:\/\/schema.org\",\"@graph\":[{\"@type\":\"WebPage\",\"@id\":\"https:\/\/genclercanta.com\/de\/urunler\/sonderausfuehrungen-gncoe-3022\/\",\"url\":\"https:\/\/genclercanta.com\/de\/urunler\/sonderausfuehrungen-gncoe-3022\/\",\"name\":\"SONDERAUSF\u00dcHRUNGEN GNC\u00d6 3022 - Promosyon \u00c7anta imalat\u0131, \u00dcretimi, \u00c7anta imalat\u00e7\u0131s\u0131 \u00dcreticisi istanbul\",\"isPartOf\":{\"@id\":\"https:\/\/genclercanta.com\/de\/#website\"},\"primaryImageOfPage\":{\"@id\":\"https:\/\/genclercanta.com\/de\/urunler\/sonderausfuehrungen-gncoe-3022\/#primaryimage\"},\"image\":{\"@id\":\"https:\/\/genclercanta.com\/de\/urunler\/sonderausfuehrungen-gncoe-3022\/#primaryimage\"},\"thumbnailUrl\":\"https:\/\/genclercanta.com\/wp-content\/uploads\/2025\/08\/KREA5701.jpg\",\"datePublished\":\"2025-08-13T09:51:34+00:00\",\"description\":\"SONDERAUSF\u00dcHRUNGEN GNC\u00d6 3022\",\"breadcrumb\":{\"@id\":\"https:\/\/genclercanta.com\/de\/urunler\/sonderausfuehrungen-gncoe-3022\/#breadcrumb\"},\"inLanguage\":\"de\",\"potentialAction\":[{\"@type\":\"ReadAction\",\"target\":[\"https:\/\/genclercanta.com\/de\/urunler\/sonderausfuehrungen-gncoe-3022\/\"]}]},{\"@type\":\"ImageObject\",\"inLanguage\":\"de\",\"@id\":\"https:\/\/genclercanta.com\/de\/urunler\/sonderausfuehrungen-gncoe-3022\/#primaryimage\",\"url\":\"https:\/\/genclercanta.com\/wp-content\/uploads\/2025\/08\/KREA5701.jpg\",\"contentUrl\":\"https:\/\/genclercanta.com\/wp-content\/uploads\/2025\/08\/KREA5701.jpg\",\"width\":1600,\"height\":1200},{\"@type\":\"BreadcrumbList\",\"@id\":\"https:\/\/genclercanta.com\/de\/urunler\/sonderausfuehrungen-gncoe-3022\/#breadcrumb\",\"itemListElement\":[{\"@type\":\"ListItem\",\"position\":1,\"name\":\"Ana sayfa\",\"item\":\"https:\/\/genclercanta.com\/de\/startseite\/\"},{\"@type\":\"ListItem\",\"position\":2,\"name\":\"Shop\",\"item\":\"https:\/\/genclercanta.com\/de\/shop\/\"},{\"@type\":\"ListItem\",\"position\":3,\"name\":\"SONDERAUSF\u00dcHRUNGEN GNC\u00d6 3022\"}]},{\"@type\":\"WebSite\",\"@id\":\"https:\/\/genclercanta.com\/de\/#website\",\"url\":\"https:\/\/genclercanta.com\/de\/\",\"name\":\"Promosyon \u00c7anta imalat\u0131, \u00dcretimi, \u00c7anta imalat\u00e7\u0131s\u0131 \u00dcreticisi istanbul\",\"description\":\"T\u00fcrkiyenin Toptan, Promosyon \u00c7anta \u0130malat\u00e7\u0131s\u0131\",\"publisher\":{\"@id\":\"https:\/\/genclercanta.com\/de\/#organization\"},\"alternateName\":\"Gen\u00e7ler \u00c7anta\",\"potentialAction\":[{\"@type\":\"SearchAction\",\"target\":{\"@type\":\"EntryPoint\",\"urlTemplate\":\"https:\/\/genclercanta.com\/de\/?s={search_term_string}\"},\"query-input\":{\"@type\":\"PropertyValueSpecification\",\"valueRequired\":true,\"valueName\":\"search_term_string\"}}],\"inLanguage\":\"de\"},{\"@type\":\"Organization\",\"@id\":\"https:\/\/genclercanta.com\/de\/#organization\",\"name\":\"Promosyon \u00c7anta imalat\u0131, \u00dcretimi, \u00c7anta imalat\u00e7\u0131s\u0131 \u00dcreticisi istanbul\",\"alternateName\":\"Gen\u00e7ler \u00c7anta\",\"url\":\"https:\/\/genclercanta.com\/de\/\",\"logo\":{\"@type\":\"ImageObject\",\"inLanguage\":\"de\",\"@id\":\"https:\/\/genclercanta.com\/de\/#\/schema\/logo\/image\/\",\"url\":\"https:\/\/genclercanta.com\/wp-content\/uploads\/2020\/10\/gencler-canta-logo.jpg\",\"contentUrl\":\"https:\/\/genclercanta.com\/wp-content\/uploads\/2020\/10\/gencler-canta-logo.jpg\",\"width\":600,\"height\":133,\"caption\":\"Promosyon \u00c7anta imalat\u0131, \u00dcretimi, \u00c7anta imalat\u00e7\u0131s\u0131 \u00dcreticisi istanbul\"},\"image\":{\"@id\":\"https:\/\/genclercanta.com\/de\/#\/schema\/logo\/image\/\"},\"sameAs\":[\"https:\/\/www.facebook.com\/GenclerCantacom\/\",\"https:\/\/www.instagram.com\/genclercanta\/\"]}]}<\/script>\n<!-- \/ Yoast SEO plugin. -->","yoast_head_json":{"title":"SONDERAUSF\u00dcHRUNGEN GNC\u00d6 3022 - Promosyon \u00c7anta imalat\u0131, \u00dcretimi, \u00c7anta imalat\u00e7\u0131s\u0131 \u00dcreticisi istanbul","description":"SONDERAUSF\u00dcHRUNGEN GNC\u00d6 3022","robots":{"index":"index","follow":"follow","max-snippet":"max-snippet:-1","max-image-preview":"max-image-preview:large","max-video-preview":"max-video-preview:-1"},"canonical":"https:\/\/genclercanta.com\/de\/urunler\/sonderausfuehrungen-gncoe-3022\/","og_locale":"de_DE","og_type":"article","og_title":"SONDERAUSF\u00dcHRUNGEN GNC\u00d6 3022 - Promosyon \u00c7anta imalat\u0131, \u00dcretimi, \u00c7anta imalat\u00e7\u0131s\u0131 \u00dcreticisi istanbul","og_description":"SONDERAUSF\u00dcHRUNGEN GNC\u00d6 3022","og_url":"https:\/\/genclercanta.com\/de\/urunler\/sonderausfuehrungen-gncoe-3022\/","og_site_name":"Promosyon \u00c7anta imalat\u0131, \u00dcretimi, \u00c7anta imalat\u00e7\u0131s\u0131 \u00dcreticisi istanbul","article_publisher":"https:\/\/www.facebook.com\/GenclerCantacom\/","og_image":[{"width":1600,"height":1200,"url":"https:\/\/genclercanta.com\/wp-content\/uploads\/2025\/08\/KREA5701.jpg","type":"image\/jpeg"}],"schema":{"@context":"https:\/\/schema.org","@graph":[{"@type":"WebPage","@id":"https:\/\/genclercanta.com\/de\/urunler\/sonderausfuehrungen-gncoe-3022\/","url":"https:\/\/genclercanta.com\/de\/urunler\/sonderausfuehrungen-gncoe-3022\/","name":"SONDERAUSF\u00dcHRUNGEN GNC\u00d6 3022 - Promosyon \u00c7anta imalat\u0131, \u00dcretimi, \u00c7anta imalat\u00e7\u0131s\u0131 \u00dcreticisi istanbul","isPartOf":{"@id":"https:\/\/genclercanta.com\/de\/#website"},"primaryImageOfPage":{"@id":"https:\/\/genclercanta.com\/de\/urunler\/sonderausfuehrungen-gncoe-3022\/#primaryimage"},"image":{"@id":"https:\/\/genclercanta.com\/de\/urunler\/sonderausfuehrungen-gncoe-3022\/#primaryimage"},"thumbnailUrl":"https:\/\/genclercanta.com\/wp-content\/uploads\/2025\/08\/KREA5701.jpg","datePublished":"2025-08-13T09:51:34+00:00","description":"SONDERAUSF\u00dcHRUNGEN GNC\u00d6 3022","breadcrumb":{"@id":"https:\/\/genclercanta.com\/de\/urunler\/sonderausfuehrungen-gncoe-3022\/#breadcrumb"},"inLanguage":"de","potentialAction":[{"@type":"ReadAction","target":["https:\/\/genclercanta.com\/de\/urunler\/sonderausfuehrungen-gncoe-3022\/"]}]},{"@type":"ImageObject","inLanguage":"de","@id":"https:\/\/genclercanta.com\/de\/urunler\/sonderausfuehrungen-gncoe-3022\/#primaryimage","url":"https:\/\/genclercanta.com\/wp-content\/uploads\/2025\/08\/KREA5701.jpg","contentUrl":"https:\/\/genclercanta.com\/wp-content\/uploads\/2025\/08\/KREA5701.jpg","width":1600,"height":1200},{"@type":"BreadcrumbList","@id":"https:\/\/genclercanta.com\/de\/urunler\/sonderausfuehrungen-gncoe-3022\/#breadcrumb","itemListElement":[{"@type":"ListItem","position":1,"name":"Ana sayfa","item":"https:\/\/genclercanta.com\/de\/startseite\/"},{"@type":"ListItem","position":2,"name":"Shop","item":"https:\/\/genclercanta.com\/de\/shop\/"},{"@type":"ListItem","position":3,"name":"SONDERAUSF\u00dcHRUNGEN GNC\u00d6 3022"}]},{"@type":"WebSite","@id":"https:\/\/genclercanta.com\/de\/#website","url":"https:\/\/genclercanta.com\/de\/","name":"Promosyon \u00c7anta imalat\u0131, \u00dcretimi, \u00c7anta imalat\u00e7\u0131s\u0131 \u00dcreticisi istanbul","description":"T\u00fcrkiyenin Toptan, Promosyon \u00c7anta \u0130malat\u00e7\u0131s\u0131","publisher":{"@id":"https:\/\/genclercanta.com\/de\/#organization"},"alternateName":"Gen\u00e7ler \u00c7anta","potentialAction":[{"@type":"SearchAction","target":{"@type":"EntryPoint","urlTemplate":"https:\/\/genclercanta.com\/de\/?s={search_term_string}"},"query-input":{"@type":"PropertyValueSpecification","valueRequired":true,"valueName":"search_term_string"}}],"inLanguage":"de"},{"@type":"Organization","@id":"https:\/\/genclercanta.com\/de\/#organization","name":"Promosyon \u00c7anta imalat\u0131, \u00dcretimi, \u00c7anta imalat\u00e7\u0131s\u0131 \u00dcreticisi istanbul","alternateName":"Gen\u00e7ler \u00c7anta","url":"https:\/\/genclercanta.com\/de\/","logo":{"@type":"ImageObject","inLanguage":"de","@id":"https:\/\/genclercanta.com\/de\/#\/schema\/logo\/image\/","url":"https:\/\/genclercanta.com\/wp-content\/uploads\/2020\/10\/gencler-canta-logo.jpg","contentUrl":"https:\/\/genclercanta.com\/wp-content\/uploads\/2020\/10\/gencler-canta-logo.jpg","width":600,"height":133,"caption":"Promosyon \u00c7anta imalat\u0131, \u00dcretimi, \u00c7anta imalat\u00e7\u0131s\u0131 \u00dcreticisi istanbul"},"image":{"@id":"https:\/\/genclercanta.com\/de\/#\/schema\/logo\/image\/"},"sameAs":["https:\/\/www.facebook.com\/GenclerCantacom\/","https:\/\/www.instagram.com\/genclercanta\/"]}]}},"_links":{"self":[{"href":"https:\/\/genclercanta.com\/de\/wp-json\/wp\/v2\/product\/122047","targetHints":{"allow":["GET"]}}],"collection":[{"href":"https:\/\/genclercanta.com\/de\/wp-json\/wp\/v2\/product"}],"about":[{"href":"https:\/\/genclercanta.com\/de\/wp-json\/wp\/v2\/types\/product"}],"replies":[{"embeddable":true,"href":"https:\/\/genclercanta.com\/de\/wp-json\/wp\/v2\/comments?post=122047"}],"wp:featuredmedia":[{"embeddable":true,"href":"https:\/\/genclercanta.com\/de\/wp-json\/wp\/v2\/media\/120871"}],"wp:attachment":[{"href":"https:\/\/genclercanta.com\/de\/wp-json\/wp\/v2\/media?parent=122047"}],"wp:term":[{"taxonomy":"product_brand","embeddable":true,"href":"https:\/\/genclercanta.com\/de\/wp-json\/wp\/v2\/product_brand?post=122047"},{"taxonomy":"product_cat","embeddable":true,"href":"https:\/\/genclercanta.com\/de\/wp-json\/wp\/v2\/product_cat?post=122047"},{"taxonomy":"product_tag","embeddable":true,"href":"https:\/\/genclercanta.com\/de\/wp-json\/wp\/v2\/product_tag?post=122047"}],"curies":[{"name":"wp","href":"https:\/\/api.w.org\/{rel}","templated":true}]}}