{"id":122245,"date":"2024-12-19T13:46:29","date_gmt":"2024-12-19T13:46:29","guid":{"rendered":"https:\/\/genclercanta.com\/urunler\/sport-und-reisetasche-gncs-1186\/"},"modified":"2024-12-19T13:46:29","modified_gmt":"2024-12-19T13:46:29","slug":"sport-und-reisetasche-gncs-1186","status":"publish","type":"product","link":"https:\/\/genclercanta.com\/de\/urunler\/sport-und-reisetasche-gncs-1186\/","title":{"rendered":"SPORT- UND REISETASCHE GNCS 1186"},"content":{"rendered":"<p>Kod : GNCS 1186<br \/>\n\u0130sim : Spor ve Seyahat \u00c7antas\u0131<br \/>\nMalzeme : Polyester Kuma\u015f<br \/>\n\u00d6l\u00e7\u00fc : 46x27x2 CM<br \/>\nKoli \u00d6l\u00e7\u00fcs\u00fc : 55 x 40 x 40<br \/>\nKoli Adedi : &#8211; adet<br \/>\nA\u011f\u0131rl\u0131k :<\/p>\n","protected":false},"excerpt":{"rendered":"<p>SPORT- UND REISETASCHE GNCS 1186<\/p>\n","protected":false},"featured_media":118039,"comment_status":"open","ping_status":"closed","template":"","meta":[],"product_brand":[],"product_cat":[725],"product_tag":[943,941,772,778,784,939,940,790,942],"class_list":{"0":"post-122245","1":"product","2":"type-product","3":"status-publish","4":"has-post-thumbnail","6":"product_cat-sporttasche","7":"product_tag-herstellung-von-sporttaschen-de","8":"product_tag-herstellung-von-sporttaschen","9":"product_tag-reisetasche-promotion","10":"product_tag-reisetaschenproduktion","11":"product_tag-sport-und-reisetasche","12":"product_tag-sport-und-reisetaschen-groshandel","13":"product_tag-sport-und-reisetaschentypen","14":"product_tag-sporttasche","15":"product_tag-werbung-fur-sporttaschen","17":"first","18":"instock","19":"shipping-taxable","20":"product-type-simple"},"yoast_head":"<!-- This site is optimized with the Yoast SEO plugin v26.3 - https:\/\/yoast.com\/wordpress\/plugins\/seo\/ -->\n<title>SPORT- UND REISETASCHE GNCS 1186 - Promosyon \u00c7anta imalat\u0131, \u00dcretimi, \u00c7anta imalat\u00e7\u0131s\u0131 \u00dcreticisi istanbul<\/title>\n<meta name=\"description\" content=\"SPORT- UND REISETASCHE GNCS 1186\" \/>\n<meta name=\"robots\" content=\"index, follow, max-snippet:-1, max-image-preview:large, max-video-preview:-1\" \/>\n<link rel=\"canonical\" href=\"https:\/\/genclercanta.com\/de\/urunler\/sport-und-reisetasche-gncs-1186\/\" \/>\n<meta property=\"og:locale\" content=\"de_DE\" \/>\n<meta property=\"og:type\" content=\"article\" \/>\n<meta property=\"og:title\" content=\"SPORT- UND REISETASCHE GNCS 1186 - Promosyon \u00c7anta imalat\u0131, \u00dcretimi, \u00c7anta imalat\u00e7\u0131s\u0131 \u00dcreticisi istanbul\" \/>\n<meta property=\"og:description\" content=\"SPORT- UND REISETASCHE GNCS 1186\" \/>\n<meta property=\"og:url\" content=\"https:\/\/genclercanta.com\/de\/urunler\/sport-und-reisetasche-gncs-1186\/\" \/>\n<meta property=\"og:site_name\" content=\"Promosyon \u00c7anta imalat\u0131, \u00dcretimi, \u00c7anta imalat\u00e7\u0131s\u0131 \u00dcreticisi istanbul\" \/>\n<meta property=\"article:publisher\" content=\"https:\/\/www.facebook.com\/GenclerCantacom\/\" \/>\n<meta property=\"og:image\" content=\"https:\/\/genclercanta.com\/wp-content\/uploads\/2024\/12\/Adsiz-1600-x-1200-piksel-400-x-300-piksel-1600-x-1200-piksel-9.png\" \/>\n\t<meta property=\"og:image:width\" content=\"1600\" \/>\n\t<meta property=\"og:image:height\" content=\"1200\" \/>\n\t<meta property=\"og:image:type\" content=\"image\/png\" \/>\n<script type=\"application\/ld+json\" class=\"yoast-schema-graph\">{\"@context\":\"https:\/\/schema.org\",\"@graph\":[{\"@type\":\"WebPage\",\"@id\":\"https:\/\/genclercanta.com\/de\/urunler\/sport-und-reisetasche-gncs-1186\/\",\"url\":\"https:\/\/genclercanta.com\/de\/urunler\/sport-und-reisetasche-gncs-1186\/\",\"name\":\"SPORT- UND REISETASCHE GNCS 1186 - Promosyon \u00c7anta imalat\u0131, \u00dcretimi, \u00c7anta imalat\u00e7\u0131s\u0131 \u00dcreticisi istanbul\",\"isPartOf\":{\"@id\":\"https:\/\/genclercanta.com\/de\/#website\"},\"primaryImageOfPage\":{\"@id\":\"https:\/\/genclercanta.com\/de\/urunler\/sport-und-reisetasche-gncs-1186\/#primaryimage\"},\"image\":{\"@id\":\"https:\/\/genclercanta.com\/de\/urunler\/sport-und-reisetasche-gncs-1186\/#primaryimage\"},\"thumbnailUrl\":\"https:\/\/genclercanta.com\/wp-content\/uploads\/2024\/12\/Adsiz-1600-x-1200-piksel-400-x-300-piksel-1600-x-1200-piksel-9.png\",\"datePublished\":\"2024-12-19T13:46:29+00:00\",\"description\":\"SPORT- UND REISETASCHE GNCS 1186\",\"breadcrumb\":{\"@id\":\"https:\/\/genclercanta.com\/de\/urunler\/sport-und-reisetasche-gncs-1186\/#breadcrumb\"},\"inLanguage\":\"de\",\"potentialAction\":[{\"@type\":\"ReadAction\",\"target\":[\"https:\/\/genclercanta.com\/de\/urunler\/sport-und-reisetasche-gncs-1186\/\"]}]},{\"@type\":\"ImageObject\",\"inLanguage\":\"de\",\"@id\":\"https:\/\/genclercanta.com\/de\/urunler\/sport-und-reisetasche-gncs-1186\/#primaryimage\",\"url\":\"https:\/\/genclercanta.com\/wp-content\/uploads\/2024\/12\/Adsiz-1600-x-1200-piksel-400-x-300-piksel-1600-x-1200-piksel-9.png\",\"contentUrl\":\"https:\/\/genclercanta.com\/wp-content\/uploads\/2024\/12\/Adsiz-1600-x-1200-piksel-400-x-300-piksel-1600-x-1200-piksel-9.png\",\"width\":1600,\"height\":1200,\"caption\":\"TOPTAN \u00dcRET\u0130M SPOR VE SEYAHAT \u00c7ANTASI MODELLER\u0130 \u0130STANBUL\"},{\"@type\":\"BreadcrumbList\",\"@id\":\"https:\/\/genclercanta.com\/de\/urunler\/sport-und-reisetasche-gncs-1186\/#breadcrumb\",\"itemListElement\":[{\"@type\":\"ListItem\",\"position\":1,\"name\":\"Ana sayfa\",\"item\":\"https:\/\/genclercanta.com\/de\/startseite\/\"},{\"@type\":\"ListItem\",\"position\":2,\"name\":\"Shop\",\"item\":\"https:\/\/genclercanta.com\/de\/shop\/\"},{\"@type\":\"ListItem\",\"position\":3,\"name\":\"SPORT- UND REISETASCHE GNCS 1186\"}]},{\"@type\":\"WebSite\",\"@id\":\"https:\/\/genclercanta.com\/de\/#website\",\"url\":\"https:\/\/genclercanta.com\/de\/\",\"name\":\"Promosyon \u00c7anta imalat\u0131, \u00dcretimi, \u00c7anta imalat\u00e7\u0131s\u0131 \u00dcreticisi istanbul\",\"description\":\"T\u00fcrkiyenin Toptan, Promosyon \u00c7anta \u0130malat\u00e7\u0131s\u0131\",\"publisher\":{\"@id\":\"https:\/\/genclercanta.com\/de\/#organization\"},\"alternateName\":\"Gen\u00e7ler \u00c7anta\",\"potentialAction\":[{\"@type\":\"SearchAction\",\"target\":{\"@type\":\"EntryPoint\",\"urlTemplate\":\"https:\/\/genclercanta.com\/de\/?s={search_term_string}\"},\"query-input\":{\"@type\":\"PropertyValueSpecification\",\"valueRequired\":true,\"valueName\":\"search_term_string\"}}],\"inLanguage\":\"de\"},{\"@type\":\"Organization\",\"@id\":\"https:\/\/genclercanta.com\/de\/#organization\",\"name\":\"Promosyon \u00c7anta imalat\u0131, \u00dcretimi, \u00c7anta imalat\u00e7\u0131s\u0131 \u00dcreticisi istanbul\",\"alternateName\":\"Gen\u00e7ler \u00c7anta\",\"url\":\"https:\/\/genclercanta.com\/de\/\",\"logo\":{\"@type\":\"ImageObject\",\"inLanguage\":\"de\",\"@id\":\"https:\/\/genclercanta.com\/de\/#\/schema\/logo\/image\/\",\"url\":\"https:\/\/genclercanta.com\/wp-content\/uploads\/2020\/10\/gencler-canta-logo.jpg\",\"contentUrl\":\"https:\/\/genclercanta.com\/wp-content\/uploads\/2020\/10\/gencler-canta-logo.jpg\",\"width\":600,\"height\":133,\"caption\":\"Promosyon \u00c7anta imalat\u0131, \u00dcretimi, \u00c7anta imalat\u00e7\u0131s\u0131 \u00dcreticisi istanbul\"},\"image\":{\"@id\":\"https:\/\/genclercanta.com\/de\/#\/schema\/logo\/image\/\"},\"sameAs\":[\"https:\/\/www.facebook.com\/GenclerCantacom\/\",\"https:\/\/www.instagram.com\/genclercanta\/\"]}]}<\/script>\n<!-- \/ Yoast SEO plugin. -->","yoast_head_json":{"title":"SPORT- UND REISETASCHE GNCS 1186 - Promosyon \u00c7anta imalat\u0131, \u00dcretimi, \u00c7anta imalat\u00e7\u0131s\u0131 \u00dcreticisi istanbul","description":"SPORT- UND REISETASCHE GNCS 1186","robots":{"index":"index","follow":"follow","max-snippet":"max-snippet:-1","max-image-preview":"max-image-preview:large","max-video-preview":"max-video-preview:-1"},"canonical":"https:\/\/genclercanta.com\/de\/urunler\/sport-und-reisetasche-gncs-1186\/","og_locale":"de_DE","og_type":"article","og_title":"SPORT- UND REISETASCHE GNCS 1186 - Promosyon \u00c7anta imalat\u0131, \u00dcretimi, \u00c7anta imalat\u00e7\u0131s\u0131 \u00dcreticisi istanbul","og_description":"SPORT- UND REISETASCHE GNCS 1186","og_url":"https:\/\/genclercanta.com\/de\/urunler\/sport-und-reisetasche-gncs-1186\/","og_site_name":"Promosyon \u00c7anta imalat\u0131, \u00dcretimi, \u00c7anta imalat\u00e7\u0131s\u0131 \u00dcreticisi istanbul","article_publisher":"https:\/\/www.facebook.com\/GenclerCantacom\/","og_image":[{"width":1600,"height":1200,"url":"https:\/\/genclercanta.com\/wp-content\/uploads\/2024\/12\/Adsiz-1600-x-1200-piksel-400-x-300-piksel-1600-x-1200-piksel-9.png","type":"image\/png"}],"schema":{"@context":"https:\/\/schema.org","@graph":[{"@type":"WebPage","@id":"https:\/\/genclercanta.com\/de\/urunler\/sport-und-reisetasche-gncs-1186\/","url":"https:\/\/genclercanta.com\/de\/urunler\/sport-und-reisetasche-gncs-1186\/","name":"SPORT- UND REISETASCHE GNCS 1186 - Promosyon \u00c7anta imalat\u0131, \u00dcretimi, \u00c7anta imalat\u00e7\u0131s\u0131 \u00dcreticisi istanbul","isPartOf":{"@id":"https:\/\/genclercanta.com\/de\/#website"},"primaryImageOfPage":{"@id":"https:\/\/genclercanta.com\/de\/urunler\/sport-und-reisetasche-gncs-1186\/#primaryimage"},"image":{"@id":"https:\/\/genclercanta.com\/de\/urunler\/sport-und-reisetasche-gncs-1186\/#primaryimage"},"thumbnailUrl":"https:\/\/genclercanta.com\/wp-content\/uploads\/2024\/12\/Adsiz-1600-x-1200-piksel-400-x-300-piksel-1600-x-1200-piksel-9.png","datePublished":"2024-12-19T13:46:29+00:00","description":"SPORT- UND REISETASCHE GNCS 1186","breadcrumb":{"@id":"https:\/\/genclercanta.com\/de\/urunler\/sport-und-reisetasche-gncs-1186\/#breadcrumb"},"inLanguage":"de","potentialAction":[{"@type":"ReadAction","target":["https:\/\/genclercanta.com\/de\/urunler\/sport-und-reisetasche-gncs-1186\/"]}]},{"@type":"ImageObject","inLanguage":"de","@id":"https:\/\/genclercanta.com\/de\/urunler\/sport-und-reisetasche-gncs-1186\/#primaryimage","url":"https:\/\/genclercanta.com\/wp-content\/uploads\/2024\/12\/Adsiz-1600-x-1200-piksel-400-x-300-piksel-1600-x-1200-piksel-9.png","contentUrl":"https:\/\/genclercanta.com\/wp-content\/uploads\/2024\/12\/Adsiz-1600-x-1200-piksel-400-x-300-piksel-1600-x-1200-piksel-9.png","width":1600,"height":1200,"caption":"TOPTAN \u00dcRET\u0130M SPOR VE SEYAHAT \u00c7ANTASI MODELLER\u0130 \u0130STANBUL"},{"@type":"BreadcrumbList","@id":"https:\/\/genclercanta.com\/de\/urunler\/sport-und-reisetasche-gncs-1186\/#breadcrumb","itemListElement":[{"@type":"ListItem","position":1,"name":"Ana sayfa","item":"https:\/\/genclercanta.com\/de\/startseite\/"},{"@type":"ListItem","position":2,"name":"Shop","item":"https:\/\/genclercanta.com\/de\/shop\/"},{"@type":"ListItem","position":3,"name":"SPORT- UND REISETASCHE GNCS 1186"}]},{"@type":"WebSite","@id":"https:\/\/genclercanta.com\/de\/#website","url":"https:\/\/genclercanta.com\/de\/","name":"Promosyon \u00c7anta imalat\u0131, \u00dcretimi, \u00c7anta imalat\u00e7\u0131s\u0131 \u00dcreticisi istanbul","description":"T\u00fcrkiyenin Toptan, Promosyon \u00c7anta \u0130malat\u00e7\u0131s\u0131","publisher":{"@id":"https:\/\/genclercanta.com\/de\/#organization"},"alternateName":"Gen\u00e7ler \u00c7anta","potentialAction":[{"@type":"SearchAction","target":{"@type":"EntryPoint","urlTemplate":"https:\/\/genclercanta.com\/de\/?s={search_term_string}"},"query-input":{"@type":"PropertyValueSpecification","valueRequired":true,"valueName":"search_term_string"}}],"inLanguage":"de"},{"@type":"Organization","@id":"https:\/\/genclercanta.com\/de\/#organization","name":"Promosyon \u00c7anta imalat\u0131, \u00dcretimi, \u00c7anta imalat\u00e7\u0131s\u0131 \u00dcreticisi istanbul","alternateName":"Gen\u00e7ler \u00c7anta","url":"https:\/\/genclercanta.com\/de\/","logo":{"@type":"ImageObject","inLanguage":"de","@id":"https:\/\/genclercanta.com\/de\/#\/schema\/logo\/image\/","url":"https:\/\/genclercanta.com\/wp-content\/uploads\/2020\/10\/gencler-canta-logo.jpg","contentUrl":"https:\/\/genclercanta.com\/wp-content\/uploads\/2020\/10\/gencler-canta-logo.jpg","width":600,"height":133,"caption":"Promosyon \u00c7anta imalat\u0131, \u00dcretimi, \u00c7anta imalat\u00e7\u0131s\u0131 \u00dcreticisi istanbul"},"image":{"@id":"https:\/\/genclercanta.com\/de\/#\/schema\/logo\/image\/"},"sameAs":["https:\/\/www.facebook.com\/GenclerCantacom\/","https:\/\/www.instagram.com\/genclercanta\/"]}]}},"_links":{"self":[{"href":"https:\/\/genclercanta.com\/de\/wp-json\/wp\/v2\/product\/122245","targetHints":{"allow":["GET"]}}],"collection":[{"href":"https:\/\/genclercanta.com\/de\/wp-json\/wp\/v2\/product"}],"about":[{"href":"https:\/\/genclercanta.com\/de\/wp-json\/wp\/v2\/types\/product"}],"replies":[{"embeddable":true,"href":"https:\/\/genclercanta.com\/de\/wp-json\/wp\/v2\/comments?post=122245"}],"wp:featuredmedia":[{"embeddable":true,"href":"https:\/\/genclercanta.com\/de\/wp-json\/wp\/v2\/media\/118039"}],"wp:attachment":[{"href":"https:\/\/genclercanta.com\/de\/wp-json\/wp\/v2\/media?parent=122245"}],"wp:term":[{"taxonomy":"product_brand","embeddable":true,"href":"https:\/\/genclercanta.com\/de\/wp-json\/wp\/v2\/product_brand?post=122245"},{"taxonomy":"product_cat","embeddable":true,"href":"https:\/\/genclercanta.com\/de\/wp-json\/wp\/v2\/product_cat?post=122245"},{"taxonomy":"product_tag","embeddable":true,"href":"https:\/\/genclercanta.com\/de\/wp-json\/wp\/v2\/product_tag?post=122245"}],"curies":[{"name":"wp","href":"https:\/\/api.w.org\/{rel}","templated":true}]}}