{"id":123533,"date":"2021-05-31T14:36:47","date_gmt":"2021-05-31T14:36:47","guid":{"rendered":"https:\/\/genclercanta.com\/urunler\/fudela-hose-schwarzer-rucksack\/"},"modified":"2021-05-31T14:36:47","modified_gmt":"2021-05-31T14:36:47","slug":"fudela-hose-schwarzer-rucksack","status":"publish","type":"product","link":"https:\/\/genclercanta.com\/de\/urunler\/fudela-hose-schwarzer-rucksack\/","title":{"rendered":"Fudela Hose Schwarzer Rucksack"},"content":{"rendered":"<p>Robust und langlebig. Magnetverschluss. Flexible Erweiterung. Elegante und robuste, schlichte Linien. Retro-Design, stabiles Temperament, klassisch und stilvoll, vielseitig und praktisch. Er eignet sich perfekt f\u00fcr den t\u00e4glichen Weg zur Arbeit, die Wochenend-Freizeit und Ausfl\u00fcge. Das Canvas-Gewebe des Rucksacks besteht aus 10 dickeren und st\u00e4rkeren Polyester-Baumwoll-Garnen, gleichm\u00e4\u00dfig und dicht gewebt. Der Abriebfestigkeitskoeffizient steigt linear an und macht den Rucksack dadurch langlebiger. Der ergonomische Schultergurt gleicht das Gewicht des Rucksacks aus, reduziert effektiv den Druck auf Ihre Schultern und sorgt f\u00fcr ein angenehmes Tragegef\u00fchl. Das atmungsaktive Airtex-Innenfutter sorgt f\u00fcr ein angenehmes Tragegef\u00fchl. Der Rucksack verf\u00fcgt \u00fcber mehrere F\u00e4cher, die flexibel unterteilt werden k\u00f6nnen. Jedes Fach ist mit einem professionellen Sto\u00dfd\u00e4mpfungsschutz aus Baumwolle ausgestattet, und es gibt spezielle Schutztaschen. Im Inneren befindet sich eine Flanelltasche zum Schutz Ihrer Sonnenbrille und anderer Gegenst\u00e4nde.<\/p>\n<p>Produktname: Freizeitrucksack mit Hose<br \/>\nProduktma\u00dfe: 39 x 31 x 15<br \/>\nMaterial: Canvas, Polyestergewebe<br \/>\nFuttermaterial: Polyestergewebe<\/p>\n","protected":false},"excerpt":{"rendered":"<p>Fudela Hose Schwarzer Rucksack<\/p>\n","protected":false},"featured_media":100929,"comment_status":"open","ping_status":"closed","template":"","meta":[],"product_brand":[],"product_cat":[361,486],"product_tag":[840,837,839,838,834,835,836],"class_list":{"0":"post-123533","1":"product","2":"type-product","3":"status-publish","4":"has-post-thumbnail","6":"product_cat-fudela-de","7":"product_cat-hose-de","8":"product_tag-groshandel-rucksack","9":"product_tag-rucksack","10":"product_tag-rucksackmodelle","11":"product_tag-rucksacktypen","12":"product_tag-taschenherstellung","13":"product_tag-taschenproduktion","14":"product_tag-werbetasche","16":"first","17":"instock","18":"sold-individually","19":"shipping-taxable","20":"product-type-simple"},"yoast_head":"<!-- This site is optimized with the Yoast SEO plugin v26.3 - https:\/\/yoast.com\/wordpress\/plugins\/seo\/ -->\n<title>Fudela Hose Schwarzer Rucksack - Promosyon \u00c7anta imalat\u0131, \u00dcretimi, \u00c7anta imalat\u00e7\u0131s\u0131 \u00dcreticisi istanbul<\/title>\n<meta name=\"description\" content=\"Fudela Hose Schwarzer Rucksack\" \/>\n<meta name=\"robots\" content=\"index, follow, max-snippet:-1, max-image-preview:large, max-video-preview:-1\" \/>\n<link rel=\"canonical\" href=\"https:\/\/genclercanta.com\/de\/urunler\/fudela-hose-schwarzer-rucksack\/\" \/>\n<meta property=\"og:locale\" content=\"de_DE\" \/>\n<meta property=\"og:type\" content=\"article\" \/>\n<meta property=\"og:title\" content=\"Fudela Hose Schwarzer Rucksack - Promosyon \u00c7anta imalat\u0131, \u00dcretimi, \u00c7anta imalat\u00e7\u0131s\u0131 \u00dcreticisi istanbul\" \/>\n<meta property=\"og:description\" content=\"Fudela Hose Schwarzer Rucksack\" \/>\n<meta property=\"og:url\" content=\"https:\/\/genclercanta.com\/de\/urunler\/fudela-hose-schwarzer-rucksack\/\" \/>\n<meta property=\"og:site_name\" content=\"Promosyon \u00c7anta imalat\u0131, \u00dcretimi, \u00c7anta imalat\u00e7\u0131s\u0131 \u00dcreticisi istanbul\" \/>\n<meta property=\"article:publisher\" content=\"https:\/\/www.facebook.com\/GenclerCantacom\/\" \/>\n<meta property=\"og:image\" content=\"https:\/\/genclercanta.com\/wp-content\/uploads\/2021\/05\/11-3.jpg\" \/>\n\t<meta property=\"og:image:width\" content=\"600\" \/>\n\t<meta property=\"og:image:height\" content=\"500\" \/>\n\t<meta property=\"og:image:type\" content=\"image\/jpeg\" \/>\n<meta name=\"twitter:label1\" content=\"Gesch\u00e4tzte Lesezeit\" \/>\n\t<meta name=\"twitter:data1\" content=\"1\u00a0Minute\" \/>\n<script type=\"application\/ld+json\" class=\"yoast-schema-graph\">{\"@context\":\"https:\/\/schema.org\",\"@graph\":[{\"@type\":\"WebPage\",\"@id\":\"https:\/\/genclercanta.com\/de\/urunler\/fudela-hose-schwarzer-rucksack\/\",\"url\":\"https:\/\/genclercanta.com\/de\/urunler\/fudela-hose-schwarzer-rucksack\/\",\"name\":\"Fudela Hose Schwarzer Rucksack - Promosyon \u00c7anta imalat\u0131, \u00dcretimi, \u00c7anta imalat\u00e7\u0131s\u0131 \u00dcreticisi istanbul\",\"isPartOf\":{\"@id\":\"https:\/\/genclercanta.com\/de\/#website\"},\"primaryImageOfPage\":{\"@id\":\"https:\/\/genclercanta.com\/de\/urunler\/fudela-hose-schwarzer-rucksack\/#primaryimage\"},\"image\":{\"@id\":\"https:\/\/genclercanta.com\/de\/urunler\/fudela-hose-schwarzer-rucksack\/#primaryimage\"},\"thumbnailUrl\":\"https:\/\/genclercanta.com\/wp-content\/uploads\/2021\/05\/11-3.jpg\",\"datePublished\":\"2021-05-31T14:36:47+00:00\",\"description\":\"Fudela Hose Schwarzer Rucksack\",\"breadcrumb\":{\"@id\":\"https:\/\/genclercanta.com\/de\/urunler\/fudela-hose-schwarzer-rucksack\/#breadcrumb\"},\"inLanguage\":\"de\",\"potentialAction\":[{\"@type\":\"ReadAction\",\"target\":[\"https:\/\/genclercanta.com\/de\/urunler\/fudela-hose-schwarzer-rucksack\/\"]}]},{\"@type\":\"ImageObject\",\"inLanguage\":\"de\",\"@id\":\"https:\/\/genclercanta.com\/de\/urunler\/fudela-hose-schwarzer-rucksack\/#primaryimage\",\"url\":\"https:\/\/genclercanta.com\/wp-content\/uploads\/2021\/05\/11-3.jpg\",\"contentUrl\":\"https:\/\/genclercanta.com\/wp-content\/uploads\/2021\/05\/11-3.jpg\",\"width\":600,\"height\":500,\"caption\":\"toptan s\u0131rt \u00e7anta\"},{\"@type\":\"BreadcrumbList\",\"@id\":\"https:\/\/genclercanta.com\/de\/urunler\/fudela-hose-schwarzer-rucksack\/#breadcrumb\",\"itemListElement\":[{\"@type\":\"ListItem\",\"position\":1,\"name\":\"Ana sayfa\",\"item\":\"https:\/\/genclercanta.com\/de\/startseite\/\"},{\"@type\":\"ListItem\",\"position\":2,\"name\":\"Shop\",\"item\":\"https:\/\/genclercanta.com\/de\/shop\/\"},{\"@type\":\"ListItem\",\"position\":3,\"name\":\"Fudela Hose Schwarzer Rucksack\"}]},{\"@type\":\"WebSite\",\"@id\":\"https:\/\/genclercanta.com\/de\/#website\",\"url\":\"https:\/\/genclercanta.com\/de\/\",\"name\":\"Promosyon \u00c7anta imalat\u0131, \u00dcretimi, \u00c7anta imalat\u00e7\u0131s\u0131 \u00dcreticisi istanbul\",\"description\":\"T\u00fcrkiyenin Toptan, Promosyon \u00c7anta \u0130malat\u00e7\u0131s\u0131\",\"publisher\":{\"@id\":\"https:\/\/genclercanta.com\/de\/#organization\"},\"alternateName\":\"Gen\u00e7ler \u00c7anta\",\"potentialAction\":[{\"@type\":\"SearchAction\",\"target\":{\"@type\":\"EntryPoint\",\"urlTemplate\":\"https:\/\/genclercanta.com\/de\/?s={search_term_string}\"},\"query-input\":{\"@type\":\"PropertyValueSpecification\",\"valueRequired\":true,\"valueName\":\"search_term_string\"}}],\"inLanguage\":\"de\"},{\"@type\":\"Organization\",\"@id\":\"https:\/\/genclercanta.com\/de\/#organization\",\"name\":\"Promosyon \u00c7anta imalat\u0131, \u00dcretimi, \u00c7anta imalat\u00e7\u0131s\u0131 \u00dcreticisi istanbul\",\"alternateName\":\"Gen\u00e7ler \u00c7anta\",\"url\":\"https:\/\/genclercanta.com\/de\/\",\"logo\":{\"@type\":\"ImageObject\",\"inLanguage\":\"de\",\"@id\":\"https:\/\/genclercanta.com\/de\/#\/schema\/logo\/image\/\",\"url\":\"https:\/\/genclercanta.com\/wp-content\/uploads\/2020\/10\/gencler-canta-logo.jpg\",\"contentUrl\":\"https:\/\/genclercanta.com\/wp-content\/uploads\/2020\/10\/gencler-canta-logo.jpg\",\"width\":600,\"height\":133,\"caption\":\"Promosyon \u00c7anta imalat\u0131, \u00dcretimi, \u00c7anta imalat\u00e7\u0131s\u0131 \u00dcreticisi istanbul\"},\"image\":{\"@id\":\"https:\/\/genclercanta.com\/de\/#\/schema\/logo\/image\/\"},\"sameAs\":[\"https:\/\/www.facebook.com\/GenclerCantacom\/\",\"https:\/\/www.instagram.com\/genclercanta\/\"]}]}<\/script>\n<!-- \/ Yoast SEO plugin. -->","yoast_head_json":{"title":"Fudela Hose Schwarzer Rucksack - Promosyon \u00c7anta imalat\u0131, \u00dcretimi, \u00c7anta imalat\u00e7\u0131s\u0131 \u00dcreticisi istanbul","description":"Fudela Hose Schwarzer Rucksack","robots":{"index":"index","follow":"follow","max-snippet":"max-snippet:-1","max-image-preview":"max-image-preview:large","max-video-preview":"max-video-preview:-1"},"canonical":"https:\/\/genclercanta.com\/de\/urunler\/fudela-hose-schwarzer-rucksack\/","og_locale":"de_DE","og_type":"article","og_title":"Fudela Hose Schwarzer Rucksack - Promosyon \u00c7anta imalat\u0131, \u00dcretimi, \u00c7anta imalat\u00e7\u0131s\u0131 \u00dcreticisi istanbul","og_description":"Fudela Hose Schwarzer Rucksack","og_url":"https:\/\/genclercanta.com\/de\/urunler\/fudela-hose-schwarzer-rucksack\/","og_site_name":"Promosyon \u00c7anta imalat\u0131, \u00dcretimi, \u00c7anta imalat\u00e7\u0131s\u0131 \u00dcreticisi istanbul","article_publisher":"https:\/\/www.facebook.com\/GenclerCantacom\/","og_image":[{"width":600,"height":500,"url":"https:\/\/genclercanta.com\/wp-content\/uploads\/2021\/05\/11-3.jpg","type":"image\/jpeg"}],"twitter_misc":{"Gesch\u00e4tzte Lesezeit":"1\u00a0Minute"},"schema":{"@context":"https:\/\/schema.org","@graph":[{"@type":"WebPage","@id":"https:\/\/genclercanta.com\/de\/urunler\/fudela-hose-schwarzer-rucksack\/","url":"https:\/\/genclercanta.com\/de\/urunler\/fudela-hose-schwarzer-rucksack\/","name":"Fudela Hose Schwarzer Rucksack - Promosyon \u00c7anta imalat\u0131, \u00dcretimi, \u00c7anta imalat\u00e7\u0131s\u0131 \u00dcreticisi istanbul","isPartOf":{"@id":"https:\/\/genclercanta.com\/de\/#website"},"primaryImageOfPage":{"@id":"https:\/\/genclercanta.com\/de\/urunler\/fudela-hose-schwarzer-rucksack\/#primaryimage"},"image":{"@id":"https:\/\/genclercanta.com\/de\/urunler\/fudela-hose-schwarzer-rucksack\/#primaryimage"},"thumbnailUrl":"https:\/\/genclercanta.com\/wp-content\/uploads\/2021\/05\/11-3.jpg","datePublished":"2021-05-31T14:36:47+00:00","description":"Fudela Hose Schwarzer Rucksack","breadcrumb":{"@id":"https:\/\/genclercanta.com\/de\/urunler\/fudela-hose-schwarzer-rucksack\/#breadcrumb"},"inLanguage":"de","potentialAction":[{"@type":"ReadAction","target":["https:\/\/genclercanta.com\/de\/urunler\/fudela-hose-schwarzer-rucksack\/"]}]},{"@type":"ImageObject","inLanguage":"de","@id":"https:\/\/genclercanta.com\/de\/urunler\/fudela-hose-schwarzer-rucksack\/#primaryimage","url":"https:\/\/genclercanta.com\/wp-content\/uploads\/2021\/05\/11-3.jpg","contentUrl":"https:\/\/genclercanta.com\/wp-content\/uploads\/2021\/05\/11-3.jpg","width":600,"height":500,"caption":"toptan s\u0131rt \u00e7anta"},{"@type":"BreadcrumbList","@id":"https:\/\/genclercanta.com\/de\/urunler\/fudela-hose-schwarzer-rucksack\/#breadcrumb","itemListElement":[{"@type":"ListItem","position":1,"name":"Ana sayfa","item":"https:\/\/genclercanta.com\/de\/startseite\/"},{"@type":"ListItem","position":2,"name":"Shop","item":"https:\/\/genclercanta.com\/de\/shop\/"},{"@type":"ListItem","position":3,"name":"Fudela Hose Schwarzer Rucksack"}]},{"@type":"WebSite","@id":"https:\/\/genclercanta.com\/de\/#website","url":"https:\/\/genclercanta.com\/de\/","name":"Promosyon \u00c7anta imalat\u0131, \u00dcretimi, \u00c7anta imalat\u00e7\u0131s\u0131 \u00dcreticisi istanbul","description":"T\u00fcrkiyenin Toptan, Promosyon \u00c7anta \u0130malat\u00e7\u0131s\u0131","publisher":{"@id":"https:\/\/genclercanta.com\/de\/#organization"},"alternateName":"Gen\u00e7ler \u00c7anta","potentialAction":[{"@type":"SearchAction","target":{"@type":"EntryPoint","urlTemplate":"https:\/\/genclercanta.com\/de\/?s={search_term_string}"},"query-input":{"@type":"PropertyValueSpecification","valueRequired":true,"valueName":"search_term_string"}}],"inLanguage":"de"},{"@type":"Organization","@id":"https:\/\/genclercanta.com\/de\/#organization","name":"Promosyon \u00c7anta imalat\u0131, \u00dcretimi, \u00c7anta imalat\u00e7\u0131s\u0131 \u00dcreticisi istanbul","alternateName":"Gen\u00e7ler \u00c7anta","url":"https:\/\/genclercanta.com\/de\/","logo":{"@type":"ImageObject","inLanguage":"de","@id":"https:\/\/genclercanta.com\/de\/#\/schema\/logo\/image\/","url":"https:\/\/genclercanta.com\/wp-content\/uploads\/2020\/10\/gencler-canta-logo.jpg","contentUrl":"https:\/\/genclercanta.com\/wp-content\/uploads\/2020\/10\/gencler-canta-logo.jpg","width":600,"height":133,"caption":"Promosyon \u00c7anta imalat\u0131, \u00dcretimi, \u00c7anta imalat\u00e7\u0131s\u0131 \u00dcreticisi istanbul"},"image":{"@id":"https:\/\/genclercanta.com\/de\/#\/schema\/logo\/image\/"},"sameAs":["https:\/\/www.facebook.com\/GenclerCantacom\/","https:\/\/www.instagram.com\/genclercanta\/"]}]}},"_links":{"self":[{"href":"https:\/\/genclercanta.com\/de\/wp-json\/wp\/v2\/product\/123533","targetHints":{"allow":["GET"]}}],"collection":[{"href":"https:\/\/genclercanta.com\/de\/wp-json\/wp\/v2\/product"}],"about":[{"href":"https:\/\/genclercanta.com\/de\/wp-json\/wp\/v2\/types\/product"}],"replies":[{"embeddable":true,"href":"https:\/\/genclercanta.com\/de\/wp-json\/wp\/v2\/comments?post=123533"}],"wp:featuredmedia":[{"embeddable":true,"href":"https:\/\/genclercanta.com\/de\/wp-json\/wp\/v2\/media\/100929"}],"wp:attachment":[{"href":"https:\/\/genclercanta.com\/de\/wp-json\/wp\/v2\/media?parent=123533"}],"wp:term":[{"taxonomy":"product_brand","embeddable":true,"href":"https:\/\/genclercanta.com\/de\/wp-json\/wp\/v2\/product_brand?post=123533"},{"taxonomy":"product_cat","embeddable":true,"href":"https:\/\/genclercanta.com\/de\/wp-json\/wp\/v2\/product_cat?post=123533"},{"taxonomy":"product_tag","embeddable":true,"href":"https:\/\/genclercanta.com\/de\/wp-json\/wp\/v2\/product_tag?post=123533"}],"curies":[{"name":"wp","href":"https:\/\/api.w.org\/{rel}","templated":true}]}}