{"id":123635,"date":"2021-03-29T09:08:53","date_gmt":"2021-03-29T09:08:53","guid":{"rendered":"https:\/\/genclercanta.com\/urunler\/fudela-crossbody-umhaengetasche-bequem-fuer-den-taeglichen-gebrauch-cremefarben\/"},"modified":"2021-03-29T09:08:53","modified_gmt":"2021-03-29T09:08:53","slug":"fudela-crossbody-umhaengetasche-bequem-fuer-den-taeglichen-gebrauch-cremefarben","status":"publish","type":"product","link":"https:\/\/genclercanta.com\/de\/urunler\/fudela-crossbody-umhaengetasche-bequem-fuer-den-taeglichen-gebrauch-cremefarben\/","title":{"rendered":"Fudela Crossbody-Umh\u00e4ngetasche, bequem f\u00fcr den t\u00e4glichen Gebrauch, cremefarben"},"content":{"rendered":"<p>\u2022 Breite, L\u00e4nge, Tiefe: 24 x 18 x 6<br \/>\n\u2022 Aus wasserdichtem Stoff.<br \/>\n\u2022 Unser Modell hat zwei F\u00e4cher.<br \/>\n\u2022 Der Innenraum ist komplett gef\u00fcttert. Er besteht aus einem Hauptfach und einem Vorderfach.<br \/>\n\u2022 Bruch- und verstauchungssicher bei St\u00f6\u00dfen.<br \/>\n\u2022 Verstellbarer Schultergurt f\u00fcr bequemes Tragen \u00fcber der Schulter.<br \/>\n\u2022 Pflegeleichter Stoff.<br \/>\n\u2022 Hergestellt aus einem Spezialstoff, der keine krebserregenden Stoffe wie Phthalate enth\u00e4lt und f\u00fcr die menschliche Gesundheit unbedenklich ist.<\/p>\n","protected":false},"excerpt":{"rendered":"<p>Fudela Crossbody-Umh\u00e4ngetasche, bequem f\u00fcr den t\u00e4glichen Gebrauch, cremefarben<\/p>\n","protected":false},"featured_media":98815,"comment_status":"closed","ping_status":"closed","template":"","meta":[],"product_brand":[],"product_cat":[400],"product_tag":[908,906,837,907],"class_list":{"0":"post-123635","1":"product","2":"type-product","3":"status-publish","4":"has-post-thumbnail","6":"product_cat-calista-de","7":"product_tag-bindung","8":"product_tag-fudela-de","9":"product_tag-rucksack","10":"product_tag-tasche","12":"first","13":"instock","14":"shipping-taxable","15":"purchasable","16":"product-type-simple"},"yoast_head":"<!-- This site is optimized with the Yoast SEO plugin v26.3 - https:\/\/yoast.com\/wordpress\/plugins\/seo\/ -->\n<title>Fudela Crossbody-Umh\u00e4ngetasche, bequem f\u00fcr den t\u00e4glichen Gebrauch, cremefarben - Promosyon \u00c7anta imalat\u0131, \u00dcretimi, \u00c7anta imalat\u00e7\u0131s\u0131 \u00dcreticisi istanbul<\/title>\n<meta name=\"description\" content=\"Fudela Crossbody-Umh\u00e4ngetasche, bequem f\u00fcr den t\u00e4glichen Gebrauch, cremefarben\" \/>\n<meta name=\"robots\" content=\"index, follow, max-snippet:-1, max-image-preview:large, max-video-preview:-1\" \/>\n<link rel=\"canonical\" href=\"https:\/\/genclercanta.com\/de\/urunler\/fudela-crossbody-umhaengetasche-bequem-fuer-den-taeglichen-gebrauch-cremefarben\/\" \/>\n<meta property=\"og:locale\" content=\"de_DE\" \/>\n<meta property=\"og:type\" content=\"article\" \/>\n<meta property=\"og:title\" content=\"Fudela Crossbody-Umh\u00e4ngetasche, bequem f\u00fcr den t\u00e4glichen Gebrauch, cremefarben - Promosyon \u00c7anta imalat\u0131, \u00dcretimi, \u00c7anta imalat\u00e7\u0131s\u0131 \u00dcreticisi istanbul\" \/>\n<meta property=\"og:description\" content=\"Fudela Crossbody-Umh\u00e4ngetasche, bequem f\u00fcr den t\u00e4glichen Gebrauch, cremefarben\" \/>\n<meta property=\"og:url\" content=\"https:\/\/genclercanta.com\/de\/urunler\/fudela-crossbody-umhaengetasche-bequem-fuer-den-taeglichen-gebrauch-cremefarben\/\" \/>\n<meta property=\"og:site_name\" content=\"Promosyon \u00c7anta imalat\u0131, \u00dcretimi, \u00c7anta imalat\u00e7\u0131s\u0131 \u00dcreticisi istanbul\" \/>\n<meta property=\"article:publisher\" content=\"https:\/\/www.facebook.com\/GenclerCantacom\/\" \/>\n<meta property=\"og:image\" content=\"https:\/\/genclercanta.com\/wp-content\/uploads\/2021\/03\/Layer-19.jpg\" \/>\n\t<meta property=\"og:image:width\" content=\"1500\" \/>\n\t<meta property=\"og:image:height\" content=\"1250\" \/>\n\t<meta property=\"og:image:type\" content=\"image\/jpeg\" \/>\n<script type=\"application\/ld+json\" class=\"yoast-schema-graph\">{\"@context\":\"https:\/\/schema.org\",\"@graph\":[{\"@type\":\"WebPage\",\"@id\":\"https:\/\/genclercanta.com\/de\/urunler\/fudela-crossbody-umhaengetasche-bequem-fuer-den-taeglichen-gebrauch-cremefarben\/\",\"url\":\"https:\/\/genclercanta.com\/de\/urunler\/fudela-crossbody-umhaengetasche-bequem-fuer-den-taeglichen-gebrauch-cremefarben\/\",\"name\":\"Fudela Crossbody-Umh\u00e4ngetasche, bequem f\u00fcr den t\u00e4glichen Gebrauch, cremefarben - Promosyon \u00c7anta imalat\u0131, \u00dcretimi, \u00c7anta imalat\u00e7\u0131s\u0131 \u00dcreticisi istanbul\",\"isPartOf\":{\"@id\":\"https:\/\/genclercanta.com\/de\/#website\"},\"primaryImageOfPage\":{\"@id\":\"https:\/\/genclercanta.com\/de\/urunler\/fudela-crossbody-umhaengetasche-bequem-fuer-den-taeglichen-gebrauch-cremefarben\/#primaryimage\"},\"image\":{\"@id\":\"https:\/\/genclercanta.com\/de\/urunler\/fudela-crossbody-umhaengetasche-bequem-fuer-den-taeglichen-gebrauch-cremefarben\/#primaryimage\"},\"thumbnailUrl\":\"https:\/\/genclercanta.com\/wp-content\/uploads\/2021\/03\/Layer-19.jpg\",\"datePublished\":\"2021-03-29T09:08:53+00:00\",\"description\":\"Fudela Crossbody-Umh\u00e4ngetasche, bequem f\u00fcr den t\u00e4glichen Gebrauch, cremefarben\",\"breadcrumb\":{\"@id\":\"https:\/\/genclercanta.com\/de\/urunler\/fudela-crossbody-umhaengetasche-bequem-fuer-den-taeglichen-gebrauch-cremefarben\/#breadcrumb\"},\"inLanguage\":\"de\",\"potentialAction\":[{\"@type\":\"ReadAction\",\"target\":[\"https:\/\/genclercanta.com\/de\/urunler\/fudela-crossbody-umhaengetasche-bequem-fuer-den-taeglichen-gebrauch-cremefarben\/\"]}]},{\"@type\":\"ImageObject\",\"inLanguage\":\"de\",\"@id\":\"https:\/\/genclercanta.com\/de\/urunler\/fudela-crossbody-umhaengetasche-bequem-fuer-den-taeglichen-gebrauch-cremefarben\/#primaryimage\",\"url\":\"https:\/\/genclercanta.com\/wp-content\/uploads\/2021\/03\/Layer-19.jpg\",\"contentUrl\":\"https:\/\/genclercanta.com\/wp-content\/uploads\/2021\/03\/Layer-19.jpg\",\"width\":1500,\"height\":1250,\"caption\":\"Fudela \u00c7apraz Ask\u0131l\u0131 Rahat G\u00fcnl\u00fck Kullan\u0131m Omuz \u00c7antas\u0131 Krem\"},{\"@type\":\"BreadcrumbList\",\"@id\":\"https:\/\/genclercanta.com\/de\/urunler\/fudela-crossbody-umhaengetasche-bequem-fuer-den-taeglichen-gebrauch-cremefarben\/#breadcrumb\",\"itemListElement\":[{\"@type\":\"ListItem\",\"position\":1,\"name\":\"Ana sayfa\",\"item\":\"https:\/\/genclercanta.com\/de\/startseite\/\"},{\"@type\":\"ListItem\",\"position\":2,\"name\":\"Shop\",\"item\":\"https:\/\/genclercanta.com\/de\/shop\/\"},{\"@type\":\"ListItem\",\"position\":3,\"name\":\"Fudela Crossbody-Umh\u00e4ngetasche, bequem f\u00fcr den t\u00e4glichen Gebrauch, cremefarben\"}]},{\"@type\":\"WebSite\",\"@id\":\"https:\/\/genclercanta.com\/de\/#website\",\"url\":\"https:\/\/genclercanta.com\/de\/\",\"name\":\"Promosyon \u00c7anta imalat\u0131, \u00dcretimi, \u00c7anta imalat\u00e7\u0131s\u0131 \u00dcreticisi istanbul\",\"description\":\"T\u00fcrkiyenin Toptan, Promosyon \u00c7anta \u0130malat\u00e7\u0131s\u0131\",\"publisher\":{\"@id\":\"https:\/\/genclercanta.com\/de\/#organization\"},\"alternateName\":\"Gen\u00e7ler \u00c7anta\",\"potentialAction\":[{\"@type\":\"SearchAction\",\"target\":{\"@type\":\"EntryPoint\",\"urlTemplate\":\"https:\/\/genclercanta.com\/de\/?s={search_term_string}\"},\"query-input\":{\"@type\":\"PropertyValueSpecification\",\"valueRequired\":true,\"valueName\":\"search_term_string\"}}],\"inLanguage\":\"de\"},{\"@type\":\"Organization\",\"@id\":\"https:\/\/genclercanta.com\/de\/#organization\",\"name\":\"Promosyon \u00c7anta imalat\u0131, \u00dcretimi, \u00c7anta imalat\u00e7\u0131s\u0131 \u00dcreticisi istanbul\",\"alternateName\":\"Gen\u00e7ler \u00c7anta\",\"url\":\"https:\/\/genclercanta.com\/de\/\",\"logo\":{\"@type\":\"ImageObject\",\"inLanguage\":\"de\",\"@id\":\"https:\/\/genclercanta.com\/de\/#\/schema\/logo\/image\/\",\"url\":\"https:\/\/genclercanta.com\/wp-content\/uploads\/2020\/10\/gencler-canta-logo.jpg\",\"contentUrl\":\"https:\/\/genclercanta.com\/wp-content\/uploads\/2020\/10\/gencler-canta-logo.jpg\",\"width\":600,\"height\":133,\"caption\":\"Promosyon \u00c7anta imalat\u0131, \u00dcretimi, \u00c7anta imalat\u00e7\u0131s\u0131 \u00dcreticisi istanbul\"},\"image\":{\"@id\":\"https:\/\/genclercanta.com\/de\/#\/schema\/logo\/image\/\"},\"sameAs\":[\"https:\/\/www.facebook.com\/GenclerCantacom\/\",\"https:\/\/www.instagram.com\/genclercanta\/\"]}]}<\/script>\n<!-- \/ Yoast SEO plugin. -->","yoast_head_json":{"title":"Fudela Crossbody-Umh\u00e4ngetasche, bequem f\u00fcr den t\u00e4glichen Gebrauch, cremefarben - Promosyon \u00c7anta imalat\u0131, \u00dcretimi, \u00c7anta imalat\u00e7\u0131s\u0131 \u00dcreticisi istanbul","description":"Fudela Crossbody-Umh\u00e4ngetasche, bequem f\u00fcr den t\u00e4glichen Gebrauch, cremefarben","robots":{"index":"index","follow":"follow","max-snippet":"max-snippet:-1","max-image-preview":"max-image-preview:large","max-video-preview":"max-video-preview:-1"},"canonical":"https:\/\/genclercanta.com\/de\/urunler\/fudela-crossbody-umhaengetasche-bequem-fuer-den-taeglichen-gebrauch-cremefarben\/","og_locale":"de_DE","og_type":"article","og_title":"Fudela Crossbody-Umh\u00e4ngetasche, bequem f\u00fcr den t\u00e4glichen Gebrauch, cremefarben - Promosyon \u00c7anta imalat\u0131, \u00dcretimi, \u00c7anta imalat\u00e7\u0131s\u0131 \u00dcreticisi istanbul","og_description":"Fudela Crossbody-Umh\u00e4ngetasche, bequem f\u00fcr den t\u00e4glichen Gebrauch, cremefarben","og_url":"https:\/\/genclercanta.com\/de\/urunler\/fudela-crossbody-umhaengetasche-bequem-fuer-den-taeglichen-gebrauch-cremefarben\/","og_site_name":"Promosyon \u00c7anta imalat\u0131, \u00dcretimi, \u00c7anta imalat\u00e7\u0131s\u0131 \u00dcreticisi istanbul","article_publisher":"https:\/\/www.facebook.com\/GenclerCantacom\/","og_image":[{"width":1500,"height":1250,"url":"https:\/\/genclercanta.com\/wp-content\/uploads\/2021\/03\/Layer-19.jpg","type":"image\/jpeg"}],"schema":{"@context":"https:\/\/schema.org","@graph":[{"@type":"WebPage","@id":"https:\/\/genclercanta.com\/de\/urunler\/fudela-crossbody-umhaengetasche-bequem-fuer-den-taeglichen-gebrauch-cremefarben\/","url":"https:\/\/genclercanta.com\/de\/urunler\/fudela-crossbody-umhaengetasche-bequem-fuer-den-taeglichen-gebrauch-cremefarben\/","name":"Fudela Crossbody-Umh\u00e4ngetasche, bequem f\u00fcr den t\u00e4glichen Gebrauch, cremefarben - Promosyon \u00c7anta imalat\u0131, \u00dcretimi, \u00c7anta imalat\u00e7\u0131s\u0131 \u00dcreticisi istanbul","isPartOf":{"@id":"https:\/\/genclercanta.com\/de\/#website"},"primaryImageOfPage":{"@id":"https:\/\/genclercanta.com\/de\/urunler\/fudela-crossbody-umhaengetasche-bequem-fuer-den-taeglichen-gebrauch-cremefarben\/#primaryimage"},"image":{"@id":"https:\/\/genclercanta.com\/de\/urunler\/fudela-crossbody-umhaengetasche-bequem-fuer-den-taeglichen-gebrauch-cremefarben\/#primaryimage"},"thumbnailUrl":"https:\/\/genclercanta.com\/wp-content\/uploads\/2021\/03\/Layer-19.jpg","datePublished":"2021-03-29T09:08:53+00:00","description":"Fudela Crossbody-Umh\u00e4ngetasche, bequem f\u00fcr den t\u00e4glichen Gebrauch, cremefarben","breadcrumb":{"@id":"https:\/\/genclercanta.com\/de\/urunler\/fudela-crossbody-umhaengetasche-bequem-fuer-den-taeglichen-gebrauch-cremefarben\/#breadcrumb"},"inLanguage":"de","potentialAction":[{"@type":"ReadAction","target":["https:\/\/genclercanta.com\/de\/urunler\/fudela-crossbody-umhaengetasche-bequem-fuer-den-taeglichen-gebrauch-cremefarben\/"]}]},{"@type":"ImageObject","inLanguage":"de","@id":"https:\/\/genclercanta.com\/de\/urunler\/fudela-crossbody-umhaengetasche-bequem-fuer-den-taeglichen-gebrauch-cremefarben\/#primaryimage","url":"https:\/\/genclercanta.com\/wp-content\/uploads\/2021\/03\/Layer-19.jpg","contentUrl":"https:\/\/genclercanta.com\/wp-content\/uploads\/2021\/03\/Layer-19.jpg","width":1500,"height":1250,"caption":"Fudela \u00c7apraz Ask\u0131l\u0131 Rahat G\u00fcnl\u00fck Kullan\u0131m Omuz \u00c7antas\u0131 Krem"},{"@type":"BreadcrumbList","@id":"https:\/\/genclercanta.com\/de\/urunler\/fudela-crossbody-umhaengetasche-bequem-fuer-den-taeglichen-gebrauch-cremefarben\/#breadcrumb","itemListElement":[{"@type":"ListItem","position":1,"name":"Ana sayfa","item":"https:\/\/genclercanta.com\/de\/startseite\/"},{"@type":"ListItem","position":2,"name":"Shop","item":"https:\/\/genclercanta.com\/de\/shop\/"},{"@type":"ListItem","position":3,"name":"Fudela Crossbody-Umh\u00e4ngetasche, bequem f\u00fcr den t\u00e4glichen Gebrauch, cremefarben"}]},{"@type":"WebSite","@id":"https:\/\/genclercanta.com\/de\/#website","url":"https:\/\/genclercanta.com\/de\/","name":"Promosyon \u00c7anta imalat\u0131, \u00dcretimi, \u00c7anta imalat\u00e7\u0131s\u0131 \u00dcreticisi istanbul","description":"T\u00fcrkiyenin Toptan, Promosyon \u00c7anta \u0130malat\u00e7\u0131s\u0131","publisher":{"@id":"https:\/\/genclercanta.com\/de\/#organization"},"alternateName":"Gen\u00e7ler \u00c7anta","potentialAction":[{"@type":"SearchAction","target":{"@type":"EntryPoint","urlTemplate":"https:\/\/genclercanta.com\/de\/?s={search_term_string}"},"query-input":{"@type":"PropertyValueSpecification","valueRequired":true,"valueName":"search_term_string"}}],"inLanguage":"de"},{"@type":"Organization","@id":"https:\/\/genclercanta.com\/de\/#organization","name":"Promosyon \u00c7anta imalat\u0131, \u00dcretimi, \u00c7anta imalat\u00e7\u0131s\u0131 \u00dcreticisi istanbul","alternateName":"Gen\u00e7ler \u00c7anta","url":"https:\/\/genclercanta.com\/de\/","logo":{"@type":"ImageObject","inLanguage":"de","@id":"https:\/\/genclercanta.com\/de\/#\/schema\/logo\/image\/","url":"https:\/\/genclercanta.com\/wp-content\/uploads\/2020\/10\/gencler-canta-logo.jpg","contentUrl":"https:\/\/genclercanta.com\/wp-content\/uploads\/2020\/10\/gencler-canta-logo.jpg","width":600,"height":133,"caption":"Promosyon \u00c7anta imalat\u0131, \u00dcretimi, \u00c7anta imalat\u00e7\u0131s\u0131 \u00dcreticisi istanbul"},"image":{"@id":"https:\/\/genclercanta.com\/de\/#\/schema\/logo\/image\/"},"sameAs":["https:\/\/www.facebook.com\/GenclerCantacom\/","https:\/\/www.instagram.com\/genclercanta\/"]}]}},"_links":{"self":[{"href":"https:\/\/genclercanta.com\/de\/wp-json\/wp\/v2\/product\/123635","targetHints":{"allow":["GET"]}}],"collection":[{"href":"https:\/\/genclercanta.com\/de\/wp-json\/wp\/v2\/product"}],"about":[{"href":"https:\/\/genclercanta.com\/de\/wp-json\/wp\/v2\/types\/product"}],"replies":[{"embeddable":true,"href":"https:\/\/genclercanta.com\/de\/wp-json\/wp\/v2\/comments?post=123635"}],"wp:featuredmedia":[{"embeddable":true,"href":"https:\/\/genclercanta.com\/de\/wp-json\/wp\/v2\/media\/98815"}],"wp:attachment":[{"href":"https:\/\/genclercanta.com\/de\/wp-json\/wp\/v2\/media?parent=123635"}],"wp:term":[{"taxonomy":"product_brand","embeddable":true,"href":"https:\/\/genclercanta.com\/de\/wp-json\/wp\/v2\/product_brand?post=123635"},{"taxonomy":"product_cat","embeddable":true,"href":"https:\/\/genclercanta.com\/de\/wp-json\/wp\/v2\/product_cat?post=123635"},{"taxonomy":"product_tag","embeddable":true,"href":"https:\/\/genclercanta.com\/de\/wp-json\/wp\/v2\/product_tag?post=123635"}],"curies":[{"name":"wp","href":"https:\/\/api.w.org\/{rel}","templated":true}]}}