{"id":12651,"date":"2021-03-29T09:55:46","date_gmt":"2021-03-29T09:55:46","guid":{"rendered":"https:\/\/genclercanta.com\/?post_type=product&#038;p=12651"},"modified":"2021-03-29T09:57:37","modified_gmt":"2021-03-29T09:57:37","slug":"fudela-capraz-askili-rahat-gunluk-kullanim-omuz-cantasi-askeri-kamuflaj","status":"publish","type":"product","link":"https:\/\/genclercanta.com\/de\/urunler\/fudela-capraz-askili-rahat-gunluk-kullanim-omuz-cantasi-askeri-kamuflaj\/","title":{"rendered":"Fudela \u00c7apraz Ask\u0131l\u0131 Rahat G\u00fcnl\u00fck Kullan\u0131m Omuz \u00c7antas\u0131 Askeri Kamuflaj"},"content":{"rendered":"<p style=\"text-align: center;\">\u2022 En, Boy, Derinlik : 24x18x6<br \/>\n\u2022 Su ge\u00e7irmez Kuma\u015ftan \u00fcretilmi\u015ftir.<br \/>\n\u2022 Modelimizin 2 b\u00f6lmesi bulunmaktad\u0131r.<br \/>\n\u2022 \u0130\u00e7 b\u00f6l\u00fcm\u00fc tamamen astar kaplamal\u0131d\u0131r. Bir ana b\u00f6lme bir \u00f6n b\u00f6lmeden olu\u015fmaktad\u0131r.<br \/>\n\u2022 Olu\u015fabilecek herhangi bir darbe esnas\u0131nda k\u0131r\u0131lma ve burkulmaya kar\u015f\u0131 dayan\u0131kl\u0131d\u0131r.<br \/>\n\u2022 Ayarlanabilen omuz ask\u0131 \u00f6zelli\u011fi omuzda rahatl\u0131kla kullanabilir.<br \/>\n\u2022 Kolayca temizlenebilen kuma\u015f\u0131 ile kolayca temizlenebilir<br \/>\n\u2022 Fitalat vb kanserojen madde i\u00e7ermeyen \u00f6zel kuma\u015ftan \u00fcretilmi\u015f insan sa\u011fl\u0131\u011f\u0131na uygundur.<\/p>\n","protected":false},"excerpt":{"rendered":"<p><strong><a class=\"row-title\" href=\"https:\/\/www.fudela.com.tr\/wp-admin\/post.php?post=15449&amp;action=edit&amp;lang=tr\">Fudela \u00c7apraz Ask\u0131l\u0131 Rahat G\u00fcnl\u00fck Kullan\u0131m Omuz \u00c7antas\u0131 Askeri Kamuflaj<\/a><\/strong><\/p>\n<p>&nbsp;<\/p>\n","protected":false},"featured_media":12653,"comment_status":"closed","ping_status":"closed","template":"","meta":[],"product_brand":[],"product_cat":[231],"product_tag":[138,139,140,141,142,143,144,145,146,97],"class_list":{"0":"post-12651","1":"product","2":"type-product","3":"status-publish","4":"has-post-thumbnail","6":"product_cat-calista","7":"product_tag-backpack","8":"product_tag-bag","9":"product_tag-canta","10":"product_tag-fudela","11":"product_tag-fudela-backpack","12":"product_tag-fudela-sirt-cantasi","13":"product_tag-okul-cantasi","14":"product_tag-polyester-canta","15":"product_tag-school-bags","16":"product_tag-sirt-cantasi","18":"first","19":"instock","20":"shipping-taxable","21":"purchasable","22":"product-type-simple"},"yoast_head":"<!-- This site is optimized with the Yoast SEO plugin v26.3 - https:\/\/yoast.com\/wordpress\/plugins\/seo\/ -->\n<title>Fudela \u00c7apraz Ask\u0131l\u0131 Rahat G\u00fcnl\u00fck Kullan\u0131m Omuz \u00c7antas\u0131 Askeri Kamuflaj - Promosyon \u00c7anta imalat\u0131, \u00dcretimi, \u00c7anta imalat\u00e7\u0131s\u0131 \u00dcreticisi istanbul<\/title>\n<meta name=\"description\" content=\"Fudela \u00c7apraz Ask\u0131l\u0131 Rahat G\u00fcnl\u00fck Kullan\u0131m Omuz \u00c7antas\u0131 Askeri Kamuflaj\" \/>\n<meta name=\"robots\" content=\"index, follow, max-snippet:-1, max-image-preview:large, max-video-preview:-1\" \/>\n<link rel=\"canonical\" href=\"https:\/\/genclercanta.com\/de\/urunler\/fudela-capraz-askili-rahat-gunluk-kullanim-omuz-cantasi-askeri-kamuflaj\/\" \/>\n<meta property=\"og:locale\" content=\"de_DE\" \/>\n<meta property=\"og:type\" content=\"article\" \/>\n<meta property=\"og:title\" content=\"Fudela \u00c7apraz Ask\u0131l\u0131 Rahat G\u00fcnl\u00fck Kullan\u0131m Omuz \u00c7antas\u0131 Askeri Kamuflaj - Promosyon \u00c7anta imalat\u0131, \u00dcretimi, \u00c7anta imalat\u00e7\u0131s\u0131 \u00dcreticisi istanbul\" \/>\n<meta property=\"og:description\" content=\"Fudela \u00c7apraz Ask\u0131l\u0131 Rahat G\u00fcnl\u00fck Kullan\u0131m Omuz \u00c7antas\u0131 Askeri Kamuflaj\" \/>\n<meta property=\"og:url\" content=\"https:\/\/genclercanta.com\/de\/urunler\/fudela-capraz-askili-rahat-gunluk-kullanim-omuz-cantasi-askeri-kamuflaj\/\" \/>\n<meta property=\"og:site_name\" content=\"Promosyon \u00c7anta imalat\u0131, \u00dcretimi, \u00c7anta imalat\u00e7\u0131s\u0131 \u00dcreticisi istanbul\" \/>\n<meta property=\"article:publisher\" content=\"https:\/\/www.facebook.com\/GenclerCantacom\/\" \/>\n<meta property=\"article:modified_time\" content=\"2021-03-29T09:57:37+00:00\" \/>\n<meta property=\"og:image\" content=\"https:\/\/genclercanta.com\/wp-content\/uploads\/2021\/03\/Layer-23.jpg?v=1617011807\" \/>\n\t<meta property=\"og:image:width\" content=\"1500\" \/>\n\t<meta property=\"og:image:height\" content=\"1250\" \/>\n\t<meta property=\"og:image:type\" content=\"image\/jpeg\" \/>\n<script type=\"application\/ld+json\" class=\"yoast-schema-graph\">{\"@context\":\"https:\/\/schema.org\",\"@graph\":[{\"@type\":\"WebPage\",\"@id\":\"https:\/\/genclercanta.com\/de\/urunler\/fudela-capraz-askili-rahat-gunluk-kullanim-omuz-cantasi-askeri-kamuflaj\/\",\"url\":\"https:\/\/genclercanta.com\/de\/urunler\/fudela-capraz-askili-rahat-gunluk-kullanim-omuz-cantasi-askeri-kamuflaj\/\",\"name\":\"Fudela \u00c7apraz Ask\u0131l\u0131 Rahat G\u00fcnl\u00fck Kullan\u0131m Omuz \u00c7antas\u0131 Askeri Kamuflaj - Promosyon \u00c7anta imalat\u0131, \u00dcretimi, \u00c7anta imalat\u00e7\u0131s\u0131 \u00dcreticisi istanbul\",\"isPartOf\":{\"@id\":\"https:\/\/genclercanta.com\/de\/#website\"},\"primaryImageOfPage\":{\"@id\":\"https:\/\/genclercanta.com\/de\/urunler\/fudela-capraz-askili-rahat-gunluk-kullanim-omuz-cantasi-askeri-kamuflaj\/#primaryimage\"},\"image\":{\"@id\":\"https:\/\/genclercanta.com\/de\/urunler\/fudela-capraz-askili-rahat-gunluk-kullanim-omuz-cantasi-askeri-kamuflaj\/#primaryimage\"},\"thumbnailUrl\":\"https:\/\/genclercanta.com\/wp-content\/uploads\/2021\/03\/Layer-23.jpg?v=1617011807\",\"datePublished\":\"2021-03-29T09:55:46+00:00\",\"dateModified\":\"2021-03-29T09:57:37+00:00\",\"description\":\"Fudela \u00c7apraz Ask\u0131l\u0131 Rahat G\u00fcnl\u00fck Kullan\u0131m Omuz \u00c7antas\u0131 Askeri Kamuflaj\",\"breadcrumb\":{\"@id\":\"https:\/\/genclercanta.com\/de\/urunler\/fudela-capraz-askili-rahat-gunluk-kullanim-omuz-cantasi-askeri-kamuflaj\/#breadcrumb\"},\"inLanguage\":\"de\",\"potentialAction\":[{\"@type\":\"ReadAction\",\"target\":[\"https:\/\/genclercanta.com\/de\/urunler\/fudela-capraz-askili-rahat-gunluk-kullanim-omuz-cantasi-askeri-kamuflaj\/\"]}]},{\"@type\":\"ImageObject\",\"inLanguage\":\"de\",\"@id\":\"https:\/\/genclercanta.com\/de\/urunler\/fudela-capraz-askili-rahat-gunluk-kullanim-omuz-cantasi-askeri-kamuflaj\/#primaryimage\",\"url\":\"https:\/\/genclercanta.com\/wp-content\/uploads\/2021\/03\/Layer-23.jpg?v=1617011807\",\"contentUrl\":\"https:\/\/genclercanta.com\/wp-content\/uploads\/2021\/03\/Layer-23.jpg?v=1617011807\",\"width\":1500,\"height\":1250,\"caption\":\"Fudela \u00c7apraz Ask\u0131l\u0131 Rahat G\u00fcnl\u00fck Kullan\u0131m Omuz \u00c7antas\u0131 Askeri Kamuflaj\"},{\"@type\":\"BreadcrumbList\",\"@id\":\"https:\/\/genclercanta.com\/de\/urunler\/fudela-capraz-askili-rahat-gunluk-kullanim-omuz-cantasi-askeri-kamuflaj\/#breadcrumb\",\"itemListElement\":[{\"@type\":\"ListItem\",\"position\":1,\"name\":\"Ana sayfa\",\"item\":\"https:\/\/genclercanta.com\/de\/startseite\/\"},{\"@type\":\"ListItem\",\"position\":2,\"name\":\"Shop\",\"item\":\"https:\/\/genclercanta.com\/de\/shop\/\"},{\"@type\":\"ListItem\",\"position\":3,\"name\":\"Fudela \u00c7apraz Ask\u0131l\u0131 Rahat G\u00fcnl\u00fck Kullan\u0131m Omuz \u00c7antas\u0131 Askeri Kamuflaj\"}]},{\"@type\":\"WebSite\",\"@id\":\"https:\/\/genclercanta.com\/de\/#website\",\"url\":\"https:\/\/genclercanta.com\/de\/\",\"name\":\"Promosyon \u00c7anta imalat\u0131, \u00dcretimi, \u00c7anta imalat\u00e7\u0131s\u0131 \u00dcreticisi istanbul\",\"description\":\"T\u00fcrkiyenin Toptan, Promosyon \u00c7anta \u0130malat\u00e7\u0131s\u0131\",\"publisher\":{\"@id\":\"https:\/\/genclercanta.com\/de\/#organization\"},\"alternateName\":\"Gen\u00e7ler \u00c7anta\",\"potentialAction\":[{\"@type\":\"SearchAction\",\"target\":{\"@type\":\"EntryPoint\",\"urlTemplate\":\"https:\/\/genclercanta.com\/de\/?s={search_term_string}\"},\"query-input\":{\"@type\":\"PropertyValueSpecification\",\"valueRequired\":true,\"valueName\":\"search_term_string\"}}],\"inLanguage\":\"de\"},{\"@type\":\"Organization\",\"@id\":\"https:\/\/genclercanta.com\/de\/#organization\",\"name\":\"Promosyon \u00c7anta imalat\u0131, \u00dcretimi, \u00c7anta imalat\u00e7\u0131s\u0131 \u00dcreticisi istanbul\",\"alternateName\":\"Gen\u00e7ler \u00c7anta\",\"url\":\"https:\/\/genclercanta.com\/de\/\",\"logo\":{\"@type\":\"ImageObject\",\"inLanguage\":\"de\",\"@id\":\"https:\/\/genclercanta.com\/de\/#\/schema\/logo\/image\/\",\"url\":\"https:\/\/genclercanta.com\/wp-content\/uploads\/2020\/10\/gencler-canta-logo.jpg\",\"contentUrl\":\"https:\/\/genclercanta.com\/wp-content\/uploads\/2020\/10\/gencler-canta-logo.jpg\",\"width\":600,\"height\":133,\"caption\":\"Promosyon \u00c7anta imalat\u0131, \u00dcretimi, \u00c7anta imalat\u00e7\u0131s\u0131 \u00dcreticisi istanbul\"},\"image\":{\"@id\":\"https:\/\/genclercanta.com\/de\/#\/schema\/logo\/image\/\"},\"sameAs\":[\"https:\/\/www.facebook.com\/GenclerCantacom\/\",\"https:\/\/www.instagram.com\/genclercanta\/\"]}]}<\/script>\n<!-- \/ Yoast SEO plugin. -->","yoast_head_json":{"title":"Fudela \u00c7apraz Ask\u0131l\u0131 Rahat G\u00fcnl\u00fck Kullan\u0131m Omuz \u00c7antas\u0131 Askeri Kamuflaj - Promosyon \u00c7anta imalat\u0131, \u00dcretimi, \u00c7anta imalat\u00e7\u0131s\u0131 \u00dcreticisi istanbul","description":"Fudela \u00c7apraz Ask\u0131l\u0131 Rahat G\u00fcnl\u00fck Kullan\u0131m Omuz \u00c7antas\u0131 Askeri Kamuflaj","robots":{"index":"index","follow":"follow","max-snippet":"max-snippet:-1","max-image-preview":"max-image-preview:large","max-video-preview":"max-video-preview:-1"},"canonical":"https:\/\/genclercanta.com\/de\/urunler\/fudela-capraz-askili-rahat-gunluk-kullanim-omuz-cantasi-askeri-kamuflaj\/","og_locale":"de_DE","og_type":"article","og_title":"Fudela \u00c7apraz Ask\u0131l\u0131 Rahat G\u00fcnl\u00fck Kullan\u0131m Omuz \u00c7antas\u0131 Askeri Kamuflaj - Promosyon \u00c7anta imalat\u0131, \u00dcretimi, \u00c7anta imalat\u00e7\u0131s\u0131 \u00dcreticisi istanbul","og_description":"Fudela \u00c7apraz Ask\u0131l\u0131 Rahat G\u00fcnl\u00fck Kullan\u0131m Omuz \u00c7antas\u0131 Askeri Kamuflaj","og_url":"https:\/\/genclercanta.com\/de\/urunler\/fudela-capraz-askili-rahat-gunluk-kullanim-omuz-cantasi-askeri-kamuflaj\/","og_site_name":"Promosyon \u00c7anta imalat\u0131, \u00dcretimi, \u00c7anta imalat\u00e7\u0131s\u0131 \u00dcreticisi istanbul","article_publisher":"https:\/\/www.facebook.com\/GenclerCantacom\/","article_modified_time":"2021-03-29T09:57:37+00:00","og_image":[{"width":1500,"height":1250,"url":"https:\/\/genclercanta.com\/wp-content\/uploads\/2021\/03\/Layer-23.jpg?v=1617011807","type":"image\/jpeg"}],"schema":{"@context":"https:\/\/schema.org","@graph":[{"@type":"WebPage","@id":"https:\/\/genclercanta.com\/de\/urunler\/fudela-capraz-askili-rahat-gunluk-kullanim-omuz-cantasi-askeri-kamuflaj\/","url":"https:\/\/genclercanta.com\/de\/urunler\/fudela-capraz-askili-rahat-gunluk-kullanim-omuz-cantasi-askeri-kamuflaj\/","name":"Fudela \u00c7apraz Ask\u0131l\u0131 Rahat G\u00fcnl\u00fck Kullan\u0131m Omuz \u00c7antas\u0131 Askeri Kamuflaj - Promosyon \u00c7anta imalat\u0131, \u00dcretimi, \u00c7anta imalat\u00e7\u0131s\u0131 \u00dcreticisi istanbul","isPartOf":{"@id":"https:\/\/genclercanta.com\/de\/#website"},"primaryImageOfPage":{"@id":"https:\/\/genclercanta.com\/de\/urunler\/fudela-capraz-askili-rahat-gunluk-kullanim-omuz-cantasi-askeri-kamuflaj\/#primaryimage"},"image":{"@id":"https:\/\/genclercanta.com\/de\/urunler\/fudela-capraz-askili-rahat-gunluk-kullanim-omuz-cantasi-askeri-kamuflaj\/#primaryimage"},"thumbnailUrl":"https:\/\/genclercanta.com\/wp-content\/uploads\/2021\/03\/Layer-23.jpg?v=1617011807","datePublished":"2021-03-29T09:55:46+00:00","dateModified":"2021-03-29T09:57:37+00:00","description":"Fudela \u00c7apraz Ask\u0131l\u0131 Rahat G\u00fcnl\u00fck Kullan\u0131m Omuz \u00c7antas\u0131 Askeri Kamuflaj","breadcrumb":{"@id":"https:\/\/genclercanta.com\/de\/urunler\/fudela-capraz-askili-rahat-gunluk-kullanim-omuz-cantasi-askeri-kamuflaj\/#breadcrumb"},"inLanguage":"de","potentialAction":[{"@type":"ReadAction","target":["https:\/\/genclercanta.com\/de\/urunler\/fudela-capraz-askili-rahat-gunluk-kullanim-omuz-cantasi-askeri-kamuflaj\/"]}]},{"@type":"ImageObject","inLanguage":"de","@id":"https:\/\/genclercanta.com\/de\/urunler\/fudela-capraz-askili-rahat-gunluk-kullanim-omuz-cantasi-askeri-kamuflaj\/#primaryimage","url":"https:\/\/genclercanta.com\/wp-content\/uploads\/2021\/03\/Layer-23.jpg?v=1617011807","contentUrl":"https:\/\/genclercanta.com\/wp-content\/uploads\/2021\/03\/Layer-23.jpg?v=1617011807","width":1500,"height":1250,"caption":"Fudela \u00c7apraz Ask\u0131l\u0131 Rahat G\u00fcnl\u00fck Kullan\u0131m Omuz \u00c7antas\u0131 Askeri Kamuflaj"},{"@type":"BreadcrumbList","@id":"https:\/\/genclercanta.com\/de\/urunler\/fudela-capraz-askili-rahat-gunluk-kullanim-omuz-cantasi-askeri-kamuflaj\/#breadcrumb","itemListElement":[{"@type":"ListItem","position":1,"name":"Ana sayfa","item":"https:\/\/genclercanta.com\/de\/startseite\/"},{"@type":"ListItem","position":2,"name":"Shop","item":"https:\/\/genclercanta.com\/de\/shop\/"},{"@type":"ListItem","position":3,"name":"Fudela \u00c7apraz Ask\u0131l\u0131 Rahat G\u00fcnl\u00fck Kullan\u0131m Omuz \u00c7antas\u0131 Askeri Kamuflaj"}]},{"@type":"WebSite","@id":"https:\/\/genclercanta.com\/de\/#website","url":"https:\/\/genclercanta.com\/de\/","name":"Promosyon \u00c7anta imalat\u0131, \u00dcretimi, \u00c7anta imalat\u00e7\u0131s\u0131 \u00dcreticisi istanbul","description":"T\u00fcrkiyenin Toptan, Promosyon \u00c7anta \u0130malat\u00e7\u0131s\u0131","publisher":{"@id":"https:\/\/genclercanta.com\/de\/#organization"},"alternateName":"Gen\u00e7ler \u00c7anta","potentialAction":[{"@type":"SearchAction","target":{"@type":"EntryPoint","urlTemplate":"https:\/\/genclercanta.com\/de\/?s={search_term_string}"},"query-input":{"@type":"PropertyValueSpecification","valueRequired":true,"valueName":"search_term_string"}}],"inLanguage":"de"},{"@type":"Organization","@id":"https:\/\/genclercanta.com\/de\/#organization","name":"Promosyon \u00c7anta imalat\u0131, \u00dcretimi, \u00c7anta imalat\u00e7\u0131s\u0131 \u00dcreticisi istanbul","alternateName":"Gen\u00e7ler \u00c7anta","url":"https:\/\/genclercanta.com\/de\/","logo":{"@type":"ImageObject","inLanguage":"de","@id":"https:\/\/genclercanta.com\/de\/#\/schema\/logo\/image\/","url":"https:\/\/genclercanta.com\/wp-content\/uploads\/2020\/10\/gencler-canta-logo.jpg","contentUrl":"https:\/\/genclercanta.com\/wp-content\/uploads\/2020\/10\/gencler-canta-logo.jpg","width":600,"height":133,"caption":"Promosyon \u00c7anta imalat\u0131, \u00dcretimi, \u00c7anta imalat\u00e7\u0131s\u0131 \u00dcreticisi istanbul"},"image":{"@id":"https:\/\/genclercanta.com\/de\/#\/schema\/logo\/image\/"},"sameAs":["https:\/\/www.facebook.com\/GenclerCantacom\/","https:\/\/www.instagram.com\/genclercanta\/"]}]}},"_links":{"self":[{"href":"https:\/\/genclercanta.com\/de\/wp-json\/wp\/v2\/product\/12651","targetHints":{"allow":["GET"]}}],"collection":[{"href":"https:\/\/genclercanta.com\/de\/wp-json\/wp\/v2\/product"}],"about":[{"href":"https:\/\/genclercanta.com\/de\/wp-json\/wp\/v2\/types\/product"}],"replies":[{"embeddable":true,"href":"https:\/\/genclercanta.com\/de\/wp-json\/wp\/v2\/comments?post=12651"}],"wp:featuredmedia":[{"embeddable":true,"href":"https:\/\/genclercanta.com\/de\/wp-json\/wp\/v2\/media\/12653"}],"wp:attachment":[{"href":"https:\/\/genclercanta.com\/de\/wp-json\/wp\/v2\/media?parent=12651"}],"wp:term":[{"taxonomy":"product_brand","embeddable":true,"href":"https:\/\/genclercanta.com\/de\/wp-json\/wp\/v2\/product_brand?post=12651"},{"taxonomy":"product_cat","embeddable":true,"href":"https:\/\/genclercanta.com\/de\/wp-json\/wp\/v2\/product_cat?post=12651"},{"taxonomy":"product_tag","embeddable":true,"href":"https:\/\/genclercanta.com\/de\/wp-json\/wp\/v2\/product_tag?post=12651"}],"curies":[{"name":"wp","href":"https:\/\/api.w.org\/{rel}","templated":true}]}}