{"id":126526,"date":"2020-10-20T21:57:16","date_gmt":"2020-10-20T21:57:16","guid":{"rendered":"https:\/\/genclercanta.com\/urunler\/bunte-pfeil-outdoor-rucksack\/"},"modified":"2020-10-20T21:57:16","modified_gmt":"2020-10-20T21:57:16","slug":"bunte-pfeil-outdoor-rucksack","status":"publish","type":"product","link":"https:\/\/genclercanta.com\/de\/urunler\/bunte-pfeil-outdoor-rucksack\/","title":{"rendered":"BUNTE PFEIL-OUTDOOR-RUCKSACK"},"content":{"rendered":"<p>Outdoor S\u0131rt \u00c7antas\u0131<\/p>\n<p>&nbsp;<\/p>\n<p>Fudela, s\u0131rt \u00e7antalar\u0131m\u0131z\u0131n sadece e\u015fyalar\u0131m\u0131z\u0131 ta\u015f\u0131mak i\u00e7in tasarlanm\u0131\u015f bir ara\u00e7 oldu\u011fu d\u00fc\u015f\u00fcncesini de\u011fi\u015ftirmek i\u00e7in yola \u00e7\u0131kabilen \u015f\u0131k, modern ve goz al\u0131c\u0131 bir yap\u0131 sunuyor. Pratik ve kullan\u0131\u015fl\u0131 olmas\u0131n\u0131n yan\u0131 s\u0131ra Fudela, sana ki\u015fininli\u011fini yans\u0131tmak i\u00e7in bir f\u0131rsat veriyor. Haydi, sen de kendini bir Fudela&#8217;yla tan\u0131t D\u00fcnya&#8217;ya!<\/p>\n<p>\u00d6zellikler:<\/p>\n<p>\u2013 Dayan\u0131kl\u0131 Premium Polyester Kuma\u015f<\/p>\n<p>\u2013 Dolgulu ve Ayarlanabilir Arka Kay\u0131\u015flar<\/p>\n<p>\u2013 Ek S\u0131rt Dolgusu<\/p>\n<p>\u2013 Geni\u015f \u00d6n Cep<\/p>\n<p>\u2013 Tutma Kulpu<\/p>\n<p>Boyutlar \u2013 15 x 32 x 41 cm<\/p>\n<p>\u0130\u00e7 Hac\u0131m &#8211; 12 L<\/p>\n","protected":false},"excerpt":{"rendered":"<p>BUNTE PFEIL-OUTDOOR-RUCKSACK<\/p>\n","protected":false},"featured_media":96499,"comment_status":"closed","ping_status":"closed","template":"","meta":[],"product_brand":[],"product_cat":[602],"product_tag":[908,906,837,907],"class_list":{"0":"post-126526","1":"product","2":"type-product","3":"status-publish","4":"has-post-thumbnail","6":"product_cat-outdoor-de","7":"product_tag-bindung","8":"product_tag-fudela-de","9":"product_tag-rucksack","10":"product_tag-tasche","12":"first","13":"instock","14":"shipping-taxable","15":"purchasable","16":"product-type-simple"},"yoast_head":"<!-- This site is optimized with the Yoast SEO plugin v26.3 - https:\/\/yoast.com\/wordpress\/plugins\/seo\/ -->\n<title>BUNTE PFEIL-OUTDOOR-RUCKSACK - Promosyon \u00c7anta imalat\u0131, \u00dcretimi, \u00c7anta imalat\u00e7\u0131s\u0131 \u00dcreticisi istanbul<\/title>\n<meta name=\"description\" content=\"BUNTE PFEIL-OUTDOOR-RUCKSACK\" \/>\n<meta name=\"robots\" content=\"index, follow, max-snippet:-1, max-image-preview:large, max-video-preview:-1\" \/>\n<link rel=\"canonical\" href=\"https:\/\/genclercanta.com\/de\/urunler\/bunte-pfeil-outdoor-rucksack\/\" \/>\n<meta property=\"og:locale\" content=\"de_DE\" \/>\n<meta property=\"og:type\" content=\"article\" \/>\n<meta property=\"og:title\" content=\"BUNTE PFEIL-OUTDOOR-RUCKSACK - Promosyon \u00c7anta imalat\u0131, \u00dcretimi, \u00c7anta imalat\u00e7\u0131s\u0131 \u00dcreticisi istanbul\" \/>\n<meta property=\"og:description\" content=\"BUNTE PFEIL-OUTDOOR-RUCKSACK\" \/>\n<meta property=\"og:url\" content=\"https:\/\/genclercanta.com\/de\/urunler\/bunte-pfeil-outdoor-rucksack\/\" \/>\n<meta property=\"og:site_name\" content=\"Promosyon \u00c7anta imalat\u0131, \u00dcretimi, \u00c7anta imalat\u00e7\u0131s\u0131 \u00dcreticisi istanbul\" \/>\n<meta property=\"article:publisher\" content=\"https:\/\/www.facebook.com\/GenclerCantacom\/\" \/>\n<meta property=\"og:image\" content=\"https:\/\/genclercanta.com\/wp-content\/uploads\/2020\/10\/1-17.jpg\" \/>\n\t<meta property=\"og:image:width\" content=\"600\" \/>\n\t<meta property=\"og:image:height\" content=\"600\" \/>\n\t<meta property=\"og:image:type\" content=\"image\/jpeg\" \/>\n<meta name=\"twitter:label1\" content=\"Gesch\u00e4tzte Lesezeit\" \/>\n\t<meta name=\"twitter:data1\" content=\"1\u00a0Minute\" \/>\n<script type=\"application\/ld+json\" class=\"yoast-schema-graph\">{\"@context\":\"https:\/\/schema.org\",\"@graph\":[{\"@type\":\"WebPage\",\"@id\":\"https:\/\/genclercanta.com\/de\/urunler\/bunte-pfeil-outdoor-rucksack\/\",\"url\":\"https:\/\/genclercanta.com\/de\/urunler\/bunte-pfeil-outdoor-rucksack\/\",\"name\":\"BUNTE PFEIL-OUTDOOR-RUCKSACK - Promosyon \u00c7anta imalat\u0131, \u00dcretimi, \u00c7anta imalat\u00e7\u0131s\u0131 \u00dcreticisi istanbul\",\"isPartOf\":{\"@id\":\"https:\/\/genclercanta.com\/de\/#website\"},\"primaryImageOfPage\":{\"@id\":\"https:\/\/genclercanta.com\/de\/urunler\/bunte-pfeil-outdoor-rucksack\/#primaryimage\"},\"image\":{\"@id\":\"https:\/\/genclercanta.com\/de\/urunler\/bunte-pfeil-outdoor-rucksack\/#primaryimage\"},\"thumbnailUrl\":\"https:\/\/genclercanta.com\/wp-content\/uploads\/2020\/10\/1-17.jpg\",\"datePublished\":\"2020-10-20T21:57:16+00:00\",\"description\":\"BUNTE PFEIL-OUTDOOR-RUCKSACK\",\"breadcrumb\":{\"@id\":\"https:\/\/genclercanta.com\/de\/urunler\/bunte-pfeil-outdoor-rucksack\/#breadcrumb\"},\"inLanguage\":\"de\",\"potentialAction\":[{\"@type\":\"ReadAction\",\"target\":[\"https:\/\/genclercanta.com\/de\/urunler\/bunte-pfeil-outdoor-rucksack\/\"]}]},{\"@type\":\"ImageObject\",\"inLanguage\":\"de\",\"@id\":\"https:\/\/genclercanta.com\/de\/urunler\/bunte-pfeil-outdoor-rucksack\/#primaryimage\",\"url\":\"https:\/\/genclercanta.com\/wp-content\/uploads\/2020\/10\/1-17.jpg\",\"contentUrl\":\"https:\/\/genclercanta.com\/wp-content\/uploads\/2020\/10\/1-17.jpg\",\"width\":600,\"height\":600,\"caption\":\"toptan s\u0131rt \u00e7antalar\u0131\"},{\"@type\":\"BreadcrumbList\",\"@id\":\"https:\/\/genclercanta.com\/de\/urunler\/bunte-pfeil-outdoor-rucksack\/#breadcrumb\",\"itemListElement\":[{\"@type\":\"ListItem\",\"position\":1,\"name\":\"Ana sayfa\",\"item\":\"https:\/\/genclercanta.com\/de\/startseite\/\"},{\"@type\":\"ListItem\",\"position\":2,\"name\":\"Shop\",\"item\":\"https:\/\/genclercanta.com\/de\/shop\/\"},{\"@type\":\"ListItem\",\"position\":3,\"name\":\"BUNTE PFEIL-OUTDOOR-RUCKSACK\"}]},{\"@type\":\"WebSite\",\"@id\":\"https:\/\/genclercanta.com\/de\/#website\",\"url\":\"https:\/\/genclercanta.com\/de\/\",\"name\":\"Promosyon \u00c7anta imalat\u0131, \u00dcretimi, \u00c7anta imalat\u00e7\u0131s\u0131 \u00dcreticisi istanbul\",\"description\":\"T\u00fcrkiyenin Toptan, Promosyon \u00c7anta \u0130malat\u00e7\u0131s\u0131\",\"publisher\":{\"@id\":\"https:\/\/genclercanta.com\/de\/#organization\"},\"alternateName\":\"Gen\u00e7ler \u00c7anta\",\"potentialAction\":[{\"@type\":\"SearchAction\",\"target\":{\"@type\":\"EntryPoint\",\"urlTemplate\":\"https:\/\/genclercanta.com\/de\/?s={search_term_string}\"},\"query-input\":{\"@type\":\"PropertyValueSpecification\",\"valueRequired\":true,\"valueName\":\"search_term_string\"}}],\"inLanguage\":\"de\"},{\"@type\":\"Organization\",\"@id\":\"https:\/\/genclercanta.com\/de\/#organization\",\"name\":\"Promosyon \u00c7anta imalat\u0131, \u00dcretimi, \u00c7anta imalat\u00e7\u0131s\u0131 \u00dcreticisi istanbul\",\"alternateName\":\"Gen\u00e7ler \u00c7anta\",\"url\":\"https:\/\/genclercanta.com\/de\/\",\"logo\":{\"@type\":\"ImageObject\",\"inLanguage\":\"de\",\"@id\":\"https:\/\/genclercanta.com\/de\/#\/schema\/logo\/image\/\",\"url\":\"https:\/\/genclercanta.com\/wp-content\/uploads\/2020\/10\/gencler-canta-logo.jpg\",\"contentUrl\":\"https:\/\/genclercanta.com\/wp-content\/uploads\/2020\/10\/gencler-canta-logo.jpg\",\"width\":600,\"height\":133,\"caption\":\"Promosyon \u00c7anta imalat\u0131, \u00dcretimi, \u00c7anta imalat\u00e7\u0131s\u0131 \u00dcreticisi istanbul\"},\"image\":{\"@id\":\"https:\/\/genclercanta.com\/de\/#\/schema\/logo\/image\/\"},\"sameAs\":[\"https:\/\/www.facebook.com\/GenclerCantacom\/\",\"https:\/\/www.instagram.com\/genclercanta\/\"]}]}<\/script>\n<!-- \/ Yoast SEO plugin. -->","yoast_head_json":{"title":"BUNTE PFEIL-OUTDOOR-RUCKSACK - Promosyon \u00c7anta imalat\u0131, \u00dcretimi, \u00c7anta imalat\u00e7\u0131s\u0131 \u00dcreticisi istanbul","description":"BUNTE PFEIL-OUTDOOR-RUCKSACK","robots":{"index":"index","follow":"follow","max-snippet":"max-snippet:-1","max-image-preview":"max-image-preview:large","max-video-preview":"max-video-preview:-1"},"canonical":"https:\/\/genclercanta.com\/de\/urunler\/bunte-pfeil-outdoor-rucksack\/","og_locale":"de_DE","og_type":"article","og_title":"BUNTE PFEIL-OUTDOOR-RUCKSACK - Promosyon \u00c7anta imalat\u0131, \u00dcretimi, \u00c7anta imalat\u00e7\u0131s\u0131 \u00dcreticisi istanbul","og_description":"BUNTE PFEIL-OUTDOOR-RUCKSACK","og_url":"https:\/\/genclercanta.com\/de\/urunler\/bunte-pfeil-outdoor-rucksack\/","og_site_name":"Promosyon \u00c7anta imalat\u0131, \u00dcretimi, \u00c7anta imalat\u00e7\u0131s\u0131 \u00dcreticisi istanbul","article_publisher":"https:\/\/www.facebook.com\/GenclerCantacom\/","og_image":[{"width":600,"height":600,"url":"https:\/\/genclercanta.com\/wp-content\/uploads\/2020\/10\/1-17.jpg","type":"image\/jpeg"}],"twitter_misc":{"Gesch\u00e4tzte Lesezeit":"1\u00a0Minute"},"schema":{"@context":"https:\/\/schema.org","@graph":[{"@type":"WebPage","@id":"https:\/\/genclercanta.com\/de\/urunler\/bunte-pfeil-outdoor-rucksack\/","url":"https:\/\/genclercanta.com\/de\/urunler\/bunte-pfeil-outdoor-rucksack\/","name":"BUNTE PFEIL-OUTDOOR-RUCKSACK - Promosyon \u00c7anta imalat\u0131, \u00dcretimi, \u00c7anta imalat\u00e7\u0131s\u0131 \u00dcreticisi istanbul","isPartOf":{"@id":"https:\/\/genclercanta.com\/de\/#website"},"primaryImageOfPage":{"@id":"https:\/\/genclercanta.com\/de\/urunler\/bunte-pfeil-outdoor-rucksack\/#primaryimage"},"image":{"@id":"https:\/\/genclercanta.com\/de\/urunler\/bunte-pfeil-outdoor-rucksack\/#primaryimage"},"thumbnailUrl":"https:\/\/genclercanta.com\/wp-content\/uploads\/2020\/10\/1-17.jpg","datePublished":"2020-10-20T21:57:16+00:00","description":"BUNTE PFEIL-OUTDOOR-RUCKSACK","breadcrumb":{"@id":"https:\/\/genclercanta.com\/de\/urunler\/bunte-pfeil-outdoor-rucksack\/#breadcrumb"},"inLanguage":"de","potentialAction":[{"@type":"ReadAction","target":["https:\/\/genclercanta.com\/de\/urunler\/bunte-pfeil-outdoor-rucksack\/"]}]},{"@type":"ImageObject","inLanguage":"de","@id":"https:\/\/genclercanta.com\/de\/urunler\/bunte-pfeil-outdoor-rucksack\/#primaryimage","url":"https:\/\/genclercanta.com\/wp-content\/uploads\/2020\/10\/1-17.jpg","contentUrl":"https:\/\/genclercanta.com\/wp-content\/uploads\/2020\/10\/1-17.jpg","width":600,"height":600,"caption":"toptan s\u0131rt \u00e7antalar\u0131"},{"@type":"BreadcrumbList","@id":"https:\/\/genclercanta.com\/de\/urunler\/bunte-pfeil-outdoor-rucksack\/#breadcrumb","itemListElement":[{"@type":"ListItem","position":1,"name":"Ana sayfa","item":"https:\/\/genclercanta.com\/de\/startseite\/"},{"@type":"ListItem","position":2,"name":"Shop","item":"https:\/\/genclercanta.com\/de\/shop\/"},{"@type":"ListItem","position":3,"name":"BUNTE PFEIL-OUTDOOR-RUCKSACK"}]},{"@type":"WebSite","@id":"https:\/\/genclercanta.com\/de\/#website","url":"https:\/\/genclercanta.com\/de\/","name":"Promosyon \u00c7anta imalat\u0131, \u00dcretimi, \u00c7anta imalat\u00e7\u0131s\u0131 \u00dcreticisi istanbul","description":"T\u00fcrkiyenin Toptan, Promosyon \u00c7anta \u0130malat\u00e7\u0131s\u0131","publisher":{"@id":"https:\/\/genclercanta.com\/de\/#organization"},"alternateName":"Gen\u00e7ler \u00c7anta","potentialAction":[{"@type":"SearchAction","target":{"@type":"EntryPoint","urlTemplate":"https:\/\/genclercanta.com\/de\/?s={search_term_string}"},"query-input":{"@type":"PropertyValueSpecification","valueRequired":true,"valueName":"search_term_string"}}],"inLanguage":"de"},{"@type":"Organization","@id":"https:\/\/genclercanta.com\/de\/#organization","name":"Promosyon \u00c7anta imalat\u0131, \u00dcretimi, \u00c7anta imalat\u00e7\u0131s\u0131 \u00dcreticisi istanbul","alternateName":"Gen\u00e7ler \u00c7anta","url":"https:\/\/genclercanta.com\/de\/","logo":{"@type":"ImageObject","inLanguage":"de","@id":"https:\/\/genclercanta.com\/de\/#\/schema\/logo\/image\/","url":"https:\/\/genclercanta.com\/wp-content\/uploads\/2020\/10\/gencler-canta-logo.jpg","contentUrl":"https:\/\/genclercanta.com\/wp-content\/uploads\/2020\/10\/gencler-canta-logo.jpg","width":600,"height":133,"caption":"Promosyon \u00c7anta imalat\u0131, \u00dcretimi, \u00c7anta imalat\u00e7\u0131s\u0131 \u00dcreticisi istanbul"},"image":{"@id":"https:\/\/genclercanta.com\/de\/#\/schema\/logo\/image\/"},"sameAs":["https:\/\/www.facebook.com\/GenclerCantacom\/","https:\/\/www.instagram.com\/genclercanta\/"]}]}},"_links":{"self":[{"href":"https:\/\/genclercanta.com\/de\/wp-json\/wp\/v2\/product\/126526","targetHints":{"allow":["GET"]}}],"collection":[{"href":"https:\/\/genclercanta.com\/de\/wp-json\/wp\/v2\/product"}],"about":[{"href":"https:\/\/genclercanta.com\/de\/wp-json\/wp\/v2\/types\/product"}],"replies":[{"embeddable":true,"href":"https:\/\/genclercanta.com\/de\/wp-json\/wp\/v2\/comments?post=126526"}],"wp:featuredmedia":[{"embeddable":true,"href":"https:\/\/genclercanta.com\/de\/wp-json\/wp\/v2\/media\/96499"}],"wp:attachment":[{"href":"https:\/\/genclercanta.com\/de\/wp-json\/wp\/v2\/media?parent=126526"}],"wp:term":[{"taxonomy":"product_brand","embeddable":true,"href":"https:\/\/genclercanta.com\/de\/wp-json\/wp\/v2\/product_brand?post=126526"},{"taxonomy":"product_cat","embeddable":true,"href":"https:\/\/genclercanta.com\/de\/wp-json\/wp\/v2\/product_cat?post=126526"},{"taxonomy":"product_tag","embeddable":true,"href":"https:\/\/genclercanta.com\/de\/wp-json\/wp\/v2\/product_tag?post=126526"}],"curies":[{"name":"wp","href":"https:\/\/api.w.org\/{rel}","templated":true}]}}