{"id":12772,"date":"2021-04-21T11:46:47","date_gmt":"2021-04-21T11:46:47","guid":{"rendered":"https:\/\/genclercanta.com\/?post_type=product&#038;p=12772"},"modified":"2021-05-10T10:19:55","modified_gmt":"2021-05-10T10:19:55","slug":"fudela-siyah-sirt-cantasi","status":"publish","type":"product","link":"https:\/\/genclercanta.com\/de\/urunler\/fudela-siyah-sirt-cantasi\/","title":{"rendered":"Fudela Bogota  Siyah S\u0131rt \u00c7antas\u0131"},"content":{"rendered":"<ul>\n<li style=\"text-align: left;\">y\u00fckseklik: 41cm en: 30cm derinlik: 15cm<\/li>\n<li style=\"text-align: left;\">\u00e7antam\u0131z be\u015f b\u00f6l\u00fcmden olu\u015fmaktad\u0131r.<\/li>\n<li style=\"text-align: left;\">malzemesi suni deridir.<\/li>\n<li style=\"text-align: left;\">laptop b\u00f6lmesi mevcuttur.<\/li>\n<li style=\"text-align: left;\">astar k\u0131sm\u0131nda bir fileli cep ve kar\u015f\u0131s\u0131nda \u00e7ok ama\u00e7l\u0131 cepler bulunmaktad\u0131r.<\/li>\n<li style=\"text-align: left;\">hem elde s\u0131rtta ta\u015f\u0131nabilmesi i\u00e7in yan b\u00f6lgesinde tutama\u00e7 mevcuttur.<\/li>\n<li style=\"text-align: left;\">s\u0131rt k\u0131sm\u0131nda valiz aparat\u0131 bulunmaktad\u0131r.<\/li>\n<li style=\"text-align: left;\">omuz ask\u0131s\u0131nda k\u00fc\u00e7\u00fck bir fermuar b\u00f6lmesi vard\u0131r.<\/li>\n<\/ul>\n","protected":false},"excerpt":{"rendered":"<p>Fudela Siyah S\u0131rt \u00c7antas\u0131<\/p>\n","protected":false},"featured_media":12777,"comment_status":"closed","ping_status":"closed","template":"","meta":[],"product_brand":[],"product_cat":[210,232],"product_tag":[138,139,140,141,142,143,144,145,146,97],"class_list":{"0":"post-12772","1":"product","2":"type-product","3":"status-publish","4":"has-post-thumbnail","6":"product_cat-fudela","7":"product_cat-bogota","8":"product_tag-backpack","9":"product_tag-bag","10":"product_tag-canta","11":"product_tag-fudela","12":"product_tag-fudela-backpack","13":"product_tag-fudela-sirt-cantasi","14":"product_tag-okul-cantasi","15":"product_tag-polyester-canta","16":"product_tag-school-bags","17":"product_tag-sirt-cantasi","19":"first","20":"instock","21":"shipping-taxable","22":"purchasable","23":"product-type-simple"},"yoast_head":"<!-- This site is optimized with the Yoast SEO plugin v26.3 - https:\/\/yoast.com\/wordpress\/plugins\/seo\/ -->\n<title>Fudela Bogota Siyah S\u0131rt \u00c7antas\u0131 - Promosyon \u00c7anta imalat\u0131, \u00dcretimi, \u00c7anta imalat\u00e7\u0131s\u0131 \u00dcreticisi istanbul<\/title>\n<meta name=\"description\" content=\"Fudela Bogota Siyah S\u0131rt \u00c7antas\u0131\" \/>\n<meta name=\"robots\" content=\"index, follow, max-snippet:-1, max-image-preview:large, max-video-preview:-1\" \/>\n<link rel=\"canonical\" href=\"https:\/\/genclercanta.com\/de\/urunler\/fudela-siyah-sirt-cantasi\/\" \/>\n<meta property=\"og:locale\" content=\"de_DE\" \/>\n<meta property=\"og:type\" content=\"article\" \/>\n<meta property=\"og:title\" content=\"Fudela Bogota Siyah S\u0131rt \u00c7antas\u0131 - Promosyon \u00c7anta imalat\u0131, \u00dcretimi, \u00c7anta imalat\u00e7\u0131s\u0131 \u00dcreticisi istanbul\" \/>\n<meta property=\"og:description\" content=\"Fudela Bogota Siyah S\u0131rt \u00c7antas\u0131\" \/>\n<meta property=\"og:url\" content=\"https:\/\/genclercanta.com\/de\/urunler\/fudela-siyah-sirt-cantasi\/\" \/>\n<meta property=\"og:site_name\" content=\"Promosyon \u00c7anta imalat\u0131, \u00dcretimi, \u00c7anta imalat\u00e7\u0131s\u0131 \u00dcreticisi istanbul\" \/>\n<meta property=\"article:publisher\" content=\"https:\/\/www.facebook.com\/GenclerCantacom\/\" \/>\n<meta property=\"article:modified_time\" content=\"2021-05-10T10:19:55+00:00\" \/>\n<meta property=\"og:image\" content=\"https:\/\/genclercanta.com\/wp-content\/uploads\/2021\/04\/5-4.jpg?v=1619006066\" \/>\n\t<meta property=\"og:image:width\" content=\"1200\" \/>\n\t<meta property=\"og:image:height\" content=\"900\" \/>\n\t<meta property=\"og:image:type\" content=\"image\/jpeg\" \/>\n<script type=\"application\/ld+json\" class=\"yoast-schema-graph\">{\"@context\":\"https:\/\/schema.org\",\"@graph\":[{\"@type\":\"WebPage\",\"@id\":\"https:\/\/genclercanta.com\/de\/urunler\/fudela-siyah-sirt-cantasi\/\",\"url\":\"https:\/\/genclercanta.com\/de\/urunler\/fudela-siyah-sirt-cantasi\/\",\"name\":\"Fudela Bogota Siyah S\u0131rt \u00c7antas\u0131 - Promosyon \u00c7anta imalat\u0131, \u00dcretimi, \u00c7anta imalat\u00e7\u0131s\u0131 \u00dcreticisi istanbul\",\"isPartOf\":{\"@id\":\"https:\/\/genclercanta.com\/de\/#website\"},\"primaryImageOfPage\":{\"@id\":\"https:\/\/genclercanta.com\/de\/urunler\/fudela-siyah-sirt-cantasi\/#primaryimage\"},\"image\":{\"@id\":\"https:\/\/genclercanta.com\/de\/urunler\/fudela-siyah-sirt-cantasi\/#primaryimage\"},\"thumbnailUrl\":\"https:\/\/genclercanta.com\/wp-content\/uploads\/2021\/04\/5-4.jpg?v=1619006066\",\"datePublished\":\"2021-04-21T11:46:47+00:00\",\"dateModified\":\"2021-05-10T10:19:55+00:00\",\"description\":\"Fudela Bogota Siyah S\u0131rt \u00c7antas\u0131\",\"breadcrumb\":{\"@id\":\"https:\/\/genclercanta.com\/de\/urunler\/fudela-siyah-sirt-cantasi\/#breadcrumb\"},\"inLanguage\":\"de\",\"potentialAction\":[{\"@type\":\"ReadAction\",\"target\":[\"https:\/\/genclercanta.com\/de\/urunler\/fudela-siyah-sirt-cantasi\/\"]}]},{\"@type\":\"ImageObject\",\"inLanguage\":\"de\",\"@id\":\"https:\/\/genclercanta.com\/de\/urunler\/fudela-siyah-sirt-cantasi\/#primaryimage\",\"url\":\"https:\/\/genclercanta.com\/wp-content\/uploads\/2021\/04\/5-4.jpg?v=1619006066\",\"contentUrl\":\"https:\/\/genclercanta.com\/wp-content\/uploads\/2021\/04\/5-4.jpg?v=1619006066\",\"width\":1200,\"height\":900,\"caption\":\"toptan s\u0131rt \u00e7anta\"},{\"@type\":\"BreadcrumbList\",\"@id\":\"https:\/\/genclercanta.com\/de\/urunler\/fudela-siyah-sirt-cantasi\/#breadcrumb\",\"itemListElement\":[{\"@type\":\"ListItem\",\"position\":1,\"name\":\"Ana sayfa\",\"item\":\"https:\/\/genclercanta.com\/de\/startseite\/\"},{\"@type\":\"ListItem\",\"position\":2,\"name\":\"Shop\",\"item\":\"https:\/\/genclercanta.com\/de\/shop\/\"},{\"@type\":\"ListItem\",\"position\":3,\"name\":\"Fudela Bogota Siyah S\u0131rt \u00c7antas\u0131\"}]},{\"@type\":\"WebSite\",\"@id\":\"https:\/\/genclercanta.com\/de\/#website\",\"url\":\"https:\/\/genclercanta.com\/de\/\",\"name\":\"Promosyon \u00c7anta imalat\u0131, \u00dcretimi, \u00c7anta imalat\u00e7\u0131s\u0131 \u00dcreticisi istanbul\",\"description\":\"T\u00fcrkiyenin Toptan, Promosyon \u00c7anta \u0130malat\u00e7\u0131s\u0131\",\"publisher\":{\"@id\":\"https:\/\/genclercanta.com\/de\/#organization\"},\"alternateName\":\"Gen\u00e7ler \u00c7anta\",\"potentialAction\":[{\"@type\":\"SearchAction\",\"target\":{\"@type\":\"EntryPoint\",\"urlTemplate\":\"https:\/\/genclercanta.com\/de\/?s={search_term_string}\"},\"query-input\":{\"@type\":\"PropertyValueSpecification\",\"valueRequired\":true,\"valueName\":\"search_term_string\"}}],\"inLanguage\":\"de\"},{\"@type\":\"Organization\",\"@id\":\"https:\/\/genclercanta.com\/de\/#organization\",\"name\":\"Promosyon \u00c7anta imalat\u0131, \u00dcretimi, \u00c7anta imalat\u00e7\u0131s\u0131 \u00dcreticisi istanbul\",\"alternateName\":\"Gen\u00e7ler \u00c7anta\",\"url\":\"https:\/\/genclercanta.com\/de\/\",\"logo\":{\"@type\":\"ImageObject\",\"inLanguage\":\"de\",\"@id\":\"https:\/\/genclercanta.com\/de\/#\/schema\/logo\/image\/\",\"url\":\"https:\/\/genclercanta.com\/wp-content\/uploads\/2020\/10\/gencler-canta-logo.jpg\",\"contentUrl\":\"https:\/\/genclercanta.com\/wp-content\/uploads\/2020\/10\/gencler-canta-logo.jpg\",\"width\":600,\"height\":133,\"caption\":\"Promosyon \u00c7anta imalat\u0131, \u00dcretimi, \u00c7anta imalat\u00e7\u0131s\u0131 \u00dcreticisi istanbul\"},\"image\":{\"@id\":\"https:\/\/genclercanta.com\/de\/#\/schema\/logo\/image\/\"},\"sameAs\":[\"https:\/\/www.facebook.com\/GenclerCantacom\/\",\"https:\/\/www.instagram.com\/genclercanta\/\"]}]}<\/script>\n<!-- \/ Yoast SEO plugin. -->","yoast_head_json":{"title":"Fudela Bogota Siyah S\u0131rt \u00c7antas\u0131 - Promosyon \u00c7anta imalat\u0131, \u00dcretimi, \u00c7anta imalat\u00e7\u0131s\u0131 \u00dcreticisi istanbul","description":"Fudela Bogota Siyah S\u0131rt \u00c7antas\u0131","robots":{"index":"index","follow":"follow","max-snippet":"max-snippet:-1","max-image-preview":"max-image-preview:large","max-video-preview":"max-video-preview:-1"},"canonical":"https:\/\/genclercanta.com\/de\/urunler\/fudela-siyah-sirt-cantasi\/","og_locale":"de_DE","og_type":"article","og_title":"Fudela Bogota Siyah S\u0131rt \u00c7antas\u0131 - Promosyon \u00c7anta imalat\u0131, \u00dcretimi, \u00c7anta imalat\u00e7\u0131s\u0131 \u00dcreticisi istanbul","og_description":"Fudela Bogota Siyah S\u0131rt \u00c7antas\u0131","og_url":"https:\/\/genclercanta.com\/de\/urunler\/fudela-siyah-sirt-cantasi\/","og_site_name":"Promosyon \u00c7anta imalat\u0131, \u00dcretimi, \u00c7anta imalat\u00e7\u0131s\u0131 \u00dcreticisi istanbul","article_publisher":"https:\/\/www.facebook.com\/GenclerCantacom\/","article_modified_time":"2021-05-10T10:19:55+00:00","og_image":[{"width":1200,"height":900,"url":"https:\/\/genclercanta.com\/wp-content\/uploads\/2021\/04\/5-4.jpg?v=1619006066","type":"image\/jpeg"}],"schema":{"@context":"https:\/\/schema.org","@graph":[{"@type":"WebPage","@id":"https:\/\/genclercanta.com\/de\/urunler\/fudela-siyah-sirt-cantasi\/","url":"https:\/\/genclercanta.com\/de\/urunler\/fudela-siyah-sirt-cantasi\/","name":"Fudela Bogota Siyah S\u0131rt \u00c7antas\u0131 - Promosyon \u00c7anta imalat\u0131, \u00dcretimi, \u00c7anta imalat\u00e7\u0131s\u0131 \u00dcreticisi istanbul","isPartOf":{"@id":"https:\/\/genclercanta.com\/de\/#website"},"primaryImageOfPage":{"@id":"https:\/\/genclercanta.com\/de\/urunler\/fudela-siyah-sirt-cantasi\/#primaryimage"},"image":{"@id":"https:\/\/genclercanta.com\/de\/urunler\/fudela-siyah-sirt-cantasi\/#primaryimage"},"thumbnailUrl":"https:\/\/genclercanta.com\/wp-content\/uploads\/2021\/04\/5-4.jpg?v=1619006066","datePublished":"2021-04-21T11:46:47+00:00","dateModified":"2021-05-10T10:19:55+00:00","description":"Fudela Bogota Siyah S\u0131rt \u00c7antas\u0131","breadcrumb":{"@id":"https:\/\/genclercanta.com\/de\/urunler\/fudela-siyah-sirt-cantasi\/#breadcrumb"},"inLanguage":"de","potentialAction":[{"@type":"ReadAction","target":["https:\/\/genclercanta.com\/de\/urunler\/fudela-siyah-sirt-cantasi\/"]}]},{"@type":"ImageObject","inLanguage":"de","@id":"https:\/\/genclercanta.com\/de\/urunler\/fudela-siyah-sirt-cantasi\/#primaryimage","url":"https:\/\/genclercanta.com\/wp-content\/uploads\/2021\/04\/5-4.jpg?v=1619006066","contentUrl":"https:\/\/genclercanta.com\/wp-content\/uploads\/2021\/04\/5-4.jpg?v=1619006066","width":1200,"height":900,"caption":"toptan s\u0131rt \u00e7anta"},{"@type":"BreadcrumbList","@id":"https:\/\/genclercanta.com\/de\/urunler\/fudela-siyah-sirt-cantasi\/#breadcrumb","itemListElement":[{"@type":"ListItem","position":1,"name":"Ana sayfa","item":"https:\/\/genclercanta.com\/de\/startseite\/"},{"@type":"ListItem","position":2,"name":"Shop","item":"https:\/\/genclercanta.com\/de\/shop\/"},{"@type":"ListItem","position":3,"name":"Fudela Bogota Siyah S\u0131rt \u00c7antas\u0131"}]},{"@type":"WebSite","@id":"https:\/\/genclercanta.com\/de\/#website","url":"https:\/\/genclercanta.com\/de\/","name":"Promosyon \u00c7anta imalat\u0131, \u00dcretimi, \u00c7anta imalat\u00e7\u0131s\u0131 \u00dcreticisi istanbul","description":"T\u00fcrkiyenin Toptan, Promosyon \u00c7anta \u0130malat\u00e7\u0131s\u0131","publisher":{"@id":"https:\/\/genclercanta.com\/de\/#organization"},"alternateName":"Gen\u00e7ler \u00c7anta","potentialAction":[{"@type":"SearchAction","target":{"@type":"EntryPoint","urlTemplate":"https:\/\/genclercanta.com\/de\/?s={search_term_string}"},"query-input":{"@type":"PropertyValueSpecification","valueRequired":true,"valueName":"search_term_string"}}],"inLanguage":"de"},{"@type":"Organization","@id":"https:\/\/genclercanta.com\/de\/#organization","name":"Promosyon \u00c7anta imalat\u0131, \u00dcretimi, \u00c7anta imalat\u00e7\u0131s\u0131 \u00dcreticisi istanbul","alternateName":"Gen\u00e7ler \u00c7anta","url":"https:\/\/genclercanta.com\/de\/","logo":{"@type":"ImageObject","inLanguage":"de","@id":"https:\/\/genclercanta.com\/de\/#\/schema\/logo\/image\/","url":"https:\/\/genclercanta.com\/wp-content\/uploads\/2020\/10\/gencler-canta-logo.jpg","contentUrl":"https:\/\/genclercanta.com\/wp-content\/uploads\/2020\/10\/gencler-canta-logo.jpg","width":600,"height":133,"caption":"Promosyon \u00c7anta imalat\u0131, \u00dcretimi, \u00c7anta imalat\u00e7\u0131s\u0131 \u00dcreticisi istanbul"},"image":{"@id":"https:\/\/genclercanta.com\/de\/#\/schema\/logo\/image\/"},"sameAs":["https:\/\/www.facebook.com\/GenclerCantacom\/","https:\/\/www.instagram.com\/genclercanta\/"]}]}},"_links":{"self":[{"href":"https:\/\/genclercanta.com\/de\/wp-json\/wp\/v2\/product\/12772","targetHints":{"allow":["GET"]}}],"collection":[{"href":"https:\/\/genclercanta.com\/de\/wp-json\/wp\/v2\/product"}],"about":[{"href":"https:\/\/genclercanta.com\/de\/wp-json\/wp\/v2\/types\/product"}],"replies":[{"embeddable":true,"href":"https:\/\/genclercanta.com\/de\/wp-json\/wp\/v2\/comments?post=12772"}],"wp:featuredmedia":[{"embeddable":true,"href":"https:\/\/genclercanta.com\/de\/wp-json\/wp\/v2\/media\/12777"}],"wp:attachment":[{"href":"https:\/\/genclercanta.com\/de\/wp-json\/wp\/v2\/media?parent=12772"}],"wp:term":[{"taxonomy":"product_brand","embeddable":true,"href":"https:\/\/genclercanta.com\/de\/wp-json\/wp\/v2\/product_brand?post=12772"},{"taxonomy":"product_cat","embeddable":true,"href":"https:\/\/genclercanta.com\/de\/wp-json\/wp\/v2\/product_cat?post=12772"},{"taxonomy":"product_tag","embeddable":true,"href":"https:\/\/genclercanta.com\/de\/wp-json\/wp\/v2\/product_tag?post=12772"}],"curies":[{"name":"wp","href":"https:\/\/api.w.org\/{rel}","templated":true}]}}