{"id":12797,"date":"2021-05-10T10:25:25","date_gmt":"2021-05-10T10:25:25","guid":{"rendered":"https:\/\/genclercanta.com\/?post_type=product&#038;p=12797"},"modified":"2021-05-10T11:48:40","modified_gmt":"2021-05-10T11:48:40","slug":"fudela-serendip-bordo-sirt-cantasi","status":"publish","type":"product","link":"https:\/\/genclercanta.com\/de\/urunler\/fudela-serendip-bordo-sirt-cantasi\/","title":{"rendered":"Fudela Serendip Bordo S\u0131rt \u00c7antas\u0131"},"content":{"rendered":"<p>\u2022Y\u00fckseklik: 41cm En: 27 cm Derinlik: 15 cm<\/p>\n<p>\u2022Modelimiz olduk\u00e7a fonksiyon kullan\u0131ma m\u00fcsait olup d\u00f6rt fermuar b\u00f6lmesinden olu\u015fmaktad\u0131r.<\/p>\n<p>\u2022Malzemesi su ge\u00e7irmez polyester kuma\u015ft\u0131r.<\/p>\n<p>\u2022Laptop b\u00f6lmesi mevcuttur.<\/p>\n<p>\u2022Tablet ve mini e\u015fya b\u00f6lmeleri vard\u0131r.<\/p>\n<p>\u2022Astar b\u00f6lmesinde bir fermuar cebi ve bir fileli cep bulunmaktad\u0131r.<\/p>\n<p>\u2022\u00c7ok ama\u00e7l\u0131 astar cepleri mevcuttur.<\/p>\n<p>\u2022S\u0131rt k\u0131sm\u0131nda i\u00e7 laptop k\u0131sm\u0131na ula\u015fabilen ayr\u0131 bir fermuar b\u00f6l\u00fcm\u00fc bulunmaktad\u0131r.<\/p>\n<p>\u2022 S\u0131rt ve taban k\u0131sm\u0131nda sa\u011flaml\u0131\u011f\u0131 muhafaza etmek ad\u0131na dolgun pedler bulunmaktad\u0131r.<\/p>\n","protected":false},"excerpt":{"rendered":"<p><a href=\"https:\/\/www.trendyol.com\/fudela\/serendip-bordo-sirt-cantasi-p-101298698?merchantId=104832&amp;filterOverPriceListings=false\" target=\"_blank\" rel=\"noopener\" data-v-3c8ea6cf=\"\" data-v-2ef486ee=\"\"><span data-v-3c8ea6cf=\"\" data-v-2ef486ee=\"\">Serendip Bordo S\u0131rt \u00c7antas\u0131<\/span><\/a><\/p>\n","protected":false},"featured_media":12835,"comment_status":"closed","ping_status":"closed","template":"","meta":[],"product_brand":[],"product_cat":[210,233],"product_tag":[138,139,140,141,142,143,144,145,146,97],"class_list":{"0":"post-12797","1":"product","2":"type-product","3":"status-publish","4":"has-post-thumbnail","6":"product_cat-fudela","7":"product_cat-serendip","8":"product_tag-backpack","9":"product_tag-bag","10":"product_tag-canta","11":"product_tag-fudela","12":"product_tag-fudela-backpack","13":"product_tag-fudela-sirt-cantasi","14":"product_tag-okul-cantasi","15":"product_tag-polyester-canta","16":"product_tag-school-bags","17":"product_tag-sirt-cantasi","19":"first","20":"instock","21":"shipping-taxable","22":"purchasable","23":"product-type-simple"},"yoast_head":"<!-- This site is optimized with the Yoast SEO plugin v26.3 - https:\/\/yoast.com\/wordpress\/plugins\/seo\/ -->\n<title>Fudela Serendip Bordo S\u0131rt \u00c7antas\u0131 - Promosyon \u00c7anta imalat\u0131, \u00dcretimi, \u00c7anta imalat\u00e7\u0131s\u0131 \u00dcreticisi istanbul<\/title>\n<meta name=\"description\" content=\"Fudela Serendip Bordo S\u0131rt \u00c7antas\u0131\" \/>\n<meta name=\"robots\" content=\"index, follow, max-snippet:-1, max-image-preview:large, max-video-preview:-1\" \/>\n<link rel=\"canonical\" href=\"https:\/\/genclercanta.com\/de\/urunler\/fudela-serendip-bordo-sirt-cantasi\/\" \/>\n<meta property=\"og:locale\" content=\"de_DE\" \/>\n<meta property=\"og:type\" content=\"article\" \/>\n<meta property=\"og:title\" content=\"Fudela Serendip Bordo S\u0131rt \u00c7antas\u0131 - Promosyon \u00c7anta imalat\u0131, \u00dcretimi, \u00c7anta imalat\u00e7\u0131s\u0131 \u00dcreticisi istanbul\" \/>\n<meta property=\"og:description\" content=\"Fudela Serendip Bordo S\u0131rt \u00c7antas\u0131\" \/>\n<meta property=\"og:url\" content=\"https:\/\/genclercanta.com\/de\/urunler\/fudela-serendip-bordo-sirt-cantasi\/\" \/>\n<meta property=\"og:site_name\" content=\"Promosyon \u00c7anta imalat\u0131, \u00dcretimi, \u00c7anta imalat\u00e7\u0131s\u0131 \u00dcreticisi istanbul\" \/>\n<meta property=\"article:publisher\" content=\"https:\/\/www.facebook.com\/GenclerCantacom\/\" \/>\n<meta property=\"article:modified_time\" content=\"2021-05-10T11:48:40+00:00\" \/>\n<meta property=\"og:image\" content=\"https:\/\/genclercanta.com\/wp-content\/uploads\/2021\/05\/MGL9972.jpg?v=1620647257\" \/>\n\t<meta property=\"og:image:width\" content=\"1500\" \/>\n\t<meta property=\"og:image:height\" content=\"1250\" \/>\n\t<meta property=\"og:image:type\" content=\"image\/jpeg\" \/>\n<meta name=\"twitter:label1\" content=\"Gesch\u00e4tzte Lesezeit\" \/>\n\t<meta name=\"twitter:data1\" content=\"1\u00a0Minute\" \/>\n<script type=\"application\/ld+json\" class=\"yoast-schema-graph\">{\"@context\":\"https:\/\/schema.org\",\"@graph\":[{\"@type\":\"WebPage\",\"@id\":\"https:\/\/genclercanta.com\/de\/urunler\/fudela-serendip-bordo-sirt-cantasi\/\",\"url\":\"https:\/\/genclercanta.com\/de\/urunler\/fudela-serendip-bordo-sirt-cantasi\/\",\"name\":\"Fudela Serendip Bordo S\u0131rt \u00c7antas\u0131 - Promosyon \u00c7anta imalat\u0131, \u00dcretimi, \u00c7anta imalat\u00e7\u0131s\u0131 \u00dcreticisi istanbul\",\"isPartOf\":{\"@id\":\"https:\/\/genclercanta.com\/de\/#website\"},\"primaryImageOfPage\":{\"@id\":\"https:\/\/genclercanta.com\/de\/urunler\/fudela-serendip-bordo-sirt-cantasi\/#primaryimage\"},\"image\":{\"@id\":\"https:\/\/genclercanta.com\/de\/urunler\/fudela-serendip-bordo-sirt-cantasi\/#primaryimage\"},\"thumbnailUrl\":\"https:\/\/genclercanta.com\/wp-content\/uploads\/2021\/05\/MGL9972.jpg?v=1620647257\",\"datePublished\":\"2021-05-10T10:25:25+00:00\",\"dateModified\":\"2021-05-10T11:48:40+00:00\",\"description\":\"Fudela Serendip Bordo S\u0131rt \u00c7antas\u0131\",\"breadcrumb\":{\"@id\":\"https:\/\/genclercanta.com\/de\/urunler\/fudela-serendip-bordo-sirt-cantasi\/#breadcrumb\"},\"inLanguage\":\"de\",\"potentialAction\":[{\"@type\":\"ReadAction\",\"target\":[\"https:\/\/genclercanta.com\/de\/urunler\/fudela-serendip-bordo-sirt-cantasi\/\"]}]},{\"@type\":\"ImageObject\",\"inLanguage\":\"de\",\"@id\":\"https:\/\/genclercanta.com\/de\/urunler\/fudela-serendip-bordo-sirt-cantasi\/#primaryimage\",\"url\":\"https:\/\/genclercanta.com\/wp-content\/uploads\/2021\/05\/MGL9972.jpg?v=1620647257\",\"contentUrl\":\"https:\/\/genclercanta.com\/wp-content\/uploads\/2021\/05\/MGL9972.jpg?v=1620647257\",\"width\":1500,\"height\":1250,\"caption\":\"toptan s\u0131rt \u00e7anta\"},{\"@type\":\"BreadcrumbList\",\"@id\":\"https:\/\/genclercanta.com\/de\/urunler\/fudela-serendip-bordo-sirt-cantasi\/#breadcrumb\",\"itemListElement\":[{\"@type\":\"ListItem\",\"position\":1,\"name\":\"Ana sayfa\",\"item\":\"https:\/\/genclercanta.com\/de\/startseite\/\"},{\"@type\":\"ListItem\",\"position\":2,\"name\":\"Shop\",\"item\":\"https:\/\/genclercanta.com\/de\/shop\/\"},{\"@type\":\"ListItem\",\"position\":3,\"name\":\"Fudela Serendip Bordo S\u0131rt \u00c7antas\u0131\"}]},{\"@type\":\"WebSite\",\"@id\":\"https:\/\/genclercanta.com\/de\/#website\",\"url\":\"https:\/\/genclercanta.com\/de\/\",\"name\":\"Promosyon \u00c7anta imalat\u0131, \u00dcretimi, \u00c7anta imalat\u00e7\u0131s\u0131 \u00dcreticisi istanbul\",\"description\":\"T\u00fcrkiyenin Toptan, Promosyon \u00c7anta \u0130malat\u00e7\u0131s\u0131\",\"publisher\":{\"@id\":\"https:\/\/genclercanta.com\/de\/#organization\"},\"alternateName\":\"Gen\u00e7ler \u00c7anta\",\"potentialAction\":[{\"@type\":\"SearchAction\",\"target\":{\"@type\":\"EntryPoint\",\"urlTemplate\":\"https:\/\/genclercanta.com\/de\/?s={search_term_string}\"},\"query-input\":{\"@type\":\"PropertyValueSpecification\",\"valueRequired\":true,\"valueName\":\"search_term_string\"}}],\"inLanguage\":\"de\"},{\"@type\":\"Organization\",\"@id\":\"https:\/\/genclercanta.com\/de\/#organization\",\"name\":\"Promosyon \u00c7anta imalat\u0131, \u00dcretimi, \u00c7anta imalat\u00e7\u0131s\u0131 \u00dcreticisi istanbul\",\"alternateName\":\"Gen\u00e7ler \u00c7anta\",\"url\":\"https:\/\/genclercanta.com\/de\/\",\"logo\":{\"@type\":\"ImageObject\",\"inLanguage\":\"de\",\"@id\":\"https:\/\/genclercanta.com\/de\/#\/schema\/logo\/image\/\",\"url\":\"https:\/\/genclercanta.com\/wp-content\/uploads\/2020\/10\/gencler-canta-logo.jpg\",\"contentUrl\":\"https:\/\/genclercanta.com\/wp-content\/uploads\/2020\/10\/gencler-canta-logo.jpg\",\"width\":600,\"height\":133,\"caption\":\"Promosyon \u00c7anta imalat\u0131, \u00dcretimi, \u00c7anta imalat\u00e7\u0131s\u0131 \u00dcreticisi istanbul\"},\"image\":{\"@id\":\"https:\/\/genclercanta.com\/de\/#\/schema\/logo\/image\/\"},\"sameAs\":[\"https:\/\/www.facebook.com\/GenclerCantacom\/\",\"https:\/\/www.instagram.com\/genclercanta\/\"]}]}<\/script>\n<!-- \/ Yoast SEO plugin. -->","yoast_head_json":{"title":"Fudela Serendip Bordo S\u0131rt \u00c7antas\u0131 - Promosyon \u00c7anta imalat\u0131, \u00dcretimi, \u00c7anta imalat\u00e7\u0131s\u0131 \u00dcreticisi istanbul","description":"Fudela Serendip Bordo S\u0131rt \u00c7antas\u0131","robots":{"index":"index","follow":"follow","max-snippet":"max-snippet:-1","max-image-preview":"max-image-preview:large","max-video-preview":"max-video-preview:-1"},"canonical":"https:\/\/genclercanta.com\/de\/urunler\/fudela-serendip-bordo-sirt-cantasi\/","og_locale":"de_DE","og_type":"article","og_title":"Fudela Serendip Bordo S\u0131rt \u00c7antas\u0131 - Promosyon \u00c7anta imalat\u0131, \u00dcretimi, \u00c7anta imalat\u00e7\u0131s\u0131 \u00dcreticisi istanbul","og_description":"Fudela Serendip Bordo S\u0131rt \u00c7antas\u0131","og_url":"https:\/\/genclercanta.com\/de\/urunler\/fudela-serendip-bordo-sirt-cantasi\/","og_site_name":"Promosyon \u00c7anta imalat\u0131, \u00dcretimi, \u00c7anta imalat\u00e7\u0131s\u0131 \u00dcreticisi istanbul","article_publisher":"https:\/\/www.facebook.com\/GenclerCantacom\/","article_modified_time":"2021-05-10T11:48:40+00:00","og_image":[{"width":1500,"height":1250,"url":"https:\/\/genclercanta.com\/wp-content\/uploads\/2021\/05\/MGL9972.jpg?v=1620647257","type":"image\/jpeg"}],"twitter_misc":{"Gesch\u00e4tzte Lesezeit":"1\u00a0Minute"},"schema":{"@context":"https:\/\/schema.org","@graph":[{"@type":"WebPage","@id":"https:\/\/genclercanta.com\/de\/urunler\/fudela-serendip-bordo-sirt-cantasi\/","url":"https:\/\/genclercanta.com\/de\/urunler\/fudela-serendip-bordo-sirt-cantasi\/","name":"Fudela Serendip Bordo S\u0131rt \u00c7antas\u0131 - Promosyon \u00c7anta imalat\u0131, \u00dcretimi, \u00c7anta imalat\u00e7\u0131s\u0131 \u00dcreticisi istanbul","isPartOf":{"@id":"https:\/\/genclercanta.com\/de\/#website"},"primaryImageOfPage":{"@id":"https:\/\/genclercanta.com\/de\/urunler\/fudela-serendip-bordo-sirt-cantasi\/#primaryimage"},"image":{"@id":"https:\/\/genclercanta.com\/de\/urunler\/fudela-serendip-bordo-sirt-cantasi\/#primaryimage"},"thumbnailUrl":"https:\/\/genclercanta.com\/wp-content\/uploads\/2021\/05\/MGL9972.jpg?v=1620647257","datePublished":"2021-05-10T10:25:25+00:00","dateModified":"2021-05-10T11:48:40+00:00","description":"Fudela Serendip Bordo S\u0131rt \u00c7antas\u0131","breadcrumb":{"@id":"https:\/\/genclercanta.com\/de\/urunler\/fudela-serendip-bordo-sirt-cantasi\/#breadcrumb"},"inLanguage":"de","potentialAction":[{"@type":"ReadAction","target":["https:\/\/genclercanta.com\/de\/urunler\/fudela-serendip-bordo-sirt-cantasi\/"]}]},{"@type":"ImageObject","inLanguage":"de","@id":"https:\/\/genclercanta.com\/de\/urunler\/fudela-serendip-bordo-sirt-cantasi\/#primaryimage","url":"https:\/\/genclercanta.com\/wp-content\/uploads\/2021\/05\/MGL9972.jpg?v=1620647257","contentUrl":"https:\/\/genclercanta.com\/wp-content\/uploads\/2021\/05\/MGL9972.jpg?v=1620647257","width":1500,"height":1250,"caption":"toptan s\u0131rt \u00e7anta"},{"@type":"BreadcrumbList","@id":"https:\/\/genclercanta.com\/de\/urunler\/fudela-serendip-bordo-sirt-cantasi\/#breadcrumb","itemListElement":[{"@type":"ListItem","position":1,"name":"Ana sayfa","item":"https:\/\/genclercanta.com\/de\/startseite\/"},{"@type":"ListItem","position":2,"name":"Shop","item":"https:\/\/genclercanta.com\/de\/shop\/"},{"@type":"ListItem","position":3,"name":"Fudela Serendip Bordo S\u0131rt \u00c7antas\u0131"}]},{"@type":"WebSite","@id":"https:\/\/genclercanta.com\/de\/#website","url":"https:\/\/genclercanta.com\/de\/","name":"Promosyon \u00c7anta imalat\u0131, \u00dcretimi, \u00c7anta imalat\u00e7\u0131s\u0131 \u00dcreticisi istanbul","description":"T\u00fcrkiyenin Toptan, Promosyon \u00c7anta \u0130malat\u00e7\u0131s\u0131","publisher":{"@id":"https:\/\/genclercanta.com\/de\/#organization"},"alternateName":"Gen\u00e7ler \u00c7anta","potentialAction":[{"@type":"SearchAction","target":{"@type":"EntryPoint","urlTemplate":"https:\/\/genclercanta.com\/de\/?s={search_term_string}"},"query-input":{"@type":"PropertyValueSpecification","valueRequired":true,"valueName":"search_term_string"}}],"inLanguage":"de"},{"@type":"Organization","@id":"https:\/\/genclercanta.com\/de\/#organization","name":"Promosyon \u00c7anta imalat\u0131, \u00dcretimi, \u00c7anta imalat\u00e7\u0131s\u0131 \u00dcreticisi istanbul","alternateName":"Gen\u00e7ler \u00c7anta","url":"https:\/\/genclercanta.com\/de\/","logo":{"@type":"ImageObject","inLanguage":"de","@id":"https:\/\/genclercanta.com\/de\/#\/schema\/logo\/image\/","url":"https:\/\/genclercanta.com\/wp-content\/uploads\/2020\/10\/gencler-canta-logo.jpg","contentUrl":"https:\/\/genclercanta.com\/wp-content\/uploads\/2020\/10\/gencler-canta-logo.jpg","width":600,"height":133,"caption":"Promosyon \u00c7anta imalat\u0131, \u00dcretimi, \u00c7anta imalat\u00e7\u0131s\u0131 \u00dcreticisi istanbul"},"image":{"@id":"https:\/\/genclercanta.com\/de\/#\/schema\/logo\/image\/"},"sameAs":["https:\/\/www.facebook.com\/GenclerCantacom\/","https:\/\/www.instagram.com\/genclercanta\/"]}]}},"_links":{"self":[{"href":"https:\/\/genclercanta.com\/de\/wp-json\/wp\/v2\/product\/12797","targetHints":{"allow":["GET"]}}],"collection":[{"href":"https:\/\/genclercanta.com\/de\/wp-json\/wp\/v2\/product"}],"about":[{"href":"https:\/\/genclercanta.com\/de\/wp-json\/wp\/v2\/types\/product"}],"replies":[{"embeddable":true,"href":"https:\/\/genclercanta.com\/de\/wp-json\/wp\/v2\/comments?post=12797"}],"wp:featuredmedia":[{"embeddable":true,"href":"https:\/\/genclercanta.com\/de\/wp-json\/wp\/v2\/media\/12835"}],"wp:attachment":[{"href":"https:\/\/genclercanta.com\/de\/wp-json\/wp\/v2\/media?parent=12797"}],"wp:term":[{"taxonomy":"product_brand","embeddable":true,"href":"https:\/\/genclercanta.com\/de\/wp-json\/wp\/v2\/product_brand?post=12797"},{"taxonomy":"product_cat","embeddable":true,"href":"https:\/\/genclercanta.com\/de\/wp-json\/wp\/v2\/product_cat?post=12797"},{"taxonomy":"product_tag","embeddable":true,"href":"https:\/\/genclercanta.com\/de\/wp-json\/wp\/v2\/product_tag?post=12797"}],"curies":[{"name":"wp","href":"https:\/\/api.w.org\/{rel}","templated":true}]}}