{"id":8323,"date":"2020-10-20T21:42:06","date_gmt":"2020-10-20T21:42:06","guid":{"rendered":"http:\/\/genclercanta.com\/urunler\/kategorilenmemis\/import-placeholder-for-5062\/"},"modified":"2022-03-07T21:57:42","modified_gmt":"2022-03-07T21:57:42","slug":"unz-kirmizi-sirt-cantasi","status":"publish","type":"product","link":"https:\/\/genclercanta.com\/de\/urunler\/unz-kirmizi-sirt-cantasi\/","title":{"rendered":"UNZ KIRMIZI SIRT \u00c7ANTASI"},"content":{"rendered":"<h2><\/h2>\n<p>UNZ SIRT \u00c7ANTASI<\/p>\n<p>G\u00fcne\u015fli g\u00fcnlerin geri gelmesi ile g\u00fczelle\u015fen do\u011fadan ilham al\u0131narak kad\u0131nlar ve Anneler i\u00e7in \u00f6zel tasarlanan kadife kuma\u015fl\u0131 UNZ dokusu \u00e7evre dostu hambez kaplamas\u0131 ile bu \u00e7anya tam sana g\u00f6re !<\/p>\n<p>D\u0131\u015f \u00f6zellikler:<\/p>\n<p>\u2013 Yumu\u015fak Premium Kadife kuma\u015f<\/p>\n<p>\u2013 Dolgulu ve Ayarlanabilir Arka Kay\u0131\u015flar<\/p>\n<p>\u2013 Ek S\u0131rt Dolgusu<\/p>\n<p>\u2013 Geni\u015f \u00f6n cep<\/p>\n<p>\u2013 \u00c7evre dostu organik hambez kaplamal\u0131<\/p>\n<p>\u2013 Tutma kulplu<\/p>\n<p>\u2013 \u00d6zel Fudela nak\u0131\u015f i\u015fleme<\/p>\n","protected":false},"excerpt":{"rendered":"<p>UNZ KIRMIZI SIRT \u00c7ANTASI<\/p>\n","protected":false},"featured_media":8507,"comment_status":"closed","ping_status":"closed","template":"","meta":[],"product_brand":[],"product_cat":[148],"product_tag":[138,139,140,141,142,143,149,144,145,146,97],"class_list":{"0":"post-8323","1":"product","2":"type-product","3":"status-publish","4":"has-post-thumbnail","6":"product_cat-unz-sirt-cantasi","7":"product_tag-backpack","8":"product_tag-bag","9":"product_tag-canta","10":"product_tag-fudela","11":"product_tag-fudela-backpack","12":"product_tag-fudela-sirt-cantasi","13":"product_tag-ipli-canta","14":"product_tag-okul-cantasi","15":"product_tag-polyester-canta","16":"product_tag-school-bags","17":"product_tag-sirt-cantasi","19":"first","20":"instock","21":"shipping-taxable","22":"purchasable","23":"product-type-simple"},"yoast_head":"<!-- This site is optimized with the Yoast SEO plugin v26.3 - https:\/\/yoast.com\/wordpress\/plugins\/seo\/ -->\n<title>UNZ KIRMIZI SIRT \u00c7ANTASI - Promosyon \u00c7anta imalat\u0131, \u00dcretimi, \u00c7anta imalat\u00e7\u0131s\u0131 \u00dcreticisi istanbul<\/title>\n<meta name=\"description\" content=\"UNZ KIRMIZI SIRT \u00c7ANTASI\" \/>\n<meta name=\"robots\" content=\"index, follow, max-snippet:-1, max-image-preview:large, max-video-preview:-1\" \/>\n<link rel=\"canonical\" href=\"https:\/\/genclercanta.com\/de\/urunler\/unz-kirmizi-sirt-cantasi\/\" \/>\n<meta property=\"og:locale\" content=\"de_DE\" \/>\n<meta property=\"og:type\" content=\"article\" \/>\n<meta property=\"og:title\" content=\"UNZ KIRMIZI SIRT \u00c7ANTASI - Promosyon \u00c7anta imalat\u0131, \u00dcretimi, \u00c7anta imalat\u00e7\u0131s\u0131 \u00dcreticisi istanbul\" \/>\n<meta property=\"og:description\" content=\"UNZ KIRMIZI SIRT \u00c7ANTASI\" \/>\n<meta property=\"og:url\" content=\"https:\/\/genclercanta.com\/de\/urunler\/unz-kirmizi-sirt-cantasi\/\" \/>\n<meta property=\"og:site_name\" content=\"Promosyon \u00c7anta imalat\u0131, \u00dcretimi, \u00c7anta imalat\u00e7\u0131s\u0131 \u00dcreticisi istanbul\" \/>\n<meta property=\"article:publisher\" content=\"https:\/\/www.facebook.com\/GenclerCantacom\/\" \/>\n<meta property=\"article:modified_time\" content=\"2022-03-07T21:57:42+00:00\" \/>\n<meta property=\"og:image\" content=\"https:\/\/genclercanta.com\/wp-content\/uploads\/2020\/10\/44004400-1.jpg?v=1612984549\" \/>\n\t<meta property=\"og:image:width\" content=\"1000\" \/>\n\t<meta property=\"og:image:height\" content=\"1200\" \/>\n\t<meta property=\"og:image:type\" content=\"image\/jpeg\" \/>\n<script type=\"application\/ld+json\" class=\"yoast-schema-graph\">{\"@context\":\"https:\/\/schema.org\",\"@graph\":[{\"@type\":\"WebPage\",\"@id\":\"https:\/\/genclercanta.com\/de\/urunler\/unz-kirmizi-sirt-cantasi\/\",\"url\":\"https:\/\/genclercanta.com\/de\/urunler\/unz-kirmizi-sirt-cantasi\/\",\"name\":\"UNZ KIRMIZI SIRT \u00c7ANTASI - Promosyon \u00c7anta imalat\u0131, \u00dcretimi, \u00c7anta imalat\u00e7\u0131s\u0131 \u00dcreticisi istanbul\",\"isPartOf\":{\"@id\":\"https:\/\/genclercanta.com\/de\/#website\"},\"primaryImageOfPage\":{\"@id\":\"https:\/\/genclercanta.com\/de\/urunler\/unz-kirmizi-sirt-cantasi\/#primaryimage\"},\"image\":{\"@id\":\"https:\/\/genclercanta.com\/de\/urunler\/unz-kirmizi-sirt-cantasi\/#primaryimage\"},\"thumbnailUrl\":\"https:\/\/genclercanta.com\/wp-content\/uploads\/2020\/10\/44004400-1.jpg?v=1612984549\",\"datePublished\":\"2020-10-20T21:42:06+00:00\",\"dateModified\":\"2022-03-07T21:57:42+00:00\",\"description\":\"UNZ KIRMIZI SIRT \u00c7ANTASI\",\"breadcrumb\":{\"@id\":\"https:\/\/genclercanta.com\/de\/urunler\/unz-kirmizi-sirt-cantasi\/#breadcrumb\"},\"inLanguage\":\"de\",\"potentialAction\":[{\"@type\":\"ReadAction\",\"target\":[\"https:\/\/genclercanta.com\/de\/urunler\/unz-kirmizi-sirt-cantasi\/\"]}]},{\"@type\":\"ImageObject\",\"inLanguage\":\"de\",\"@id\":\"https:\/\/genclercanta.com\/de\/urunler\/unz-kirmizi-sirt-cantasi\/#primaryimage\",\"url\":\"https:\/\/genclercanta.com\/wp-content\/uploads\/2020\/10\/44004400-1.jpg?v=1612984549\",\"contentUrl\":\"https:\/\/genclercanta.com\/wp-content\/uploads\/2020\/10\/44004400-1.jpg?v=1612984549\",\"width\":1000,\"height\":1200},{\"@type\":\"BreadcrumbList\",\"@id\":\"https:\/\/genclercanta.com\/de\/urunler\/unz-kirmizi-sirt-cantasi\/#breadcrumb\",\"itemListElement\":[{\"@type\":\"ListItem\",\"position\":1,\"name\":\"Ana sayfa\",\"item\":\"https:\/\/genclercanta.com\/de\/startseite\/\"},{\"@type\":\"ListItem\",\"position\":2,\"name\":\"Shop\",\"item\":\"https:\/\/genclercanta.com\/de\/shop\/\"},{\"@type\":\"ListItem\",\"position\":3,\"name\":\"UNZ KIRMIZI SIRT \u00c7ANTASI\"}]},{\"@type\":\"WebSite\",\"@id\":\"https:\/\/genclercanta.com\/de\/#website\",\"url\":\"https:\/\/genclercanta.com\/de\/\",\"name\":\"Promosyon \u00c7anta imalat\u0131, \u00dcretimi, \u00c7anta imalat\u00e7\u0131s\u0131 \u00dcreticisi istanbul\",\"description\":\"T\u00fcrkiyenin Toptan, Promosyon \u00c7anta \u0130malat\u00e7\u0131s\u0131\",\"publisher\":{\"@id\":\"https:\/\/genclercanta.com\/de\/#organization\"},\"alternateName\":\"Gen\u00e7ler \u00c7anta\",\"potentialAction\":[{\"@type\":\"SearchAction\",\"target\":{\"@type\":\"EntryPoint\",\"urlTemplate\":\"https:\/\/genclercanta.com\/de\/?s={search_term_string}\"},\"query-input\":{\"@type\":\"PropertyValueSpecification\",\"valueRequired\":true,\"valueName\":\"search_term_string\"}}],\"inLanguage\":\"de\"},{\"@type\":\"Organization\",\"@id\":\"https:\/\/genclercanta.com\/de\/#organization\",\"name\":\"Promosyon \u00c7anta imalat\u0131, \u00dcretimi, \u00c7anta imalat\u00e7\u0131s\u0131 \u00dcreticisi istanbul\",\"alternateName\":\"Gen\u00e7ler \u00c7anta\",\"url\":\"https:\/\/genclercanta.com\/de\/\",\"logo\":{\"@type\":\"ImageObject\",\"inLanguage\":\"de\",\"@id\":\"https:\/\/genclercanta.com\/de\/#\/schema\/logo\/image\/\",\"url\":\"https:\/\/genclercanta.com\/wp-content\/uploads\/2020\/10\/gencler-canta-logo.jpg\",\"contentUrl\":\"https:\/\/genclercanta.com\/wp-content\/uploads\/2020\/10\/gencler-canta-logo.jpg\",\"width\":600,\"height\":133,\"caption\":\"Promosyon \u00c7anta imalat\u0131, \u00dcretimi, \u00c7anta imalat\u00e7\u0131s\u0131 \u00dcreticisi istanbul\"},\"image\":{\"@id\":\"https:\/\/genclercanta.com\/de\/#\/schema\/logo\/image\/\"},\"sameAs\":[\"https:\/\/www.facebook.com\/GenclerCantacom\/\",\"https:\/\/www.instagram.com\/genclercanta\/\"]}]}<\/script>\n<!-- \/ Yoast SEO plugin. -->","yoast_head_json":{"title":"UNZ KIRMIZI SIRT \u00c7ANTASI - Promosyon \u00c7anta imalat\u0131, \u00dcretimi, \u00c7anta imalat\u00e7\u0131s\u0131 \u00dcreticisi istanbul","description":"UNZ KIRMIZI SIRT \u00c7ANTASI","robots":{"index":"index","follow":"follow","max-snippet":"max-snippet:-1","max-image-preview":"max-image-preview:large","max-video-preview":"max-video-preview:-1"},"canonical":"https:\/\/genclercanta.com\/de\/urunler\/unz-kirmizi-sirt-cantasi\/","og_locale":"de_DE","og_type":"article","og_title":"UNZ KIRMIZI SIRT \u00c7ANTASI - Promosyon \u00c7anta imalat\u0131, \u00dcretimi, \u00c7anta imalat\u00e7\u0131s\u0131 \u00dcreticisi istanbul","og_description":"UNZ KIRMIZI SIRT \u00c7ANTASI","og_url":"https:\/\/genclercanta.com\/de\/urunler\/unz-kirmizi-sirt-cantasi\/","og_site_name":"Promosyon \u00c7anta imalat\u0131, \u00dcretimi, \u00c7anta imalat\u00e7\u0131s\u0131 \u00dcreticisi istanbul","article_publisher":"https:\/\/www.facebook.com\/GenclerCantacom\/","article_modified_time":"2022-03-07T21:57:42+00:00","og_image":[{"width":1000,"height":1200,"url":"https:\/\/genclercanta.com\/wp-content\/uploads\/2020\/10\/44004400-1.jpg?v=1612984549","type":"image\/jpeg"}],"schema":{"@context":"https:\/\/schema.org","@graph":[{"@type":"WebPage","@id":"https:\/\/genclercanta.com\/de\/urunler\/unz-kirmizi-sirt-cantasi\/","url":"https:\/\/genclercanta.com\/de\/urunler\/unz-kirmizi-sirt-cantasi\/","name":"UNZ KIRMIZI SIRT \u00c7ANTASI - Promosyon \u00c7anta imalat\u0131, \u00dcretimi, \u00c7anta imalat\u00e7\u0131s\u0131 \u00dcreticisi istanbul","isPartOf":{"@id":"https:\/\/genclercanta.com\/de\/#website"},"primaryImageOfPage":{"@id":"https:\/\/genclercanta.com\/de\/urunler\/unz-kirmizi-sirt-cantasi\/#primaryimage"},"image":{"@id":"https:\/\/genclercanta.com\/de\/urunler\/unz-kirmizi-sirt-cantasi\/#primaryimage"},"thumbnailUrl":"https:\/\/genclercanta.com\/wp-content\/uploads\/2020\/10\/44004400-1.jpg?v=1612984549","datePublished":"2020-10-20T21:42:06+00:00","dateModified":"2022-03-07T21:57:42+00:00","description":"UNZ KIRMIZI SIRT \u00c7ANTASI","breadcrumb":{"@id":"https:\/\/genclercanta.com\/de\/urunler\/unz-kirmizi-sirt-cantasi\/#breadcrumb"},"inLanguage":"de","potentialAction":[{"@type":"ReadAction","target":["https:\/\/genclercanta.com\/de\/urunler\/unz-kirmizi-sirt-cantasi\/"]}]},{"@type":"ImageObject","inLanguage":"de","@id":"https:\/\/genclercanta.com\/de\/urunler\/unz-kirmizi-sirt-cantasi\/#primaryimage","url":"https:\/\/genclercanta.com\/wp-content\/uploads\/2020\/10\/44004400-1.jpg?v=1612984549","contentUrl":"https:\/\/genclercanta.com\/wp-content\/uploads\/2020\/10\/44004400-1.jpg?v=1612984549","width":1000,"height":1200},{"@type":"BreadcrumbList","@id":"https:\/\/genclercanta.com\/de\/urunler\/unz-kirmizi-sirt-cantasi\/#breadcrumb","itemListElement":[{"@type":"ListItem","position":1,"name":"Ana sayfa","item":"https:\/\/genclercanta.com\/de\/startseite\/"},{"@type":"ListItem","position":2,"name":"Shop","item":"https:\/\/genclercanta.com\/de\/shop\/"},{"@type":"ListItem","position":3,"name":"UNZ KIRMIZI SIRT \u00c7ANTASI"}]},{"@type":"WebSite","@id":"https:\/\/genclercanta.com\/de\/#website","url":"https:\/\/genclercanta.com\/de\/","name":"Promosyon \u00c7anta imalat\u0131, \u00dcretimi, \u00c7anta imalat\u00e7\u0131s\u0131 \u00dcreticisi istanbul","description":"T\u00fcrkiyenin Toptan, Promosyon \u00c7anta \u0130malat\u00e7\u0131s\u0131","publisher":{"@id":"https:\/\/genclercanta.com\/de\/#organization"},"alternateName":"Gen\u00e7ler \u00c7anta","potentialAction":[{"@type":"SearchAction","target":{"@type":"EntryPoint","urlTemplate":"https:\/\/genclercanta.com\/de\/?s={search_term_string}"},"query-input":{"@type":"PropertyValueSpecification","valueRequired":true,"valueName":"search_term_string"}}],"inLanguage":"de"},{"@type":"Organization","@id":"https:\/\/genclercanta.com\/de\/#organization","name":"Promosyon \u00c7anta imalat\u0131, \u00dcretimi, \u00c7anta imalat\u00e7\u0131s\u0131 \u00dcreticisi istanbul","alternateName":"Gen\u00e7ler \u00c7anta","url":"https:\/\/genclercanta.com\/de\/","logo":{"@type":"ImageObject","inLanguage":"de","@id":"https:\/\/genclercanta.com\/de\/#\/schema\/logo\/image\/","url":"https:\/\/genclercanta.com\/wp-content\/uploads\/2020\/10\/gencler-canta-logo.jpg","contentUrl":"https:\/\/genclercanta.com\/wp-content\/uploads\/2020\/10\/gencler-canta-logo.jpg","width":600,"height":133,"caption":"Promosyon \u00c7anta imalat\u0131, \u00dcretimi, \u00c7anta imalat\u00e7\u0131s\u0131 \u00dcreticisi istanbul"},"image":{"@id":"https:\/\/genclercanta.com\/de\/#\/schema\/logo\/image\/"},"sameAs":["https:\/\/www.facebook.com\/GenclerCantacom\/","https:\/\/www.instagram.com\/genclercanta\/"]}]}},"_links":{"self":[{"href":"https:\/\/genclercanta.com\/de\/wp-json\/wp\/v2\/product\/8323","targetHints":{"allow":["GET"]}}],"collection":[{"href":"https:\/\/genclercanta.com\/de\/wp-json\/wp\/v2\/product"}],"about":[{"href":"https:\/\/genclercanta.com\/de\/wp-json\/wp\/v2\/types\/product"}],"replies":[{"embeddable":true,"href":"https:\/\/genclercanta.com\/de\/wp-json\/wp\/v2\/comments?post=8323"}],"wp:featuredmedia":[{"embeddable":true,"href":"https:\/\/genclercanta.com\/de\/wp-json\/wp\/v2\/media\/8507"}],"wp:attachment":[{"href":"https:\/\/genclercanta.com\/de\/wp-json\/wp\/v2\/media?parent=8323"}],"wp:term":[{"taxonomy":"product_brand","embeddable":true,"href":"https:\/\/genclercanta.com\/de\/wp-json\/wp\/v2\/product_brand?post=8323"},{"taxonomy":"product_cat","embeddable":true,"href":"https:\/\/genclercanta.com\/de\/wp-json\/wp\/v2\/product_cat?post=8323"},{"taxonomy":"product_tag","embeddable":true,"href":"https:\/\/genclercanta.com\/de\/wp-json\/wp\/v2\/product_tag?post=8323"}],"curies":[{"name":"wp","href":"https:\/\/api.w.org\/{rel}","templated":true}]}}