{"id":8465,"date":"2020-10-20T21:45:13","date_gmt":"2020-10-20T21:45:13","guid":{"rendered":"http:\/\/genclercanta.com\/urunler\/kategorilenmemis\/import-placeholder-for-5232\/"},"modified":"2020-10-20T21:50:08","modified_gmt":"2020-10-20T21:50:08","slug":"sevimli-tilki-outdoor-sirt-cantasi","status":"publish","type":"product","link":"https:\/\/genclercanta.com\/de\/urunler\/sevimli-tilki-outdoor-sirt-cantasi\/","title":{"rendered":"SEV\u0130ML\u0130 T\u0130LK\u0130 OUTDOOR SIRT \u00c7ANTASI"},"content":{"rendered":"<p>Outdoor S\u0131rt \u00c7antas\u0131<\/p>\n<p>&nbsp;<\/p>\n<p>Fudela, s\u0131rt \u00e7antalar\u0131n\u0131n sadece e\u015fyalar\u0131m\u0131z\u0131 ta\u015f\u0131mak i\u00e7in tasarlanm\u0131\u015f bir ara\u00e7 oldu\u011fu d\u00fc\u015f\u00fcncesini de\u011fi\u015ftirmek i\u00e7in yola \u00e7\u0131karak sizlere \u015f\u0131k, modern ve g\u00f6z al\u0131c\u0131 tasar\u0131mlar sunuyor. Pratik ve kullan\u0131\u015fl\u0131 olmas\u0131n\u0131n yan\u0131 s\u0131ra Fudela, sana ki\u015fili\u011fini yans\u0131tman i\u00e7in bir f\u0131rsat veriyor. Haydi, sen de kendini bir Fudala\u2019yla tan\u0131t D\u00fcnya\u2019ya!<\/p>\n<p>\u00d6zellikler:<\/p>\n<p>\u2013 Dayan\u0131kl\u0131 Premium Polyester Kuma\u015f<\/p>\n<p>\u2013 Dolgulu ve Ayarlanabilir Arka Kay\u0131\u015flar<\/p>\n<p>\u2013 Ek S\u0131rt Dolgusu<\/p>\n<p>\u2013 Geni\u015f \u00d6n Cep<\/p>\n<p>\u2013 Tutma Kulpu<\/p>\n<p>Boyutlar \u2013 15 x 32 x 41 cm<\/p>\n<p>\u0130\u00e7 Hacim &#8211;\u00a0\u00a0 12 L<\/p>\n","protected":false},"excerpt":{"rendered":"<p>SEV\u0130ML\u0130 T\u0130LK\u0130 OUTDOOR SIRT \u00c7ANTASI<\/p>\n","protected":false},"featured_media":8651,"comment_status":"closed","ping_status":"closed","template":"","meta":[],"product_brand":[],"product_cat":[156],"product_tag":[138,139,140,141,142,143,144,145,146,97],"class_list":{"0":"post-8465","1":"product","2":"type-product","3":"status-publish","4":"has-post-thumbnail","6":"product_cat-outdoor-sirt-cantasi","7":"product_tag-backpack","8":"product_tag-bag","9":"product_tag-canta","10":"product_tag-fudela","11":"product_tag-fudela-backpack","12":"product_tag-fudela-sirt-cantasi","13":"product_tag-okul-cantasi","14":"product_tag-polyester-canta","15":"product_tag-school-bags","16":"product_tag-sirt-cantasi","18":"first","19":"instock","20":"shipping-taxable","21":"purchasable","22":"product-type-simple"},"yoast_head":"<!-- This site is optimized with the Yoast SEO plugin v26.3 - https:\/\/yoast.com\/wordpress\/plugins\/seo\/ -->\n<title>SEV\u0130ML\u0130 T\u0130LK\u0130 OUTDOOR SIRT \u00c7ANTASI - Promosyon \u00c7anta imalat\u0131, \u00dcretimi, \u00c7anta imalat\u00e7\u0131s\u0131 \u00dcreticisi istanbul<\/title>\n<meta name=\"description\" content=\"SEV\u0130ML\u0130 T\u0130LK\u0130 OUTDOOR SIRT \u00c7ANTASI\" \/>\n<meta name=\"robots\" content=\"index, follow, max-snippet:-1, max-image-preview:large, max-video-preview:-1\" \/>\n<link rel=\"canonical\" href=\"https:\/\/genclercanta.com\/de\/urunler\/sevimli-tilki-outdoor-sirt-cantasi\/\" \/>\n<meta property=\"og:locale\" content=\"de_DE\" \/>\n<meta property=\"og:type\" content=\"article\" \/>\n<meta property=\"og:title\" content=\"SEV\u0130ML\u0130 T\u0130LK\u0130 OUTDOOR SIRT \u00c7ANTASI - Promosyon \u00c7anta imalat\u0131, \u00dcretimi, \u00c7anta imalat\u00e7\u0131s\u0131 \u00dcreticisi istanbul\" \/>\n<meta property=\"og:description\" content=\"SEV\u0130ML\u0130 T\u0130LK\u0130 OUTDOOR SIRT \u00c7ANTASI\" \/>\n<meta property=\"og:url\" content=\"https:\/\/genclercanta.com\/de\/urunler\/sevimli-tilki-outdoor-sirt-cantasi\/\" \/>\n<meta property=\"og:site_name\" content=\"Promosyon \u00c7anta imalat\u0131, \u00dcretimi, \u00c7anta imalat\u00e7\u0131s\u0131 \u00dcreticisi istanbul\" \/>\n<meta property=\"article:publisher\" content=\"https:\/\/www.facebook.com\/GenclerCantacom\/\" \/>\n<meta property=\"article:modified_time\" content=\"2020-10-20T21:50:08+00:00\" \/>\n<meta property=\"og:image\" content=\"https:\/\/genclercanta.com\/wp-content\/uploads\/2020\/10\/12121212-1.jpg?v=1612984964\" \/>\n\t<meta property=\"og:image:width\" content=\"1000\" \/>\n\t<meta property=\"og:image:height\" content=\"1200\" \/>\n\t<meta property=\"og:image:type\" content=\"image\/jpeg\" \/>\n<meta name=\"twitter:label1\" content=\"Gesch\u00e4tzte Lesezeit\" \/>\n\t<meta name=\"twitter:data1\" content=\"1\u00a0Minute\" \/>\n<script type=\"application\/ld+json\" class=\"yoast-schema-graph\">{\"@context\":\"https:\/\/schema.org\",\"@graph\":[{\"@type\":\"WebPage\",\"@id\":\"https:\/\/genclercanta.com\/de\/urunler\/sevimli-tilki-outdoor-sirt-cantasi\/\",\"url\":\"https:\/\/genclercanta.com\/de\/urunler\/sevimli-tilki-outdoor-sirt-cantasi\/\",\"name\":\"SEV\u0130ML\u0130 T\u0130LK\u0130 OUTDOOR SIRT \u00c7ANTASI - Promosyon \u00c7anta imalat\u0131, \u00dcretimi, \u00c7anta imalat\u00e7\u0131s\u0131 \u00dcreticisi istanbul\",\"isPartOf\":{\"@id\":\"https:\/\/genclercanta.com\/de\/#website\"},\"primaryImageOfPage\":{\"@id\":\"https:\/\/genclercanta.com\/de\/urunler\/sevimli-tilki-outdoor-sirt-cantasi\/#primaryimage\"},\"image\":{\"@id\":\"https:\/\/genclercanta.com\/de\/urunler\/sevimli-tilki-outdoor-sirt-cantasi\/#primaryimage\"},\"thumbnailUrl\":\"https:\/\/genclercanta.com\/wp-content\/uploads\/2020\/10\/12121212-1.jpg?v=1612984964\",\"datePublished\":\"2020-10-20T21:45:13+00:00\",\"dateModified\":\"2020-10-20T21:50:08+00:00\",\"description\":\"SEV\u0130ML\u0130 T\u0130LK\u0130 OUTDOOR SIRT \u00c7ANTASI\",\"breadcrumb\":{\"@id\":\"https:\/\/genclercanta.com\/de\/urunler\/sevimli-tilki-outdoor-sirt-cantasi\/#breadcrumb\"},\"inLanguage\":\"de\",\"potentialAction\":[{\"@type\":\"ReadAction\",\"target\":[\"https:\/\/genclercanta.com\/de\/urunler\/sevimli-tilki-outdoor-sirt-cantasi\/\"]}]},{\"@type\":\"ImageObject\",\"inLanguage\":\"de\",\"@id\":\"https:\/\/genclercanta.com\/de\/urunler\/sevimli-tilki-outdoor-sirt-cantasi\/#primaryimage\",\"url\":\"https:\/\/genclercanta.com\/wp-content\/uploads\/2020\/10\/12121212-1.jpg?v=1612984964\",\"contentUrl\":\"https:\/\/genclercanta.com\/wp-content\/uploads\/2020\/10\/12121212-1.jpg?v=1612984964\",\"width\":1000,\"height\":1200},{\"@type\":\"BreadcrumbList\",\"@id\":\"https:\/\/genclercanta.com\/de\/urunler\/sevimli-tilki-outdoor-sirt-cantasi\/#breadcrumb\",\"itemListElement\":[{\"@type\":\"ListItem\",\"position\":1,\"name\":\"Ana sayfa\",\"item\":\"https:\/\/genclercanta.com\/de\/startseite\/\"},{\"@type\":\"ListItem\",\"position\":2,\"name\":\"Shop\",\"item\":\"https:\/\/genclercanta.com\/de\/shop\/\"},{\"@type\":\"ListItem\",\"position\":3,\"name\":\"SEV\u0130ML\u0130 T\u0130LK\u0130 OUTDOOR SIRT \u00c7ANTASI\"}]},{\"@type\":\"WebSite\",\"@id\":\"https:\/\/genclercanta.com\/de\/#website\",\"url\":\"https:\/\/genclercanta.com\/de\/\",\"name\":\"Promosyon \u00c7anta imalat\u0131, \u00dcretimi, \u00c7anta imalat\u00e7\u0131s\u0131 \u00dcreticisi istanbul\",\"description\":\"T\u00fcrkiyenin Toptan, Promosyon \u00c7anta \u0130malat\u00e7\u0131s\u0131\",\"publisher\":{\"@id\":\"https:\/\/genclercanta.com\/de\/#organization\"},\"alternateName\":\"Gen\u00e7ler \u00c7anta\",\"potentialAction\":[{\"@type\":\"SearchAction\",\"target\":{\"@type\":\"EntryPoint\",\"urlTemplate\":\"https:\/\/genclercanta.com\/de\/?s={search_term_string}\"},\"query-input\":{\"@type\":\"PropertyValueSpecification\",\"valueRequired\":true,\"valueName\":\"search_term_string\"}}],\"inLanguage\":\"de\"},{\"@type\":\"Organization\",\"@id\":\"https:\/\/genclercanta.com\/de\/#organization\",\"name\":\"Promosyon \u00c7anta imalat\u0131, \u00dcretimi, \u00c7anta imalat\u00e7\u0131s\u0131 \u00dcreticisi istanbul\",\"alternateName\":\"Gen\u00e7ler \u00c7anta\",\"url\":\"https:\/\/genclercanta.com\/de\/\",\"logo\":{\"@type\":\"ImageObject\",\"inLanguage\":\"de\",\"@id\":\"https:\/\/genclercanta.com\/de\/#\/schema\/logo\/image\/\",\"url\":\"https:\/\/genclercanta.com\/wp-content\/uploads\/2020\/10\/gencler-canta-logo.jpg\",\"contentUrl\":\"https:\/\/genclercanta.com\/wp-content\/uploads\/2020\/10\/gencler-canta-logo.jpg\",\"width\":600,\"height\":133,\"caption\":\"Promosyon \u00c7anta imalat\u0131, \u00dcretimi, \u00c7anta imalat\u00e7\u0131s\u0131 \u00dcreticisi istanbul\"},\"image\":{\"@id\":\"https:\/\/genclercanta.com\/de\/#\/schema\/logo\/image\/\"},\"sameAs\":[\"https:\/\/www.facebook.com\/GenclerCantacom\/\",\"https:\/\/www.instagram.com\/genclercanta\/\"]}]}<\/script>\n<!-- \/ Yoast SEO plugin. -->","yoast_head_json":{"title":"SEV\u0130ML\u0130 T\u0130LK\u0130 OUTDOOR SIRT \u00c7ANTASI - Promosyon \u00c7anta imalat\u0131, \u00dcretimi, \u00c7anta imalat\u00e7\u0131s\u0131 \u00dcreticisi istanbul","description":"SEV\u0130ML\u0130 T\u0130LK\u0130 OUTDOOR SIRT \u00c7ANTASI","robots":{"index":"index","follow":"follow","max-snippet":"max-snippet:-1","max-image-preview":"max-image-preview:large","max-video-preview":"max-video-preview:-1"},"canonical":"https:\/\/genclercanta.com\/de\/urunler\/sevimli-tilki-outdoor-sirt-cantasi\/","og_locale":"de_DE","og_type":"article","og_title":"SEV\u0130ML\u0130 T\u0130LK\u0130 OUTDOOR SIRT \u00c7ANTASI - Promosyon \u00c7anta imalat\u0131, \u00dcretimi, \u00c7anta imalat\u00e7\u0131s\u0131 \u00dcreticisi istanbul","og_description":"SEV\u0130ML\u0130 T\u0130LK\u0130 OUTDOOR SIRT \u00c7ANTASI","og_url":"https:\/\/genclercanta.com\/de\/urunler\/sevimli-tilki-outdoor-sirt-cantasi\/","og_site_name":"Promosyon \u00c7anta imalat\u0131, \u00dcretimi, \u00c7anta imalat\u00e7\u0131s\u0131 \u00dcreticisi istanbul","article_publisher":"https:\/\/www.facebook.com\/GenclerCantacom\/","article_modified_time":"2020-10-20T21:50:08+00:00","og_image":[{"width":1000,"height":1200,"url":"https:\/\/genclercanta.com\/wp-content\/uploads\/2020\/10\/12121212-1.jpg?v=1612984964","type":"image\/jpeg"}],"twitter_misc":{"Gesch\u00e4tzte Lesezeit":"1\u00a0Minute"},"schema":{"@context":"https:\/\/schema.org","@graph":[{"@type":"WebPage","@id":"https:\/\/genclercanta.com\/de\/urunler\/sevimli-tilki-outdoor-sirt-cantasi\/","url":"https:\/\/genclercanta.com\/de\/urunler\/sevimli-tilki-outdoor-sirt-cantasi\/","name":"SEV\u0130ML\u0130 T\u0130LK\u0130 OUTDOOR SIRT \u00c7ANTASI - Promosyon \u00c7anta imalat\u0131, \u00dcretimi, \u00c7anta imalat\u00e7\u0131s\u0131 \u00dcreticisi istanbul","isPartOf":{"@id":"https:\/\/genclercanta.com\/de\/#website"},"primaryImageOfPage":{"@id":"https:\/\/genclercanta.com\/de\/urunler\/sevimli-tilki-outdoor-sirt-cantasi\/#primaryimage"},"image":{"@id":"https:\/\/genclercanta.com\/de\/urunler\/sevimli-tilki-outdoor-sirt-cantasi\/#primaryimage"},"thumbnailUrl":"https:\/\/genclercanta.com\/wp-content\/uploads\/2020\/10\/12121212-1.jpg?v=1612984964","datePublished":"2020-10-20T21:45:13+00:00","dateModified":"2020-10-20T21:50:08+00:00","description":"SEV\u0130ML\u0130 T\u0130LK\u0130 OUTDOOR SIRT \u00c7ANTASI","breadcrumb":{"@id":"https:\/\/genclercanta.com\/de\/urunler\/sevimli-tilki-outdoor-sirt-cantasi\/#breadcrumb"},"inLanguage":"de","potentialAction":[{"@type":"ReadAction","target":["https:\/\/genclercanta.com\/de\/urunler\/sevimli-tilki-outdoor-sirt-cantasi\/"]}]},{"@type":"ImageObject","inLanguage":"de","@id":"https:\/\/genclercanta.com\/de\/urunler\/sevimli-tilki-outdoor-sirt-cantasi\/#primaryimage","url":"https:\/\/genclercanta.com\/wp-content\/uploads\/2020\/10\/12121212-1.jpg?v=1612984964","contentUrl":"https:\/\/genclercanta.com\/wp-content\/uploads\/2020\/10\/12121212-1.jpg?v=1612984964","width":1000,"height":1200},{"@type":"BreadcrumbList","@id":"https:\/\/genclercanta.com\/de\/urunler\/sevimli-tilki-outdoor-sirt-cantasi\/#breadcrumb","itemListElement":[{"@type":"ListItem","position":1,"name":"Ana sayfa","item":"https:\/\/genclercanta.com\/de\/startseite\/"},{"@type":"ListItem","position":2,"name":"Shop","item":"https:\/\/genclercanta.com\/de\/shop\/"},{"@type":"ListItem","position":3,"name":"SEV\u0130ML\u0130 T\u0130LK\u0130 OUTDOOR SIRT \u00c7ANTASI"}]},{"@type":"WebSite","@id":"https:\/\/genclercanta.com\/de\/#website","url":"https:\/\/genclercanta.com\/de\/","name":"Promosyon \u00c7anta imalat\u0131, \u00dcretimi, \u00c7anta imalat\u00e7\u0131s\u0131 \u00dcreticisi istanbul","description":"T\u00fcrkiyenin Toptan, Promosyon \u00c7anta \u0130malat\u00e7\u0131s\u0131","publisher":{"@id":"https:\/\/genclercanta.com\/de\/#organization"},"alternateName":"Gen\u00e7ler \u00c7anta","potentialAction":[{"@type":"SearchAction","target":{"@type":"EntryPoint","urlTemplate":"https:\/\/genclercanta.com\/de\/?s={search_term_string}"},"query-input":{"@type":"PropertyValueSpecification","valueRequired":true,"valueName":"search_term_string"}}],"inLanguage":"de"},{"@type":"Organization","@id":"https:\/\/genclercanta.com\/de\/#organization","name":"Promosyon \u00c7anta imalat\u0131, \u00dcretimi, \u00c7anta imalat\u00e7\u0131s\u0131 \u00dcreticisi istanbul","alternateName":"Gen\u00e7ler \u00c7anta","url":"https:\/\/genclercanta.com\/de\/","logo":{"@type":"ImageObject","inLanguage":"de","@id":"https:\/\/genclercanta.com\/de\/#\/schema\/logo\/image\/","url":"https:\/\/genclercanta.com\/wp-content\/uploads\/2020\/10\/gencler-canta-logo.jpg","contentUrl":"https:\/\/genclercanta.com\/wp-content\/uploads\/2020\/10\/gencler-canta-logo.jpg","width":600,"height":133,"caption":"Promosyon \u00c7anta imalat\u0131, \u00dcretimi, \u00c7anta imalat\u00e7\u0131s\u0131 \u00dcreticisi istanbul"},"image":{"@id":"https:\/\/genclercanta.com\/de\/#\/schema\/logo\/image\/"},"sameAs":["https:\/\/www.facebook.com\/GenclerCantacom\/","https:\/\/www.instagram.com\/genclercanta\/"]}]}},"_links":{"self":[{"href":"https:\/\/genclercanta.com\/de\/wp-json\/wp\/v2\/product\/8465","targetHints":{"allow":["GET"]}}],"collection":[{"href":"https:\/\/genclercanta.com\/de\/wp-json\/wp\/v2\/product"}],"about":[{"href":"https:\/\/genclercanta.com\/de\/wp-json\/wp\/v2\/types\/product"}],"replies":[{"embeddable":true,"href":"https:\/\/genclercanta.com\/de\/wp-json\/wp\/v2\/comments?post=8465"}],"wp:featuredmedia":[{"embeddable":true,"href":"https:\/\/genclercanta.com\/de\/wp-json\/wp\/v2\/media\/8651"}],"wp:attachment":[{"href":"https:\/\/genclercanta.com\/de\/wp-json\/wp\/v2\/media?parent=8465"}],"wp:term":[{"taxonomy":"product_brand","embeddable":true,"href":"https:\/\/genclercanta.com\/de\/wp-json\/wp\/v2\/product_brand?post=8465"},{"taxonomy":"product_cat","embeddable":true,"href":"https:\/\/genclercanta.com\/de\/wp-json\/wp\/v2\/product_cat?post=8465"},{"taxonomy":"product_tag","embeddable":true,"href":"https:\/\/genclercanta.com\/de\/wp-json\/wp\/v2\/product_tag?post=8465"}],"curies":[{"name":"wp","href":"https:\/\/api.w.org\/{rel}","templated":true}]}}