{"id":121804,"date":"2025-08-13T13:26:30","date_gmt":"2025-08-13T13:26:30","guid":{"rendered":"https:\/\/genclercanta.com\/urunler\/makyaj-ve-kozmetik-cantasi-gncm-703\/"},"modified":"2025-08-21T16:31:34","modified_gmt":"2025-08-21T16:31:34","slug":"makyaj-ve-kozmetik-cantasi-gncm-703","status":"publish","type":"product","link":"https:\/\/genclercanta.com\/en\/urunler\/makyaj-ve-kozmetik-cantasi-gncm-703\/","title":{"rendered":"MAKEUP AND COSMETIC BAG GNCM 703"},"content":{"rendered":"<p>Code: GNCM 703<br \/>\nName: Makeup and Cosmetic Bag<br \/>\nMaterial: Velvet<br \/>\nDimensions: 18&#215;23 cm<br \/>\nPackage Size: 50x40x40 cm<br \/>\nPackage Quantity: &#8211; pieces<br \/>\nWeight: &#8211; gr<\/p>\n","protected":false},"excerpt":{"rendered":"<p>MAKEUP AND COSMETICS BAG GNCM 703<\/p>\n","protected":false},"featured_media":121697,"comment_status":"open","ping_status":"closed","template":"","meta":[],"product_brand":[],"product_cat":[318],"product_tag":[312,313,317,316,315,314,319],"class_list":{"0":"post-121804","1":"product","2":"type-product","3":"status-publish","4":"has-post-thumbnail","6":"product_cat-makeup-bag","7":"product_tag-makeup-and-cosmetics","8":"product_tag-makeup-bag","9":"product_tag-makyajcantaimalat-en","10":"product_tag-makyajcantauretim-en","11":"product_tag-makyajpromosyoncanta-en","12":"product_tag-makyajvekozmatikcantatoptan-en","13":"product_tag-makyajvekozmetikcantasi-en","15":"first","16":"instock","17":"shipping-taxable","18":"product-type-simple"},"yoast_head":"<!-- This site is optimized with the Yoast SEO plugin v26.3 - https:\/\/yoast.com\/wordpress\/plugins\/seo\/ -->\n<title>MAKEUP AND COSMETIC BAG GNCM 703 - Promosyon \u00c7anta imalat\u0131, \u00dcretimi, \u00c7anta imalat\u00e7\u0131s\u0131 \u00dcreticisi istanbul<\/title>\n<meta name=\"description\" content=\"MAKEUP AND COSMETIC BAG GNCM 703\" \/>\n<meta name=\"robots\" content=\"index, follow, max-snippet:-1, max-image-preview:large, max-video-preview:-1\" \/>\n<link rel=\"canonical\" href=\"https:\/\/genclercanta.com\/en\/urunler\/makyaj-ve-kozmetik-cantasi-gncm-703\/\" \/>\n<meta property=\"og:locale\" content=\"en_US\" \/>\n<meta property=\"og:type\" content=\"article\" \/>\n<meta property=\"og:title\" content=\"MAKEUP AND COSMETIC BAG GNCM 703 - Promosyon \u00c7anta imalat\u0131, \u00dcretimi, \u00c7anta imalat\u00e7\u0131s\u0131 \u00dcreticisi istanbul\" \/>\n<meta property=\"og:description\" content=\"MAKEUP AND COSMETIC BAG GNCM 703\" \/>\n<meta property=\"og:url\" content=\"https:\/\/genclercanta.com\/en\/urunler\/makyaj-ve-kozmetik-cantasi-gncm-703\/\" \/>\n<meta property=\"og:site_name\" content=\"Promosyon \u00c7anta imalat\u0131, \u00dcretimi, \u00c7anta imalat\u00e7\u0131s\u0131 \u00dcreticisi istanbul\" \/>\n<meta property=\"article:publisher\" content=\"https:\/\/www.facebook.com\/GenclerCantacom\/\" \/>\n<meta property=\"article:modified_time\" content=\"2025-08-21T16:31:34+00:00\" \/>\n<meta property=\"og:image\" content=\"https:\/\/genclercanta.com\/wp-content\/uploads\/2025\/08\/KREA5714.jpg\" \/>\n\t<meta property=\"og:image:width\" content=\"400\" \/>\n\t<meta property=\"og:image:height\" content=\"300\" \/>\n\t<meta property=\"og:image:type\" content=\"image\/jpeg\" \/>\n<script type=\"application\/ld+json\" class=\"yoast-schema-graph\">{\"@context\":\"https:\/\/schema.org\",\"@graph\":[{\"@type\":\"WebPage\",\"@id\":\"https:\/\/genclercanta.com\/en\/urunler\/makyaj-ve-kozmetik-cantasi-gncm-703\/\",\"url\":\"https:\/\/genclercanta.com\/en\/urunler\/makyaj-ve-kozmetik-cantasi-gncm-703\/\",\"name\":\"MAKEUP AND COSMETIC BAG GNCM 703 - Promosyon \u00c7anta imalat\u0131, \u00dcretimi, \u00c7anta imalat\u00e7\u0131s\u0131 \u00dcreticisi istanbul\",\"isPartOf\":{\"@id\":\"https:\/\/genclercanta.com\/en\/#website\"},\"primaryImageOfPage\":{\"@id\":\"https:\/\/genclercanta.com\/en\/urunler\/makyaj-ve-kozmetik-cantasi-gncm-703\/#primaryimage\"},\"image\":{\"@id\":\"https:\/\/genclercanta.com\/en\/urunler\/makyaj-ve-kozmetik-cantasi-gncm-703\/#primaryimage\"},\"thumbnailUrl\":\"https:\/\/genclercanta.com\/wp-content\/uploads\/2025\/08\/KREA5714.jpg\",\"datePublished\":\"2025-08-13T13:26:30+00:00\",\"dateModified\":\"2025-08-21T16:31:34+00:00\",\"description\":\"MAKEUP AND COSMETIC BAG GNCM 703\",\"breadcrumb\":{\"@id\":\"https:\/\/genclercanta.com\/en\/urunler\/makyaj-ve-kozmetik-cantasi-gncm-703\/#breadcrumb\"},\"inLanguage\":\"en-US\",\"potentialAction\":[{\"@type\":\"ReadAction\",\"target\":[\"https:\/\/genclercanta.com\/en\/urunler\/makyaj-ve-kozmetik-cantasi-gncm-703\/\"]}]},{\"@type\":\"ImageObject\",\"inLanguage\":\"en-US\",\"@id\":\"https:\/\/genclercanta.com\/en\/urunler\/makyaj-ve-kozmetik-cantasi-gncm-703\/#primaryimage\",\"url\":\"https:\/\/genclercanta.com\/wp-content\/uploads\/2025\/08\/KREA5714.jpg\",\"contentUrl\":\"https:\/\/genclercanta.com\/wp-content\/uploads\/2025\/08\/KREA5714.jpg\",\"width\":400,\"height\":300},{\"@type\":\"BreadcrumbList\",\"@id\":\"https:\/\/genclercanta.com\/en\/urunler\/makyaj-ve-kozmetik-cantasi-gncm-703\/#breadcrumb\",\"itemListElement\":[{\"@type\":\"ListItem\",\"position\":1,\"name\":\"Ana sayfa\",\"item\":\"https:\/\/genclercanta.com\/en\/homepage\/\"},{\"@type\":\"ListItem\",\"position\":2,\"name\":\"Shop\",\"item\":\"https:\/\/genclercanta.com\/en\/shop\/\"},{\"@type\":\"ListItem\",\"position\":3,\"name\":\"MAKEUP AND COSMETIC BAG GNCM 703\"}]},{\"@type\":\"WebSite\",\"@id\":\"https:\/\/genclercanta.com\/en\/#website\",\"url\":\"https:\/\/genclercanta.com\/en\/\",\"name\":\"Promosyon \u00c7anta imalat\u0131, \u00dcretimi, \u00c7anta imalat\u00e7\u0131s\u0131 \u00dcreticisi istanbul\",\"description\":\"T\u00fcrkiyenin Toptan, Promosyon \u00c7anta \u0130malat\u00e7\u0131s\u0131\",\"publisher\":{\"@id\":\"https:\/\/genclercanta.com\/en\/#organization\"},\"alternateName\":\"Gen\u00e7ler \u00c7anta\",\"potentialAction\":[{\"@type\":\"SearchAction\",\"target\":{\"@type\":\"EntryPoint\",\"urlTemplate\":\"https:\/\/genclercanta.com\/en\/?s={search_term_string}\"},\"query-input\":{\"@type\":\"PropertyValueSpecification\",\"valueRequired\":true,\"valueName\":\"search_term_string\"}}],\"inLanguage\":\"en-US\"},{\"@type\":\"Organization\",\"@id\":\"https:\/\/genclercanta.com\/en\/#organization\",\"name\":\"Promosyon \u00c7anta imalat\u0131, \u00dcretimi, \u00c7anta imalat\u00e7\u0131s\u0131 \u00dcreticisi istanbul\",\"alternateName\":\"Gen\u00e7ler \u00c7anta\",\"url\":\"https:\/\/genclercanta.com\/en\/\",\"logo\":{\"@type\":\"ImageObject\",\"inLanguage\":\"en-US\",\"@id\":\"https:\/\/genclercanta.com\/en\/#\/schema\/logo\/image\/\",\"url\":\"https:\/\/genclercanta.com\/wp-content\/uploads\/2020\/10\/gencler-canta-logo.jpg\",\"contentUrl\":\"https:\/\/genclercanta.com\/wp-content\/uploads\/2020\/10\/gencler-canta-logo.jpg\",\"width\":600,\"height\":133,\"caption\":\"Promosyon \u00c7anta imalat\u0131, \u00dcretimi, \u00c7anta imalat\u00e7\u0131s\u0131 \u00dcreticisi istanbul\"},\"image\":{\"@id\":\"https:\/\/genclercanta.com\/en\/#\/schema\/logo\/image\/\"},\"sameAs\":[\"https:\/\/www.facebook.com\/GenclerCantacom\/\",\"https:\/\/www.instagram.com\/genclercanta\/\"]}]}<\/script>\n<!-- \/ Yoast SEO plugin. -->","yoast_head_json":{"title":"MAKEUP AND COSMETIC BAG GNCM 703 - Promosyon \u00c7anta imalat\u0131, \u00dcretimi, \u00c7anta imalat\u00e7\u0131s\u0131 \u00dcreticisi istanbul","description":"MAKEUP AND COSMETIC BAG GNCM 703","robots":{"index":"index","follow":"follow","max-snippet":"max-snippet:-1","max-image-preview":"max-image-preview:large","max-video-preview":"max-video-preview:-1"},"canonical":"https:\/\/genclercanta.com\/en\/urunler\/makyaj-ve-kozmetik-cantasi-gncm-703\/","og_locale":"en_US","og_type":"article","og_title":"MAKEUP AND COSMETIC BAG GNCM 703 - Promosyon \u00c7anta imalat\u0131, \u00dcretimi, \u00c7anta imalat\u00e7\u0131s\u0131 \u00dcreticisi istanbul","og_description":"MAKEUP AND COSMETIC BAG GNCM 703","og_url":"https:\/\/genclercanta.com\/en\/urunler\/makyaj-ve-kozmetik-cantasi-gncm-703\/","og_site_name":"Promosyon \u00c7anta imalat\u0131, \u00dcretimi, \u00c7anta imalat\u00e7\u0131s\u0131 \u00dcreticisi istanbul","article_publisher":"https:\/\/www.facebook.com\/GenclerCantacom\/","article_modified_time":"2025-08-21T16:31:34+00:00","og_image":[{"width":400,"height":300,"url":"https:\/\/genclercanta.com\/wp-content\/uploads\/2025\/08\/KREA5714.jpg","type":"image\/jpeg"}],"schema":{"@context":"https:\/\/schema.org","@graph":[{"@type":"WebPage","@id":"https:\/\/genclercanta.com\/en\/urunler\/makyaj-ve-kozmetik-cantasi-gncm-703\/","url":"https:\/\/genclercanta.com\/en\/urunler\/makyaj-ve-kozmetik-cantasi-gncm-703\/","name":"MAKEUP AND COSMETIC BAG GNCM 703 - Promosyon \u00c7anta imalat\u0131, \u00dcretimi, \u00c7anta imalat\u00e7\u0131s\u0131 \u00dcreticisi istanbul","isPartOf":{"@id":"https:\/\/genclercanta.com\/en\/#website"},"primaryImageOfPage":{"@id":"https:\/\/genclercanta.com\/en\/urunler\/makyaj-ve-kozmetik-cantasi-gncm-703\/#primaryimage"},"image":{"@id":"https:\/\/genclercanta.com\/en\/urunler\/makyaj-ve-kozmetik-cantasi-gncm-703\/#primaryimage"},"thumbnailUrl":"https:\/\/genclercanta.com\/wp-content\/uploads\/2025\/08\/KREA5714.jpg","datePublished":"2025-08-13T13:26:30+00:00","dateModified":"2025-08-21T16:31:34+00:00","description":"MAKEUP AND COSMETIC BAG GNCM 703","breadcrumb":{"@id":"https:\/\/genclercanta.com\/en\/urunler\/makyaj-ve-kozmetik-cantasi-gncm-703\/#breadcrumb"},"inLanguage":"en-US","potentialAction":[{"@type":"ReadAction","target":["https:\/\/genclercanta.com\/en\/urunler\/makyaj-ve-kozmetik-cantasi-gncm-703\/"]}]},{"@type":"ImageObject","inLanguage":"en-US","@id":"https:\/\/genclercanta.com\/en\/urunler\/makyaj-ve-kozmetik-cantasi-gncm-703\/#primaryimage","url":"https:\/\/genclercanta.com\/wp-content\/uploads\/2025\/08\/KREA5714.jpg","contentUrl":"https:\/\/genclercanta.com\/wp-content\/uploads\/2025\/08\/KREA5714.jpg","width":400,"height":300},{"@type":"BreadcrumbList","@id":"https:\/\/genclercanta.com\/en\/urunler\/makyaj-ve-kozmetik-cantasi-gncm-703\/#breadcrumb","itemListElement":[{"@type":"ListItem","position":1,"name":"Ana sayfa","item":"https:\/\/genclercanta.com\/en\/homepage\/"},{"@type":"ListItem","position":2,"name":"Shop","item":"https:\/\/genclercanta.com\/en\/shop\/"},{"@type":"ListItem","position":3,"name":"MAKEUP AND COSMETIC BAG GNCM 703"}]},{"@type":"WebSite","@id":"https:\/\/genclercanta.com\/en\/#website","url":"https:\/\/genclercanta.com\/en\/","name":"Promosyon \u00c7anta imalat\u0131, \u00dcretimi, \u00c7anta imalat\u00e7\u0131s\u0131 \u00dcreticisi istanbul","description":"T\u00fcrkiyenin Toptan, Promosyon \u00c7anta \u0130malat\u00e7\u0131s\u0131","publisher":{"@id":"https:\/\/genclercanta.com\/en\/#organization"},"alternateName":"Gen\u00e7ler \u00c7anta","potentialAction":[{"@type":"SearchAction","target":{"@type":"EntryPoint","urlTemplate":"https:\/\/genclercanta.com\/en\/?s={search_term_string}"},"query-input":{"@type":"PropertyValueSpecification","valueRequired":true,"valueName":"search_term_string"}}],"inLanguage":"en-US"},{"@type":"Organization","@id":"https:\/\/genclercanta.com\/en\/#organization","name":"Promosyon \u00c7anta imalat\u0131, \u00dcretimi, \u00c7anta imalat\u00e7\u0131s\u0131 \u00dcreticisi istanbul","alternateName":"Gen\u00e7ler \u00c7anta","url":"https:\/\/genclercanta.com\/en\/","logo":{"@type":"ImageObject","inLanguage":"en-US","@id":"https:\/\/genclercanta.com\/en\/#\/schema\/logo\/image\/","url":"https:\/\/genclercanta.com\/wp-content\/uploads\/2020\/10\/gencler-canta-logo.jpg","contentUrl":"https:\/\/genclercanta.com\/wp-content\/uploads\/2020\/10\/gencler-canta-logo.jpg","width":600,"height":133,"caption":"Promosyon \u00c7anta imalat\u0131, \u00dcretimi, \u00c7anta imalat\u00e7\u0131s\u0131 \u00dcreticisi istanbul"},"image":{"@id":"https:\/\/genclercanta.com\/en\/#\/schema\/logo\/image\/"},"sameAs":["https:\/\/www.facebook.com\/GenclerCantacom\/","https:\/\/www.instagram.com\/genclercanta\/"]}]}},"_links":{"self":[{"href":"https:\/\/genclercanta.com\/en\/wp-json\/wp\/v2\/product\/121804","targetHints":{"allow":["GET"]}}],"collection":[{"href":"https:\/\/genclercanta.com\/en\/wp-json\/wp\/v2\/product"}],"about":[{"href":"https:\/\/genclercanta.com\/en\/wp-json\/wp\/v2\/types\/product"}],"replies":[{"embeddable":true,"href":"https:\/\/genclercanta.com\/en\/wp-json\/wp\/v2\/comments?post=121804"}],"wp:featuredmedia":[{"embeddable":true,"href":"https:\/\/genclercanta.com\/en\/wp-json\/wp\/v2\/media\/121697"}],"wp:attachment":[{"href":"https:\/\/genclercanta.com\/en\/wp-json\/wp\/v2\/media?parent=121804"}],"wp:term":[{"taxonomy":"product_brand","embeddable":true,"href":"https:\/\/genclercanta.com\/en\/wp-json\/wp\/v2\/product_brand?post=121804"},{"taxonomy":"product_cat","embeddable":true,"href":"https:\/\/genclercanta.com\/en\/wp-json\/wp\/v2\/product_cat?post=121804"},{"taxonomy":"product_tag","embeddable":true,"href":"https:\/\/genclercanta.com\/en\/wp-json\/wp\/v2\/product_tag?post=121804"}],"curies":[{"name":"wp","href":"https:\/\/api.w.org\/{rel}","templated":true}]}}