{"id":124604,"date":"2020-11-05T09:05:11","date_gmt":"2020-11-05T09:05:11","guid":{"rendered":"https:\/\/genclercanta.com\/urunler\/document-and-laptop-bag-gnce-1001\/"},"modified":"2020-11-05T09:05:11","modified_gmt":"2020-11-05T09:05:11","slug":"document-and-laptop-bag-gnce-1001","status":"publish","type":"product","link":"https:\/\/genclercanta.com\/en\/urunler\/document-and-laptop-bag-gnce-1001\/","title":{"rendered":"DOCUMENT AND LAPTOP BAG GNCE 1001"},"content":{"rendered":"<p>Code: GNCE 1001<br \/>\nName: Laptop and briefcase<br \/>\nMaterial: Waterproof linen impertex phthalate-free fabric<br \/>\nDimensions: 30x40x4 cm<br \/>\nPackage Size: 50x40x40 cm<br \/>\nPackage Quantity: &#8211; pieces<\/p>\n","protected":false},"excerpt":{"rendered":"<p>DOCUMENT AND LAPTOP BAG GNCE 1001<\/p>\n","protected":false},"featured_media":78803,"comment_status":"open","ping_status":"closed","template":"","meta":[],"product_brand":[],"product_cat":[356],"product_tag":[812,814,813,809,810,816,811,815],"class_list":{"0":"post-124604","1":"product","2":"type-product","3":"status-publish","4":"has-post-thumbnail","6":"product_cat-document-bags","7":"product_tag-backpack-en","8":"product_tag-backpack-models","9":"product_tag-backpack-types","10":"product_tag-bag-manufacturing","11":"product_tag-bagproduction","12":"product_tag-briefcase","13":"product_tag-promotionalbag","14":"product_tag-wholesale-backpack","16":"first","17":"instock","18":"sold-individually","19":"shipping-taxable","20":"product-type-simple"},"yoast_head":"<!-- This site is optimized with the Yoast SEO plugin v26.3 - https:\/\/yoast.com\/wordpress\/plugins\/seo\/ -->\n<title>DOCUMENT AND LAPTOP BAG GNCE 1001 - Promosyon \u00c7anta imalat\u0131, \u00dcretimi, \u00c7anta imalat\u00e7\u0131s\u0131 \u00dcreticisi istanbul<\/title>\n<meta name=\"description\" content=\"DOCUMENT AND LAPTOP BAG GNCE 1001\" \/>\n<meta name=\"robots\" content=\"index, follow, max-snippet:-1, max-image-preview:large, max-video-preview:-1\" \/>\n<link rel=\"canonical\" href=\"https:\/\/genclercanta.com\/en\/urunler\/document-and-laptop-bag-gnce-1001\/\" \/>\n<meta property=\"og:locale\" content=\"en_US\" \/>\n<meta property=\"og:type\" content=\"article\" \/>\n<meta property=\"og:title\" content=\"DOCUMENT AND LAPTOP BAG GNCE 1001 - Promosyon \u00c7anta imalat\u0131, \u00dcretimi, \u00c7anta imalat\u00e7\u0131s\u0131 \u00dcreticisi istanbul\" \/>\n<meta property=\"og:description\" content=\"DOCUMENT AND LAPTOP BAG GNCE 1001\" \/>\n<meta property=\"og:url\" content=\"https:\/\/genclercanta.com\/en\/urunler\/document-and-laptop-bag-gnce-1001\/\" \/>\n<meta property=\"og:site_name\" content=\"Promosyon \u00c7anta imalat\u0131, \u00dcretimi, \u00c7anta imalat\u00e7\u0131s\u0131 \u00dcreticisi istanbul\" \/>\n<meta property=\"article:publisher\" content=\"https:\/\/www.facebook.com\/GenclerCantacom\/\" \/>\n<meta property=\"og:image\" content=\"https:\/\/genclercanta.com\/wp-content\/uploads\/2020\/11\/50n.jpg\" \/>\n\t<meta property=\"og:image:width\" content=\"800\" \/>\n\t<meta property=\"og:image:height\" content=\"600\" \/>\n\t<meta property=\"og:image:type\" content=\"image\/jpeg\" \/>\n<script type=\"application\/ld+json\" class=\"yoast-schema-graph\">{\"@context\":\"https:\/\/schema.org\",\"@graph\":[{\"@type\":\"WebPage\",\"@id\":\"https:\/\/genclercanta.com\/en\/urunler\/document-and-laptop-bag-gnce-1001\/\",\"url\":\"https:\/\/genclercanta.com\/en\/urunler\/document-and-laptop-bag-gnce-1001\/\",\"name\":\"DOCUMENT AND LAPTOP BAG GNCE 1001 - Promosyon \u00c7anta imalat\u0131, \u00dcretimi, \u00c7anta imalat\u00e7\u0131s\u0131 \u00dcreticisi istanbul\",\"isPartOf\":{\"@id\":\"https:\/\/genclercanta.com\/en\/#website\"},\"primaryImageOfPage\":{\"@id\":\"https:\/\/genclercanta.com\/en\/urunler\/document-and-laptop-bag-gnce-1001\/#primaryimage\"},\"image\":{\"@id\":\"https:\/\/genclercanta.com\/en\/urunler\/document-and-laptop-bag-gnce-1001\/#primaryimage\"},\"thumbnailUrl\":\"https:\/\/genclercanta.com\/wp-content\/uploads\/2020\/11\/50n.jpg\",\"datePublished\":\"2020-11-05T09:05:11+00:00\",\"description\":\"DOCUMENT AND LAPTOP BAG GNCE 1001\",\"breadcrumb\":{\"@id\":\"https:\/\/genclercanta.com\/en\/urunler\/document-and-laptop-bag-gnce-1001\/#breadcrumb\"},\"inLanguage\":\"en-US\",\"potentialAction\":[{\"@type\":\"ReadAction\",\"target\":[\"https:\/\/genclercanta.com\/en\/urunler\/document-and-laptop-bag-gnce-1001\/\"]}]},{\"@type\":\"ImageObject\",\"inLanguage\":\"en-US\",\"@id\":\"https:\/\/genclercanta.com\/en\/urunler\/document-and-laptop-bag-gnce-1001\/#primaryimage\",\"url\":\"https:\/\/genclercanta.com\/wp-content\/uploads\/2020\/11\/50n.jpg\",\"contentUrl\":\"https:\/\/genclercanta.com\/wp-content\/uploads\/2020\/11\/50n.jpg\",\"width\":800,\"height\":600},{\"@type\":\"BreadcrumbList\",\"@id\":\"https:\/\/genclercanta.com\/en\/urunler\/document-and-laptop-bag-gnce-1001\/#breadcrumb\",\"itemListElement\":[{\"@type\":\"ListItem\",\"position\":1,\"name\":\"Ana sayfa\",\"item\":\"https:\/\/genclercanta.com\/en\/homepage\/\"},{\"@type\":\"ListItem\",\"position\":2,\"name\":\"Shop\",\"item\":\"https:\/\/genclercanta.com\/en\/shop\/\"},{\"@type\":\"ListItem\",\"position\":3,\"name\":\"DOCUMENT AND LAPTOP BAG GNCE 1001\"}]},{\"@type\":\"WebSite\",\"@id\":\"https:\/\/genclercanta.com\/en\/#website\",\"url\":\"https:\/\/genclercanta.com\/en\/\",\"name\":\"Promosyon \u00c7anta imalat\u0131, \u00dcretimi, \u00c7anta imalat\u00e7\u0131s\u0131 \u00dcreticisi istanbul\",\"description\":\"T\u00fcrkiyenin Toptan, Promosyon \u00c7anta \u0130malat\u00e7\u0131s\u0131\",\"publisher\":{\"@id\":\"https:\/\/genclercanta.com\/en\/#organization\"},\"alternateName\":\"Gen\u00e7ler \u00c7anta\",\"potentialAction\":[{\"@type\":\"SearchAction\",\"target\":{\"@type\":\"EntryPoint\",\"urlTemplate\":\"https:\/\/genclercanta.com\/en\/?s={search_term_string}\"},\"query-input\":{\"@type\":\"PropertyValueSpecification\",\"valueRequired\":true,\"valueName\":\"search_term_string\"}}],\"inLanguage\":\"en-US\"},{\"@type\":\"Organization\",\"@id\":\"https:\/\/genclercanta.com\/en\/#organization\",\"name\":\"Promosyon \u00c7anta imalat\u0131, \u00dcretimi, \u00c7anta imalat\u00e7\u0131s\u0131 \u00dcreticisi istanbul\",\"alternateName\":\"Gen\u00e7ler \u00c7anta\",\"url\":\"https:\/\/genclercanta.com\/en\/\",\"logo\":{\"@type\":\"ImageObject\",\"inLanguage\":\"en-US\",\"@id\":\"https:\/\/genclercanta.com\/en\/#\/schema\/logo\/image\/\",\"url\":\"https:\/\/genclercanta.com\/wp-content\/uploads\/2020\/10\/gencler-canta-logo.jpg\",\"contentUrl\":\"https:\/\/genclercanta.com\/wp-content\/uploads\/2020\/10\/gencler-canta-logo.jpg\",\"width\":600,\"height\":133,\"caption\":\"Promosyon \u00c7anta imalat\u0131, \u00dcretimi, \u00c7anta imalat\u00e7\u0131s\u0131 \u00dcreticisi istanbul\"},\"image\":{\"@id\":\"https:\/\/genclercanta.com\/en\/#\/schema\/logo\/image\/\"},\"sameAs\":[\"https:\/\/www.facebook.com\/GenclerCantacom\/\",\"https:\/\/www.instagram.com\/genclercanta\/\"]}]}<\/script>\n<!-- \/ Yoast SEO plugin. -->","yoast_head_json":{"title":"DOCUMENT AND LAPTOP BAG GNCE 1001 - Promosyon \u00c7anta imalat\u0131, \u00dcretimi, \u00c7anta imalat\u00e7\u0131s\u0131 \u00dcreticisi istanbul","description":"DOCUMENT AND LAPTOP BAG GNCE 1001","robots":{"index":"index","follow":"follow","max-snippet":"max-snippet:-1","max-image-preview":"max-image-preview:large","max-video-preview":"max-video-preview:-1"},"canonical":"https:\/\/genclercanta.com\/en\/urunler\/document-and-laptop-bag-gnce-1001\/","og_locale":"en_US","og_type":"article","og_title":"DOCUMENT AND LAPTOP BAG GNCE 1001 - Promosyon \u00c7anta imalat\u0131, \u00dcretimi, \u00c7anta imalat\u00e7\u0131s\u0131 \u00dcreticisi istanbul","og_description":"DOCUMENT AND LAPTOP BAG GNCE 1001","og_url":"https:\/\/genclercanta.com\/en\/urunler\/document-and-laptop-bag-gnce-1001\/","og_site_name":"Promosyon \u00c7anta imalat\u0131, \u00dcretimi, \u00c7anta imalat\u00e7\u0131s\u0131 \u00dcreticisi istanbul","article_publisher":"https:\/\/www.facebook.com\/GenclerCantacom\/","og_image":[{"width":800,"height":600,"url":"https:\/\/genclercanta.com\/wp-content\/uploads\/2020\/11\/50n.jpg","type":"image\/jpeg"}],"schema":{"@context":"https:\/\/schema.org","@graph":[{"@type":"WebPage","@id":"https:\/\/genclercanta.com\/en\/urunler\/document-and-laptop-bag-gnce-1001\/","url":"https:\/\/genclercanta.com\/en\/urunler\/document-and-laptop-bag-gnce-1001\/","name":"DOCUMENT AND LAPTOP BAG GNCE 1001 - Promosyon \u00c7anta imalat\u0131, \u00dcretimi, \u00c7anta imalat\u00e7\u0131s\u0131 \u00dcreticisi istanbul","isPartOf":{"@id":"https:\/\/genclercanta.com\/en\/#website"},"primaryImageOfPage":{"@id":"https:\/\/genclercanta.com\/en\/urunler\/document-and-laptop-bag-gnce-1001\/#primaryimage"},"image":{"@id":"https:\/\/genclercanta.com\/en\/urunler\/document-and-laptop-bag-gnce-1001\/#primaryimage"},"thumbnailUrl":"https:\/\/genclercanta.com\/wp-content\/uploads\/2020\/11\/50n.jpg","datePublished":"2020-11-05T09:05:11+00:00","description":"DOCUMENT AND LAPTOP BAG GNCE 1001","breadcrumb":{"@id":"https:\/\/genclercanta.com\/en\/urunler\/document-and-laptop-bag-gnce-1001\/#breadcrumb"},"inLanguage":"en-US","potentialAction":[{"@type":"ReadAction","target":["https:\/\/genclercanta.com\/en\/urunler\/document-and-laptop-bag-gnce-1001\/"]}]},{"@type":"ImageObject","inLanguage":"en-US","@id":"https:\/\/genclercanta.com\/en\/urunler\/document-and-laptop-bag-gnce-1001\/#primaryimage","url":"https:\/\/genclercanta.com\/wp-content\/uploads\/2020\/11\/50n.jpg","contentUrl":"https:\/\/genclercanta.com\/wp-content\/uploads\/2020\/11\/50n.jpg","width":800,"height":600},{"@type":"BreadcrumbList","@id":"https:\/\/genclercanta.com\/en\/urunler\/document-and-laptop-bag-gnce-1001\/#breadcrumb","itemListElement":[{"@type":"ListItem","position":1,"name":"Ana sayfa","item":"https:\/\/genclercanta.com\/en\/homepage\/"},{"@type":"ListItem","position":2,"name":"Shop","item":"https:\/\/genclercanta.com\/en\/shop\/"},{"@type":"ListItem","position":3,"name":"DOCUMENT AND LAPTOP BAG GNCE 1001"}]},{"@type":"WebSite","@id":"https:\/\/genclercanta.com\/en\/#website","url":"https:\/\/genclercanta.com\/en\/","name":"Promosyon \u00c7anta imalat\u0131, \u00dcretimi, \u00c7anta imalat\u00e7\u0131s\u0131 \u00dcreticisi istanbul","description":"T\u00fcrkiyenin Toptan, Promosyon \u00c7anta \u0130malat\u00e7\u0131s\u0131","publisher":{"@id":"https:\/\/genclercanta.com\/en\/#organization"},"alternateName":"Gen\u00e7ler \u00c7anta","potentialAction":[{"@type":"SearchAction","target":{"@type":"EntryPoint","urlTemplate":"https:\/\/genclercanta.com\/en\/?s={search_term_string}"},"query-input":{"@type":"PropertyValueSpecification","valueRequired":true,"valueName":"search_term_string"}}],"inLanguage":"en-US"},{"@type":"Organization","@id":"https:\/\/genclercanta.com\/en\/#organization","name":"Promosyon \u00c7anta imalat\u0131, \u00dcretimi, \u00c7anta imalat\u00e7\u0131s\u0131 \u00dcreticisi istanbul","alternateName":"Gen\u00e7ler \u00c7anta","url":"https:\/\/genclercanta.com\/en\/","logo":{"@type":"ImageObject","inLanguage":"en-US","@id":"https:\/\/genclercanta.com\/en\/#\/schema\/logo\/image\/","url":"https:\/\/genclercanta.com\/wp-content\/uploads\/2020\/10\/gencler-canta-logo.jpg","contentUrl":"https:\/\/genclercanta.com\/wp-content\/uploads\/2020\/10\/gencler-canta-logo.jpg","width":600,"height":133,"caption":"Promosyon \u00c7anta imalat\u0131, \u00dcretimi, \u00c7anta imalat\u00e7\u0131s\u0131 \u00dcreticisi istanbul"},"image":{"@id":"https:\/\/genclercanta.com\/en\/#\/schema\/logo\/image\/"},"sameAs":["https:\/\/www.facebook.com\/GenclerCantacom\/","https:\/\/www.instagram.com\/genclercanta\/"]}]}},"_links":{"self":[{"href":"https:\/\/genclercanta.com\/en\/wp-json\/wp\/v2\/product\/124604","targetHints":{"allow":["GET"]}}],"collection":[{"href":"https:\/\/genclercanta.com\/en\/wp-json\/wp\/v2\/product"}],"about":[{"href":"https:\/\/genclercanta.com\/en\/wp-json\/wp\/v2\/types\/product"}],"replies":[{"embeddable":true,"href":"https:\/\/genclercanta.com\/en\/wp-json\/wp\/v2\/comments?post=124604"}],"wp:featuredmedia":[{"embeddable":true,"href":"https:\/\/genclercanta.com\/en\/wp-json\/wp\/v2\/media\/78803"}],"wp:attachment":[{"href":"https:\/\/genclercanta.com\/en\/wp-json\/wp\/v2\/media?parent=124604"}],"wp:term":[{"taxonomy":"product_brand","embeddable":true,"href":"https:\/\/genclercanta.com\/en\/wp-json\/wp\/v2\/product_brand?post=124604"},{"taxonomy":"product_cat","embeddable":true,"href":"https:\/\/genclercanta.com\/en\/wp-json\/wp\/v2\/product_cat?post=124604"},{"taxonomy":"product_tag","embeddable":true,"href":"https:\/\/genclercanta.com\/en\/wp-json\/wp\/v2\/product_tag?post=124604"}],"curies":[{"name":"wp","href":"https:\/\/api.w.org\/{rel}","templated":true}]}}