{"id":128547,"date":"2020-10-20T21:48:24","date_gmt":"2020-10-20T21:48:24","guid":{"rendered":"https:\/\/genclercanta.com\/urunler\/unz-brown-backpack\/"},"modified":"2020-10-20T21:48:24","modified_gmt":"2020-10-20T21:48:24","slug":"unz-brown-backpack","status":"publish","type":"product","link":"https:\/\/genclercanta.com\/en\/urunler\/unz-brown-backpack\/","title":{"rendered":"UNZ BROWN BACKPACK"},"content":{"rendered":"<p>UNZ BACKPACK<\/p>\n<p>Inspired by nature, which is made even more beautiful with the return of sunny days, this backpack, specially designed for women and mothers, is perfect for you with its UNZ velvet fabric and eco-friendly raw canvas lining!<\/p>\n<p>Exterior features:<\/p>\n<p>\u2013 Soft Premium Velvet fabric<\/p>\n<p>\u2013 Padded and Adjustable Back Straps<\/p>\n<p>\u2013 Additional Back Padding<\/p>\n<p>\u2013 Large front pocket<\/p>\n<p>\u2013 Eco-friendly organic raw canvas lining<\/p>\n<p>\u2013 With carrying handles<\/p>\n<p>\u2013 Special Fudela embroidery<\/p>\n","protected":false},"excerpt":{"rendered":"<p>UNZ BROWN BACKPACK<\/p>\n","protected":false},"featured_media":52829,"comment_status":"closed","ping_status":"closed","template":"","meta":[],"product_brand":[],"product_cat":[660],"product_tag":[812,895],"class_list":{"0":"post-128547","1":"product","2":"type-product","3":"status-publish","4":"has-post-thumbnail","6":"product_cat-unz-en","7":"product_tag-backpack-en","8":"product_tag--en","10":"first","11":"instock","12":"shipping-taxable","13":"purchasable","14":"product-type-simple"},"yoast_head":"<!-- This site is optimized with the Yoast SEO plugin v26.3 - https:\/\/yoast.com\/wordpress\/plugins\/seo\/ -->\n<title>UNZ BROWN BACKPACK - Promosyon \u00c7anta imalat\u0131, \u00dcretimi, \u00c7anta imalat\u00e7\u0131s\u0131 \u00dcreticisi istanbul<\/title>\n<meta name=\"description\" content=\"UNZ BROWN BACKPACK\" \/>\n<meta name=\"robots\" content=\"index, follow, max-snippet:-1, max-image-preview:large, max-video-preview:-1\" \/>\n<link rel=\"canonical\" href=\"https:\/\/genclercanta.com\/en\/urunler\/unz-brown-backpack\/\" \/>\n<meta property=\"og:locale\" content=\"en_US\" \/>\n<meta property=\"og:type\" content=\"article\" \/>\n<meta property=\"og:title\" content=\"UNZ BROWN BACKPACK - Promosyon \u00c7anta imalat\u0131, \u00dcretimi, \u00c7anta imalat\u00e7\u0131s\u0131 \u00dcreticisi istanbul\" \/>\n<meta property=\"og:description\" content=\"UNZ BROWN BACKPACK\" \/>\n<meta property=\"og:url\" content=\"https:\/\/genclercanta.com\/en\/urunler\/unz-brown-backpack\/\" \/>\n<meta property=\"og:site_name\" content=\"Promosyon \u00c7anta imalat\u0131, \u00dcretimi, \u00c7anta imalat\u00e7\u0131s\u0131 \u00dcreticisi istanbul\" \/>\n<meta property=\"article:publisher\" content=\"https:\/\/www.facebook.com\/GenclerCantacom\/\" \/>\n<meta property=\"og:image\" content=\"https:\/\/genclercanta.com\/wp-content\/uploads\/2020\/10\/66006600-2-1.jpg\" \/>\n\t<meta property=\"og:image:width\" content=\"833\" \/>\n\t<meta property=\"og:image:height\" content=\"1000\" \/>\n\t<meta property=\"og:image:type\" content=\"image\/jpeg\" \/>\n<script type=\"application\/ld+json\" class=\"yoast-schema-graph\">{\"@context\":\"https:\/\/schema.org\",\"@graph\":[{\"@type\":\"WebPage\",\"@id\":\"https:\/\/genclercanta.com\/en\/urunler\/unz-brown-backpack\/\",\"url\":\"https:\/\/genclercanta.com\/en\/urunler\/unz-brown-backpack\/\",\"name\":\"UNZ BROWN BACKPACK - Promosyon \u00c7anta imalat\u0131, \u00dcretimi, \u00c7anta imalat\u00e7\u0131s\u0131 \u00dcreticisi istanbul\",\"isPartOf\":{\"@id\":\"https:\/\/genclercanta.com\/en\/#website\"},\"primaryImageOfPage\":{\"@id\":\"https:\/\/genclercanta.com\/en\/urunler\/unz-brown-backpack\/#primaryimage\"},\"image\":{\"@id\":\"https:\/\/genclercanta.com\/en\/urunler\/unz-brown-backpack\/#primaryimage\"},\"thumbnailUrl\":\"https:\/\/genclercanta.com\/wp-content\/uploads\/2020\/10\/66006600-2-1.jpg\",\"datePublished\":\"2020-10-20T21:48:24+00:00\",\"description\":\"UNZ BROWN BACKPACK\",\"breadcrumb\":{\"@id\":\"https:\/\/genclercanta.com\/en\/urunler\/unz-brown-backpack\/#breadcrumb\"},\"inLanguage\":\"en-US\",\"potentialAction\":[{\"@type\":\"ReadAction\",\"target\":[\"https:\/\/genclercanta.com\/en\/urunler\/unz-brown-backpack\/\"]}]},{\"@type\":\"ImageObject\",\"inLanguage\":\"en-US\",\"@id\":\"https:\/\/genclercanta.com\/en\/urunler\/unz-brown-backpack\/#primaryimage\",\"url\":\"https:\/\/genclercanta.com\/wp-content\/uploads\/2020\/10\/66006600-2-1.jpg\",\"contentUrl\":\"https:\/\/genclercanta.com\/wp-content\/uploads\/2020\/10\/66006600-2-1.jpg\",\"width\":833,\"height\":1000},{\"@type\":\"BreadcrumbList\",\"@id\":\"https:\/\/genclercanta.com\/en\/urunler\/unz-brown-backpack\/#breadcrumb\",\"itemListElement\":[{\"@type\":\"ListItem\",\"position\":1,\"name\":\"Ana sayfa\",\"item\":\"https:\/\/genclercanta.com\/en\/homepage\/\"},{\"@type\":\"ListItem\",\"position\":2,\"name\":\"Shop\",\"item\":\"https:\/\/genclercanta.com\/en\/shop\/\"},{\"@type\":\"ListItem\",\"position\":3,\"name\":\"UNZ BROWN BACKPACK\"}]},{\"@type\":\"WebSite\",\"@id\":\"https:\/\/genclercanta.com\/en\/#website\",\"url\":\"https:\/\/genclercanta.com\/en\/\",\"name\":\"Promosyon \u00c7anta imalat\u0131, \u00dcretimi, \u00c7anta imalat\u00e7\u0131s\u0131 \u00dcreticisi istanbul\",\"description\":\"T\u00fcrkiyenin Toptan, Promosyon \u00c7anta \u0130malat\u00e7\u0131s\u0131\",\"publisher\":{\"@id\":\"https:\/\/genclercanta.com\/en\/#organization\"},\"alternateName\":\"Gen\u00e7ler \u00c7anta\",\"potentialAction\":[{\"@type\":\"SearchAction\",\"target\":{\"@type\":\"EntryPoint\",\"urlTemplate\":\"https:\/\/genclercanta.com\/en\/?s={search_term_string}\"},\"query-input\":{\"@type\":\"PropertyValueSpecification\",\"valueRequired\":true,\"valueName\":\"search_term_string\"}}],\"inLanguage\":\"en-US\"},{\"@type\":\"Organization\",\"@id\":\"https:\/\/genclercanta.com\/en\/#organization\",\"name\":\"Promosyon \u00c7anta imalat\u0131, \u00dcretimi, \u00c7anta imalat\u00e7\u0131s\u0131 \u00dcreticisi istanbul\",\"alternateName\":\"Gen\u00e7ler \u00c7anta\",\"url\":\"https:\/\/genclercanta.com\/en\/\",\"logo\":{\"@type\":\"ImageObject\",\"inLanguage\":\"en-US\",\"@id\":\"https:\/\/genclercanta.com\/en\/#\/schema\/logo\/image\/\",\"url\":\"https:\/\/genclercanta.com\/wp-content\/uploads\/2020\/10\/gencler-canta-logo.jpg\",\"contentUrl\":\"https:\/\/genclercanta.com\/wp-content\/uploads\/2020\/10\/gencler-canta-logo.jpg\",\"width\":600,\"height\":133,\"caption\":\"Promosyon \u00c7anta imalat\u0131, \u00dcretimi, \u00c7anta imalat\u00e7\u0131s\u0131 \u00dcreticisi istanbul\"},\"image\":{\"@id\":\"https:\/\/genclercanta.com\/en\/#\/schema\/logo\/image\/\"},\"sameAs\":[\"https:\/\/www.facebook.com\/GenclerCantacom\/\",\"https:\/\/www.instagram.com\/genclercanta\/\"]}]}<\/script>\n<!-- \/ Yoast SEO plugin. -->","yoast_head_json":{"title":"UNZ BROWN BACKPACK - Promosyon \u00c7anta imalat\u0131, \u00dcretimi, \u00c7anta imalat\u00e7\u0131s\u0131 \u00dcreticisi istanbul","description":"UNZ BROWN BACKPACK","robots":{"index":"index","follow":"follow","max-snippet":"max-snippet:-1","max-image-preview":"max-image-preview:large","max-video-preview":"max-video-preview:-1"},"canonical":"https:\/\/genclercanta.com\/en\/urunler\/unz-brown-backpack\/","og_locale":"en_US","og_type":"article","og_title":"UNZ BROWN BACKPACK - Promosyon \u00c7anta imalat\u0131, \u00dcretimi, \u00c7anta imalat\u00e7\u0131s\u0131 \u00dcreticisi istanbul","og_description":"UNZ BROWN BACKPACK","og_url":"https:\/\/genclercanta.com\/en\/urunler\/unz-brown-backpack\/","og_site_name":"Promosyon \u00c7anta imalat\u0131, \u00dcretimi, \u00c7anta imalat\u00e7\u0131s\u0131 \u00dcreticisi istanbul","article_publisher":"https:\/\/www.facebook.com\/GenclerCantacom\/","og_image":[{"width":833,"height":1000,"url":"https:\/\/genclercanta.com\/wp-content\/uploads\/2020\/10\/66006600-2-1.jpg","type":"image\/jpeg"}],"schema":{"@context":"https:\/\/schema.org","@graph":[{"@type":"WebPage","@id":"https:\/\/genclercanta.com\/en\/urunler\/unz-brown-backpack\/","url":"https:\/\/genclercanta.com\/en\/urunler\/unz-brown-backpack\/","name":"UNZ BROWN BACKPACK - Promosyon \u00c7anta imalat\u0131, \u00dcretimi, \u00c7anta imalat\u00e7\u0131s\u0131 \u00dcreticisi istanbul","isPartOf":{"@id":"https:\/\/genclercanta.com\/en\/#website"},"primaryImageOfPage":{"@id":"https:\/\/genclercanta.com\/en\/urunler\/unz-brown-backpack\/#primaryimage"},"image":{"@id":"https:\/\/genclercanta.com\/en\/urunler\/unz-brown-backpack\/#primaryimage"},"thumbnailUrl":"https:\/\/genclercanta.com\/wp-content\/uploads\/2020\/10\/66006600-2-1.jpg","datePublished":"2020-10-20T21:48:24+00:00","description":"UNZ BROWN BACKPACK","breadcrumb":{"@id":"https:\/\/genclercanta.com\/en\/urunler\/unz-brown-backpack\/#breadcrumb"},"inLanguage":"en-US","potentialAction":[{"@type":"ReadAction","target":["https:\/\/genclercanta.com\/en\/urunler\/unz-brown-backpack\/"]}]},{"@type":"ImageObject","inLanguage":"en-US","@id":"https:\/\/genclercanta.com\/en\/urunler\/unz-brown-backpack\/#primaryimage","url":"https:\/\/genclercanta.com\/wp-content\/uploads\/2020\/10\/66006600-2-1.jpg","contentUrl":"https:\/\/genclercanta.com\/wp-content\/uploads\/2020\/10\/66006600-2-1.jpg","width":833,"height":1000},{"@type":"BreadcrumbList","@id":"https:\/\/genclercanta.com\/en\/urunler\/unz-brown-backpack\/#breadcrumb","itemListElement":[{"@type":"ListItem","position":1,"name":"Ana sayfa","item":"https:\/\/genclercanta.com\/en\/homepage\/"},{"@type":"ListItem","position":2,"name":"Shop","item":"https:\/\/genclercanta.com\/en\/shop\/"},{"@type":"ListItem","position":3,"name":"UNZ BROWN BACKPACK"}]},{"@type":"WebSite","@id":"https:\/\/genclercanta.com\/en\/#website","url":"https:\/\/genclercanta.com\/en\/","name":"Promosyon \u00c7anta imalat\u0131, \u00dcretimi, \u00c7anta imalat\u00e7\u0131s\u0131 \u00dcreticisi istanbul","description":"T\u00fcrkiyenin Toptan, Promosyon \u00c7anta \u0130malat\u00e7\u0131s\u0131","publisher":{"@id":"https:\/\/genclercanta.com\/en\/#organization"},"alternateName":"Gen\u00e7ler \u00c7anta","potentialAction":[{"@type":"SearchAction","target":{"@type":"EntryPoint","urlTemplate":"https:\/\/genclercanta.com\/en\/?s={search_term_string}"},"query-input":{"@type":"PropertyValueSpecification","valueRequired":true,"valueName":"search_term_string"}}],"inLanguage":"en-US"},{"@type":"Organization","@id":"https:\/\/genclercanta.com\/en\/#organization","name":"Promosyon \u00c7anta imalat\u0131, \u00dcretimi, \u00c7anta imalat\u00e7\u0131s\u0131 \u00dcreticisi istanbul","alternateName":"Gen\u00e7ler \u00c7anta","url":"https:\/\/genclercanta.com\/en\/","logo":{"@type":"ImageObject","inLanguage":"en-US","@id":"https:\/\/genclercanta.com\/en\/#\/schema\/logo\/image\/","url":"https:\/\/genclercanta.com\/wp-content\/uploads\/2020\/10\/gencler-canta-logo.jpg","contentUrl":"https:\/\/genclercanta.com\/wp-content\/uploads\/2020\/10\/gencler-canta-logo.jpg","width":600,"height":133,"caption":"Promosyon \u00c7anta imalat\u0131, \u00dcretimi, \u00c7anta imalat\u00e7\u0131s\u0131 \u00dcreticisi istanbul"},"image":{"@id":"https:\/\/genclercanta.com\/en\/#\/schema\/logo\/image\/"},"sameAs":["https:\/\/www.facebook.com\/GenclerCantacom\/","https:\/\/www.instagram.com\/genclercanta\/"]}]}},"_links":{"self":[{"href":"https:\/\/genclercanta.com\/en\/wp-json\/wp\/v2\/product\/128547","targetHints":{"allow":["GET"]}}],"collection":[{"href":"https:\/\/genclercanta.com\/en\/wp-json\/wp\/v2\/product"}],"about":[{"href":"https:\/\/genclercanta.com\/en\/wp-json\/wp\/v2\/types\/product"}],"replies":[{"embeddable":true,"href":"https:\/\/genclercanta.com\/en\/wp-json\/wp\/v2\/comments?post=128547"}],"wp:featuredmedia":[{"embeddable":true,"href":"https:\/\/genclercanta.com\/en\/wp-json\/wp\/v2\/media\/52829"}],"wp:attachment":[{"href":"https:\/\/genclercanta.com\/en\/wp-json\/wp\/v2\/media?parent=128547"}],"wp:term":[{"taxonomy":"product_brand","embeddable":true,"href":"https:\/\/genclercanta.com\/en\/wp-json\/wp\/v2\/product_brand?post=128547"},{"taxonomy":"product_cat","embeddable":true,"href":"https:\/\/genclercanta.com\/en\/wp-json\/wp\/v2\/product_cat?post=128547"},{"taxonomy":"product_tag","embeddable":true,"href":"https:\/\/genclercanta.com\/en\/wp-json\/wp\/v2\/product_tag?post=128547"}],"curies":[{"name":"wp","href":"https:\/\/api.w.org\/{rel}","templated":true}]}}