{"id":3176,"date":"2020-10-02T16:45:14","date_gmt":"2020-10-02T16:45:14","guid":{"rendered":"http:\/\/genclercanta.com\/product\/import-placeholder-for-2006\/"},"modified":"2020-10-02T16:45:22","modified_gmt":"2020-10-02T16:45:22","slug":"sirt-cantasi-gnco-832","status":"publish","type":"product","link":"https:\/\/genclercanta.com\/en\/urunler\/sirt-cantasi-gnco-832\/","title":{"rendered":"SIRT \u00c7ANTASI GNCO 832"},"content":{"rendered":"<p>Kod : GNCO 832<br \/>\n\u0130sim : S\u0131rt \u00c7antas\u0131<br \/>\nMalzeme : 1900 Denye \u0130mperteks kuma\u015f<br \/>\n\u00d6l\u00e7\u00fc : 43X33X18<br \/>\nKoli \u00d6l\u00e7\u00fcs\u00fc : 50x40x40<br \/>\nKoli Adedi : 15 adet<br \/>\nA\u011f\u0131rl\u0131k : gr<\/p>\n","protected":false},"excerpt":{"rendered":"<p>SIRT \u00c7ANTASI GNCO 832<\/p>\n","protected":false},"featured_media":3206,"comment_status":"open","ping_status":"closed","template":"","meta":[],"product_brand":[],"product_cat":[119],"product_tag":[94,95,96,97,98,99,100],"class_list":{"0":"post-3176","1":"product","2":"type-product","3":"status-publish","4":"has-post-thumbnail","6":"product_cat-sirt-cantasi","7":"product_tag-cantaimalati","8":"product_tag-cantauretimi","9":"product_tag-promosyoncanta","10":"product_tag-sirt-cantasi","11":"product_tag-sirtcantacesitleri","12":"product_tag-sirtcantamodelleri","13":"product_tag-toptan-sirt-cantasi","15":"first","16":"instock","17":"shipping-taxable","18":"product-type-simple"},"yoast_head":"<!-- This site is optimized with the Yoast SEO plugin v26.3 - https:\/\/yoast.com\/wordpress\/plugins\/seo\/ -->\n<title>SIRT \u00c7ANTASI GNCO 832 - Promosyon \u00c7anta imalat\u0131, \u00dcretimi, \u00c7anta imalat\u00e7\u0131s\u0131 \u00dcreticisi istanbul<\/title>\n<meta name=\"description\" content=\"SIRT \u00c7ANTASI GNCO 832\" \/>\n<meta name=\"robots\" content=\"index, follow, max-snippet:-1, max-image-preview:large, max-video-preview:-1\" \/>\n<link rel=\"canonical\" href=\"https:\/\/genclercanta.com\/en\/urunler\/sirt-cantasi-gnco-832\/\" \/>\n<meta property=\"og:locale\" content=\"en_US\" \/>\n<meta property=\"og:type\" content=\"article\" \/>\n<meta property=\"og:title\" content=\"SIRT \u00c7ANTASI GNCO 832 - Promosyon \u00c7anta imalat\u0131, \u00dcretimi, \u00c7anta imalat\u00e7\u0131s\u0131 \u00dcreticisi istanbul\" \/>\n<meta property=\"og:description\" content=\"SIRT \u00c7ANTASI GNCO 832\" \/>\n<meta property=\"og:url\" content=\"https:\/\/genclercanta.com\/en\/urunler\/sirt-cantasi-gnco-832\/\" \/>\n<meta property=\"og:site_name\" content=\"Promosyon \u00c7anta imalat\u0131, \u00dcretimi, \u00c7anta imalat\u00e7\u0131s\u0131 \u00dcreticisi istanbul\" \/>\n<meta property=\"article:publisher\" content=\"https:\/\/www.facebook.com\/GenclerCantacom\/\" \/>\n<meta property=\"article:modified_time\" content=\"2020-10-02T16:45:22+00:00\" \/>\n<meta property=\"og:image\" content=\"https:\/\/genclercanta.com\/wp-content\/uploads\/2020\/10\/GNCO-832.jpg?v=1613021228\" \/>\n\t<meta property=\"og:image:width\" content=\"800\" \/>\n\t<meta property=\"og:image:height\" content=\"600\" \/>\n\t<meta property=\"og:image:type\" content=\"image\/jpeg\" \/>\n<script type=\"application\/ld+json\" class=\"yoast-schema-graph\">{\"@context\":\"https:\/\/schema.org\",\"@graph\":[{\"@type\":\"WebPage\",\"@id\":\"https:\/\/genclercanta.com\/en\/urunler\/sirt-cantasi-gnco-832\/\",\"url\":\"https:\/\/genclercanta.com\/en\/urunler\/sirt-cantasi-gnco-832\/\",\"name\":\"SIRT \u00c7ANTASI GNCO 832 - Promosyon \u00c7anta imalat\u0131, \u00dcretimi, \u00c7anta imalat\u00e7\u0131s\u0131 \u00dcreticisi istanbul\",\"isPartOf\":{\"@id\":\"https:\/\/genclercanta.com\/en\/#website\"},\"primaryImageOfPage\":{\"@id\":\"https:\/\/genclercanta.com\/en\/urunler\/sirt-cantasi-gnco-832\/#primaryimage\"},\"image\":{\"@id\":\"https:\/\/genclercanta.com\/en\/urunler\/sirt-cantasi-gnco-832\/#primaryimage\"},\"thumbnailUrl\":\"https:\/\/genclercanta.com\/wp-content\/uploads\/2020\/10\/GNCO-832.jpg?v=1613021228\",\"datePublished\":\"2020-10-02T16:45:14+00:00\",\"dateModified\":\"2020-10-02T16:45:22+00:00\",\"description\":\"SIRT \u00c7ANTASI GNCO 832\",\"breadcrumb\":{\"@id\":\"https:\/\/genclercanta.com\/en\/urunler\/sirt-cantasi-gnco-832\/#breadcrumb\"},\"inLanguage\":\"en-US\",\"potentialAction\":[{\"@type\":\"ReadAction\",\"target\":[\"https:\/\/genclercanta.com\/en\/urunler\/sirt-cantasi-gnco-832\/\"]}]},{\"@type\":\"ImageObject\",\"inLanguage\":\"en-US\",\"@id\":\"https:\/\/genclercanta.com\/en\/urunler\/sirt-cantasi-gnco-832\/#primaryimage\",\"url\":\"https:\/\/genclercanta.com\/wp-content\/uploads\/2020\/10\/GNCO-832.jpg?v=1613021228\",\"contentUrl\":\"https:\/\/genclercanta.com\/wp-content\/uploads\/2020\/10\/GNCO-832.jpg?v=1613021228\",\"width\":800,\"height\":600},{\"@type\":\"BreadcrumbList\",\"@id\":\"https:\/\/genclercanta.com\/en\/urunler\/sirt-cantasi-gnco-832\/#breadcrumb\",\"itemListElement\":[{\"@type\":\"ListItem\",\"position\":1,\"name\":\"Ana sayfa\",\"item\":\"https:\/\/genclercanta.com\/en\/homepage\/\"},{\"@type\":\"ListItem\",\"position\":2,\"name\":\"Shop\",\"item\":\"https:\/\/genclercanta.com\/en\/shop\/\"},{\"@type\":\"ListItem\",\"position\":3,\"name\":\"SIRT \u00c7ANTASI GNCO 832\"}]},{\"@type\":\"WebSite\",\"@id\":\"https:\/\/genclercanta.com\/en\/#website\",\"url\":\"https:\/\/genclercanta.com\/en\/\",\"name\":\"Promosyon \u00c7anta imalat\u0131, \u00dcretimi, \u00c7anta imalat\u00e7\u0131s\u0131 \u00dcreticisi istanbul\",\"description\":\"T\u00fcrkiyenin Toptan, Promosyon \u00c7anta \u0130malat\u00e7\u0131s\u0131\",\"publisher\":{\"@id\":\"https:\/\/genclercanta.com\/en\/#organization\"},\"alternateName\":\"Gen\u00e7ler \u00c7anta\",\"potentialAction\":[{\"@type\":\"SearchAction\",\"target\":{\"@type\":\"EntryPoint\",\"urlTemplate\":\"https:\/\/genclercanta.com\/en\/?s={search_term_string}\"},\"query-input\":{\"@type\":\"PropertyValueSpecification\",\"valueRequired\":true,\"valueName\":\"search_term_string\"}}],\"inLanguage\":\"en-US\"},{\"@type\":\"Organization\",\"@id\":\"https:\/\/genclercanta.com\/en\/#organization\",\"name\":\"Promosyon \u00c7anta imalat\u0131, \u00dcretimi, \u00c7anta imalat\u00e7\u0131s\u0131 \u00dcreticisi istanbul\",\"alternateName\":\"Gen\u00e7ler \u00c7anta\",\"url\":\"https:\/\/genclercanta.com\/en\/\",\"logo\":{\"@type\":\"ImageObject\",\"inLanguage\":\"en-US\",\"@id\":\"https:\/\/genclercanta.com\/en\/#\/schema\/logo\/image\/\",\"url\":\"https:\/\/genclercanta.com\/wp-content\/uploads\/2020\/10\/gencler-canta-logo.jpg\",\"contentUrl\":\"https:\/\/genclercanta.com\/wp-content\/uploads\/2020\/10\/gencler-canta-logo.jpg\",\"width\":600,\"height\":133,\"caption\":\"Promosyon \u00c7anta imalat\u0131, \u00dcretimi, \u00c7anta imalat\u00e7\u0131s\u0131 \u00dcreticisi istanbul\"},\"image\":{\"@id\":\"https:\/\/genclercanta.com\/en\/#\/schema\/logo\/image\/\"},\"sameAs\":[\"https:\/\/www.facebook.com\/GenclerCantacom\/\",\"https:\/\/www.instagram.com\/genclercanta\/\"]}]}<\/script>\n<!-- \/ Yoast SEO plugin. -->","yoast_head_json":{"title":"SIRT \u00c7ANTASI GNCO 832 - Promosyon \u00c7anta imalat\u0131, \u00dcretimi, \u00c7anta imalat\u00e7\u0131s\u0131 \u00dcreticisi istanbul","description":"SIRT \u00c7ANTASI GNCO 832","robots":{"index":"index","follow":"follow","max-snippet":"max-snippet:-1","max-image-preview":"max-image-preview:large","max-video-preview":"max-video-preview:-1"},"canonical":"https:\/\/genclercanta.com\/en\/urunler\/sirt-cantasi-gnco-832\/","og_locale":"en_US","og_type":"article","og_title":"SIRT \u00c7ANTASI GNCO 832 - Promosyon \u00c7anta imalat\u0131, \u00dcretimi, \u00c7anta imalat\u00e7\u0131s\u0131 \u00dcreticisi istanbul","og_description":"SIRT \u00c7ANTASI GNCO 832","og_url":"https:\/\/genclercanta.com\/en\/urunler\/sirt-cantasi-gnco-832\/","og_site_name":"Promosyon \u00c7anta imalat\u0131, \u00dcretimi, \u00c7anta imalat\u00e7\u0131s\u0131 \u00dcreticisi istanbul","article_publisher":"https:\/\/www.facebook.com\/GenclerCantacom\/","article_modified_time":"2020-10-02T16:45:22+00:00","og_image":[{"width":800,"height":600,"url":"https:\/\/genclercanta.com\/wp-content\/uploads\/2020\/10\/GNCO-832.jpg?v=1613021228","type":"image\/jpeg"}],"schema":{"@context":"https:\/\/schema.org","@graph":[{"@type":"WebPage","@id":"https:\/\/genclercanta.com\/en\/urunler\/sirt-cantasi-gnco-832\/","url":"https:\/\/genclercanta.com\/en\/urunler\/sirt-cantasi-gnco-832\/","name":"SIRT \u00c7ANTASI GNCO 832 - Promosyon \u00c7anta imalat\u0131, \u00dcretimi, \u00c7anta imalat\u00e7\u0131s\u0131 \u00dcreticisi istanbul","isPartOf":{"@id":"https:\/\/genclercanta.com\/en\/#website"},"primaryImageOfPage":{"@id":"https:\/\/genclercanta.com\/en\/urunler\/sirt-cantasi-gnco-832\/#primaryimage"},"image":{"@id":"https:\/\/genclercanta.com\/en\/urunler\/sirt-cantasi-gnco-832\/#primaryimage"},"thumbnailUrl":"https:\/\/genclercanta.com\/wp-content\/uploads\/2020\/10\/GNCO-832.jpg?v=1613021228","datePublished":"2020-10-02T16:45:14+00:00","dateModified":"2020-10-02T16:45:22+00:00","description":"SIRT \u00c7ANTASI GNCO 832","breadcrumb":{"@id":"https:\/\/genclercanta.com\/en\/urunler\/sirt-cantasi-gnco-832\/#breadcrumb"},"inLanguage":"en-US","potentialAction":[{"@type":"ReadAction","target":["https:\/\/genclercanta.com\/en\/urunler\/sirt-cantasi-gnco-832\/"]}]},{"@type":"ImageObject","inLanguage":"en-US","@id":"https:\/\/genclercanta.com\/en\/urunler\/sirt-cantasi-gnco-832\/#primaryimage","url":"https:\/\/genclercanta.com\/wp-content\/uploads\/2020\/10\/GNCO-832.jpg?v=1613021228","contentUrl":"https:\/\/genclercanta.com\/wp-content\/uploads\/2020\/10\/GNCO-832.jpg?v=1613021228","width":800,"height":600},{"@type":"BreadcrumbList","@id":"https:\/\/genclercanta.com\/en\/urunler\/sirt-cantasi-gnco-832\/#breadcrumb","itemListElement":[{"@type":"ListItem","position":1,"name":"Ana sayfa","item":"https:\/\/genclercanta.com\/en\/homepage\/"},{"@type":"ListItem","position":2,"name":"Shop","item":"https:\/\/genclercanta.com\/en\/shop\/"},{"@type":"ListItem","position":3,"name":"SIRT \u00c7ANTASI GNCO 832"}]},{"@type":"WebSite","@id":"https:\/\/genclercanta.com\/en\/#website","url":"https:\/\/genclercanta.com\/en\/","name":"Promosyon \u00c7anta imalat\u0131, \u00dcretimi, \u00c7anta imalat\u00e7\u0131s\u0131 \u00dcreticisi istanbul","description":"T\u00fcrkiyenin Toptan, Promosyon \u00c7anta \u0130malat\u00e7\u0131s\u0131","publisher":{"@id":"https:\/\/genclercanta.com\/en\/#organization"},"alternateName":"Gen\u00e7ler \u00c7anta","potentialAction":[{"@type":"SearchAction","target":{"@type":"EntryPoint","urlTemplate":"https:\/\/genclercanta.com\/en\/?s={search_term_string}"},"query-input":{"@type":"PropertyValueSpecification","valueRequired":true,"valueName":"search_term_string"}}],"inLanguage":"en-US"},{"@type":"Organization","@id":"https:\/\/genclercanta.com\/en\/#organization","name":"Promosyon \u00c7anta imalat\u0131, \u00dcretimi, \u00c7anta imalat\u00e7\u0131s\u0131 \u00dcreticisi istanbul","alternateName":"Gen\u00e7ler \u00c7anta","url":"https:\/\/genclercanta.com\/en\/","logo":{"@type":"ImageObject","inLanguage":"en-US","@id":"https:\/\/genclercanta.com\/en\/#\/schema\/logo\/image\/","url":"https:\/\/genclercanta.com\/wp-content\/uploads\/2020\/10\/gencler-canta-logo.jpg","contentUrl":"https:\/\/genclercanta.com\/wp-content\/uploads\/2020\/10\/gencler-canta-logo.jpg","width":600,"height":133,"caption":"Promosyon \u00c7anta imalat\u0131, \u00dcretimi, \u00c7anta imalat\u00e7\u0131s\u0131 \u00dcreticisi istanbul"},"image":{"@id":"https:\/\/genclercanta.com\/en\/#\/schema\/logo\/image\/"},"sameAs":["https:\/\/www.facebook.com\/GenclerCantacom\/","https:\/\/www.instagram.com\/genclercanta\/"]}]}},"_links":{"self":[{"href":"https:\/\/genclercanta.com\/en\/wp-json\/wp\/v2\/product\/3176","targetHints":{"allow":["GET"]}}],"collection":[{"href":"https:\/\/genclercanta.com\/en\/wp-json\/wp\/v2\/product"}],"about":[{"href":"https:\/\/genclercanta.com\/en\/wp-json\/wp\/v2\/types\/product"}],"replies":[{"embeddable":true,"href":"https:\/\/genclercanta.com\/en\/wp-json\/wp\/v2\/comments?post=3176"}],"wp:featuredmedia":[{"embeddable":true,"href":"https:\/\/genclercanta.com\/en\/wp-json\/wp\/v2\/media\/3206"}],"wp:attachment":[{"href":"https:\/\/genclercanta.com\/en\/wp-json\/wp\/v2\/media?parent=3176"}],"wp:term":[{"taxonomy":"product_brand","embeddable":true,"href":"https:\/\/genclercanta.com\/en\/wp-json\/wp\/v2\/product_brand?post=3176"},{"taxonomy":"product_cat","embeddable":true,"href":"https:\/\/genclercanta.com\/en\/wp-json\/wp\/v2\/product_cat?post=3176"},{"taxonomy":"product_tag","embeddable":true,"href":"https:\/\/genclercanta.com\/en\/wp-json\/wp\/v2\/product_tag?post=3176"}],"curies":[{"name":"wp","href":"https:\/\/api.w.org\/{rel}","templated":true}]}}