{"id":122283,"date":"2024-08-13T09:19:08","date_gmt":"2024-08-13T09:19:08","guid":{"rendered":"https:\/\/genclercanta.com\/urunler\/bolsa-de-viaje-y-deporte-gncs-1184\/"},"modified":"2024-08-13T09:19:08","modified_gmt":"2024-08-13T09:19:08","slug":"bolsa-de-viaje-y-deporte-gncs-1184","status":"publish","type":"product","link":"https:\/\/genclercanta.com\/es\/urunler\/bolsa-de-viaje-y-deporte-gncs-1184\/","title":{"rendered":"BOLSA DE VIAJE Y DEPORTE GNCS 1184"},"content":{"rendered":"<p>C\u00f3digo: GNCS 1184<br \/>\nNombre: Bolsa deportiva y de viaje<br \/>\nMaterial: Tejido de poli\u00e9ster<br \/>\nDimensiones: 43 x 34 x 20 cm<br \/>\nDimensiones de la caja: 55 x 40 x 40 cm<br \/>\nCantidad por paquete: &#8211; unidades<br \/>\nPeso:<\/p>\n","protected":false},"excerpt":{"rendered":"<p>BOLSA DE VIAJE Y DEPORTE GNCS 1184<\/p>\n","protected":false},"featured_media":116358,"comment_status":"open","ping_status":"closed","template":"","meta":[],"product_brand":[],"product_cat":[727],"product_tag":[792,786,949,953,780,951,774,952,950],"class_list":{"0":"post-122283","1":"product","2":"type-product","3":"status-publish","4":"has-post-thumbnail","6":"product_cat-bolsa-de-deporte","7":"product_tag-bolsa-de-deporte","8":"product_tag-bolsa-de-deporte-y-viaje","9":"product_tag-bolsas-de-deporte-y-de-viaje-al-por-mayor","10":"product_tag-fabricacion-de-bolsas-deportivas","11":"product_tag-produccion-de-bolsas-de-viaje","12":"product_tag-produccion-de-bolsas-deportivas","13":"product_tag-promocion-bolsa-de-viaje","14":"product_tag-promocion-de-bolsas-de-deporte","15":"product_tag-tipos-de-bolsas-deportivas-y-de-viaje","17":"first","18":"instock","19":"shipping-taxable","20":"product-type-simple"},"yoast_head":"<!-- This site is optimized with the Yoast SEO plugin v26.3 - https:\/\/yoast.com\/wordpress\/plugins\/seo\/ -->\n<title>BOLSA DE VIAJE Y DEPORTE GNCS 1184 - Promosyon \u00c7anta imalat\u0131, \u00dcretimi, \u00c7anta imalat\u00e7\u0131s\u0131 \u00dcreticisi istanbul<\/title>\n<meta name=\"description\" content=\"BOLSA DE VIAJE Y DEPORTE GNCS 1184\" \/>\n<meta name=\"robots\" content=\"index, follow, max-snippet:-1, max-image-preview:large, max-video-preview:-1\" \/>\n<link rel=\"canonical\" href=\"https:\/\/genclercanta.com\/es\/urunler\/bolsa-de-viaje-y-deporte-gncs-1184\/\" \/>\n<meta property=\"og:locale\" content=\"es_ES\" \/>\n<meta property=\"og:type\" content=\"article\" \/>\n<meta property=\"og:title\" content=\"BOLSA DE VIAJE Y DEPORTE GNCS 1184 - Promosyon \u00c7anta imalat\u0131, \u00dcretimi, \u00c7anta imalat\u00e7\u0131s\u0131 \u00dcreticisi istanbul\" \/>\n<meta property=\"og:description\" content=\"BOLSA DE VIAJE Y DEPORTE GNCS 1184\" \/>\n<meta property=\"og:url\" content=\"https:\/\/genclercanta.com\/es\/urunler\/bolsa-de-viaje-y-deporte-gncs-1184\/\" \/>\n<meta property=\"og:site_name\" content=\"Promosyon \u00c7anta imalat\u0131, \u00dcretimi, \u00c7anta imalat\u00e7\u0131s\u0131 \u00dcreticisi istanbul\" \/>\n<meta property=\"article:publisher\" content=\"https:\/\/www.facebook.com\/GenclerCantacom\/\" \/>\n<meta property=\"og:image\" content=\"https:\/\/genclercanta.com\/wp-content\/uploads\/2024\/08\/Adsiz-tasarim-28.png\" \/>\n\t<meta property=\"og:image:width\" content=\"400\" \/>\n\t<meta property=\"og:image:height\" content=\"300\" \/>\n\t<meta property=\"og:image:type\" content=\"image\/png\" \/>\n<script type=\"application\/ld+json\" class=\"yoast-schema-graph\">{\"@context\":\"https:\/\/schema.org\",\"@graph\":[{\"@type\":\"WebPage\",\"@id\":\"https:\/\/genclercanta.com\/es\/urunler\/bolsa-de-viaje-y-deporte-gncs-1184\/\",\"url\":\"https:\/\/genclercanta.com\/es\/urunler\/bolsa-de-viaje-y-deporte-gncs-1184\/\",\"name\":\"BOLSA DE VIAJE Y DEPORTE GNCS 1184 - Promosyon \u00c7anta imalat\u0131, \u00dcretimi, \u00c7anta imalat\u00e7\u0131s\u0131 \u00dcreticisi istanbul\",\"isPartOf\":{\"@id\":\"https:\/\/genclercanta.com\/es\/#website\"},\"primaryImageOfPage\":{\"@id\":\"https:\/\/genclercanta.com\/es\/urunler\/bolsa-de-viaje-y-deporte-gncs-1184\/#primaryimage\"},\"image\":{\"@id\":\"https:\/\/genclercanta.com\/es\/urunler\/bolsa-de-viaje-y-deporte-gncs-1184\/#primaryimage\"},\"thumbnailUrl\":\"https:\/\/genclercanta.com\/wp-content\/uploads\/2024\/08\/Adsiz-tasarim-28.png\",\"datePublished\":\"2024-08-13T09:19:08+00:00\",\"description\":\"BOLSA DE VIAJE Y DEPORTE GNCS 1184\",\"breadcrumb\":{\"@id\":\"https:\/\/genclercanta.com\/es\/urunler\/bolsa-de-viaje-y-deporte-gncs-1184\/#breadcrumb\"},\"inLanguage\":\"es\",\"potentialAction\":[{\"@type\":\"ReadAction\",\"target\":[\"https:\/\/genclercanta.com\/es\/urunler\/bolsa-de-viaje-y-deporte-gncs-1184\/\"]}]},{\"@type\":\"ImageObject\",\"inLanguage\":\"es\",\"@id\":\"https:\/\/genclercanta.com\/es\/urunler\/bolsa-de-viaje-y-deporte-gncs-1184\/#primaryimage\",\"url\":\"https:\/\/genclercanta.com\/wp-content\/uploads\/2024\/08\/Adsiz-tasarim-28.png\",\"contentUrl\":\"https:\/\/genclercanta.com\/wp-content\/uploads\/2024\/08\/Adsiz-tasarim-28.png\",\"width\":400,\"height\":300,\"caption\":\"TOPTAN SPOR SEYAHAT MODELLER\u0130 GS \u0130STANBUL\"},{\"@type\":\"BreadcrumbList\",\"@id\":\"https:\/\/genclercanta.com\/es\/urunler\/bolsa-de-viaje-y-deporte-gncs-1184\/#breadcrumb\",\"itemListElement\":[{\"@type\":\"ListItem\",\"position\":1,\"name\":\"Ana sayfa\",\"item\":\"https:\/\/genclercanta.com\/es\/pagina-principal\/\"},{\"@type\":\"ListItem\",\"position\":2,\"name\":\"Tienda\",\"item\":\"https:\/\/genclercanta.com\/es\/tienda\/\"},{\"@type\":\"ListItem\",\"position\":3,\"name\":\"BOLSA DE VIAJE Y DEPORTE GNCS 1184\"}]},{\"@type\":\"WebSite\",\"@id\":\"https:\/\/genclercanta.com\/es\/#website\",\"url\":\"https:\/\/genclercanta.com\/es\/\",\"name\":\"Promosyon \u00c7anta imalat\u0131, \u00dcretimi, \u00c7anta imalat\u00e7\u0131s\u0131 \u00dcreticisi istanbul\",\"description\":\"T\u00fcrkiyenin Toptan, Promosyon \u00c7anta \u0130malat\u00e7\u0131s\u0131\",\"publisher\":{\"@id\":\"https:\/\/genclercanta.com\/es\/#organization\"},\"alternateName\":\"Gen\u00e7ler \u00c7anta\",\"potentialAction\":[{\"@type\":\"SearchAction\",\"target\":{\"@type\":\"EntryPoint\",\"urlTemplate\":\"https:\/\/genclercanta.com\/es\/?s={search_term_string}\"},\"query-input\":{\"@type\":\"PropertyValueSpecification\",\"valueRequired\":true,\"valueName\":\"search_term_string\"}}],\"inLanguage\":\"es\"},{\"@type\":\"Organization\",\"@id\":\"https:\/\/genclercanta.com\/es\/#organization\",\"name\":\"Promosyon \u00c7anta imalat\u0131, \u00dcretimi, \u00c7anta imalat\u00e7\u0131s\u0131 \u00dcreticisi istanbul\",\"alternateName\":\"Gen\u00e7ler \u00c7anta\",\"url\":\"https:\/\/genclercanta.com\/es\/\",\"logo\":{\"@type\":\"ImageObject\",\"inLanguage\":\"es\",\"@id\":\"https:\/\/genclercanta.com\/es\/#\/schema\/logo\/image\/\",\"url\":\"https:\/\/genclercanta.com\/wp-content\/uploads\/2020\/10\/gencler-canta-logo.jpg\",\"contentUrl\":\"https:\/\/genclercanta.com\/wp-content\/uploads\/2020\/10\/gencler-canta-logo.jpg\",\"width\":600,\"height\":133,\"caption\":\"Promosyon \u00c7anta imalat\u0131, \u00dcretimi, \u00c7anta imalat\u00e7\u0131s\u0131 \u00dcreticisi istanbul\"},\"image\":{\"@id\":\"https:\/\/genclercanta.com\/es\/#\/schema\/logo\/image\/\"},\"sameAs\":[\"https:\/\/www.facebook.com\/GenclerCantacom\/\",\"https:\/\/www.instagram.com\/genclercanta\/\"]}]}<\/script>\n<!-- \/ Yoast SEO plugin. -->","yoast_head_json":{"title":"BOLSA DE VIAJE Y DEPORTE GNCS 1184 - Promosyon \u00c7anta imalat\u0131, \u00dcretimi, \u00c7anta imalat\u00e7\u0131s\u0131 \u00dcreticisi istanbul","description":"BOLSA DE VIAJE Y DEPORTE GNCS 1184","robots":{"index":"index","follow":"follow","max-snippet":"max-snippet:-1","max-image-preview":"max-image-preview:large","max-video-preview":"max-video-preview:-1"},"canonical":"https:\/\/genclercanta.com\/es\/urunler\/bolsa-de-viaje-y-deporte-gncs-1184\/","og_locale":"es_ES","og_type":"article","og_title":"BOLSA DE VIAJE Y DEPORTE GNCS 1184 - Promosyon \u00c7anta imalat\u0131, \u00dcretimi, \u00c7anta imalat\u00e7\u0131s\u0131 \u00dcreticisi istanbul","og_description":"BOLSA DE VIAJE Y DEPORTE GNCS 1184","og_url":"https:\/\/genclercanta.com\/es\/urunler\/bolsa-de-viaje-y-deporte-gncs-1184\/","og_site_name":"Promosyon \u00c7anta imalat\u0131, \u00dcretimi, \u00c7anta imalat\u00e7\u0131s\u0131 \u00dcreticisi istanbul","article_publisher":"https:\/\/www.facebook.com\/GenclerCantacom\/","og_image":[{"width":400,"height":300,"url":"https:\/\/genclercanta.com\/wp-content\/uploads\/2024\/08\/Adsiz-tasarim-28.png","type":"image\/png"}],"schema":{"@context":"https:\/\/schema.org","@graph":[{"@type":"WebPage","@id":"https:\/\/genclercanta.com\/es\/urunler\/bolsa-de-viaje-y-deporte-gncs-1184\/","url":"https:\/\/genclercanta.com\/es\/urunler\/bolsa-de-viaje-y-deporte-gncs-1184\/","name":"BOLSA DE VIAJE Y DEPORTE GNCS 1184 - Promosyon \u00c7anta imalat\u0131, \u00dcretimi, \u00c7anta imalat\u00e7\u0131s\u0131 \u00dcreticisi istanbul","isPartOf":{"@id":"https:\/\/genclercanta.com\/es\/#website"},"primaryImageOfPage":{"@id":"https:\/\/genclercanta.com\/es\/urunler\/bolsa-de-viaje-y-deporte-gncs-1184\/#primaryimage"},"image":{"@id":"https:\/\/genclercanta.com\/es\/urunler\/bolsa-de-viaje-y-deporte-gncs-1184\/#primaryimage"},"thumbnailUrl":"https:\/\/genclercanta.com\/wp-content\/uploads\/2024\/08\/Adsiz-tasarim-28.png","datePublished":"2024-08-13T09:19:08+00:00","description":"BOLSA DE VIAJE Y DEPORTE GNCS 1184","breadcrumb":{"@id":"https:\/\/genclercanta.com\/es\/urunler\/bolsa-de-viaje-y-deporte-gncs-1184\/#breadcrumb"},"inLanguage":"es","potentialAction":[{"@type":"ReadAction","target":["https:\/\/genclercanta.com\/es\/urunler\/bolsa-de-viaje-y-deporte-gncs-1184\/"]}]},{"@type":"ImageObject","inLanguage":"es","@id":"https:\/\/genclercanta.com\/es\/urunler\/bolsa-de-viaje-y-deporte-gncs-1184\/#primaryimage","url":"https:\/\/genclercanta.com\/wp-content\/uploads\/2024\/08\/Adsiz-tasarim-28.png","contentUrl":"https:\/\/genclercanta.com\/wp-content\/uploads\/2024\/08\/Adsiz-tasarim-28.png","width":400,"height":300,"caption":"TOPTAN SPOR SEYAHAT MODELLER\u0130 GS \u0130STANBUL"},{"@type":"BreadcrumbList","@id":"https:\/\/genclercanta.com\/es\/urunler\/bolsa-de-viaje-y-deporte-gncs-1184\/#breadcrumb","itemListElement":[{"@type":"ListItem","position":1,"name":"Ana sayfa","item":"https:\/\/genclercanta.com\/es\/pagina-principal\/"},{"@type":"ListItem","position":2,"name":"Tienda","item":"https:\/\/genclercanta.com\/es\/tienda\/"},{"@type":"ListItem","position":3,"name":"BOLSA DE VIAJE Y DEPORTE GNCS 1184"}]},{"@type":"WebSite","@id":"https:\/\/genclercanta.com\/es\/#website","url":"https:\/\/genclercanta.com\/es\/","name":"Promosyon \u00c7anta imalat\u0131, \u00dcretimi, \u00c7anta imalat\u00e7\u0131s\u0131 \u00dcreticisi istanbul","description":"T\u00fcrkiyenin Toptan, Promosyon \u00c7anta \u0130malat\u00e7\u0131s\u0131","publisher":{"@id":"https:\/\/genclercanta.com\/es\/#organization"},"alternateName":"Gen\u00e7ler \u00c7anta","potentialAction":[{"@type":"SearchAction","target":{"@type":"EntryPoint","urlTemplate":"https:\/\/genclercanta.com\/es\/?s={search_term_string}"},"query-input":{"@type":"PropertyValueSpecification","valueRequired":true,"valueName":"search_term_string"}}],"inLanguage":"es"},{"@type":"Organization","@id":"https:\/\/genclercanta.com\/es\/#organization","name":"Promosyon \u00c7anta imalat\u0131, \u00dcretimi, \u00c7anta imalat\u00e7\u0131s\u0131 \u00dcreticisi istanbul","alternateName":"Gen\u00e7ler \u00c7anta","url":"https:\/\/genclercanta.com\/es\/","logo":{"@type":"ImageObject","inLanguage":"es","@id":"https:\/\/genclercanta.com\/es\/#\/schema\/logo\/image\/","url":"https:\/\/genclercanta.com\/wp-content\/uploads\/2020\/10\/gencler-canta-logo.jpg","contentUrl":"https:\/\/genclercanta.com\/wp-content\/uploads\/2020\/10\/gencler-canta-logo.jpg","width":600,"height":133,"caption":"Promosyon \u00c7anta imalat\u0131, \u00dcretimi, \u00c7anta imalat\u00e7\u0131s\u0131 \u00dcreticisi istanbul"},"image":{"@id":"https:\/\/genclercanta.com\/es\/#\/schema\/logo\/image\/"},"sameAs":["https:\/\/www.facebook.com\/GenclerCantacom\/","https:\/\/www.instagram.com\/genclercanta\/"]}]}},"_links":{"self":[{"href":"https:\/\/genclercanta.com\/es\/wp-json\/wp\/v2\/product\/122283","targetHints":{"allow":["GET"]}}],"collection":[{"href":"https:\/\/genclercanta.com\/es\/wp-json\/wp\/v2\/product"}],"about":[{"href":"https:\/\/genclercanta.com\/es\/wp-json\/wp\/v2\/types\/product"}],"replies":[{"embeddable":true,"href":"https:\/\/genclercanta.com\/es\/wp-json\/wp\/v2\/comments?post=122283"}],"wp:featuredmedia":[{"embeddable":true,"href":"https:\/\/genclercanta.com\/es\/wp-json\/wp\/v2\/media\/116358"}],"wp:attachment":[{"href":"https:\/\/genclercanta.com\/es\/wp-json\/wp\/v2\/media?parent=122283"}],"wp:term":[{"taxonomy":"product_brand","embeddable":true,"href":"https:\/\/genclercanta.com\/es\/wp-json\/wp\/v2\/product_brand?post=122283"},{"taxonomy":"product_cat","embeddable":true,"href":"https:\/\/genclercanta.com\/es\/wp-json\/wp\/v2\/product_cat?post=122283"},{"taxonomy":"product_tag","embeddable":true,"href":"https:\/\/genclercanta.com\/es\/wp-json\/wp\/v2\/product_tag?post=122283"}],"curies":[{"name":"wp","href":"https:\/\/api.w.org\/{rel}","templated":true}]}}