{"id":122642,"date":"2025-09-02T10:11:26","date_gmt":"2025-09-02T10:11:26","guid":{"rendered":"https:\/\/genclercanta.com\/?post_type=product&#038;p=122642"},"modified":"2025-09-03T11:30:47","modified_gmt":"2025-09-03T11:30:47","slug":"mochila-escolar-gncu-1333-kopya-kopya-kopya-kopya-kopya-kopya-kopya","status":"publish","type":"product","link":"https:\/\/genclercanta.com\/es\/urunler\/mochila-escolar-gncu-1333-kopya-kopya-kopya-kopya-kopya-kopya-kopya\/","title":{"rendered":"Mochila escolar GNCU 1341"},"content":{"rendered":"<p>C\u00f3digo: GNCU 1341<br \/>\nAncho, Largo, Fondo: 38x27x12 cm<br \/>\nFabricado en tela impermeable.<\/p>\n","protected":false},"excerpt":{"rendered":"<p>Mochila escolar GNCU 1341<\/p>\n","protected":false},"featured_media":122649,"comment_status":"open","ping_status":"closed","template":"","meta":[],"product_brand":[],"product_cat":[697],"product_tag":[852,850,851,856],"class_list":{"0":"post-122642","1":"product","2":"type-product","3":"status-publish","4":"has-post-thumbnail","6":"product_cat-bolsas-escolares","7":"product_tag-bolsa-promocional","8":"product_tag-fabricacion-de-bolsas","9":"product_tag-produccion-de-bolsas","10":"product_tag-venta-al-por-major-mochila","12":"first","13":"instock","14":"shipping-taxable","15":"product-type-simple"},"yoast_head":"<!-- This site is optimized with the Yoast SEO plugin v26.3 - https:\/\/yoast.com\/wordpress\/plugins\/seo\/ -->\n<title>Mochila escolar GNCU 1341 - Promosyon \u00c7anta imalat\u0131, \u00dcretimi, \u00c7anta imalat\u00e7\u0131s\u0131 \u00dcreticisi istanbul<\/title>\n<meta name=\"description\" content=\"Mochila escolar GNCU 1341\" \/>\n<meta name=\"robots\" content=\"index, follow, max-snippet:-1, max-image-preview:large, max-video-preview:-1\" \/>\n<link rel=\"canonical\" href=\"https:\/\/genclercanta.com\/es\/urunler\/mochila-escolar-gncu-1333-kopya-kopya-kopya-kopya-kopya-kopya-kopya\/\" \/>\n<meta property=\"og:locale\" content=\"es_ES\" \/>\n<meta property=\"og:type\" content=\"article\" \/>\n<meta property=\"og:title\" content=\"Mochila escolar GNCU 1341 - Promosyon \u00c7anta imalat\u0131, \u00dcretimi, \u00c7anta imalat\u00e7\u0131s\u0131 \u00dcreticisi istanbul\" \/>\n<meta property=\"og:description\" content=\"Mochila escolar GNCU 1341\" \/>\n<meta property=\"og:url\" content=\"https:\/\/genclercanta.com\/es\/urunler\/mochila-escolar-gncu-1333-kopya-kopya-kopya-kopya-kopya-kopya-kopya\/\" \/>\n<meta property=\"og:site_name\" content=\"Promosyon \u00c7anta imalat\u0131, \u00dcretimi, \u00c7anta imalat\u00e7\u0131s\u0131 \u00dcreticisi istanbul\" \/>\n<meta property=\"article:publisher\" content=\"https:\/\/www.facebook.com\/GenclerCantacom\/\" \/>\n<meta property=\"article:modified_time\" content=\"2025-09-03T11:30:47+00:00\" \/>\n<meta property=\"og:image\" content=\"https:\/\/genclercanta.com\/wp-content\/uploads\/2025\/09\/Adsiz-tasarim-27.jpg\" \/>\n\t<meta property=\"og:image:width\" content=\"1600\" \/>\n\t<meta property=\"og:image:height\" content=\"1200\" \/>\n\t<meta property=\"og:image:type\" content=\"image\/jpeg\" \/>\n<script type=\"application\/ld+json\" class=\"yoast-schema-graph\">{\"@context\":\"https:\/\/schema.org\",\"@graph\":[{\"@type\":\"WebPage\",\"@id\":\"https:\/\/genclercanta.com\/es\/urunler\/mochila-escolar-gncu-1333-kopya-kopya-kopya-kopya-kopya-kopya-kopya\/\",\"url\":\"https:\/\/genclercanta.com\/es\/urunler\/mochila-escolar-gncu-1333-kopya-kopya-kopya-kopya-kopya-kopya-kopya\/\",\"name\":\"Mochila escolar GNCU 1341 - Promosyon \u00c7anta imalat\u0131, \u00dcretimi, \u00c7anta imalat\u00e7\u0131s\u0131 \u00dcreticisi istanbul\",\"isPartOf\":{\"@id\":\"https:\/\/genclercanta.com\/es\/#website\"},\"primaryImageOfPage\":{\"@id\":\"https:\/\/genclercanta.com\/es\/urunler\/mochila-escolar-gncu-1333-kopya-kopya-kopya-kopya-kopya-kopya-kopya\/#primaryimage\"},\"image\":{\"@id\":\"https:\/\/genclercanta.com\/es\/urunler\/mochila-escolar-gncu-1333-kopya-kopya-kopya-kopya-kopya-kopya-kopya\/#primaryimage\"},\"thumbnailUrl\":\"https:\/\/genclercanta.com\/wp-content\/uploads\/2025\/09\/Adsiz-tasarim-27.jpg\",\"datePublished\":\"2025-09-02T10:11:26+00:00\",\"dateModified\":\"2025-09-03T11:30:47+00:00\",\"description\":\"Mochila escolar GNCU 1341\",\"breadcrumb\":{\"@id\":\"https:\/\/genclercanta.com\/es\/urunler\/mochila-escolar-gncu-1333-kopya-kopya-kopya-kopya-kopya-kopya-kopya\/#breadcrumb\"},\"inLanguage\":\"es\",\"potentialAction\":[{\"@type\":\"ReadAction\",\"target\":[\"https:\/\/genclercanta.com\/es\/urunler\/mochila-escolar-gncu-1333-kopya-kopya-kopya-kopya-kopya-kopya-kopya\/\"]}]},{\"@type\":\"ImageObject\",\"inLanguage\":\"es\",\"@id\":\"https:\/\/genclercanta.com\/es\/urunler\/mochila-escolar-gncu-1333-kopya-kopya-kopya-kopya-kopya-kopya-kopya\/#primaryimage\",\"url\":\"https:\/\/genclercanta.com\/wp-content\/uploads\/2025\/09\/Adsiz-tasarim-27.jpg\",\"contentUrl\":\"https:\/\/genclercanta.com\/wp-content\/uploads\/2025\/09\/Adsiz-tasarim-27.jpg\",\"width\":1600,\"height\":1200},{\"@type\":\"BreadcrumbList\",\"@id\":\"https:\/\/genclercanta.com\/es\/urunler\/mochila-escolar-gncu-1333-kopya-kopya-kopya-kopya-kopya-kopya-kopya\/#breadcrumb\",\"itemListElement\":[{\"@type\":\"ListItem\",\"position\":1,\"name\":\"Ana sayfa\",\"item\":\"https:\/\/genclercanta.com\/es\/pagina-principal\/\"},{\"@type\":\"ListItem\",\"position\":2,\"name\":\"Tienda\",\"item\":\"https:\/\/genclercanta.com\/es\/tienda\/\"},{\"@type\":\"ListItem\",\"position\":3,\"name\":\"Mochila escolar GNCU 1341\"}]},{\"@type\":\"WebSite\",\"@id\":\"https:\/\/genclercanta.com\/es\/#website\",\"url\":\"https:\/\/genclercanta.com\/es\/\",\"name\":\"Promosyon \u00c7anta imalat\u0131, \u00dcretimi, \u00c7anta imalat\u00e7\u0131s\u0131 \u00dcreticisi istanbul\",\"description\":\"T\u00fcrkiyenin Toptan, Promosyon \u00c7anta \u0130malat\u00e7\u0131s\u0131\",\"publisher\":{\"@id\":\"https:\/\/genclercanta.com\/es\/#organization\"},\"alternateName\":\"Gen\u00e7ler \u00c7anta\",\"potentialAction\":[{\"@type\":\"SearchAction\",\"target\":{\"@type\":\"EntryPoint\",\"urlTemplate\":\"https:\/\/genclercanta.com\/es\/?s={search_term_string}\"},\"query-input\":{\"@type\":\"PropertyValueSpecification\",\"valueRequired\":true,\"valueName\":\"search_term_string\"}}],\"inLanguage\":\"es\"},{\"@type\":\"Organization\",\"@id\":\"https:\/\/genclercanta.com\/es\/#organization\",\"name\":\"Promosyon \u00c7anta imalat\u0131, \u00dcretimi, \u00c7anta imalat\u00e7\u0131s\u0131 \u00dcreticisi istanbul\",\"alternateName\":\"Gen\u00e7ler \u00c7anta\",\"url\":\"https:\/\/genclercanta.com\/es\/\",\"logo\":{\"@type\":\"ImageObject\",\"inLanguage\":\"es\",\"@id\":\"https:\/\/genclercanta.com\/es\/#\/schema\/logo\/image\/\",\"url\":\"https:\/\/genclercanta.com\/wp-content\/uploads\/2020\/10\/gencler-canta-logo.jpg\",\"contentUrl\":\"https:\/\/genclercanta.com\/wp-content\/uploads\/2020\/10\/gencler-canta-logo.jpg\",\"width\":600,\"height\":133,\"caption\":\"Promosyon \u00c7anta imalat\u0131, \u00dcretimi, \u00c7anta imalat\u00e7\u0131s\u0131 \u00dcreticisi istanbul\"},\"image\":{\"@id\":\"https:\/\/genclercanta.com\/es\/#\/schema\/logo\/image\/\"},\"sameAs\":[\"https:\/\/www.facebook.com\/GenclerCantacom\/\",\"https:\/\/www.instagram.com\/genclercanta\/\"]}]}<\/script>\n<!-- \/ Yoast SEO plugin. -->","yoast_head_json":{"title":"Mochila escolar GNCU 1341 - Promosyon \u00c7anta imalat\u0131, \u00dcretimi, \u00c7anta imalat\u00e7\u0131s\u0131 \u00dcreticisi istanbul","description":"Mochila escolar GNCU 1341","robots":{"index":"index","follow":"follow","max-snippet":"max-snippet:-1","max-image-preview":"max-image-preview:large","max-video-preview":"max-video-preview:-1"},"canonical":"https:\/\/genclercanta.com\/es\/urunler\/mochila-escolar-gncu-1333-kopya-kopya-kopya-kopya-kopya-kopya-kopya\/","og_locale":"es_ES","og_type":"article","og_title":"Mochila escolar GNCU 1341 - Promosyon \u00c7anta imalat\u0131, \u00dcretimi, \u00c7anta imalat\u00e7\u0131s\u0131 \u00dcreticisi istanbul","og_description":"Mochila escolar GNCU 1341","og_url":"https:\/\/genclercanta.com\/es\/urunler\/mochila-escolar-gncu-1333-kopya-kopya-kopya-kopya-kopya-kopya-kopya\/","og_site_name":"Promosyon \u00c7anta imalat\u0131, \u00dcretimi, \u00c7anta imalat\u00e7\u0131s\u0131 \u00dcreticisi istanbul","article_publisher":"https:\/\/www.facebook.com\/GenclerCantacom\/","article_modified_time":"2025-09-03T11:30:47+00:00","og_image":[{"width":1600,"height":1200,"url":"https:\/\/genclercanta.com\/wp-content\/uploads\/2025\/09\/Adsiz-tasarim-27.jpg","type":"image\/jpeg"}],"schema":{"@context":"https:\/\/schema.org","@graph":[{"@type":"WebPage","@id":"https:\/\/genclercanta.com\/es\/urunler\/mochila-escolar-gncu-1333-kopya-kopya-kopya-kopya-kopya-kopya-kopya\/","url":"https:\/\/genclercanta.com\/es\/urunler\/mochila-escolar-gncu-1333-kopya-kopya-kopya-kopya-kopya-kopya-kopya\/","name":"Mochila escolar GNCU 1341 - Promosyon \u00c7anta imalat\u0131, \u00dcretimi, \u00c7anta imalat\u00e7\u0131s\u0131 \u00dcreticisi istanbul","isPartOf":{"@id":"https:\/\/genclercanta.com\/es\/#website"},"primaryImageOfPage":{"@id":"https:\/\/genclercanta.com\/es\/urunler\/mochila-escolar-gncu-1333-kopya-kopya-kopya-kopya-kopya-kopya-kopya\/#primaryimage"},"image":{"@id":"https:\/\/genclercanta.com\/es\/urunler\/mochila-escolar-gncu-1333-kopya-kopya-kopya-kopya-kopya-kopya-kopya\/#primaryimage"},"thumbnailUrl":"https:\/\/genclercanta.com\/wp-content\/uploads\/2025\/09\/Adsiz-tasarim-27.jpg","datePublished":"2025-09-02T10:11:26+00:00","dateModified":"2025-09-03T11:30:47+00:00","description":"Mochila escolar GNCU 1341","breadcrumb":{"@id":"https:\/\/genclercanta.com\/es\/urunler\/mochila-escolar-gncu-1333-kopya-kopya-kopya-kopya-kopya-kopya-kopya\/#breadcrumb"},"inLanguage":"es","potentialAction":[{"@type":"ReadAction","target":["https:\/\/genclercanta.com\/es\/urunler\/mochila-escolar-gncu-1333-kopya-kopya-kopya-kopya-kopya-kopya-kopya\/"]}]},{"@type":"ImageObject","inLanguage":"es","@id":"https:\/\/genclercanta.com\/es\/urunler\/mochila-escolar-gncu-1333-kopya-kopya-kopya-kopya-kopya-kopya-kopya\/#primaryimage","url":"https:\/\/genclercanta.com\/wp-content\/uploads\/2025\/09\/Adsiz-tasarim-27.jpg","contentUrl":"https:\/\/genclercanta.com\/wp-content\/uploads\/2025\/09\/Adsiz-tasarim-27.jpg","width":1600,"height":1200},{"@type":"BreadcrumbList","@id":"https:\/\/genclercanta.com\/es\/urunler\/mochila-escolar-gncu-1333-kopya-kopya-kopya-kopya-kopya-kopya-kopya\/#breadcrumb","itemListElement":[{"@type":"ListItem","position":1,"name":"Ana sayfa","item":"https:\/\/genclercanta.com\/es\/pagina-principal\/"},{"@type":"ListItem","position":2,"name":"Tienda","item":"https:\/\/genclercanta.com\/es\/tienda\/"},{"@type":"ListItem","position":3,"name":"Mochila escolar GNCU 1341"}]},{"@type":"WebSite","@id":"https:\/\/genclercanta.com\/es\/#website","url":"https:\/\/genclercanta.com\/es\/","name":"Promosyon \u00c7anta imalat\u0131, \u00dcretimi, \u00c7anta imalat\u00e7\u0131s\u0131 \u00dcreticisi istanbul","description":"T\u00fcrkiyenin Toptan, Promosyon \u00c7anta \u0130malat\u00e7\u0131s\u0131","publisher":{"@id":"https:\/\/genclercanta.com\/es\/#organization"},"alternateName":"Gen\u00e7ler \u00c7anta","potentialAction":[{"@type":"SearchAction","target":{"@type":"EntryPoint","urlTemplate":"https:\/\/genclercanta.com\/es\/?s={search_term_string}"},"query-input":{"@type":"PropertyValueSpecification","valueRequired":true,"valueName":"search_term_string"}}],"inLanguage":"es"},{"@type":"Organization","@id":"https:\/\/genclercanta.com\/es\/#organization","name":"Promosyon \u00c7anta imalat\u0131, \u00dcretimi, \u00c7anta imalat\u00e7\u0131s\u0131 \u00dcreticisi istanbul","alternateName":"Gen\u00e7ler \u00c7anta","url":"https:\/\/genclercanta.com\/es\/","logo":{"@type":"ImageObject","inLanguage":"es","@id":"https:\/\/genclercanta.com\/es\/#\/schema\/logo\/image\/","url":"https:\/\/genclercanta.com\/wp-content\/uploads\/2020\/10\/gencler-canta-logo.jpg","contentUrl":"https:\/\/genclercanta.com\/wp-content\/uploads\/2020\/10\/gencler-canta-logo.jpg","width":600,"height":133,"caption":"Promosyon \u00c7anta imalat\u0131, \u00dcretimi, \u00c7anta imalat\u00e7\u0131s\u0131 \u00dcreticisi istanbul"},"image":{"@id":"https:\/\/genclercanta.com\/es\/#\/schema\/logo\/image\/"},"sameAs":["https:\/\/www.facebook.com\/GenclerCantacom\/","https:\/\/www.instagram.com\/genclercanta\/"]}]}},"_links":{"self":[{"href":"https:\/\/genclercanta.com\/es\/wp-json\/wp\/v2\/product\/122642","targetHints":{"allow":["GET"]}}],"collection":[{"href":"https:\/\/genclercanta.com\/es\/wp-json\/wp\/v2\/product"}],"about":[{"href":"https:\/\/genclercanta.com\/es\/wp-json\/wp\/v2\/types\/product"}],"replies":[{"embeddable":true,"href":"https:\/\/genclercanta.com\/es\/wp-json\/wp\/v2\/comments?post=122642"}],"wp:featuredmedia":[{"embeddable":true,"href":"https:\/\/genclercanta.com\/es\/wp-json\/wp\/v2\/media\/122649"}],"wp:attachment":[{"href":"https:\/\/genclercanta.com\/es\/wp-json\/wp\/v2\/media?parent=122642"}],"wp:term":[{"taxonomy":"product_brand","embeddable":true,"href":"https:\/\/genclercanta.com\/es\/wp-json\/wp\/v2\/product_brand?post=122642"},{"taxonomy":"product_cat","embeddable":true,"href":"https:\/\/genclercanta.com\/es\/wp-json\/wp\/v2\/product_cat?post=122642"},{"taxonomy":"product_tag","embeddable":true,"href":"https:\/\/genclercanta.com\/es\/wp-json\/wp\/v2\/product_tag?post=122642"}],"curies":[{"name":"wp","href":"https:\/\/api.w.org\/{rel}","templated":true}]}}