{"id":123293,"date":"2022-05-25T12:18:51","date_gmt":"2022-05-25T12:18:51","guid":{"rendered":"https:\/\/genclercanta.com\/urunler\/bolsa-para-guarderia-y-jardin-de-infantes-gnck-534\/"},"modified":"2022-05-25T12:18:51","modified_gmt":"2022-05-25T12:18:51","slug":"bolsa-para-guarderia-y-jardin-de-infantes-gnck-534","status":"publish","type":"product","link":"https:\/\/genclercanta.com\/es\/urunler\/bolsa-para-guarderia-y-jardin-de-infantes-gnck-534\/","title":{"rendered":"BOLSA PARA GUARDER\u00cdA Y JARD\u00cdN DE INFANTES GNCK 534"},"content":{"rendered":"<p>C\u00f3digo: GNCK 534<br \/>\nNombre: Bolsa para guarder\u00eda &#8211; Jard\u00edn de infancia<br \/>\nMaterial: Tejido de poli\u00e9ster impermeable<br \/>\nDimensiones: 36 x 25 x 10 cm<br \/>\nTama\u00f1o de la caja: 50 x 40 x 40 cm<br \/>\nCantidad por paquete: ud.<br \/>\nPeso: 1000 gramos<\/p>\n","protected":false},"excerpt":{"rendered":"<p>BOLSA PARA GUARDER\u00cdA Y JARD\u00cdN DE INFANTES GNCK 534<\/p>\n","protected":false},"featured_media":104537,"comment_status":"open","ping_status":"closed","template":"","meta":[],"product_brand":[],"product_cat":[329],"product_tag":[852,850,965,964,851,856],"class_list":{"0":"post-123293","1":"product","2":"type-product","3":"status-publish","4":"has-post-thumbnail","6":"product_cat-bolsas-para-jardin-de-infantes","7":"product_tag-bolsa-promocional","8":"product_tag-fabricacion-de-bolsas","9":"product_tag-kindergarten-es","10":"product_tag-modelos-de-bolsas-de-guarderia","11":"product_tag-produccion-de-bolsas","12":"product_tag-venta-al-por-major-mochila","14":"first","15":"instock","16":"shipping-taxable","17":"product-type-simple"},"yoast_head":"<!-- This site is optimized with the Yoast SEO plugin v26.3 - https:\/\/yoast.com\/wordpress\/plugins\/seo\/ -->\n<title>BOLSA PARA GUARDER\u00cdA Y JARD\u00cdN DE INFANTES GNCK 534 - Promosyon \u00c7anta imalat\u0131, \u00dcretimi, \u00c7anta imalat\u00e7\u0131s\u0131 \u00dcreticisi istanbul<\/title>\n<meta name=\"description\" content=\"BOLSA PARA GUARDER\u00cdA Y JARD\u00cdN DE INFANTES GNCK 534\" \/>\n<meta name=\"robots\" content=\"index, follow, max-snippet:-1, max-image-preview:large, max-video-preview:-1\" \/>\n<link rel=\"canonical\" href=\"https:\/\/genclercanta.com\/es\/urunler\/bolsa-para-guarderia-y-jardin-de-infantes-gnck-534\/\" \/>\n<meta property=\"og:locale\" content=\"es_ES\" \/>\n<meta property=\"og:type\" content=\"article\" \/>\n<meta property=\"og:title\" content=\"BOLSA PARA GUARDER\u00cdA Y JARD\u00cdN DE INFANTES GNCK 534 - Promosyon \u00c7anta imalat\u0131, \u00dcretimi, \u00c7anta imalat\u00e7\u0131s\u0131 \u00dcreticisi istanbul\" \/>\n<meta property=\"og:description\" content=\"BOLSA PARA GUARDER\u00cdA Y JARD\u00cdN DE INFANTES GNCK 534\" \/>\n<meta property=\"og:url\" content=\"https:\/\/genclercanta.com\/es\/urunler\/bolsa-para-guarderia-y-jardin-de-infantes-gnck-534\/\" \/>\n<meta property=\"og:site_name\" content=\"Promosyon \u00c7anta imalat\u0131, \u00dcretimi, \u00c7anta imalat\u00e7\u0131s\u0131 \u00dcreticisi istanbul\" \/>\n<meta property=\"article:publisher\" content=\"https:\/\/www.facebook.com\/GenclerCantacom\/\" \/>\n<meta property=\"og:image\" content=\"https:\/\/genclercanta.com\/wp-content\/uploads\/2022\/05\/963A0192-JustStdo.jpg\" \/>\n\t<meta property=\"og:image:width\" content=\"600\" \/>\n\t<meta property=\"og:image:height\" content=\"450\" \/>\n\t<meta property=\"og:image:type\" content=\"image\/jpeg\" \/>\n<script type=\"application\/ld+json\" class=\"yoast-schema-graph\">{\"@context\":\"https:\/\/schema.org\",\"@graph\":[{\"@type\":\"WebPage\",\"@id\":\"https:\/\/genclercanta.com\/es\/urunler\/bolsa-para-guarderia-y-jardin-de-infantes-gnck-534\/\",\"url\":\"https:\/\/genclercanta.com\/es\/urunler\/bolsa-para-guarderia-y-jardin-de-infantes-gnck-534\/\",\"name\":\"BOLSA PARA GUARDER\u00cdA Y JARD\u00cdN DE INFANTES GNCK 534 - Promosyon \u00c7anta imalat\u0131, \u00dcretimi, \u00c7anta imalat\u00e7\u0131s\u0131 \u00dcreticisi istanbul\",\"isPartOf\":{\"@id\":\"https:\/\/genclercanta.com\/es\/#website\"},\"primaryImageOfPage\":{\"@id\":\"https:\/\/genclercanta.com\/es\/urunler\/bolsa-para-guarderia-y-jardin-de-infantes-gnck-534\/#primaryimage\"},\"image\":{\"@id\":\"https:\/\/genclercanta.com\/es\/urunler\/bolsa-para-guarderia-y-jardin-de-infantes-gnck-534\/#primaryimage\"},\"thumbnailUrl\":\"https:\/\/genclercanta.com\/wp-content\/uploads\/2022\/05\/963A0192-JustStdo.jpg\",\"datePublished\":\"2022-05-25T12:18:51+00:00\",\"description\":\"BOLSA PARA GUARDER\u00cdA Y JARD\u00cdN DE INFANTES GNCK 534\",\"breadcrumb\":{\"@id\":\"https:\/\/genclercanta.com\/es\/urunler\/bolsa-para-guarderia-y-jardin-de-infantes-gnck-534\/#breadcrumb\"},\"inLanguage\":\"es\",\"potentialAction\":[{\"@type\":\"ReadAction\",\"target\":[\"https:\/\/genclercanta.com\/es\/urunler\/bolsa-para-guarderia-y-jardin-de-infantes-gnck-534\/\"]}]},{\"@type\":\"ImageObject\",\"inLanguage\":\"es\",\"@id\":\"https:\/\/genclercanta.com\/es\/urunler\/bolsa-para-guarderia-y-jardin-de-infantes-gnck-534\/#primaryimage\",\"url\":\"https:\/\/genclercanta.com\/wp-content\/uploads\/2022\/05\/963A0192-JustStdo.jpg\",\"contentUrl\":\"https:\/\/genclercanta.com\/wp-content\/uploads\/2022\/05\/963A0192-JustStdo.jpg\",\"width\":600,\"height\":450,\"caption\":\"toptan anaokulu \u00e7anta modelleri\"},{\"@type\":\"BreadcrumbList\",\"@id\":\"https:\/\/genclercanta.com\/es\/urunler\/bolsa-para-guarderia-y-jardin-de-infantes-gnck-534\/#breadcrumb\",\"itemListElement\":[{\"@type\":\"ListItem\",\"position\":1,\"name\":\"Ana sayfa\",\"item\":\"https:\/\/genclercanta.com\/es\/pagina-principal\/\"},{\"@type\":\"ListItem\",\"position\":2,\"name\":\"Tienda\",\"item\":\"https:\/\/genclercanta.com\/es\/tienda\/\"},{\"@type\":\"ListItem\",\"position\":3,\"name\":\"BOLSA PARA GUARDER\u00cdA Y JARD\u00cdN DE INFANTES GNCK 534\"}]},{\"@type\":\"WebSite\",\"@id\":\"https:\/\/genclercanta.com\/es\/#website\",\"url\":\"https:\/\/genclercanta.com\/es\/\",\"name\":\"Promosyon \u00c7anta imalat\u0131, \u00dcretimi, \u00c7anta imalat\u00e7\u0131s\u0131 \u00dcreticisi istanbul\",\"description\":\"T\u00fcrkiyenin Toptan, Promosyon \u00c7anta \u0130malat\u00e7\u0131s\u0131\",\"publisher\":{\"@id\":\"https:\/\/genclercanta.com\/es\/#organization\"},\"alternateName\":\"Gen\u00e7ler \u00c7anta\",\"potentialAction\":[{\"@type\":\"SearchAction\",\"target\":{\"@type\":\"EntryPoint\",\"urlTemplate\":\"https:\/\/genclercanta.com\/es\/?s={search_term_string}\"},\"query-input\":{\"@type\":\"PropertyValueSpecification\",\"valueRequired\":true,\"valueName\":\"search_term_string\"}}],\"inLanguage\":\"es\"},{\"@type\":\"Organization\",\"@id\":\"https:\/\/genclercanta.com\/es\/#organization\",\"name\":\"Promosyon \u00c7anta imalat\u0131, \u00dcretimi, \u00c7anta imalat\u00e7\u0131s\u0131 \u00dcreticisi istanbul\",\"alternateName\":\"Gen\u00e7ler \u00c7anta\",\"url\":\"https:\/\/genclercanta.com\/es\/\",\"logo\":{\"@type\":\"ImageObject\",\"inLanguage\":\"es\",\"@id\":\"https:\/\/genclercanta.com\/es\/#\/schema\/logo\/image\/\",\"url\":\"https:\/\/genclercanta.com\/wp-content\/uploads\/2020\/10\/gencler-canta-logo.jpg\",\"contentUrl\":\"https:\/\/genclercanta.com\/wp-content\/uploads\/2020\/10\/gencler-canta-logo.jpg\",\"width\":600,\"height\":133,\"caption\":\"Promosyon \u00c7anta imalat\u0131, \u00dcretimi, \u00c7anta imalat\u00e7\u0131s\u0131 \u00dcreticisi istanbul\"},\"image\":{\"@id\":\"https:\/\/genclercanta.com\/es\/#\/schema\/logo\/image\/\"},\"sameAs\":[\"https:\/\/www.facebook.com\/GenclerCantacom\/\",\"https:\/\/www.instagram.com\/genclercanta\/\"]}]}<\/script>\n<!-- \/ Yoast SEO plugin. -->","yoast_head_json":{"title":"BOLSA PARA GUARDER\u00cdA Y JARD\u00cdN DE INFANTES GNCK 534 - Promosyon \u00c7anta imalat\u0131, \u00dcretimi, \u00c7anta imalat\u00e7\u0131s\u0131 \u00dcreticisi istanbul","description":"BOLSA PARA GUARDER\u00cdA Y JARD\u00cdN DE INFANTES GNCK 534","robots":{"index":"index","follow":"follow","max-snippet":"max-snippet:-1","max-image-preview":"max-image-preview:large","max-video-preview":"max-video-preview:-1"},"canonical":"https:\/\/genclercanta.com\/es\/urunler\/bolsa-para-guarderia-y-jardin-de-infantes-gnck-534\/","og_locale":"es_ES","og_type":"article","og_title":"BOLSA PARA GUARDER\u00cdA Y JARD\u00cdN DE INFANTES GNCK 534 - Promosyon \u00c7anta imalat\u0131, \u00dcretimi, \u00c7anta imalat\u00e7\u0131s\u0131 \u00dcreticisi istanbul","og_description":"BOLSA PARA GUARDER\u00cdA Y JARD\u00cdN DE INFANTES GNCK 534","og_url":"https:\/\/genclercanta.com\/es\/urunler\/bolsa-para-guarderia-y-jardin-de-infantes-gnck-534\/","og_site_name":"Promosyon \u00c7anta imalat\u0131, \u00dcretimi, \u00c7anta imalat\u00e7\u0131s\u0131 \u00dcreticisi istanbul","article_publisher":"https:\/\/www.facebook.com\/GenclerCantacom\/","og_image":[{"width":600,"height":450,"url":"https:\/\/genclercanta.com\/wp-content\/uploads\/2022\/05\/963A0192-JustStdo.jpg","type":"image\/jpeg"}],"schema":{"@context":"https:\/\/schema.org","@graph":[{"@type":"WebPage","@id":"https:\/\/genclercanta.com\/es\/urunler\/bolsa-para-guarderia-y-jardin-de-infantes-gnck-534\/","url":"https:\/\/genclercanta.com\/es\/urunler\/bolsa-para-guarderia-y-jardin-de-infantes-gnck-534\/","name":"BOLSA PARA GUARDER\u00cdA Y JARD\u00cdN DE INFANTES GNCK 534 - Promosyon \u00c7anta imalat\u0131, \u00dcretimi, \u00c7anta imalat\u00e7\u0131s\u0131 \u00dcreticisi istanbul","isPartOf":{"@id":"https:\/\/genclercanta.com\/es\/#website"},"primaryImageOfPage":{"@id":"https:\/\/genclercanta.com\/es\/urunler\/bolsa-para-guarderia-y-jardin-de-infantes-gnck-534\/#primaryimage"},"image":{"@id":"https:\/\/genclercanta.com\/es\/urunler\/bolsa-para-guarderia-y-jardin-de-infantes-gnck-534\/#primaryimage"},"thumbnailUrl":"https:\/\/genclercanta.com\/wp-content\/uploads\/2022\/05\/963A0192-JustStdo.jpg","datePublished":"2022-05-25T12:18:51+00:00","description":"BOLSA PARA GUARDER\u00cdA Y JARD\u00cdN DE INFANTES GNCK 534","breadcrumb":{"@id":"https:\/\/genclercanta.com\/es\/urunler\/bolsa-para-guarderia-y-jardin-de-infantes-gnck-534\/#breadcrumb"},"inLanguage":"es","potentialAction":[{"@type":"ReadAction","target":["https:\/\/genclercanta.com\/es\/urunler\/bolsa-para-guarderia-y-jardin-de-infantes-gnck-534\/"]}]},{"@type":"ImageObject","inLanguage":"es","@id":"https:\/\/genclercanta.com\/es\/urunler\/bolsa-para-guarderia-y-jardin-de-infantes-gnck-534\/#primaryimage","url":"https:\/\/genclercanta.com\/wp-content\/uploads\/2022\/05\/963A0192-JustStdo.jpg","contentUrl":"https:\/\/genclercanta.com\/wp-content\/uploads\/2022\/05\/963A0192-JustStdo.jpg","width":600,"height":450,"caption":"toptan anaokulu \u00e7anta modelleri"},{"@type":"BreadcrumbList","@id":"https:\/\/genclercanta.com\/es\/urunler\/bolsa-para-guarderia-y-jardin-de-infantes-gnck-534\/#breadcrumb","itemListElement":[{"@type":"ListItem","position":1,"name":"Ana sayfa","item":"https:\/\/genclercanta.com\/es\/pagina-principal\/"},{"@type":"ListItem","position":2,"name":"Tienda","item":"https:\/\/genclercanta.com\/es\/tienda\/"},{"@type":"ListItem","position":3,"name":"BOLSA PARA GUARDER\u00cdA Y JARD\u00cdN DE INFANTES GNCK 534"}]},{"@type":"WebSite","@id":"https:\/\/genclercanta.com\/es\/#website","url":"https:\/\/genclercanta.com\/es\/","name":"Promosyon \u00c7anta imalat\u0131, \u00dcretimi, \u00c7anta imalat\u00e7\u0131s\u0131 \u00dcreticisi istanbul","description":"T\u00fcrkiyenin Toptan, Promosyon \u00c7anta \u0130malat\u00e7\u0131s\u0131","publisher":{"@id":"https:\/\/genclercanta.com\/es\/#organization"},"alternateName":"Gen\u00e7ler \u00c7anta","potentialAction":[{"@type":"SearchAction","target":{"@type":"EntryPoint","urlTemplate":"https:\/\/genclercanta.com\/es\/?s={search_term_string}"},"query-input":{"@type":"PropertyValueSpecification","valueRequired":true,"valueName":"search_term_string"}}],"inLanguage":"es"},{"@type":"Organization","@id":"https:\/\/genclercanta.com\/es\/#organization","name":"Promosyon \u00c7anta imalat\u0131, \u00dcretimi, \u00c7anta imalat\u00e7\u0131s\u0131 \u00dcreticisi istanbul","alternateName":"Gen\u00e7ler \u00c7anta","url":"https:\/\/genclercanta.com\/es\/","logo":{"@type":"ImageObject","inLanguage":"es","@id":"https:\/\/genclercanta.com\/es\/#\/schema\/logo\/image\/","url":"https:\/\/genclercanta.com\/wp-content\/uploads\/2020\/10\/gencler-canta-logo.jpg","contentUrl":"https:\/\/genclercanta.com\/wp-content\/uploads\/2020\/10\/gencler-canta-logo.jpg","width":600,"height":133,"caption":"Promosyon \u00c7anta imalat\u0131, \u00dcretimi, \u00c7anta imalat\u00e7\u0131s\u0131 \u00dcreticisi istanbul"},"image":{"@id":"https:\/\/genclercanta.com\/es\/#\/schema\/logo\/image\/"},"sameAs":["https:\/\/www.facebook.com\/GenclerCantacom\/","https:\/\/www.instagram.com\/genclercanta\/"]}]}},"_links":{"self":[{"href":"https:\/\/genclercanta.com\/es\/wp-json\/wp\/v2\/product\/123293","targetHints":{"allow":["GET"]}}],"collection":[{"href":"https:\/\/genclercanta.com\/es\/wp-json\/wp\/v2\/product"}],"about":[{"href":"https:\/\/genclercanta.com\/es\/wp-json\/wp\/v2\/types\/product"}],"replies":[{"embeddable":true,"href":"https:\/\/genclercanta.com\/es\/wp-json\/wp\/v2\/comments?post=123293"}],"wp:featuredmedia":[{"embeddable":true,"href":"https:\/\/genclercanta.com\/es\/wp-json\/wp\/v2\/media\/104537"}],"wp:attachment":[{"href":"https:\/\/genclercanta.com\/es\/wp-json\/wp\/v2\/media?parent=123293"}],"wp:term":[{"taxonomy":"product_brand","embeddable":true,"href":"https:\/\/genclercanta.com\/es\/wp-json\/wp\/v2\/product_brand?post=123293"},{"taxonomy":"product_cat","embeddable":true,"href":"https:\/\/genclercanta.com\/es\/wp-json\/wp\/v2\/product_cat?post=123293"},{"taxonomy":"product_tag","embeddable":true,"href":"https:\/\/genclercanta.com\/es\/wp-json\/wp\/v2\/product_tag?post=123293"}],"curies":[{"name":"wp","href":"https:\/\/api.w.org\/{rel}","templated":true}]}}