{"id":123613,"date":"2021-03-29T09:28:37","date_gmt":"2021-03-29T09:28:37","guid":{"rendered":"https:\/\/genclercanta.com\/urunler\/bolso-bandolera-fudela-para-uso-diario-informal-color-amarillo\/"},"modified":"2021-03-29T09:28:37","modified_gmt":"2021-03-29T09:28:37","slug":"bolso-bandolera-fudela-para-uso-diario-informal-color-amarillo","status":"publish","type":"product","link":"https:\/\/genclercanta.com\/es\/urunler\/bolso-bandolera-fudela-para-uso-diario-informal-color-amarillo\/","title":{"rendered":"Bolso bandolera Fudela para uso diario informal, color amarillo"},"content":{"rendered":"<p>\u2022 Ancho, Largo, Profundidad: 24x18x6<br \/>\n\u2022 Fabricada en tela impermeable.<br \/>\n\u2022 Nuestro modelo cuenta con dos compartimentos.<br \/>\n\u2022 El interior est\u00e1 completamente forrado. Consta de un compartimento principal y un compartimento frontal.<br \/>\n\u2022 Resistente a roturas y esguinces en caso de impacto.<br \/>\n\u2022 Correa ajustable para un uso c\u00f3modo.<br \/>\n\u2022 Tela f\u00e1cil de limpiar.<br \/>\n\u2022 Fabricada en tela especial que no contiene sustancias cancer\u00edgenas como ftalatos y es apta para la salud humana.<\/p>\n","protected":false},"excerpt":{"rendered":"<p>Bolso bandolera Fudela para uso diario informal, color amarillo<\/p>\n","protected":false},"featured_media":99041,"comment_status":"closed","ping_status":"closed","template":"","meta":[],"product_brand":[],"product_cat":[794],"product_tag":[919,918,853,920],"class_list":{"0":"post-123613","1":"product","2":"type-product","3":"status-publish","4":"has-post-thumbnail","6":"product_cat-calista-es","7":"product_tag-bolsa","8":"product_tag-fudela-es","9":"product_tag-mochila","10":"product_tag-vinculo","12":"first","13":"instock","14":"shipping-taxable","15":"purchasable","16":"product-type-simple"},"yoast_head":"<!-- This site is optimized with the Yoast SEO plugin v26.3 - https:\/\/yoast.com\/wordpress\/plugins\/seo\/ -->\n<title>Bolso bandolera Fudela para uso diario informal, color amarillo - Promosyon \u00c7anta imalat\u0131, \u00dcretimi, \u00c7anta imalat\u00e7\u0131s\u0131 \u00dcreticisi istanbul<\/title>\n<meta name=\"description\" content=\"Bolso bandolera Fudela para uso diario informal, color amarillo\" \/>\n<meta name=\"robots\" content=\"index, follow, max-snippet:-1, max-image-preview:large, max-video-preview:-1\" \/>\n<link rel=\"canonical\" href=\"https:\/\/genclercanta.com\/es\/urunler\/bolso-bandolera-fudela-para-uso-diario-informal-color-amarillo\/\" \/>\n<meta property=\"og:locale\" content=\"es_ES\" \/>\n<meta property=\"og:type\" content=\"article\" \/>\n<meta property=\"og:title\" content=\"Bolso bandolera Fudela para uso diario informal, color amarillo - Promosyon \u00c7anta imalat\u0131, \u00dcretimi, \u00c7anta imalat\u00e7\u0131s\u0131 \u00dcreticisi istanbul\" \/>\n<meta property=\"og:description\" content=\"Bolso bandolera Fudela para uso diario informal, color amarillo\" \/>\n<meta property=\"og:url\" content=\"https:\/\/genclercanta.com\/es\/urunler\/bolso-bandolera-fudela-para-uso-diario-informal-color-amarillo\/\" \/>\n<meta property=\"og:site_name\" content=\"Promosyon \u00c7anta imalat\u0131, \u00dcretimi, \u00c7anta imalat\u00e7\u0131s\u0131 \u00dcreticisi istanbul\" \/>\n<meta property=\"article:publisher\" content=\"https:\/\/www.facebook.com\/GenclerCantacom\/\" \/>\n<meta property=\"og:image\" content=\"https:\/\/genclercanta.com\/wp-content\/uploads\/2021\/03\/Layer-29.jpg\" \/>\n\t<meta property=\"og:image:width\" content=\"1500\" \/>\n\t<meta property=\"og:image:height\" content=\"1250\" \/>\n\t<meta property=\"og:image:type\" content=\"image\/jpeg\" \/>\n<script type=\"application\/ld+json\" class=\"yoast-schema-graph\">{\"@context\":\"https:\/\/schema.org\",\"@graph\":[{\"@type\":\"WebPage\",\"@id\":\"https:\/\/genclercanta.com\/es\/urunler\/bolso-bandolera-fudela-para-uso-diario-informal-color-amarillo\/\",\"url\":\"https:\/\/genclercanta.com\/es\/urunler\/bolso-bandolera-fudela-para-uso-diario-informal-color-amarillo\/\",\"name\":\"Bolso bandolera Fudela para uso diario informal, color amarillo - Promosyon \u00c7anta imalat\u0131, \u00dcretimi, \u00c7anta imalat\u00e7\u0131s\u0131 \u00dcreticisi istanbul\",\"isPartOf\":{\"@id\":\"https:\/\/genclercanta.com\/es\/#website\"},\"primaryImageOfPage\":{\"@id\":\"https:\/\/genclercanta.com\/es\/urunler\/bolso-bandolera-fudela-para-uso-diario-informal-color-amarillo\/#primaryimage\"},\"image\":{\"@id\":\"https:\/\/genclercanta.com\/es\/urunler\/bolso-bandolera-fudela-para-uso-diario-informal-color-amarillo\/#primaryimage\"},\"thumbnailUrl\":\"https:\/\/genclercanta.com\/wp-content\/uploads\/2021\/03\/Layer-29.jpg\",\"datePublished\":\"2021-03-29T09:28:37+00:00\",\"description\":\"Bolso bandolera Fudela para uso diario informal, color amarillo\",\"breadcrumb\":{\"@id\":\"https:\/\/genclercanta.com\/es\/urunler\/bolso-bandolera-fudela-para-uso-diario-informal-color-amarillo\/#breadcrumb\"},\"inLanguage\":\"es\",\"potentialAction\":[{\"@type\":\"ReadAction\",\"target\":[\"https:\/\/genclercanta.com\/es\/urunler\/bolso-bandolera-fudela-para-uso-diario-informal-color-amarillo\/\"]}]},{\"@type\":\"ImageObject\",\"inLanguage\":\"es\",\"@id\":\"https:\/\/genclercanta.com\/es\/urunler\/bolso-bandolera-fudela-para-uso-diario-informal-color-amarillo\/#primaryimage\",\"url\":\"https:\/\/genclercanta.com\/wp-content\/uploads\/2021\/03\/Layer-29.jpg\",\"contentUrl\":\"https:\/\/genclercanta.com\/wp-content\/uploads\/2021\/03\/Layer-29.jpg\",\"width\":1500,\"height\":1250,\"caption\":\"Fudela \u00c7apraz Ask\u0131l\u0131 Rahat G\u00fcnl\u00fck Kullan\u0131m Omuz \u00c7antas\u0131 Sar\u0131\"},{\"@type\":\"BreadcrumbList\",\"@id\":\"https:\/\/genclercanta.com\/es\/urunler\/bolso-bandolera-fudela-para-uso-diario-informal-color-amarillo\/#breadcrumb\",\"itemListElement\":[{\"@type\":\"ListItem\",\"position\":1,\"name\":\"Ana sayfa\",\"item\":\"https:\/\/genclercanta.com\/es\/pagina-principal\/\"},{\"@type\":\"ListItem\",\"position\":2,\"name\":\"Tienda\",\"item\":\"https:\/\/genclercanta.com\/es\/tienda\/\"},{\"@type\":\"ListItem\",\"position\":3,\"name\":\"Bolso bandolera Fudela para uso diario informal, color amarillo\"}]},{\"@type\":\"WebSite\",\"@id\":\"https:\/\/genclercanta.com\/es\/#website\",\"url\":\"https:\/\/genclercanta.com\/es\/\",\"name\":\"Promosyon \u00c7anta imalat\u0131, \u00dcretimi, \u00c7anta imalat\u00e7\u0131s\u0131 \u00dcreticisi istanbul\",\"description\":\"T\u00fcrkiyenin Toptan, Promosyon \u00c7anta \u0130malat\u00e7\u0131s\u0131\",\"publisher\":{\"@id\":\"https:\/\/genclercanta.com\/es\/#organization\"},\"alternateName\":\"Gen\u00e7ler \u00c7anta\",\"potentialAction\":[{\"@type\":\"SearchAction\",\"target\":{\"@type\":\"EntryPoint\",\"urlTemplate\":\"https:\/\/genclercanta.com\/es\/?s={search_term_string}\"},\"query-input\":{\"@type\":\"PropertyValueSpecification\",\"valueRequired\":true,\"valueName\":\"search_term_string\"}}],\"inLanguage\":\"es\"},{\"@type\":\"Organization\",\"@id\":\"https:\/\/genclercanta.com\/es\/#organization\",\"name\":\"Promosyon \u00c7anta imalat\u0131, \u00dcretimi, \u00c7anta imalat\u00e7\u0131s\u0131 \u00dcreticisi istanbul\",\"alternateName\":\"Gen\u00e7ler \u00c7anta\",\"url\":\"https:\/\/genclercanta.com\/es\/\",\"logo\":{\"@type\":\"ImageObject\",\"inLanguage\":\"es\",\"@id\":\"https:\/\/genclercanta.com\/es\/#\/schema\/logo\/image\/\",\"url\":\"https:\/\/genclercanta.com\/wp-content\/uploads\/2020\/10\/gencler-canta-logo.jpg\",\"contentUrl\":\"https:\/\/genclercanta.com\/wp-content\/uploads\/2020\/10\/gencler-canta-logo.jpg\",\"width\":600,\"height\":133,\"caption\":\"Promosyon \u00c7anta imalat\u0131, \u00dcretimi, \u00c7anta imalat\u00e7\u0131s\u0131 \u00dcreticisi istanbul\"},\"image\":{\"@id\":\"https:\/\/genclercanta.com\/es\/#\/schema\/logo\/image\/\"},\"sameAs\":[\"https:\/\/www.facebook.com\/GenclerCantacom\/\",\"https:\/\/www.instagram.com\/genclercanta\/\"]}]}<\/script>\n<!-- \/ Yoast SEO plugin. -->","yoast_head_json":{"title":"Bolso bandolera Fudela para uso diario informal, color amarillo - Promosyon \u00c7anta imalat\u0131, \u00dcretimi, \u00c7anta imalat\u00e7\u0131s\u0131 \u00dcreticisi istanbul","description":"Bolso bandolera Fudela para uso diario informal, color amarillo","robots":{"index":"index","follow":"follow","max-snippet":"max-snippet:-1","max-image-preview":"max-image-preview:large","max-video-preview":"max-video-preview:-1"},"canonical":"https:\/\/genclercanta.com\/es\/urunler\/bolso-bandolera-fudela-para-uso-diario-informal-color-amarillo\/","og_locale":"es_ES","og_type":"article","og_title":"Bolso bandolera Fudela para uso diario informal, color amarillo - Promosyon \u00c7anta imalat\u0131, \u00dcretimi, \u00c7anta imalat\u00e7\u0131s\u0131 \u00dcreticisi istanbul","og_description":"Bolso bandolera Fudela para uso diario informal, color amarillo","og_url":"https:\/\/genclercanta.com\/es\/urunler\/bolso-bandolera-fudela-para-uso-diario-informal-color-amarillo\/","og_site_name":"Promosyon \u00c7anta imalat\u0131, \u00dcretimi, \u00c7anta imalat\u00e7\u0131s\u0131 \u00dcreticisi istanbul","article_publisher":"https:\/\/www.facebook.com\/GenclerCantacom\/","og_image":[{"width":1500,"height":1250,"url":"https:\/\/genclercanta.com\/wp-content\/uploads\/2021\/03\/Layer-29.jpg","type":"image\/jpeg"}],"schema":{"@context":"https:\/\/schema.org","@graph":[{"@type":"WebPage","@id":"https:\/\/genclercanta.com\/es\/urunler\/bolso-bandolera-fudela-para-uso-diario-informal-color-amarillo\/","url":"https:\/\/genclercanta.com\/es\/urunler\/bolso-bandolera-fudela-para-uso-diario-informal-color-amarillo\/","name":"Bolso bandolera Fudela para uso diario informal, color amarillo - Promosyon \u00c7anta imalat\u0131, \u00dcretimi, \u00c7anta imalat\u00e7\u0131s\u0131 \u00dcreticisi istanbul","isPartOf":{"@id":"https:\/\/genclercanta.com\/es\/#website"},"primaryImageOfPage":{"@id":"https:\/\/genclercanta.com\/es\/urunler\/bolso-bandolera-fudela-para-uso-diario-informal-color-amarillo\/#primaryimage"},"image":{"@id":"https:\/\/genclercanta.com\/es\/urunler\/bolso-bandolera-fudela-para-uso-diario-informal-color-amarillo\/#primaryimage"},"thumbnailUrl":"https:\/\/genclercanta.com\/wp-content\/uploads\/2021\/03\/Layer-29.jpg","datePublished":"2021-03-29T09:28:37+00:00","description":"Bolso bandolera Fudela para uso diario informal, color amarillo","breadcrumb":{"@id":"https:\/\/genclercanta.com\/es\/urunler\/bolso-bandolera-fudela-para-uso-diario-informal-color-amarillo\/#breadcrumb"},"inLanguage":"es","potentialAction":[{"@type":"ReadAction","target":["https:\/\/genclercanta.com\/es\/urunler\/bolso-bandolera-fudela-para-uso-diario-informal-color-amarillo\/"]}]},{"@type":"ImageObject","inLanguage":"es","@id":"https:\/\/genclercanta.com\/es\/urunler\/bolso-bandolera-fudela-para-uso-diario-informal-color-amarillo\/#primaryimage","url":"https:\/\/genclercanta.com\/wp-content\/uploads\/2021\/03\/Layer-29.jpg","contentUrl":"https:\/\/genclercanta.com\/wp-content\/uploads\/2021\/03\/Layer-29.jpg","width":1500,"height":1250,"caption":"Fudela \u00c7apraz Ask\u0131l\u0131 Rahat G\u00fcnl\u00fck Kullan\u0131m Omuz \u00c7antas\u0131 Sar\u0131"},{"@type":"BreadcrumbList","@id":"https:\/\/genclercanta.com\/es\/urunler\/bolso-bandolera-fudela-para-uso-diario-informal-color-amarillo\/#breadcrumb","itemListElement":[{"@type":"ListItem","position":1,"name":"Ana sayfa","item":"https:\/\/genclercanta.com\/es\/pagina-principal\/"},{"@type":"ListItem","position":2,"name":"Tienda","item":"https:\/\/genclercanta.com\/es\/tienda\/"},{"@type":"ListItem","position":3,"name":"Bolso bandolera Fudela para uso diario informal, color amarillo"}]},{"@type":"WebSite","@id":"https:\/\/genclercanta.com\/es\/#website","url":"https:\/\/genclercanta.com\/es\/","name":"Promosyon \u00c7anta imalat\u0131, \u00dcretimi, \u00c7anta imalat\u00e7\u0131s\u0131 \u00dcreticisi istanbul","description":"T\u00fcrkiyenin Toptan, Promosyon \u00c7anta \u0130malat\u00e7\u0131s\u0131","publisher":{"@id":"https:\/\/genclercanta.com\/es\/#organization"},"alternateName":"Gen\u00e7ler \u00c7anta","potentialAction":[{"@type":"SearchAction","target":{"@type":"EntryPoint","urlTemplate":"https:\/\/genclercanta.com\/es\/?s={search_term_string}"},"query-input":{"@type":"PropertyValueSpecification","valueRequired":true,"valueName":"search_term_string"}}],"inLanguage":"es"},{"@type":"Organization","@id":"https:\/\/genclercanta.com\/es\/#organization","name":"Promosyon \u00c7anta imalat\u0131, \u00dcretimi, \u00c7anta imalat\u00e7\u0131s\u0131 \u00dcreticisi istanbul","alternateName":"Gen\u00e7ler \u00c7anta","url":"https:\/\/genclercanta.com\/es\/","logo":{"@type":"ImageObject","inLanguage":"es","@id":"https:\/\/genclercanta.com\/es\/#\/schema\/logo\/image\/","url":"https:\/\/genclercanta.com\/wp-content\/uploads\/2020\/10\/gencler-canta-logo.jpg","contentUrl":"https:\/\/genclercanta.com\/wp-content\/uploads\/2020\/10\/gencler-canta-logo.jpg","width":600,"height":133,"caption":"Promosyon \u00c7anta imalat\u0131, \u00dcretimi, \u00c7anta imalat\u00e7\u0131s\u0131 \u00dcreticisi istanbul"},"image":{"@id":"https:\/\/genclercanta.com\/es\/#\/schema\/logo\/image\/"},"sameAs":["https:\/\/www.facebook.com\/GenclerCantacom\/","https:\/\/www.instagram.com\/genclercanta\/"]}]}},"_links":{"self":[{"href":"https:\/\/genclercanta.com\/es\/wp-json\/wp\/v2\/product\/123613","targetHints":{"allow":["GET"]}}],"collection":[{"href":"https:\/\/genclercanta.com\/es\/wp-json\/wp\/v2\/product"}],"about":[{"href":"https:\/\/genclercanta.com\/es\/wp-json\/wp\/v2\/types\/product"}],"replies":[{"embeddable":true,"href":"https:\/\/genclercanta.com\/es\/wp-json\/wp\/v2\/comments?post=123613"}],"wp:featuredmedia":[{"embeddable":true,"href":"https:\/\/genclercanta.com\/es\/wp-json\/wp\/v2\/media\/99041"}],"wp:attachment":[{"href":"https:\/\/genclercanta.com\/es\/wp-json\/wp\/v2\/media?parent=123613"}],"wp:term":[{"taxonomy":"product_brand","embeddable":true,"href":"https:\/\/genclercanta.com\/es\/wp-json\/wp\/v2\/product_brand?post=123613"},{"taxonomy":"product_cat","embeddable":true,"href":"https:\/\/genclercanta.com\/es\/wp-json\/wp\/v2\/product_cat?post=123613"},{"taxonomy":"product_tag","embeddable":true,"href":"https:\/\/genclercanta.com\/es\/wp-json\/wp\/v2\/product_tag?post=123613"}],"curies":[{"name":"wp","href":"https:\/\/api.w.org\/{rel}","templated":true}]}}