{"id":124439,"date":"2020-11-06T07:37:59","date_gmt":"2020-11-06T07:37:59","guid":{"rendered":"https:\/\/genclercanta.com\/urunler\/%d1%88%d0%ba%d0%be%d0%bb%d1%8c%d0%bd%d0%b0%d1%8f-%d1%81%d1%83%d0%bc%d0%ba%d0%b0-gncu-1211\/"},"modified":"2020-11-06T07:37:59","modified_gmt":"2020-11-06T07:37:59","slug":"%d1%88%d0%ba%d0%be%d0%bb%d1%8c%d0%bd%d0%b0%d1%8f-%d1%81%d1%83%d0%bc%d0%ba%d0%b0-gncu-1211","status":"publish","type":"product","link":"https:\/\/genclercanta.com\/es\/urunler\/%d1%88%d0%ba%d0%be%d0%bb%d1%8c%d0%bd%d0%b0%d1%8f-%d1%81%d1%83%d0%bc%d0%ba%d0%b0-gncu-1211\/","title":{"rendered":"\u0428\u043a\u043e\u043b\u044c\u043d\u0430\u044f \u0441\u0443\u043c\u043a\u0430 GNCU 1211"},"content":{"rendered":"<p>\u0410\u0440\u0442\u0438\u043a\u0443\u043b: GNCU 1211<\/p>\n<p>\u041d\u0430\u0437\u0432\u0430\u043d\u0438\u0435: \u0428\u043a\u043e\u043b\u044c\u043d\u0430\u044f \u0441\u0443\u043c\u043a\u0430<\/p>\n<p>\u041c\u0430\u0442\u0435\u0440\u0438\u0430\u043b: \u0442\u043a\u0430\u043d\u044c Impertex 420D<\/p>\n<p>\u0420\u0430\u0437\u043c\u0435\u0440\u044b: 46x33x14<\/p>\n<p>\u0420\u0430\u0437\u043c\u0435\u0440 \u043a\u043e\u0440\u043e\u0431\u043a\u0438: 50x40x40<\/p>\n<p>\u041a\u043e\u043b\u0438\u0447\u0435\u0441\u0442\u0432\u043e \u043a\u043e\u0440\u043e\u0431\u043e\u043a: &#8211;<\/p>\n","protected":false},"excerpt":{"rendered":"<p>\u0428\u043a\u043e\u043b\u044c\u043d\u0430\u044f \u0441\u0443\u043c\u043a\u0430 GNCU 1211<\/p>\n","protected":false},"featured_media":79889,"comment_status":"open","ping_status":"closed","template":"","meta":[],"product_brand":[],"product_cat":[697],"product_tag":[852,850,851,856],"class_list":{"0":"post-124439","1":"product","2":"type-product","3":"status-publish","4":"has-post-thumbnail","6":"product_cat-bolsas-escolares","7":"product_tag-bolsa-promocional","8":"product_tag-fabricacion-de-bolsas","9":"product_tag-produccion-de-bolsas","10":"product_tag-venta-al-por-major-mochila","12":"first","13":"instock","14":"shipping-taxable","15":"product-type-simple"},"yoast_head":"<!-- This site is optimized with the Yoast SEO plugin v26.3 - https:\/\/yoast.com\/wordpress\/plugins\/seo\/ -->\n<title>\u0428\u043a\u043e\u043b\u044c\u043d\u0430\u044f \u0441\u0443\u043c\u043a\u0430 GNCU 1211 - Promosyon \u00c7anta imalat\u0131, \u00dcretimi, \u00c7anta imalat\u00e7\u0131s\u0131 \u00dcreticisi istanbul<\/title>\n<meta name=\"description\" content=\"\u0428\u043a\u043e\u043b\u044c\u043d\u0430\u044f \u0441\u0443\u043c\u043a\u0430 GNCU 1211\" \/>\n<meta name=\"robots\" content=\"index, follow, max-snippet:-1, max-image-preview:large, max-video-preview:-1\" \/>\n<link rel=\"canonical\" href=\"https:\/\/genclercanta.com\/es\/urunler\/%d1%88%d0%ba%d0%be%d0%bb%d1%8c%d0%bd%d0%b0%d1%8f-%d1%81%d1%83%d0%bc%d0%ba%d0%b0-gncu-1211\/\" \/>\n<meta property=\"og:locale\" content=\"es_ES\" \/>\n<meta property=\"og:type\" content=\"article\" \/>\n<meta property=\"og:title\" content=\"\u0428\u043a\u043e\u043b\u044c\u043d\u0430\u044f \u0441\u0443\u043c\u043a\u0430 GNCU 1211 - Promosyon \u00c7anta imalat\u0131, \u00dcretimi, \u00c7anta imalat\u00e7\u0131s\u0131 \u00dcreticisi istanbul\" \/>\n<meta property=\"og:description\" content=\"\u0428\u043a\u043e\u043b\u044c\u043d\u0430\u044f \u0441\u0443\u043c\u043a\u0430 GNCU 1211\" \/>\n<meta property=\"og:url\" content=\"https:\/\/genclercanta.com\/es\/urunler\/%d1%88%d0%ba%d0%be%d0%bb%d1%8c%d0%bd%d0%b0%d1%8f-%d1%81%d1%83%d0%bc%d0%ba%d0%b0-gncu-1211\/\" \/>\n<meta property=\"og:site_name\" content=\"Promosyon \u00c7anta imalat\u0131, \u00dcretimi, \u00c7anta imalat\u00e7\u0131s\u0131 \u00dcreticisi istanbul\" \/>\n<meta property=\"article:publisher\" content=\"https:\/\/www.facebook.com\/GenclerCantacom\/\" \/>\n<meta property=\"og:image\" content=\"https:\/\/genclercanta.com\/wp-content\/uploads\/2020\/11\/GNCU-1211.jpg\" \/>\n\t<meta property=\"og:image:width\" content=\"800\" \/>\n\t<meta property=\"og:image:height\" content=\"600\" \/>\n\t<meta property=\"og:image:type\" content=\"image\/jpeg\" \/>\n<script type=\"application\/ld+json\" class=\"yoast-schema-graph\">{\"@context\":\"https:\/\/schema.org\",\"@graph\":[{\"@type\":\"WebPage\",\"@id\":\"https:\/\/genclercanta.com\/es\/urunler\/%d1%88%d0%ba%d0%be%d0%bb%d1%8c%d0%bd%d0%b0%d1%8f-%d1%81%d1%83%d0%bc%d0%ba%d0%b0-gncu-1211\/\",\"url\":\"https:\/\/genclercanta.com\/es\/urunler\/%d1%88%d0%ba%d0%be%d0%bb%d1%8c%d0%bd%d0%b0%d1%8f-%d1%81%d1%83%d0%bc%d0%ba%d0%b0-gncu-1211\/\",\"name\":\"\u0428\u043a\u043e\u043b\u044c\u043d\u0430\u044f \u0441\u0443\u043c\u043a\u0430 GNCU 1211 - Promosyon \u00c7anta imalat\u0131, \u00dcretimi, \u00c7anta imalat\u00e7\u0131s\u0131 \u00dcreticisi istanbul\",\"isPartOf\":{\"@id\":\"https:\/\/genclercanta.com\/es\/#website\"},\"primaryImageOfPage\":{\"@id\":\"https:\/\/genclercanta.com\/es\/urunler\/%d1%88%d0%ba%d0%be%d0%bb%d1%8c%d0%bd%d0%b0%d1%8f-%d1%81%d1%83%d0%bc%d0%ba%d0%b0-gncu-1211\/#primaryimage\"},\"image\":{\"@id\":\"https:\/\/genclercanta.com\/es\/urunler\/%d1%88%d0%ba%d0%be%d0%bb%d1%8c%d0%bd%d0%b0%d1%8f-%d1%81%d1%83%d0%bc%d0%ba%d0%b0-gncu-1211\/#primaryimage\"},\"thumbnailUrl\":\"https:\/\/genclercanta.com\/wp-content\/uploads\/2020\/11\/GNCU-1211.jpg\",\"datePublished\":\"2020-11-06T07:37:59+00:00\",\"description\":\"\u0428\u043a\u043e\u043b\u044c\u043d\u0430\u044f \u0441\u0443\u043c\u043a\u0430 GNCU 1211\",\"breadcrumb\":{\"@id\":\"https:\/\/genclercanta.com\/es\/urunler\/%d1%88%d0%ba%d0%be%d0%bb%d1%8c%d0%bd%d0%b0%d1%8f-%d1%81%d1%83%d0%bc%d0%ba%d0%b0-gncu-1211\/#breadcrumb\"},\"inLanguage\":\"es\",\"potentialAction\":[{\"@type\":\"ReadAction\",\"target\":[\"https:\/\/genclercanta.com\/es\/urunler\/%d1%88%d0%ba%d0%be%d0%bb%d1%8c%d0%bd%d0%b0%d1%8f-%d1%81%d1%83%d0%bc%d0%ba%d0%b0-gncu-1211\/\"]}]},{\"@type\":\"ImageObject\",\"inLanguage\":\"es\",\"@id\":\"https:\/\/genclercanta.com\/es\/urunler\/%d1%88%d0%ba%d0%be%d0%bb%d1%8c%d0%bd%d0%b0%d1%8f-%d1%81%d1%83%d0%bc%d0%ba%d0%b0-gncu-1211\/#primaryimage\",\"url\":\"https:\/\/genclercanta.com\/wp-content\/uploads\/2020\/11\/GNCU-1211.jpg\",\"contentUrl\":\"https:\/\/genclercanta.com\/wp-content\/uploads\/2020\/11\/GNCU-1211.jpg\",\"width\":800,\"height\":600},{\"@type\":\"BreadcrumbList\",\"@id\":\"https:\/\/genclercanta.com\/es\/urunler\/%d1%88%d0%ba%d0%be%d0%bb%d1%8c%d0%bd%d0%b0%d1%8f-%d1%81%d1%83%d0%bc%d0%ba%d0%b0-gncu-1211\/#breadcrumb\",\"itemListElement\":[{\"@type\":\"ListItem\",\"position\":1,\"name\":\"Ana sayfa\",\"item\":\"https:\/\/genclercanta.com\/es\/pagina-principal\/\"},{\"@type\":\"ListItem\",\"position\":2,\"name\":\"Tienda\",\"item\":\"https:\/\/genclercanta.com\/es\/tienda\/\"},{\"@type\":\"ListItem\",\"position\":3,\"name\":\"\u0428\u043a\u043e\u043b\u044c\u043d\u0430\u044f \u0441\u0443\u043c\u043a\u0430 GNCU 1211\"}]},{\"@type\":\"WebSite\",\"@id\":\"https:\/\/genclercanta.com\/es\/#website\",\"url\":\"https:\/\/genclercanta.com\/es\/\",\"name\":\"Promosyon \u00c7anta imalat\u0131, \u00dcretimi, \u00c7anta imalat\u00e7\u0131s\u0131 \u00dcreticisi istanbul\",\"description\":\"T\u00fcrkiyenin Toptan, Promosyon \u00c7anta \u0130malat\u00e7\u0131s\u0131\",\"publisher\":{\"@id\":\"https:\/\/genclercanta.com\/es\/#organization\"},\"alternateName\":\"Gen\u00e7ler \u00c7anta\",\"potentialAction\":[{\"@type\":\"SearchAction\",\"target\":{\"@type\":\"EntryPoint\",\"urlTemplate\":\"https:\/\/genclercanta.com\/es\/?s={search_term_string}\"},\"query-input\":{\"@type\":\"PropertyValueSpecification\",\"valueRequired\":true,\"valueName\":\"search_term_string\"}}],\"inLanguage\":\"es\"},{\"@type\":\"Organization\",\"@id\":\"https:\/\/genclercanta.com\/es\/#organization\",\"name\":\"Promosyon \u00c7anta imalat\u0131, \u00dcretimi, \u00c7anta imalat\u00e7\u0131s\u0131 \u00dcreticisi istanbul\",\"alternateName\":\"Gen\u00e7ler \u00c7anta\",\"url\":\"https:\/\/genclercanta.com\/es\/\",\"logo\":{\"@type\":\"ImageObject\",\"inLanguage\":\"es\",\"@id\":\"https:\/\/genclercanta.com\/es\/#\/schema\/logo\/image\/\",\"url\":\"https:\/\/genclercanta.com\/wp-content\/uploads\/2020\/10\/gencler-canta-logo.jpg\",\"contentUrl\":\"https:\/\/genclercanta.com\/wp-content\/uploads\/2020\/10\/gencler-canta-logo.jpg\",\"width\":600,\"height\":133,\"caption\":\"Promosyon \u00c7anta imalat\u0131, \u00dcretimi, \u00c7anta imalat\u00e7\u0131s\u0131 \u00dcreticisi istanbul\"},\"image\":{\"@id\":\"https:\/\/genclercanta.com\/es\/#\/schema\/logo\/image\/\"},\"sameAs\":[\"https:\/\/www.facebook.com\/GenclerCantacom\/\",\"https:\/\/www.instagram.com\/genclercanta\/\"]}]}<\/script>\n<!-- \/ Yoast SEO plugin. -->","yoast_head_json":{"title":"\u0428\u043a\u043e\u043b\u044c\u043d\u0430\u044f \u0441\u0443\u043c\u043a\u0430 GNCU 1211 - Promosyon \u00c7anta imalat\u0131, \u00dcretimi, \u00c7anta imalat\u00e7\u0131s\u0131 \u00dcreticisi istanbul","description":"\u0428\u043a\u043e\u043b\u044c\u043d\u0430\u044f \u0441\u0443\u043c\u043a\u0430 GNCU 1211","robots":{"index":"index","follow":"follow","max-snippet":"max-snippet:-1","max-image-preview":"max-image-preview:large","max-video-preview":"max-video-preview:-1"},"canonical":"https:\/\/genclercanta.com\/es\/urunler\/%d1%88%d0%ba%d0%be%d0%bb%d1%8c%d0%bd%d0%b0%d1%8f-%d1%81%d1%83%d0%bc%d0%ba%d0%b0-gncu-1211\/","og_locale":"es_ES","og_type":"article","og_title":"\u0428\u043a\u043e\u043b\u044c\u043d\u0430\u044f \u0441\u0443\u043c\u043a\u0430 GNCU 1211 - Promosyon \u00c7anta imalat\u0131, \u00dcretimi, \u00c7anta imalat\u00e7\u0131s\u0131 \u00dcreticisi istanbul","og_description":"\u0428\u043a\u043e\u043b\u044c\u043d\u0430\u044f \u0441\u0443\u043c\u043a\u0430 GNCU 1211","og_url":"https:\/\/genclercanta.com\/es\/urunler\/%d1%88%d0%ba%d0%be%d0%bb%d1%8c%d0%bd%d0%b0%d1%8f-%d1%81%d1%83%d0%bc%d0%ba%d0%b0-gncu-1211\/","og_site_name":"Promosyon \u00c7anta imalat\u0131, \u00dcretimi, \u00c7anta imalat\u00e7\u0131s\u0131 \u00dcreticisi istanbul","article_publisher":"https:\/\/www.facebook.com\/GenclerCantacom\/","og_image":[{"width":800,"height":600,"url":"https:\/\/genclercanta.com\/wp-content\/uploads\/2020\/11\/GNCU-1211.jpg","type":"image\/jpeg"}],"schema":{"@context":"https:\/\/schema.org","@graph":[{"@type":"WebPage","@id":"https:\/\/genclercanta.com\/es\/urunler\/%d1%88%d0%ba%d0%be%d0%bb%d1%8c%d0%bd%d0%b0%d1%8f-%d1%81%d1%83%d0%bc%d0%ba%d0%b0-gncu-1211\/","url":"https:\/\/genclercanta.com\/es\/urunler\/%d1%88%d0%ba%d0%be%d0%bb%d1%8c%d0%bd%d0%b0%d1%8f-%d1%81%d1%83%d0%bc%d0%ba%d0%b0-gncu-1211\/","name":"\u0428\u043a\u043e\u043b\u044c\u043d\u0430\u044f \u0441\u0443\u043c\u043a\u0430 GNCU 1211 - Promosyon \u00c7anta imalat\u0131, \u00dcretimi, \u00c7anta imalat\u00e7\u0131s\u0131 \u00dcreticisi istanbul","isPartOf":{"@id":"https:\/\/genclercanta.com\/es\/#website"},"primaryImageOfPage":{"@id":"https:\/\/genclercanta.com\/es\/urunler\/%d1%88%d0%ba%d0%be%d0%bb%d1%8c%d0%bd%d0%b0%d1%8f-%d1%81%d1%83%d0%bc%d0%ba%d0%b0-gncu-1211\/#primaryimage"},"image":{"@id":"https:\/\/genclercanta.com\/es\/urunler\/%d1%88%d0%ba%d0%be%d0%bb%d1%8c%d0%bd%d0%b0%d1%8f-%d1%81%d1%83%d0%bc%d0%ba%d0%b0-gncu-1211\/#primaryimage"},"thumbnailUrl":"https:\/\/genclercanta.com\/wp-content\/uploads\/2020\/11\/GNCU-1211.jpg","datePublished":"2020-11-06T07:37:59+00:00","description":"\u0428\u043a\u043e\u043b\u044c\u043d\u0430\u044f \u0441\u0443\u043c\u043a\u0430 GNCU 1211","breadcrumb":{"@id":"https:\/\/genclercanta.com\/es\/urunler\/%d1%88%d0%ba%d0%be%d0%bb%d1%8c%d0%bd%d0%b0%d1%8f-%d1%81%d1%83%d0%bc%d0%ba%d0%b0-gncu-1211\/#breadcrumb"},"inLanguage":"es","potentialAction":[{"@type":"ReadAction","target":["https:\/\/genclercanta.com\/es\/urunler\/%d1%88%d0%ba%d0%be%d0%bb%d1%8c%d0%bd%d0%b0%d1%8f-%d1%81%d1%83%d0%bc%d0%ba%d0%b0-gncu-1211\/"]}]},{"@type":"ImageObject","inLanguage":"es","@id":"https:\/\/genclercanta.com\/es\/urunler\/%d1%88%d0%ba%d0%be%d0%bb%d1%8c%d0%bd%d0%b0%d1%8f-%d1%81%d1%83%d0%bc%d0%ba%d0%b0-gncu-1211\/#primaryimage","url":"https:\/\/genclercanta.com\/wp-content\/uploads\/2020\/11\/GNCU-1211.jpg","contentUrl":"https:\/\/genclercanta.com\/wp-content\/uploads\/2020\/11\/GNCU-1211.jpg","width":800,"height":600},{"@type":"BreadcrumbList","@id":"https:\/\/genclercanta.com\/es\/urunler\/%d1%88%d0%ba%d0%be%d0%bb%d1%8c%d0%bd%d0%b0%d1%8f-%d1%81%d1%83%d0%bc%d0%ba%d0%b0-gncu-1211\/#breadcrumb","itemListElement":[{"@type":"ListItem","position":1,"name":"Ana sayfa","item":"https:\/\/genclercanta.com\/es\/pagina-principal\/"},{"@type":"ListItem","position":2,"name":"Tienda","item":"https:\/\/genclercanta.com\/es\/tienda\/"},{"@type":"ListItem","position":3,"name":"\u0428\u043a\u043e\u043b\u044c\u043d\u0430\u044f \u0441\u0443\u043c\u043a\u0430 GNCU 1211"}]},{"@type":"WebSite","@id":"https:\/\/genclercanta.com\/es\/#website","url":"https:\/\/genclercanta.com\/es\/","name":"Promosyon \u00c7anta imalat\u0131, \u00dcretimi, \u00c7anta imalat\u00e7\u0131s\u0131 \u00dcreticisi istanbul","description":"T\u00fcrkiyenin Toptan, Promosyon \u00c7anta \u0130malat\u00e7\u0131s\u0131","publisher":{"@id":"https:\/\/genclercanta.com\/es\/#organization"},"alternateName":"Gen\u00e7ler \u00c7anta","potentialAction":[{"@type":"SearchAction","target":{"@type":"EntryPoint","urlTemplate":"https:\/\/genclercanta.com\/es\/?s={search_term_string}"},"query-input":{"@type":"PropertyValueSpecification","valueRequired":true,"valueName":"search_term_string"}}],"inLanguage":"es"},{"@type":"Organization","@id":"https:\/\/genclercanta.com\/es\/#organization","name":"Promosyon \u00c7anta imalat\u0131, \u00dcretimi, \u00c7anta imalat\u00e7\u0131s\u0131 \u00dcreticisi istanbul","alternateName":"Gen\u00e7ler \u00c7anta","url":"https:\/\/genclercanta.com\/es\/","logo":{"@type":"ImageObject","inLanguage":"es","@id":"https:\/\/genclercanta.com\/es\/#\/schema\/logo\/image\/","url":"https:\/\/genclercanta.com\/wp-content\/uploads\/2020\/10\/gencler-canta-logo.jpg","contentUrl":"https:\/\/genclercanta.com\/wp-content\/uploads\/2020\/10\/gencler-canta-logo.jpg","width":600,"height":133,"caption":"Promosyon \u00c7anta imalat\u0131, \u00dcretimi, \u00c7anta imalat\u00e7\u0131s\u0131 \u00dcreticisi istanbul"},"image":{"@id":"https:\/\/genclercanta.com\/es\/#\/schema\/logo\/image\/"},"sameAs":["https:\/\/www.facebook.com\/GenclerCantacom\/","https:\/\/www.instagram.com\/genclercanta\/"]}]}},"_links":{"self":[{"href":"https:\/\/genclercanta.com\/es\/wp-json\/wp\/v2\/product\/124439","targetHints":{"allow":["GET"]}}],"collection":[{"href":"https:\/\/genclercanta.com\/es\/wp-json\/wp\/v2\/product"}],"about":[{"href":"https:\/\/genclercanta.com\/es\/wp-json\/wp\/v2\/types\/product"}],"replies":[{"embeddable":true,"href":"https:\/\/genclercanta.com\/es\/wp-json\/wp\/v2\/comments?post=124439"}],"wp:featuredmedia":[{"embeddable":true,"href":"https:\/\/genclercanta.com\/es\/wp-json\/wp\/v2\/media\/79889"}],"wp:attachment":[{"href":"https:\/\/genclercanta.com\/es\/wp-json\/wp\/v2\/media?parent=124439"}],"wp:term":[{"taxonomy":"product_brand","embeddable":true,"href":"https:\/\/genclercanta.com\/es\/wp-json\/wp\/v2\/product_brand?post=124439"},{"taxonomy":"product_cat","embeddable":true,"href":"https:\/\/genclercanta.com\/es\/wp-json\/wp\/v2\/product_cat?post=124439"},{"taxonomy":"product_tag","embeddable":true,"href":"https:\/\/genclercanta.com\/es\/wp-json\/wp\/v2\/product_tag?post=124439"}],"curies":[{"name":"wp","href":"https:\/\/api.w.org\/{rel}","templated":true}]}}