{"id":2074,"date":"2020-10-02T16:33:05","date_gmt":"2020-10-02T16:33:05","guid":{"rendered":"http:\/\/genclercanta.com\/product\/import-placeholder-for-754\/"},"modified":"2020-10-02T16:33:22","modified_gmt":"2020-10-02T16:33:22","slug":"makyaj-ve-kozmetik-cantasi-gncm-503","status":"publish","type":"product","link":"https:\/\/genclercanta.com\/es\/urunler\/makyaj-ve-kozmetik-cantasi-gncm-503\/","title":{"rendered":"MAKYAJ VE KOZMET\u0130K \u00c7ANTASI GNCM 503"},"content":{"rendered":"<div class=\"product-info\">\n<div class=\"row\">\n<div class=\"col-md-14 col-xs-24 fadeInUp animated\" data-animate=\"fadeInUp\" data-delay=\"300\">\n<div id=\"tab-description\" class=\"tab-content fadeInUp animated\" data-animate=\"fadeInUp\" data-delay=\"300\">\n<p>Kod : GNCM 503<br \/>\n\u0130sim : Makyaj \u00c7antas\u0131<br \/>\nMalzeme : 420 D<br \/>\n\u00d6l\u00e7\u00fc : 15 x 19 x 15<br \/>\nKoli \u00d6l\u00e7\u00fcs\u00fc : 50x40x40<br \/>\nAdedi : 100<br \/>\nadet A\u011f\u0131rl\u0131k : gr<\/p>\n<\/div>\n<\/div>\n<\/div>\n<\/div>\n","protected":false},"excerpt":{"rendered":"<div class=\"product-info\">\n<div class=\"row\">\n<div class=\"col-md-14 col-xs-24 fadeInUp animated\" data-animate=\"fadeInUp\" data-delay=\"300\">\n<div id=\"tab-description\" class=\"tab-content fadeInUp animated\" data-animate=\"fadeInUp\" data-delay=\"300\">\n<p>Kod : GNCM 503<br \/>\n\u0130sim : Makyaj \u00c7antas\u0131<br \/>\nMalzeme : 420 D<br \/>\n\u00d6l\u00e7\u00fc : 15 x 19 x 15<br \/>\nKoli \u00d6l\u00e7\u00fcs\u00fc : 50x40x40<br \/>\nAdedi : 100<br \/>\nadet A\u011f\u0131rl\u0131k : gr<\/p>\n<\/div>\n<\/div>\n<\/div>\n<\/div>\n","protected":false},"featured_media":2108,"comment_status":"open","ping_status":"closed","template":"","meta":[],"product_brand":[],"product_cat":[101],"product_tag":[102,103,104,105,106,107,108],"class_list":{"0":"post-2074","1":"product","2":"type-product","3":"status-publish","4":"has-post-thumbnail","6":"product_cat-makyaj-cantasi","7":"product_tag-makyajcantaimalat","8":"product_tag-makyajcantasi","9":"product_tag-makyajcantauretim","10":"product_tag-makyajpromosyoncanta","11":"product_tag-makyajvekozmatikcantatoptan","12":"product_tag-makyajvekozmetik","13":"product_tag-makyajvekozmetikcantasi","15":"first","16":"instock","17":"shipping-taxable","18":"product-type-simple"},"yoast_head":"<!-- This site is optimized with the Yoast SEO plugin v26.3 - https:\/\/yoast.com\/wordpress\/plugins\/seo\/ -->\n<title>MAKYAJ VE KOZMET\u0130K \u00c7ANTASI GNCM 503 - Promosyon \u00c7anta imalat\u0131, \u00dcretimi, \u00c7anta imalat\u00e7\u0131s\u0131 \u00dcreticisi istanbul<\/title>\n<meta name=\"description\" content=\"MAKYAJ VE KOZMET\u0130K \u00c7ANTASI GNCM 503\" \/>\n<meta name=\"robots\" content=\"index, follow, max-snippet:-1, max-image-preview:large, max-video-preview:-1\" \/>\n<link rel=\"canonical\" href=\"https:\/\/genclercanta.com\/es\/urunler\/makyaj-ve-kozmetik-cantasi-gncm-503\/\" \/>\n<meta property=\"og:locale\" content=\"es_ES\" \/>\n<meta property=\"og:type\" content=\"article\" \/>\n<meta property=\"og:title\" content=\"MAKYAJ VE KOZMET\u0130K \u00c7ANTASI GNCM 503 - Promosyon \u00c7anta imalat\u0131, \u00dcretimi, \u00c7anta imalat\u00e7\u0131s\u0131 \u00dcreticisi istanbul\" \/>\n<meta property=\"og:description\" content=\"MAKYAJ VE KOZMET\u0130K \u00c7ANTASI GNCM 503\" \/>\n<meta property=\"og:url\" content=\"https:\/\/genclercanta.com\/es\/urunler\/makyaj-ve-kozmetik-cantasi-gncm-503\/\" \/>\n<meta property=\"og:site_name\" content=\"Promosyon \u00c7anta imalat\u0131, \u00dcretimi, \u00c7anta imalat\u00e7\u0131s\u0131 \u00dcreticisi istanbul\" \/>\n<meta property=\"article:publisher\" content=\"https:\/\/www.facebook.com\/GenclerCantacom\/\" \/>\n<meta property=\"article:modified_time\" content=\"2020-10-02T16:33:22+00:00\" \/>\n<meta property=\"og:image\" content=\"https:\/\/genclercanta.com\/wp-content\/uploads\/2020\/10\/GNCM-503.jpg?v=1613020801\" \/>\n\t<meta property=\"og:image:width\" content=\"800\" \/>\n\t<meta property=\"og:image:height\" content=\"600\" \/>\n\t<meta property=\"og:image:type\" content=\"image\/jpeg\" \/>\n<script type=\"application\/ld+json\" class=\"yoast-schema-graph\">{\"@context\":\"https:\/\/schema.org\",\"@graph\":[{\"@type\":\"WebPage\",\"@id\":\"https:\/\/genclercanta.com\/es\/urunler\/makyaj-ve-kozmetik-cantasi-gncm-503\/\",\"url\":\"https:\/\/genclercanta.com\/es\/urunler\/makyaj-ve-kozmetik-cantasi-gncm-503\/\",\"name\":\"MAKYAJ VE KOZMET\u0130K \u00c7ANTASI GNCM 503 - Promosyon \u00c7anta imalat\u0131, \u00dcretimi, \u00c7anta imalat\u00e7\u0131s\u0131 \u00dcreticisi istanbul\",\"isPartOf\":{\"@id\":\"https:\/\/genclercanta.com\/es\/#website\"},\"primaryImageOfPage\":{\"@id\":\"https:\/\/genclercanta.com\/es\/urunler\/makyaj-ve-kozmetik-cantasi-gncm-503\/#primaryimage\"},\"image\":{\"@id\":\"https:\/\/genclercanta.com\/es\/urunler\/makyaj-ve-kozmetik-cantasi-gncm-503\/#primaryimage\"},\"thumbnailUrl\":\"https:\/\/genclercanta.com\/wp-content\/uploads\/2020\/10\/GNCM-503.jpg?v=1613020801\",\"datePublished\":\"2020-10-02T16:33:05+00:00\",\"dateModified\":\"2020-10-02T16:33:22+00:00\",\"description\":\"MAKYAJ VE KOZMET\u0130K \u00c7ANTASI GNCM 503\",\"breadcrumb\":{\"@id\":\"https:\/\/genclercanta.com\/es\/urunler\/makyaj-ve-kozmetik-cantasi-gncm-503\/#breadcrumb\"},\"inLanguage\":\"es\",\"potentialAction\":[{\"@type\":\"ReadAction\",\"target\":[\"https:\/\/genclercanta.com\/es\/urunler\/makyaj-ve-kozmetik-cantasi-gncm-503\/\"]}]},{\"@type\":\"ImageObject\",\"inLanguage\":\"es\",\"@id\":\"https:\/\/genclercanta.com\/es\/urunler\/makyaj-ve-kozmetik-cantasi-gncm-503\/#primaryimage\",\"url\":\"https:\/\/genclercanta.com\/wp-content\/uploads\/2020\/10\/GNCM-503.jpg?v=1613020801\",\"contentUrl\":\"https:\/\/genclercanta.com\/wp-content\/uploads\/2020\/10\/GNCM-503.jpg?v=1613020801\",\"width\":800,\"height\":600},{\"@type\":\"BreadcrumbList\",\"@id\":\"https:\/\/genclercanta.com\/es\/urunler\/makyaj-ve-kozmetik-cantasi-gncm-503\/#breadcrumb\",\"itemListElement\":[{\"@type\":\"ListItem\",\"position\":1,\"name\":\"Ana sayfa\",\"item\":\"https:\/\/genclercanta.com\/es\/pagina-principal\/\"},{\"@type\":\"ListItem\",\"position\":2,\"name\":\"Tienda\",\"item\":\"https:\/\/genclercanta.com\/es\/tienda\/\"},{\"@type\":\"ListItem\",\"position\":3,\"name\":\"MAKYAJ VE KOZMET\u0130K \u00c7ANTASI GNCM 503\"}]},{\"@type\":\"WebSite\",\"@id\":\"https:\/\/genclercanta.com\/es\/#website\",\"url\":\"https:\/\/genclercanta.com\/es\/\",\"name\":\"Promosyon \u00c7anta imalat\u0131, \u00dcretimi, \u00c7anta imalat\u00e7\u0131s\u0131 \u00dcreticisi istanbul\",\"description\":\"T\u00fcrkiyenin Toptan, Promosyon \u00c7anta \u0130malat\u00e7\u0131s\u0131\",\"publisher\":{\"@id\":\"https:\/\/genclercanta.com\/es\/#organization\"},\"alternateName\":\"Gen\u00e7ler \u00c7anta\",\"potentialAction\":[{\"@type\":\"SearchAction\",\"target\":{\"@type\":\"EntryPoint\",\"urlTemplate\":\"https:\/\/genclercanta.com\/es\/?s={search_term_string}\"},\"query-input\":{\"@type\":\"PropertyValueSpecification\",\"valueRequired\":true,\"valueName\":\"search_term_string\"}}],\"inLanguage\":\"es\"},{\"@type\":\"Organization\",\"@id\":\"https:\/\/genclercanta.com\/es\/#organization\",\"name\":\"Promosyon \u00c7anta imalat\u0131, \u00dcretimi, \u00c7anta imalat\u00e7\u0131s\u0131 \u00dcreticisi istanbul\",\"alternateName\":\"Gen\u00e7ler \u00c7anta\",\"url\":\"https:\/\/genclercanta.com\/es\/\",\"logo\":{\"@type\":\"ImageObject\",\"inLanguage\":\"es\",\"@id\":\"https:\/\/genclercanta.com\/es\/#\/schema\/logo\/image\/\",\"url\":\"https:\/\/genclercanta.com\/wp-content\/uploads\/2020\/10\/gencler-canta-logo.jpg\",\"contentUrl\":\"https:\/\/genclercanta.com\/wp-content\/uploads\/2020\/10\/gencler-canta-logo.jpg\",\"width\":600,\"height\":133,\"caption\":\"Promosyon \u00c7anta imalat\u0131, \u00dcretimi, \u00c7anta imalat\u00e7\u0131s\u0131 \u00dcreticisi istanbul\"},\"image\":{\"@id\":\"https:\/\/genclercanta.com\/es\/#\/schema\/logo\/image\/\"},\"sameAs\":[\"https:\/\/www.facebook.com\/GenclerCantacom\/\",\"https:\/\/www.instagram.com\/genclercanta\/\"]}]}<\/script>\n<!-- \/ Yoast SEO plugin. -->","yoast_head_json":{"title":"MAKYAJ VE KOZMET\u0130K \u00c7ANTASI GNCM 503 - Promosyon \u00c7anta imalat\u0131, \u00dcretimi, \u00c7anta imalat\u00e7\u0131s\u0131 \u00dcreticisi istanbul","description":"MAKYAJ VE KOZMET\u0130K \u00c7ANTASI GNCM 503","robots":{"index":"index","follow":"follow","max-snippet":"max-snippet:-1","max-image-preview":"max-image-preview:large","max-video-preview":"max-video-preview:-1"},"canonical":"https:\/\/genclercanta.com\/es\/urunler\/makyaj-ve-kozmetik-cantasi-gncm-503\/","og_locale":"es_ES","og_type":"article","og_title":"MAKYAJ VE KOZMET\u0130K \u00c7ANTASI GNCM 503 - Promosyon \u00c7anta imalat\u0131, \u00dcretimi, \u00c7anta imalat\u00e7\u0131s\u0131 \u00dcreticisi istanbul","og_description":"MAKYAJ VE KOZMET\u0130K \u00c7ANTASI GNCM 503","og_url":"https:\/\/genclercanta.com\/es\/urunler\/makyaj-ve-kozmetik-cantasi-gncm-503\/","og_site_name":"Promosyon \u00c7anta imalat\u0131, \u00dcretimi, \u00c7anta imalat\u00e7\u0131s\u0131 \u00dcreticisi istanbul","article_publisher":"https:\/\/www.facebook.com\/GenclerCantacom\/","article_modified_time":"2020-10-02T16:33:22+00:00","og_image":[{"width":800,"height":600,"url":"https:\/\/genclercanta.com\/wp-content\/uploads\/2020\/10\/GNCM-503.jpg?v=1613020801","type":"image\/jpeg"}],"schema":{"@context":"https:\/\/schema.org","@graph":[{"@type":"WebPage","@id":"https:\/\/genclercanta.com\/es\/urunler\/makyaj-ve-kozmetik-cantasi-gncm-503\/","url":"https:\/\/genclercanta.com\/es\/urunler\/makyaj-ve-kozmetik-cantasi-gncm-503\/","name":"MAKYAJ VE KOZMET\u0130K \u00c7ANTASI GNCM 503 - Promosyon \u00c7anta imalat\u0131, \u00dcretimi, \u00c7anta imalat\u00e7\u0131s\u0131 \u00dcreticisi istanbul","isPartOf":{"@id":"https:\/\/genclercanta.com\/es\/#website"},"primaryImageOfPage":{"@id":"https:\/\/genclercanta.com\/es\/urunler\/makyaj-ve-kozmetik-cantasi-gncm-503\/#primaryimage"},"image":{"@id":"https:\/\/genclercanta.com\/es\/urunler\/makyaj-ve-kozmetik-cantasi-gncm-503\/#primaryimage"},"thumbnailUrl":"https:\/\/genclercanta.com\/wp-content\/uploads\/2020\/10\/GNCM-503.jpg?v=1613020801","datePublished":"2020-10-02T16:33:05+00:00","dateModified":"2020-10-02T16:33:22+00:00","description":"MAKYAJ VE KOZMET\u0130K \u00c7ANTASI GNCM 503","breadcrumb":{"@id":"https:\/\/genclercanta.com\/es\/urunler\/makyaj-ve-kozmetik-cantasi-gncm-503\/#breadcrumb"},"inLanguage":"es","potentialAction":[{"@type":"ReadAction","target":["https:\/\/genclercanta.com\/es\/urunler\/makyaj-ve-kozmetik-cantasi-gncm-503\/"]}]},{"@type":"ImageObject","inLanguage":"es","@id":"https:\/\/genclercanta.com\/es\/urunler\/makyaj-ve-kozmetik-cantasi-gncm-503\/#primaryimage","url":"https:\/\/genclercanta.com\/wp-content\/uploads\/2020\/10\/GNCM-503.jpg?v=1613020801","contentUrl":"https:\/\/genclercanta.com\/wp-content\/uploads\/2020\/10\/GNCM-503.jpg?v=1613020801","width":800,"height":600},{"@type":"BreadcrumbList","@id":"https:\/\/genclercanta.com\/es\/urunler\/makyaj-ve-kozmetik-cantasi-gncm-503\/#breadcrumb","itemListElement":[{"@type":"ListItem","position":1,"name":"Ana sayfa","item":"https:\/\/genclercanta.com\/es\/pagina-principal\/"},{"@type":"ListItem","position":2,"name":"Tienda","item":"https:\/\/genclercanta.com\/es\/tienda\/"},{"@type":"ListItem","position":3,"name":"MAKYAJ VE KOZMET\u0130K \u00c7ANTASI GNCM 503"}]},{"@type":"WebSite","@id":"https:\/\/genclercanta.com\/es\/#website","url":"https:\/\/genclercanta.com\/es\/","name":"Promosyon \u00c7anta imalat\u0131, \u00dcretimi, \u00c7anta imalat\u00e7\u0131s\u0131 \u00dcreticisi istanbul","description":"T\u00fcrkiyenin Toptan, Promosyon \u00c7anta \u0130malat\u00e7\u0131s\u0131","publisher":{"@id":"https:\/\/genclercanta.com\/es\/#organization"},"alternateName":"Gen\u00e7ler \u00c7anta","potentialAction":[{"@type":"SearchAction","target":{"@type":"EntryPoint","urlTemplate":"https:\/\/genclercanta.com\/es\/?s={search_term_string}"},"query-input":{"@type":"PropertyValueSpecification","valueRequired":true,"valueName":"search_term_string"}}],"inLanguage":"es"},{"@type":"Organization","@id":"https:\/\/genclercanta.com\/es\/#organization","name":"Promosyon \u00c7anta imalat\u0131, \u00dcretimi, \u00c7anta imalat\u00e7\u0131s\u0131 \u00dcreticisi istanbul","alternateName":"Gen\u00e7ler \u00c7anta","url":"https:\/\/genclercanta.com\/es\/","logo":{"@type":"ImageObject","inLanguage":"es","@id":"https:\/\/genclercanta.com\/es\/#\/schema\/logo\/image\/","url":"https:\/\/genclercanta.com\/wp-content\/uploads\/2020\/10\/gencler-canta-logo.jpg","contentUrl":"https:\/\/genclercanta.com\/wp-content\/uploads\/2020\/10\/gencler-canta-logo.jpg","width":600,"height":133,"caption":"Promosyon \u00c7anta imalat\u0131, \u00dcretimi, \u00c7anta imalat\u00e7\u0131s\u0131 \u00dcreticisi istanbul"},"image":{"@id":"https:\/\/genclercanta.com\/es\/#\/schema\/logo\/image\/"},"sameAs":["https:\/\/www.facebook.com\/GenclerCantacom\/","https:\/\/www.instagram.com\/genclercanta\/"]}]}},"_links":{"self":[{"href":"https:\/\/genclercanta.com\/es\/wp-json\/wp\/v2\/product\/2074","targetHints":{"allow":["GET"]}}],"collection":[{"href":"https:\/\/genclercanta.com\/es\/wp-json\/wp\/v2\/product"}],"about":[{"href":"https:\/\/genclercanta.com\/es\/wp-json\/wp\/v2\/types\/product"}],"replies":[{"embeddable":true,"href":"https:\/\/genclercanta.com\/es\/wp-json\/wp\/v2\/comments?post=2074"}],"wp:featuredmedia":[{"embeddable":true,"href":"https:\/\/genclercanta.com\/es\/wp-json\/wp\/v2\/media\/2108"}],"wp:attachment":[{"href":"https:\/\/genclercanta.com\/es\/wp-json\/wp\/v2\/media?parent=2074"}],"wp:term":[{"taxonomy":"product_brand","embeddable":true,"href":"https:\/\/genclercanta.com\/es\/wp-json\/wp\/v2\/product_brand?post=2074"},{"taxonomy":"product_cat","embeddable":true,"href":"https:\/\/genclercanta.com\/es\/wp-json\/wp\/v2\/product_cat?post=2074"},{"taxonomy":"product_tag","embeddable":true,"href":"https:\/\/genclercanta.com\/es\/wp-json\/wp\/v2\/product_tag?post=2074"}],"curies":[{"name":"wp","href":"https:\/\/api.w.org\/{rel}","templated":true}]}}