{"id":7519,"date":"2020-10-02T18:34:26","date_gmt":"2020-10-02T18:34:26","guid":{"rendered":"http:\/\/genclercanta.com\/product\/import-placeholder-for-7029\/"},"modified":"2020-11-03T12:01:48","modified_gmt":"2020-11-03T12:01:48","slug":"lima-serisi-sirt-okul-cantasi-gnco-1054","status":"publish","type":"product","link":"https:\/\/genclercanta.com\/es\/urunler\/lima-serisi-sirt-okul-cantasi-gnco-1054\/","title":{"rendered":"L\u0130MA Serisi S\u0131rt \/ Okul \u00e7antas\u0131 GNCO 1054"},"content":{"rendered":"<p>L\u0130MA s\u0131rt \u00e7antas\u0131 \u00f6zel bir su ge\u00e7irmez kuma\u015ftan yap\u0131lm\u0131\u015ft\u0131r.<\/p>\n<p>Rahat ve taze bir malzemeden yap\u0131lm\u0131\u015f ortapedik kay\u0131\u015flar\u0131 ve s\u0131rt\u0131 sayesinde size bir seyahatte, \u00e7al\u0131\u015fmak i\u00e7in veya en rahat \u015fekilde \u00e7al\u0131\u015fmak i\u00e7in tasarlanm\u0131\u015ft\u0131r.<\/p>\n<p>\u2022\u00dcr\u00fcn Kodu: GNCO 1054<br \/>\n\u2022Y\u00fckseklik: 38cm En: 28cm Derinlik: 14cm<br \/>\n\u2022\u00c7antam\u0131z iki b\u00f6lmeden olu\u015fmaktad\u0131r.<br \/>\n\u2022Kuma\u015f\u0131 su ge\u00e7irmez polyesterdir.<br \/>\n\u2022Yan b\u00f6lmelerinde suluk b\u00f6lmesi vard\u0131r.<br \/>\n\u2022Laptop b\u00f6lmesi mevcuttur.<br \/>\n\u2022S\u0131rt k\u0131sm\u0131nda \u00f6zel bir fermuar b\u00f6lmesi vard\u0131r.<br \/>\n\u2022Hem elde hem s\u0131rtta ta\u015f\u0131nabilir.<br \/>\n\u2022Elde ta\u015f\u0131mak i\u00e7in tutaca\u011f\u0131 vard\u0131r.<br \/>\n\u2022Laptop b\u00f6lmesi \u00f6n\u00fcnde iki adet k\u00fc\u00e7\u00fck cep bulunmaktad\u0131r.<\/p>\n","protected":false},"excerpt":{"rendered":"<p>L\u0130MA s\u0131rt \u00e7antas\u0131 \u00f6zel bir su ge\u00e7irmez kuma\u015ftan yap\u0131lm\u0131\u015ft\u0131r.<\/p>\n<p>Rahat ve taze bir malzemeden yap\u0131lm\u0131\u015f ortapedik kay\u0131\u015flar\u0131 ve s\u0131rt\u0131 sayesinde size bir seyahatte, \u00e7al\u0131\u015fmak i\u00e7in veya en rahat \u015fekilde \u00e7al\u0131\u015fmak i\u00e7in tasarlanm\u0131\u015ft\u0131r.<\/p>\n<p>\u2022\u00dcr\u00fcn Kodu: GNCO 1054<br \/>\n\u2022Y\u00fckseklik: 38cm En: 28cm Derinlik: 14cm<br \/>\n\u2022\u00c7antam\u0131z iki b\u00f6lmeden olu\u015fmaktad\u0131r.<br \/>\n\u2022Kuma\u015f\u0131 su ge\u00e7irmez polyesterdir.<br \/>\n\u2022Yan b\u00f6lmelerinde suluk b\u00f6lmesi vard\u0131r.<br \/>\n\u2022Laptop b\u00f6lmesi mevcuttur.<br \/>\n\u2022S\u0131rt k\u0131sm\u0131nda \u00f6zel bir fermuar b\u00f6lmesi vard\u0131r.<br \/>\n\u2022Hem elde hem s\u0131rtta ta\u015f\u0131nabilir.<br \/>\n\u2022Elde ta\u015f\u0131mak i\u00e7in tutaca\u011f\u0131 vard\u0131r.<br \/>\n\u2022Laptop b\u00f6lmesi \u00f6n\u00fcnde iki adet k\u00fc\u00e7\u00fck cep bulunmaktad\u0131r.<\/p>\n","protected":false},"featured_media":7605,"comment_status":"open","ping_status":"closed","template":"","meta":[],"product_brand":[],"product_cat":[204],"product_tag":[],"class_list":{"0":"post-7519","1":"product","2":"type-product","3":"status-publish","4":"has-post-thumbnail","6":"product_cat-lima-serisi","8":"first","9":"instock","10":"shipping-taxable","11":"product-type-simple"},"yoast_head":"<!-- This site is optimized with the Yoast SEO plugin v26.3 - https:\/\/yoast.com\/wordpress\/plugins\/seo\/ -->\n<title>L\u0130MA Serisi S\u0131rt \/ Okul \u00e7antas\u0131 GNCO 1054 - Promosyon \u00c7anta imalat\u0131, \u00dcretimi, \u00c7anta imalat\u00e7\u0131s\u0131 \u00dcreticisi istanbul<\/title>\n<meta name=\"description\" content=\"L\u0130MA Serisi S\u0131rt \/ Okul \u00e7antas\u0131 GNCO 1054\" \/>\n<meta name=\"robots\" content=\"index, follow, max-snippet:-1, max-image-preview:large, max-video-preview:-1\" \/>\n<link rel=\"canonical\" href=\"https:\/\/genclercanta.com\/es\/urunler\/lima-serisi-sirt-okul-cantasi-gnco-1054\/\" \/>\n<meta property=\"og:locale\" content=\"es_ES\" \/>\n<meta property=\"og:type\" content=\"article\" \/>\n<meta property=\"og:title\" content=\"L\u0130MA Serisi S\u0131rt \/ Okul \u00e7antas\u0131 GNCO 1054 - Promosyon \u00c7anta imalat\u0131, \u00dcretimi, \u00c7anta imalat\u00e7\u0131s\u0131 \u00dcreticisi istanbul\" \/>\n<meta property=\"og:description\" content=\"L\u0130MA Serisi S\u0131rt \/ Okul \u00e7antas\u0131 GNCO 1054\" \/>\n<meta property=\"og:url\" content=\"https:\/\/genclercanta.com\/es\/urunler\/lima-serisi-sirt-okul-cantasi-gnco-1054\/\" \/>\n<meta property=\"og:site_name\" content=\"Promosyon \u00c7anta imalat\u0131, \u00dcretimi, \u00c7anta imalat\u00e7\u0131s\u0131 \u00dcreticisi istanbul\" \/>\n<meta property=\"article:publisher\" content=\"https:\/\/www.facebook.com\/GenclerCantacom\/\" \/>\n<meta property=\"article:modified_time\" content=\"2020-11-03T12:01:48+00:00\" \/>\n<meta property=\"og:image\" content=\"https:\/\/genclercanta.com\/wp-content\/uploads\/2020\/10\/trendyol_MGL9617.jpg?v=1613020491\" \/>\n\t<meta property=\"og:image:width\" content=\"1200\" \/>\n\t<meta property=\"og:image:height\" content=\"1800\" \/>\n\t<meta property=\"og:image:type\" content=\"image\/jpeg\" \/>\n<meta name=\"twitter:label1\" content=\"Tiempo de lectura\" \/>\n\t<meta name=\"twitter:data1\" content=\"1 minuto\" \/>\n<script type=\"application\/ld+json\" class=\"yoast-schema-graph\">{\"@context\":\"https:\/\/schema.org\",\"@graph\":[{\"@type\":\"WebPage\",\"@id\":\"https:\/\/genclercanta.com\/es\/urunler\/lima-serisi-sirt-okul-cantasi-gnco-1054\/\",\"url\":\"https:\/\/genclercanta.com\/es\/urunler\/lima-serisi-sirt-okul-cantasi-gnco-1054\/\",\"name\":\"L\u0130MA Serisi S\u0131rt \/ Okul \u00e7antas\u0131 GNCO 1054 - Promosyon \u00c7anta imalat\u0131, \u00dcretimi, \u00c7anta imalat\u00e7\u0131s\u0131 \u00dcreticisi istanbul\",\"isPartOf\":{\"@id\":\"https:\/\/genclercanta.com\/es\/#website\"},\"primaryImageOfPage\":{\"@id\":\"https:\/\/genclercanta.com\/es\/urunler\/lima-serisi-sirt-okul-cantasi-gnco-1054\/#primaryimage\"},\"image\":{\"@id\":\"https:\/\/genclercanta.com\/es\/urunler\/lima-serisi-sirt-okul-cantasi-gnco-1054\/#primaryimage\"},\"thumbnailUrl\":\"https:\/\/genclercanta.com\/wp-content\/uploads\/2020\/10\/trendyol_MGL9617.jpg?v=1613020491\",\"datePublished\":\"2020-10-02T18:34:26+00:00\",\"dateModified\":\"2020-11-03T12:01:48+00:00\",\"description\":\"L\u0130MA Serisi S\u0131rt \/ Okul \u00e7antas\u0131 GNCO 1054\",\"breadcrumb\":{\"@id\":\"https:\/\/genclercanta.com\/es\/urunler\/lima-serisi-sirt-okul-cantasi-gnco-1054\/#breadcrumb\"},\"inLanguage\":\"es\",\"potentialAction\":[{\"@type\":\"ReadAction\",\"target\":[\"https:\/\/genclercanta.com\/es\/urunler\/lima-serisi-sirt-okul-cantasi-gnco-1054\/\"]}]},{\"@type\":\"ImageObject\",\"inLanguage\":\"es\",\"@id\":\"https:\/\/genclercanta.com\/es\/urunler\/lima-serisi-sirt-okul-cantasi-gnco-1054\/#primaryimage\",\"url\":\"https:\/\/genclercanta.com\/wp-content\/uploads\/2020\/10\/trendyol_MGL9617.jpg?v=1613020491\",\"contentUrl\":\"https:\/\/genclercanta.com\/wp-content\/uploads\/2020\/10\/trendyol_MGL9617.jpg?v=1613020491\",\"width\":1200,\"height\":1800},{\"@type\":\"BreadcrumbList\",\"@id\":\"https:\/\/genclercanta.com\/es\/urunler\/lima-serisi-sirt-okul-cantasi-gnco-1054\/#breadcrumb\",\"itemListElement\":[{\"@type\":\"ListItem\",\"position\":1,\"name\":\"Ana sayfa\",\"item\":\"https:\/\/genclercanta.com\/es\/pagina-principal\/\"},{\"@type\":\"ListItem\",\"position\":2,\"name\":\"Tienda\",\"item\":\"https:\/\/genclercanta.com\/es\/tienda\/\"},{\"@type\":\"ListItem\",\"position\":3,\"name\":\"L\u0130MA Serisi S\u0131rt \/ Okul \u00e7antas\u0131 GNCO 1054\"}]},{\"@type\":\"WebSite\",\"@id\":\"https:\/\/genclercanta.com\/es\/#website\",\"url\":\"https:\/\/genclercanta.com\/es\/\",\"name\":\"Promosyon \u00c7anta imalat\u0131, \u00dcretimi, \u00c7anta imalat\u00e7\u0131s\u0131 \u00dcreticisi istanbul\",\"description\":\"T\u00fcrkiyenin Toptan, Promosyon \u00c7anta \u0130malat\u00e7\u0131s\u0131\",\"publisher\":{\"@id\":\"https:\/\/genclercanta.com\/es\/#organization\"},\"alternateName\":\"Gen\u00e7ler \u00c7anta\",\"potentialAction\":[{\"@type\":\"SearchAction\",\"target\":{\"@type\":\"EntryPoint\",\"urlTemplate\":\"https:\/\/genclercanta.com\/es\/?s={search_term_string}\"},\"query-input\":{\"@type\":\"PropertyValueSpecification\",\"valueRequired\":true,\"valueName\":\"search_term_string\"}}],\"inLanguage\":\"es\"},{\"@type\":\"Organization\",\"@id\":\"https:\/\/genclercanta.com\/es\/#organization\",\"name\":\"Promosyon \u00c7anta imalat\u0131, \u00dcretimi, \u00c7anta imalat\u00e7\u0131s\u0131 \u00dcreticisi istanbul\",\"alternateName\":\"Gen\u00e7ler \u00c7anta\",\"url\":\"https:\/\/genclercanta.com\/es\/\",\"logo\":{\"@type\":\"ImageObject\",\"inLanguage\":\"es\",\"@id\":\"https:\/\/genclercanta.com\/es\/#\/schema\/logo\/image\/\",\"url\":\"https:\/\/genclercanta.com\/wp-content\/uploads\/2020\/10\/gencler-canta-logo.jpg\",\"contentUrl\":\"https:\/\/genclercanta.com\/wp-content\/uploads\/2020\/10\/gencler-canta-logo.jpg\",\"width\":600,\"height\":133,\"caption\":\"Promosyon \u00c7anta imalat\u0131, \u00dcretimi, \u00c7anta imalat\u00e7\u0131s\u0131 \u00dcreticisi istanbul\"},\"image\":{\"@id\":\"https:\/\/genclercanta.com\/es\/#\/schema\/logo\/image\/\"},\"sameAs\":[\"https:\/\/www.facebook.com\/GenclerCantacom\/\",\"https:\/\/www.instagram.com\/genclercanta\/\"]}]}<\/script>\n<!-- \/ Yoast SEO plugin. -->","yoast_head_json":{"title":"L\u0130MA Serisi S\u0131rt \/ Okul \u00e7antas\u0131 GNCO 1054 - Promosyon \u00c7anta imalat\u0131, \u00dcretimi, \u00c7anta imalat\u00e7\u0131s\u0131 \u00dcreticisi istanbul","description":"L\u0130MA Serisi S\u0131rt \/ Okul \u00e7antas\u0131 GNCO 1054","robots":{"index":"index","follow":"follow","max-snippet":"max-snippet:-1","max-image-preview":"max-image-preview:large","max-video-preview":"max-video-preview:-1"},"canonical":"https:\/\/genclercanta.com\/es\/urunler\/lima-serisi-sirt-okul-cantasi-gnco-1054\/","og_locale":"es_ES","og_type":"article","og_title":"L\u0130MA Serisi S\u0131rt \/ Okul \u00e7antas\u0131 GNCO 1054 - Promosyon \u00c7anta imalat\u0131, \u00dcretimi, \u00c7anta imalat\u00e7\u0131s\u0131 \u00dcreticisi istanbul","og_description":"L\u0130MA Serisi S\u0131rt \/ Okul \u00e7antas\u0131 GNCO 1054","og_url":"https:\/\/genclercanta.com\/es\/urunler\/lima-serisi-sirt-okul-cantasi-gnco-1054\/","og_site_name":"Promosyon \u00c7anta imalat\u0131, \u00dcretimi, \u00c7anta imalat\u00e7\u0131s\u0131 \u00dcreticisi istanbul","article_publisher":"https:\/\/www.facebook.com\/GenclerCantacom\/","article_modified_time":"2020-11-03T12:01:48+00:00","og_image":[{"width":1200,"height":1800,"url":"https:\/\/genclercanta.com\/wp-content\/uploads\/2020\/10\/trendyol_MGL9617.jpg?v=1613020491","type":"image\/jpeg"}],"twitter_misc":{"Tiempo de lectura":"1 minuto"},"schema":{"@context":"https:\/\/schema.org","@graph":[{"@type":"WebPage","@id":"https:\/\/genclercanta.com\/es\/urunler\/lima-serisi-sirt-okul-cantasi-gnco-1054\/","url":"https:\/\/genclercanta.com\/es\/urunler\/lima-serisi-sirt-okul-cantasi-gnco-1054\/","name":"L\u0130MA Serisi S\u0131rt \/ Okul \u00e7antas\u0131 GNCO 1054 - Promosyon \u00c7anta imalat\u0131, \u00dcretimi, \u00c7anta imalat\u00e7\u0131s\u0131 \u00dcreticisi istanbul","isPartOf":{"@id":"https:\/\/genclercanta.com\/es\/#website"},"primaryImageOfPage":{"@id":"https:\/\/genclercanta.com\/es\/urunler\/lima-serisi-sirt-okul-cantasi-gnco-1054\/#primaryimage"},"image":{"@id":"https:\/\/genclercanta.com\/es\/urunler\/lima-serisi-sirt-okul-cantasi-gnco-1054\/#primaryimage"},"thumbnailUrl":"https:\/\/genclercanta.com\/wp-content\/uploads\/2020\/10\/trendyol_MGL9617.jpg?v=1613020491","datePublished":"2020-10-02T18:34:26+00:00","dateModified":"2020-11-03T12:01:48+00:00","description":"L\u0130MA Serisi S\u0131rt \/ Okul \u00e7antas\u0131 GNCO 1054","breadcrumb":{"@id":"https:\/\/genclercanta.com\/es\/urunler\/lima-serisi-sirt-okul-cantasi-gnco-1054\/#breadcrumb"},"inLanguage":"es","potentialAction":[{"@type":"ReadAction","target":["https:\/\/genclercanta.com\/es\/urunler\/lima-serisi-sirt-okul-cantasi-gnco-1054\/"]}]},{"@type":"ImageObject","inLanguage":"es","@id":"https:\/\/genclercanta.com\/es\/urunler\/lima-serisi-sirt-okul-cantasi-gnco-1054\/#primaryimage","url":"https:\/\/genclercanta.com\/wp-content\/uploads\/2020\/10\/trendyol_MGL9617.jpg?v=1613020491","contentUrl":"https:\/\/genclercanta.com\/wp-content\/uploads\/2020\/10\/trendyol_MGL9617.jpg?v=1613020491","width":1200,"height":1800},{"@type":"BreadcrumbList","@id":"https:\/\/genclercanta.com\/es\/urunler\/lima-serisi-sirt-okul-cantasi-gnco-1054\/#breadcrumb","itemListElement":[{"@type":"ListItem","position":1,"name":"Ana sayfa","item":"https:\/\/genclercanta.com\/es\/pagina-principal\/"},{"@type":"ListItem","position":2,"name":"Tienda","item":"https:\/\/genclercanta.com\/es\/tienda\/"},{"@type":"ListItem","position":3,"name":"L\u0130MA Serisi S\u0131rt \/ Okul \u00e7antas\u0131 GNCO 1054"}]},{"@type":"WebSite","@id":"https:\/\/genclercanta.com\/es\/#website","url":"https:\/\/genclercanta.com\/es\/","name":"Promosyon \u00c7anta imalat\u0131, \u00dcretimi, \u00c7anta imalat\u00e7\u0131s\u0131 \u00dcreticisi istanbul","description":"T\u00fcrkiyenin Toptan, Promosyon \u00c7anta \u0130malat\u00e7\u0131s\u0131","publisher":{"@id":"https:\/\/genclercanta.com\/es\/#organization"},"alternateName":"Gen\u00e7ler \u00c7anta","potentialAction":[{"@type":"SearchAction","target":{"@type":"EntryPoint","urlTemplate":"https:\/\/genclercanta.com\/es\/?s={search_term_string}"},"query-input":{"@type":"PropertyValueSpecification","valueRequired":true,"valueName":"search_term_string"}}],"inLanguage":"es"},{"@type":"Organization","@id":"https:\/\/genclercanta.com\/es\/#organization","name":"Promosyon \u00c7anta imalat\u0131, \u00dcretimi, \u00c7anta imalat\u00e7\u0131s\u0131 \u00dcreticisi istanbul","alternateName":"Gen\u00e7ler \u00c7anta","url":"https:\/\/genclercanta.com\/es\/","logo":{"@type":"ImageObject","inLanguage":"es","@id":"https:\/\/genclercanta.com\/es\/#\/schema\/logo\/image\/","url":"https:\/\/genclercanta.com\/wp-content\/uploads\/2020\/10\/gencler-canta-logo.jpg","contentUrl":"https:\/\/genclercanta.com\/wp-content\/uploads\/2020\/10\/gencler-canta-logo.jpg","width":600,"height":133,"caption":"Promosyon \u00c7anta imalat\u0131, \u00dcretimi, \u00c7anta imalat\u00e7\u0131s\u0131 \u00dcreticisi istanbul"},"image":{"@id":"https:\/\/genclercanta.com\/es\/#\/schema\/logo\/image\/"},"sameAs":["https:\/\/www.facebook.com\/GenclerCantacom\/","https:\/\/www.instagram.com\/genclercanta\/"]}]}},"_links":{"self":[{"href":"https:\/\/genclercanta.com\/es\/wp-json\/wp\/v2\/product\/7519","targetHints":{"allow":["GET"]}}],"collection":[{"href":"https:\/\/genclercanta.com\/es\/wp-json\/wp\/v2\/product"}],"about":[{"href":"https:\/\/genclercanta.com\/es\/wp-json\/wp\/v2\/types\/product"}],"replies":[{"embeddable":true,"href":"https:\/\/genclercanta.com\/es\/wp-json\/wp\/v2\/comments?post=7519"}],"wp:featuredmedia":[{"embeddable":true,"href":"https:\/\/genclercanta.com\/es\/wp-json\/wp\/v2\/media\/7605"}],"wp:attachment":[{"href":"https:\/\/genclercanta.com\/es\/wp-json\/wp\/v2\/media?parent=7519"}],"wp:term":[{"taxonomy":"product_brand","embeddable":true,"href":"https:\/\/genclercanta.com\/es\/wp-json\/wp\/v2\/product_brand?post=7519"},{"taxonomy":"product_cat","embeddable":true,"href":"https:\/\/genclercanta.com\/es\/wp-json\/wp\/v2\/product_cat?post=7519"},{"taxonomy":"product_tag","embeddable":true,"href":"https:\/\/genclercanta.com\/es\/wp-json\/wp\/v2\/product_tag?post=7519"}],"curies":[{"name":"wp","href":"https:\/\/api.w.org\/{rel}","templated":true}]}}