{"id":122094,"date":"2025-08-13T08:02:39","date_gmt":"2025-08-13T08:02:39","guid":{"rendered":"https:\/\/genclercanta.com\/urunler\/sac-de-sport-et-de-voyage-gncs-1189\/"},"modified":"2025-08-13T08:02:39","modified_gmt":"2025-08-13T08:02:39","slug":"sac-de-sport-et-de-voyage-gncs-1189","status":"publish","type":"product","link":"https:\/\/genclercanta.com\/fr\/urunler\/sac-de-sport-et-de-voyage-gncs-1189\/","title":{"rendered":"SAC DE SPORT ET DE VOYAGE GNCS 1189"},"content":{"rendered":"<pre id=\"tw-target-text\" class=\"tw-data-text tw-text-large tw-ta\" dir=\"ltr\" data-placeholder=\"\u00c7eviri\" data-ved=\"2ahUKEwjXq9bjiaiPAxX3IRAIHY5YAPAQ3ewLegQIChAV\" aria-label=\"\u00c7evrilmi\u015f metin: Code\u00a0: GNCS 1189\r\nNom\u00a0: Sac de sport et de voyage\r\nMati\u00e8re\u00a0: Tissu polyester\r\nDimensions\u00a0: 35 x 40 x 22 cm\r\nDimensions de la bo\u00eete\u00a0: 55 x 40 x 40\r\nQuantit\u00e9\u00a0: - pi\u00e8ces\r\nPoids\u00a0:\"><span class=\"Y2IQFc\" lang=\"fr\">Code\u00a0: GNCS 1189\r\nNom\u00a0: Sac de sport et de voyage\r\nMati\u00e8re\u00a0: Tissu polyester\r\nDimensions\u00a0: 35 x 40 x 22 cm\r\nDimensions de la bo\u00eete\u00a0: 55 x 40 x 40\r\nQuantit\u00e9\u00a0: - pi\u00e8ces\r\nPoids\u00a0:<\/span><\/pre>\n","protected":false},"excerpt":{"rendered":"<pre id=\"tw-target-text\" class=\"tw-data-text tw-text-large tw-ta\" dir=\"ltr\" data-placeholder=\"\u00c7eviri\" data-ved=\"2ahUKEwjXq9bjiaiPAxX3IRAIHY5YAPAQ3ewLegQIChAV\" aria-label=\"\u00c7evrilmi\u015f metin: SAC DE SPORT ET DE VOYAGE GNCS 1189\"><span class=\"Y2IQFc\" lang=\"fr\">SAC DE SPORT ET DE VOYAGE GNCS 1189<\/span><\/pre>\n","protected":false},"featured_media":120411,"comment_status":"open","ping_status":"closed","template":"","meta":[],"product_brand":[],"product_cat":[724],"product_tag":[938,936,777,937,771,789,783,934,935],"class_list":{"0":"post-122094","1":"product","2":"type-product","3":"status-publish","4":"has-post-thumbnail","6":"product_cat-sac-de-sport","7":"product_tag-fabrication-de-sacs-de-sport-fr","8":"product_tag-fabrication-de-sacs-de-sport","9":"product_tag-production-de-sacs-de-voyage","10":"product_tag-promotion-sac-de-sport","11":"product_tag-promotion-sac-de-voyage","12":"product_tag-sac-de-sport","13":"product_tag-sac-de-sport-et-de-voyage","14":"product_tag-sacs-de-sport-et-de-voyage-en-gros","15":"product_tag-types-de-sacs-de-sport-et-de-voyage","17":"first","18":"instock","19":"shipping-taxable","20":"product-type-simple"},"yoast_head":"<!-- This site is optimized with the Yoast SEO plugin v26.3 - https:\/\/yoast.com\/wordpress\/plugins\/seo\/ -->\n<title>SAC DE SPORT ET DE VOYAGE GNCS 1189 - Promosyon \u00c7anta imalat\u0131, \u00dcretimi, \u00c7anta imalat\u00e7\u0131s\u0131 \u00dcreticisi istanbul<\/title>\n<meta name=\"description\" content=\"SAC DE SPORT ET DE VOYAGE GNCS 1189\" \/>\n<meta name=\"robots\" content=\"index, follow, max-snippet:-1, max-image-preview:large, max-video-preview:-1\" \/>\n<link rel=\"canonical\" href=\"https:\/\/genclercanta.com\/fr\/urunler\/sac-de-sport-et-de-voyage-gncs-1189\/\" \/>\n<meta property=\"og:locale\" content=\"fr_FR\" \/>\n<meta property=\"og:type\" content=\"article\" \/>\n<meta property=\"og:title\" content=\"SAC DE SPORT ET DE VOYAGE GNCS 1189 - Promosyon \u00c7anta imalat\u0131, \u00dcretimi, \u00c7anta imalat\u00e7\u0131s\u0131 \u00dcreticisi istanbul\" \/>\n<meta property=\"og:description\" content=\"SAC DE SPORT ET DE VOYAGE GNCS 1189\" \/>\n<meta property=\"og:url\" content=\"https:\/\/genclercanta.com\/fr\/urunler\/sac-de-sport-et-de-voyage-gncs-1189\/\" \/>\n<meta property=\"og:site_name\" content=\"Promosyon \u00c7anta imalat\u0131, \u00dcretimi, \u00c7anta imalat\u00e7\u0131s\u0131 \u00dcreticisi istanbul\" \/>\n<meta property=\"article:publisher\" content=\"https:\/\/www.facebook.com\/GenclerCantacom\/\" \/>\n<meta property=\"og:image\" content=\"https:\/\/genclercanta.com\/wp-content\/uploads\/2025\/08\/KREA5567.jpg\" \/>\n\t<meta property=\"og:image:width\" content=\"1600\" \/>\n\t<meta property=\"og:image:height\" content=\"1200\" \/>\n\t<meta property=\"og:image:type\" content=\"image\/jpeg\" \/>\n<script type=\"application\/ld+json\" class=\"yoast-schema-graph\">{\"@context\":\"https:\/\/schema.org\",\"@graph\":[{\"@type\":\"WebPage\",\"@id\":\"https:\/\/genclercanta.com\/fr\/urunler\/sac-de-sport-et-de-voyage-gncs-1189\/\",\"url\":\"https:\/\/genclercanta.com\/fr\/urunler\/sac-de-sport-et-de-voyage-gncs-1189\/\",\"name\":\"SAC DE SPORT ET DE VOYAGE GNCS 1189 - Promosyon \u00c7anta imalat\u0131, \u00dcretimi, \u00c7anta imalat\u00e7\u0131s\u0131 \u00dcreticisi istanbul\",\"isPartOf\":{\"@id\":\"https:\/\/genclercanta.com\/fr\/#website\"},\"primaryImageOfPage\":{\"@id\":\"https:\/\/genclercanta.com\/fr\/urunler\/sac-de-sport-et-de-voyage-gncs-1189\/#primaryimage\"},\"image\":{\"@id\":\"https:\/\/genclercanta.com\/fr\/urunler\/sac-de-sport-et-de-voyage-gncs-1189\/#primaryimage\"},\"thumbnailUrl\":\"https:\/\/genclercanta.com\/wp-content\/uploads\/2025\/08\/KREA5567.jpg\",\"datePublished\":\"2025-08-13T08:02:39+00:00\",\"description\":\"SAC DE SPORT ET DE VOYAGE GNCS 1189\",\"breadcrumb\":{\"@id\":\"https:\/\/genclercanta.com\/fr\/urunler\/sac-de-sport-et-de-voyage-gncs-1189\/#breadcrumb\"},\"inLanguage\":\"fr-FR\",\"potentialAction\":[{\"@type\":\"ReadAction\",\"target\":[\"https:\/\/genclercanta.com\/fr\/urunler\/sac-de-sport-et-de-voyage-gncs-1189\/\"]}]},{\"@type\":\"ImageObject\",\"inLanguage\":\"fr-FR\",\"@id\":\"https:\/\/genclercanta.com\/fr\/urunler\/sac-de-sport-et-de-voyage-gncs-1189\/#primaryimage\",\"url\":\"https:\/\/genclercanta.com\/wp-content\/uploads\/2025\/08\/KREA5567.jpg\",\"contentUrl\":\"https:\/\/genclercanta.com\/wp-content\/uploads\/2025\/08\/KREA5567.jpg\",\"width\":1600,\"height\":1200,\"caption\":\"TOPTAN SEYAHAT VE SPOR YE\u015e\u0130L SPOR \u00c7ANTASI MODELLER\u0130 \u0130STANBUL\"},{\"@type\":\"BreadcrumbList\",\"@id\":\"https:\/\/genclercanta.com\/fr\/urunler\/sac-de-sport-et-de-voyage-gncs-1189\/#breadcrumb\",\"itemListElement\":[{\"@type\":\"ListItem\",\"position\":1,\"name\":\"Ana sayfa\",\"item\":\"https:\/\/genclercanta.com\/fr\/accueil\/\"},{\"@type\":\"ListItem\",\"position\":2,\"name\":\"Boutique\",\"item\":\"https:\/\/genclercanta.com\/fr\/boutique\/\"},{\"@type\":\"ListItem\",\"position\":3,\"name\":\"SAC DE SPORT ET DE VOYAGE GNCS 1189\"}]},{\"@type\":\"WebSite\",\"@id\":\"https:\/\/genclercanta.com\/fr\/#website\",\"url\":\"https:\/\/genclercanta.com\/fr\/\",\"name\":\"Promosyon \u00c7anta imalat\u0131, \u00dcretimi, \u00c7anta imalat\u00e7\u0131s\u0131 \u00dcreticisi istanbul\",\"description\":\"T\u00fcrkiyenin Toptan, Promosyon \u00c7anta \u0130malat\u00e7\u0131s\u0131\",\"publisher\":{\"@id\":\"https:\/\/genclercanta.com\/fr\/#organization\"},\"alternateName\":\"Gen\u00e7ler \u00c7anta\",\"potentialAction\":[{\"@type\":\"SearchAction\",\"target\":{\"@type\":\"EntryPoint\",\"urlTemplate\":\"https:\/\/genclercanta.com\/fr\/?s={search_term_string}\"},\"query-input\":{\"@type\":\"PropertyValueSpecification\",\"valueRequired\":true,\"valueName\":\"search_term_string\"}}],\"inLanguage\":\"fr-FR\"},{\"@type\":\"Organization\",\"@id\":\"https:\/\/genclercanta.com\/fr\/#organization\",\"name\":\"Promosyon \u00c7anta imalat\u0131, \u00dcretimi, \u00c7anta imalat\u00e7\u0131s\u0131 \u00dcreticisi istanbul\",\"alternateName\":\"Gen\u00e7ler \u00c7anta\",\"url\":\"https:\/\/genclercanta.com\/fr\/\",\"logo\":{\"@type\":\"ImageObject\",\"inLanguage\":\"fr-FR\",\"@id\":\"https:\/\/genclercanta.com\/fr\/#\/schema\/logo\/image\/\",\"url\":\"https:\/\/genclercanta.com\/wp-content\/uploads\/2020\/10\/gencler-canta-logo.jpg\",\"contentUrl\":\"https:\/\/genclercanta.com\/wp-content\/uploads\/2020\/10\/gencler-canta-logo.jpg\",\"width\":600,\"height\":133,\"caption\":\"Promosyon \u00c7anta imalat\u0131, \u00dcretimi, \u00c7anta imalat\u00e7\u0131s\u0131 \u00dcreticisi istanbul\"},\"image\":{\"@id\":\"https:\/\/genclercanta.com\/fr\/#\/schema\/logo\/image\/\"},\"sameAs\":[\"https:\/\/www.facebook.com\/GenclerCantacom\/\",\"https:\/\/www.instagram.com\/genclercanta\/\"]}]}<\/script>\n<!-- \/ Yoast SEO plugin. -->","yoast_head_json":{"title":"SAC DE SPORT ET DE VOYAGE GNCS 1189 - Promosyon \u00c7anta imalat\u0131, \u00dcretimi, \u00c7anta imalat\u00e7\u0131s\u0131 \u00dcreticisi istanbul","description":"SAC DE SPORT ET DE VOYAGE GNCS 1189","robots":{"index":"index","follow":"follow","max-snippet":"max-snippet:-1","max-image-preview":"max-image-preview:large","max-video-preview":"max-video-preview:-1"},"canonical":"https:\/\/genclercanta.com\/fr\/urunler\/sac-de-sport-et-de-voyage-gncs-1189\/","og_locale":"fr_FR","og_type":"article","og_title":"SAC DE SPORT ET DE VOYAGE GNCS 1189 - Promosyon \u00c7anta imalat\u0131, \u00dcretimi, \u00c7anta imalat\u00e7\u0131s\u0131 \u00dcreticisi istanbul","og_description":"SAC DE SPORT ET DE VOYAGE GNCS 1189","og_url":"https:\/\/genclercanta.com\/fr\/urunler\/sac-de-sport-et-de-voyage-gncs-1189\/","og_site_name":"Promosyon \u00c7anta imalat\u0131, \u00dcretimi, \u00c7anta imalat\u00e7\u0131s\u0131 \u00dcreticisi istanbul","article_publisher":"https:\/\/www.facebook.com\/GenclerCantacom\/","og_image":[{"width":1600,"height":1200,"url":"https:\/\/genclercanta.com\/wp-content\/uploads\/2025\/08\/KREA5567.jpg","type":"image\/jpeg"}],"schema":{"@context":"https:\/\/schema.org","@graph":[{"@type":"WebPage","@id":"https:\/\/genclercanta.com\/fr\/urunler\/sac-de-sport-et-de-voyage-gncs-1189\/","url":"https:\/\/genclercanta.com\/fr\/urunler\/sac-de-sport-et-de-voyage-gncs-1189\/","name":"SAC DE SPORT ET DE VOYAGE GNCS 1189 - Promosyon \u00c7anta imalat\u0131, \u00dcretimi, \u00c7anta imalat\u00e7\u0131s\u0131 \u00dcreticisi istanbul","isPartOf":{"@id":"https:\/\/genclercanta.com\/fr\/#website"},"primaryImageOfPage":{"@id":"https:\/\/genclercanta.com\/fr\/urunler\/sac-de-sport-et-de-voyage-gncs-1189\/#primaryimage"},"image":{"@id":"https:\/\/genclercanta.com\/fr\/urunler\/sac-de-sport-et-de-voyage-gncs-1189\/#primaryimage"},"thumbnailUrl":"https:\/\/genclercanta.com\/wp-content\/uploads\/2025\/08\/KREA5567.jpg","datePublished":"2025-08-13T08:02:39+00:00","description":"SAC DE SPORT ET DE VOYAGE GNCS 1189","breadcrumb":{"@id":"https:\/\/genclercanta.com\/fr\/urunler\/sac-de-sport-et-de-voyage-gncs-1189\/#breadcrumb"},"inLanguage":"fr-FR","potentialAction":[{"@type":"ReadAction","target":["https:\/\/genclercanta.com\/fr\/urunler\/sac-de-sport-et-de-voyage-gncs-1189\/"]}]},{"@type":"ImageObject","inLanguage":"fr-FR","@id":"https:\/\/genclercanta.com\/fr\/urunler\/sac-de-sport-et-de-voyage-gncs-1189\/#primaryimage","url":"https:\/\/genclercanta.com\/wp-content\/uploads\/2025\/08\/KREA5567.jpg","contentUrl":"https:\/\/genclercanta.com\/wp-content\/uploads\/2025\/08\/KREA5567.jpg","width":1600,"height":1200,"caption":"TOPTAN SEYAHAT VE SPOR YE\u015e\u0130L SPOR \u00c7ANTASI MODELLER\u0130 \u0130STANBUL"},{"@type":"BreadcrumbList","@id":"https:\/\/genclercanta.com\/fr\/urunler\/sac-de-sport-et-de-voyage-gncs-1189\/#breadcrumb","itemListElement":[{"@type":"ListItem","position":1,"name":"Ana sayfa","item":"https:\/\/genclercanta.com\/fr\/accueil\/"},{"@type":"ListItem","position":2,"name":"Boutique","item":"https:\/\/genclercanta.com\/fr\/boutique\/"},{"@type":"ListItem","position":3,"name":"SAC DE SPORT ET DE VOYAGE GNCS 1189"}]},{"@type":"WebSite","@id":"https:\/\/genclercanta.com\/fr\/#website","url":"https:\/\/genclercanta.com\/fr\/","name":"Promosyon \u00c7anta imalat\u0131, \u00dcretimi, \u00c7anta imalat\u00e7\u0131s\u0131 \u00dcreticisi istanbul","description":"T\u00fcrkiyenin Toptan, Promosyon \u00c7anta \u0130malat\u00e7\u0131s\u0131","publisher":{"@id":"https:\/\/genclercanta.com\/fr\/#organization"},"alternateName":"Gen\u00e7ler \u00c7anta","potentialAction":[{"@type":"SearchAction","target":{"@type":"EntryPoint","urlTemplate":"https:\/\/genclercanta.com\/fr\/?s={search_term_string}"},"query-input":{"@type":"PropertyValueSpecification","valueRequired":true,"valueName":"search_term_string"}}],"inLanguage":"fr-FR"},{"@type":"Organization","@id":"https:\/\/genclercanta.com\/fr\/#organization","name":"Promosyon \u00c7anta imalat\u0131, \u00dcretimi, \u00c7anta imalat\u00e7\u0131s\u0131 \u00dcreticisi istanbul","alternateName":"Gen\u00e7ler \u00c7anta","url":"https:\/\/genclercanta.com\/fr\/","logo":{"@type":"ImageObject","inLanguage":"fr-FR","@id":"https:\/\/genclercanta.com\/fr\/#\/schema\/logo\/image\/","url":"https:\/\/genclercanta.com\/wp-content\/uploads\/2020\/10\/gencler-canta-logo.jpg","contentUrl":"https:\/\/genclercanta.com\/wp-content\/uploads\/2020\/10\/gencler-canta-logo.jpg","width":600,"height":133,"caption":"Promosyon \u00c7anta imalat\u0131, \u00dcretimi, \u00c7anta imalat\u00e7\u0131s\u0131 \u00dcreticisi istanbul"},"image":{"@id":"https:\/\/genclercanta.com\/fr\/#\/schema\/logo\/image\/"},"sameAs":["https:\/\/www.facebook.com\/GenclerCantacom\/","https:\/\/www.instagram.com\/genclercanta\/"]}]}},"_links":{"self":[{"href":"https:\/\/genclercanta.com\/fr\/wp-json\/wp\/v2\/product\/122094","targetHints":{"allow":["GET"]}}],"collection":[{"href":"https:\/\/genclercanta.com\/fr\/wp-json\/wp\/v2\/product"}],"about":[{"href":"https:\/\/genclercanta.com\/fr\/wp-json\/wp\/v2\/types\/product"}],"replies":[{"embeddable":true,"href":"https:\/\/genclercanta.com\/fr\/wp-json\/wp\/v2\/comments?post=122094"}],"wp:featuredmedia":[{"embeddable":true,"href":"https:\/\/genclercanta.com\/fr\/wp-json\/wp\/v2\/media\/120411"}],"wp:attachment":[{"href":"https:\/\/genclercanta.com\/fr\/wp-json\/wp\/v2\/media?parent=122094"}],"wp:term":[{"taxonomy":"product_brand","embeddable":true,"href":"https:\/\/genclercanta.com\/fr\/wp-json\/wp\/v2\/product_brand?post=122094"},{"taxonomy":"product_cat","embeddable":true,"href":"https:\/\/genclercanta.com\/fr\/wp-json\/wp\/v2\/product_cat?post=122094"},{"taxonomy":"product_tag","embeddable":true,"href":"https:\/\/genclercanta.com\/fr\/wp-json\/wp\/v2\/product_tag?post=122094"}],"curies":[{"name":"wp","href":"https:\/\/api.w.org\/{rel}","templated":true}]}}