{"id":122220,"date":"2024-12-23T12:55:03","date_gmt":"2024-12-23T12:55:03","guid":{"rendered":"https:\/\/genclercanta.com\/urunler\/sacs-refrigerateurs-gncc-4062\/"},"modified":"2024-12-23T12:55:03","modified_gmt":"2024-12-23T12:55:03","slug":"sacs-refrigerateurs-gncc-4062","status":"publish","type":"product","link":"https:\/\/genclercanta.com\/fr\/urunler\/sacs-refrigerateurs-gncc-4062\/","title":{"rendered":"SACS R\u00c9FRIG\u00c9RATEURS GNCC 4062"},"content":{"rendered":"<p>Code\u00a0: GNCC 4062<\/p>\n<p>Nom du produit\u00a0: Sac isotherme<\/p>\n<p>Mati\u00e8re\u00a0: Tissu polyester<\/p>\n<p>Dimensions\u00a0: 33 x 17 x 13 cm<\/p>\n","protected":false},"excerpt":{"rendered":"<p>SACS R\u00c9FRIG\u00c9RATEURS GNCC 4062<\/p>\n","protected":false},"featured_media":118437,"comment_status":"open","ping_status":"closed","template":"","meta":[],"product_brand":[],"product_cat":[718],"product_tag":[826,831,827,829,828,830,832],"class_list":{"0":"post-122220","1":"product","2":"type-product","3":"status-publish","4":"has-post-thumbnail","6":"product_cat-sac-isotherme","7":"product_tag-fabrication-de-sacs","8":"product_tag-modeles-de-sac-a-dos","9":"product_tag-production-de-sacs","10":"product_tag-sac-a-dos","11":"product_tag-sac-promotionnel","12":"product_tag-types-de-sacs-a-dos","13":"product_tag-vente-en-gros-sac-a-dos","15":"first","16":"instock","17":"sold-individually","18":"shipping-taxable","19":"product-type-simple"},"yoast_head":"<!-- This site is optimized with the Yoast SEO plugin v26.3 - https:\/\/yoast.com\/wordpress\/plugins\/seo\/ -->\n<title>SACS R\u00c9FRIG\u00c9RATEURS GNCC 4062 - Promosyon \u00c7anta imalat\u0131, \u00dcretimi, \u00c7anta imalat\u00e7\u0131s\u0131 \u00dcreticisi istanbul<\/title>\n<meta name=\"description\" content=\"SACS R\u00c9FRIG\u00c9RATEURS GNCC 4062\" \/>\n<meta name=\"robots\" content=\"index, follow, max-snippet:-1, max-image-preview:large, max-video-preview:-1\" \/>\n<link rel=\"canonical\" href=\"https:\/\/genclercanta.com\/fr\/urunler\/sacs-refrigerateurs-gncc-4062\/\" \/>\n<meta property=\"og:locale\" content=\"fr_FR\" \/>\n<meta property=\"og:type\" content=\"article\" \/>\n<meta property=\"og:title\" content=\"SACS R\u00c9FRIG\u00c9RATEURS GNCC 4062 - Promosyon \u00c7anta imalat\u0131, \u00dcretimi, \u00c7anta imalat\u00e7\u0131s\u0131 \u00dcreticisi istanbul\" \/>\n<meta property=\"og:description\" content=\"SACS R\u00c9FRIG\u00c9RATEURS GNCC 4062\" \/>\n<meta property=\"og:url\" content=\"https:\/\/genclercanta.com\/fr\/urunler\/sacs-refrigerateurs-gncc-4062\/\" \/>\n<meta property=\"og:site_name\" content=\"Promosyon \u00c7anta imalat\u0131, \u00dcretimi, \u00c7anta imalat\u00e7\u0131s\u0131 \u00dcreticisi istanbul\" \/>\n<meta property=\"article:publisher\" content=\"https:\/\/www.facebook.com\/GenclerCantacom\/\" \/>\n<meta property=\"og:image\" content=\"https:\/\/genclercanta.com\/wp-content\/uploads\/2024\/12\/Adsiz-tasarim-2024-12-23T155436.584.png\" \/>\n\t<meta property=\"og:image:width\" content=\"1600\" \/>\n\t<meta property=\"og:image:height\" content=\"1200\" \/>\n\t<meta property=\"og:image:type\" content=\"image\/png\" \/>\n<script type=\"application\/ld+json\" class=\"yoast-schema-graph\">{\"@context\":\"https:\/\/schema.org\",\"@graph\":[{\"@type\":\"WebPage\",\"@id\":\"https:\/\/genclercanta.com\/fr\/urunler\/sacs-refrigerateurs-gncc-4062\/\",\"url\":\"https:\/\/genclercanta.com\/fr\/urunler\/sacs-refrigerateurs-gncc-4062\/\",\"name\":\"SACS R\u00c9FRIG\u00c9RATEURS GNCC 4062 - Promosyon \u00c7anta imalat\u0131, \u00dcretimi, \u00c7anta imalat\u00e7\u0131s\u0131 \u00dcreticisi istanbul\",\"isPartOf\":{\"@id\":\"https:\/\/genclercanta.com\/fr\/#website\"},\"primaryImageOfPage\":{\"@id\":\"https:\/\/genclercanta.com\/fr\/urunler\/sacs-refrigerateurs-gncc-4062\/#primaryimage\"},\"image\":{\"@id\":\"https:\/\/genclercanta.com\/fr\/urunler\/sacs-refrigerateurs-gncc-4062\/#primaryimage\"},\"thumbnailUrl\":\"https:\/\/genclercanta.com\/wp-content\/uploads\/2024\/12\/Adsiz-tasarim-2024-12-23T155436.584.png\",\"datePublished\":\"2024-12-23T12:55:03+00:00\",\"description\":\"SACS R\u00c9FRIG\u00c9RATEURS GNCC 4062\",\"breadcrumb\":{\"@id\":\"https:\/\/genclercanta.com\/fr\/urunler\/sacs-refrigerateurs-gncc-4062\/#breadcrumb\"},\"inLanguage\":\"fr-FR\",\"potentialAction\":[{\"@type\":\"ReadAction\",\"target\":[\"https:\/\/genclercanta.com\/fr\/urunler\/sacs-refrigerateurs-gncc-4062\/\"]}]},{\"@type\":\"ImageObject\",\"inLanguage\":\"fr-FR\",\"@id\":\"https:\/\/genclercanta.com\/fr\/urunler\/sacs-refrigerateurs-gncc-4062\/#primaryimage\",\"url\":\"https:\/\/genclercanta.com\/wp-content\/uploads\/2024\/12\/Adsiz-tasarim-2024-12-23T155436.584.png\",\"contentUrl\":\"https:\/\/genclercanta.com\/wp-content\/uploads\/2024\/12\/Adsiz-tasarim-2024-12-23T155436.584.png\",\"width\":1600,\"height\":1200,\"caption\":\"TOPTAN SO\u011eUTUCU \u00c7ANTA MODELLER\u0130\"},{\"@type\":\"BreadcrumbList\",\"@id\":\"https:\/\/genclercanta.com\/fr\/urunler\/sacs-refrigerateurs-gncc-4062\/#breadcrumb\",\"itemListElement\":[{\"@type\":\"ListItem\",\"position\":1,\"name\":\"Ana sayfa\",\"item\":\"https:\/\/genclercanta.com\/fr\/accueil\/\"},{\"@type\":\"ListItem\",\"position\":2,\"name\":\"Boutique\",\"item\":\"https:\/\/genclercanta.com\/fr\/boutique\/\"},{\"@type\":\"ListItem\",\"position\":3,\"name\":\"SACS R\u00c9FRIG\u00c9RATEURS GNCC 4062\"}]},{\"@type\":\"WebSite\",\"@id\":\"https:\/\/genclercanta.com\/fr\/#website\",\"url\":\"https:\/\/genclercanta.com\/fr\/\",\"name\":\"Promosyon \u00c7anta imalat\u0131, \u00dcretimi, \u00c7anta imalat\u00e7\u0131s\u0131 \u00dcreticisi istanbul\",\"description\":\"T\u00fcrkiyenin Toptan, Promosyon \u00c7anta \u0130malat\u00e7\u0131s\u0131\",\"publisher\":{\"@id\":\"https:\/\/genclercanta.com\/fr\/#organization\"},\"alternateName\":\"Gen\u00e7ler \u00c7anta\",\"potentialAction\":[{\"@type\":\"SearchAction\",\"target\":{\"@type\":\"EntryPoint\",\"urlTemplate\":\"https:\/\/genclercanta.com\/fr\/?s={search_term_string}\"},\"query-input\":{\"@type\":\"PropertyValueSpecification\",\"valueRequired\":true,\"valueName\":\"search_term_string\"}}],\"inLanguage\":\"fr-FR\"},{\"@type\":\"Organization\",\"@id\":\"https:\/\/genclercanta.com\/fr\/#organization\",\"name\":\"Promosyon \u00c7anta imalat\u0131, \u00dcretimi, \u00c7anta imalat\u00e7\u0131s\u0131 \u00dcreticisi istanbul\",\"alternateName\":\"Gen\u00e7ler \u00c7anta\",\"url\":\"https:\/\/genclercanta.com\/fr\/\",\"logo\":{\"@type\":\"ImageObject\",\"inLanguage\":\"fr-FR\",\"@id\":\"https:\/\/genclercanta.com\/fr\/#\/schema\/logo\/image\/\",\"url\":\"https:\/\/genclercanta.com\/wp-content\/uploads\/2020\/10\/gencler-canta-logo.jpg\",\"contentUrl\":\"https:\/\/genclercanta.com\/wp-content\/uploads\/2020\/10\/gencler-canta-logo.jpg\",\"width\":600,\"height\":133,\"caption\":\"Promosyon \u00c7anta imalat\u0131, \u00dcretimi, \u00c7anta imalat\u00e7\u0131s\u0131 \u00dcreticisi istanbul\"},\"image\":{\"@id\":\"https:\/\/genclercanta.com\/fr\/#\/schema\/logo\/image\/\"},\"sameAs\":[\"https:\/\/www.facebook.com\/GenclerCantacom\/\",\"https:\/\/www.instagram.com\/genclercanta\/\"]}]}<\/script>\n<!-- \/ Yoast SEO plugin. -->","yoast_head_json":{"title":"SACS R\u00c9FRIG\u00c9RATEURS GNCC 4062 - Promosyon \u00c7anta imalat\u0131, \u00dcretimi, \u00c7anta imalat\u00e7\u0131s\u0131 \u00dcreticisi istanbul","description":"SACS R\u00c9FRIG\u00c9RATEURS GNCC 4062","robots":{"index":"index","follow":"follow","max-snippet":"max-snippet:-1","max-image-preview":"max-image-preview:large","max-video-preview":"max-video-preview:-1"},"canonical":"https:\/\/genclercanta.com\/fr\/urunler\/sacs-refrigerateurs-gncc-4062\/","og_locale":"fr_FR","og_type":"article","og_title":"SACS R\u00c9FRIG\u00c9RATEURS GNCC 4062 - Promosyon \u00c7anta imalat\u0131, \u00dcretimi, \u00c7anta imalat\u00e7\u0131s\u0131 \u00dcreticisi istanbul","og_description":"SACS R\u00c9FRIG\u00c9RATEURS GNCC 4062","og_url":"https:\/\/genclercanta.com\/fr\/urunler\/sacs-refrigerateurs-gncc-4062\/","og_site_name":"Promosyon \u00c7anta imalat\u0131, \u00dcretimi, \u00c7anta imalat\u00e7\u0131s\u0131 \u00dcreticisi istanbul","article_publisher":"https:\/\/www.facebook.com\/GenclerCantacom\/","og_image":[{"width":1600,"height":1200,"url":"https:\/\/genclercanta.com\/wp-content\/uploads\/2024\/12\/Adsiz-tasarim-2024-12-23T155436.584.png","type":"image\/png"}],"schema":{"@context":"https:\/\/schema.org","@graph":[{"@type":"WebPage","@id":"https:\/\/genclercanta.com\/fr\/urunler\/sacs-refrigerateurs-gncc-4062\/","url":"https:\/\/genclercanta.com\/fr\/urunler\/sacs-refrigerateurs-gncc-4062\/","name":"SACS R\u00c9FRIG\u00c9RATEURS GNCC 4062 - Promosyon \u00c7anta imalat\u0131, \u00dcretimi, \u00c7anta imalat\u00e7\u0131s\u0131 \u00dcreticisi istanbul","isPartOf":{"@id":"https:\/\/genclercanta.com\/fr\/#website"},"primaryImageOfPage":{"@id":"https:\/\/genclercanta.com\/fr\/urunler\/sacs-refrigerateurs-gncc-4062\/#primaryimage"},"image":{"@id":"https:\/\/genclercanta.com\/fr\/urunler\/sacs-refrigerateurs-gncc-4062\/#primaryimage"},"thumbnailUrl":"https:\/\/genclercanta.com\/wp-content\/uploads\/2024\/12\/Adsiz-tasarim-2024-12-23T155436.584.png","datePublished":"2024-12-23T12:55:03+00:00","description":"SACS R\u00c9FRIG\u00c9RATEURS GNCC 4062","breadcrumb":{"@id":"https:\/\/genclercanta.com\/fr\/urunler\/sacs-refrigerateurs-gncc-4062\/#breadcrumb"},"inLanguage":"fr-FR","potentialAction":[{"@type":"ReadAction","target":["https:\/\/genclercanta.com\/fr\/urunler\/sacs-refrigerateurs-gncc-4062\/"]}]},{"@type":"ImageObject","inLanguage":"fr-FR","@id":"https:\/\/genclercanta.com\/fr\/urunler\/sacs-refrigerateurs-gncc-4062\/#primaryimage","url":"https:\/\/genclercanta.com\/wp-content\/uploads\/2024\/12\/Adsiz-tasarim-2024-12-23T155436.584.png","contentUrl":"https:\/\/genclercanta.com\/wp-content\/uploads\/2024\/12\/Adsiz-tasarim-2024-12-23T155436.584.png","width":1600,"height":1200,"caption":"TOPTAN SO\u011eUTUCU \u00c7ANTA MODELLER\u0130"},{"@type":"BreadcrumbList","@id":"https:\/\/genclercanta.com\/fr\/urunler\/sacs-refrigerateurs-gncc-4062\/#breadcrumb","itemListElement":[{"@type":"ListItem","position":1,"name":"Ana sayfa","item":"https:\/\/genclercanta.com\/fr\/accueil\/"},{"@type":"ListItem","position":2,"name":"Boutique","item":"https:\/\/genclercanta.com\/fr\/boutique\/"},{"@type":"ListItem","position":3,"name":"SACS R\u00c9FRIG\u00c9RATEURS GNCC 4062"}]},{"@type":"WebSite","@id":"https:\/\/genclercanta.com\/fr\/#website","url":"https:\/\/genclercanta.com\/fr\/","name":"Promosyon \u00c7anta imalat\u0131, \u00dcretimi, \u00c7anta imalat\u00e7\u0131s\u0131 \u00dcreticisi istanbul","description":"T\u00fcrkiyenin Toptan, Promosyon \u00c7anta \u0130malat\u00e7\u0131s\u0131","publisher":{"@id":"https:\/\/genclercanta.com\/fr\/#organization"},"alternateName":"Gen\u00e7ler \u00c7anta","potentialAction":[{"@type":"SearchAction","target":{"@type":"EntryPoint","urlTemplate":"https:\/\/genclercanta.com\/fr\/?s={search_term_string}"},"query-input":{"@type":"PropertyValueSpecification","valueRequired":true,"valueName":"search_term_string"}}],"inLanguage":"fr-FR"},{"@type":"Organization","@id":"https:\/\/genclercanta.com\/fr\/#organization","name":"Promosyon \u00c7anta imalat\u0131, \u00dcretimi, \u00c7anta imalat\u00e7\u0131s\u0131 \u00dcreticisi istanbul","alternateName":"Gen\u00e7ler \u00c7anta","url":"https:\/\/genclercanta.com\/fr\/","logo":{"@type":"ImageObject","inLanguage":"fr-FR","@id":"https:\/\/genclercanta.com\/fr\/#\/schema\/logo\/image\/","url":"https:\/\/genclercanta.com\/wp-content\/uploads\/2020\/10\/gencler-canta-logo.jpg","contentUrl":"https:\/\/genclercanta.com\/wp-content\/uploads\/2020\/10\/gencler-canta-logo.jpg","width":600,"height":133,"caption":"Promosyon \u00c7anta imalat\u0131, \u00dcretimi, \u00c7anta imalat\u00e7\u0131s\u0131 \u00dcreticisi istanbul"},"image":{"@id":"https:\/\/genclercanta.com\/fr\/#\/schema\/logo\/image\/"},"sameAs":["https:\/\/www.facebook.com\/GenclerCantacom\/","https:\/\/www.instagram.com\/genclercanta\/"]}]}},"_links":{"self":[{"href":"https:\/\/genclercanta.com\/fr\/wp-json\/wp\/v2\/product\/122220","targetHints":{"allow":["GET"]}}],"collection":[{"href":"https:\/\/genclercanta.com\/fr\/wp-json\/wp\/v2\/product"}],"about":[{"href":"https:\/\/genclercanta.com\/fr\/wp-json\/wp\/v2\/types\/product"}],"replies":[{"embeddable":true,"href":"https:\/\/genclercanta.com\/fr\/wp-json\/wp\/v2\/comments?post=122220"}],"wp:featuredmedia":[{"embeddable":true,"href":"https:\/\/genclercanta.com\/fr\/wp-json\/wp\/v2\/media\/118437"}],"wp:attachment":[{"href":"https:\/\/genclercanta.com\/fr\/wp-json\/wp\/v2\/media?parent=122220"}],"wp:term":[{"taxonomy":"product_brand","embeddable":true,"href":"https:\/\/genclercanta.com\/fr\/wp-json\/wp\/v2\/product_brand?post=122220"},{"taxonomy":"product_cat","embeddable":true,"href":"https:\/\/genclercanta.com\/fr\/wp-json\/wp\/v2\/product_cat?post=122220"},{"taxonomy":"product_tag","embeddable":true,"href":"https:\/\/genclercanta.com\/fr\/wp-json\/wp\/v2\/product_tag?post=122220"}],"curies":[{"name":"wp","href":"https:\/\/api.w.org\/{rel}","templated":true}]}}