{"id":122467,"date":"2024-02-14T13:57:11","date_gmt":"2024-02-14T13:57:11","guid":{"rendered":"https:\/\/genclercanta.com\/urunler\/trousse-de-maquillage-et-de-cosmetiques-gncm-690\/"},"modified":"2024-02-14T13:57:11","modified_gmt":"2024-02-14T13:57:11","slug":"trousse-de-maquillage-et-de-cosmetiques-gncm-690","status":"publish","type":"product","link":"https:\/\/genclercanta.com\/fr\/urunler\/trousse-de-maquillage-et-de-cosmetiques-gncm-690\/","title":{"rendered":"TROUSSE DE MAQUILLAGE ET DE COSM\u00c9TIQUES GNCM 690"},"content":{"rendered":"<p>Code\u00a0: GNCM 690<br \/>\nNom\u00a0: Trousse de maquillage et de cosm\u00e9tiques<br \/>\nMati\u00e8re\u00a0: Polyester et jute<br \/>\nDimensions\u00a0: 23 x 33 x 10 cm<br \/>\nDimensions de la bo\u00eete\u00a0: 50 x 40 x 40 cm<br \/>\nQuantit\u00e9\u00a0: &#8211; pi\u00e8ces<br \/>\nPoids\u00a0: &#8211; grammes<\/p>\n","protected":false},"excerpt":{"rendered":"<p>TROUSSE DE MAQUILLAGE ET DE COSM\u00c9TIQUES GNCM 690<\/p>\n","protected":false},"featured_media":113197,"comment_status":"open","ping_status":"closed","template":"","meta":[],"product_brand":[],"product_cat":[688],"product_tag":[867,868,765,864,866,869,865],"class_list":{"0":"post-122467","1":"product","2":"type-product","3":"status-publish","4":"has-post-thumbnail","6":"product_cat-trousse-a-maquillage","7":"product_tag-fabrication-de-trousses-de-maquillage","8":"product_tag-fabrication-de-trousses-de-maquillage-fr","9":"product_tag-makeup-bag-fr","10":"product_tag-maquillage-et-cosmetiques","11":"product_tag-sac-de-promotion-de-maquillage","12":"product_tag-trousse-de-maquillage-et-cosmetique","13":"product_tag-trousses-de-maquillage-et-de-cosmetiques-en-gros","15":"first","16":"instock","17":"shipping-taxable","18":"product-type-simple"},"yoast_head":"<!-- This site is optimized with the Yoast SEO plugin v26.3 - https:\/\/yoast.com\/wordpress\/plugins\/seo\/ -->\n<title>TROUSSE DE MAQUILLAGE ET DE COSM\u00c9TIQUES GNCM 690 - Promosyon \u00c7anta imalat\u0131, \u00dcretimi, \u00c7anta imalat\u00e7\u0131s\u0131 \u00dcreticisi istanbul<\/title>\n<meta name=\"description\" content=\"TROUSSE DE MAQUILLAGE ET DE COSM\u00c9TIQUES GNCM 690\" \/>\n<meta name=\"robots\" content=\"index, follow, max-snippet:-1, max-image-preview:large, max-video-preview:-1\" \/>\n<link rel=\"canonical\" href=\"https:\/\/genclercanta.com\/fr\/urunler\/trousse-de-maquillage-et-de-cosmetiques-gncm-690\/\" \/>\n<meta property=\"og:locale\" content=\"fr_FR\" \/>\n<meta property=\"og:type\" content=\"article\" \/>\n<meta property=\"og:title\" content=\"TROUSSE DE MAQUILLAGE ET DE COSM\u00c9TIQUES GNCM 690 - Promosyon \u00c7anta imalat\u0131, \u00dcretimi, \u00c7anta imalat\u00e7\u0131s\u0131 \u00dcreticisi istanbul\" \/>\n<meta property=\"og:description\" content=\"TROUSSE DE MAQUILLAGE ET DE COSM\u00c9TIQUES GNCM 690\" \/>\n<meta property=\"og:url\" content=\"https:\/\/genclercanta.com\/fr\/urunler\/trousse-de-maquillage-et-de-cosmetiques-gncm-690\/\" \/>\n<meta property=\"og:site_name\" content=\"Promosyon \u00c7anta imalat\u0131, \u00dcretimi, \u00c7anta imalat\u00e7\u0131s\u0131 \u00dcreticisi istanbul\" \/>\n<meta property=\"article:publisher\" content=\"https:\/\/www.facebook.com\/GenclerCantacom\/\" \/>\n<meta property=\"og:image\" content=\"https:\/\/genclercanta.com\/wp-content\/uploads\/2024\/02\/Adsiz-400-x-300-piksel-14.png\" \/>\n\t<meta property=\"og:image:width\" content=\"400\" \/>\n\t<meta property=\"og:image:height\" content=\"300\" \/>\n\t<meta property=\"og:image:type\" content=\"image\/png\" \/>\n<script type=\"application\/ld+json\" class=\"yoast-schema-graph\">{\"@context\":\"https:\/\/schema.org\",\"@graph\":[{\"@type\":\"WebPage\",\"@id\":\"https:\/\/genclercanta.com\/fr\/urunler\/trousse-de-maquillage-et-de-cosmetiques-gncm-690\/\",\"url\":\"https:\/\/genclercanta.com\/fr\/urunler\/trousse-de-maquillage-et-de-cosmetiques-gncm-690\/\",\"name\":\"TROUSSE DE MAQUILLAGE ET DE COSM\u00c9TIQUES GNCM 690 - Promosyon \u00c7anta imalat\u0131, \u00dcretimi, \u00c7anta imalat\u00e7\u0131s\u0131 \u00dcreticisi istanbul\",\"isPartOf\":{\"@id\":\"https:\/\/genclercanta.com\/fr\/#website\"},\"primaryImageOfPage\":{\"@id\":\"https:\/\/genclercanta.com\/fr\/urunler\/trousse-de-maquillage-et-de-cosmetiques-gncm-690\/#primaryimage\"},\"image\":{\"@id\":\"https:\/\/genclercanta.com\/fr\/urunler\/trousse-de-maquillage-et-de-cosmetiques-gncm-690\/#primaryimage\"},\"thumbnailUrl\":\"https:\/\/genclercanta.com\/wp-content\/uploads\/2024\/02\/Adsiz-400-x-300-piksel-14.png\",\"datePublished\":\"2024-02-14T13:57:11+00:00\",\"description\":\"TROUSSE DE MAQUILLAGE ET DE COSM\u00c9TIQUES GNCM 690\",\"breadcrumb\":{\"@id\":\"https:\/\/genclercanta.com\/fr\/urunler\/trousse-de-maquillage-et-de-cosmetiques-gncm-690\/#breadcrumb\"},\"inLanguage\":\"fr-FR\",\"potentialAction\":[{\"@type\":\"ReadAction\",\"target\":[\"https:\/\/genclercanta.com\/fr\/urunler\/trousse-de-maquillage-et-de-cosmetiques-gncm-690\/\"]}]},{\"@type\":\"ImageObject\",\"inLanguage\":\"fr-FR\",\"@id\":\"https:\/\/genclercanta.com\/fr\/urunler\/trousse-de-maquillage-et-de-cosmetiques-gncm-690\/#primaryimage\",\"url\":\"https:\/\/genclercanta.com\/wp-content\/uploads\/2024\/02\/Adsiz-400-x-300-piksel-14.png\",\"contentUrl\":\"https:\/\/genclercanta.com\/wp-content\/uploads\/2024\/02\/Adsiz-400-x-300-piksel-14.png\",\"width\":400,\"height\":300,\"caption\":\"TOPTAN MAKYAJ \u00c7ANTASI MODELLER\u0130\"},{\"@type\":\"BreadcrumbList\",\"@id\":\"https:\/\/genclercanta.com\/fr\/urunler\/trousse-de-maquillage-et-de-cosmetiques-gncm-690\/#breadcrumb\",\"itemListElement\":[{\"@type\":\"ListItem\",\"position\":1,\"name\":\"Ana sayfa\",\"item\":\"https:\/\/genclercanta.com\/fr\/accueil\/\"},{\"@type\":\"ListItem\",\"position\":2,\"name\":\"Boutique\",\"item\":\"https:\/\/genclercanta.com\/fr\/boutique\/\"},{\"@type\":\"ListItem\",\"position\":3,\"name\":\"TROUSSE DE MAQUILLAGE ET DE COSM\u00c9TIQUES GNCM 690\"}]},{\"@type\":\"WebSite\",\"@id\":\"https:\/\/genclercanta.com\/fr\/#website\",\"url\":\"https:\/\/genclercanta.com\/fr\/\",\"name\":\"Promosyon \u00c7anta imalat\u0131, \u00dcretimi, \u00c7anta imalat\u00e7\u0131s\u0131 \u00dcreticisi istanbul\",\"description\":\"T\u00fcrkiyenin Toptan, Promosyon \u00c7anta \u0130malat\u00e7\u0131s\u0131\",\"publisher\":{\"@id\":\"https:\/\/genclercanta.com\/fr\/#organization\"},\"alternateName\":\"Gen\u00e7ler \u00c7anta\",\"potentialAction\":[{\"@type\":\"SearchAction\",\"target\":{\"@type\":\"EntryPoint\",\"urlTemplate\":\"https:\/\/genclercanta.com\/fr\/?s={search_term_string}\"},\"query-input\":{\"@type\":\"PropertyValueSpecification\",\"valueRequired\":true,\"valueName\":\"search_term_string\"}}],\"inLanguage\":\"fr-FR\"},{\"@type\":\"Organization\",\"@id\":\"https:\/\/genclercanta.com\/fr\/#organization\",\"name\":\"Promosyon \u00c7anta imalat\u0131, \u00dcretimi, \u00c7anta imalat\u00e7\u0131s\u0131 \u00dcreticisi istanbul\",\"alternateName\":\"Gen\u00e7ler \u00c7anta\",\"url\":\"https:\/\/genclercanta.com\/fr\/\",\"logo\":{\"@type\":\"ImageObject\",\"inLanguage\":\"fr-FR\",\"@id\":\"https:\/\/genclercanta.com\/fr\/#\/schema\/logo\/image\/\",\"url\":\"https:\/\/genclercanta.com\/wp-content\/uploads\/2020\/10\/gencler-canta-logo.jpg\",\"contentUrl\":\"https:\/\/genclercanta.com\/wp-content\/uploads\/2020\/10\/gencler-canta-logo.jpg\",\"width\":600,\"height\":133,\"caption\":\"Promosyon \u00c7anta imalat\u0131, \u00dcretimi, \u00c7anta imalat\u00e7\u0131s\u0131 \u00dcreticisi istanbul\"},\"image\":{\"@id\":\"https:\/\/genclercanta.com\/fr\/#\/schema\/logo\/image\/\"},\"sameAs\":[\"https:\/\/www.facebook.com\/GenclerCantacom\/\",\"https:\/\/www.instagram.com\/genclercanta\/\"]}]}<\/script>\n<!-- \/ Yoast SEO plugin. -->","yoast_head_json":{"title":"TROUSSE DE MAQUILLAGE ET DE COSM\u00c9TIQUES GNCM 690 - Promosyon \u00c7anta imalat\u0131, \u00dcretimi, \u00c7anta imalat\u00e7\u0131s\u0131 \u00dcreticisi istanbul","description":"TROUSSE DE MAQUILLAGE ET DE COSM\u00c9TIQUES GNCM 690","robots":{"index":"index","follow":"follow","max-snippet":"max-snippet:-1","max-image-preview":"max-image-preview:large","max-video-preview":"max-video-preview:-1"},"canonical":"https:\/\/genclercanta.com\/fr\/urunler\/trousse-de-maquillage-et-de-cosmetiques-gncm-690\/","og_locale":"fr_FR","og_type":"article","og_title":"TROUSSE DE MAQUILLAGE ET DE COSM\u00c9TIQUES GNCM 690 - Promosyon \u00c7anta imalat\u0131, \u00dcretimi, \u00c7anta imalat\u00e7\u0131s\u0131 \u00dcreticisi istanbul","og_description":"TROUSSE DE MAQUILLAGE ET DE COSM\u00c9TIQUES GNCM 690","og_url":"https:\/\/genclercanta.com\/fr\/urunler\/trousse-de-maquillage-et-de-cosmetiques-gncm-690\/","og_site_name":"Promosyon \u00c7anta imalat\u0131, \u00dcretimi, \u00c7anta imalat\u00e7\u0131s\u0131 \u00dcreticisi istanbul","article_publisher":"https:\/\/www.facebook.com\/GenclerCantacom\/","og_image":[{"width":400,"height":300,"url":"https:\/\/genclercanta.com\/wp-content\/uploads\/2024\/02\/Adsiz-400-x-300-piksel-14.png","type":"image\/png"}],"schema":{"@context":"https:\/\/schema.org","@graph":[{"@type":"WebPage","@id":"https:\/\/genclercanta.com\/fr\/urunler\/trousse-de-maquillage-et-de-cosmetiques-gncm-690\/","url":"https:\/\/genclercanta.com\/fr\/urunler\/trousse-de-maquillage-et-de-cosmetiques-gncm-690\/","name":"TROUSSE DE MAQUILLAGE ET DE COSM\u00c9TIQUES GNCM 690 - Promosyon \u00c7anta imalat\u0131, \u00dcretimi, \u00c7anta imalat\u00e7\u0131s\u0131 \u00dcreticisi istanbul","isPartOf":{"@id":"https:\/\/genclercanta.com\/fr\/#website"},"primaryImageOfPage":{"@id":"https:\/\/genclercanta.com\/fr\/urunler\/trousse-de-maquillage-et-de-cosmetiques-gncm-690\/#primaryimage"},"image":{"@id":"https:\/\/genclercanta.com\/fr\/urunler\/trousse-de-maquillage-et-de-cosmetiques-gncm-690\/#primaryimage"},"thumbnailUrl":"https:\/\/genclercanta.com\/wp-content\/uploads\/2024\/02\/Adsiz-400-x-300-piksel-14.png","datePublished":"2024-02-14T13:57:11+00:00","description":"TROUSSE DE MAQUILLAGE ET DE COSM\u00c9TIQUES GNCM 690","breadcrumb":{"@id":"https:\/\/genclercanta.com\/fr\/urunler\/trousse-de-maquillage-et-de-cosmetiques-gncm-690\/#breadcrumb"},"inLanguage":"fr-FR","potentialAction":[{"@type":"ReadAction","target":["https:\/\/genclercanta.com\/fr\/urunler\/trousse-de-maquillage-et-de-cosmetiques-gncm-690\/"]}]},{"@type":"ImageObject","inLanguage":"fr-FR","@id":"https:\/\/genclercanta.com\/fr\/urunler\/trousse-de-maquillage-et-de-cosmetiques-gncm-690\/#primaryimage","url":"https:\/\/genclercanta.com\/wp-content\/uploads\/2024\/02\/Adsiz-400-x-300-piksel-14.png","contentUrl":"https:\/\/genclercanta.com\/wp-content\/uploads\/2024\/02\/Adsiz-400-x-300-piksel-14.png","width":400,"height":300,"caption":"TOPTAN MAKYAJ \u00c7ANTASI MODELLER\u0130"},{"@type":"BreadcrumbList","@id":"https:\/\/genclercanta.com\/fr\/urunler\/trousse-de-maquillage-et-de-cosmetiques-gncm-690\/#breadcrumb","itemListElement":[{"@type":"ListItem","position":1,"name":"Ana sayfa","item":"https:\/\/genclercanta.com\/fr\/accueil\/"},{"@type":"ListItem","position":2,"name":"Boutique","item":"https:\/\/genclercanta.com\/fr\/boutique\/"},{"@type":"ListItem","position":3,"name":"TROUSSE DE MAQUILLAGE ET DE COSM\u00c9TIQUES GNCM 690"}]},{"@type":"WebSite","@id":"https:\/\/genclercanta.com\/fr\/#website","url":"https:\/\/genclercanta.com\/fr\/","name":"Promosyon \u00c7anta imalat\u0131, \u00dcretimi, \u00c7anta imalat\u00e7\u0131s\u0131 \u00dcreticisi istanbul","description":"T\u00fcrkiyenin Toptan, Promosyon \u00c7anta \u0130malat\u00e7\u0131s\u0131","publisher":{"@id":"https:\/\/genclercanta.com\/fr\/#organization"},"alternateName":"Gen\u00e7ler \u00c7anta","potentialAction":[{"@type":"SearchAction","target":{"@type":"EntryPoint","urlTemplate":"https:\/\/genclercanta.com\/fr\/?s={search_term_string}"},"query-input":{"@type":"PropertyValueSpecification","valueRequired":true,"valueName":"search_term_string"}}],"inLanguage":"fr-FR"},{"@type":"Organization","@id":"https:\/\/genclercanta.com\/fr\/#organization","name":"Promosyon \u00c7anta imalat\u0131, \u00dcretimi, \u00c7anta imalat\u00e7\u0131s\u0131 \u00dcreticisi istanbul","alternateName":"Gen\u00e7ler \u00c7anta","url":"https:\/\/genclercanta.com\/fr\/","logo":{"@type":"ImageObject","inLanguage":"fr-FR","@id":"https:\/\/genclercanta.com\/fr\/#\/schema\/logo\/image\/","url":"https:\/\/genclercanta.com\/wp-content\/uploads\/2020\/10\/gencler-canta-logo.jpg","contentUrl":"https:\/\/genclercanta.com\/wp-content\/uploads\/2020\/10\/gencler-canta-logo.jpg","width":600,"height":133,"caption":"Promosyon \u00c7anta imalat\u0131, \u00dcretimi, \u00c7anta imalat\u00e7\u0131s\u0131 \u00dcreticisi istanbul"},"image":{"@id":"https:\/\/genclercanta.com\/fr\/#\/schema\/logo\/image\/"},"sameAs":["https:\/\/www.facebook.com\/GenclerCantacom\/","https:\/\/www.instagram.com\/genclercanta\/"]}]}},"_links":{"self":[{"href":"https:\/\/genclercanta.com\/fr\/wp-json\/wp\/v2\/product\/122467","targetHints":{"allow":["GET"]}}],"collection":[{"href":"https:\/\/genclercanta.com\/fr\/wp-json\/wp\/v2\/product"}],"about":[{"href":"https:\/\/genclercanta.com\/fr\/wp-json\/wp\/v2\/types\/product"}],"replies":[{"embeddable":true,"href":"https:\/\/genclercanta.com\/fr\/wp-json\/wp\/v2\/comments?post=122467"}],"wp:featuredmedia":[{"embeddable":true,"href":"https:\/\/genclercanta.com\/fr\/wp-json\/wp\/v2\/media\/113197"}],"wp:attachment":[{"href":"https:\/\/genclercanta.com\/fr\/wp-json\/wp\/v2\/media?parent=122467"}],"wp:term":[{"taxonomy":"product_brand","embeddable":true,"href":"https:\/\/genclercanta.com\/fr\/wp-json\/wp\/v2\/product_brand?post=122467"},{"taxonomy":"product_cat","embeddable":true,"href":"https:\/\/genclercanta.com\/fr\/wp-json\/wp\/v2\/product_cat?post=122467"},{"taxonomy":"product_tag","embeddable":true,"href":"https:\/\/genclercanta.com\/fr\/wp-json\/wp\/v2\/product_tag?post=122467"}],"curies":[{"name":"wp","href":"https:\/\/api.w.org\/{rel}","templated":true}]}}