{"id":122788,"date":"2025-09-03T10:06:56","date_gmt":"2025-09-03T10:06:56","guid":{"rendered":"https:\/\/genclercanta.com\/?post_type=product&#038;p=122788"},"modified":"2025-09-04T09:39:42","modified_gmt":"2025-09-04T09:39:42","slug":"cartable-gncu-1333-kopya-kopya-kopya-kopya-kopya-kopya-kopya-kopya-kopya-kopya-kopya-kopya","status":"publish","type":"product","link":"https:\/\/genclercanta.com\/fr\/urunler\/cartable-gncu-1333-kopya-kopya-kopya-kopya-kopya-kopya-kopya-kopya-kopya-kopya-kopya-kopya\/","title":{"rendered":"Cartable GNCU 1346"},"content":{"rendered":"<p>Code\u00a0: GNCU 1346<br \/>\nEnsemble avec mangeoire et porte-crayon. Diff\u00e9rents mod\u00e8les de personnages. Dos orthop\u00e9dique. Design ergonomique. Poches lat\u00e9rales. Tissu imperm\u00e9able.<br \/>\nDimensions du produit\u00a0: Hauteur\u00a0: 40\u00a0cm. Largeur\u00a0: 28\u00a0cm. Profondeur\u00a0: 18\u00a0cm.<\/p>\n","protected":false},"excerpt":{"rendered":"<p>Cartable GNCU 1346<\/p>\n","protected":false},"featured_media":122809,"comment_status":"open","ping_status":"closed","template":"","meta":[],"product_brand":[],"product_cat":[694],"product_tag":[826,827,828,832],"class_list":{"0":"post-122788","1":"product","2":"type-product","3":"status-publish","4":"has-post-thumbnail","6":"product_cat-sacs-decole","7":"product_tag-fabrication-de-sacs","8":"product_tag-production-de-sacs","9":"product_tag-sac-promotionnel","10":"product_tag-vente-en-gros-sac-a-dos","12":"first","13":"instock","14":"shipping-taxable","15":"product-type-simple"},"yoast_head":"<!-- This site is optimized with the Yoast SEO plugin v26.3 - https:\/\/yoast.com\/wordpress\/plugins\/seo\/ -->\n<title>Cartable GNCU 1346 - Promosyon \u00c7anta imalat\u0131, \u00dcretimi, \u00c7anta imalat\u00e7\u0131s\u0131 \u00dcreticisi istanbul<\/title>\n<meta name=\"description\" content=\"Cartable GNCU 1346\" \/>\n<meta name=\"robots\" content=\"index, follow, max-snippet:-1, max-image-preview:large, max-video-preview:-1\" \/>\n<link rel=\"canonical\" href=\"https:\/\/genclercanta.com\/fr\/urunler\/cartable-gncu-1333-kopya-kopya-kopya-kopya-kopya-kopya-kopya-kopya-kopya-kopya-kopya-kopya\/\" \/>\n<meta property=\"og:locale\" content=\"fr_FR\" \/>\n<meta property=\"og:type\" content=\"article\" \/>\n<meta property=\"og:title\" content=\"Cartable GNCU 1346 - Promosyon \u00c7anta imalat\u0131, \u00dcretimi, \u00c7anta imalat\u00e7\u0131s\u0131 \u00dcreticisi istanbul\" \/>\n<meta property=\"og:description\" content=\"Cartable GNCU 1346\" \/>\n<meta property=\"og:url\" content=\"https:\/\/genclercanta.com\/fr\/urunler\/cartable-gncu-1333-kopya-kopya-kopya-kopya-kopya-kopya-kopya-kopya-kopya-kopya-kopya-kopya\/\" \/>\n<meta property=\"og:site_name\" content=\"Promosyon \u00c7anta imalat\u0131, \u00dcretimi, \u00c7anta imalat\u00e7\u0131s\u0131 \u00dcreticisi istanbul\" \/>\n<meta property=\"article:publisher\" content=\"https:\/\/www.facebook.com\/GenclerCantacom\/\" \/>\n<meta property=\"article:modified_time\" content=\"2025-09-04T09:39:42+00:00\" \/>\n<meta property=\"og:image\" content=\"https:\/\/genclercanta.com\/wp-content\/uploads\/2025\/09\/Adsiz-tasarim-47.jpg\" \/>\n\t<meta property=\"og:image:width\" content=\"1600\" \/>\n\t<meta property=\"og:image:height\" content=\"1200\" \/>\n\t<meta property=\"og:image:type\" content=\"image\/jpeg\" \/>\n<script type=\"application\/ld+json\" class=\"yoast-schema-graph\">{\"@context\":\"https:\/\/schema.org\",\"@graph\":[{\"@type\":\"WebPage\",\"@id\":\"https:\/\/genclercanta.com\/fr\/urunler\/cartable-gncu-1333-kopya-kopya-kopya-kopya-kopya-kopya-kopya-kopya-kopya-kopya-kopya-kopya\/\",\"url\":\"https:\/\/genclercanta.com\/fr\/urunler\/cartable-gncu-1333-kopya-kopya-kopya-kopya-kopya-kopya-kopya-kopya-kopya-kopya-kopya-kopya\/\",\"name\":\"Cartable GNCU 1346 - Promosyon \u00c7anta imalat\u0131, \u00dcretimi, \u00c7anta imalat\u00e7\u0131s\u0131 \u00dcreticisi istanbul\",\"isPartOf\":{\"@id\":\"https:\/\/genclercanta.com\/fr\/#website\"},\"primaryImageOfPage\":{\"@id\":\"https:\/\/genclercanta.com\/fr\/urunler\/cartable-gncu-1333-kopya-kopya-kopya-kopya-kopya-kopya-kopya-kopya-kopya-kopya-kopya-kopya\/#primaryimage\"},\"image\":{\"@id\":\"https:\/\/genclercanta.com\/fr\/urunler\/cartable-gncu-1333-kopya-kopya-kopya-kopya-kopya-kopya-kopya-kopya-kopya-kopya-kopya-kopya\/#primaryimage\"},\"thumbnailUrl\":\"https:\/\/genclercanta.com\/wp-content\/uploads\/2025\/09\/Adsiz-tasarim-47.jpg\",\"datePublished\":\"2025-09-03T10:06:56+00:00\",\"dateModified\":\"2025-09-04T09:39:42+00:00\",\"description\":\"Cartable GNCU 1346\",\"breadcrumb\":{\"@id\":\"https:\/\/genclercanta.com\/fr\/urunler\/cartable-gncu-1333-kopya-kopya-kopya-kopya-kopya-kopya-kopya-kopya-kopya-kopya-kopya-kopya\/#breadcrumb\"},\"inLanguage\":\"fr-FR\",\"potentialAction\":[{\"@type\":\"ReadAction\",\"target\":[\"https:\/\/genclercanta.com\/fr\/urunler\/cartable-gncu-1333-kopya-kopya-kopya-kopya-kopya-kopya-kopya-kopya-kopya-kopya-kopya-kopya\/\"]}]},{\"@type\":\"ImageObject\",\"inLanguage\":\"fr-FR\",\"@id\":\"https:\/\/genclercanta.com\/fr\/urunler\/cartable-gncu-1333-kopya-kopya-kopya-kopya-kopya-kopya-kopya-kopya-kopya-kopya-kopya-kopya\/#primaryimage\",\"url\":\"https:\/\/genclercanta.com\/wp-content\/uploads\/2025\/09\/Adsiz-tasarim-47.jpg\",\"contentUrl\":\"https:\/\/genclercanta.com\/wp-content\/uploads\/2025\/09\/Adsiz-tasarim-47.jpg\",\"width\":1600,\"height\":1200},{\"@type\":\"BreadcrumbList\",\"@id\":\"https:\/\/genclercanta.com\/fr\/urunler\/cartable-gncu-1333-kopya-kopya-kopya-kopya-kopya-kopya-kopya-kopya-kopya-kopya-kopya-kopya\/#breadcrumb\",\"itemListElement\":[{\"@type\":\"ListItem\",\"position\":1,\"name\":\"Ana sayfa\",\"item\":\"https:\/\/genclercanta.com\/fr\/accueil\/\"},{\"@type\":\"ListItem\",\"position\":2,\"name\":\"Boutique\",\"item\":\"https:\/\/genclercanta.com\/fr\/boutique\/\"},{\"@type\":\"ListItem\",\"position\":3,\"name\":\"Cartable GNCU 1346\"}]},{\"@type\":\"WebSite\",\"@id\":\"https:\/\/genclercanta.com\/fr\/#website\",\"url\":\"https:\/\/genclercanta.com\/fr\/\",\"name\":\"Promosyon \u00c7anta imalat\u0131, \u00dcretimi, \u00c7anta imalat\u00e7\u0131s\u0131 \u00dcreticisi istanbul\",\"description\":\"T\u00fcrkiyenin Toptan, Promosyon \u00c7anta \u0130malat\u00e7\u0131s\u0131\",\"publisher\":{\"@id\":\"https:\/\/genclercanta.com\/fr\/#organization\"},\"alternateName\":\"Gen\u00e7ler \u00c7anta\",\"potentialAction\":[{\"@type\":\"SearchAction\",\"target\":{\"@type\":\"EntryPoint\",\"urlTemplate\":\"https:\/\/genclercanta.com\/fr\/?s={search_term_string}\"},\"query-input\":{\"@type\":\"PropertyValueSpecification\",\"valueRequired\":true,\"valueName\":\"search_term_string\"}}],\"inLanguage\":\"fr-FR\"},{\"@type\":\"Organization\",\"@id\":\"https:\/\/genclercanta.com\/fr\/#organization\",\"name\":\"Promosyon \u00c7anta imalat\u0131, \u00dcretimi, \u00c7anta imalat\u00e7\u0131s\u0131 \u00dcreticisi istanbul\",\"alternateName\":\"Gen\u00e7ler \u00c7anta\",\"url\":\"https:\/\/genclercanta.com\/fr\/\",\"logo\":{\"@type\":\"ImageObject\",\"inLanguage\":\"fr-FR\",\"@id\":\"https:\/\/genclercanta.com\/fr\/#\/schema\/logo\/image\/\",\"url\":\"https:\/\/genclercanta.com\/wp-content\/uploads\/2020\/10\/gencler-canta-logo.jpg\",\"contentUrl\":\"https:\/\/genclercanta.com\/wp-content\/uploads\/2020\/10\/gencler-canta-logo.jpg\",\"width\":600,\"height\":133,\"caption\":\"Promosyon \u00c7anta imalat\u0131, \u00dcretimi, \u00c7anta imalat\u00e7\u0131s\u0131 \u00dcreticisi istanbul\"},\"image\":{\"@id\":\"https:\/\/genclercanta.com\/fr\/#\/schema\/logo\/image\/\"},\"sameAs\":[\"https:\/\/www.facebook.com\/GenclerCantacom\/\",\"https:\/\/www.instagram.com\/genclercanta\/\"]}]}<\/script>\n<!-- \/ Yoast SEO plugin. -->","yoast_head_json":{"title":"Cartable GNCU 1346 - Promosyon \u00c7anta imalat\u0131, \u00dcretimi, \u00c7anta imalat\u00e7\u0131s\u0131 \u00dcreticisi istanbul","description":"Cartable GNCU 1346","robots":{"index":"index","follow":"follow","max-snippet":"max-snippet:-1","max-image-preview":"max-image-preview:large","max-video-preview":"max-video-preview:-1"},"canonical":"https:\/\/genclercanta.com\/fr\/urunler\/cartable-gncu-1333-kopya-kopya-kopya-kopya-kopya-kopya-kopya-kopya-kopya-kopya-kopya-kopya\/","og_locale":"fr_FR","og_type":"article","og_title":"Cartable GNCU 1346 - Promosyon \u00c7anta imalat\u0131, \u00dcretimi, \u00c7anta imalat\u00e7\u0131s\u0131 \u00dcreticisi istanbul","og_description":"Cartable GNCU 1346","og_url":"https:\/\/genclercanta.com\/fr\/urunler\/cartable-gncu-1333-kopya-kopya-kopya-kopya-kopya-kopya-kopya-kopya-kopya-kopya-kopya-kopya\/","og_site_name":"Promosyon \u00c7anta imalat\u0131, \u00dcretimi, \u00c7anta imalat\u00e7\u0131s\u0131 \u00dcreticisi istanbul","article_publisher":"https:\/\/www.facebook.com\/GenclerCantacom\/","article_modified_time":"2025-09-04T09:39:42+00:00","og_image":[{"width":1600,"height":1200,"url":"https:\/\/genclercanta.com\/wp-content\/uploads\/2025\/09\/Adsiz-tasarim-47.jpg","type":"image\/jpeg"}],"schema":{"@context":"https:\/\/schema.org","@graph":[{"@type":"WebPage","@id":"https:\/\/genclercanta.com\/fr\/urunler\/cartable-gncu-1333-kopya-kopya-kopya-kopya-kopya-kopya-kopya-kopya-kopya-kopya-kopya-kopya\/","url":"https:\/\/genclercanta.com\/fr\/urunler\/cartable-gncu-1333-kopya-kopya-kopya-kopya-kopya-kopya-kopya-kopya-kopya-kopya-kopya-kopya\/","name":"Cartable GNCU 1346 - Promosyon \u00c7anta imalat\u0131, \u00dcretimi, \u00c7anta imalat\u00e7\u0131s\u0131 \u00dcreticisi istanbul","isPartOf":{"@id":"https:\/\/genclercanta.com\/fr\/#website"},"primaryImageOfPage":{"@id":"https:\/\/genclercanta.com\/fr\/urunler\/cartable-gncu-1333-kopya-kopya-kopya-kopya-kopya-kopya-kopya-kopya-kopya-kopya-kopya-kopya\/#primaryimage"},"image":{"@id":"https:\/\/genclercanta.com\/fr\/urunler\/cartable-gncu-1333-kopya-kopya-kopya-kopya-kopya-kopya-kopya-kopya-kopya-kopya-kopya-kopya\/#primaryimage"},"thumbnailUrl":"https:\/\/genclercanta.com\/wp-content\/uploads\/2025\/09\/Adsiz-tasarim-47.jpg","datePublished":"2025-09-03T10:06:56+00:00","dateModified":"2025-09-04T09:39:42+00:00","description":"Cartable GNCU 1346","breadcrumb":{"@id":"https:\/\/genclercanta.com\/fr\/urunler\/cartable-gncu-1333-kopya-kopya-kopya-kopya-kopya-kopya-kopya-kopya-kopya-kopya-kopya-kopya\/#breadcrumb"},"inLanguage":"fr-FR","potentialAction":[{"@type":"ReadAction","target":["https:\/\/genclercanta.com\/fr\/urunler\/cartable-gncu-1333-kopya-kopya-kopya-kopya-kopya-kopya-kopya-kopya-kopya-kopya-kopya-kopya\/"]}]},{"@type":"ImageObject","inLanguage":"fr-FR","@id":"https:\/\/genclercanta.com\/fr\/urunler\/cartable-gncu-1333-kopya-kopya-kopya-kopya-kopya-kopya-kopya-kopya-kopya-kopya-kopya-kopya\/#primaryimage","url":"https:\/\/genclercanta.com\/wp-content\/uploads\/2025\/09\/Adsiz-tasarim-47.jpg","contentUrl":"https:\/\/genclercanta.com\/wp-content\/uploads\/2025\/09\/Adsiz-tasarim-47.jpg","width":1600,"height":1200},{"@type":"BreadcrumbList","@id":"https:\/\/genclercanta.com\/fr\/urunler\/cartable-gncu-1333-kopya-kopya-kopya-kopya-kopya-kopya-kopya-kopya-kopya-kopya-kopya-kopya\/#breadcrumb","itemListElement":[{"@type":"ListItem","position":1,"name":"Ana sayfa","item":"https:\/\/genclercanta.com\/fr\/accueil\/"},{"@type":"ListItem","position":2,"name":"Boutique","item":"https:\/\/genclercanta.com\/fr\/boutique\/"},{"@type":"ListItem","position":3,"name":"Cartable GNCU 1346"}]},{"@type":"WebSite","@id":"https:\/\/genclercanta.com\/fr\/#website","url":"https:\/\/genclercanta.com\/fr\/","name":"Promosyon \u00c7anta imalat\u0131, \u00dcretimi, \u00c7anta imalat\u00e7\u0131s\u0131 \u00dcreticisi istanbul","description":"T\u00fcrkiyenin Toptan, Promosyon \u00c7anta \u0130malat\u00e7\u0131s\u0131","publisher":{"@id":"https:\/\/genclercanta.com\/fr\/#organization"},"alternateName":"Gen\u00e7ler \u00c7anta","potentialAction":[{"@type":"SearchAction","target":{"@type":"EntryPoint","urlTemplate":"https:\/\/genclercanta.com\/fr\/?s={search_term_string}"},"query-input":{"@type":"PropertyValueSpecification","valueRequired":true,"valueName":"search_term_string"}}],"inLanguage":"fr-FR"},{"@type":"Organization","@id":"https:\/\/genclercanta.com\/fr\/#organization","name":"Promosyon \u00c7anta imalat\u0131, \u00dcretimi, \u00c7anta imalat\u00e7\u0131s\u0131 \u00dcreticisi istanbul","alternateName":"Gen\u00e7ler \u00c7anta","url":"https:\/\/genclercanta.com\/fr\/","logo":{"@type":"ImageObject","inLanguage":"fr-FR","@id":"https:\/\/genclercanta.com\/fr\/#\/schema\/logo\/image\/","url":"https:\/\/genclercanta.com\/wp-content\/uploads\/2020\/10\/gencler-canta-logo.jpg","contentUrl":"https:\/\/genclercanta.com\/wp-content\/uploads\/2020\/10\/gencler-canta-logo.jpg","width":600,"height":133,"caption":"Promosyon \u00c7anta imalat\u0131, \u00dcretimi, \u00c7anta imalat\u00e7\u0131s\u0131 \u00dcreticisi istanbul"},"image":{"@id":"https:\/\/genclercanta.com\/fr\/#\/schema\/logo\/image\/"},"sameAs":["https:\/\/www.facebook.com\/GenclerCantacom\/","https:\/\/www.instagram.com\/genclercanta\/"]}]}},"_links":{"self":[{"href":"https:\/\/genclercanta.com\/fr\/wp-json\/wp\/v2\/product\/122788","targetHints":{"allow":["GET"]}}],"collection":[{"href":"https:\/\/genclercanta.com\/fr\/wp-json\/wp\/v2\/product"}],"about":[{"href":"https:\/\/genclercanta.com\/fr\/wp-json\/wp\/v2\/types\/product"}],"replies":[{"embeddable":true,"href":"https:\/\/genclercanta.com\/fr\/wp-json\/wp\/v2\/comments?post=122788"}],"wp:featuredmedia":[{"embeddable":true,"href":"https:\/\/genclercanta.com\/fr\/wp-json\/wp\/v2\/media\/122809"}],"wp:attachment":[{"href":"https:\/\/genclercanta.com\/fr\/wp-json\/wp\/v2\/media?parent=122788"}],"wp:term":[{"taxonomy":"product_brand","embeddable":true,"href":"https:\/\/genclercanta.com\/fr\/wp-json\/wp\/v2\/product_brand?post=122788"},{"taxonomy":"product_cat","embeddable":true,"href":"https:\/\/genclercanta.com\/fr\/wp-json\/wp\/v2\/product_cat?post=122788"},{"taxonomy":"product_tag","embeddable":true,"href":"https:\/\/genclercanta.com\/fr\/wp-json\/wp\/v2\/product_tag?post=122788"}],"curies":[{"name":"wp","href":"https:\/\/api.w.org\/{rel}","templated":true}]}}