{"id":123526,"date":"2021-05-31T14:52:13","date_gmt":"2021-05-31T14:52:13","guid":{"rendered":"https:\/\/genclercanta.com\/urunler\/sac-a-dos-fudela-hose-kaki\/"},"modified":"2021-05-31T14:52:13","modified_gmt":"2021-05-31T14:52:13","slug":"sac-a-dos-fudela-hose-kaki","status":"publish","type":"product","link":"https:\/\/genclercanta.com\/fr\/urunler\/sac-a-dos-fudela-hose-kaki\/","title":{"rendered":"Sac \u00e0 dos Fudela Hose Kaki"},"content":{"rendered":"<p>Robuste et durable. Ouverture magn\u00e9tique. Extension flexible. \u00c9l\u00e9gant et robuste, lignes \u00e9pur\u00e9es. Design r\u00e9tro, allure stable, classique et \u00e9l\u00e9gant, polyvalent et pratique. Il s&rsquo;int\u00e8gre facilement aux trajets quotidiens, aux loisirs du week-end et aux excursions. La toile utilis\u00e9e pour ce sac \u00e0 dos est compos\u00e9e de 10 fils polyester-coton plus \u00e9pais et plus r\u00e9sistants, tiss\u00e9s uniform\u00e9ment et de mani\u00e8re dense. Le coefficient de r\u00e9sistance \u00e0 l&rsquo;abrasion augmente lin\u00e9airement, ce qui renforce sa durabilit\u00e9. La bandouli\u00e8re ergonomique \u00e9quilibre le poids du sac \u00e0 dos, r\u00e9duisant efficacement la pression sur les \u00e9paules et facilitant son transport. L&rsquo;int\u00e9rieur en Airtex respirant vous offre une sensation de fra\u00eecheur. Le sac \u00e0 dos est dot\u00e9 de plusieurs compartiments \u00e0 l&rsquo;int\u00e9rieur, faciles \u00e0 classer. Chaque poche est \u00e9quip\u00e9e d&rsquo;une protection antichoc en coton professionnel et de poches de protection d\u00e9di\u00e9es. Une pochette en flanelle est \u00e9galement incluse pour prot\u00e9ger vos lunettes de soleil et autres objets.<br \/>\nNom du produit\u00a0: Sac \u00e0 dos d\u00e9contract\u00e9 Hose<br \/>\nDimensions du produit\u00a0: 39 x 31 x 15<br \/>\nMat\u00e9riau du tissu\u00a0: Toile, polyester<br \/>\nMat\u00e9riau de la doublure\u00a0: Polyester<\/p>\n","protected":false},"excerpt":{"rendered":"<p>Sac \u00e0 dos Fudela Hose Kaki<\/p>\n","protected":false},"featured_media":101024,"comment_status":"open","ping_status":"closed","template":"","meta":[],"product_brand":[],"product_cat":[365,484],"product_tag":[826,831,827,829,828,830,832],"class_list":{"0":"post-123526","1":"product","2":"type-product","3":"status-publish","4":"has-post-thumbnail","6":"product_cat-fudela-fr","7":"product_cat-hose-fr","8":"product_tag-fabrication-de-sacs","9":"product_tag-modeles-de-sac-a-dos","10":"product_tag-production-de-sacs","11":"product_tag-sac-a-dos","12":"product_tag-sac-promotionnel","13":"product_tag-types-de-sacs-a-dos","14":"product_tag-vente-en-gros-sac-a-dos","16":"first","17":"instock","18":"sold-individually","19":"shipping-taxable","20":"product-type-simple"},"yoast_head":"<!-- This site is optimized with the Yoast SEO plugin v26.3 - https:\/\/yoast.com\/wordpress\/plugins\/seo\/ -->\n<title>Sac \u00e0 dos Fudela Hose Kaki - Promosyon \u00c7anta imalat\u0131, \u00dcretimi, \u00c7anta imalat\u00e7\u0131s\u0131 \u00dcreticisi istanbul<\/title>\n<meta name=\"description\" content=\"Sac \u00e0 dos Fudela Hose Kaki\" \/>\n<meta name=\"robots\" content=\"index, follow, max-snippet:-1, max-image-preview:large, max-video-preview:-1\" \/>\n<link rel=\"canonical\" href=\"https:\/\/genclercanta.com\/fr\/urunler\/sac-a-dos-fudela-hose-kaki\/\" \/>\n<meta property=\"og:locale\" content=\"fr_FR\" \/>\n<meta property=\"og:type\" content=\"article\" \/>\n<meta property=\"og:title\" content=\"Sac \u00e0 dos Fudela Hose Kaki - Promosyon \u00c7anta imalat\u0131, \u00dcretimi, \u00c7anta imalat\u00e7\u0131s\u0131 \u00dcreticisi istanbul\" \/>\n<meta property=\"og:description\" content=\"Sac \u00e0 dos Fudela Hose Kaki\" \/>\n<meta property=\"og:url\" content=\"https:\/\/genclercanta.com\/fr\/urunler\/sac-a-dos-fudela-hose-kaki\/\" \/>\n<meta property=\"og:site_name\" content=\"Promosyon \u00c7anta imalat\u0131, \u00dcretimi, \u00c7anta imalat\u00e7\u0131s\u0131 \u00dcreticisi istanbul\" \/>\n<meta property=\"article:publisher\" content=\"https:\/\/www.facebook.com\/GenclerCantacom\/\" \/>\n<meta property=\"og:image\" content=\"https:\/\/genclercanta.com\/wp-content\/uploads\/2021\/05\/11-4.jpg\" \/>\n\t<meta property=\"og:image:width\" content=\"600\" \/>\n\t<meta property=\"og:image:height\" content=\"500\" \/>\n\t<meta property=\"og:image:type\" content=\"image\/jpeg\" \/>\n<meta name=\"twitter:label1\" content=\"Dur\u00e9e de lecture estim\u00e9e\" \/>\n\t<meta name=\"twitter:data1\" content=\"1 minute\" \/>\n<script type=\"application\/ld+json\" class=\"yoast-schema-graph\">{\"@context\":\"https:\/\/schema.org\",\"@graph\":[{\"@type\":\"WebPage\",\"@id\":\"https:\/\/genclercanta.com\/fr\/urunler\/sac-a-dos-fudela-hose-kaki\/\",\"url\":\"https:\/\/genclercanta.com\/fr\/urunler\/sac-a-dos-fudela-hose-kaki\/\",\"name\":\"Sac \u00e0 dos Fudela Hose Kaki - Promosyon \u00c7anta imalat\u0131, \u00dcretimi, \u00c7anta imalat\u00e7\u0131s\u0131 \u00dcreticisi istanbul\",\"isPartOf\":{\"@id\":\"https:\/\/genclercanta.com\/fr\/#website\"},\"primaryImageOfPage\":{\"@id\":\"https:\/\/genclercanta.com\/fr\/urunler\/sac-a-dos-fudela-hose-kaki\/#primaryimage\"},\"image\":{\"@id\":\"https:\/\/genclercanta.com\/fr\/urunler\/sac-a-dos-fudela-hose-kaki\/#primaryimage\"},\"thumbnailUrl\":\"https:\/\/genclercanta.com\/wp-content\/uploads\/2021\/05\/11-4.jpg\",\"datePublished\":\"2021-05-31T14:52:13+00:00\",\"description\":\"Sac \u00e0 dos Fudela Hose Kaki\",\"breadcrumb\":{\"@id\":\"https:\/\/genclercanta.com\/fr\/urunler\/sac-a-dos-fudela-hose-kaki\/#breadcrumb\"},\"inLanguage\":\"fr-FR\",\"potentialAction\":[{\"@type\":\"ReadAction\",\"target\":[\"https:\/\/genclercanta.com\/fr\/urunler\/sac-a-dos-fudela-hose-kaki\/\"]}]},{\"@type\":\"ImageObject\",\"inLanguage\":\"fr-FR\",\"@id\":\"https:\/\/genclercanta.com\/fr\/urunler\/sac-a-dos-fudela-hose-kaki\/#primaryimage\",\"url\":\"https:\/\/genclercanta.com\/wp-content\/uploads\/2021\/05\/11-4.jpg\",\"contentUrl\":\"https:\/\/genclercanta.com\/wp-content\/uploads\/2021\/05\/11-4.jpg\",\"width\":600,\"height\":500,\"caption\":\"toptan s\u0131rt \u00e7anta\"},{\"@type\":\"BreadcrumbList\",\"@id\":\"https:\/\/genclercanta.com\/fr\/urunler\/sac-a-dos-fudela-hose-kaki\/#breadcrumb\",\"itemListElement\":[{\"@type\":\"ListItem\",\"position\":1,\"name\":\"Ana sayfa\",\"item\":\"https:\/\/genclercanta.com\/fr\/accueil\/\"},{\"@type\":\"ListItem\",\"position\":2,\"name\":\"Boutique\",\"item\":\"https:\/\/genclercanta.com\/fr\/boutique\/\"},{\"@type\":\"ListItem\",\"position\":3,\"name\":\"Sac \u00e0 dos Fudela Hose Kaki\"}]},{\"@type\":\"WebSite\",\"@id\":\"https:\/\/genclercanta.com\/fr\/#website\",\"url\":\"https:\/\/genclercanta.com\/fr\/\",\"name\":\"Promosyon \u00c7anta imalat\u0131, \u00dcretimi, \u00c7anta imalat\u00e7\u0131s\u0131 \u00dcreticisi istanbul\",\"description\":\"T\u00fcrkiyenin Toptan, Promosyon \u00c7anta \u0130malat\u00e7\u0131s\u0131\",\"publisher\":{\"@id\":\"https:\/\/genclercanta.com\/fr\/#organization\"},\"alternateName\":\"Gen\u00e7ler \u00c7anta\",\"potentialAction\":[{\"@type\":\"SearchAction\",\"target\":{\"@type\":\"EntryPoint\",\"urlTemplate\":\"https:\/\/genclercanta.com\/fr\/?s={search_term_string}\"},\"query-input\":{\"@type\":\"PropertyValueSpecification\",\"valueRequired\":true,\"valueName\":\"search_term_string\"}}],\"inLanguage\":\"fr-FR\"},{\"@type\":\"Organization\",\"@id\":\"https:\/\/genclercanta.com\/fr\/#organization\",\"name\":\"Promosyon \u00c7anta imalat\u0131, \u00dcretimi, \u00c7anta imalat\u00e7\u0131s\u0131 \u00dcreticisi istanbul\",\"alternateName\":\"Gen\u00e7ler \u00c7anta\",\"url\":\"https:\/\/genclercanta.com\/fr\/\",\"logo\":{\"@type\":\"ImageObject\",\"inLanguage\":\"fr-FR\",\"@id\":\"https:\/\/genclercanta.com\/fr\/#\/schema\/logo\/image\/\",\"url\":\"https:\/\/genclercanta.com\/wp-content\/uploads\/2020\/10\/gencler-canta-logo.jpg\",\"contentUrl\":\"https:\/\/genclercanta.com\/wp-content\/uploads\/2020\/10\/gencler-canta-logo.jpg\",\"width\":600,\"height\":133,\"caption\":\"Promosyon \u00c7anta imalat\u0131, \u00dcretimi, \u00c7anta imalat\u00e7\u0131s\u0131 \u00dcreticisi istanbul\"},\"image\":{\"@id\":\"https:\/\/genclercanta.com\/fr\/#\/schema\/logo\/image\/\"},\"sameAs\":[\"https:\/\/www.facebook.com\/GenclerCantacom\/\",\"https:\/\/www.instagram.com\/genclercanta\/\"]}]}<\/script>\n<!-- \/ Yoast SEO plugin. -->","yoast_head_json":{"title":"Sac \u00e0 dos Fudela Hose Kaki - Promosyon \u00c7anta imalat\u0131, \u00dcretimi, \u00c7anta imalat\u00e7\u0131s\u0131 \u00dcreticisi istanbul","description":"Sac \u00e0 dos Fudela Hose Kaki","robots":{"index":"index","follow":"follow","max-snippet":"max-snippet:-1","max-image-preview":"max-image-preview:large","max-video-preview":"max-video-preview:-1"},"canonical":"https:\/\/genclercanta.com\/fr\/urunler\/sac-a-dos-fudela-hose-kaki\/","og_locale":"fr_FR","og_type":"article","og_title":"Sac \u00e0 dos Fudela Hose Kaki - Promosyon \u00c7anta imalat\u0131, \u00dcretimi, \u00c7anta imalat\u00e7\u0131s\u0131 \u00dcreticisi istanbul","og_description":"Sac \u00e0 dos Fudela Hose Kaki","og_url":"https:\/\/genclercanta.com\/fr\/urunler\/sac-a-dos-fudela-hose-kaki\/","og_site_name":"Promosyon \u00c7anta imalat\u0131, \u00dcretimi, \u00c7anta imalat\u00e7\u0131s\u0131 \u00dcreticisi istanbul","article_publisher":"https:\/\/www.facebook.com\/GenclerCantacom\/","og_image":[{"width":600,"height":500,"url":"https:\/\/genclercanta.com\/wp-content\/uploads\/2021\/05\/11-4.jpg","type":"image\/jpeg"}],"twitter_misc":{"Dur\u00e9e de lecture estim\u00e9e":"1 minute"},"schema":{"@context":"https:\/\/schema.org","@graph":[{"@type":"WebPage","@id":"https:\/\/genclercanta.com\/fr\/urunler\/sac-a-dos-fudela-hose-kaki\/","url":"https:\/\/genclercanta.com\/fr\/urunler\/sac-a-dos-fudela-hose-kaki\/","name":"Sac \u00e0 dos Fudela Hose Kaki - Promosyon \u00c7anta imalat\u0131, \u00dcretimi, \u00c7anta imalat\u00e7\u0131s\u0131 \u00dcreticisi istanbul","isPartOf":{"@id":"https:\/\/genclercanta.com\/fr\/#website"},"primaryImageOfPage":{"@id":"https:\/\/genclercanta.com\/fr\/urunler\/sac-a-dos-fudela-hose-kaki\/#primaryimage"},"image":{"@id":"https:\/\/genclercanta.com\/fr\/urunler\/sac-a-dos-fudela-hose-kaki\/#primaryimage"},"thumbnailUrl":"https:\/\/genclercanta.com\/wp-content\/uploads\/2021\/05\/11-4.jpg","datePublished":"2021-05-31T14:52:13+00:00","description":"Sac \u00e0 dos Fudela Hose Kaki","breadcrumb":{"@id":"https:\/\/genclercanta.com\/fr\/urunler\/sac-a-dos-fudela-hose-kaki\/#breadcrumb"},"inLanguage":"fr-FR","potentialAction":[{"@type":"ReadAction","target":["https:\/\/genclercanta.com\/fr\/urunler\/sac-a-dos-fudela-hose-kaki\/"]}]},{"@type":"ImageObject","inLanguage":"fr-FR","@id":"https:\/\/genclercanta.com\/fr\/urunler\/sac-a-dos-fudela-hose-kaki\/#primaryimage","url":"https:\/\/genclercanta.com\/wp-content\/uploads\/2021\/05\/11-4.jpg","contentUrl":"https:\/\/genclercanta.com\/wp-content\/uploads\/2021\/05\/11-4.jpg","width":600,"height":500,"caption":"toptan s\u0131rt \u00e7anta"},{"@type":"BreadcrumbList","@id":"https:\/\/genclercanta.com\/fr\/urunler\/sac-a-dos-fudela-hose-kaki\/#breadcrumb","itemListElement":[{"@type":"ListItem","position":1,"name":"Ana sayfa","item":"https:\/\/genclercanta.com\/fr\/accueil\/"},{"@type":"ListItem","position":2,"name":"Boutique","item":"https:\/\/genclercanta.com\/fr\/boutique\/"},{"@type":"ListItem","position":3,"name":"Sac \u00e0 dos Fudela Hose Kaki"}]},{"@type":"WebSite","@id":"https:\/\/genclercanta.com\/fr\/#website","url":"https:\/\/genclercanta.com\/fr\/","name":"Promosyon \u00c7anta imalat\u0131, \u00dcretimi, \u00c7anta imalat\u00e7\u0131s\u0131 \u00dcreticisi istanbul","description":"T\u00fcrkiyenin Toptan, Promosyon \u00c7anta \u0130malat\u00e7\u0131s\u0131","publisher":{"@id":"https:\/\/genclercanta.com\/fr\/#organization"},"alternateName":"Gen\u00e7ler \u00c7anta","potentialAction":[{"@type":"SearchAction","target":{"@type":"EntryPoint","urlTemplate":"https:\/\/genclercanta.com\/fr\/?s={search_term_string}"},"query-input":{"@type":"PropertyValueSpecification","valueRequired":true,"valueName":"search_term_string"}}],"inLanguage":"fr-FR"},{"@type":"Organization","@id":"https:\/\/genclercanta.com\/fr\/#organization","name":"Promosyon \u00c7anta imalat\u0131, \u00dcretimi, \u00c7anta imalat\u00e7\u0131s\u0131 \u00dcreticisi istanbul","alternateName":"Gen\u00e7ler \u00c7anta","url":"https:\/\/genclercanta.com\/fr\/","logo":{"@type":"ImageObject","inLanguage":"fr-FR","@id":"https:\/\/genclercanta.com\/fr\/#\/schema\/logo\/image\/","url":"https:\/\/genclercanta.com\/wp-content\/uploads\/2020\/10\/gencler-canta-logo.jpg","contentUrl":"https:\/\/genclercanta.com\/wp-content\/uploads\/2020\/10\/gencler-canta-logo.jpg","width":600,"height":133,"caption":"Promosyon \u00c7anta imalat\u0131, \u00dcretimi, \u00c7anta imalat\u00e7\u0131s\u0131 \u00dcreticisi istanbul"},"image":{"@id":"https:\/\/genclercanta.com\/fr\/#\/schema\/logo\/image\/"},"sameAs":["https:\/\/www.facebook.com\/GenclerCantacom\/","https:\/\/www.instagram.com\/genclercanta\/"]}]}},"_links":{"self":[{"href":"https:\/\/genclercanta.com\/fr\/wp-json\/wp\/v2\/product\/123526","targetHints":{"allow":["GET"]}}],"collection":[{"href":"https:\/\/genclercanta.com\/fr\/wp-json\/wp\/v2\/product"}],"about":[{"href":"https:\/\/genclercanta.com\/fr\/wp-json\/wp\/v2\/types\/product"}],"replies":[{"embeddable":true,"href":"https:\/\/genclercanta.com\/fr\/wp-json\/wp\/v2\/comments?post=123526"}],"wp:featuredmedia":[{"embeddable":true,"href":"https:\/\/genclercanta.com\/fr\/wp-json\/wp\/v2\/media\/101024"}],"wp:attachment":[{"href":"https:\/\/genclercanta.com\/fr\/wp-json\/wp\/v2\/media?parent=123526"}],"wp:term":[{"taxonomy":"product_brand","embeddable":true,"href":"https:\/\/genclercanta.com\/fr\/wp-json\/wp\/v2\/product_brand?post=123526"},{"taxonomy":"product_cat","embeddable":true,"href":"https:\/\/genclercanta.com\/fr\/wp-json\/wp\/v2\/product_cat?post=123526"},{"taxonomy":"product_tag","embeddable":true,"href":"https:\/\/genclercanta.com\/fr\/wp-json\/wp\/v2\/product_tag?post=123526"}],"curies":[{"name":"wp","href":"https:\/\/api.w.org\/{rel}","templated":true}]}}