{"id":123700,"date":"2020-12-04T09:48:38","date_gmt":"2020-12-04T09:48:38","guid":{"rendered":"https:\/\/genclercanta.com\/urunler\/sac-pour-documents-et-ordinateur-portable-gnce-1004\/"},"modified":"2020-12-04T09:48:38","modified_gmt":"2020-12-04T09:48:38","slug":"sac-pour-documents-et-ordinateur-portable-gnce-1004","status":"publish","type":"product","link":"https:\/\/genclercanta.com\/fr\/urunler\/sac-pour-documents-et-ordinateur-portable-gnce-1004\/","title":{"rendered":"SAC POUR DOCUMENTS ET ORDINATEUR PORTABLE GNCE 1004"},"content":{"rendered":"<p>Code\u00a0: GNCE 1004<br \/>\nNom\u00a0: Sacoche et porte-documents pour ordinateur portable<br \/>\nDimensions\u00a0: 27 x 20 x 1,5 cm<br \/>\nDeux poches avant suppl\u00e9mentaires offrent un espace suffisant pour ranger votre Apple Pencil, vos cl\u00e9s, vos cartes, vos chargeurs et vos c\u00e2bles. Tout ce dont vous avez besoin est ainsi au m\u00eame endroit.<br \/>\nLa pochette \u00e0 fermeture \u00e9clair \u00e0 chargement par le haut permet un acc\u00e8s facile \u00e0 votre tablette\/ordinateur portable.<br \/>\nImperm\u00e9able\u00a0: La pochette est fabriqu\u00e9e en similicuir imperm\u00e9able, qui bloque efficacement l&rsquo;eau et la vapeur. Ne craignez plus les \u00e9claboussures sur votre ordinateur portable et ses accessoires. Transportez la sacoche en toute s\u00e9curit\u00e9, m\u00eame par temps de pluie.<br \/>\nR\u00e9sistant aux chocs\u00a0: La doublure douce et le rembourrage en mousse offrent une protection \u00e0 360\u00b0 \u00e0 votre ordinateur portable\/tablette, absorbant efficacement les chocs, r\u00e9duisant les dommages caus\u00e9s par les chocs accidentels et prot\u00e9geant votre ordinateur portable des rayures.<br \/>\nFermeture \u00e9clair de haute qualit\u00e9, lisse et confortable\u00a0: Pour une ouverture et une fermeture confortables.<\/p>\n","protected":false},"excerpt":{"rendered":"<p>SAC POUR DOCUMENTS ET ORDINATEUR PORTABLE GNCE 1004<\/p>\n","protected":false},"featured_media":89807,"comment_status":"open","ping_status":"closed","template":"","meta":[],"product_brand":[],"product_cat":[357],"product_tag":[826,833,831,827,829,828,830,832],"class_list":{"0":"post-123700","1":"product","2":"type-product","3":"status-publish","4":"has-post-thumbnail","6":"product_cat-sacs-a-documents","7":"product_tag-fabrication-de-sacs","8":"product_tag-mallette","9":"product_tag-modeles-de-sac-a-dos","10":"product_tag-production-de-sacs","11":"product_tag-sac-a-dos","12":"product_tag-sac-promotionnel","13":"product_tag-types-de-sacs-a-dos","14":"product_tag-vente-en-gros-sac-a-dos","16":"first","17":"instock","18":"sold-individually","19":"shipping-taxable","20":"product-type-simple"},"yoast_head":"<!-- This site is optimized with the Yoast SEO plugin v26.3 - https:\/\/yoast.com\/wordpress\/plugins\/seo\/ -->\n<title>SAC POUR DOCUMENTS ET ORDINATEUR PORTABLE GNCE 1004 - Promosyon \u00c7anta imalat\u0131, \u00dcretimi, \u00c7anta imalat\u00e7\u0131s\u0131 \u00dcreticisi istanbul<\/title>\n<meta name=\"description\" content=\"SAC POUR DOCUMENTS ET ORDINATEUR PORTABLE GNCE 1004\" \/>\n<meta name=\"robots\" content=\"index, follow, max-snippet:-1, max-image-preview:large, max-video-preview:-1\" \/>\n<link rel=\"canonical\" href=\"https:\/\/genclercanta.com\/fr\/urunler\/sac-pour-documents-et-ordinateur-portable-gnce-1004\/\" \/>\n<meta property=\"og:locale\" content=\"fr_FR\" \/>\n<meta property=\"og:type\" content=\"article\" \/>\n<meta property=\"og:title\" content=\"SAC POUR DOCUMENTS ET ORDINATEUR PORTABLE GNCE 1004 - Promosyon \u00c7anta imalat\u0131, \u00dcretimi, \u00c7anta imalat\u00e7\u0131s\u0131 \u00dcreticisi istanbul\" \/>\n<meta property=\"og:description\" content=\"SAC POUR DOCUMENTS ET ORDINATEUR PORTABLE GNCE 1004\" \/>\n<meta property=\"og:url\" content=\"https:\/\/genclercanta.com\/fr\/urunler\/sac-pour-documents-et-ordinateur-portable-gnce-1004\/\" \/>\n<meta property=\"og:site_name\" content=\"Promosyon \u00c7anta imalat\u0131, \u00dcretimi, \u00c7anta imalat\u00e7\u0131s\u0131 \u00dcreticisi istanbul\" \/>\n<meta property=\"article:publisher\" content=\"https:\/\/www.facebook.com\/GenclerCantacom\/\" \/>\n<meta property=\"og:image\" content=\"https:\/\/genclercanta.com\/wp-content\/uploads\/2020\/12\/unnamed-file.jpg\" \/>\n\t<meta property=\"og:image:width\" content=\"800\" \/>\n\t<meta property=\"og:image:height\" content=\"600\" \/>\n\t<meta property=\"og:image:type\" content=\"image\/jpeg\" \/>\n<meta name=\"twitter:label1\" content=\"Dur\u00e9e de lecture estim\u00e9e\" \/>\n\t<meta name=\"twitter:data1\" content=\"1 minute\" \/>\n<script type=\"application\/ld+json\" class=\"yoast-schema-graph\">{\"@context\":\"https:\/\/schema.org\",\"@graph\":[{\"@type\":\"WebPage\",\"@id\":\"https:\/\/genclercanta.com\/fr\/urunler\/sac-pour-documents-et-ordinateur-portable-gnce-1004\/\",\"url\":\"https:\/\/genclercanta.com\/fr\/urunler\/sac-pour-documents-et-ordinateur-portable-gnce-1004\/\",\"name\":\"SAC POUR DOCUMENTS ET ORDINATEUR PORTABLE GNCE 1004 - Promosyon \u00c7anta imalat\u0131, \u00dcretimi, \u00c7anta imalat\u00e7\u0131s\u0131 \u00dcreticisi istanbul\",\"isPartOf\":{\"@id\":\"https:\/\/genclercanta.com\/fr\/#website\"},\"primaryImageOfPage\":{\"@id\":\"https:\/\/genclercanta.com\/fr\/urunler\/sac-pour-documents-et-ordinateur-portable-gnce-1004\/#primaryimage\"},\"image\":{\"@id\":\"https:\/\/genclercanta.com\/fr\/urunler\/sac-pour-documents-et-ordinateur-portable-gnce-1004\/#primaryimage\"},\"thumbnailUrl\":\"https:\/\/genclercanta.com\/wp-content\/uploads\/2020\/12\/unnamed-file.jpg\",\"datePublished\":\"2020-12-04T09:48:38+00:00\",\"description\":\"SAC POUR DOCUMENTS ET ORDINATEUR PORTABLE GNCE 1004\",\"breadcrumb\":{\"@id\":\"https:\/\/genclercanta.com\/fr\/urunler\/sac-pour-documents-et-ordinateur-portable-gnce-1004\/#breadcrumb\"},\"inLanguage\":\"fr-FR\",\"potentialAction\":[{\"@type\":\"ReadAction\",\"target\":[\"https:\/\/genclercanta.com\/fr\/urunler\/sac-pour-documents-et-ordinateur-portable-gnce-1004\/\"]}]},{\"@type\":\"ImageObject\",\"inLanguage\":\"fr-FR\",\"@id\":\"https:\/\/genclercanta.com\/fr\/urunler\/sac-pour-documents-et-ordinateur-portable-gnce-1004\/#primaryimage\",\"url\":\"https:\/\/genclercanta.com\/wp-content\/uploads\/2020\/12\/unnamed-file.jpg\",\"contentUrl\":\"https:\/\/genclercanta.com\/wp-content\/uploads\/2020\/12\/unnamed-file.jpg\",\"width\":800,\"height\":600,\"caption\":\"Toptan Tasar\u0131m Evrak ve Laptop \u00c7antas\u0131\"},{\"@type\":\"BreadcrumbList\",\"@id\":\"https:\/\/genclercanta.com\/fr\/urunler\/sac-pour-documents-et-ordinateur-portable-gnce-1004\/#breadcrumb\",\"itemListElement\":[{\"@type\":\"ListItem\",\"position\":1,\"name\":\"Ana sayfa\",\"item\":\"https:\/\/genclercanta.com\/fr\/accueil\/\"},{\"@type\":\"ListItem\",\"position\":2,\"name\":\"Boutique\",\"item\":\"https:\/\/genclercanta.com\/fr\/boutique\/\"},{\"@type\":\"ListItem\",\"position\":3,\"name\":\"SAC POUR DOCUMENTS ET ORDINATEUR PORTABLE GNCE 1004\"}]},{\"@type\":\"WebSite\",\"@id\":\"https:\/\/genclercanta.com\/fr\/#website\",\"url\":\"https:\/\/genclercanta.com\/fr\/\",\"name\":\"Promosyon \u00c7anta imalat\u0131, \u00dcretimi, \u00c7anta imalat\u00e7\u0131s\u0131 \u00dcreticisi istanbul\",\"description\":\"T\u00fcrkiyenin Toptan, Promosyon \u00c7anta \u0130malat\u00e7\u0131s\u0131\",\"publisher\":{\"@id\":\"https:\/\/genclercanta.com\/fr\/#organization\"},\"alternateName\":\"Gen\u00e7ler \u00c7anta\",\"potentialAction\":[{\"@type\":\"SearchAction\",\"target\":{\"@type\":\"EntryPoint\",\"urlTemplate\":\"https:\/\/genclercanta.com\/fr\/?s={search_term_string}\"},\"query-input\":{\"@type\":\"PropertyValueSpecification\",\"valueRequired\":true,\"valueName\":\"search_term_string\"}}],\"inLanguage\":\"fr-FR\"},{\"@type\":\"Organization\",\"@id\":\"https:\/\/genclercanta.com\/fr\/#organization\",\"name\":\"Promosyon \u00c7anta imalat\u0131, \u00dcretimi, \u00c7anta imalat\u00e7\u0131s\u0131 \u00dcreticisi istanbul\",\"alternateName\":\"Gen\u00e7ler \u00c7anta\",\"url\":\"https:\/\/genclercanta.com\/fr\/\",\"logo\":{\"@type\":\"ImageObject\",\"inLanguage\":\"fr-FR\",\"@id\":\"https:\/\/genclercanta.com\/fr\/#\/schema\/logo\/image\/\",\"url\":\"https:\/\/genclercanta.com\/wp-content\/uploads\/2020\/10\/gencler-canta-logo.jpg\",\"contentUrl\":\"https:\/\/genclercanta.com\/wp-content\/uploads\/2020\/10\/gencler-canta-logo.jpg\",\"width\":600,\"height\":133,\"caption\":\"Promosyon \u00c7anta imalat\u0131, \u00dcretimi, \u00c7anta imalat\u00e7\u0131s\u0131 \u00dcreticisi istanbul\"},\"image\":{\"@id\":\"https:\/\/genclercanta.com\/fr\/#\/schema\/logo\/image\/\"},\"sameAs\":[\"https:\/\/www.facebook.com\/GenclerCantacom\/\",\"https:\/\/www.instagram.com\/genclercanta\/\"]}]}<\/script>\n<!-- \/ Yoast SEO plugin. -->","yoast_head_json":{"title":"SAC POUR DOCUMENTS ET ORDINATEUR PORTABLE GNCE 1004 - Promosyon \u00c7anta imalat\u0131, \u00dcretimi, \u00c7anta imalat\u00e7\u0131s\u0131 \u00dcreticisi istanbul","description":"SAC POUR DOCUMENTS ET ORDINATEUR PORTABLE GNCE 1004","robots":{"index":"index","follow":"follow","max-snippet":"max-snippet:-1","max-image-preview":"max-image-preview:large","max-video-preview":"max-video-preview:-1"},"canonical":"https:\/\/genclercanta.com\/fr\/urunler\/sac-pour-documents-et-ordinateur-portable-gnce-1004\/","og_locale":"fr_FR","og_type":"article","og_title":"SAC POUR DOCUMENTS ET ORDINATEUR PORTABLE GNCE 1004 - Promosyon \u00c7anta imalat\u0131, \u00dcretimi, \u00c7anta imalat\u00e7\u0131s\u0131 \u00dcreticisi istanbul","og_description":"SAC POUR DOCUMENTS ET ORDINATEUR PORTABLE GNCE 1004","og_url":"https:\/\/genclercanta.com\/fr\/urunler\/sac-pour-documents-et-ordinateur-portable-gnce-1004\/","og_site_name":"Promosyon \u00c7anta imalat\u0131, \u00dcretimi, \u00c7anta imalat\u00e7\u0131s\u0131 \u00dcreticisi istanbul","article_publisher":"https:\/\/www.facebook.com\/GenclerCantacom\/","og_image":[{"width":800,"height":600,"url":"https:\/\/genclercanta.com\/wp-content\/uploads\/2020\/12\/unnamed-file.jpg","type":"image\/jpeg"}],"twitter_misc":{"Dur\u00e9e de lecture estim\u00e9e":"1 minute"},"schema":{"@context":"https:\/\/schema.org","@graph":[{"@type":"WebPage","@id":"https:\/\/genclercanta.com\/fr\/urunler\/sac-pour-documents-et-ordinateur-portable-gnce-1004\/","url":"https:\/\/genclercanta.com\/fr\/urunler\/sac-pour-documents-et-ordinateur-portable-gnce-1004\/","name":"SAC POUR DOCUMENTS ET ORDINATEUR PORTABLE GNCE 1004 - Promosyon \u00c7anta imalat\u0131, \u00dcretimi, \u00c7anta imalat\u00e7\u0131s\u0131 \u00dcreticisi istanbul","isPartOf":{"@id":"https:\/\/genclercanta.com\/fr\/#website"},"primaryImageOfPage":{"@id":"https:\/\/genclercanta.com\/fr\/urunler\/sac-pour-documents-et-ordinateur-portable-gnce-1004\/#primaryimage"},"image":{"@id":"https:\/\/genclercanta.com\/fr\/urunler\/sac-pour-documents-et-ordinateur-portable-gnce-1004\/#primaryimage"},"thumbnailUrl":"https:\/\/genclercanta.com\/wp-content\/uploads\/2020\/12\/unnamed-file.jpg","datePublished":"2020-12-04T09:48:38+00:00","description":"SAC POUR DOCUMENTS ET ORDINATEUR PORTABLE GNCE 1004","breadcrumb":{"@id":"https:\/\/genclercanta.com\/fr\/urunler\/sac-pour-documents-et-ordinateur-portable-gnce-1004\/#breadcrumb"},"inLanguage":"fr-FR","potentialAction":[{"@type":"ReadAction","target":["https:\/\/genclercanta.com\/fr\/urunler\/sac-pour-documents-et-ordinateur-portable-gnce-1004\/"]}]},{"@type":"ImageObject","inLanguage":"fr-FR","@id":"https:\/\/genclercanta.com\/fr\/urunler\/sac-pour-documents-et-ordinateur-portable-gnce-1004\/#primaryimage","url":"https:\/\/genclercanta.com\/wp-content\/uploads\/2020\/12\/unnamed-file.jpg","contentUrl":"https:\/\/genclercanta.com\/wp-content\/uploads\/2020\/12\/unnamed-file.jpg","width":800,"height":600,"caption":"Toptan Tasar\u0131m Evrak ve Laptop \u00c7antas\u0131"},{"@type":"BreadcrumbList","@id":"https:\/\/genclercanta.com\/fr\/urunler\/sac-pour-documents-et-ordinateur-portable-gnce-1004\/#breadcrumb","itemListElement":[{"@type":"ListItem","position":1,"name":"Ana sayfa","item":"https:\/\/genclercanta.com\/fr\/accueil\/"},{"@type":"ListItem","position":2,"name":"Boutique","item":"https:\/\/genclercanta.com\/fr\/boutique\/"},{"@type":"ListItem","position":3,"name":"SAC POUR DOCUMENTS ET ORDINATEUR PORTABLE GNCE 1004"}]},{"@type":"WebSite","@id":"https:\/\/genclercanta.com\/fr\/#website","url":"https:\/\/genclercanta.com\/fr\/","name":"Promosyon \u00c7anta imalat\u0131, \u00dcretimi, \u00c7anta imalat\u00e7\u0131s\u0131 \u00dcreticisi istanbul","description":"T\u00fcrkiyenin Toptan, Promosyon \u00c7anta \u0130malat\u00e7\u0131s\u0131","publisher":{"@id":"https:\/\/genclercanta.com\/fr\/#organization"},"alternateName":"Gen\u00e7ler \u00c7anta","potentialAction":[{"@type":"SearchAction","target":{"@type":"EntryPoint","urlTemplate":"https:\/\/genclercanta.com\/fr\/?s={search_term_string}"},"query-input":{"@type":"PropertyValueSpecification","valueRequired":true,"valueName":"search_term_string"}}],"inLanguage":"fr-FR"},{"@type":"Organization","@id":"https:\/\/genclercanta.com\/fr\/#organization","name":"Promosyon \u00c7anta imalat\u0131, \u00dcretimi, \u00c7anta imalat\u00e7\u0131s\u0131 \u00dcreticisi istanbul","alternateName":"Gen\u00e7ler \u00c7anta","url":"https:\/\/genclercanta.com\/fr\/","logo":{"@type":"ImageObject","inLanguage":"fr-FR","@id":"https:\/\/genclercanta.com\/fr\/#\/schema\/logo\/image\/","url":"https:\/\/genclercanta.com\/wp-content\/uploads\/2020\/10\/gencler-canta-logo.jpg","contentUrl":"https:\/\/genclercanta.com\/wp-content\/uploads\/2020\/10\/gencler-canta-logo.jpg","width":600,"height":133,"caption":"Promosyon \u00c7anta imalat\u0131, \u00dcretimi, \u00c7anta imalat\u00e7\u0131s\u0131 \u00dcreticisi istanbul"},"image":{"@id":"https:\/\/genclercanta.com\/fr\/#\/schema\/logo\/image\/"},"sameAs":["https:\/\/www.facebook.com\/GenclerCantacom\/","https:\/\/www.instagram.com\/genclercanta\/"]}]}},"_links":{"self":[{"href":"https:\/\/genclercanta.com\/fr\/wp-json\/wp\/v2\/product\/123700","targetHints":{"allow":["GET"]}}],"collection":[{"href":"https:\/\/genclercanta.com\/fr\/wp-json\/wp\/v2\/product"}],"about":[{"href":"https:\/\/genclercanta.com\/fr\/wp-json\/wp\/v2\/types\/product"}],"replies":[{"embeddable":true,"href":"https:\/\/genclercanta.com\/fr\/wp-json\/wp\/v2\/comments?post=123700"}],"wp:featuredmedia":[{"embeddable":true,"href":"https:\/\/genclercanta.com\/fr\/wp-json\/wp\/v2\/media\/89807"}],"wp:attachment":[{"href":"https:\/\/genclercanta.com\/fr\/wp-json\/wp\/v2\/media?parent=123700"}],"wp:term":[{"taxonomy":"product_brand","embeddable":true,"href":"https:\/\/genclercanta.com\/fr\/wp-json\/wp\/v2\/product_brand?post=123700"},{"taxonomy":"product_cat","embeddable":true,"href":"https:\/\/genclercanta.com\/fr\/wp-json\/wp\/v2\/product_cat?post=123700"},{"taxonomy":"product_tag","embeddable":true,"href":"https:\/\/genclercanta.com\/fr\/wp-json\/wp\/v2\/product_tag?post=123700"}],"curies":[{"name":"wp","href":"https:\/\/api.w.org\/{rel}","templated":true}]}}