{"id":125242,"date":"2020-10-20T22:28:46","date_gmt":"2020-10-20T22:28:46","guid":{"rendered":"https:\/\/genclercanta.com\/urunler\/%d8%ac%d8%a7%d9%86%d8%aa%d8%a7%db%8c-%d9%be%d8%b4%d8%aa%db%95%d9%88%db%95%db%8c-%d8%ae%db%86%da%b5%db%95%d9%85%db%8e%d8%b4%db%8c-oslo\/"},"modified":"2020-10-20T22:28:46","modified_gmt":"2020-10-20T22:28:46","slug":"%d8%ac%d8%a7%d9%86%d8%aa%d8%a7%db%8c-%d9%be%d8%b4%d8%aa%db%95%d9%88%db%95%db%8c-%d8%ae%db%86%da%b5%db%95%d9%85%db%8e%d8%b4%db%8c-oslo","status":"publish","type":"product","link":"https:\/\/genclercanta.com\/fr\/urunler\/%d8%ac%d8%a7%d9%86%d8%aa%d8%a7%db%8c-%d9%be%d8%b4%d8%aa%db%95%d9%88%db%95%db%8c-%d8%ae%db%86%da%b5%db%95%d9%85%db%8e%d8%b4%db%8c-oslo\/","title":{"rendered":"\u062c\u0627\u0646\u062a\u0627\u06cc \u067e\u0634\u062a\u06d5\u0648\u06d5\u06cc \u062e\u06c6\u06b5\u06d5\u0645\u06ce\u0634\u06cc OSLO"},"content":{"rendered":"<p>\u2022\u0628\u06d5\u0631\u0632\u06cc: 44\u0633\u0645 \u067e\u0627\u0646\u06cc: 30\u0633\u0645 \u0642\u0648\u0648\u06b5\u06cc: 15\u0633\u0645<\/p>\n<p>\u2022\u062c\u0627\u0646\u062a\u0627\u06a9\u06d5\u0645\u0627\u0646 \u0644\u06d5 \u062f\u0648\u0648 \u0628\u06d5\u0634 \u067e\u06ce\u06a9\u062f\u06ce\u062a.<\/p>\n<p>\u2022\u0644\u06d5 \u0686\u06d5\u0631\u0645\u06ce\u06a9\u06cc \u0633\u0627\u062e\u062a\u06d5 \u062f\u0631\u0648\u0633\u062a\u06a9\u0631\u0627\u0648\u06d5.<\/p>\n<p>\u2022\u0634\u0648\u06ce\u0646\u06cc \u0644\u0627\u067e\u062a\u06c6\u067e\u06cc \u062a\u06ce\u062f\u0627\u06cc\u06d5.<\/p>\n<p>\u2022\u062c\u0627\u0646\u062a\u0627\u06a9\u06d5\u0645\u0627\u0646 \u062f\u0648\u0648 \u0634\u0648\u06ce\u0646\u06cc \u062c\u06cc\u0627\u0648\u0627\u0632\u06cc \u0628\u0648\u062a\u06b5\u06cc \u0626\u0627\u0648\u06cc \u0647\u06d5\u06cc\u06d5.<\/p>\n<p>\u2022\u0644\u06d5 \u0646\u0627\u0648 \u0626\u0627\u0633\u062a\u0631\u06d5\u06a9\u06d5\u062f\u0627 \u062f\u0648\u0648 \u06af\u06cc\u0631\u0641\u0627\u0646\u06cc \u0641\u0631\u06d5 \u0645\u06d5\u0628\u06d5\u0633\u062a \u0647\u06d5\u06cc\u06d5.<\/p>\n<p>\u2022\u0644\u06d5 \u0647\u06d5\u0631\u062f\u0648\u0648 \u0644\u0627\u06cc \u06a9\u06cc\u0633\u06d5\u06a9\u06d5\u062f\u0627 \u067e\u06d5\u0646\u062c\u06d5\u06cc \u0695\u06ce\u06a9\u062e\u0631\u0627\u0648 \u0647\u06d5\u06cc\u06d5.<\/p>\n","protected":false},"excerpt":{"rendered":"<p>\u062c\u0627\u0646\u062a\u0627\u06cc \u067e\u0634\u062a\u06d5\u0648\u06d5\u06cc \u062e\u06c6\u06b5\u06d5\u0645\u06ce\u0634\u06cc OSLO<\/p>\n","protected":false},"featured_media":92613,"comment_status":"closed","ping_status":"closed","template":"","meta":[],"product_brand":[],"product_cat":[471,594],"product_tag":[904,900,902,903],"class_list":{"0":"post-125242","1":"product","2":"type-product","3":"status-publish","4":"has-post-thumbnail","6":"product_cat-genel-fr","7":"product_cat-oslo-fr","8":"product_tag-de-plein-air","9":"product_tag-fudela-fr","10":"product_tag-lier","11":"product_tag-mode","13":"first","14":"instock","15":"shipping-taxable","16":"purchasable","17":"product-type-simple"},"yoast_head":"<!-- This site is optimized with the Yoast SEO plugin v26.3 - https:\/\/yoast.com\/wordpress\/plugins\/seo\/ -->\n<title>\u062c\u0627\u0646\u062a\u0627\u06cc \u067e\u0634\u062a\u06d5\u0648\u06d5\u06cc \u062e\u06c6\u06b5\u06d5\u0645\u06ce\u0634\u06cc OSLO - Promosyon \u00c7anta imalat\u0131, \u00dcretimi, \u00c7anta imalat\u00e7\u0131s\u0131 \u00dcreticisi istanbul<\/title>\n<meta name=\"description\" content=\"\u062c\u0627\u0646\u062a\u0627\u06cc \u067e\u0634\u062a\u06d5\u0648\u06d5\u06cc \u062e\u06c6\u06b5\u06d5\u0645\u06ce\u0634\u06cc OSLO\" \/>\n<meta name=\"robots\" content=\"index, follow, max-snippet:-1, max-image-preview:large, max-video-preview:-1\" \/>\n<link rel=\"canonical\" href=\"https:\/\/genclercanta.com\/fr\/urunler\/%d8%ac%d8%a7%d9%86%d8%aa%d8%a7%db%8c-%d9%be%d8%b4%d8%aa%db%95%d9%88%db%95%db%8c-%d8%ae%db%86%da%b5%db%95%d9%85%db%8e%d8%b4%db%8c-oslo\/\" \/>\n<meta property=\"og:locale\" content=\"fr_FR\" \/>\n<meta property=\"og:type\" content=\"article\" \/>\n<meta property=\"og:title\" content=\"\u062c\u0627\u0646\u062a\u0627\u06cc \u067e\u0634\u062a\u06d5\u0648\u06d5\u06cc \u062e\u06c6\u06b5\u06d5\u0645\u06ce\u0634\u06cc OSLO - Promosyon \u00c7anta imalat\u0131, \u00dcretimi, \u00c7anta imalat\u00e7\u0131s\u0131 \u00dcreticisi istanbul\" \/>\n<meta property=\"og:description\" content=\"\u062c\u0627\u0646\u062a\u0627\u06cc \u067e\u0634\u062a\u06d5\u0648\u06d5\u06cc \u062e\u06c6\u06b5\u06d5\u0645\u06ce\u0634\u06cc OSLO\" \/>\n<meta property=\"og:url\" content=\"https:\/\/genclercanta.com\/fr\/urunler\/%d8%ac%d8%a7%d9%86%d8%aa%d8%a7%db%8c-%d9%be%d8%b4%d8%aa%db%95%d9%88%db%95%db%8c-%d8%ae%db%86%da%b5%db%95%d9%85%db%8e%d8%b4%db%8c-oslo\/\" \/>\n<meta property=\"og:site_name\" content=\"Promosyon \u00c7anta imalat\u0131, \u00dcretimi, \u00c7anta imalat\u00e7\u0131s\u0131 \u00dcreticisi istanbul\" \/>\n<meta property=\"article:publisher\" content=\"https:\/\/www.facebook.com\/GenclerCantacom\/\" \/>\n<meta property=\"og:image\" content=\"https:\/\/genclercanta.com\/wp-content\/uploads\/2020\/10\/50-35.jpg\" \/>\n\t<meta property=\"og:image:width\" content=\"800\" \/>\n\t<meta property=\"og:image:height\" content=\"600\" \/>\n\t<meta property=\"og:image:type\" content=\"image\/jpeg\" \/>\n<script type=\"application\/ld+json\" class=\"yoast-schema-graph\">{\"@context\":\"https:\/\/schema.org\",\"@graph\":[{\"@type\":\"WebPage\",\"@id\":\"https:\/\/genclercanta.com\/fr\/urunler\/%d8%ac%d8%a7%d9%86%d8%aa%d8%a7%db%8c-%d9%be%d8%b4%d8%aa%db%95%d9%88%db%95%db%8c-%d8%ae%db%86%da%b5%db%95%d9%85%db%8e%d8%b4%db%8c-oslo\/\",\"url\":\"https:\/\/genclercanta.com\/fr\/urunler\/%d8%ac%d8%a7%d9%86%d8%aa%d8%a7%db%8c-%d9%be%d8%b4%d8%aa%db%95%d9%88%db%95%db%8c-%d8%ae%db%86%da%b5%db%95%d9%85%db%8e%d8%b4%db%8c-oslo\/\",\"name\":\"\u062c\u0627\u0646\u062a\u0627\u06cc \u067e\u0634\u062a\u06d5\u0648\u06d5\u06cc \u062e\u06c6\u06b5\u06d5\u0645\u06ce\u0634\u06cc OSLO - Promosyon \u00c7anta imalat\u0131, \u00dcretimi, \u00c7anta imalat\u00e7\u0131s\u0131 \u00dcreticisi istanbul\",\"isPartOf\":{\"@id\":\"https:\/\/genclercanta.com\/fr\/#website\"},\"primaryImageOfPage\":{\"@id\":\"https:\/\/genclercanta.com\/fr\/urunler\/%d8%ac%d8%a7%d9%86%d8%aa%d8%a7%db%8c-%d9%be%d8%b4%d8%aa%db%95%d9%88%db%95%db%8c-%d8%ae%db%86%da%b5%db%95%d9%85%db%8e%d8%b4%db%8c-oslo\/#primaryimage\"},\"image\":{\"@id\":\"https:\/\/genclercanta.com\/fr\/urunler\/%d8%ac%d8%a7%d9%86%d8%aa%d8%a7%db%8c-%d9%be%d8%b4%d8%aa%db%95%d9%88%db%95%db%8c-%d8%ae%db%86%da%b5%db%95%d9%85%db%8e%d8%b4%db%8c-oslo\/#primaryimage\"},\"thumbnailUrl\":\"https:\/\/genclercanta.com\/wp-content\/uploads\/2020\/10\/50-35.jpg\",\"datePublished\":\"2020-10-20T22:28:46+00:00\",\"description\":\"\u062c\u0627\u0646\u062a\u0627\u06cc \u067e\u0634\u062a\u06d5\u0648\u06d5\u06cc \u062e\u06c6\u06b5\u06d5\u0645\u06ce\u0634\u06cc OSLO\",\"breadcrumb\":{\"@id\":\"https:\/\/genclercanta.com\/fr\/urunler\/%d8%ac%d8%a7%d9%86%d8%aa%d8%a7%db%8c-%d9%be%d8%b4%d8%aa%db%95%d9%88%db%95%db%8c-%d8%ae%db%86%da%b5%db%95%d9%85%db%8e%d8%b4%db%8c-oslo\/#breadcrumb\"},\"inLanguage\":\"fr-FR\",\"potentialAction\":[{\"@type\":\"ReadAction\",\"target\":[\"https:\/\/genclercanta.com\/fr\/urunler\/%d8%ac%d8%a7%d9%86%d8%aa%d8%a7%db%8c-%d9%be%d8%b4%d8%aa%db%95%d9%88%db%95%db%8c-%d8%ae%db%86%da%b5%db%95%d9%85%db%8e%d8%b4%db%8c-oslo\/\"]}]},{\"@type\":\"ImageObject\",\"inLanguage\":\"fr-FR\",\"@id\":\"https:\/\/genclercanta.com\/fr\/urunler\/%d8%ac%d8%a7%d9%86%d8%aa%d8%a7%db%8c-%d9%be%d8%b4%d8%aa%db%95%d9%88%db%95%db%8c-%d8%ae%db%86%da%b5%db%95%d9%85%db%8e%d8%b4%db%8c-oslo\/#primaryimage\",\"url\":\"https:\/\/genclercanta.com\/wp-content\/uploads\/2020\/10\/50-35.jpg\",\"contentUrl\":\"https:\/\/genclercanta.com\/wp-content\/uploads\/2020\/10\/50-35.jpg\",\"width\":800,\"height\":600,\"caption\":\"Toptan Tasar\u0131m S\u0131rt \u00c7antalar\u0131\"},{\"@type\":\"BreadcrumbList\",\"@id\":\"https:\/\/genclercanta.com\/fr\/urunler\/%d8%ac%d8%a7%d9%86%d8%aa%d8%a7%db%8c-%d9%be%d8%b4%d8%aa%db%95%d9%88%db%95%db%8c-%d8%ae%db%86%da%b5%db%95%d9%85%db%8e%d8%b4%db%8c-oslo\/#breadcrumb\",\"itemListElement\":[{\"@type\":\"ListItem\",\"position\":1,\"name\":\"Ana sayfa\",\"item\":\"https:\/\/genclercanta.com\/fr\/accueil\/\"},{\"@type\":\"ListItem\",\"position\":2,\"name\":\"Boutique\",\"item\":\"https:\/\/genclercanta.com\/fr\/boutique\/\"},{\"@type\":\"ListItem\",\"position\":3,\"name\":\"\u062c\u0627\u0646\u062a\u0627\u06cc \u067e\u0634\u062a\u06d5\u0648\u06d5\u06cc \u062e\u06c6\u06b5\u06d5\u0645\u06ce\u0634\u06cc OSLO\"}]},{\"@type\":\"WebSite\",\"@id\":\"https:\/\/genclercanta.com\/fr\/#website\",\"url\":\"https:\/\/genclercanta.com\/fr\/\",\"name\":\"Promosyon \u00c7anta imalat\u0131, \u00dcretimi, \u00c7anta imalat\u00e7\u0131s\u0131 \u00dcreticisi istanbul\",\"description\":\"T\u00fcrkiyenin Toptan, Promosyon \u00c7anta \u0130malat\u00e7\u0131s\u0131\",\"publisher\":{\"@id\":\"https:\/\/genclercanta.com\/fr\/#organization\"},\"alternateName\":\"Gen\u00e7ler \u00c7anta\",\"potentialAction\":[{\"@type\":\"SearchAction\",\"target\":{\"@type\":\"EntryPoint\",\"urlTemplate\":\"https:\/\/genclercanta.com\/fr\/?s={search_term_string}\"},\"query-input\":{\"@type\":\"PropertyValueSpecification\",\"valueRequired\":true,\"valueName\":\"search_term_string\"}}],\"inLanguage\":\"fr-FR\"},{\"@type\":\"Organization\",\"@id\":\"https:\/\/genclercanta.com\/fr\/#organization\",\"name\":\"Promosyon \u00c7anta imalat\u0131, \u00dcretimi, \u00c7anta imalat\u00e7\u0131s\u0131 \u00dcreticisi istanbul\",\"alternateName\":\"Gen\u00e7ler \u00c7anta\",\"url\":\"https:\/\/genclercanta.com\/fr\/\",\"logo\":{\"@type\":\"ImageObject\",\"inLanguage\":\"fr-FR\",\"@id\":\"https:\/\/genclercanta.com\/fr\/#\/schema\/logo\/image\/\",\"url\":\"https:\/\/genclercanta.com\/wp-content\/uploads\/2020\/10\/gencler-canta-logo.jpg\",\"contentUrl\":\"https:\/\/genclercanta.com\/wp-content\/uploads\/2020\/10\/gencler-canta-logo.jpg\",\"width\":600,\"height\":133,\"caption\":\"Promosyon \u00c7anta imalat\u0131, \u00dcretimi, \u00c7anta imalat\u00e7\u0131s\u0131 \u00dcreticisi istanbul\"},\"image\":{\"@id\":\"https:\/\/genclercanta.com\/fr\/#\/schema\/logo\/image\/\"},\"sameAs\":[\"https:\/\/www.facebook.com\/GenclerCantacom\/\",\"https:\/\/www.instagram.com\/genclercanta\/\"]}]}<\/script>\n<!-- \/ Yoast SEO plugin. -->","yoast_head_json":{"title":"\u062c\u0627\u0646\u062a\u0627\u06cc \u067e\u0634\u062a\u06d5\u0648\u06d5\u06cc \u062e\u06c6\u06b5\u06d5\u0645\u06ce\u0634\u06cc OSLO - Promosyon \u00c7anta imalat\u0131, \u00dcretimi, \u00c7anta imalat\u00e7\u0131s\u0131 \u00dcreticisi istanbul","description":"\u062c\u0627\u0646\u062a\u0627\u06cc \u067e\u0634\u062a\u06d5\u0648\u06d5\u06cc \u062e\u06c6\u06b5\u06d5\u0645\u06ce\u0634\u06cc OSLO","robots":{"index":"index","follow":"follow","max-snippet":"max-snippet:-1","max-image-preview":"max-image-preview:large","max-video-preview":"max-video-preview:-1"},"canonical":"https:\/\/genclercanta.com\/fr\/urunler\/%d8%ac%d8%a7%d9%86%d8%aa%d8%a7%db%8c-%d9%be%d8%b4%d8%aa%db%95%d9%88%db%95%db%8c-%d8%ae%db%86%da%b5%db%95%d9%85%db%8e%d8%b4%db%8c-oslo\/","og_locale":"fr_FR","og_type":"article","og_title":"\u062c\u0627\u0646\u062a\u0627\u06cc \u067e\u0634\u062a\u06d5\u0648\u06d5\u06cc \u062e\u06c6\u06b5\u06d5\u0645\u06ce\u0634\u06cc OSLO - Promosyon \u00c7anta imalat\u0131, \u00dcretimi, \u00c7anta imalat\u00e7\u0131s\u0131 \u00dcreticisi istanbul","og_description":"\u062c\u0627\u0646\u062a\u0627\u06cc \u067e\u0634\u062a\u06d5\u0648\u06d5\u06cc \u062e\u06c6\u06b5\u06d5\u0645\u06ce\u0634\u06cc OSLO","og_url":"https:\/\/genclercanta.com\/fr\/urunler\/%d8%ac%d8%a7%d9%86%d8%aa%d8%a7%db%8c-%d9%be%d8%b4%d8%aa%db%95%d9%88%db%95%db%8c-%d8%ae%db%86%da%b5%db%95%d9%85%db%8e%d8%b4%db%8c-oslo\/","og_site_name":"Promosyon \u00c7anta imalat\u0131, \u00dcretimi, \u00c7anta imalat\u00e7\u0131s\u0131 \u00dcreticisi istanbul","article_publisher":"https:\/\/www.facebook.com\/GenclerCantacom\/","og_image":[{"width":800,"height":600,"url":"https:\/\/genclercanta.com\/wp-content\/uploads\/2020\/10\/50-35.jpg","type":"image\/jpeg"}],"schema":{"@context":"https:\/\/schema.org","@graph":[{"@type":"WebPage","@id":"https:\/\/genclercanta.com\/fr\/urunler\/%d8%ac%d8%a7%d9%86%d8%aa%d8%a7%db%8c-%d9%be%d8%b4%d8%aa%db%95%d9%88%db%95%db%8c-%d8%ae%db%86%da%b5%db%95%d9%85%db%8e%d8%b4%db%8c-oslo\/","url":"https:\/\/genclercanta.com\/fr\/urunler\/%d8%ac%d8%a7%d9%86%d8%aa%d8%a7%db%8c-%d9%be%d8%b4%d8%aa%db%95%d9%88%db%95%db%8c-%d8%ae%db%86%da%b5%db%95%d9%85%db%8e%d8%b4%db%8c-oslo\/","name":"\u062c\u0627\u0646\u062a\u0627\u06cc \u067e\u0634\u062a\u06d5\u0648\u06d5\u06cc \u062e\u06c6\u06b5\u06d5\u0645\u06ce\u0634\u06cc OSLO - Promosyon \u00c7anta imalat\u0131, \u00dcretimi, \u00c7anta imalat\u00e7\u0131s\u0131 \u00dcreticisi istanbul","isPartOf":{"@id":"https:\/\/genclercanta.com\/fr\/#website"},"primaryImageOfPage":{"@id":"https:\/\/genclercanta.com\/fr\/urunler\/%d8%ac%d8%a7%d9%86%d8%aa%d8%a7%db%8c-%d9%be%d8%b4%d8%aa%db%95%d9%88%db%95%db%8c-%d8%ae%db%86%da%b5%db%95%d9%85%db%8e%d8%b4%db%8c-oslo\/#primaryimage"},"image":{"@id":"https:\/\/genclercanta.com\/fr\/urunler\/%d8%ac%d8%a7%d9%86%d8%aa%d8%a7%db%8c-%d9%be%d8%b4%d8%aa%db%95%d9%88%db%95%db%8c-%d8%ae%db%86%da%b5%db%95%d9%85%db%8e%d8%b4%db%8c-oslo\/#primaryimage"},"thumbnailUrl":"https:\/\/genclercanta.com\/wp-content\/uploads\/2020\/10\/50-35.jpg","datePublished":"2020-10-20T22:28:46+00:00","description":"\u062c\u0627\u0646\u062a\u0627\u06cc \u067e\u0634\u062a\u06d5\u0648\u06d5\u06cc \u062e\u06c6\u06b5\u06d5\u0645\u06ce\u0634\u06cc OSLO","breadcrumb":{"@id":"https:\/\/genclercanta.com\/fr\/urunler\/%d8%ac%d8%a7%d9%86%d8%aa%d8%a7%db%8c-%d9%be%d8%b4%d8%aa%db%95%d9%88%db%95%db%8c-%d8%ae%db%86%da%b5%db%95%d9%85%db%8e%d8%b4%db%8c-oslo\/#breadcrumb"},"inLanguage":"fr-FR","potentialAction":[{"@type":"ReadAction","target":["https:\/\/genclercanta.com\/fr\/urunler\/%d8%ac%d8%a7%d9%86%d8%aa%d8%a7%db%8c-%d9%be%d8%b4%d8%aa%db%95%d9%88%db%95%db%8c-%d8%ae%db%86%da%b5%db%95%d9%85%db%8e%d8%b4%db%8c-oslo\/"]}]},{"@type":"ImageObject","inLanguage":"fr-FR","@id":"https:\/\/genclercanta.com\/fr\/urunler\/%d8%ac%d8%a7%d9%86%d8%aa%d8%a7%db%8c-%d9%be%d8%b4%d8%aa%db%95%d9%88%db%95%db%8c-%d8%ae%db%86%da%b5%db%95%d9%85%db%8e%d8%b4%db%8c-oslo\/#primaryimage","url":"https:\/\/genclercanta.com\/wp-content\/uploads\/2020\/10\/50-35.jpg","contentUrl":"https:\/\/genclercanta.com\/wp-content\/uploads\/2020\/10\/50-35.jpg","width":800,"height":600,"caption":"Toptan Tasar\u0131m S\u0131rt \u00c7antalar\u0131"},{"@type":"BreadcrumbList","@id":"https:\/\/genclercanta.com\/fr\/urunler\/%d8%ac%d8%a7%d9%86%d8%aa%d8%a7%db%8c-%d9%be%d8%b4%d8%aa%db%95%d9%88%db%95%db%8c-%d8%ae%db%86%da%b5%db%95%d9%85%db%8e%d8%b4%db%8c-oslo\/#breadcrumb","itemListElement":[{"@type":"ListItem","position":1,"name":"Ana sayfa","item":"https:\/\/genclercanta.com\/fr\/accueil\/"},{"@type":"ListItem","position":2,"name":"Boutique","item":"https:\/\/genclercanta.com\/fr\/boutique\/"},{"@type":"ListItem","position":3,"name":"\u062c\u0627\u0646\u062a\u0627\u06cc \u067e\u0634\u062a\u06d5\u0648\u06d5\u06cc \u062e\u06c6\u06b5\u06d5\u0645\u06ce\u0634\u06cc OSLO"}]},{"@type":"WebSite","@id":"https:\/\/genclercanta.com\/fr\/#website","url":"https:\/\/genclercanta.com\/fr\/","name":"Promosyon \u00c7anta imalat\u0131, \u00dcretimi, \u00c7anta imalat\u00e7\u0131s\u0131 \u00dcreticisi istanbul","description":"T\u00fcrkiyenin Toptan, Promosyon \u00c7anta \u0130malat\u00e7\u0131s\u0131","publisher":{"@id":"https:\/\/genclercanta.com\/fr\/#organization"},"alternateName":"Gen\u00e7ler \u00c7anta","potentialAction":[{"@type":"SearchAction","target":{"@type":"EntryPoint","urlTemplate":"https:\/\/genclercanta.com\/fr\/?s={search_term_string}"},"query-input":{"@type":"PropertyValueSpecification","valueRequired":true,"valueName":"search_term_string"}}],"inLanguage":"fr-FR"},{"@type":"Organization","@id":"https:\/\/genclercanta.com\/fr\/#organization","name":"Promosyon \u00c7anta imalat\u0131, \u00dcretimi, \u00c7anta imalat\u00e7\u0131s\u0131 \u00dcreticisi istanbul","alternateName":"Gen\u00e7ler \u00c7anta","url":"https:\/\/genclercanta.com\/fr\/","logo":{"@type":"ImageObject","inLanguage":"fr-FR","@id":"https:\/\/genclercanta.com\/fr\/#\/schema\/logo\/image\/","url":"https:\/\/genclercanta.com\/wp-content\/uploads\/2020\/10\/gencler-canta-logo.jpg","contentUrl":"https:\/\/genclercanta.com\/wp-content\/uploads\/2020\/10\/gencler-canta-logo.jpg","width":600,"height":133,"caption":"Promosyon \u00c7anta imalat\u0131, \u00dcretimi, \u00c7anta imalat\u00e7\u0131s\u0131 \u00dcreticisi istanbul"},"image":{"@id":"https:\/\/genclercanta.com\/fr\/#\/schema\/logo\/image\/"},"sameAs":["https:\/\/www.facebook.com\/GenclerCantacom\/","https:\/\/www.instagram.com\/genclercanta\/"]}]}},"_links":{"self":[{"href":"https:\/\/genclercanta.com\/fr\/wp-json\/wp\/v2\/product\/125242","targetHints":{"allow":["GET"]}}],"collection":[{"href":"https:\/\/genclercanta.com\/fr\/wp-json\/wp\/v2\/product"}],"about":[{"href":"https:\/\/genclercanta.com\/fr\/wp-json\/wp\/v2\/types\/product"}],"replies":[{"embeddable":true,"href":"https:\/\/genclercanta.com\/fr\/wp-json\/wp\/v2\/comments?post=125242"}],"wp:featuredmedia":[{"embeddable":true,"href":"https:\/\/genclercanta.com\/fr\/wp-json\/wp\/v2\/media\/92613"}],"wp:attachment":[{"href":"https:\/\/genclercanta.com\/fr\/wp-json\/wp\/v2\/media?parent=125242"}],"wp:term":[{"taxonomy":"product_brand","embeddable":true,"href":"https:\/\/genclercanta.com\/fr\/wp-json\/wp\/v2\/product_brand?post=125242"},{"taxonomy":"product_cat","embeddable":true,"href":"https:\/\/genclercanta.com\/fr\/wp-json\/wp\/v2\/product_cat?post=125242"},{"taxonomy":"product_tag","embeddable":true,"href":"https:\/\/genclercanta.com\/fr\/wp-json\/wp\/v2\/product_tag?post=125242"}],"curies":[{"name":"wp","href":"https:\/\/api.w.org\/{rel}","templated":true}]}}