{"id":125618,"date":"2020-10-20T22:17:56","date_gmt":"2020-10-20T22:17:56","guid":{"rendered":"https:\/\/genclercanta.com\/urunler\/sac-a-dos-rouge-zye\/"},"modified":"2020-10-20T22:17:56","modified_gmt":"2020-10-20T22:17:56","slug":"sac-a-dos-rouge-zye","status":"publish","type":"product","link":"https:\/\/genclercanta.com\/fr\/urunler\/sac-a-dos-rouge-zye\/","title":{"rendered":"SAC \u00c0 DOS ROUGE ZYE"},"content":{"rendered":"<p>Festival\u00a0? Soir\u00e9e\u00a0? Voyage\u00a0? Peu importe, le sac Sarmal ZYE FUDELA vous accompagne \u00e0 chaque instant. \u00c0 la fois \u00e9l\u00e9gant et pratique, c\u2019est un indispensable de votre garde-robe, en toute saison.<\/p>\n<p>Caract\u00e9ristiques\u00a0:<\/p>\n<p>&#8211; Tissu polyester imperm\u00e9able<\/p>\n<p>&#8211; Broderie Fudela<\/p>\n<p>&#8211; Anse<br \/>\n&#8211; Grande poche avant<\/p>\n<p>Dimensions\u00a0: 36 x 27 x 13 cm<\/p>\n","protected":false},"excerpt":{"rendered":"<p>SAC \u00c0 DOS ROUGE ZYE<\/p>\n","protected":false},"featured_media":97580,"comment_status":"closed","ping_status":"closed","template":"","meta":[],"product_brand":[],"product_cat":[683],"product_tag":[900,902,901,829],"class_list":{"0":"post-125618","1":"product","2":"type-product","3":"status-publish","4":"has-post-thumbnail","6":"product_cat-zye-fr","7":"product_tag-fudela-fr","8":"product_tag-lier","9":"product_tag-sac","10":"product_tag-sac-a-dos","12":"first","13":"instock","14":"shipping-taxable","15":"purchasable","16":"product-type-simple"},"yoast_head":"<!-- This site is optimized with the Yoast SEO plugin v26.3 - https:\/\/yoast.com\/wordpress\/plugins\/seo\/ -->\n<title>SAC \u00c0 DOS ROUGE ZYE - Promosyon \u00c7anta imalat\u0131, \u00dcretimi, \u00c7anta imalat\u00e7\u0131s\u0131 \u00dcreticisi istanbul<\/title>\n<meta name=\"description\" content=\"SAC \u00c0 DOS ROUGE ZYE\" \/>\n<meta name=\"robots\" content=\"index, follow, max-snippet:-1, max-image-preview:large, max-video-preview:-1\" \/>\n<link rel=\"canonical\" href=\"https:\/\/genclercanta.com\/fr\/urunler\/sac-a-dos-rouge-zye\/\" \/>\n<meta property=\"og:locale\" content=\"fr_FR\" \/>\n<meta property=\"og:type\" content=\"article\" \/>\n<meta property=\"og:title\" content=\"SAC \u00c0 DOS ROUGE ZYE - Promosyon \u00c7anta imalat\u0131, \u00dcretimi, \u00c7anta imalat\u00e7\u0131s\u0131 \u00dcreticisi istanbul\" \/>\n<meta property=\"og:description\" content=\"SAC \u00c0 DOS ROUGE ZYE\" \/>\n<meta property=\"og:url\" content=\"https:\/\/genclercanta.com\/fr\/urunler\/sac-a-dos-rouge-zye\/\" \/>\n<meta property=\"og:site_name\" content=\"Promosyon \u00c7anta imalat\u0131, \u00dcretimi, \u00c7anta imalat\u00e7\u0131s\u0131 \u00dcreticisi istanbul\" \/>\n<meta property=\"article:publisher\" content=\"https:\/\/www.facebook.com\/GenclerCantacom\/\" \/>\n<meta property=\"og:image\" content=\"https:\/\/genclercanta.com\/wp-content\/uploads\/2020\/10\/Basliksiz-1-11.jpg\" \/>\n\t<meta property=\"og:image:width\" content=\"400\" \/>\n\t<meta property=\"og:image:height\" content=\"300\" \/>\n\t<meta property=\"og:image:type\" content=\"image\/jpeg\" \/>\n<script type=\"application\/ld+json\" class=\"yoast-schema-graph\">{\"@context\":\"https:\/\/schema.org\",\"@graph\":[{\"@type\":\"WebPage\",\"@id\":\"https:\/\/genclercanta.com\/fr\/urunler\/sac-a-dos-rouge-zye\/\",\"url\":\"https:\/\/genclercanta.com\/fr\/urunler\/sac-a-dos-rouge-zye\/\",\"name\":\"SAC \u00c0 DOS ROUGE ZYE - Promosyon \u00c7anta imalat\u0131, \u00dcretimi, \u00c7anta imalat\u00e7\u0131s\u0131 \u00dcreticisi istanbul\",\"isPartOf\":{\"@id\":\"https:\/\/genclercanta.com\/fr\/#website\"},\"primaryImageOfPage\":{\"@id\":\"https:\/\/genclercanta.com\/fr\/urunler\/sac-a-dos-rouge-zye\/#primaryimage\"},\"image\":{\"@id\":\"https:\/\/genclercanta.com\/fr\/urunler\/sac-a-dos-rouge-zye\/#primaryimage\"},\"thumbnailUrl\":\"https:\/\/genclercanta.com\/wp-content\/uploads\/2020\/10\/Basliksiz-1-11.jpg\",\"datePublished\":\"2020-10-20T22:17:56+00:00\",\"description\":\"SAC \u00c0 DOS ROUGE ZYE\",\"breadcrumb\":{\"@id\":\"https:\/\/genclercanta.com\/fr\/urunler\/sac-a-dos-rouge-zye\/#breadcrumb\"},\"inLanguage\":\"fr-FR\",\"potentialAction\":[{\"@type\":\"ReadAction\",\"target\":[\"https:\/\/genclercanta.com\/fr\/urunler\/sac-a-dos-rouge-zye\/\"]}]},{\"@type\":\"ImageObject\",\"inLanguage\":\"fr-FR\",\"@id\":\"https:\/\/genclercanta.com\/fr\/urunler\/sac-a-dos-rouge-zye\/#primaryimage\",\"url\":\"https:\/\/genclercanta.com\/wp-content\/uploads\/2020\/10\/Basliksiz-1-11.jpg\",\"contentUrl\":\"https:\/\/genclercanta.com\/wp-content\/uploads\/2020\/10\/Basliksiz-1-11.jpg\",\"width\":400,\"height\":300,\"caption\":\"toptan s\u0131rt \u00e7antas\u0131\"},{\"@type\":\"BreadcrumbList\",\"@id\":\"https:\/\/genclercanta.com\/fr\/urunler\/sac-a-dos-rouge-zye\/#breadcrumb\",\"itemListElement\":[{\"@type\":\"ListItem\",\"position\":1,\"name\":\"Ana sayfa\",\"item\":\"https:\/\/genclercanta.com\/fr\/accueil\/\"},{\"@type\":\"ListItem\",\"position\":2,\"name\":\"Boutique\",\"item\":\"https:\/\/genclercanta.com\/fr\/boutique\/\"},{\"@type\":\"ListItem\",\"position\":3,\"name\":\"SAC \u00c0 DOS ROUGE ZYE\"}]},{\"@type\":\"WebSite\",\"@id\":\"https:\/\/genclercanta.com\/fr\/#website\",\"url\":\"https:\/\/genclercanta.com\/fr\/\",\"name\":\"Promosyon \u00c7anta imalat\u0131, \u00dcretimi, \u00c7anta imalat\u00e7\u0131s\u0131 \u00dcreticisi istanbul\",\"description\":\"T\u00fcrkiyenin Toptan, Promosyon \u00c7anta \u0130malat\u00e7\u0131s\u0131\",\"publisher\":{\"@id\":\"https:\/\/genclercanta.com\/fr\/#organization\"},\"alternateName\":\"Gen\u00e7ler \u00c7anta\",\"potentialAction\":[{\"@type\":\"SearchAction\",\"target\":{\"@type\":\"EntryPoint\",\"urlTemplate\":\"https:\/\/genclercanta.com\/fr\/?s={search_term_string}\"},\"query-input\":{\"@type\":\"PropertyValueSpecification\",\"valueRequired\":true,\"valueName\":\"search_term_string\"}}],\"inLanguage\":\"fr-FR\"},{\"@type\":\"Organization\",\"@id\":\"https:\/\/genclercanta.com\/fr\/#organization\",\"name\":\"Promosyon \u00c7anta imalat\u0131, \u00dcretimi, \u00c7anta imalat\u00e7\u0131s\u0131 \u00dcreticisi istanbul\",\"alternateName\":\"Gen\u00e7ler \u00c7anta\",\"url\":\"https:\/\/genclercanta.com\/fr\/\",\"logo\":{\"@type\":\"ImageObject\",\"inLanguage\":\"fr-FR\",\"@id\":\"https:\/\/genclercanta.com\/fr\/#\/schema\/logo\/image\/\",\"url\":\"https:\/\/genclercanta.com\/wp-content\/uploads\/2020\/10\/gencler-canta-logo.jpg\",\"contentUrl\":\"https:\/\/genclercanta.com\/wp-content\/uploads\/2020\/10\/gencler-canta-logo.jpg\",\"width\":600,\"height\":133,\"caption\":\"Promosyon \u00c7anta imalat\u0131, \u00dcretimi, \u00c7anta imalat\u00e7\u0131s\u0131 \u00dcreticisi istanbul\"},\"image\":{\"@id\":\"https:\/\/genclercanta.com\/fr\/#\/schema\/logo\/image\/\"},\"sameAs\":[\"https:\/\/www.facebook.com\/GenclerCantacom\/\",\"https:\/\/www.instagram.com\/genclercanta\/\"]}]}<\/script>\n<!-- \/ Yoast SEO plugin. -->","yoast_head_json":{"title":"SAC \u00c0 DOS ROUGE ZYE - Promosyon \u00c7anta imalat\u0131, \u00dcretimi, \u00c7anta imalat\u00e7\u0131s\u0131 \u00dcreticisi istanbul","description":"SAC \u00c0 DOS ROUGE ZYE","robots":{"index":"index","follow":"follow","max-snippet":"max-snippet:-1","max-image-preview":"max-image-preview:large","max-video-preview":"max-video-preview:-1"},"canonical":"https:\/\/genclercanta.com\/fr\/urunler\/sac-a-dos-rouge-zye\/","og_locale":"fr_FR","og_type":"article","og_title":"SAC \u00c0 DOS ROUGE ZYE - Promosyon \u00c7anta imalat\u0131, \u00dcretimi, \u00c7anta imalat\u00e7\u0131s\u0131 \u00dcreticisi istanbul","og_description":"SAC \u00c0 DOS ROUGE ZYE","og_url":"https:\/\/genclercanta.com\/fr\/urunler\/sac-a-dos-rouge-zye\/","og_site_name":"Promosyon \u00c7anta imalat\u0131, \u00dcretimi, \u00c7anta imalat\u00e7\u0131s\u0131 \u00dcreticisi istanbul","article_publisher":"https:\/\/www.facebook.com\/GenclerCantacom\/","og_image":[{"width":400,"height":300,"url":"https:\/\/genclercanta.com\/wp-content\/uploads\/2020\/10\/Basliksiz-1-11.jpg","type":"image\/jpeg"}],"schema":{"@context":"https:\/\/schema.org","@graph":[{"@type":"WebPage","@id":"https:\/\/genclercanta.com\/fr\/urunler\/sac-a-dos-rouge-zye\/","url":"https:\/\/genclercanta.com\/fr\/urunler\/sac-a-dos-rouge-zye\/","name":"SAC \u00c0 DOS ROUGE ZYE - Promosyon \u00c7anta imalat\u0131, \u00dcretimi, \u00c7anta imalat\u00e7\u0131s\u0131 \u00dcreticisi istanbul","isPartOf":{"@id":"https:\/\/genclercanta.com\/fr\/#website"},"primaryImageOfPage":{"@id":"https:\/\/genclercanta.com\/fr\/urunler\/sac-a-dos-rouge-zye\/#primaryimage"},"image":{"@id":"https:\/\/genclercanta.com\/fr\/urunler\/sac-a-dos-rouge-zye\/#primaryimage"},"thumbnailUrl":"https:\/\/genclercanta.com\/wp-content\/uploads\/2020\/10\/Basliksiz-1-11.jpg","datePublished":"2020-10-20T22:17:56+00:00","description":"SAC \u00c0 DOS ROUGE ZYE","breadcrumb":{"@id":"https:\/\/genclercanta.com\/fr\/urunler\/sac-a-dos-rouge-zye\/#breadcrumb"},"inLanguage":"fr-FR","potentialAction":[{"@type":"ReadAction","target":["https:\/\/genclercanta.com\/fr\/urunler\/sac-a-dos-rouge-zye\/"]}]},{"@type":"ImageObject","inLanguage":"fr-FR","@id":"https:\/\/genclercanta.com\/fr\/urunler\/sac-a-dos-rouge-zye\/#primaryimage","url":"https:\/\/genclercanta.com\/wp-content\/uploads\/2020\/10\/Basliksiz-1-11.jpg","contentUrl":"https:\/\/genclercanta.com\/wp-content\/uploads\/2020\/10\/Basliksiz-1-11.jpg","width":400,"height":300,"caption":"toptan s\u0131rt \u00e7antas\u0131"},{"@type":"BreadcrumbList","@id":"https:\/\/genclercanta.com\/fr\/urunler\/sac-a-dos-rouge-zye\/#breadcrumb","itemListElement":[{"@type":"ListItem","position":1,"name":"Ana sayfa","item":"https:\/\/genclercanta.com\/fr\/accueil\/"},{"@type":"ListItem","position":2,"name":"Boutique","item":"https:\/\/genclercanta.com\/fr\/boutique\/"},{"@type":"ListItem","position":3,"name":"SAC \u00c0 DOS ROUGE ZYE"}]},{"@type":"WebSite","@id":"https:\/\/genclercanta.com\/fr\/#website","url":"https:\/\/genclercanta.com\/fr\/","name":"Promosyon \u00c7anta imalat\u0131, \u00dcretimi, \u00c7anta imalat\u00e7\u0131s\u0131 \u00dcreticisi istanbul","description":"T\u00fcrkiyenin Toptan, Promosyon \u00c7anta \u0130malat\u00e7\u0131s\u0131","publisher":{"@id":"https:\/\/genclercanta.com\/fr\/#organization"},"alternateName":"Gen\u00e7ler \u00c7anta","potentialAction":[{"@type":"SearchAction","target":{"@type":"EntryPoint","urlTemplate":"https:\/\/genclercanta.com\/fr\/?s={search_term_string}"},"query-input":{"@type":"PropertyValueSpecification","valueRequired":true,"valueName":"search_term_string"}}],"inLanguage":"fr-FR"},{"@type":"Organization","@id":"https:\/\/genclercanta.com\/fr\/#organization","name":"Promosyon \u00c7anta imalat\u0131, \u00dcretimi, \u00c7anta imalat\u00e7\u0131s\u0131 \u00dcreticisi istanbul","alternateName":"Gen\u00e7ler \u00c7anta","url":"https:\/\/genclercanta.com\/fr\/","logo":{"@type":"ImageObject","inLanguage":"fr-FR","@id":"https:\/\/genclercanta.com\/fr\/#\/schema\/logo\/image\/","url":"https:\/\/genclercanta.com\/wp-content\/uploads\/2020\/10\/gencler-canta-logo.jpg","contentUrl":"https:\/\/genclercanta.com\/wp-content\/uploads\/2020\/10\/gencler-canta-logo.jpg","width":600,"height":133,"caption":"Promosyon \u00c7anta imalat\u0131, \u00dcretimi, \u00c7anta imalat\u00e7\u0131s\u0131 \u00dcreticisi istanbul"},"image":{"@id":"https:\/\/genclercanta.com\/fr\/#\/schema\/logo\/image\/"},"sameAs":["https:\/\/www.facebook.com\/GenclerCantacom\/","https:\/\/www.instagram.com\/genclercanta\/"]}]}},"_links":{"self":[{"href":"https:\/\/genclercanta.com\/fr\/wp-json\/wp\/v2\/product\/125618","targetHints":{"allow":["GET"]}}],"collection":[{"href":"https:\/\/genclercanta.com\/fr\/wp-json\/wp\/v2\/product"}],"about":[{"href":"https:\/\/genclercanta.com\/fr\/wp-json\/wp\/v2\/types\/product"}],"replies":[{"embeddable":true,"href":"https:\/\/genclercanta.com\/fr\/wp-json\/wp\/v2\/comments?post=125618"}],"wp:featuredmedia":[{"embeddable":true,"href":"https:\/\/genclercanta.com\/fr\/wp-json\/wp\/v2\/media\/97580"}],"wp:attachment":[{"href":"https:\/\/genclercanta.com\/fr\/wp-json\/wp\/v2\/media?parent=125618"}],"wp:term":[{"taxonomy":"product_brand","embeddable":true,"href":"https:\/\/genclercanta.com\/fr\/wp-json\/wp\/v2\/product_brand?post=125618"},{"taxonomy":"product_cat","embeddable":true,"href":"https:\/\/genclercanta.com\/fr\/wp-json\/wp\/v2\/product_cat?post=125618"},{"taxonomy":"product_tag","embeddable":true,"href":"https:\/\/genclercanta.com\/fr\/wp-json\/wp\/v2\/product_tag?post=125618"}],"curies":[{"name":"wp","href":"https:\/\/api.w.org\/{rel}","templated":true}]}}