{"id":122300,"date":"2024-08-13T09:49:58","date_gmt":"2024-08-13T09:49:58","guid":{"rendered":"https:\/\/genclercanta.com\/urunler\/%d1%81%d1%83%d0%bc%d0%ba%d0%b0-%d0%b4%d0%bb%d1%8f-%d0%b4%d0%b5%d1%82%d1%81%d0%ba%d0%be%d0%b3%d0%be-%d1%81%d0%b0%d0%b4%d0%b0-gnck-552\/"},"modified":"2024-08-13T09:49:58","modified_gmt":"2024-08-13T09:49:58","slug":"%d1%81%d1%83%d0%bc%d0%ba%d0%b0-%d0%b4%d0%bb%d1%8f-%d0%b4%d0%b5%d1%82%d1%81%d0%ba%d0%be%d0%b3%d0%be-%d1%81%d0%b0%d0%b4%d0%b0-gnck-552","status":"publish","type":"product","link":"https:\/\/genclercanta.com\/ru\/urunler\/%d1%81%d1%83%d0%bc%d0%ba%d0%b0-%d0%b4%d0%bb%d1%8f-%d0%b4%d0%b5%d1%82%d1%81%d0%ba%d0%be%d0%b3%d0%be-%d1%81%d0%b0%d0%b4%d0%b0-gnck-552\/","title":{"rendered":"\u0421\u0443\u043c\u043a\u0430 \u0434\u043b\u044f \u0434\u0435\u0442\u0441\u043a\u043e\u0433\u043e \u0441\u0430\u0434\u0430 GNCK 552"},"content":{"rendered":"<p>\u0410\u0440\u0442\u0438\u043a\u0443\u043b: GNCK 552<br \/>\n\u041d\u0430\u0437\u0432\u0430\u043d\u0438\u0435: \u0414\u0435\u0442\u0441\u043a\u0430\u044f \u0441\u0443\u043c\u043a\u0430 \u0434\u043b\u044f \u0434\u0435\u0442\u0441\u043a\u043e\u0433\u043e \u0441\u0430\u0434\u0430<br \/>\n\u041c\u0430\u0442\u0435\u0440\u0438\u0430\u043b: \u0432\u043e\u0434\u043e\u043d\u0435\u043f\u0440\u043e\u043d\u0438\u0446\u0430\u0435\u043c\u044b\u0439 \u043f\u043e\u043b\u0438\u044d\u0441\u0442\u0435\u0440<br \/>\n\u0420\u0430\u0437\u043c\u0435\u0440\u044b: 35 x 27 x 12 \u0441\u043c<br \/>\n\u0420\u0430\u0437\u043c\u0435\u0440 \u043a\u043e\u0440\u043e\u0431\u043a\u0438: 50 x 40 x 40 \u0441\u043c<br \/>\n\u041a\u043e\u043b\u0438\u0447\u0435\u0441\u0442\u0432\u043e \u0432 \u0443\u043f\u0430\u043a\u043e\u0432\u043a\u0435: \u0448\u0442.<br \/>\n\u0412\u0435\u0441: 100 \u0433\u0440\u0430\u043c\u043c<\/p>\n","protected":false},"excerpt":{"rendered":"<p>\u0421\u0443\u043c\u043a\u0430 \u0434\u043b\u044f \u0434\u0435\u0442\u0441\u043a\u043e\u0433\u043e \u0441\u0430\u0434\u0430 GNCK 552<\/p>\n","protected":false},"featured_media":116545,"comment_status":"open","ping_status":"closed","template":"","meta":[],"product_brand":[],"product_cat":[328],"product_tag":[848,963,962,842,843,844],"class_list":{"0":"post-122300","1":"product","2":"type-product","3":"status-publish","4":"has-post-thumbnail","6":"product_cat-328","7":"product_tag-o-","8":"product_tag-963","9":"product_tag-962","10":"product_tag-842","11":"product_tag---ru","12":"product_tag-844","14":"first","15":"instock","16":"shipping-taxable","17":"product-type-simple"},"yoast_head":"<!-- This site is optimized with the Yoast SEO plugin v26.3 - https:\/\/yoast.com\/wordpress\/plugins\/seo\/ -->\n<title>\u0421\u0443\u043c\u043a\u0430 \u0434\u043b\u044f \u0434\u0435\u0442\u0441\u043a\u043e\u0433\u043e \u0441\u0430\u0434\u0430 GNCK 552 - Promosyon \u00c7anta imalat\u0131, \u00dcretimi, \u00c7anta imalat\u00e7\u0131s\u0131 \u00dcreticisi istanbul<\/title>\n<meta name=\"description\" content=\"\u0421\u0443\u043c\u043a\u0430 \u0434\u043b\u044f \u0434\u0435\u0442\u0441\u043a\u043e\u0433\u043e \u0441\u0430\u0434\u0430 GNCK 552\" \/>\n<meta name=\"robots\" content=\"index, follow, max-snippet:-1, max-image-preview:large, max-video-preview:-1\" \/>\n<link rel=\"canonical\" href=\"https:\/\/genclercanta.com\/ru\/urunler\/%d1%81%d1%83%d0%bc%d0%ba%d0%b0-%d0%b4%d0%bb%d1%8f-%d0%b4%d0%b5%d1%82%d1%81%d0%ba%d0%be%d0%b3%d0%be-%d1%81%d0%b0%d0%b4%d0%b0-gnck-552\/\" \/>\n<meta property=\"og:locale\" content=\"ru_RU\" \/>\n<meta property=\"og:type\" content=\"article\" \/>\n<meta property=\"og:title\" content=\"\u0421\u0443\u043c\u043a\u0430 \u0434\u043b\u044f \u0434\u0435\u0442\u0441\u043a\u043e\u0433\u043e \u0441\u0430\u0434\u0430 GNCK 552 - Promosyon \u00c7anta imalat\u0131, \u00dcretimi, \u00c7anta imalat\u00e7\u0131s\u0131 \u00dcreticisi istanbul\" \/>\n<meta property=\"og:description\" content=\"\u0421\u0443\u043c\u043a\u0430 \u0434\u043b\u044f \u0434\u0435\u0442\u0441\u043a\u043e\u0433\u043e \u0441\u0430\u0434\u0430 GNCK 552\" \/>\n<meta property=\"og:url\" content=\"https:\/\/genclercanta.com\/ru\/urunler\/%d1%81%d1%83%d0%bc%d0%ba%d0%b0-%d0%b4%d0%bb%d1%8f-%d0%b4%d0%b5%d1%82%d1%81%d0%ba%d0%be%d0%b3%d0%be-%d1%81%d0%b0%d0%b4%d0%b0-gnck-552\/\" \/>\n<meta property=\"og:site_name\" content=\"Promosyon \u00c7anta imalat\u0131, \u00dcretimi, \u00c7anta imalat\u00e7\u0131s\u0131 \u00dcreticisi istanbul\" \/>\n<meta property=\"article:publisher\" content=\"https:\/\/www.facebook.com\/GenclerCantacom\/\" \/>\n<meta property=\"og:image\" content=\"https:\/\/genclercanta.com\/wp-content\/uploads\/2024\/08\/Adsiz-tasarim-41.png\" \/>\n\t<meta property=\"og:image:width\" content=\"400\" \/>\n\t<meta property=\"og:image:height\" content=\"300\" \/>\n\t<meta property=\"og:image:type\" content=\"image\/png\" \/>\n<script type=\"application\/ld+json\" class=\"yoast-schema-graph\">{\"@context\":\"https:\/\/schema.org\",\"@graph\":[{\"@type\":\"WebPage\",\"@id\":\"https:\/\/genclercanta.com\/ru\/urunler\/%d1%81%d1%83%d0%bc%d0%ba%d0%b0-%d0%b4%d0%bb%d1%8f-%d0%b4%d0%b5%d1%82%d1%81%d0%ba%d0%be%d0%b3%d0%be-%d1%81%d0%b0%d0%b4%d0%b0-gnck-552\/\",\"url\":\"https:\/\/genclercanta.com\/ru\/urunler\/%d1%81%d1%83%d0%bc%d0%ba%d0%b0-%d0%b4%d0%bb%d1%8f-%d0%b4%d0%b5%d1%82%d1%81%d0%ba%d0%be%d0%b3%d0%be-%d1%81%d0%b0%d0%b4%d0%b0-gnck-552\/\",\"name\":\"\u0421\u0443\u043c\u043a\u0430 \u0434\u043b\u044f \u0434\u0435\u0442\u0441\u043a\u043e\u0433\u043e \u0441\u0430\u0434\u0430 GNCK 552 - Promosyon \u00c7anta imalat\u0131, \u00dcretimi, \u00c7anta imalat\u00e7\u0131s\u0131 \u00dcreticisi istanbul\",\"isPartOf\":{\"@id\":\"https:\/\/genclercanta.com\/ru\/#website\"},\"primaryImageOfPage\":{\"@id\":\"https:\/\/genclercanta.com\/ru\/urunler\/%d1%81%d1%83%d0%bc%d0%ba%d0%b0-%d0%b4%d0%bb%d1%8f-%d0%b4%d0%b5%d1%82%d1%81%d0%ba%d0%be%d0%b3%d0%be-%d1%81%d0%b0%d0%b4%d0%b0-gnck-552\/#primaryimage\"},\"image\":{\"@id\":\"https:\/\/genclercanta.com\/ru\/urunler\/%d1%81%d1%83%d0%bc%d0%ba%d0%b0-%d0%b4%d0%bb%d1%8f-%d0%b4%d0%b5%d1%82%d1%81%d0%ba%d0%be%d0%b3%d0%be-%d1%81%d0%b0%d0%b4%d0%b0-gnck-552\/#primaryimage\"},\"thumbnailUrl\":\"https:\/\/genclercanta.com\/wp-content\/uploads\/2024\/08\/Adsiz-tasarim-41.png\",\"datePublished\":\"2024-08-13T09:49:58+00:00\",\"description\":\"\u0421\u0443\u043c\u043a\u0430 \u0434\u043b\u044f \u0434\u0435\u0442\u0441\u043a\u043e\u0433\u043e \u0441\u0430\u0434\u0430 GNCK 552\",\"breadcrumb\":{\"@id\":\"https:\/\/genclercanta.com\/ru\/urunler\/%d1%81%d1%83%d0%bc%d0%ba%d0%b0-%d0%b4%d0%bb%d1%8f-%d0%b4%d0%b5%d1%82%d1%81%d0%ba%d0%be%d0%b3%d0%be-%d1%81%d0%b0%d0%b4%d0%b0-gnck-552\/#breadcrumb\"},\"inLanguage\":\"ru-RU\",\"potentialAction\":[{\"@type\":\"ReadAction\",\"target\":[\"https:\/\/genclercanta.com\/ru\/urunler\/%d1%81%d1%83%d0%bc%d0%ba%d0%b0-%d0%b4%d0%bb%d1%8f-%d0%b4%d0%b5%d1%82%d1%81%d0%ba%d0%be%d0%b3%d0%be-%d1%81%d0%b0%d0%b4%d0%b0-gnck-552\/\"]}]},{\"@type\":\"ImageObject\",\"inLanguage\":\"ru-RU\",\"@id\":\"https:\/\/genclercanta.com\/ru\/urunler\/%d1%81%d1%83%d0%bc%d0%ba%d0%b0-%d0%b4%d0%bb%d1%8f-%d0%b4%d0%b5%d1%82%d1%81%d0%ba%d0%be%d0%b3%d0%be-%d1%81%d0%b0%d0%b4%d0%b0-gnck-552\/#primaryimage\",\"url\":\"https:\/\/genclercanta.com\/wp-content\/uploads\/2024\/08\/Adsiz-tasarim-41.png\",\"contentUrl\":\"https:\/\/genclercanta.com\/wp-content\/uploads\/2024\/08\/Adsiz-tasarim-41.png\",\"width\":400,\"height\":300,\"caption\":\"TOPTAN ANAOKULU KRE\u015e \u00c7ANTASI MODELLER\u0130\"},{\"@type\":\"BreadcrumbList\",\"@id\":\"https:\/\/genclercanta.com\/ru\/urunler\/%d1%81%d1%83%d0%bc%d0%ba%d0%b0-%d0%b4%d0%bb%d1%8f-%d0%b4%d0%b5%d1%82%d1%81%d0%ba%d0%be%d0%b3%d0%be-%d1%81%d0%b0%d0%b4%d0%b0-gnck-552\/#breadcrumb\",\"itemListElement\":[{\"@type\":\"ListItem\",\"position\":1,\"name\":\"Ana sayfa\",\"item\":\"https:\/\/genclercanta.com\/ru\/%d0%b3%d0%bb%d0%b0%d0%b2%d0%bd%d0%b0%d1%8f-%d1%81%d1%82%d1%80%d0%b0%d0%bd%d0%b8%d1%86%d0%b0\/\"},{\"@type\":\"ListItem\",\"position\":2,\"name\":\"\u041c\u0430\u0433\u0430\u0437\u0438\u043d\",\"item\":\"https:\/\/genclercanta.com\/ru\/%d0%bc%d0%b0%d0%b3%d0%b0%d0%b7%d0%b8%d0%bd\/\"},{\"@type\":\"ListItem\",\"position\":3,\"name\":\"\u0421\u0443\u043c\u043a\u0430 \u0434\u043b\u044f \u0434\u0435\u0442\u0441\u043a\u043e\u0433\u043e \u0441\u0430\u0434\u0430 GNCK 552\"}]},{\"@type\":\"WebSite\",\"@id\":\"https:\/\/genclercanta.com\/ru\/#website\",\"url\":\"https:\/\/genclercanta.com\/ru\/\",\"name\":\"Promosyon \u00c7anta imalat\u0131, \u00dcretimi, \u00c7anta imalat\u00e7\u0131s\u0131 \u00dcreticisi istanbul\",\"description\":\"T\u00fcrkiyenin Toptan, Promosyon \u00c7anta \u0130malat\u00e7\u0131s\u0131\",\"publisher\":{\"@id\":\"https:\/\/genclercanta.com\/ru\/#organization\"},\"alternateName\":\"Gen\u00e7ler \u00c7anta\",\"potentialAction\":[{\"@type\":\"SearchAction\",\"target\":{\"@type\":\"EntryPoint\",\"urlTemplate\":\"https:\/\/genclercanta.com\/ru\/?s={search_term_string}\"},\"query-input\":{\"@type\":\"PropertyValueSpecification\",\"valueRequired\":true,\"valueName\":\"search_term_string\"}}],\"inLanguage\":\"ru-RU\"},{\"@type\":\"Organization\",\"@id\":\"https:\/\/genclercanta.com\/ru\/#organization\",\"name\":\"Promosyon \u00c7anta imalat\u0131, \u00dcretimi, \u00c7anta imalat\u00e7\u0131s\u0131 \u00dcreticisi istanbul\",\"alternateName\":\"Gen\u00e7ler \u00c7anta\",\"url\":\"https:\/\/genclercanta.com\/ru\/\",\"logo\":{\"@type\":\"ImageObject\",\"inLanguage\":\"ru-RU\",\"@id\":\"https:\/\/genclercanta.com\/ru\/#\/schema\/logo\/image\/\",\"url\":\"https:\/\/genclercanta.com\/wp-content\/uploads\/2020\/10\/gencler-canta-logo.jpg\",\"contentUrl\":\"https:\/\/genclercanta.com\/wp-content\/uploads\/2020\/10\/gencler-canta-logo.jpg\",\"width\":600,\"height\":133,\"caption\":\"Promosyon \u00c7anta imalat\u0131, \u00dcretimi, \u00c7anta imalat\u00e7\u0131s\u0131 \u00dcreticisi istanbul\"},\"image\":{\"@id\":\"https:\/\/genclercanta.com\/ru\/#\/schema\/logo\/image\/\"},\"sameAs\":[\"https:\/\/www.facebook.com\/GenclerCantacom\/\",\"https:\/\/www.instagram.com\/genclercanta\/\"]}]}<\/script>\n<!-- \/ Yoast SEO plugin. -->","yoast_head_json":{"title":"\u0421\u0443\u043c\u043a\u0430 \u0434\u043b\u044f \u0434\u0435\u0442\u0441\u043a\u043e\u0433\u043e \u0441\u0430\u0434\u0430 GNCK 552 - Promosyon \u00c7anta imalat\u0131, \u00dcretimi, \u00c7anta imalat\u00e7\u0131s\u0131 \u00dcreticisi istanbul","description":"\u0421\u0443\u043c\u043a\u0430 \u0434\u043b\u044f \u0434\u0435\u0442\u0441\u043a\u043e\u0433\u043e \u0441\u0430\u0434\u0430 GNCK 552","robots":{"index":"index","follow":"follow","max-snippet":"max-snippet:-1","max-image-preview":"max-image-preview:large","max-video-preview":"max-video-preview:-1"},"canonical":"https:\/\/genclercanta.com\/ru\/urunler\/%d1%81%d1%83%d0%bc%d0%ba%d0%b0-%d0%b4%d0%bb%d1%8f-%d0%b4%d0%b5%d1%82%d1%81%d0%ba%d0%be%d0%b3%d0%be-%d1%81%d0%b0%d0%b4%d0%b0-gnck-552\/","og_locale":"ru_RU","og_type":"article","og_title":"\u0421\u0443\u043c\u043a\u0430 \u0434\u043b\u044f \u0434\u0435\u0442\u0441\u043a\u043e\u0433\u043e \u0441\u0430\u0434\u0430 GNCK 552 - Promosyon \u00c7anta imalat\u0131, \u00dcretimi, \u00c7anta imalat\u00e7\u0131s\u0131 \u00dcreticisi istanbul","og_description":"\u0421\u0443\u043c\u043a\u0430 \u0434\u043b\u044f \u0434\u0435\u0442\u0441\u043a\u043e\u0433\u043e \u0441\u0430\u0434\u0430 GNCK 552","og_url":"https:\/\/genclercanta.com\/ru\/urunler\/%d1%81%d1%83%d0%bc%d0%ba%d0%b0-%d0%b4%d0%bb%d1%8f-%d0%b4%d0%b5%d1%82%d1%81%d0%ba%d0%be%d0%b3%d0%be-%d1%81%d0%b0%d0%b4%d0%b0-gnck-552\/","og_site_name":"Promosyon \u00c7anta imalat\u0131, \u00dcretimi, \u00c7anta imalat\u00e7\u0131s\u0131 \u00dcreticisi istanbul","article_publisher":"https:\/\/www.facebook.com\/GenclerCantacom\/","og_image":[{"width":400,"height":300,"url":"https:\/\/genclercanta.com\/wp-content\/uploads\/2024\/08\/Adsiz-tasarim-41.png","type":"image\/png"}],"schema":{"@context":"https:\/\/schema.org","@graph":[{"@type":"WebPage","@id":"https:\/\/genclercanta.com\/ru\/urunler\/%d1%81%d1%83%d0%bc%d0%ba%d0%b0-%d0%b4%d0%bb%d1%8f-%d0%b4%d0%b5%d1%82%d1%81%d0%ba%d0%be%d0%b3%d0%be-%d1%81%d0%b0%d0%b4%d0%b0-gnck-552\/","url":"https:\/\/genclercanta.com\/ru\/urunler\/%d1%81%d1%83%d0%bc%d0%ba%d0%b0-%d0%b4%d0%bb%d1%8f-%d0%b4%d0%b5%d1%82%d1%81%d0%ba%d0%be%d0%b3%d0%be-%d1%81%d0%b0%d0%b4%d0%b0-gnck-552\/","name":"\u0421\u0443\u043c\u043a\u0430 \u0434\u043b\u044f \u0434\u0435\u0442\u0441\u043a\u043e\u0433\u043e \u0441\u0430\u0434\u0430 GNCK 552 - Promosyon \u00c7anta imalat\u0131, \u00dcretimi, \u00c7anta imalat\u00e7\u0131s\u0131 \u00dcreticisi istanbul","isPartOf":{"@id":"https:\/\/genclercanta.com\/ru\/#website"},"primaryImageOfPage":{"@id":"https:\/\/genclercanta.com\/ru\/urunler\/%d1%81%d1%83%d0%bc%d0%ba%d0%b0-%d0%b4%d0%bb%d1%8f-%d0%b4%d0%b5%d1%82%d1%81%d0%ba%d0%be%d0%b3%d0%be-%d1%81%d0%b0%d0%b4%d0%b0-gnck-552\/#primaryimage"},"image":{"@id":"https:\/\/genclercanta.com\/ru\/urunler\/%d1%81%d1%83%d0%bc%d0%ba%d0%b0-%d0%b4%d0%bb%d1%8f-%d0%b4%d0%b5%d1%82%d1%81%d0%ba%d0%be%d0%b3%d0%be-%d1%81%d0%b0%d0%b4%d0%b0-gnck-552\/#primaryimage"},"thumbnailUrl":"https:\/\/genclercanta.com\/wp-content\/uploads\/2024\/08\/Adsiz-tasarim-41.png","datePublished":"2024-08-13T09:49:58+00:00","description":"\u0421\u0443\u043c\u043a\u0430 \u0434\u043b\u044f \u0434\u0435\u0442\u0441\u043a\u043e\u0433\u043e \u0441\u0430\u0434\u0430 GNCK 552","breadcrumb":{"@id":"https:\/\/genclercanta.com\/ru\/urunler\/%d1%81%d1%83%d0%bc%d0%ba%d0%b0-%d0%b4%d0%bb%d1%8f-%d0%b4%d0%b5%d1%82%d1%81%d0%ba%d0%be%d0%b3%d0%be-%d1%81%d0%b0%d0%b4%d0%b0-gnck-552\/#breadcrumb"},"inLanguage":"ru-RU","potentialAction":[{"@type":"ReadAction","target":["https:\/\/genclercanta.com\/ru\/urunler\/%d1%81%d1%83%d0%bc%d0%ba%d0%b0-%d0%b4%d0%bb%d1%8f-%d0%b4%d0%b5%d1%82%d1%81%d0%ba%d0%be%d0%b3%d0%be-%d1%81%d0%b0%d0%b4%d0%b0-gnck-552\/"]}]},{"@type":"ImageObject","inLanguage":"ru-RU","@id":"https:\/\/genclercanta.com\/ru\/urunler\/%d1%81%d1%83%d0%bc%d0%ba%d0%b0-%d0%b4%d0%bb%d1%8f-%d0%b4%d0%b5%d1%82%d1%81%d0%ba%d0%be%d0%b3%d0%be-%d1%81%d0%b0%d0%b4%d0%b0-gnck-552\/#primaryimage","url":"https:\/\/genclercanta.com\/wp-content\/uploads\/2024\/08\/Adsiz-tasarim-41.png","contentUrl":"https:\/\/genclercanta.com\/wp-content\/uploads\/2024\/08\/Adsiz-tasarim-41.png","width":400,"height":300,"caption":"TOPTAN ANAOKULU KRE\u015e \u00c7ANTASI MODELLER\u0130"},{"@type":"BreadcrumbList","@id":"https:\/\/genclercanta.com\/ru\/urunler\/%d1%81%d1%83%d0%bc%d0%ba%d0%b0-%d0%b4%d0%bb%d1%8f-%d0%b4%d0%b5%d1%82%d1%81%d0%ba%d0%be%d0%b3%d0%be-%d1%81%d0%b0%d0%b4%d0%b0-gnck-552\/#breadcrumb","itemListElement":[{"@type":"ListItem","position":1,"name":"Ana sayfa","item":"https:\/\/genclercanta.com\/ru\/%d0%b3%d0%bb%d0%b0%d0%b2%d0%bd%d0%b0%d1%8f-%d1%81%d1%82%d1%80%d0%b0%d0%bd%d0%b8%d1%86%d0%b0\/"},{"@type":"ListItem","position":2,"name":"\u041c\u0430\u0433\u0430\u0437\u0438\u043d","item":"https:\/\/genclercanta.com\/ru\/%d0%bc%d0%b0%d0%b3%d0%b0%d0%b7%d0%b8%d0%bd\/"},{"@type":"ListItem","position":3,"name":"\u0421\u0443\u043c\u043a\u0430 \u0434\u043b\u044f \u0434\u0435\u0442\u0441\u043a\u043e\u0433\u043e \u0441\u0430\u0434\u0430 GNCK 552"}]},{"@type":"WebSite","@id":"https:\/\/genclercanta.com\/ru\/#website","url":"https:\/\/genclercanta.com\/ru\/","name":"Promosyon \u00c7anta imalat\u0131, \u00dcretimi, \u00c7anta imalat\u00e7\u0131s\u0131 \u00dcreticisi istanbul","description":"T\u00fcrkiyenin Toptan, Promosyon \u00c7anta \u0130malat\u00e7\u0131s\u0131","publisher":{"@id":"https:\/\/genclercanta.com\/ru\/#organization"},"alternateName":"Gen\u00e7ler \u00c7anta","potentialAction":[{"@type":"SearchAction","target":{"@type":"EntryPoint","urlTemplate":"https:\/\/genclercanta.com\/ru\/?s={search_term_string}"},"query-input":{"@type":"PropertyValueSpecification","valueRequired":true,"valueName":"search_term_string"}}],"inLanguage":"ru-RU"},{"@type":"Organization","@id":"https:\/\/genclercanta.com\/ru\/#organization","name":"Promosyon \u00c7anta imalat\u0131, \u00dcretimi, \u00c7anta imalat\u00e7\u0131s\u0131 \u00dcreticisi istanbul","alternateName":"Gen\u00e7ler \u00c7anta","url":"https:\/\/genclercanta.com\/ru\/","logo":{"@type":"ImageObject","inLanguage":"ru-RU","@id":"https:\/\/genclercanta.com\/ru\/#\/schema\/logo\/image\/","url":"https:\/\/genclercanta.com\/wp-content\/uploads\/2020\/10\/gencler-canta-logo.jpg","contentUrl":"https:\/\/genclercanta.com\/wp-content\/uploads\/2020\/10\/gencler-canta-logo.jpg","width":600,"height":133,"caption":"Promosyon \u00c7anta imalat\u0131, \u00dcretimi, \u00c7anta imalat\u00e7\u0131s\u0131 \u00dcreticisi istanbul"},"image":{"@id":"https:\/\/genclercanta.com\/ru\/#\/schema\/logo\/image\/"},"sameAs":["https:\/\/www.facebook.com\/GenclerCantacom\/","https:\/\/www.instagram.com\/genclercanta\/"]}]}},"_links":{"self":[{"href":"https:\/\/genclercanta.com\/ru\/wp-json\/wp\/v2\/product\/122300","targetHints":{"allow":["GET"]}}],"collection":[{"href":"https:\/\/genclercanta.com\/ru\/wp-json\/wp\/v2\/product"}],"about":[{"href":"https:\/\/genclercanta.com\/ru\/wp-json\/wp\/v2\/types\/product"}],"replies":[{"embeddable":true,"href":"https:\/\/genclercanta.com\/ru\/wp-json\/wp\/v2\/comments?post=122300"}],"wp:featuredmedia":[{"embeddable":true,"href":"https:\/\/genclercanta.com\/ru\/wp-json\/wp\/v2\/media\/116545"}],"wp:attachment":[{"href":"https:\/\/genclercanta.com\/ru\/wp-json\/wp\/v2\/media?parent=122300"}],"wp:term":[{"taxonomy":"product_brand","embeddable":true,"href":"https:\/\/genclercanta.com\/ru\/wp-json\/wp\/v2\/product_brand?post=122300"},{"taxonomy":"product_cat","embeddable":true,"href":"https:\/\/genclercanta.com\/ru\/wp-json\/wp\/v2\/product_cat?post=122300"},{"taxonomy":"product_tag","embeddable":true,"href":"https:\/\/genclercanta.com\/ru\/wp-json\/wp\/v2\/product_tag?post=122300"}],"curies":[{"name":"wp","href":"https:\/\/api.w.org\/{rel}","templated":true}]}}