{"id":125554,"date":"2020-10-20T22:20:36","date_gmt":"2020-10-20T22:20:36","guid":{"rendered":"https:\/\/genclercanta.com\/urunler\/%d1%81%d1%83%d0%bc%d0%ba%d0%b0-%d0%b4%d0%bb%d1%8f-%d0%bc%d0%b0%d0%bc%d1%8b-%d0%b8-%d0%bc%d0%b0%d0%bb%d1%8b%d1%88%d0%b0-fudela-%d1%81-%d0%ba%d1%80%d0%b0%d1%81%d0%be%d1%87%d0%bd%d1%8b%d0%bc-%d1%83%d0%b7\/"},"modified":"2020-10-20T22:20:36","modified_gmt":"2020-10-20T22:20:36","slug":"%d1%81%d1%83%d0%bc%d0%ba%d0%b0-%d0%b4%d0%bb%d1%8f-%d0%bc%d0%b0%d0%bc%d1%8b-%d0%b8-%d0%bc%d0%b0%d0%bb%d1%8b%d1%88%d0%b0-fudela-%d1%81-%d0%ba%d1%80%d0%b0%d1%81%d0%be%d1%87%d0%bd%d1%8b%d0%bc-%d1%83%d0%b7","status":"publish","type":"product","link":"https:\/\/genclercanta.com\/ru\/urunler\/%d1%81%d1%83%d0%bc%d0%ba%d0%b0-%d0%b4%d0%bb%d1%8f-%d0%bc%d0%b0%d0%bc%d1%8b-%d0%b8-%d0%bc%d0%b0%d0%bb%d1%8b%d1%88%d0%b0-fudela-%d1%81-%d0%ba%d1%80%d0%b0%d1%81%d0%be%d1%87%d0%bd%d1%8b%d0%bc-%d1%83%d0%b7\/","title":{"rendered":"\u0421\u0443\u043c\u043a\u0430 \u0434\u043b\u044f \u043c\u0430\u043c\u044b \u0438 \u043c\u0430\u043b\u044b\u0448\u0430 Fudela \u0441 \u043a\u0440\u0430\u0441\u043e\u0447\u043d\u044b\u043c \u0443\u0437\u043e\u0440\u043e\u043c"},"content":{"rendered":"<p>\u2022 \u0412\u044b\u0441\u043e\u0442\u0430: 27 \u0441\u043c, \u0448\u0438\u0440\u0438\u043d\u0430: 23 \u0441\u043c, \u0433\u043b\u0443\u0431\u0438\u043d\u0430: 18 \u0441\u043c<br \/>\n\u2022 \u0421\u043e\u0441\u0442\u043e\u0438\u0442 \u0438\u0437 \u0442\u0440\u0451\u0445 \u043e\u0442\u0434\u0435\u043b\u0435\u043d\u0438\u0439.<br \/>\n\u2022 \u0417\u0430\u0441\u0442\u0451\u0436\u043a\u0430-\u043c\u043e\u043b\u043d\u0438\u044f \u0432\u044b\u043f\u043e\u043b\u043d\u0435\u043d\u0430 \u0438\u0437 \u0431\u043b\u0435\u0441\u0442\u044f\u0449\u0435\u0433\u043e \u0437\u043e\u043b\u043e\u0442\u0430.<br \/>\n\u2022 \u0420\u0435\u0433\u0443\u043b\u0438\u0440\u0443\u0435\u043c\u044b\u0439 \u0441\u044a\u0451\u043c\u043d\u044b\u0439 \u0440\u0435\u043c\u0435\u043d\u044c.<br \/>\n\u2022 \u0418\u0437\u0433\u043e\u0442\u043e\u0432\u043b\u0435\u043d \u0438\u0437 \u043f\u043e\u043b\u0438\u044d\u0441\u0442\u0435\u0440\u0430.<br \/>\n\u2022 \u041c\u043e\u0436\u043d\u043e \u0438\u0441\u043f\u043e\u043b\u044c\u0437\u043e\u0432\u0430\u0442\u044c \u043a\u0430\u043a \u0440\u044e\u043a\u0437\u0430\u043a.<br \/>\n\u2022 \u0421\u043d\u0430\u0440\u0443\u0436\u0438 \u0438\u043c\u0435\u0435\u0442\u0441\u044f \u0441\u043f\u0435\u0446\u0438\u0430\u043b\u044c\u043d\u044b\u0439 \u0430\u043b\u044e\u043c\u0438\u043d\u0438\u0435\u0432\u044b\u0439 \u0442\u0435\u0440\u043c\u043e\u043e\u0442\u0434\u0435\u043b\u0438\u0442\u0435\u043b\u044c \u0438 \u0441\u0435\u0442\u0447\u0430\u0442\u044b\u0439 \u043e\u0442\u0441\u0435\u043a \u0432\u043d\u0438\u0437\u0443.<br \/>\n\u2022 \u0412\u043d\u0443\u0442\u0440\u0438 \u0441\u0443\u043c\u043a\u0438 \u0434\u0432\u0430 \u0442\u0435\u0440\u043c\u043e\u043e\u0442\u0434\u0435\u043b\u0438\u0442\u0435\u043b\u044f, \u0434\u0432\u0430 \u0441\u0435\u0442\u0447\u0430\u0442\u044b\u0445 \u043e\u0442\u0441\u0435\u043a\u0430 \u0438 \u043e\u0434\u0438\u043d \u043a\u0430\u0440\u043c\u0430\u043d.<br \/>\n\u2022 \u041d\u0435 \u0441\u043e\u0434\u0435\u0440\u0436\u0438\u0442 \u043a\u0430\u043d\u0446\u0435\u0440\u043e\u0433\u0435\u043d\u043d\u044b\u0445 \u0432\u0435\u0449\u0435\u0441\u0442\u0432.<\/p>\n","protected":false},"excerpt":{"rendered":"<p>\u0421\u0443\u043c\u043a\u0430 \u0434\u043b\u044f \u043c\u0430\u043c\u044b \u0438 \u043c\u0430\u043b\u044b\u0448\u0430 Fudela \u0441 \u043a\u0440\u0430\u0441\u043e\u0447\u043d\u044b\u043c \u0443\u0437\u043e\u0440\u043e\u043c<\/p>\n","protected":false},"featured_media":69401,"comment_status":"closed","ping_status":"closed","template":"","meta":[],"product_brand":[],"product_cat":[371],"product_tag":[915,914,913,756,912],"class_list":{"0":"post-125554","1":"product","2":"type-product","3":"status-publish","4":"has-post-thumbnail","6":"product_cat-371","7":"product_tag-915","8":"product_tag-914","9":"product_tag-913","10":"product_tag-756","11":"product_tag-912","13":"first","14":"instock","15":"shipping-taxable","16":"purchasable","17":"product-type-simple"},"yoast_head":"<!-- This site is optimized with the Yoast SEO plugin v26.3 - https:\/\/yoast.com\/wordpress\/plugins\/seo\/ -->\n<title>\u0421\u0443\u043c\u043a\u0430 \u0434\u043b\u044f \u043c\u0430\u043c\u044b \u0438 \u043c\u0430\u043b\u044b\u0448\u0430 Fudela \u0441 \u043a\u0440\u0430\u0441\u043e\u0447\u043d\u044b\u043c \u0443\u0437\u043e\u0440\u043e\u043c - Promosyon \u00c7anta imalat\u0131, \u00dcretimi, \u00c7anta imalat\u00e7\u0131s\u0131 \u00dcreticisi istanbul<\/title>\n<meta name=\"description\" content=\"\u0421\u0443\u043c\u043a\u0430 \u0434\u043b\u044f \u043c\u0430\u043c\u044b \u0438 \u043c\u0430\u043b\u044b\u0448\u0430 Fudela \u0441 \u043a\u0440\u0430\u0441\u043e\u0447\u043d\u044b\u043c \u0443\u0437\u043e\u0440\u043e\u043c\" \/>\n<meta name=\"robots\" content=\"index, follow, max-snippet:-1, max-image-preview:large, max-video-preview:-1\" \/>\n<link rel=\"canonical\" href=\"https:\/\/genclercanta.com\/ru\/urunler\/%d1%81%d1%83%d0%bc%d0%ba%d0%b0-%d0%b4%d0%bb%d1%8f-%d0%bc%d0%b0%d0%bc%d1%8b-%d0%b8-%d0%bc%d0%b0%d0%bb%d1%8b%d1%88%d0%b0-fudela-%d1%81-%d0%ba%d1%80%d0%b0%d1%81%d0%be%d1%87%d0%bd%d1%8b%d0%bc-%d1%83%d0%b7\/\" \/>\n<meta property=\"og:locale\" content=\"ru_RU\" \/>\n<meta property=\"og:type\" content=\"article\" \/>\n<meta property=\"og:title\" content=\"\u0421\u0443\u043c\u043a\u0430 \u0434\u043b\u044f \u043c\u0430\u043c\u044b \u0438 \u043c\u0430\u043b\u044b\u0448\u0430 Fudela \u0441 \u043a\u0440\u0430\u0441\u043e\u0447\u043d\u044b\u043c \u0443\u0437\u043e\u0440\u043e\u043c - Promosyon \u00c7anta imalat\u0131, \u00dcretimi, \u00c7anta imalat\u00e7\u0131s\u0131 \u00dcreticisi istanbul\" \/>\n<meta property=\"og:description\" content=\"\u0421\u0443\u043c\u043a\u0430 \u0434\u043b\u044f \u043c\u0430\u043c\u044b \u0438 \u043c\u0430\u043b\u044b\u0448\u0430 Fudela \u0441 \u043a\u0440\u0430\u0441\u043e\u0447\u043d\u044b\u043c \u0443\u0437\u043e\u0440\u043e\u043c\" \/>\n<meta property=\"og:url\" content=\"https:\/\/genclercanta.com\/ru\/urunler\/%d1%81%d1%83%d0%bc%d0%ba%d0%b0-%d0%b4%d0%bb%d1%8f-%d0%bc%d0%b0%d0%bc%d1%8b-%d0%b8-%d0%bc%d0%b0%d0%bb%d1%8b%d1%88%d0%b0-fudela-%d1%81-%d0%ba%d1%80%d0%b0%d1%81%d0%be%d1%87%d0%bd%d1%8b%d0%bc-%d1%83%d0%b7\/\" \/>\n<meta property=\"og:site_name\" content=\"Promosyon \u00c7anta imalat\u0131, \u00dcretimi, \u00c7anta imalat\u00e7\u0131s\u0131 \u00dcreticisi istanbul\" \/>\n<meta property=\"article:publisher\" content=\"https:\/\/www.facebook.com\/GenclerCantacom\/\" \/>\n<meta property=\"og:image\" content=\"https:\/\/genclercanta.com\/wp-content\/uploads\/2020\/10\/GNCY500445608-5-1.jpg\" \/>\n\t<meta property=\"og:image:width\" content=\"1500\" \/>\n\t<meta property=\"og:image:height\" content=\"1250\" \/>\n\t<meta property=\"og:image:type\" content=\"image\/jpeg\" \/>\n<script type=\"application\/ld+json\" class=\"yoast-schema-graph\">{\"@context\":\"https:\/\/schema.org\",\"@graph\":[{\"@type\":\"WebPage\",\"@id\":\"https:\/\/genclercanta.com\/ru\/urunler\/%d1%81%d1%83%d0%bc%d0%ba%d0%b0-%d0%b4%d0%bb%d1%8f-%d0%bc%d0%b0%d0%bc%d1%8b-%d0%b8-%d0%bc%d0%b0%d0%bb%d1%8b%d1%88%d0%b0-fudela-%d1%81-%d0%ba%d1%80%d0%b0%d1%81%d0%be%d1%87%d0%bd%d1%8b%d0%bc-%d1%83%d0%b7\/\",\"url\":\"https:\/\/genclercanta.com\/ru\/urunler\/%d1%81%d1%83%d0%bc%d0%ba%d0%b0-%d0%b4%d0%bb%d1%8f-%d0%bc%d0%b0%d0%bc%d1%8b-%d0%b8-%d0%bc%d0%b0%d0%bb%d1%8b%d1%88%d0%b0-fudela-%d1%81-%d0%ba%d1%80%d0%b0%d1%81%d0%be%d1%87%d0%bd%d1%8b%d0%bc-%d1%83%d0%b7\/\",\"name\":\"\u0421\u0443\u043c\u043a\u0430 \u0434\u043b\u044f \u043c\u0430\u043c\u044b \u0438 \u043c\u0430\u043b\u044b\u0448\u0430 Fudela \u0441 \u043a\u0440\u0430\u0441\u043e\u0447\u043d\u044b\u043c \u0443\u0437\u043e\u0440\u043e\u043c - Promosyon \u00c7anta imalat\u0131, \u00dcretimi, \u00c7anta imalat\u00e7\u0131s\u0131 \u00dcreticisi istanbul\",\"isPartOf\":{\"@id\":\"https:\/\/genclercanta.com\/ru\/#website\"},\"primaryImageOfPage\":{\"@id\":\"https:\/\/genclercanta.com\/ru\/urunler\/%d1%81%d1%83%d0%bc%d0%ba%d0%b0-%d0%b4%d0%bb%d1%8f-%d0%bc%d0%b0%d0%bc%d1%8b-%d0%b8-%d0%bc%d0%b0%d0%bb%d1%8b%d1%88%d0%b0-fudela-%d1%81-%d0%ba%d1%80%d0%b0%d1%81%d0%be%d1%87%d0%bd%d1%8b%d0%bc-%d1%83%d0%b7\/#primaryimage\"},\"image\":{\"@id\":\"https:\/\/genclercanta.com\/ru\/urunler\/%d1%81%d1%83%d0%bc%d0%ba%d0%b0-%d0%b4%d0%bb%d1%8f-%d0%bc%d0%b0%d0%bc%d1%8b-%d0%b8-%d0%bc%d0%b0%d0%bb%d1%8b%d1%88%d0%b0-fudela-%d1%81-%d0%ba%d1%80%d0%b0%d1%81%d0%be%d1%87%d0%bd%d1%8b%d0%bc-%d1%83%d0%b7\/#primaryimage\"},\"thumbnailUrl\":\"https:\/\/genclercanta.com\/wp-content\/uploads\/2020\/10\/GNCY500445608-5-1.jpg\",\"datePublished\":\"2020-10-20T22:20:36+00:00\",\"description\":\"\u0421\u0443\u043c\u043a\u0430 \u0434\u043b\u044f \u043c\u0430\u043c\u044b \u0438 \u043c\u0430\u043b\u044b\u0448\u0430 Fudela \u0441 \u043a\u0440\u0430\u0441\u043e\u0447\u043d\u044b\u043c \u0443\u0437\u043e\u0440\u043e\u043c\",\"breadcrumb\":{\"@id\":\"https:\/\/genclercanta.com\/ru\/urunler\/%d1%81%d1%83%d0%bc%d0%ba%d0%b0-%d0%b4%d0%bb%d1%8f-%d0%bc%d0%b0%d0%bc%d1%8b-%d0%b8-%d0%bc%d0%b0%d0%bb%d1%8b%d1%88%d0%b0-fudela-%d1%81-%d0%ba%d1%80%d0%b0%d1%81%d0%be%d1%87%d0%bd%d1%8b%d0%bc-%d1%83%d0%b7\/#breadcrumb\"},\"inLanguage\":\"ru-RU\",\"potentialAction\":[{\"@type\":\"ReadAction\",\"target\":[\"https:\/\/genclercanta.com\/ru\/urunler\/%d1%81%d1%83%d0%bc%d0%ba%d0%b0-%d0%b4%d0%bb%d1%8f-%d0%bc%d0%b0%d0%bc%d1%8b-%d0%b8-%d0%bc%d0%b0%d0%bb%d1%8b%d1%88%d0%b0-fudela-%d1%81-%d0%ba%d1%80%d0%b0%d1%81%d0%be%d1%87%d0%bd%d1%8b%d0%bc-%d1%83%d0%b7\/\"]}]},{\"@type\":\"ImageObject\",\"inLanguage\":\"ru-RU\",\"@id\":\"https:\/\/genclercanta.com\/ru\/urunler\/%d1%81%d1%83%d0%bc%d0%ba%d0%b0-%d0%b4%d0%bb%d1%8f-%d0%bc%d0%b0%d0%bc%d1%8b-%d0%b8-%d0%bc%d0%b0%d0%bb%d1%8b%d1%88%d0%b0-fudela-%d1%81-%d0%ba%d1%80%d0%b0%d1%81%d0%be%d1%87%d0%bd%d1%8b%d0%bc-%d1%83%d0%b7\/#primaryimage\",\"url\":\"https:\/\/genclercanta.com\/wp-content\/uploads\/2020\/10\/GNCY500445608-5-1.jpg\",\"contentUrl\":\"https:\/\/genclercanta.com\/wp-content\/uploads\/2020\/10\/GNCY500445608-5-1.jpg\",\"width\":1500,\"height\":1250},{\"@type\":\"BreadcrumbList\",\"@id\":\"https:\/\/genclercanta.com\/ru\/urunler\/%d1%81%d1%83%d0%bc%d0%ba%d0%b0-%d0%b4%d0%bb%d1%8f-%d0%bc%d0%b0%d0%bc%d1%8b-%d0%b8-%d0%bc%d0%b0%d0%bb%d1%8b%d1%88%d0%b0-fudela-%d1%81-%d0%ba%d1%80%d0%b0%d1%81%d0%be%d1%87%d0%bd%d1%8b%d0%bc-%d1%83%d0%b7\/#breadcrumb\",\"itemListElement\":[{\"@type\":\"ListItem\",\"position\":1,\"name\":\"Ana sayfa\",\"item\":\"https:\/\/genclercanta.com\/ru\/%d0%b3%d0%bb%d0%b0%d0%b2%d0%bd%d0%b0%d1%8f-%d1%81%d1%82%d1%80%d0%b0%d0%bd%d0%b8%d1%86%d0%b0\/\"},{\"@type\":\"ListItem\",\"position\":2,\"name\":\"\u041c\u0430\u0433\u0430\u0437\u0438\u043d\",\"item\":\"https:\/\/genclercanta.com\/ru\/%d0%bc%d0%b0%d0%b3%d0%b0%d0%b7%d0%b8%d0%bd\/\"},{\"@type\":\"ListItem\",\"position\":3,\"name\":\"\u0421\u0443\u043c\u043a\u0430 \u0434\u043b\u044f \u043c\u0430\u043c\u044b \u0438 \u043c\u0430\u043b\u044b\u0448\u0430 Fudela \u0441 \u043a\u0440\u0430\u0441\u043e\u0447\u043d\u044b\u043c \u0443\u0437\u043e\u0440\u043e\u043c\"}]},{\"@type\":\"WebSite\",\"@id\":\"https:\/\/genclercanta.com\/ru\/#website\",\"url\":\"https:\/\/genclercanta.com\/ru\/\",\"name\":\"Promosyon \u00c7anta imalat\u0131, \u00dcretimi, \u00c7anta imalat\u00e7\u0131s\u0131 \u00dcreticisi istanbul\",\"description\":\"T\u00fcrkiyenin Toptan, Promosyon \u00c7anta \u0130malat\u00e7\u0131s\u0131\",\"publisher\":{\"@id\":\"https:\/\/genclercanta.com\/ru\/#organization\"},\"alternateName\":\"Gen\u00e7ler \u00c7anta\",\"potentialAction\":[{\"@type\":\"SearchAction\",\"target\":{\"@type\":\"EntryPoint\",\"urlTemplate\":\"https:\/\/genclercanta.com\/ru\/?s={search_term_string}\"},\"query-input\":{\"@type\":\"PropertyValueSpecification\",\"valueRequired\":true,\"valueName\":\"search_term_string\"}}],\"inLanguage\":\"ru-RU\"},{\"@type\":\"Organization\",\"@id\":\"https:\/\/genclercanta.com\/ru\/#organization\",\"name\":\"Promosyon \u00c7anta imalat\u0131, \u00dcretimi, \u00c7anta imalat\u00e7\u0131s\u0131 \u00dcreticisi istanbul\",\"alternateName\":\"Gen\u00e7ler \u00c7anta\",\"url\":\"https:\/\/genclercanta.com\/ru\/\",\"logo\":{\"@type\":\"ImageObject\",\"inLanguage\":\"ru-RU\",\"@id\":\"https:\/\/genclercanta.com\/ru\/#\/schema\/logo\/image\/\",\"url\":\"https:\/\/genclercanta.com\/wp-content\/uploads\/2020\/10\/gencler-canta-logo.jpg\",\"contentUrl\":\"https:\/\/genclercanta.com\/wp-content\/uploads\/2020\/10\/gencler-canta-logo.jpg\",\"width\":600,\"height\":133,\"caption\":\"Promosyon \u00c7anta imalat\u0131, \u00dcretimi, \u00c7anta imalat\u00e7\u0131s\u0131 \u00dcreticisi istanbul\"},\"image\":{\"@id\":\"https:\/\/genclercanta.com\/ru\/#\/schema\/logo\/image\/\"},\"sameAs\":[\"https:\/\/www.facebook.com\/GenclerCantacom\/\",\"https:\/\/www.instagram.com\/genclercanta\/\"]}]}<\/script>\n<!-- \/ Yoast SEO plugin. -->","yoast_head_json":{"title":"\u0421\u0443\u043c\u043a\u0430 \u0434\u043b\u044f \u043c\u0430\u043c\u044b \u0438 \u043c\u0430\u043b\u044b\u0448\u0430 Fudela \u0441 \u043a\u0440\u0430\u0441\u043e\u0447\u043d\u044b\u043c \u0443\u0437\u043e\u0440\u043e\u043c - Promosyon \u00c7anta imalat\u0131, \u00dcretimi, \u00c7anta imalat\u00e7\u0131s\u0131 \u00dcreticisi istanbul","description":"\u0421\u0443\u043c\u043a\u0430 \u0434\u043b\u044f \u043c\u0430\u043c\u044b \u0438 \u043c\u0430\u043b\u044b\u0448\u0430 Fudela \u0441 \u043a\u0440\u0430\u0441\u043e\u0447\u043d\u044b\u043c \u0443\u0437\u043e\u0440\u043e\u043c","robots":{"index":"index","follow":"follow","max-snippet":"max-snippet:-1","max-image-preview":"max-image-preview:large","max-video-preview":"max-video-preview:-1"},"canonical":"https:\/\/genclercanta.com\/ru\/urunler\/%d1%81%d1%83%d0%bc%d0%ba%d0%b0-%d0%b4%d0%bb%d1%8f-%d0%bc%d0%b0%d0%bc%d1%8b-%d0%b8-%d0%bc%d0%b0%d0%bb%d1%8b%d1%88%d0%b0-fudela-%d1%81-%d0%ba%d1%80%d0%b0%d1%81%d0%be%d1%87%d0%bd%d1%8b%d0%bc-%d1%83%d0%b7\/","og_locale":"ru_RU","og_type":"article","og_title":"\u0421\u0443\u043c\u043a\u0430 \u0434\u043b\u044f \u043c\u0430\u043c\u044b \u0438 \u043c\u0430\u043b\u044b\u0448\u0430 Fudela \u0441 \u043a\u0440\u0430\u0441\u043e\u0447\u043d\u044b\u043c \u0443\u0437\u043e\u0440\u043e\u043c - Promosyon \u00c7anta imalat\u0131, \u00dcretimi, \u00c7anta imalat\u00e7\u0131s\u0131 \u00dcreticisi istanbul","og_description":"\u0421\u0443\u043c\u043a\u0430 \u0434\u043b\u044f \u043c\u0430\u043c\u044b \u0438 \u043c\u0430\u043b\u044b\u0448\u0430 Fudela \u0441 \u043a\u0440\u0430\u0441\u043e\u0447\u043d\u044b\u043c \u0443\u0437\u043e\u0440\u043e\u043c","og_url":"https:\/\/genclercanta.com\/ru\/urunler\/%d1%81%d1%83%d0%bc%d0%ba%d0%b0-%d0%b4%d0%bb%d1%8f-%d0%bc%d0%b0%d0%bc%d1%8b-%d0%b8-%d0%bc%d0%b0%d0%bb%d1%8b%d1%88%d0%b0-fudela-%d1%81-%d0%ba%d1%80%d0%b0%d1%81%d0%be%d1%87%d0%bd%d1%8b%d0%bc-%d1%83%d0%b7\/","og_site_name":"Promosyon \u00c7anta imalat\u0131, \u00dcretimi, \u00c7anta imalat\u00e7\u0131s\u0131 \u00dcreticisi istanbul","article_publisher":"https:\/\/www.facebook.com\/GenclerCantacom\/","og_image":[{"width":1500,"height":1250,"url":"https:\/\/genclercanta.com\/wp-content\/uploads\/2020\/10\/GNCY500445608-5-1.jpg","type":"image\/jpeg"}],"schema":{"@context":"https:\/\/schema.org","@graph":[{"@type":"WebPage","@id":"https:\/\/genclercanta.com\/ru\/urunler\/%d1%81%d1%83%d0%bc%d0%ba%d0%b0-%d0%b4%d0%bb%d1%8f-%d0%bc%d0%b0%d0%bc%d1%8b-%d0%b8-%d0%bc%d0%b0%d0%bb%d1%8b%d1%88%d0%b0-fudela-%d1%81-%d0%ba%d1%80%d0%b0%d1%81%d0%be%d1%87%d0%bd%d1%8b%d0%bc-%d1%83%d0%b7\/","url":"https:\/\/genclercanta.com\/ru\/urunler\/%d1%81%d1%83%d0%bc%d0%ba%d0%b0-%d0%b4%d0%bb%d1%8f-%d0%bc%d0%b0%d0%bc%d1%8b-%d0%b8-%d0%bc%d0%b0%d0%bb%d1%8b%d1%88%d0%b0-fudela-%d1%81-%d0%ba%d1%80%d0%b0%d1%81%d0%be%d1%87%d0%bd%d1%8b%d0%bc-%d1%83%d0%b7\/","name":"\u0421\u0443\u043c\u043a\u0430 \u0434\u043b\u044f \u043c\u0430\u043c\u044b \u0438 \u043c\u0430\u043b\u044b\u0448\u0430 Fudela \u0441 \u043a\u0440\u0430\u0441\u043e\u0447\u043d\u044b\u043c \u0443\u0437\u043e\u0440\u043e\u043c - Promosyon \u00c7anta imalat\u0131, \u00dcretimi, \u00c7anta imalat\u00e7\u0131s\u0131 \u00dcreticisi istanbul","isPartOf":{"@id":"https:\/\/genclercanta.com\/ru\/#website"},"primaryImageOfPage":{"@id":"https:\/\/genclercanta.com\/ru\/urunler\/%d1%81%d1%83%d0%bc%d0%ba%d0%b0-%d0%b4%d0%bb%d1%8f-%d0%bc%d0%b0%d0%bc%d1%8b-%d0%b8-%d0%bc%d0%b0%d0%bb%d1%8b%d1%88%d0%b0-fudela-%d1%81-%d0%ba%d1%80%d0%b0%d1%81%d0%be%d1%87%d0%bd%d1%8b%d0%bc-%d1%83%d0%b7\/#primaryimage"},"image":{"@id":"https:\/\/genclercanta.com\/ru\/urunler\/%d1%81%d1%83%d0%bc%d0%ba%d0%b0-%d0%b4%d0%bb%d1%8f-%d0%bc%d0%b0%d0%bc%d1%8b-%d0%b8-%d0%bc%d0%b0%d0%bb%d1%8b%d1%88%d0%b0-fudela-%d1%81-%d0%ba%d1%80%d0%b0%d1%81%d0%be%d1%87%d0%bd%d1%8b%d0%bc-%d1%83%d0%b7\/#primaryimage"},"thumbnailUrl":"https:\/\/genclercanta.com\/wp-content\/uploads\/2020\/10\/GNCY500445608-5-1.jpg","datePublished":"2020-10-20T22:20:36+00:00","description":"\u0421\u0443\u043c\u043a\u0430 \u0434\u043b\u044f \u043c\u0430\u043c\u044b \u0438 \u043c\u0430\u043b\u044b\u0448\u0430 Fudela \u0441 \u043a\u0440\u0430\u0441\u043e\u0447\u043d\u044b\u043c \u0443\u0437\u043e\u0440\u043e\u043c","breadcrumb":{"@id":"https:\/\/genclercanta.com\/ru\/urunler\/%d1%81%d1%83%d0%bc%d0%ba%d0%b0-%d0%b4%d0%bb%d1%8f-%d0%bc%d0%b0%d0%bc%d1%8b-%d0%b8-%d0%bc%d0%b0%d0%bb%d1%8b%d1%88%d0%b0-fudela-%d1%81-%d0%ba%d1%80%d0%b0%d1%81%d0%be%d1%87%d0%bd%d1%8b%d0%bc-%d1%83%d0%b7\/#breadcrumb"},"inLanguage":"ru-RU","potentialAction":[{"@type":"ReadAction","target":["https:\/\/genclercanta.com\/ru\/urunler\/%d1%81%d1%83%d0%bc%d0%ba%d0%b0-%d0%b4%d0%bb%d1%8f-%d0%bc%d0%b0%d0%bc%d1%8b-%d0%b8-%d0%bc%d0%b0%d0%bb%d1%8b%d1%88%d0%b0-fudela-%d1%81-%d0%ba%d1%80%d0%b0%d1%81%d0%be%d1%87%d0%bd%d1%8b%d0%bc-%d1%83%d0%b7\/"]}]},{"@type":"ImageObject","inLanguage":"ru-RU","@id":"https:\/\/genclercanta.com\/ru\/urunler\/%d1%81%d1%83%d0%bc%d0%ba%d0%b0-%d0%b4%d0%bb%d1%8f-%d0%bc%d0%b0%d0%bc%d1%8b-%d0%b8-%d0%bc%d0%b0%d0%bb%d1%8b%d1%88%d0%b0-fudela-%d1%81-%d0%ba%d1%80%d0%b0%d1%81%d0%be%d1%87%d0%bd%d1%8b%d0%bc-%d1%83%d0%b7\/#primaryimage","url":"https:\/\/genclercanta.com\/wp-content\/uploads\/2020\/10\/GNCY500445608-5-1.jpg","contentUrl":"https:\/\/genclercanta.com\/wp-content\/uploads\/2020\/10\/GNCY500445608-5-1.jpg","width":1500,"height":1250},{"@type":"BreadcrumbList","@id":"https:\/\/genclercanta.com\/ru\/urunler\/%d1%81%d1%83%d0%bc%d0%ba%d0%b0-%d0%b4%d0%bb%d1%8f-%d0%bc%d0%b0%d0%bc%d1%8b-%d0%b8-%d0%bc%d0%b0%d0%bb%d1%8b%d1%88%d0%b0-fudela-%d1%81-%d0%ba%d1%80%d0%b0%d1%81%d0%be%d1%87%d0%bd%d1%8b%d0%bc-%d1%83%d0%b7\/#breadcrumb","itemListElement":[{"@type":"ListItem","position":1,"name":"Ana sayfa","item":"https:\/\/genclercanta.com\/ru\/%d0%b3%d0%bb%d0%b0%d0%b2%d0%bd%d0%b0%d1%8f-%d1%81%d1%82%d1%80%d0%b0%d0%bd%d0%b8%d1%86%d0%b0\/"},{"@type":"ListItem","position":2,"name":"\u041c\u0430\u0433\u0430\u0437\u0438\u043d","item":"https:\/\/genclercanta.com\/ru\/%d0%bc%d0%b0%d0%b3%d0%b0%d0%b7%d0%b8%d0%bd\/"},{"@type":"ListItem","position":3,"name":"\u0421\u0443\u043c\u043a\u0430 \u0434\u043b\u044f \u043c\u0430\u043c\u044b \u0438 \u043c\u0430\u043b\u044b\u0448\u0430 Fudela \u0441 \u043a\u0440\u0430\u0441\u043e\u0447\u043d\u044b\u043c \u0443\u0437\u043e\u0440\u043e\u043c"}]},{"@type":"WebSite","@id":"https:\/\/genclercanta.com\/ru\/#website","url":"https:\/\/genclercanta.com\/ru\/","name":"Promosyon \u00c7anta imalat\u0131, \u00dcretimi, \u00c7anta imalat\u00e7\u0131s\u0131 \u00dcreticisi istanbul","description":"T\u00fcrkiyenin Toptan, Promosyon \u00c7anta \u0130malat\u00e7\u0131s\u0131","publisher":{"@id":"https:\/\/genclercanta.com\/ru\/#organization"},"alternateName":"Gen\u00e7ler \u00c7anta","potentialAction":[{"@type":"SearchAction","target":{"@type":"EntryPoint","urlTemplate":"https:\/\/genclercanta.com\/ru\/?s={search_term_string}"},"query-input":{"@type":"PropertyValueSpecification","valueRequired":true,"valueName":"search_term_string"}}],"inLanguage":"ru-RU"},{"@type":"Organization","@id":"https:\/\/genclercanta.com\/ru\/#organization","name":"Promosyon \u00c7anta imalat\u0131, \u00dcretimi, \u00c7anta imalat\u00e7\u0131s\u0131 \u00dcreticisi istanbul","alternateName":"Gen\u00e7ler \u00c7anta","url":"https:\/\/genclercanta.com\/ru\/","logo":{"@type":"ImageObject","inLanguage":"ru-RU","@id":"https:\/\/genclercanta.com\/ru\/#\/schema\/logo\/image\/","url":"https:\/\/genclercanta.com\/wp-content\/uploads\/2020\/10\/gencler-canta-logo.jpg","contentUrl":"https:\/\/genclercanta.com\/wp-content\/uploads\/2020\/10\/gencler-canta-logo.jpg","width":600,"height":133,"caption":"Promosyon \u00c7anta imalat\u0131, \u00dcretimi, \u00c7anta imalat\u00e7\u0131s\u0131 \u00dcreticisi istanbul"},"image":{"@id":"https:\/\/genclercanta.com\/ru\/#\/schema\/logo\/image\/"},"sameAs":["https:\/\/www.facebook.com\/GenclerCantacom\/","https:\/\/www.instagram.com\/genclercanta\/"]}]}},"_links":{"self":[{"href":"https:\/\/genclercanta.com\/ru\/wp-json\/wp\/v2\/product\/125554","targetHints":{"allow":["GET"]}}],"collection":[{"href":"https:\/\/genclercanta.com\/ru\/wp-json\/wp\/v2\/product"}],"about":[{"href":"https:\/\/genclercanta.com\/ru\/wp-json\/wp\/v2\/types\/product"}],"replies":[{"embeddable":true,"href":"https:\/\/genclercanta.com\/ru\/wp-json\/wp\/v2\/comments?post=125554"}],"wp:featuredmedia":[{"embeddable":true,"href":"https:\/\/genclercanta.com\/ru\/wp-json\/wp\/v2\/media\/69401"}],"wp:attachment":[{"href":"https:\/\/genclercanta.com\/ru\/wp-json\/wp\/v2\/media?parent=125554"}],"wp:term":[{"taxonomy":"product_brand","embeddable":true,"href":"https:\/\/genclercanta.com\/ru\/wp-json\/wp\/v2\/product_brand?post=125554"},{"taxonomy":"product_cat","embeddable":true,"href":"https:\/\/genclercanta.com\/ru\/wp-json\/wp\/v2\/product_cat?post=125554"},{"taxonomy":"product_tag","embeddable":true,"href":"https:\/\/genclercanta.com\/ru\/wp-json\/wp\/v2\/product_tag?post=125554"}],"curies":[{"name":"wp","href":"https:\/\/api.w.org\/{rel}","templated":true}]}}