{"id":8305,"date":"2020-10-20T21:42:04","date_gmt":"2020-10-20T21:42:04","guid":{"rendered":"http:\/\/genclercanta.com\/urunler\/kategorilenmemis\/import-placeholder-for-4932\/"},"modified":"2022-03-07T21:58:27","modified_gmt":"2022-03-07T21:58:27","slug":"inq-turkuaz-sirt-cantasi","status":"publish","type":"product","link":"https:\/\/genclercanta.com\/ru\/urunler\/inq-turkuaz-sirt-cantasi\/","title":{"rendered":"INQ TURKUAZ SIRT \u00c7ANTASI"},"content":{"rendered":"<p>INQ SIRT \u00c7ANTASI<\/p>\n<p>Fudela, s\u0131rt \u00e7antalar\u0131n\u0131n sadece e\u015fyalar\u0131m\u0131z\u0131 ta\u015f\u0131mak i\u00e7in tasarlanm\u0131\u015f bir ara\u00e7 oldu\u011fu d\u00fc\u015f\u00fcncesini de\u011fi\u015ftirmek i\u00e7in yola \u00e7\u0131karak sizlere \u015f\u0131k, modern ve g\u00f6z al\u0131c\u0131 tasar\u0131mlar sunuyor. Pratik ve kullan\u0131\u015fl\u0131 olmas\u0131n\u0131n yan\u0131 s\u0131ra Fudela, sana ki\u015fili\u011fini yans\u0131tman i\u00e7in bir f\u0131rsat veriyor. Haydi, sen de kendini bir Fudala\u2019yla tan\u0131t D\u00fcnya\u2019ya!<\/p>\n<p>&nbsp;<\/p>\n<p>\u00d6zellikler:<\/p>\n<p>\u2013 Dayan\u0131kl\u0131 Premium Polyester Kuma\u015f<\/p>\n<p>\u2013 Dolgulu ve Ayarlanabilir Arka Kay\u0131\u015flar<\/p>\n<p>\u2013 Ek S\u0131rt Dolgusu<\/p>\n<p>\u2013 Geni\u015f \u00d6n Cep<\/p>\n<p>\u2013 Orta Ba\u011flant\u0131 D\u00fc\u011fmesi<\/p>\n<p>\u2013 Tutma Kulpu<\/p>\n<p>\u2013 \u0130\u00e7 laptop G\u00f6z\u00fc<\/p>\n<p>Boyutlar \u2013 12 x 30 x 43 cm<\/p>\n<p>\u0130\u00e7 Hacim \u2013\u00a0 18 L<\/p>\n","protected":false},"excerpt":{"rendered":"<p>INQ TURKUAZ SIRT \u00c7ANTASI<\/p>\n","protected":false},"featured_media":8387,"comment_status":"closed","ping_status":"closed","template":"","meta":[],"product_brand":[],"product_cat":[137],"product_tag":[138,140,142,143,146,97],"class_list":{"0":"post-8305","1":"product","2":"type-product","3":"status-publish","4":"has-post-thumbnail","6":"product_cat-inq-sirt-cantasi","7":"product_tag-backpack","8":"product_tag-canta","9":"product_tag-fudela-backpack","10":"product_tag-fudela-sirt-cantasi","11":"product_tag-school-bags","12":"product_tag-sirt-cantasi","14":"first","15":"instock","16":"shipping-taxable","17":"purchasable","18":"product-type-simple"},"yoast_head":"<!-- This site is optimized with the Yoast SEO plugin v26.3 - https:\/\/yoast.com\/wordpress\/plugins\/seo\/ -->\n<title>INQ TURKUAZ SIRT \u00c7ANTASI - Promosyon \u00c7anta imalat\u0131, \u00dcretimi, \u00c7anta imalat\u00e7\u0131s\u0131 \u00dcreticisi istanbul<\/title>\n<meta name=\"description\" content=\"INQ TURKUAZ SIRT \u00c7ANTASI\" \/>\n<meta name=\"robots\" content=\"index, follow, max-snippet:-1, max-image-preview:large, max-video-preview:-1\" \/>\n<link rel=\"canonical\" href=\"https:\/\/genclercanta.com\/ru\/urunler\/inq-turkuaz-sirt-cantasi\/\" \/>\n<meta property=\"og:locale\" content=\"ru_RU\" \/>\n<meta property=\"og:type\" content=\"article\" \/>\n<meta property=\"og:title\" content=\"INQ TURKUAZ SIRT \u00c7ANTASI - Promosyon \u00c7anta imalat\u0131, \u00dcretimi, \u00c7anta imalat\u00e7\u0131s\u0131 \u00dcreticisi istanbul\" \/>\n<meta property=\"og:description\" content=\"INQ TURKUAZ SIRT \u00c7ANTASI\" \/>\n<meta property=\"og:url\" content=\"https:\/\/genclercanta.com\/ru\/urunler\/inq-turkuaz-sirt-cantasi\/\" \/>\n<meta property=\"og:site_name\" content=\"Promosyon \u00c7anta imalat\u0131, \u00dcretimi, \u00c7anta imalat\u00e7\u0131s\u0131 \u00dcreticisi istanbul\" \/>\n<meta property=\"article:publisher\" content=\"https:\/\/www.facebook.com\/GenclerCantacom\/\" \/>\n<meta property=\"article:modified_time\" content=\"2022-03-07T21:58:27+00:00\" \/>\n<meta property=\"og:image\" content=\"https:\/\/genclercanta.com\/wp-content\/uploads\/2020\/10\/90099099-1.jpg?v=1612984156\" \/>\n\t<meta property=\"og:image:width\" content=\"833\" \/>\n\t<meta property=\"og:image:height\" content=\"1000\" \/>\n\t<meta property=\"og:image:type\" content=\"image\/jpeg\" \/>\n<meta name=\"twitter:label1\" content=\"\u041f\u0440\u0438\u043c\u0435\u0440\u043d\u043e\u0435 \u0432\u0440\u0435\u043c\u044f \u0434\u043b\u044f \u0447\u0442\u0435\u043d\u0438\u044f\" \/>\n\t<meta name=\"twitter:data1\" content=\"1 \u043c\u0438\u043d\u0443\u0442\u0430\" \/>\n<script type=\"application\/ld+json\" class=\"yoast-schema-graph\">{\"@context\":\"https:\/\/schema.org\",\"@graph\":[{\"@type\":\"WebPage\",\"@id\":\"https:\/\/genclercanta.com\/ru\/urunler\/inq-turkuaz-sirt-cantasi\/\",\"url\":\"https:\/\/genclercanta.com\/ru\/urunler\/inq-turkuaz-sirt-cantasi\/\",\"name\":\"INQ TURKUAZ SIRT \u00c7ANTASI - Promosyon \u00c7anta imalat\u0131, \u00dcretimi, \u00c7anta imalat\u00e7\u0131s\u0131 \u00dcreticisi istanbul\",\"isPartOf\":{\"@id\":\"https:\/\/genclercanta.com\/ru\/#website\"},\"primaryImageOfPage\":{\"@id\":\"https:\/\/genclercanta.com\/ru\/urunler\/inq-turkuaz-sirt-cantasi\/#primaryimage\"},\"image\":{\"@id\":\"https:\/\/genclercanta.com\/ru\/urunler\/inq-turkuaz-sirt-cantasi\/#primaryimage\"},\"thumbnailUrl\":\"https:\/\/genclercanta.com\/wp-content\/uploads\/2020\/10\/90099099-1.jpg?v=1612984156\",\"datePublished\":\"2020-10-20T21:42:04+00:00\",\"dateModified\":\"2022-03-07T21:58:27+00:00\",\"description\":\"INQ TURKUAZ SIRT \u00c7ANTASI\",\"breadcrumb\":{\"@id\":\"https:\/\/genclercanta.com\/ru\/urunler\/inq-turkuaz-sirt-cantasi\/#breadcrumb\"},\"inLanguage\":\"ru-RU\",\"potentialAction\":[{\"@type\":\"ReadAction\",\"target\":[\"https:\/\/genclercanta.com\/ru\/urunler\/inq-turkuaz-sirt-cantasi\/\"]}]},{\"@type\":\"ImageObject\",\"inLanguage\":\"ru-RU\",\"@id\":\"https:\/\/genclercanta.com\/ru\/urunler\/inq-turkuaz-sirt-cantasi\/#primaryimage\",\"url\":\"https:\/\/genclercanta.com\/wp-content\/uploads\/2020\/10\/90099099-1.jpg?v=1612984156\",\"contentUrl\":\"https:\/\/genclercanta.com\/wp-content\/uploads\/2020\/10\/90099099-1.jpg?v=1612984156\",\"width\":833,\"height\":1000},{\"@type\":\"BreadcrumbList\",\"@id\":\"https:\/\/genclercanta.com\/ru\/urunler\/inq-turkuaz-sirt-cantasi\/#breadcrumb\",\"itemListElement\":[{\"@type\":\"ListItem\",\"position\":1,\"name\":\"Ana sayfa\",\"item\":\"https:\/\/genclercanta.com\/ru\/%d0%b3%d0%bb%d0%b0%d0%b2%d0%bd%d0%b0%d1%8f-%d1%81%d1%82%d1%80%d0%b0%d0%bd%d0%b8%d1%86%d0%b0\/\"},{\"@type\":\"ListItem\",\"position\":2,\"name\":\"\u041c\u0430\u0433\u0430\u0437\u0438\u043d\",\"item\":\"https:\/\/genclercanta.com\/ru\/%d0%bc%d0%b0%d0%b3%d0%b0%d0%b7%d0%b8%d0%bd\/\"},{\"@type\":\"ListItem\",\"position\":3,\"name\":\"INQ TURKUAZ SIRT \u00c7ANTASI\"}]},{\"@type\":\"WebSite\",\"@id\":\"https:\/\/genclercanta.com\/ru\/#website\",\"url\":\"https:\/\/genclercanta.com\/ru\/\",\"name\":\"Promosyon \u00c7anta imalat\u0131, \u00dcretimi, \u00c7anta imalat\u00e7\u0131s\u0131 \u00dcreticisi istanbul\",\"description\":\"T\u00fcrkiyenin Toptan, Promosyon \u00c7anta \u0130malat\u00e7\u0131s\u0131\",\"publisher\":{\"@id\":\"https:\/\/genclercanta.com\/ru\/#organization\"},\"alternateName\":\"Gen\u00e7ler \u00c7anta\",\"potentialAction\":[{\"@type\":\"SearchAction\",\"target\":{\"@type\":\"EntryPoint\",\"urlTemplate\":\"https:\/\/genclercanta.com\/ru\/?s={search_term_string}\"},\"query-input\":{\"@type\":\"PropertyValueSpecification\",\"valueRequired\":true,\"valueName\":\"search_term_string\"}}],\"inLanguage\":\"ru-RU\"},{\"@type\":\"Organization\",\"@id\":\"https:\/\/genclercanta.com\/ru\/#organization\",\"name\":\"Promosyon \u00c7anta imalat\u0131, \u00dcretimi, \u00c7anta imalat\u00e7\u0131s\u0131 \u00dcreticisi istanbul\",\"alternateName\":\"Gen\u00e7ler \u00c7anta\",\"url\":\"https:\/\/genclercanta.com\/ru\/\",\"logo\":{\"@type\":\"ImageObject\",\"inLanguage\":\"ru-RU\",\"@id\":\"https:\/\/genclercanta.com\/ru\/#\/schema\/logo\/image\/\",\"url\":\"https:\/\/genclercanta.com\/wp-content\/uploads\/2020\/10\/gencler-canta-logo.jpg\",\"contentUrl\":\"https:\/\/genclercanta.com\/wp-content\/uploads\/2020\/10\/gencler-canta-logo.jpg\",\"width\":600,\"height\":133,\"caption\":\"Promosyon \u00c7anta imalat\u0131, \u00dcretimi, \u00c7anta imalat\u00e7\u0131s\u0131 \u00dcreticisi istanbul\"},\"image\":{\"@id\":\"https:\/\/genclercanta.com\/ru\/#\/schema\/logo\/image\/\"},\"sameAs\":[\"https:\/\/www.facebook.com\/GenclerCantacom\/\",\"https:\/\/www.instagram.com\/genclercanta\/\"]}]}<\/script>\n<!-- \/ Yoast SEO plugin. -->","yoast_head_json":{"title":"INQ TURKUAZ SIRT \u00c7ANTASI - Promosyon \u00c7anta imalat\u0131, \u00dcretimi, \u00c7anta imalat\u00e7\u0131s\u0131 \u00dcreticisi istanbul","description":"INQ TURKUAZ SIRT \u00c7ANTASI","robots":{"index":"index","follow":"follow","max-snippet":"max-snippet:-1","max-image-preview":"max-image-preview:large","max-video-preview":"max-video-preview:-1"},"canonical":"https:\/\/genclercanta.com\/ru\/urunler\/inq-turkuaz-sirt-cantasi\/","og_locale":"ru_RU","og_type":"article","og_title":"INQ TURKUAZ SIRT \u00c7ANTASI - Promosyon \u00c7anta imalat\u0131, \u00dcretimi, \u00c7anta imalat\u00e7\u0131s\u0131 \u00dcreticisi istanbul","og_description":"INQ TURKUAZ SIRT \u00c7ANTASI","og_url":"https:\/\/genclercanta.com\/ru\/urunler\/inq-turkuaz-sirt-cantasi\/","og_site_name":"Promosyon \u00c7anta imalat\u0131, \u00dcretimi, \u00c7anta imalat\u00e7\u0131s\u0131 \u00dcreticisi istanbul","article_publisher":"https:\/\/www.facebook.com\/GenclerCantacom\/","article_modified_time":"2022-03-07T21:58:27+00:00","og_image":[{"width":833,"height":1000,"url":"https:\/\/genclercanta.com\/wp-content\/uploads\/2020\/10\/90099099-1.jpg?v=1612984156","type":"image\/jpeg"}],"twitter_misc":{"\u041f\u0440\u0438\u043c\u0435\u0440\u043d\u043e\u0435 \u0432\u0440\u0435\u043c\u044f \u0434\u043b\u044f \u0447\u0442\u0435\u043d\u0438\u044f":"1 \u043c\u0438\u043d\u0443\u0442\u0430"},"schema":{"@context":"https:\/\/schema.org","@graph":[{"@type":"WebPage","@id":"https:\/\/genclercanta.com\/ru\/urunler\/inq-turkuaz-sirt-cantasi\/","url":"https:\/\/genclercanta.com\/ru\/urunler\/inq-turkuaz-sirt-cantasi\/","name":"INQ TURKUAZ SIRT \u00c7ANTASI - Promosyon \u00c7anta imalat\u0131, \u00dcretimi, \u00c7anta imalat\u00e7\u0131s\u0131 \u00dcreticisi istanbul","isPartOf":{"@id":"https:\/\/genclercanta.com\/ru\/#website"},"primaryImageOfPage":{"@id":"https:\/\/genclercanta.com\/ru\/urunler\/inq-turkuaz-sirt-cantasi\/#primaryimage"},"image":{"@id":"https:\/\/genclercanta.com\/ru\/urunler\/inq-turkuaz-sirt-cantasi\/#primaryimage"},"thumbnailUrl":"https:\/\/genclercanta.com\/wp-content\/uploads\/2020\/10\/90099099-1.jpg?v=1612984156","datePublished":"2020-10-20T21:42:04+00:00","dateModified":"2022-03-07T21:58:27+00:00","description":"INQ TURKUAZ SIRT \u00c7ANTASI","breadcrumb":{"@id":"https:\/\/genclercanta.com\/ru\/urunler\/inq-turkuaz-sirt-cantasi\/#breadcrumb"},"inLanguage":"ru-RU","potentialAction":[{"@type":"ReadAction","target":["https:\/\/genclercanta.com\/ru\/urunler\/inq-turkuaz-sirt-cantasi\/"]}]},{"@type":"ImageObject","inLanguage":"ru-RU","@id":"https:\/\/genclercanta.com\/ru\/urunler\/inq-turkuaz-sirt-cantasi\/#primaryimage","url":"https:\/\/genclercanta.com\/wp-content\/uploads\/2020\/10\/90099099-1.jpg?v=1612984156","contentUrl":"https:\/\/genclercanta.com\/wp-content\/uploads\/2020\/10\/90099099-1.jpg?v=1612984156","width":833,"height":1000},{"@type":"BreadcrumbList","@id":"https:\/\/genclercanta.com\/ru\/urunler\/inq-turkuaz-sirt-cantasi\/#breadcrumb","itemListElement":[{"@type":"ListItem","position":1,"name":"Ana sayfa","item":"https:\/\/genclercanta.com\/ru\/%d0%b3%d0%bb%d0%b0%d0%b2%d0%bd%d0%b0%d1%8f-%d1%81%d1%82%d1%80%d0%b0%d0%bd%d0%b8%d1%86%d0%b0\/"},{"@type":"ListItem","position":2,"name":"\u041c\u0430\u0433\u0430\u0437\u0438\u043d","item":"https:\/\/genclercanta.com\/ru\/%d0%bc%d0%b0%d0%b3%d0%b0%d0%b7%d0%b8%d0%bd\/"},{"@type":"ListItem","position":3,"name":"INQ TURKUAZ SIRT \u00c7ANTASI"}]},{"@type":"WebSite","@id":"https:\/\/genclercanta.com\/ru\/#website","url":"https:\/\/genclercanta.com\/ru\/","name":"Promosyon \u00c7anta imalat\u0131, \u00dcretimi, \u00c7anta imalat\u00e7\u0131s\u0131 \u00dcreticisi istanbul","description":"T\u00fcrkiyenin Toptan, Promosyon \u00c7anta \u0130malat\u00e7\u0131s\u0131","publisher":{"@id":"https:\/\/genclercanta.com\/ru\/#organization"},"alternateName":"Gen\u00e7ler \u00c7anta","potentialAction":[{"@type":"SearchAction","target":{"@type":"EntryPoint","urlTemplate":"https:\/\/genclercanta.com\/ru\/?s={search_term_string}"},"query-input":{"@type":"PropertyValueSpecification","valueRequired":true,"valueName":"search_term_string"}}],"inLanguage":"ru-RU"},{"@type":"Organization","@id":"https:\/\/genclercanta.com\/ru\/#organization","name":"Promosyon \u00c7anta imalat\u0131, \u00dcretimi, \u00c7anta imalat\u00e7\u0131s\u0131 \u00dcreticisi istanbul","alternateName":"Gen\u00e7ler \u00c7anta","url":"https:\/\/genclercanta.com\/ru\/","logo":{"@type":"ImageObject","inLanguage":"ru-RU","@id":"https:\/\/genclercanta.com\/ru\/#\/schema\/logo\/image\/","url":"https:\/\/genclercanta.com\/wp-content\/uploads\/2020\/10\/gencler-canta-logo.jpg","contentUrl":"https:\/\/genclercanta.com\/wp-content\/uploads\/2020\/10\/gencler-canta-logo.jpg","width":600,"height":133,"caption":"Promosyon \u00c7anta imalat\u0131, \u00dcretimi, \u00c7anta imalat\u00e7\u0131s\u0131 \u00dcreticisi istanbul"},"image":{"@id":"https:\/\/genclercanta.com\/ru\/#\/schema\/logo\/image\/"},"sameAs":["https:\/\/www.facebook.com\/GenclerCantacom\/","https:\/\/www.instagram.com\/genclercanta\/"]}]}},"_links":{"self":[{"href":"https:\/\/genclercanta.com\/ru\/wp-json\/wp\/v2\/product\/8305","targetHints":{"allow":["GET"]}}],"collection":[{"href":"https:\/\/genclercanta.com\/ru\/wp-json\/wp\/v2\/product"}],"about":[{"href":"https:\/\/genclercanta.com\/ru\/wp-json\/wp\/v2\/types\/product"}],"replies":[{"embeddable":true,"href":"https:\/\/genclercanta.com\/ru\/wp-json\/wp\/v2\/comments?post=8305"}],"wp:featuredmedia":[{"embeddable":true,"href":"https:\/\/genclercanta.com\/ru\/wp-json\/wp\/v2\/media\/8387"}],"wp:attachment":[{"href":"https:\/\/genclercanta.com\/ru\/wp-json\/wp\/v2\/media?parent=8305"}],"wp:term":[{"taxonomy":"product_brand","embeddable":true,"href":"https:\/\/genclercanta.com\/ru\/wp-json\/wp\/v2\/product_brand?post=8305"},{"taxonomy":"product_cat","embeddable":true,"href":"https:\/\/genclercanta.com\/ru\/wp-json\/wp\/v2\/product_cat?post=8305"},{"taxonomy":"product_tag","embeddable":true,"href":"https:\/\/genclercanta.com\/ru\/wp-json\/wp\/v2\/product_tag?post=8305"}],"curies":[{"name":"wp","href":"https:\/\/api.w.org\/{rel}","templated":true}]}}